{"id":26731,"date":"2024-11-13T08:06:14","date_gmt":"2024-11-13T08:06:14","guid":{"rendered":"https:\/\/allstarretro.com\/?page_id=26731"},"modified":"2025-01-16T08:42:35","modified_gmt":"2025-01-16T08:42:35","slug":"pristatymas-ir-taisykles","status":"publish","type":"page","link":"https:\/\/allstarretro.com\/de\/pristatymas-ir-taisykles\/","title":{"rendered":"Pristatymas Ir Taisykl\u0117s"},"content":{"rendered":"","protected":false},"excerpt":{"rendered":"","protected":false},"author":17,"featured_media":0,"parent":0,"menu_order":0,"comment_status":"closed","ping_status":"closed","template":"hitaste-page.php","meta":{"inline_featured_image":false,"footnotes":""},"class_list":["post-26731","page","type-page","status-publish","hentry"],"acf":[],"yoast_head":"<!-- This site is optimized with the Yoast SEO Premium plugin v21.8 (Yoast SEO v21.8) - https:\/\/yoast.com\/wordpress\/plugins\/seo\/ -->\n<title>Pristatymas Ir Taisykl\u0117s<\/title>\n<meta name=\"description\" content=\"Pirkimo taisykl\u0117s. Prek\u0117s yra pristatomos Lietuvoje po 1-2 darbo dien\u0173 i\u0161 karto po apmok\u0117jimo. Grei\u010diausiais pristatymas atsiimti vietoje\" \/>\n<meta name=\"robots\" content=\"index, follow, max-snippet:-1, max-image-preview:large, max-video-preview:-1\" \/>\n<link rel=\"canonical\" href=\"https:\/\/allstarretro.com\/de\/pristatymas-ir-taisykles\/\" \/>\n<meta property=\"og:locale\" content=\"de_DE\" \/>\n<meta property=\"og:type\" content=\"article\" \/>\n<meta property=\"og:title\" content=\"Pristatymas Ir Taisykl\u0117s\" \/>\n<meta property=\"og:url\" content=\"https:\/\/allstarretro.com\/de\/pristatymas-ir-taisykles\/\" \/>\n<meta property=\"og:site_name\" content=\"AllStarRetro\" \/>\n<meta property=\"article:publisher\" content=\"https:\/\/www.facebook.com\/allstarretroLTU\" \/>\n<meta property=\"article:modified_time\" content=\"2025-01-16T08:42:35+00:00\" \/>\n<meta name=\"twitter:card\" content=\"summary_large_image\" \/>\n<meta name=\"twitter:site\" content=\"@allstarretroLTU\" \/>\n<meta name=\"twitter:label1\" content=\"Est. reading time\" \/>\n\t<meta name=\"twitter:data1\" content=\"3\u00a0Minuten\" \/>\n<script type=\"application\/ld+json\" class=\"yoast-schema-graph\">{\"@context\":\"https:\/\/schema.org\",\"@graph\":[{\"@type\":\"TechArticle\",\"@id\":\"https:\/\/allstarretro.com\/pristatymas-ir-taisykles\/#article\",\"isPartOf\":{\"@id\":\"https:\/\/allstarretro.com\/pristatymas-ir-taisykles\/\"},\"author\":{\"name\":\"Laurynas\",\"@id\":\"https:\/\/allstarretro.com\/#\/schema\/person\/ff663d43e56cf796b6391936a1af2d51\"},\"headline\":\"Pristatymas Ir Taisykl\u0117s\",\"datePublished\":\"2024-11-13T08:06:14+00:00\",\"dateModified\":\"2025-01-16T08:42:35+00:00\",\"mainEntityOfPage\":{\"@id\":\"https:\/\/allstarretro.com\/pristatymas-ir-taisykles\/\"},\"wordCount\":4,\"publisher\":{\"@id\":\"https:\/\/allstarretro.com\/#organization\"},\"inLanguage\":\"de\"},{\"@type\":\"WebPage\",\"@id\":\"https:\/\/allstarretro.com\/pristatymas-ir-taisykles\/\",\"url\":\"https:\/\/allstarretro.com\/pristatymas-ir-taisykles\/\",\"name\":\"Pristatymas Ir Taisykl\u0117s\",\"isPartOf\":{\"@id\":\"https:\/\/allstarretro.com\/#website\"},\"datePublished\":\"2024-11-13T08:06:14+00:00\",\"dateModified\":\"2025-01-16T08:42:35+00:00\",\"description\":\"Pirkimo taisykl\u0117s. Prek\u0117s yra pristatomos Lietuvoje po 1-2 darbo dien\u0173 i\u0161 karto po apmok\u0117jimo. Grei\u010diausiais pristatymas atsiimti vietoje\",\"breadcrumb\":{\"@id\":\"https:\/\/allstarretro.com\/pristatymas-ir-taisykles\/#breadcrumb\"},\"inLanguage\":\"de\",\"potentialAction\":[{\"@type\":\"ReadAction\",\"target\":[\"https:\/\/allstarretro.com\/pristatymas-ir-taisykles\/\"]}]},{\"@type\":\"BreadcrumbList\",\"@id\":\"https:\/\/allstarretro.com\/pristatymas-ir-taisykles\/#breadcrumb\",\"itemListElement\":[{\"@type\":\"ListItem\",\"position\":1,\"name\":\"Home\",\"item\":\"https:\/\/allstarretro.com\/\"},{\"@type\":\"ListItem\",\"position\":2,\"name\":\"Pristatymas Ir Taisykl\u0117s\"}]},{\"@type\":\"WebSite\",\"@id\":\"https:\/\/allstarretro.com\/#website\",\"url\":\"https:\/\/allstarretro.com\/\",\"name\":\"AllStarRetro\",\"description\":\"Retro Laikotarpio Stiliaus Produktai | AllStarRetro\",\"publisher\":{\"@id\":\"https:\/\/allstarretro.com\/#organization\"},\"alternateName\":\"AllStarRetro\",\"potentialAction\":[{\"@type\":\"SearchAction\",\"target\":{\"@type\":\"EntryPoint\",\"urlTemplate\":\"https:\/\/allstarretro.com\/?s={search_term_string}\"},\"query-input\":\"required name=search_term_string\"}],\"inLanguage\":\"de\"},{\"@type\":[\"Organization\",\"Place\",\"Store\"],\"@id\":\"https:\/\/allstarretro.com\/#organization\",\"name\":\"AllStarRetro\",\"alternateName\":\"AllStarRetro\",\"url\":\"https:\/\/allstarretro.com\/\",\"logo\":{\"@id\":\"https:\/\/allstarretro.com\/pristatymas-ir-taisykles\/#local-main-organization-logo\"},\"image\":{\"@id\":\"https:\/\/allstarretro.com\/pristatymas-ir-taisykles\/#local-main-organization-logo\"},\"sameAs\":[\"https:\/\/www.facebook.com\/allstarretroLTU\",\"https:\/\/twitter.com\/allstarretroLTU\"],\"publishingPrinciples\":\"https:\/\/allstarretro.com\/\",\"ownershipFundingInfo\":\"https:\/\/allstarretro.com\/teises-ir-isipareigojimai\/\",\"actionableFeedbackPolicy\":\"https:\/\/allstarretro.com\/privatumo-politika\/\",\"correctionsPolicy\":\"https:\/\/allstarretro.com\/pristatymas-ir-taisykles\/\",\"ethicsPolicy\":\"https:\/\/allstarretro.com\/teises-ir-isipareigojimai\/\",\"diversityPolicy\":\"https:\/\/allstarretro.com\/privatumo-politika\/\",\"diversityStaffingReport\":\"https:\/\/allstarretro.com\/privatumo-politika\/\",\"address\":{\"@id\":\"https:\/\/allstarretro.com\/pristatymas-ir-taisykles\/#local-main-place-address\"},\"geo\":{\"@type\":\"GeoCoordinates\",\"latitude\":\"54.8733071\",\"longitude\":\"23.9494226\"},\"telephone\":[\"+37068673611\"],\"openingHoursSpecification\":[{\"@type\":\"OpeningHoursSpecification\",\"dayOfWeek\":[\"Monday\",\"Tuesday\",\"Wednesday\",\"Thursday\",\"Friday\",\"Saturday\",\"Sunday\"],\"opens\":\"09:00\",\"closes\":\"17:00\"}],\"email\":\"info@allstarretro.com\",\"areaServed\":\"Lithuania\",\"vatID\":\"LT100013495416\",\"priceRange\":\"$$\",\"currenciesAccepted\":\"Euras\",\"paymentAccepted\":\"Visa, mastercard\"},{\"@type\":\"Person\",\"@id\":\"https:\/\/allstarretro.com\/#\/schema\/person\/ff663d43e56cf796b6391936a1af2d51\",\"name\":\"Laurynas\",\"image\":{\"@type\":\"ImageObject\",\"inLanguage\":\"de\",\"@id\":\"https:\/\/allstarretro.com\/#\/schema\/person\/image\/\",\"url\":\"https:\/\/secure.gravatar.com\/avatar\/df4ce24e082a71c8d5afa90275d762db?s=96&d=mm&r=g\",\"contentUrl\":\"https:\/\/secure.gravatar.com\/avatar\/df4ce24e082a71c8d5afa90275d762db?s=96&d=mm&r=g\",\"caption\":\"Laurynas\"}},{\"@type\":\"PostalAddress\",\"@id\":\"https:\/\/allstarretro.com\/pristatymas-ir-taisykles\/#local-main-place-address\",\"streetAddress\":\"L.Ivinskio 18a\",\"addressLocality\":\"Kaunas\",\"postalCode\":\"45151\",\"addressRegion\":\"Kaunas\",\"addressCountry\":\"LT\"},{\"@type\":\"ImageObject\",\"inLanguage\":\"de\",\"@id\":\"https:\/\/allstarretro.com\/pristatymas-ir-taisykles\/#local-main-organization-logo\",\"url\":\"https:\/\/allstarretro.com\/wp-content\/uploads\/2025\/01\/allstarretro-mini-logo.webp\",\"contentUrl\":\"https:\/\/allstarretro.com\/wp-content\/uploads\/2025\/01\/allstarretro-mini-logo.webp\",\"width\":130,\"height\":130,\"caption\":\"AllStarRetro\"}]}<\/script>\n<meta name=\"geo.placename\" content=\"Kaunas\" \/>\n<meta name=\"geo.position\" content=\"54.8733071;23.9494226\" \/>\n<meta name=\"geo.region\" content=\"Litauen\" \/>\n<!-- \/ Yoast SEO Premium plugin. -->","yoast_head_json":{"title":"Pristatymas Ir Taisykl\u0117s","description":"Pirkimo taisykl\u0117s. Prek\u0117s yra pristatomos Lietuvoje po 1-2 darbo dien\u0173 i\u0161 karto po apmok\u0117jimo. Grei\u010diausiais pristatymas atsiimti vietoje","robots":{"index":"index","follow":"follow","max-snippet":"max-snippet:-1","max-image-preview":"max-image-preview:large","max-video-preview":"max-video-preview:-1"},"canonical":"https:\/\/allstarretro.com\/de\/pristatymas-ir-taisykles\/","og_locale":"de_DE","og_type":"article","og_title":"Pristatymas Ir Taisykl\u0117s","og_url":"https:\/\/allstarretro.com\/de\/pristatymas-ir-taisykles\/","og_site_name":"AllStarRetro","article_publisher":"https:\/\/www.facebook.com\/allstarretroLTU","article_modified_time":"2025-01-16T08:42:35+00:00","twitter_card":"summary_large_image","twitter_site":"@allstarretroLTU","twitter_misc":{"Est. reading time":"3\u00a0Minuten"},"schema":{"@context":"https:\/\/schema.org","@graph":[{"@type":"TechArticle","@id":"https:\/\/allstarretro.com\/pristatymas-ir-taisykles\/#article","isPartOf":{"@id":"https:\/\/allstarretro.com\/pristatymas-ir-taisykles\/"},"author":{"name":"Laurynas","@id":"https:\/\/allstarretro.com\/#\/schema\/person\/ff663d43e56cf796b6391936a1af2d51"},"headline":"Pristatymas Ir Taisykl\u0117s","datePublished":"2024-11-13T08:06:14+00:00","dateModified":"2025-01-16T08:42:35+00:00","mainEntityOfPage":{"@id":"https:\/\/allstarretro.com\/pristatymas-ir-taisykles\/"},"wordCount":4,"publisher":{"@id":"https:\/\/allstarretro.com\/#organization"},"inLanguage":"de"},{"@type":"WebPage","@id":"https:\/\/allstarretro.com\/pristatymas-ir-taisykles\/","url":"https:\/\/allstarretro.com\/pristatymas-ir-taisykles\/","name":"Pristatymas Ir Taisykl\u0117s","isPartOf":{"@id":"https:\/\/allstarretro.com\/#website"},"datePublished":"2024-11-13T08:06:14+00:00","dateModified":"2025-01-16T08:42:35+00:00","description":"Pirkimo taisykl\u0117s. Prek\u0117s yra pristatomos Lietuvoje po 1-2 darbo dien\u0173 i\u0161 karto po apmok\u0117jimo. Grei\u010diausiais pristatymas atsiimti vietoje","breadcrumb":{"@id":"https:\/\/allstarretro.com\/pristatymas-ir-taisykles\/#breadcrumb"},"inLanguage":"de","potentialAction":[{"@type":"ReadAction","target":["https:\/\/allstarretro.com\/pristatymas-ir-taisykles\/"]}]},{"@type":"BreadcrumbList","@id":"https:\/\/allstarretro.com\/pristatymas-ir-taisykles\/#breadcrumb","itemListElement":[{"@type":"ListItem","position":1,"name":"Home","item":"https:\/\/allstarretro.com\/"},{"@type":"ListItem","position":2,"name":"Pristatymas Ir Taisykl\u0117s"}]},{"@type":"WebSite","@id":"https:\/\/allstarretro.com\/#website","url":"https:\/\/allstarretro.com\/","name":"AllStarRetro","description":"Retro-Badezimmer-Produkte im Stil | AllStarRetro","publisher":{"@id":"https:\/\/allstarretro.com\/#organization"},"alternateName":"AllStarRetro","potentialAction":[{"@type":"SearchAction","target":{"@type":"EntryPoint","urlTemplate":"https:\/\/allstarretro.com\/?s={search_term_string}"},"query-input":"required name=search_term_string"}],"inLanguage":"de"},{"@type":["Organization","Place","Store"],"@id":"https:\/\/allstarretro.com\/#organization","name":"AllStarRetro","alternateName":"AllStarRetro","url":"https:\/\/allstarretro.com\/","logo":{"@id":"https:\/\/allstarretro.com\/pristatymas-ir-taisykles\/#local-main-organization-logo"},"image":{"@id":"https:\/\/allstarretro.com\/pristatymas-ir-taisykles\/#local-main-organization-logo"},"sameAs":["https:\/\/www.facebook.com\/allstarretroLTU","https:\/\/twitter.com\/allstarretroLTU"],"publishingPrinciples":"https:\/\/allstarretro.com\/","ownershipFundingInfo":"https:\/\/allstarretro.com\/teises-ir-isipareigojimai\/","actionableFeedbackPolicy":"https:\/\/allstarretro.com\/privatumo-politika\/","correctionsPolicy":"https:\/\/allstarretro.com\/pristatymas-ir-taisykles\/","ethicsPolicy":"https:\/\/allstarretro.com\/teises-ir-isipareigojimai\/","diversityPolicy":"https:\/\/allstarretro.com\/privatumo-politika\/","diversityStaffingReport":"https:\/\/allstarretro.com\/privatumo-politika\/","address":{"@id":"https:\/\/allstarretro.com\/pristatymas-ir-taisykles\/#local-main-place-address"},"geo":{"@type":"GeoCoordinates","latitude":"54.8733071","longitude":"23.9494226"},"telephone":["+37068673611"],"openingHoursSpecification":[{"@type":"OpeningHoursSpecification","dayOfWeek":["Monday","Tuesday","Wednesday","Thursday","Friday","Saturday","Sunday"],"opens":"09:00","closes":"17:00"}],"email":"info@allstarretro.com","areaServed":"Lithuania","vatID":"LT100013495416","priceRange":"$$","currenciesAccepted":"Euras","paymentAccepted":"Visa, mastercard"},{"@type":"Person","@id":"https:\/\/allstarretro.com\/#\/schema\/person\/ff663d43e56cf796b6391936a1af2d51","name":"Laurynas","image":{"@type":"ImageObject","inLanguage":"de","@id":"https:\/\/allstarretro.com\/#\/schema\/person\/image\/","url":"https:\/\/secure.gravatar.com\/avatar\/df4ce24e082a71c8d5afa90275d762db?s=96&d=mm&r=g","contentUrl":"https:\/\/secure.gravatar.com\/avatar\/df4ce24e082a71c8d5afa90275d762db?s=96&d=mm&r=g","caption":"Laurynas"}},{"@type":"PostalAddress","@id":"https:\/\/allstarretro.com\/pristatymas-ir-taisykles\/#local-main-place-address","streetAddress":"L.Ivinskio 18a","addressLocality":"Kaunas","postalCode":"45151","addressRegion":"Kaunas","addressCountry":"LT"},{"@type":"ImageObject","inLanguage":"de","@id":"https:\/\/allstarretro.com\/pristatymas-ir-taisykles\/#local-main-organization-logo","url":"https:\/\/allstarretro.com\/wp-content\/uploads\/2025\/01\/allstarretro-mini-logo.webp","contentUrl":"https:\/\/allstarretro.com\/wp-content\/uploads\/2025\/01\/allstarretro-mini-logo.webp","width":130,"height":130,"caption":"AllStarRetro"}]},"geo.placename":"Kaunas","geo.position":{"lat":"54.8733071","long":"23.9494226"},"geo.region":"Litauen"},"_links":{"self":[{"href":"https:\/\/allstarretro.com\/de\/wp-json\/wp\/v2\/pages\/26731"}],"collection":[{"href":"https:\/\/allstarretro.com\/de\/wp-json\/wp\/v2\/pages"}],"about":[{"href":"https:\/\/allstarretro.com\/de\/wp-json\/wp\/v2\/types\/page"}],"author":[{"embeddable":true,"href":"https:\/\/allstarretro.com\/de\/wp-json\/wp\/v2\/users\/17"}],"replies":[{"embeddable":true,"href":"https:\/\/allstarretro.com\/de\/wp-json\/wp\/v2\/comments?post=26731"}],"version-history":[{"count":15,"href":"https:\/\/allstarretro.com\/de\/wp-json\/wp\/v2\/pages\/26731\/revisions"}],"predecessor-version":[{"id":32823,"href":"https:\/\/allstarretro.com\/de\/wp-json\/wp\/v2\/pages\/26731\/revisions\/32823"}],"wp:attachment":[{"href":"https:\/\/allstarretro.com\/de\/wp-json\/wp\/v2\/media?parent=26731"}],"curies":[{"name":"wp","href":"https:\/\/api.w.org\/{rel}","templated":true}]}}