{"id":32911,"date":"2023-10-16T12:49:51","date_gmt":"2023-10-16T12:49:51","guid":{"rendered":"https:\/\/allstarretro.com\/?post_type=product&#038;p=32911"},"modified":"2025-01-31T10:29:33","modified_gmt":"2025-01-31T10:29:33","slug":"retro-dizaino-serveteliu-laikiklis","status":"publish","type":"product","link":"https:\/\/allstarretro.com\/de\/parduotuve\/namu-interjeras\/retro-dizaino-serveteliu-laikiklis\/","title":{"rendered":"Retro Serviettenhalter"},"content":{"rendered":"","protected":false},"excerpt":{"rendered":"<h2>APIE LAIKIKL\u012e<\/h2>\n<p>Metalinis servet\u0117li\u0173 dozatorius sukuria autenti\u0161k\u0105 amerikieti\u0161k\u0105 vakarien\u0119 j\u016bs\u0173 virtuv\u0117je. Idealiai tinka visiems 50-\u0173j\u0173 amerikieti\u0161ko stiliaus gerb\u0117jams. Modernaus vinta\u017eo servet\u0117li\u0173 laikiklyje telpa apie 60 servet\u0117li\u0173.<\/p>\n<h2>RETRO D\u0116\u017dUT\u0116S PRIVALUMAI<\/h2>\n<ul>\n<li>Idealiai tinka visiems 50-\u0173j\u0173 amerikieti\u0161ko stiliaus gerb\u0117jams.<\/li>\n<li>Servet\u0117li\u0173 laikikliai pagaminti i\u0161 metalo, su keturiomis ma\u017eomis neslystan\u010diomis gumin\u0117mis kojel\u0117mis.<\/li>\n<li>Telpa iki 60 popierini\u0173 servet\u0117li\u0173.<\/li>\n<li>Servet\u0117li\u0173 laikikliai tinka bet kokiai dekoro tendencijai. Nesvarbu, ar tai b\u016bt\u0173 moderni, ar kaip vinta\u017ein\u0117 puo\u0161mena, originali bistro forma traukia ak\u012f bet kurioje virtuv\u0117je ir ant bet kurio valgomojo stalo.<\/li>\n<li>Matmenys 14 x 10 x 9,5 cm.<\/li>\n<\/ul>","protected":false},"featured_media":32697,"comment_status":"open","ping_status":"closed","template":"","meta":{"inline_featured_image":false},"product_cat":[340],"product_tag":[],"class_list":["post-32911","product","type-product","status-publish","has-post-thumbnail","hentry","product_cat-namu-interjeras"],"acf":[],"yoast_head":"<!-- This site is optimized with the Yoast SEO Premium plugin v21.8 (Yoast SEO v21.8) - https:\/\/yoast.com\/wordpress\/plugins\/seo\/ -->\n<title>Retro Dizaino Servet\u0117li\u0173 Laikiklis<\/title>\n<meta name=\"robots\" content=\"index, follow, max-snippet:-1, max-image-preview:large, max-video-preview:-1\" \/>\n<link rel=\"canonical\" href=\"https:\/\/allstarretro.com\/de\/parduotuve\/guten-tag\/retro-dizaino-serveteliu-laikiklis\/\" \/>\n<meta property=\"og:locale\" content=\"de_DE\" \/>\n<meta property=\"og:type\" content=\"article\" \/>\n<meta property=\"og:title\" content=\"Retro Dizaino Servet\u0117li\u0173 Laikiklis\" \/>\n<meta property=\"og:description\" content=\"APIE LAIKIKL\u012e Metalinis servet\u0117li\u0173 dozatorius sukuria autenti\u0161k\u0105 amerikieti\u0161k\u0105 vakarien\u0119 j\u016bs\u0173 virtuv\u0117je. Idealiai tinka visiems 50-\u0173j\u0173 amerikieti\u0161ko stiliaus gerb\u0117jams. Modernaus vinta\u017eo servet\u0117li\u0173 laikiklyje telpa apie 60 servet\u0117li\u0173. RETRO D\u0116\u017dUT\u0116S PRIVALUMAI   Idealiai tinka visiems 50-\u0173j\u0173 amerikieti\u0161ko stiliaus gerb\u0117jams.  Servet\u0117li\u0173 laikikliai pagaminti i\u0161 metalo, su keturiomis ma\u017eomis neslystan\u010diomis gumin\u0117mis kojel\u0117mis.  Telpa iki 60 popierini\u0173 servet\u0117li\u0173.  Servet\u0117li\u0173 laikikliai tinka bet kokiai dekoro tendencijai. Nesvarbu, ar tai b\u016bt\u0173 moderni, ar kaip vinta\u017ein\u0117 puo\u0161mena, originali bistro forma traukia ak\u012f bet kurioje virtuv\u0117je ir ant bet kurio valgomojo stalo.  Matmenys 14 x 10 x 9,5 cm.\" \/>\n<meta property=\"og:url\" content=\"https:\/\/allstarretro.com\/de\/parduotuve\/guten-tag\/retro-dizaino-serveteliu-laikiklis\/\" \/>\n<meta property=\"og:site_name\" content=\"AllStarRetro\" \/>\n<meta property=\"article:publisher\" content=\"https:\/\/www.facebook.com\/allstarretroLTU\" \/>\n<meta property=\"article:modified_time\" content=\"2025-01-31T10:29:33+00:00\" \/>\n<meta property=\"og:image\" content=\"https:\/\/allstarretro.com\/wp-content\/uploads\/2025\/01\/serveteliu-laikiklis-retro-allstarretro.com_.webp\" \/>\n\t<meta property=\"og:image:width\" content=\"1080\" \/>\n\t<meta property=\"og:image:height\" content=\"1080\" \/>\n\t<meta property=\"og:image:type\" content=\"image\/webp\" \/>\n<meta name=\"twitter:card\" content=\"summary_large_image\" \/>\n<meta name=\"twitter:site\" content=\"@allstarretroLTU\" \/>\n<meta name=\"twitter:label1\" content=\"Preis\" \/>\n\t<meta name=\"twitter:data1\" content=\"22.99&euro;\" \/>\n\t<meta name=\"twitter:label2\" content=\"Availability\" \/>\n\t<meta name=\"twitter:data2\" content=\"In stock\" \/>\n<script type=\"application\/ld+json\" class=\"yoast-schema-graph\">{\"@context\":\"https:\/\/schema.org\",\"@graph\":[{\"@type\":[\"WebPage\",\"ItemPage\"],\"@id\":\"https:\/\/allstarretro.com\/parduotuve\/namu-interjeras\/retro-dizaino-serveteliu-laikiklis\/\",\"url\":\"https:\/\/allstarretro.com\/parduotuve\/namu-interjeras\/retro-dizaino-serveteliu-laikiklis\/\",\"name\":\"Retro Dizaino Servet\u0117li\u0173 Laikiklis\",\"isPartOf\":{\"@id\":\"https:\/\/allstarretro.com\/#website\"},\"datePublished\":\"2023-10-16T12:49:51+00:00\",\"dateModified\":\"2025-01-31T10:29:33+00:00\",\"breadcrumb\":{\"@id\":\"https:\/\/allstarretro.com\/parduotuve\/namu-interjeras\/retro-dizaino-serveteliu-laikiklis\/#breadcrumb\"},\"inLanguage\":\"de\",\"potentialAction\":[{\"@type\":\"ReadAction\",\"target\":[\"https:\/\/allstarretro.com\/parduotuve\/namu-interjeras\/retro-dizaino-serveteliu-laikiklis\/\"]}]},{\"@type\":\"BreadcrumbList\",\"@id\":\"https:\/\/allstarretro.com\/parduotuve\/namu-interjeras\/retro-dizaino-serveteliu-laikiklis\/#breadcrumb\",\"itemListElement\":[{\"@type\":\"ListItem\",\"position\":1,\"name\":\"Home\",\"item\":\"https:\/\/allstarretro.com\/\"},{\"@type\":\"ListItem\",\"position\":2,\"name\":\"Retro Stiliaus Nostalgijos Ir Vinta\u017eo Parduotuv\u0117\",\"item\":\"https:\/\/allstarretro.com\/parduotuve\/\"},{\"@type\":\"ListItem\",\"position\":3,\"name\":\"Retro Dizaino Servet\u0117li\u0173 Laikiklis\"}]},{\"@type\":\"WebSite\",\"@id\":\"https:\/\/allstarretro.com\/#website\",\"url\":\"https:\/\/allstarretro.com\/\",\"name\":\"AllStarRetro\",\"description\":\"Retro Laikotarpio Stiliaus Produktai | AllStarRetro\",\"publisher\":{\"@id\":\"https:\/\/allstarretro.com\/#organization\"},\"alternateName\":\"AllStarRetro\",\"potentialAction\":[{\"@type\":\"SearchAction\",\"target\":{\"@type\":\"EntryPoint\",\"urlTemplate\":\"https:\/\/allstarretro.com\/?s={search_term_string}\"},\"query-input\":\"required name=search_term_string\"}],\"inLanguage\":\"de\"},{\"@type\":[\"Organization\",\"Place\",\"Store\"],\"@id\":\"https:\/\/allstarretro.com\/#organization\",\"name\":\"AllStarRetro\",\"alternateName\":\"AllStarRetro\",\"url\":\"https:\/\/allstarretro.com\/\",\"logo\":{\"@id\":\"https:\/\/allstarretro.com\/parduotuve\/namu-interjeras\/retro-dizaino-serveteliu-laikiklis\/#local-main-organization-logo\"},\"image\":{\"@id\":\"https:\/\/allstarretro.com\/parduotuve\/namu-interjeras\/retro-dizaino-serveteliu-laikiklis\/#local-main-organization-logo\"},\"sameAs\":[\"https:\/\/www.facebook.com\/allstarretroLTU\",\"https:\/\/twitter.com\/allstarretroLTU\"],\"publishingPrinciples\":\"https:\/\/allstarretro.com\/\",\"ownershipFundingInfo\":\"https:\/\/allstarretro.com\/teises-ir-isipareigojimai\/\",\"actionableFeedbackPolicy\":\"https:\/\/allstarretro.com\/privatumo-politika\/\",\"correctionsPolicy\":\"https:\/\/allstarretro.com\/pristatymas-ir-taisykles\/\",\"ethicsPolicy\":\"https:\/\/allstarretro.com\/teises-ir-isipareigojimai\/\",\"diversityPolicy\":\"https:\/\/allstarretro.com\/privatumo-politika\/\",\"diversityStaffingReport\":\"https:\/\/allstarretro.com\/privatumo-politika\/\",\"address\":{\"@id\":\"https:\/\/allstarretro.com\/parduotuve\/namu-interjeras\/retro-dizaino-serveteliu-laikiklis\/#local-main-place-address\"},\"geo\":{\"@type\":\"GeoCoordinates\",\"latitude\":\"54.8733071\",\"longitude\":\"23.9494226\"},\"telephone\":[\"+37068673611\"],\"openingHoursSpecification\":[{\"@type\":\"OpeningHoursSpecification\",\"dayOfWeek\":[\"Monday\",\"Tuesday\",\"Wednesday\",\"Thursday\",\"Friday\",\"Saturday\",\"Sunday\"],\"opens\":\"09:00\",\"closes\":\"17:00\"}],\"email\":\"info@allstarretro.com\",\"areaServed\":\"Lithuania\",\"vatID\":\"LT100013495416\",\"priceRange\":\"$$\",\"currenciesAccepted\":\"Euras\",\"paymentAccepted\":\"Visa, mastercard\"},{\"@type\":\"PostalAddress\",\"@id\":\"https:\/\/allstarretro.com\/parduotuve\/namu-interjeras\/retro-dizaino-serveteliu-laikiklis\/#local-main-place-address\",\"streetAddress\":\"L.Ivinskio 18a\",\"addressLocality\":\"Kaunas\",\"postalCode\":\"45151\",\"addressRegion\":\"Kaunas\",\"addressCountry\":\"LT\"},{\"@type\":\"ImageObject\",\"inLanguage\":\"de\",\"@id\":\"https:\/\/allstarretro.com\/parduotuve\/namu-interjeras\/retro-dizaino-serveteliu-laikiklis\/#local-main-organization-logo\",\"url\":\"https:\/\/allstarretro.com\/wp-content\/uploads\/2025\/01\/allstarretro-mini-logo.webp\",\"contentUrl\":\"https:\/\/allstarretro.com\/wp-content\/uploads\/2025\/01\/allstarretro-mini-logo.webp\",\"width\":130,\"height\":130,\"caption\":\"AllStarRetro\"}]}<\/script>\n<meta name=\"geo.placename\" content=\"Kaunas\" \/>\n<meta name=\"geo.position\" content=\"54.8733071;23.9494226\" \/>\n<meta name=\"geo.region\" content=\"Litauen\" \/>\n<!-- \/ Yoast SEO Premium plugin. -->","yoast_head_json":{"title":"Retro Serviettenhalter","robots":{"index":"index","follow":"follow","max-snippet":"max-snippet:-1","max-image-preview":"max-image-preview:large","max-video-preview":"max-video-preview:-1"},"canonical":"https:\/\/allstarretro.com\/de\/parduotuve\/guten-tag\/retro-dizaino-serveteliu-laikiklis\/","og_locale":"de_DE","og_type":"article","og_title":"Retro Dizaino Servet\u0117li\u0173 Laikiklis","og_description":"APIE LAIKIKL\u012e Metalinis servet\u0117li\u0173 dozatorius sukuria autenti\u0161k\u0105 amerikieti\u0161k\u0105 vakarien\u0119 j\u016bs\u0173 virtuv\u0117je. Idealiai tinka visiems 50-\u0173j\u0173 amerikieti\u0161ko stiliaus gerb\u0117jams. Modernaus vinta\u017eo servet\u0117li\u0173 laikiklyje telpa apie 60 servet\u0117li\u0173. RETRO D\u0116\u017dUT\u0116S PRIVALUMAI   Idealiai tinka visiems 50-\u0173j\u0173 amerikieti\u0161ko stiliaus gerb\u0117jams.  Servet\u0117li\u0173 laikikliai pagaminti i\u0161 metalo, su keturiomis ma\u017eomis neslystan\u010diomis gumin\u0117mis kojel\u0117mis.  Telpa iki 60 popierini\u0173 servet\u0117li\u0173.  Servet\u0117li\u0173 laikikliai tinka bet kokiai dekoro tendencijai. Nesvarbu, ar tai b\u016bt\u0173 moderni, ar kaip vinta\u017ein\u0117 puo\u0161mena, originali bistro forma traukia ak\u012f bet kurioje virtuv\u0117je ir ant bet kurio valgomojo stalo.  Matmenys 14 x 10 x 9,5 cm.","og_url":"https:\/\/allstarretro.com\/de\/parduotuve\/guten-tag\/retro-dizaino-serveteliu-laikiklis\/","og_site_name":"AllStarRetro","article_publisher":"https:\/\/www.facebook.com\/allstarretroLTU","article_modified_time":"2025-01-31T10:29:33+00:00","og_image":[{"width":1080,"height":1080,"url":"https:\/\/allstarretro.com\/wp-content\/uploads\/2025\/01\/serveteliu-laikiklis-retro-allstarretro.com_.webp","type":"image\/webp"}],"twitter_card":"summary_large_image","twitter_site":"@allstarretroLTU","twitter_misc":{"Preis":"22.99&euro;","Availability":"In stock"},"schema":{"@context":"https:\/\/schema.org","@graph":[{"@type":["WebPage","ItemPage"],"@id":"https:\/\/allstarretro.com\/parduotuve\/namu-interjeras\/retro-dizaino-serveteliu-laikiklis\/","url":"https:\/\/allstarretro.com\/parduotuve\/namu-interjeras\/retro-dizaino-serveteliu-laikiklis\/","name":"Retro Serviettenhalter","isPartOf":{"@id":"https:\/\/allstarretro.com\/#website"},"datePublished":"2023-10-16T12:49:51+00:00","dateModified":"2025-01-31T10:29:33+00:00","breadcrumb":{"@id":"https:\/\/allstarretro.com\/parduotuve\/namu-interjeras\/retro-dizaino-serveteliu-laikiklis\/#breadcrumb"},"inLanguage":"de","potentialAction":[{"@type":"ReadAction","target":["https:\/\/allstarretro.com\/parduotuve\/namu-interjeras\/retro-dizaino-serveteliu-laikiklis\/"]}]},{"@type":"BreadcrumbList","@id":"https:\/\/allstarretro.com\/parduotuve\/namu-interjeras\/retro-dizaino-serveteliu-laikiklis\/#breadcrumb","itemListElement":[{"@type":"ListItem","position":1,"name":"Home","item":"https:\/\/allstarretro.com\/"},{"@type":"ListItem","position":2,"name":"Retro Stiliaus Nostalgijos Ir Vinta\u017eo Parduotuv\u0117","item":"https:\/\/allstarretro.com\/parduotuve\/"},{"@type":"ListItem","position":3,"name":"Retro Dizaino Servet\u0117li\u0173 Laikiklis"}]},{"@type":"WebSite","@id":"https:\/\/allstarretro.com\/#website","url":"https:\/\/allstarretro.com\/","name":"AllStarRetro","description":"Retro-Badezimmer-Produkte im Stil | AllStarRetro","publisher":{"@id":"https:\/\/allstarretro.com\/#organization"},"alternateName":"AllStarRetro","potentialAction":[{"@type":"SearchAction","target":{"@type":"EntryPoint","urlTemplate":"https:\/\/allstarretro.com\/?s={search_term_string}"},"query-input":"required name=search_term_string"}],"inLanguage":"de"},{"@type":["Organization","Place","Store"],"@id":"https:\/\/allstarretro.com\/#organization","name":"AllStarRetro","alternateName":"AllStarRetro","url":"https:\/\/allstarretro.com\/","logo":{"@id":"https:\/\/allstarretro.com\/parduotuve\/namu-interjeras\/retro-dizaino-serveteliu-laikiklis\/#local-main-organization-logo"},"image":{"@id":"https:\/\/allstarretro.com\/parduotuve\/namu-interjeras\/retro-dizaino-serveteliu-laikiklis\/#local-main-organization-logo"},"sameAs":["https:\/\/www.facebook.com\/allstarretroLTU","https:\/\/twitter.com\/allstarretroLTU"],"publishingPrinciples":"https:\/\/allstarretro.com\/","ownershipFundingInfo":"https:\/\/allstarretro.com\/teises-ir-isipareigojimai\/","actionableFeedbackPolicy":"https:\/\/allstarretro.com\/privatumo-politika\/","correctionsPolicy":"https:\/\/allstarretro.com\/pristatymas-ir-taisykles\/","ethicsPolicy":"https:\/\/allstarretro.com\/teises-ir-isipareigojimai\/","diversityPolicy":"https:\/\/allstarretro.com\/privatumo-politika\/","diversityStaffingReport":"https:\/\/allstarretro.com\/privatumo-politika\/","address":{"@id":"https:\/\/allstarretro.com\/parduotuve\/namu-interjeras\/retro-dizaino-serveteliu-laikiklis\/#local-main-place-address"},"geo":{"@type":"GeoCoordinates","latitude":"54.8733071","longitude":"23.9494226"},"telephone":["+37068673611"],"openingHoursSpecification":[{"@type":"OpeningHoursSpecification","dayOfWeek":["Monday","Tuesday","Wednesday","Thursday","Friday","Saturday","Sunday"],"opens":"09:00","closes":"17:00"}],"email":"info@allstarretro.com","areaServed":"Lithuania","vatID":"LT100013495416","priceRange":"$$","currenciesAccepted":"Euras","paymentAccepted":"Visa, mastercard"},{"@type":"PostalAddress","@id":"https:\/\/allstarretro.com\/parduotuve\/namu-interjeras\/retro-dizaino-serveteliu-laikiklis\/#local-main-place-address","streetAddress":"L.Ivinskio 18a","addressLocality":"Kaunas","postalCode":"45151","addressRegion":"Kaunas","addressCountry":"LT"},{"@type":"ImageObject","inLanguage":"de","@id":"https:\/\/allstarretro.com\/parduotuve\/namu-interjeras\/retro-dizaino-serveteliu-laikiklis\/#local-main-organization-logo","url":"https:\/\/allstarretro.com\/wp-content\/uploads\/2025\/01\/allstarretro-mini-logo.webp","contentUrl":"https:\/\/allstarretro.com\/wp-content\/uploads\/2025\/01\/allstarretro-mini-logo.webp","width":130,"height":130,"caption":"AllStarRetro"}]},"geo.placename":"Kaunas","geo.position":{"lat":"54.8733071","long":"23.9494226"},"geo.region":"Litauen"},"_links":{"self":[{"href":"https:\/\/allstarretro.com\/de\/wp-json\/wp\/v2\/product\/32911"}],"collection":[{"href":"https:\/\/allstarretro.com\/de\/wp-json\/wp\/v2\/product"}],"about":[{"href":"https:\/\/allstarretro.com\/de\/wp-json\/wp\/v2\/types\/product"}],"replies":[{"embeddable":true,"href":"https:\/\/allstarretro.com\/de\/wp-json\/wp\/v2\/comments?post=32911"}],"wp:featuredmedia":[{"embeddable":true,"href":"https:\/\/allstarretro.com\/de\/wp-json\/wp\/v2\/media\/32697"}],"wp:attachment":[{"href":"https:\/\/allstarretro.com\/de\/wp-json\/wp\/v2\/media?parent=32911"}],"wp:term":[{"taxonomy":"product_cat","embeddable":true,"href":"https:\/\/allstarretro.com\/de\/wp-json\/wp\/v2\/product_cat?post=32911"},{"taxonomy":"product_tag","embeddable":true,"href":"https:\/\/allstarretro.com\/de\/wp-json\/wp\/v2\/product_tag?post=32911"}],"curies":[{"name":"wp","href":"https:\/\/api.w.org\/{rel}","templated":true}]}}