{"id":32917,"date":"2023-10-23T09:20:31","date_gmt":"2023-10-23T09:20:31","guid":{"rendered":"https:\/\/allstarretro.com\/?post_type=product&#038;p=32917"},"modified":"2025-01-31T10:31:27","modified_gmt":"2025-01-31T10:31:27","slug":"derlla-retro-kavos-aparatas","status":"publish","type":"product","link":"https:\/\/allstarretro.com\/de\/parduotuve\/namu-interjeras\/derlla-retro-kavos-aparatas\/","title":{"rendered":"Derlla Retro Kaffismaschine"},"content":{"rendered":"","protected":false},"excerpt":{"rendered":"<h2>APIE APARAT\u0104<\/h2>\n<p>Derlla Retro Kavos Aparatas &#8211; Su \u0161iuo eleganti\u0161ku ne\u0161iojamu retro dizaino espreso kavos aparatu lengvai paruo\u0161ite paprast\u0105 ir dvigub\u0105 espreso kav\u0105. Kavos aparate n\u0117ra espreso programos, tod\u0117l j\u012f reikia sustabdyti rankiniu b\u016bdu. Taigi gal\u0117site pasigaminti didesn\u012f puodel\u012f kavos.<\/p>\n<h2>RETRO APARATO PRIVALUMAI<\/h2>\n<ul>\n<li>Greitas kaitinimas, elektronin\u0117 temperat\u016bros valdymo sistema leid\u017eia greitai \u012fkaisti iki 93 \u00b0C, patikimai ir ai\u0161kiai rodoma gra\u017eiai integruotame termometre portafiltro priekyje \u2013 skaniam espreso kavai.<\/li>\n<li>Trys dideli mygtukai su ai\u0161kiais simboliais ir atitinkami ap\u0161viesti ekranai yra labai ai\u0161k\u016bs. Greitas kaitinimas ir 20 bar\u0173 siurblio sl\u0117gis geriausio gr\u016bdinimo espreso kavai grynam kavos aromatui ir pieno putai.<\/li>\n<li>\u012erengtas kavos kapsul\u0117s rankenos tvirtinimas, suderinamas su kapsulinio kavos aparato funkcija. Jei norite sutaupyti laiko, su kavos kapsule galite greitai paruo\u0161ti puodel\u012f stiprios kavos.<\/li>\n<\/ul>","protected":false},"featured_media":32712,"comment_status":"open","ping_status":"closed","template":"","meta":{"inline_featured_image":false},"product_cat":[336,340],"product_tag":[],"class_list":["post-32917","product","type-product","status-publish","has-post-thumbnail","hentry","product_cat-technika","product_cat-namu-interjeras"],"acf":[],"yoast_head":"<!-- This site is optimized with the Yoast SEO Premium plugin v21.8 (Yoast SEO v21.8) - https:\/\/yoast.com\/wordpress\/plugins\/seo\/ -->\n<title>Derlla Retro Kavos Aparatas<\/title>\n<meta name=\"robots\" content=\"index, follow, max-snippet:-1, max-image-preview:large, max-video-preview:-1\" \/>\n<link rel=\"canonical\" href=\"https:\/\/allstarretro.com\/de\/parduotuve\/guten-tag\/derlla-retro-kavos-aparatas\/\" \/>\n<meta property=\"og:locale\" content=\"de_DE\" \/>\n<meta property=\"og:type\" content=\"article\" \/>\n<meta property=\"og:title\" content=\"Derlla Retro Kavos Aparatas\" \/>\n<meta property=\"og:description\" content=\"APIE APARAT\u0104 Derlla Retro Kavos Aparatas - Su \u0161iuo eleganti\u0161ku ne\u0161iojamu retro dizaino espreso kavos aparatu lengvai paruo\u0161ite paprast\u0105 ir dvigub\u0105 espreso kav\u0105. Kavos aparate n\u0117ra espreso programos, tod\u0117l j\u012f reikia sustabdyti rankiniu b\u016bdu. Taigi gal\u0117site pasigaminti didesn\u012f puodel\u012f kavos. RETRO APARATO PRIVALUMAI   Greitas kaitinimas, elektronin\u0117 temperat\u016bros valdymo sistema leid\u017eia greitai \u012fkaisti iki 93 \u00b0C, patikimai ir ai\u0161kiai rodoma gra\u017eiai integruotame termometre portafiltro priekyje \u2013 skaniam espreso kavai.  Trys dideli mygtukai su ai\u0161kiais simboliais ir atitinkami ap\u0161viesti ekranai yra labai ai\u0161k\u016bs. Greitas kaitinimas ir 20 bar\u0173 siurblio sl\u0117gis geriausio gr\u016bdinimo espreso kavai grynam kavos aromatui ir pieno putai.  \u012erengtas kavos kapsul\u0117s rankenos tvirtinimas, suderinamas su kapsulinio kavos aparato funkcija. Jei norite sutaupyti laiko, su kavos kapsule galite greitai paruo\u0161ti puodel\u012f stiprios kavos.\" \/>\n<meta property=\"og:url\" content=\"https:\/\/allstarretro.com\/de\/parduotuve\/guten-tag\/derlla-retro-kavos-aparatas\/\" \/>\n<meta property=\"og:site_name\" content=\"AllStarRetro\" \/>\n<meta property=\"article:publisher\" content=\"https:\/\/www.facebook.com\/allstarretroLTU\" \/>\n<meta property=\"article:modified_time\" content=\"2025-01-31T10:31:27+00:00\" \/>\n<meta property=\"og:image\" content=\"https:\/\/allstarretro.com\/wp-content\/uploads\/2025\/01\/derlla-kavos-aparatas-allstarretro.com_.webp\" \/>\n\t<meta property=\"og:image:width\" content=\"1080\" \/>\n\t<meta property=\"og:image:height\" content=\"1080\" \/>\n\t<meta property=\"og:image:type\" content=\"image\/webp\" \/>\n<meta name=\"twitter:card\" content=\"summary_large_image\" \/>\n<meta name=\"twitter:site\" content=\"@allstarretroLTU\" \/>\n<meta name=\"twitter:label1\" content=\"Preis\" \/>\n\t<meta name=\"twitter:data1\" content=\"219.99&euro;\" \/>\n\t<meta name=\"twitter:label2\" content=\"Availability\" \/>\n\t<meta name=\"twitter:data2\" content=\"In stock\" \/>\n<script type=\"application\/ld+json\" class=\"yoast-schema-graph\">{\"@context\":\"https:\/\/schema.org\",\"@graph\":[{\"@type\":[\"WebPage\",\"ItemPage\"],\"@id\":\"https:\/\/allstarretro.com\/parduotuve\/namu-interjeras\/derlla-retro-kavos-aparatas\/\",\"url\":\"https:\/\/allstarretro.com\/parduotuve\/namu-interjeras\/derlla-retro-kavos-aparatas\/\",\"name\":\"Derlla Retro Kavos Aparatas\",\"isPartOf\":{\"@id\":\"https:\/\/allstarretro.com\/#website\"},\"datePublished\":\"2023-10-23T09:20:31+00:00\",\"dateModified\":\"2025-01-31T10:31:27+00:00\",\"breadcrumb\":{\"@id\":\"https:\/\/allstarretro.com\/parduotuve\/namu-interjeras\/derlla-retro-kavos-aparatas\/#breadcrumb\"},\"inLanguage\":\"de\",\"potentialAction\":[{\"@type\":\"ReadAction\",\"target\":[\"https:\/\/allstarretro.com\/parduotuve\/namu-interjeras\/derlla-retro-kavos-aparatas\/\"]}]},{\"@type\":\"BreadcrumbList\",\"@id\":\"https:\/\/allstarretro.com\/parduotuve\/namu-interjeras\/derlla-retro-kavos-aparatas\/#breadcrumb\",\"itemListElement\":[{\"@type\":\"ListItem\",\"position\":1,\"name\":\"Home\",\"item\":\"https:\/\/allstarretro.com\/\"},{\"@type\":\"ListItem\",\"position\":2,\"name\":\"Retro Stiliaus Nostalgijos Ir Vinta\u017eo Parduotuv\u0117\",\"item\":\"https:\/\/allstarretro.com\/parduotuve\/\"},{\"@type\":\"ListItem\",\"position\":3,\"name\":\"Derlla Retro Kavos Aparatas\"}]},{\"@type\":\"WebSite\",\"@id\":\"https:\/\/allstarretro.com\/#website\",\"url\":\"https:\/\/allstarretro.com\/\",\"name\":\"AllStarRetro\",\"description\":\"Retro Laikotarpio Stiliaus Produktai | AllStarRetro\",\"publisher\":{\"@id\":\"https:\/\/allstarretro.com\/#organization\"},\"alternateName\":\"AllStarRetro\",\"potentialAction\":[{\"@type\":\"SearchAction\",\"target\":{\"@type\":\"EntryPoint\",\"urlTemplate\":\"https:\/\/allstarretro.com\/?s={search_term_string}\"},\"query-input\":\"required name=search_term_string\"}],\"inLanguage\":\"de\"},{\"@type\":[\"Organization\",\"Place\",\"Store\"],\"@id\":\"https:\/\/allstarretro.com\/#organization\",\"name\":\"AllStarRetro\",\"alternateName\":\"AllStarRetro\",\"url\":\"https:\/\/allstarretro.com\/\",\"logo\":{\"@id\":\"https:\/\/allstarretro.com\/parduotuve\/namu-interjeras\/derlla-retro-kavos-aparatas\/#local-main-organization-logo\"},\"image\":{\"@id\":\"https:\/\/allstarretro.com\/parduotuve\/namu-interjeras\/derlla-retro-kavos-aparatas\/#local-main-organization-logo\"},\"sameAs\":[\"https:\/\/www.facebook.com\/allstarretroLTU\",\"https:\/\/twitter.com\/allstarretroLTU\"],\"publishingPrinciples\":\"https:\/\/allstarretro.com\/\",\"ownershipFundingInfo\":\"https:\/\/allstarretro.com\/teises-ir-isipareigojimai\/\",\"actionableFeedbackPolicy\":\"https:\/\/allstarretro.com\/privatumo-politika\/\",\"correctionsPolicy\":\"https:\/\/allstarretro.com\/pristatymas-ir-taisykles\/\",\"ethicsPolicy\":\"https:\/\/allstarretro.com\/teises-ir-isipareigojimai\/\",\"diversityPolicy\":\"https:\/\/allstarretro.com\/privatumo-politika\/\",\"diversityStaffingReport\":\"https:\/\/allstarretro.com\/privatumo-politika\/\",\"address\":{\"@id\":\"https:\/\/allstarretro.com\/parduotuve\/namu-interjeras\/derlla-retro-kavos-aparatas\/#local-main-place-address\"},\"geo\":{\"@type\":\"GeoCoordinates\",\"latitude\":\"54.8733071\",\"longitude\":\"23.9494226\"},\"telephone\":[\"+37068673611\"],\"openingHoursSpecification\":[{\"@type\":\"OpeningHoursSpecification\",\"dayOfWeek\":[\"Monday\",\"Tuesday\",\"Wednesday\",\"Thursday\",\"Friday\",\"Saturday\",\"Sunday\"],\"opens\":\"09:00\",\"closes\":\"17:00\"}],\"email\":\"info@allstarretro.com\",\"areaServed\":\"Lithuania\",\"vatID\":\"LT100013495416\",\"priceRange\":\"$$\",\"currenciesAccepted\":\"Euras\",\"paymentAccepted\":\"Visa, mastercard\"},{\"@type\":\"PostalAddress\",\"@id\":\"https:\/\/allstarretro.com\/parduotuve\/namu-interjeras\/derlla-retro-kavos-aparatas\/#local-main-place-address\",\"streetAddress\":\"L.Ivinskio 18a\",\"addressLocality\":\"Kaunas\",\"postalCode\":\"45151\",\"addressRegion\":\"Kaunas\",\"addressCountry\":\"LT\"},{\"@type\":\"ImageObject\",\"inLanguage\":\"de\",\"@id\":\"https:\/\/allstarretro.com\/parduotuve\/namu-interjeras\/derlla-retro-kavos-aparatas\/#local-main-organization-logo\",\"url\":\"https:\/\/allstarretro.com\/wp-content\/uploads\/2025\/01\/allstarretro-mini-logo.webp\",\"contentUrl\":\"https:\/\/allstarretro.com\/wp-content\/uploads\/2025\/01\/allstarretro-mini-logo.webp\",\"width\":130,\"height\":130,\"caption\":\"AllStarRetro\"}]}<\/script>\n<meta name=\"geo.placename\" content=\"Kaunas\" \/>\n<meta name=\"geo.position\" content=\"54.8733071;23.9494226\" \/>\n<meta name=\"geo.region\" content=\"Litauen\" \/>\n<!-- \/ Yoast SEO Premium plugin. -->","yoast_head_json":{"title":"Derlla Retro Kaffismaschine","robots":{"index":"index","follow":"follow","max-snippet":"max-snippet:-1","max-image-preview":"max-image-preview:large","max-video-preview":"max-video-preview:-1"},"canonical":"https:\/\/allstarretro.com\/de\/parduotuve\/guten-tag\/derlla-retro-kavos-aparatas\/","og_locale":"de_DE","og_type":"article","og_title":"Derlla Retro Kavos Aparatas","og_description":"APIE APARAT\u0104 Derlla Retro Kavos Aparatas - Su \u0161iuo eleganti\u0161ku ne\u0161iojamu retro dizaino espreso kavos aparatu lengvai paruo\u0161ite paprast\u0105 ir dvigub\u0105 espreso kav\u0105. Kavos aparate n\u0117ra espreso programos, tod\u0117l j\u012f reikia sustabdyti rankiniu b\u016bdu. Taigi gal\u0117site pasigaminti didesn\u012f puodel\u012f kavos. RETRO APARATO PRIVALUMAI   Greitas kaitinimas, elektronin\u0117 temperat\u016bros valdymo sistema leid\u017eia greitai \u012fkaisti iki 93 \u00b0C, patikimai ir ai\u0161kiai rodoma gra\u017eiai integruotame termometre portafiltro priekyje \u2013 skaniam espreso kavai.  Trys dideli mygtukai su ai\u0161kiais simboliais ir atitinkami ap\u0161viesti ekranai yra labai ai\u0161k\u016bs. Greitas kaitinimas ir 20 bar\u0173 siurblio sl\u0117gis geriausio gr\u016bdinimo espreso kavai grynam kavos aromatui ir pieno putai.  \u012erengtas kavos kapsul\u0117s rankenos tvirtinimas, suderinamas su kapsulinio kavos aparato funkcija. Jei norite sutaupyti laiko, su kavos kapsule galite greitai paruo\u0161ti puodel\u012f stiprios kavos.","og_url":"https:\/\/allstarretro.com\/de\/parduotuve\/guten-tag\/derlla-retro-kavos-aparatas\/","og_site_name":"AllStarRetro","article_publisher":"https:\/\/www.facebook.com\/allstarretroLTU","article_modified_time":"2025-01-31T10:31:27+00:00","og_image":[{"width":1080,"height":1080,"url":"https:\/\/allstarretro.com\/wp-content\/uploads\/2025\/01\/derlla-kavos-aparatas-allstarretro.com_.webp","type":"image\/webp"}],"twitter_card":"summary_large_image","twitter_site":"@allstarretroLTU","twitter_misc":{"Preis":"219.99&euro;","Availability":"In stock"},"schema":{"@context":"https:\/\/schema.org","@graph":[{"@type":["WebPage","ItemPage"],"@id":"https:\/\/allstarretro.com\/parduotuve\/namu-interjeras\/derlla-retro-kavos-aparatas\/","url":"https:\/\/allstarretro.com\/parduotuve\/namu-interjeras\/derlla-retro-kavos-aparatas\/","name":"Derlla Retro Kaffismaschine","isPartOf":{"@id":"https:\/\/allstarretro.com\/#website"},"datePublished":"2023-10-23T09:20:31+00:00","dateModified":"2025-01-31T10:31:27+00:00","breadcrumb":{"@id":"https:\/\/allstarretro.com\/parduotuve\/namu-interjeras\/derlla-retro-kavos-aparatas\/#breadcrumb"},"inLanguage":"de","potentialAction":[{"@type":"ReadAction","target":["https:\/\/allstarretro.com\/parduotuve\/namu-interjeras\/derlla-retro-kavos-aparatas\/"]}]},{"@type":"BreadcrumbList","@id":"https:\/\/allstarretro.com\/parduotuve\/namu-interjeras\/derlla-retro-kavos-aparatas\/#breadcrumb","itemListElement":[{"@type":"ListItem","position":1,"name":"Home","item":"https:\/\/allstarretro.com\/"},{"@type":"ListItem","position":2,"name":"Retro Stiliaus Nostalgijos Ir Vinta\u017eo Parduotuv\u0117","item":"https:\/\/allstarretro.com\/parduotuve\/"},{"@type":"ListItem","position":3,"name":"Derlla Retro Kavos Aparatas"}]},{"@type":"WebSite","@id":"https:\/\/allstarretro.com\/#website","url":"https:\/\/allstarretro.com\/","name":"AllStarRetro","description":"Retro-Badezimmer-Produkte im Stil | AllStarRetro","publisher":{"@id":"https:\/\/allstarretro.com\/#organization"},"alternateName":"AllStarRetro","potentialAction":[{"@type":"SearchAction","target":{"@type":"EntryPoint","urlTemplate":"https:\/\/allstarretro.com\/?s={search_term_string}"},"query-input":"required name=search_term_string"}],"inLanguage":"de"},{"@type":["Organization","Place","Store"],"@id":"https:\/\/allstarretro.com\/#organization","name":"AllStarRetro","alternateName":"AllStarRetro","url":"https:\/\/allstarretro.com\/","logo":{"@id":"https:\/\/allstarretro.com\/parduotuve\/namu-interjeras\/derlla-retro-kavos-aparatas\/#local-main-organization-logo"},"image":{"@id":"https:\/\/allstarretro.com\/parduotuve\/namu-interjeras\/derlla-retro-kavos-aparatas\/#local-main-organization-logo"},"sameAs":["https:\/\/www.facebook.com\/allstarretroLTU","https:\/\/twitter.com\/allstarretroLTU"],"publishingPrinciples":"https:\/\/allstarretro.com\/","ownershipFundingInfo":"https:\/\/allstarretro.com\/teises-ir-isipareigojimai\/","actionableFeedbackPolicy":"https:\/\/allstarretro.com\/privatumo-politika\/","correctionsPolicy":"https:\/\/allstarretro.com\/pristatymas-ir-taisykles\/","ethicsPolicy":"https:\/\/allstarretro.com\/teises-ir-isipareigojimai\/","diversityPolicy":"https:\/\/allstarretro.com\/privatumo-politika\/","diversityStaffingReport":"https:\/\/allstarretro.com\/privatumo-politika\/","address":{"@id":"https:\/\/allstarretro.com\/parduotuve\/namu-interjeras\/derlla-retro-kavos-aparatas\/#local-main-place-address"},"geo":{"@type":"GeoCoordinates","latitude":"54.8733071","longitude":"23.9494226"},"telephone":["+37068673611"],"openingHoursSpecification":[{"@type":"OpeningHoursSpecification","dayOfWeek":["Monday","Tuesday","Wednesday","Thursday","Friday","Saturday","Sunday"],"opens":"09:00","closes":"17:00"}],"email":"info@allstarretro.com","areaServed":"Lithuania","vatID":"LT100013495416","priceRange":"$$","currenciesAccepted":"Euras","paymentAccepted":"Visa, mastercard"},{"@type":"PostalAddress","@id":"https:\/\/allstarretro.com\/parduotuve\/namu-interjeras\/derlla-retro-kavos-aparatas\/#local-main-place-address","streetAddress":"L.Ivinskio 18a","addressLocality":"Kaunas","postalCode":"45151","addressRegion":"Kaunas","addressCountry":"LT"},{"@type":"ImageObject","inLanguage":"de","@id":"https:\/\/allstarretro.com\/parduotuve\/namu-interjeras\/derlla-retro-kavos-aparatas\/#local-main-organization-logo","url":"https:\/\/allstarretro.com\/wp-content\/uploads\/2025\/01\/allstarretro-mini-logo.webp","contentUrl":"https:\/\/allstarretro.com\/wp-content\/uploads\/2025\/01\/allstarretro-mini-logo.webp","width":130,"height":130,"caption":"AllStarRetro"}]},"geo.placename":"Kaunas","geo.position":{"lat":"54.8733071","long":"23.9494226"},"geo.region":"Litauen"},"_links":{"self":[{"href":"https:\/\/allstarretro.com\/de\/wp-json\/wp\/v2\/product\/32917"}],"collection":[{"href":"https:\/\/allstarretro.com\/de\/wp-json\/wp\/v2\/product"}],"about":[{"href":"https:\/\/allstarretro.com\/de\/wp-json\/wp\/v2\/types\/product"}],"replies":[{"embeddable":true,"href":"https:\/\/allstarretro.com\/de\/wp-json\/wp\/v2\/comments?post=32917"}],"wp:featuredmedia":[{"embeddable":true,"href":"https:\/\/allstarretro.com\/de\/wp-json\/wp\/v2\/media\/32712"}],"wp:attachment":[{"href":"https:\/\/allstarretro.com\/de\/wp-json\/wp\/v2\/media?parent=32917"}],"wp:term":[{"taxonomy":"product_cat","embeddable":true,"href":"https:\/\/allstarretro.com\/de\/wp-json\/wp\/v2\/product_cat?post=32917"},{"taxonomy":"product_tag","embeddable":true,"href":"https:\/\/allstarretro.com\/de\/wp-json\/wp\/v2\/product_tag?post=32917"}],"curies":[{"name":"wp","href":"https:\/\/api.w.org\/{rel}","templated":true}]}}