{"id":32919,"date":"2023-10-23T11:18:40","date_gmt":"2023-10-23T11:18:40","guid":{"rendered":"https:\/\/allstarretro.com\/?post_type=product&#038;p=32919"},"modified":"2025-01-31T10:27:13","modified_gmt":"2025-01-31T10:27:13","slug":"gootium-canvas-vintage-kuprine","status":"publish","type":"product","link":"https:\/\/allstarretro.com\/de\/parduotuve\/drabuziai\/gootium-canvas-vintage-kuprine\/","title":{"rendered":"Gootium Canvas Vintage Kuprin\u0117"},"content":{"rendered":"","protected":false},"excerpt":{"rendered":"<h2>APIE KUPRIN\u0118<\/h2>\n<p>Gootium Canvas Vintage Kuprin\u0117 &#8211; pasi\u017eyminti ikoni\u0161ku dizainu ir praktin\u0117mis savyb\u0117mis, yra \u017einoma d\u0117l savo stiliaus ir tvirtos konstrukcijos, leid\u017eian\u010dios keliauti patogiai ir stilingai. Nesvarbu, ar kraunat\u0117s nakvyn\u0117s reikmenis, ar b\u016btiniausius rankinio baga\u017eo daiktus, \u0161i tvirta kuprin\u0117 su organizacin\u0117mis ki\u0161en\u0117mis ir iki 30 litr\u0173 vietos jums pad\u0117s.<\/p>\n<h2>GOOTIUM PRIVALUMAI<\/h2>\n<ul>\n<li>MED\u017dIAGA \u2013 Pagaminta i\u0161 patvarios drob\u0117s, su nat\u016bralios odos detal\u0117mis, kad u\u017efiksuot\u0173 nuotyki\u0173 lauke dvasi\u0105, \u0161ioje ikonin\u0117je kuprin\u0117je derinamas vinta\u017einio stiliaus dizainas su moderniomis med\u017eiagomis.<\/li>\n<li>Matmenys: (I) 33 x (P) 20 x (A) 40 cm; daiktas sveria 0,95 kg; talpa 30 litr\u0173.<br \/>\nDVIGUBAS SAUGUMAS \u0160ioje senovin\u0117je kuprin\u0117je yra atver\u010diamas vir\u0161utinis dangtis ir virvel\u0117. J\u016bs gaunate papildomos apsaugos, kai to norite, ir ypa\u010d greitai u\u017esidarote, kai to nenorite.<\/li>\n<li>Viename pagrindiniame skyriuje yra visi b\u016btiniausi daiktai, o gerai i\u0161d\u0117stytos ki\u0161en\u0117s leid\u017eia lengvai pasiekti b\u016btiniausius daiktus. To paties patikimo silueto klasikin\u0117 kuprin\u0117 puikiai tinka j\u016bs\u0173 kasdieniams nuotykiams.<\/li>\n<li>Gerai pagaminta apkausta su odine apdaila, vienoda ir lygia si\u016ble bei sustiprintais \u012ftempimo ta\u0161kais, u\u017etikrinan\u010diais apsaug\u0105 ir ilgaam\u017ei\u0161kum\u0105. \u0160i patvari kuprin\u0117 sukurta taip, kad atlaikyt\u0173 visas aplinkybes, su kuriomis galite susidurti kasdien\u0117s ar lauko veiklos metu.<\/li>\n<\/ul>","protected":false},"featured_media":32718,"comment_status":"open","ping_status":"closed","template":"","meta":{"inline_featured_image":false},"product_cat":[341],"product_tag":[],"class_list":["post-32919","product","type-product","status-publish","has-post-thumbnail","hentry","product_cat-drabuziai"],"acf":[],"yoast_head":"<!-- This site is optimized with the Yoast SEO Premium plugin v21.8 (Yoast SEO v21.8) - https:\/\/yoast.com\/wordpress\/plugins\/seo\/ -->\n<title>Gootium Canvas Vintage Kuprin\u0117<\/title>\n<meta name=\"robots\" content=\"index, follow, max-snippet:-1, max-image-preview:large, max-video-preview:-1\" \/>\n<link rel=\"canonical\" href=\"https:\/\/allstarretro.com\/de\/parduotuve\/drabuziai\/gootium-canvas-vintage-kuprine\/\" \/>\n<meta property=\"og:locale\" content=\"de_DE\" \/>\n<meta property=\"og:type\" content=\"article\" \/>\n<meta property=\"og:title\" content=\"Gootium Canvas Vintage Kuprin\u0117\" \/>\n<meta property=\"og:description\" content=\"APIE KUPRIN\u0118 Gootium Canvas Vintage Kuprin\u0117 - pasi\u017eyminti ikoni\u0161ku dizainu ir praktin\u0117mis savyb\u0117mis, yra \u017einoma d\u0117l savo stiliaus ir tvirtos konstrukcijos, leid\u017eian\u010dios keliauti patogiai ir stilingai. Nesvarbu, ar kraunat\u0117s nakvyn\u0117s reikmenis, ar b\u016btiniausius rankinio baga\u017eo daiktus, \u0161i tvirta kuprin\u0117 su organizacin\u0117mis ki\u0161en\u0117mis ir iki 30 litr\u0173 vietos jums pad\u0117s. GOOTIUM PRIVALUMAI   MED\u017dIAGA \u2013 Pagaminta i\u0161 patvarios drob\u0117s, su nat\u016bralios odos detal\u0117mis, kad u\u017efiksuot\u0173 nuotyki\u0173 lauke dvasi\u0105, \u0161ioje ikonin\u0117je kuprin\u0117je derinamas vinta\u017einio stiliaus dizainas su moderniomis med\u017eiagomis.  Matmenys: (I) 33 x (P) 20 x (A) 40 cm; daiktas sveria 0,95 kg; talpa 30 litr\u0173. DVIGUBAS SAUGUMAS \u0160ioje senovin\u0117je kuprin\u0117je yra atver\u010diamas vir\u0161utinis dangtis ir virvel\u0117. J\u016bs gaunate papildomos apsaugos, kai to norite, ir ypa\u010d greitai u\u017esidarote, kai to nenorite.  Viename pagrindiniame skyriuje yra visi b\u016btiniausi daiktai, o gerai i\u0161d\u0117stytos ki\u0161en\u0117s leid\u017eia lengvai pasiekti b\u016btiniausius daiktus. To paties patikimo silueto klasikin\u0117 kuprin\u0117 puikiai tinka j\u016bs\u0173 kasdieniams nuotykiams.  Gerai pagaminta apkausta su odine apdaila, vienoda ir lygia si\u016ble bei sustiprintais \u012ftempimo ta\u0161kais, u\u017etikrinan\u010diais apsaug\u0105 ir ilgaam\u017ei\u0161kum\u0105. \u0160i patvari kuprin\u0117 sukurta taip, kad atlaikyt\u0173 visas aplinkybes, su kuriomis galite susidurti kasdien\u0117s ar lauko veiklos metu.\" \/>\n<meta property=\"og:url\" content=\"https:\/\/allstarretro.com\/de\/parduotuve\/drabuziai\/gootium-canvas-vintage-kuprine\/\" \/>\n<meta property=\"og:site_name\" content=\"AllStarRetro\" \/>\n<meta property=\"article:publisher\" content=\"https:\/\/www.facebook.com\/allstarretroLTU\" \/>\n<meta property=\"article:modified_time\" content=\"2025-01-31T10:27:13+00:00\" \/>\n<meta property=\"og:image\" content=\"https:\/\/allstarretro.com\/wp-content\/uploads\/2025\/01\/Gootium-Canvas-Vintage-Kuprine.webp\" \/>\n\t<meta property=\"og:image:width\" content=\"1080\" \/>\n\t<meta property=\"og:image:height\" content=\"1080\" \/>\n\t<meta property=\"og:image:type\" content=\"image\/webp\" \/>\n<meta name=\"twitter:card\" content=\"summary_large_image\" \/>\n<meta name=\"twitter:site\" content=\"@allstarretroLTU\" \/>\n<meta name=\"twitter:label1\" content=\"Preis\" \/>\n\t<meta name=\"twitter:data1\" content=\"99.99&euro;\" \/>\n\t<meta name=\"twitter:label2\" content=\"Availability\" \/>\n\t<meta name=\"twitter:data2\" content=\"In stock\" \/>\n<script type=\"application\/ld+json\" class=\"yoast-schema-graph\">{\"@context\":\"https:\/\/schema.org\",\"@graph\":[{\"@type\":[\"WebPage\",\"ItemPage\"],\"@id\":\"https:\/\/allstarretro.com\/parduotuve\/drabuziai\/gootium-canvas-vintage-kuprine\/\",\"url\":\"https:\/\/allstarretro.com\/parduotuve\/drabuziai\/gootium-canvas-vintage-kuprine\/\",\"name\":\"Gootium Canvas Vintage Kuprin\u0117\",\"isPartOf\":{\"@id\":\"https:\/\/allstarretro.com\/#website\"},\"datePublished\":\"2023-10-23T11:18:40+00:00\",\"dateModified\":\"2025-01-31T10:27:13+00:00\",\"breadcrumb\":{\"@id\":\"https:\/\/allstarretro.com\/parduotuve\/drabuziai\/gootium-canvas-vintage-kuprine\/#breadcrumb\"},\"inLanguage\":\"de\",\"potentialAction\":[{\"@type\":\"ReadAction\",\"target\":[\"https:\/\/allstarretro.com\/parduotuve\/drabuziai\/gootium-canvas-vintage-kuprine\/\"]}]},{\"@type\":\"BreadcrumbList\",\"@id\":\"https:\/\/allstarretro.com\/parduotuve\/drabuziai\/gootium-canvas-vintage-kuprine\/#breadcrumb\",\"itemListElement\":[{\"@type\":\"ListItem\",\"position\":1,\"name\":\"Home\",\"item\":\"https:\/\/allstarretro.com\/\"},{\"@type\":\"ListItem\",\"position\":2,\"name\":\"Retro Stiliaus Nostalgijos Ir Vinta\u017eo Parduotuv\u0117\",\"item\":\"https:\/\/allstarretro.com\/parduotuve\/\"},{\"@type\":\"ListItem\",\"position\":3,\"name\":\"Gootium Canvas Vintage Kuprin\u0117\"}]},{\"@type\":\"WebSite\",\"@id\":\"https:\/\/allstarretro.com\/#website\",\"url\":\"https:\/\/allstarretro.com\/\",\"name\":\"AllStarRetro\",\"description\":\"Retro Laikotarpio Stiliaus Produktai | AllStarRetro\",\"publisher\":{\"@id\":\"https:\/\/allstarretro.com\/#organization\"},\"alternateName\":\"AllStarRetro\",\"potentialAction\":[{\"@type\":\"SearchAction\",\"target\":{\"@type\":\"EntryPoint\",\"urlTemplate\":\"https:\/\/allstarretro.com\/?s={search_term_string}\"},\"query-input\":\"required name=search_term_string\"}],\"inLanguage\":\"de\"},{\"@type\":[\"Organization\",\"Place\",\"Store\"],\"@id\":\"https:\/\/allstarretro.com\/#organization\",\"name\":\"AllStarRetro\",\"alternateName\":\"AllStarRetro\",\"url\":\"https:\/\/allstarretro.com\/\",\"logo\":{\"@id\":\"https:\/\/allstarretro.com\/parduotuve\/drabuziai\/gootium-canvas-vintage-kuprine\/#local-main-organization-logo\"},\"image\":{\"@id\":\"https:\/\/allstarretro.com\/parduotuve\/drabuziai\/gootium-canvas-vintage-kuprine\/#local-main-organization-logo\"},\"sameAs\":[\"https:\/\/www.facebook.com\/allstarretroLTU\",\"https:\/\/twitter.com\/allstarretroLTU\"],\"publishingPrinciples\":\"https:\/\/allstarretro.com\/\",\"ownershipFundingInfo\":\"https:\/\/allstarretro.com\/teises-ir-isipareigojimai\/\",\"actionableFeedbackPolicy\":\"https:\/\/allstarretro.com\/privatumo-politika\/\",\"correctionsPolicy\":\"https:\/\/allstarretro.com\/pristatymas-ir-taisykles\/\",\"ethicsPolicy\":\"https:\/\/allstarretro.com\/teises-ir-isipareigojimai\/\",\"diversityPolicy\":\"https:\/\/allstarretro.com\/privatumo-politika\/\",\"diversityStaffingReport\":\"https:\/\/allstarretro.com\/privatumo-politika\/\",\"address\":{\"@id\":\"https:\/\/allstarretro.com\/parduotuve\/drabuziai\/gootium-canvas-vintage-kuprine\/#local-main-place-address\"},\"geo\":{\"@type\":\"GeoCoordinates\",\"latitude\":\"54.8733071\",\"longitude\":\"23.9494226\"},\"telephone\":[\"+37068673611\"],\"openingHoursSpecification\":[{\"@type\":\"OpeningHoursSpecification\",\"dayOfWeek\":[\"Monday\",\"Tuesday\",\"Wednesday\",\"Thursday\",\"Friday\",\"Saturday\",\"Sunday\"],\"opens\":\"09:00\",\"closes\":\"17:00\"}],\"email\":\"info@allstarretro.com\",\"areaServed\":\"Lithuania\",\"vatID\":\"LT100013495416\",\"priceRange\":\"$$\",\"currenciesAccepted\":\"Euras\",\"paymentAccepted\":\"Visa, mastercard\"},{\"@type\":\"PostalAddress\",\"@id\":\"https:\/\/allstarretro.com\/parduotuve\/drabuziai\/gootium-canvas-vintage-kuprine\/#local-main-place-address\",\"streetAddress\":\"L.Ivinskio 18a\",\"addressLocality\":\"Kaunas\",\"postalCode\":\"45151\",\"addressRegion\":\"Kaunas\",\"addressCountry\":\"LT\"},{\"@type\":\"ImageObject\",\"inLanguage\":\"de\",\"@id\":\"https:\/\/allstarretro.com\/parduotuve\/drabuziai\/gootium-canvas-vintage-kuprine\/#local-main-organization-logo\",\"url\":\"https:\/\/allstarretro.com\/wp-content\/uploads\/2025\/01\/allstarretro-mini-logo.webp\",\"contentUrl\":\"https:\/\/allstarretro.com\/wp-content\/uploads\/2025\/01\/allstarretro-mini-logo.webp\",\"width\":130,\"height\":130,\"caption\":\"AllStarRetro\"}]}<\/script>\n<meta name=\"geo.placename\" content=\"Kaunas\" \/>\n<meta name=\"geo.position\" content=\"54.8733071;23.9494226\" \/>\n<meta name=\"geo.region\" content=\"Litauen\" \/>\n<!-- \/ Yoast SEO Premium plugin. -->","yoast_head_json":{"title":"Gootium Canvas Vintage Kuprin\u0117","robots":{"index":"index","follow":"follow","max-snippet":"max-snippet:-1","max-image-preview":"max-image-preview:large","max-video-preview":"max-video-preview:-1"},"canonical":"https:\/\/allstarretro.com\/de\/parduotuve\/drabuziai\/gootium-canvas-vintage-kuprine\/","og_locale":"de_DE","og_type":"article","og_title":"Gootium Canvas Vintage Kuprin\u0117","og_description":"APIE KUPRIN\u0118 Gootium Canvas Vintage Kuprin\u0117 - pasi\u017eyminti ikoni\u0161ku dizainu ir praktin\u0117mis savyb\u0117mis, yra \u017einoma d\u0117l savo stiliaus ir tvirtos konstrukcijos, leid\u017eian\u010dios keliauti patogiai ir stilingai. Nesvarbu, ar kraunat\u0117s nakvyn\u0117s reikmenis, ar b\u016btiniausius rankinio baga\u017eo daiktus, \u0161i tvirta kuprin\u0117 su organizacin\u0117mis ki\u0161en\u0117mis ir iki 30 litr\u0173 vietos jums pad\u0117s. GOOTIUM PRIVALUMAI   MED\u017dIAGA \u2013 Pagaminta i\u0161 patvarios drob\u0117s, su nat\u016bralios odos detal\u0117mis, kad u\u017efiksuot\u0173 nuotyki\u0173 lauke dvasi\u0105, \u0161ioje ikonin\u0117je kuprin\u0117je derinamas vinta\u017einio stiliaus dizainas su moderniomis med\u017eiagomis.  Matmenys: (I) 33 x (P) 20 x (A) 40 cm; daiktas sveria 0,95 kg; talpa 30 litr\u0173. DVIGUBAS SAUGUMAS \u0160ioje senovin\u0117je kuprin\u0117je yra atver\u010diamas vir\u0161utinis dangtis ir virvel\u0117. J\u016bs gaunate papildomos apsaugos, kai to norite, ir ypa\u010d greitai u\u017esidarote, kai to nenorite.  Viename pagrindiniame skyriuje yra visi b\u016btiniausi daiktai, o gerai i\u0161d\u0117stytos ki\u0161en\u0117s leid\u017eia lengvai pasiekti b\u016btiniausius daiktus. To paties patikimo silueto klasikin\u0117 kuprin\u0117 puikiai tinka j\u016bs\u0173 kasdieniams nuotykiams.  Gerai pagaminta apkausta su odine apdaila, vienoda ir lygia si\u016ble bei sustiprintais \u012ftempimo ta\u0161kais, u\u017etikrinan\u010diais apsaug\u0105 ir ilgaam\u017ei\u0161kum\u0105. \u0160i patvari kuprin\u0117 sukurta taip, kad atlaikyt\u0173 visas aplinkybes, su kuriomis galite susidurti kasdien\u0117s ar lauko veiklos metu.","og_url":"https:\/\/allstarretro.com\/de\/parduotuve\/drabuziai\/gootium-canvas-vintage-kuprine\/","og_site_name":"AllStarRetro","article_publisher":"https:\/\/www.facebook.com\/allstarretroLTU","article_modified_time":"2025-01-31T10:27:13+00:00","og_image":[{"width":1080,"height":1080,"url":"https:\/\/allstarretro.com\/wp-content\/uploads\/2025\/01\/Gootium-Canvas-Vintage-Kuprine.webp","type":"image\/webp"}],"twitter_card":"summary_large_image","twitter_site":"@allstarretroLTU","twitter_misc":{"Preis":"99.99&euro;","Availability":"In stock"},"schema":{"@context":"https:\/\/schema.org","@graph":[{"@type":["WebPage","ItemPage"],"@id":"https:\/\/allstarretro.com\/parduotuve\/drabuziai\/gootium-canvas-vintage-kuprine\/","url":"https:\/\/allstarretro.com\/parduotuve\/drabuziai\/gootium-canvas-vintage-kuprine\/","name":"Gootium Canvas Vintage Kuprin\u0117","isPartOf":{"@id":"https:\/\/allstarretro.com\/#website"},"datePublished":"2023-10-23T11:18:40+00:00","dateModified":"2025-01-31T10:27:13+00:00","breadcrumb":{"@id":"https:\/\/allstarretro.com\/parduotuve\/drabuziai\/gootium-canvas-vintage-kuprine\/#breadcrumb"},"inLanguage":"de","potentialAction":[{"@type":"ReadAction","target":["https:\/\/allstarretro.com\/parduotuve\/drabuziai\/gootium-canvas-vintage-kuprine\/"]}]},{"@type":"BreadcrumbList","@id":"https:\/\/allstarretro.com\/parduotuve\/drabuziai\/gootium-canvas-vintage-kuprine\/#breadcrumb","itemListElement":[{"@type":"ListItem","position":1,"name":"Home","item":"https:\/\/allstarretro.com\/"},{"@type":"ListItem","position":2,"name":"Retro Stiliaus Nostalgijos Ir Vinta\u017eo Parduotuv\u0117","item":"https:\/\/allstarretro.com\/parduotuve\/"},{"@type":"ListItem","position":3,"name":"Gootium Canvas Vintage Kuprin\u0117"}]},{"@type":"WebSite","@id":"https:\/\/allstarretro.com\/#website","url":"https:\/\/allstarretro.com\/","name":"AllStarRetro","description":"Retro-Badezimmer-Produkte im Stil | AllStarRetro","publisher":{"@id":"https:\/\/allstarretro.com\/#organization"},"alternateName":"AllStarRetro","potentialAction":[{"@type":"SearchAction","target":{"@type":"EntryPoint","urlTemplate":"https:\/\/allstarretro.com\/?s={search_term_string}"},"query-input":"required name=search_term_string"}],"inLanguage":"de"},{"@type":["Organization","Place","Store"],"@id":"https:\/\/allstarretro.com\/#organization","name":"AllStarRetro","alternateName":"AllStarRetro","url":"https:\/\/allstarretro.com\/","logo":{"@id":"https:\/\/allstarretro.com\/parduotuve\/drabuziai\/gootium-canvas-vintage-kuprine\/#local-main-organization-logo"},"image":{"@id":"https:\/\/allstarretro.com\/parduotuve\/drabuziai\/gootium-canvas-vintage-kuprine\/#local-main-organization-logo"},"sameAs":["https:\/\/www.facebook.com\/allstarretroLTU","https:\/\/twitter.com\/allstarretroLTU"],"publishingPrinciples":"https:\/\/allstarretro.com\/","ownershipFundingInfo":"https:\/\/allstarretro.com\/teises-ir-isipareigojimai\/","actionableFeedbackPolicy":"https:\/\/allstarretro.com\/privatumo-politika\/","correctionsPolicy":"https:\/\/allstarretro.com\/pristatymas-ir-taisykles\/","ethicsPolicy":"https:\/\/allstarretro.com\/teises-ir-isipareigojimai\/","diversityPolicy":"https:\/\/allstarretro.com\/privatumo-politika\/","diversityStaffingReport":"https:\/\/allstarretro.com\/privatumo-politika\/","address":{"@id":"https:\/\/allstarretro.com\/parduotuve\/drabuziai\/gootium-canvas-vintage-kuprine\/#local-main-place-address"},"geo":{"@type":"GeoCoordinates","latitude":"54.8733071","longitude":"23.9494226"},"telephone":["+37068673611"],"openingHoursSpecification":[{"@type":"OpeningHoursSpecification","dayOfWeek":["Monday","Tuesday","Wednesday","Thursday","Friday","Saturday","Sunday"],"opens":"09:00","closes":"17:00"}],"email":"info@allstarretro.com","areaServed":"Lithuania","vatID":"LT100013495416","priceRange":"$$","currenciesAccepted":"Euras","paymentAccepted":"Visa, mastercard"},{"@type":"PostalAddress","@id":"https:\/\/allstarretro.com\/parduotuve\/drabuziai\/gootium-canvas-vintage-kuprine\/#local-main-place-address","streetAddress":"L.Ivinskio 18a","addressLocality":"Kaunas","postalCode":"45151","addressRegion":"Kaunas","addressCountry":"LT"},{"@type":"ImageObject","inLanguage":"de","@id":"https:\/\/allstarretro.com\/parduotuve\/drabuziai\/gootium-canvas-vintage-kuprine\/#local-main-organization-logo","url":"https:\/\/allstarretro.com\/wp-content\/uploads\/2025\/01\/allstarretro-mini-logo.webp","contentUrl":"https:\/\/allstarretro.com\/wp-content\/uploads\/2025\/01\/allstarretro-mini-logo.webp","width":130,"height":130,"caption":"AllStarRetro"}]},"geo.placename":"Kaunas","geo.position":{"lat":"54.8733071","long":"23.9494226"},"geo.region":"Litauen"},"_links":{"self":[{"href":"https:\/\/allstarretro.com\/de\/wp-json\/wp\/v2\/product\/32919"}],"collection":[{"href":"https:\/\/allstarretro.com\/de\/wp-json\/wp\/v2\/product"}],"about":[{"href":"https:\/\/allstarretro.com\/de\/wp-json\/wp\/v2\/types\/product"}],"replies":[{"embeddable":true,"href":"https:\/\/allstarretro.com\/de\/wp-json\/wp\/v2\/comments?post=32919"}],"wp:featuredmedia":[{"embeddable":true,"href":"https:\/\/allstarretro.com\/de\/wp-json\/wp\/v2\/media\/32718"}],"wp:attachment":[{"href":"https:\/\/allstarretro.com\/de\/wp-json\/wp\/v2\/media?parent=32919"}],"wp:term":[{"taxonomy":"product_cat","embeddable":true,"href":"https:\/\/allstarretro.com\/de\/wp-json\/wp\/v2\/product_cat?post=32919"},{"taxonomy":"product_tag","embeddable":true,"href":"https:\/\/allstarretro.com\/de\/wp-json\/wp\/v2\/product_tag?post=32919"}],"curies":[{"name":"wp","href":"https:\/\/api.w.org\/{rel}","templated":true}]}}