{"id":32923,"date":"2023-10-25T07:49:33","date_gmt":"2023-10-25T07:49:33","guid":{"rendered":"https:\/\/allstarretro.com\/?post_type=product&#038;p=32923"},"modified":"2025-01-31T10:27:14","modified_gmt":"2025-01-31T10:27:14","slug":"mini-retro-console-pegasus-zaidimas","status":"publish","type":"product","link":"https:\/\/allstarretro.com\/de\/parduotuve\/zaidimai\/mini-retro-console-pegasus-zaidimas\/","title":{"rendered":"Mini Retro Konsole Pegasus Spiel"},"content":{"rendered":"","protected":false},"excerpt":{"rendered":"<h2>APIE CONSOL\u0118<\/h2>\n<p>Mini Retro Console Pegasus \u017daidimas. Palaiko du grotuvus ir TV i\u0161vest\u012f: naudojant \u017eaidim\u0173 pult\u0105, USB laid\u0105 ir AV i\u0161vesties laid\u0105, retro \u017eaidim\u0173 konsol\u0117 leid\u017eia dviem \u017eaid\u0117jams dalytis \u017eaidimu vienu metu arba prijungti \u017eaidim\u0173 konsoles su 3,0 coli\u0173 ekranu prie televizoriaus, kad gal\u0117tum\u0117te m\u0117gaukit\u0117s \u017eaviu ir ry\u0161kiu vaizdo \u017eaidimu didesniame ekrane. Tarp vis\u0173 400 \u017eaidim\u0173 rasime toki\u0173 brangakmeni\u0173 kaip: \u201eContra\u201c, \u201eSuper Contra\u201c, \u201eChip &amp; Dale\u201c, Pasaulio futbolo \u010dempionatas, \u201eTetris 2\u201c, \u201eTank A1990\u201c, \u201eStreet Fighter V\u201c, \u201eSuper Mario Bros\u201c, \u201eSuper Mario Bros 3\u201c, \u201eSuper Mario Bros 6\u201c, \u201eSuper Mario 14\u201c ir taip pat: Betmenas, \u017dmogus-voras , Tom &amp; Jerry, Pacmania, 1942, Angry Bird, Arkanoid, Dr. Mario, F1 Race, Pac-Man, Donkey Kong, Bomberman, Galaga, Galaxian, nepamir\u0161tamas Pinball, Space Invaders arba Zippy Race.<\/p>\n<h2>RETRO CONSOLES PRIVALUMAI<\/h2>\n<ul>\n<li>1020 mAh baterija: su \u012fmontuota 1020 mAh baterija, darbo laikas yra nuo 6 iki 8 valand\u0173. Prijunkite USB kabel\u012f \u012fkrovimui, paprasta naudoti. \u012ekrovimo laikas: apytiksl. 12 valand\u0173.<\/li>\n<li>Puiki dovana vaikams ir suaugusiems: delnin\u0117 vaizdo \u017eaidim\u0173 konsol\u0117 puikiai tinka gimtadieniams, Kal\u0117doms, T\u0117vo dienai, Motinos dienai, vestuvi\u0173 metin\u0117ms, Pad\u0117kos dienai, Nauj\u0173j\u0173 met\u0173 ir \u0161ven\u010di\u0173 dovanoms vaikams, berniukams, mergait\u0117ms, vaikams ir suaugusiems, \u0161eimos draugams . Interaktyvi \u017eaidimo pramoga pagerina t\u0117v\u0173 ir vaik\u0173 bendravim\u0105 ir suteikia daugiau juoko ir laim\u0117s visai \u0161eimai.<\/li>\n<li>Televizoriuje \u017eaid\u017eia du \u017eaid\u0117jai: prie televizoriaus galite prijungti retro rankin\u0119 \u017eaidim\u0173 konsol\u0119 su 3,0 coli\u0173 ekranu per saugi\u0105 ir netoksi\u0161k\u0105 ABS plastikin\u0119 \u017eaidim\u0173 ranken\u0117l\u0119 ir 118 coli\u0173 AV duomen\u0173 kabel\u012f, kad gal\u0117tum\u0117te lengvai m\u0117gautis ry\u0161kiais ir \u012fdomiais \u017eaidimais. dideliame televizoriaus ekrane. Pastaba: \u017eaidimo signal\u0105 galima pasirinkti tik tarp \u017eaidim\u0173 konsol\u0117s ir televizoriaus.<\/li>\n<li>\u017daiskite kelyje: \u0161i kompakti\u0161ka ir lengva delnin\u0117 \u017eaidim\u0173 konsol\u0117 puikiai tinka \u017eaisti keliaujant. Nesvarbu, ar esate traukinyje, ar l\u0117ktuve, ar tiesiog turite laisvo laiko, galite lengvai pasiimti j\u012f su savimi ir m\u0117gautis vaikyst\u0117s linksmyb\u0117mis bet kada ir bet kur.<\/li>\n<\/ul>","protected":false},"featured_media":32727,"comment_status":"open","ping_status":"closed","template":"","meta":{"inline_featured_image":false},"product_cat":[339],"product_tag":[],"class_list":["post-32923","product","type-product","status-publish","has-post-thumbnail","hentry","product_cat-zaidimai"],"acf":[],"yoast_head":"<!-- This site is optimized with the Yoast SEO Premium plugin v21.8 (Yoast SEO v21.8) - https:\/\/yoast.com\/wordpress\/plugins\/seo\/ -->\n<title>Mini Retro Console Pegasus \u017daidimas<\/title>\n<meta name=\"robots\" content=\"index, follow, max-snippet:-1, max-image-preview:large, max-video-preview:-1\" \/>\n<link rel=\"canonical\" href=\"https:\/\/allstarretro.com\/de\/parduotuve\/zaidimai\/mini-retro-console-pegasus-zaidimas\/\" \/>\n<meta property=\"og:locale\" content=\"de_DE\" \/>\n<meta property=\"og:type\" content=\"article\" \/>\n<meta property=\"og:title\" content=\"Mini Retro Console Pegasus \u017daidimas\" \/>\n<meta property=\"og:description\" content=\"APIE CONSOL\u0118 Mini Retro Console Pegasus \u017daidimas. Palaiko du grotuvus ir TV i\u0161vest\u012f: naudojant \u017eaidim\u0173 pult\u0105, USB laid\u0105 ir AV i\u0161vesties laid\u0105, retro \u017eaidim\u0173 konsol\u0117 leid\u017eia dviem \u017eaid\u0117jams dalytis \u017eaidimu vienu metu arba prijungti \u017eaidim\u0173 konsoles su 3,0 coli\u0173 ekranu prie televizoriaus, kad gal\u0117tum\u0117te m\u0117gaukit\u0117s \u017eaviu ir ry\u0161kiu vaizdo \u017eaidimu didesniame ekrane. Tarp vis\u0173 400 \u017eaidim\u0173 rasime toki\u0173 brangakmeni\u0173 kaip: \u201eContra\u201c, \u201eSuper Contra\u201c, \u201eChip &amp; Dale\u201c, Pasaulio futbolo \u010dempionatas, \u201eTetris 2\u201c, \u201eTank A1990\u201c, \u201eStreet Fighter V\u201c, \u201eSuper Mario Bros\u201c, \u201eSuper Mario Bros 3\u201c, \u201eSuper Mario Bros 6\u201c, \u201eSuper Mario 14\u201c ir taip pat: Betmenas, \u017dmogus-voras , Tom &amp; Jerry, Pacmania, 1942, Angry Bird, Arkanoid, Dr. Mario, F1 Race, Pac-Man, Donkey Kong, Bomberman, Galaga, Galaxian, nepamir\u0161tamas Pinball, Space Invaders arba Zippy Race. RETRO CONSOLES PRIVALUMAI   1020 mAh baterija: su \u012fmontuota 1020 mAh baterija, darbo laikas yra nuo 6 iki 8 valand\u0173. Prijunkite USB kabel\u012f \u012fkrovimui, paprasta naudoti. \u012ekrovimo laikas: apytiksl. 12 valand\u0173.  Puiki dovana vaikams ir suaugusiems: delnin\u0117 vaizdo \u017eaidim\u0173 konsol\u0117 puikiai tinka gimtadieniams, Kal\u0117doms, T\u0117vo dienai, Motinos dienai, vestuvi\u0173 metin\u0117ms, Pad\u0117kos dienai, Nauj\u0173j\u0173 met\u0173 ir \u0161ven\u010di\u0173 dovanoms vaikams, berniukams, mergait\u0117ms, vaikams ir suaugusiems, \u0161eimos draugams . Interaktyvi \u017eaidimo pramoga pagerina t\u0117v\u0173 ir vaik\u0173 bendravim\u0105 ir suteikia daugiau juoko ir laim\u0117s visai \u0161eimai.  Televizoriuje \u017eaid\u017eia du \u017eaid\u0117jai: prie televizoriaus galite prijungti retro rankin\u0119 \u017eaidim\u0173 konsol\u0119 su 3,0 coli\u0173 ekranu per saugi\u0105 ir netoksi\u0161k\u0105 ABS plastikin\u0119 \u017eaidim\u0173 ranken\u0117l\u0119 ir 118 coli\u0173 AV duomen\u0173 kabel\u012f, kad gal\u0117tum\u0117te lengvai m\u0117gautis ry\u0161kiais ir \u012fdomiais \u017eaidimais. dideliame televizoriaus ekrane. Pastaba: \u017eaidimo signal\u0105 galima pasirinkti tik tarp \u017eaidim\u0173 konsol\u0117s ir televizoriaus.  \u017daiskite kelyje: \u0161i kompakti\u0161ka ir lengva delnin\u0117 \u017eaidim\u0173 konsol\u0117 puikiai tinka \u017eaisti keliaujant. Nesvarbu, ar esate traukinyje, ar l\u0117ktuve, ar tiesiog turite laisvo laiko, galite lengvai pasiimti j\u012f su savimi ir m\u0117gautis vaikyst\u0117s linksmyb\u0117mis bet kada ir bet kur.\" \/>\n<meta property=\"og:url\" content=\"https:\/\/allstarretro.com\/de\/parduotuve\/zaidimai\/mini-retro-console-pegasus-zaidimas\/\" \/>\n<meta property=\"og:site_name\" content=\"AllStarRetro\" \/>\n<meta property=\"article:publisher\" content=\"https:\/\/www.facebook.com\/allstarretroLTU\" \/>\n<meta property=\"article:modified_time\" content=\"2025-01-31T10:27:14+00:00\" \/>\n<meta property=\"og:image\" content=\"https:\/\/allstarretro.com\/wp-content\/uploads\/2025\/01\/retro-mini-zaidimas-allstarretro.com_.webp\" \/>\n\t<meta property=\"og:image:width\" content=\"1080\" \/>\n\t<meta property=\"og:image:height\" content=\"1080\" \/>\n\t<meta property=\"og:image:type\" content=\"image\/webp\" \/>\n<meta name=\"twitter:card\" content=\"summary_large_image\" \/>\n<meta name=\"twitter:site\" content=\"@allstarretroLTU\" \/>\n<meta name=\"twitter:label1\" content=\"Preis\" \/>\n\t<meta name=\"twitter:data1\" content=\"29.99&euro;\" \/>\n\t<meta name=\"twitter:label2\" content=\"Availability\" \/>\n\t<meta name=\"twitter:data2\" content=\"In stock\" \/>\n<script type=\"application\/ld+json\" class=\"yoast-schema-graph\">{\"@context\":\"https:\/\/schema.org\",\"@graph\":[{\"@type\":[\"WebPage\",\"ItemPage\"],\"@id\":\"https:\/\/allstarretro.com\/parduotuve\/zaidimai\/mini-retro-console-pegasus-zaidimas\/\",\"url\":\"https:\/\/allstarretro.com\/parduotuve\/zaidimai\/mini-retro-console-pegasus-zaidimas\/\",\"name\":\"Mini Retro Console Pegasus \u017daidimas\",\"isPartOf\":{\"@id\":\"https:\/\/allstarretro.com\/#website\"},\"datePublished\":\"2023-10-25T07:49:33+00:00\",\"dateModified\":\"2025-01-31T10:27:14+00:00\",\"breadcrumb\":{\"@id\":\"https:\/\/allstarretro.com\/parduotuve\/zaidimai\/mini-retro-console-pegasus-zaidimas\/#breadcrumb\"},\"inLanguage\":\"de\",\"potentialAction\":[{\"@type\":\"ReadAction\",\"target\":[\"https:\/\/allstarretro.com\/parduotuve\/zaidimai\/mini-retro-console-pegasus-zaidimas\/\"]}]},{\"@type\":\"BreadcrumbList\",\"@id\":\"https:\/\/allstarretro.com\/parduotuve\/zaidimai\/mini-retro-console-pegasus-zaidimas\/#breadcrumb\",\"itemListElement\":[{\"@type\":\"ListItem\",\"position\":1,\"name\":\"Home\",\"item\":\"https:\/\/allstarretro.com\/\"},{\"@type\":\"ListItem\",\"position\":2,\"name\":\"Retro Stiliaus Nostalgijos Ir Vinta\u017eo Parduotuv\u0117\",\"item\":\"https:\/\/allstarretro.com\/parduotuve\/\"},{\"@type\":\"ListItem\",\"position\":3,\"name\":\"Mini Retro Console Pegasus \u017daidimas\"}]},{\"@type\":\"WebSite\",\"@id\":\"https:\/\/allstarretro.com\/#website\",\"url\":\"https:\/\/allstarretro.com\/\",\"name\":\"AllStarRetro\",\"description\":\"Retro Laikotarpio Stiliaus Produktai | AllStarRetro\",\"publisher\":{\"@id\":\"https:\/\/allstarretro.com\/#organization\"},\"alternateName\":\"AllStarRetro\",\"potentialAction\":[{\"@type\":\"SearchAction\",\"target\":{\"@type\":\"EntryPoint\",\"urlTemplate\":\"https:\/\/allstarretro.com\/?s={search_term_string}\"},\"query-input\":\"required name=search_term_string\"}],\"inLanguage\":\"de\"},{\"@type\":[\"Organization\",\"Place\",\"Store\"],\"@id\":\"https:\/\/allstarretro.com\/#organization\",\"name\":\"AllStarRetro\",\"alternateName\":\"AllStarRetro\",\"url\":\"https:\/\/allstarretro.com\/\",\"logo\":{\"@id\":\"https:\/\/allstarretro.com\/parduotuve\/zaidimai\/mini-retro-console-pegasus-zaidimas\/#local-main-organization-logo\"},\"image\":{\"@id\":\"https:\/\/allstarretro.com\/parduotuve\/zaidimai\/mini-retro-console-pegasus-zaidimas\/#local-main-organization-logo\"},\"sameAs\":[\"https:\/\/www.facebook.com\/allstarretroLTU\",\"https:\/\/twitter.com\/allstarretroLTU\"],\"publishingPrinciples\":\"https:\/\/allstarretro.com\/\",\"ownershipFundingInfo\":\"https:\/\/allstarretro.com\/teises-ir-isipareigojimai\/\",\"actionableFeedbackPolicy\":\"https:\/\/allstarretro.com\/privatumo-politika\/\",\"correctionsPolicy\":\"https:\/\/allstarretro.com\/pristatymas-ir-taisykles\/\",\"ethicsPolicy\":\"https:\/\/allstarretro.com\/teises-ir-isipareigojimai\/\",\"diversityPolicy\":\"https:\/\/allstarretro.com\/privatumo-politika\/\",\"diversityStaffingReport\":\"https:\/\/allstarretro.com\/privatumo-politika\/\",\"address\":{\"@id\":\"https:\/\/allstarretro.com\/parduotuve\/zaidimai\/mini-retro-console-pegasus-zaidimas\/#local-main-place-address\"},\"geo\":{\"@type\":\"GeoCoordinates\",\"latitude\":\"54.8733071\",\"longitude\":\"23.9494226\"},\"telephone\":[\"+37068673611\"],\"openingHoursSpecification\":[{\"@type\":\"OpeningHoursSpecification\",\"dayOfWeek\":[\"Monday\",\"Tuesday\",\"Wednesday\",\"Thursday\",\"Friday\",\"Saturday\",\"Sunday\"],\"opens\":\"09:00\",\"closes\":\"17:00\"}],\"email\":\"info@allstarretro.com\",\"areaServed\":\"Lithuania\",\"vatID\":\"LT100013495416\",\"priceRange\":\"$$\",\"currenciesAccepted\":\"Euras\",\"paymentAccepted\":\"Visa, mastercard\"},{\"@type\":\"PostalAddress\",\"@id\":\"https:\/\/allstarretro.com\/parduotuve\/zaidimai\/mini-retro-console-pegasus-zaidimas\/#local-main-place-address\",\"streetAddress\":\"L.Ivinskio 18a\",\"addressLocality\":\"Kaunas\",\"postalCode\":\"45151\",\"addressRegion\":\"Kaunas\",\"addressCountry\":\"LT\"},{\"@type\":\"ImageObject\",\"inLanguage\":\"de\",\"@id\":\"https:\/\/allstarretro.com\/parduotuve\/zaidimai\/mini-retro-console-pegasus-zaidimas\/#local-main-organization-logo\",\"url\":\"https:\/\/allstarretro.com\/wp-content\/uploads\/2025\/01\/allstarretro-mini-logo.webp\",\"contentUrl\":\"https:\/\/allstarretro.com\/wp-content\/uploads\/2025\/01\/allstarretro-mini-logo.webp\",\"width\":130,\"height\":130,\"caption\":\"AllStarRetro\"}]}<\/script>\n<meta name=\"geo.placename\" content=\"Kaunas\" \/>\n<meta name=\"geo.position\" content=\"54.8733071;23.9494226\" \/>\n<meta name=\"geo.region\" content=\"Litauen\" \/>\n<!-- \/ Yoast SEO Premium plugin. -->","yoast_head_json":{"title":"Mini Retro Konsole Pegasus Spiel","robots":{"index":"index","follow":"follow","max-snippet":"max-snippet:-1","max-image-preview":"max-image-preview:large","max-video-preview":"max-video-preview:-1"},"canonical":"https:\/\/allstarretro.com\/de\/parduotuve\/zaidimai\/mini-retro-console-pegasus-zaidimas\/","og_locale":"de_DE","og_type":"article","og_title":"Mini Retro Console Pegasus \u017daidimas","og_description":"APIE CONSOL\u0118 Mini Retro Console Pegasus \u017daidimas. Palaiko du grotuvus ir TV i\u0161vest\u012f: naudojant \u017eaidim\u0173 pult\u0105, USB laid\u0105 ir AV i\u0161vesties laid\u0105, retro \u017eaidim\u0173 konsol\u0117 leid\u017eia dviem \u017eaid\u0117jams dalytis \u017eaidimu vienu metu arba prijungti \u017eaidim\u0173 konsoles su 3,0 coli\u0173 ekranu prie televizoriaus, kad gal\u0117tum\u0117te m\u0117gaukit\u0117s \u017eaviu ir ry\u0161kiu vaizdo \u017eaidimu didesniame ekrane. Tarp vis\u0173 400 \u017eaidim\u0173 rasime toki\u0173 brangakmeni\u0173 kaip: \u201eContra\u201c, \u201eSuper Contra\u201c, \u201eChip &amp; Dale\u201c, Pasaulio futbolo \u010dempionatas, \u201eTetris 2\u201c, \u201eTank A1990\u201c, \u201eStreet Fighter V\u201c, \u201eSuper Mario Bros\u201c, \u201eSuper Mario Bros 3\u201c, \u201eSuper Mario Bros 6\u201c, \u201eSuper Mario 14\u201c ir taip pat: Betmenas, \u017dmogus-voras , Tom &amp; Jerry, Pacmania, 1942, Angry Bird, Arkanoid, Dr. Mario, F1 Race, Pac-Man, Donkey Kong, Bomberman, Galaga, Galaxian, nepamir\u0161tamas Pinball, Space Invaders arba Zippy Race. RETRO CONSOLES PRIVALUMAI   1020 mAh baterija: su \u012fmontuota 1020 mAh baterija, darbo laikas yra nuo 6 iki 8 valand\u0173. Prijunkite USB kabel\u012f \u012fkrovimui, paprasta naudoti. \u012ekrovimo laikas: apytiksl. 12 valand\u0173.  Puiki dovana vaikams ir suaugusiems: delnin\u0117 vaizdo \u017eaidim\u0173 konsol\u0117 puikiai tinka gimtadieniams, Kal\u0117doms, T\u0117vo dienai, Motinos dienai, vestuvi\u0173 metin\u0117ms, Pad\u0117kos dienai, Nauj\u0173j\u0173 met\u0173 ir \u0161ven\u010di\u0173 dovanoms vaikams, berniukams, mergait\u0117ms, vaikams ir suaugusiems, \u0161eimos draugams . Interaktyvi \u017eaidimo pramoga pagerina t\u0117v\u0173 ir vaik\u0173 bendravim\u0105 ir suteikia daugiau juoko ir laim\u0117s visai \u0161eimai.  Televizoriuje \u017eaid\u017eia du \u017eaid\u0117jai: prie televizoriaus galite prijungti retro rankin\u0119 \u017eaidim\u0173 konsol\u0119 su 3,0 coli\u0173 ekranu per saugi\u0105 ir netoksi\u0161k\u0105 ABS plastikin\u0119 \u017eaidim\u0173 ranken\u0117l\u0119 ir 118 coli\u0173 AV duomen\u0173 kabel\u012f, kad gal\u0117tum\u0117te lengvai m\u0117gautis ry\u0161kiais ir \u012fdomiais \u017eaidimais. dideliame televizoriaus ekrane. Pastaba: \u017eaidimo signal\u0105 galima pasirinkti tik tarp \u017eaidim\u0173 konsol\u0117s ir televizoriaus.  \u017daiskite kelyje: \u0161i kompakti\u0161ka ir lengva delnin\u0117 \u017eaidim\u0173 konsol\u0117 puikiai tinka \u017eaisti keliaujant. Nesvarbu, ar esate traukinyje, ar l\u0117ktuve, ar tiesiog turite laisvo laiko, galite lengvai pasiimti j\u012f su savimi ir m\u0117gautis vaikyst\u0117s linksmyb\u0117mis bet kada ir bet kur.","og_url":"https:\/\/allstarretro.com\/de\/parduotuve\/zaidimai\/mini-retro-console-pegasus-zaidimas\/","og_site_name":"AllStarRetro","article_publisher":"https:\/\/www.facebook.com\/allstarretroLTU","article_modified_time":"2025-01-31T10:27:14+00:00","og_image":[{"width":1080,"height":1080,"url":"https:\/\/allstarretro.com\/wp-content\/uploads\/2025\/01\/retro-mini-zaidimas-allstarretro.com_.webp","type":"image\/webp"}],"twitter_card":"summary_large_image","twitter_site":"@allstarretroLTU","twitter_misc":{"Preis":"29.99&euro;","Availability":"In stock"},"schema":{"@context":"https:\/\/schema.org","@graph":[{"@type":["WebPage","ItemPage"],"@id":"https:\/\/allstarretro.com\/parduotuve\/zaidimai\/mini-retro-console-pegasus-zaidimas\/","url":"https:\/\/allstarretro.com\/parduotuve\/zaidimai\/mini-retro-console-pegasus-zaidimas\/","name":"Mini Retro Konsole Pegasus Spiel","isPartOf":{"@id":"https:\/\/allstarretro.com\/#website"},"datePublished":"2023-10-25T07:49:33+00:00","dateModified":"2025-01-31T10:27:14+00:00","breadcrumb":{"@id":"https:\/\/allstarretro.com\/parduotuve\/zaidimai\/mini-retro-console-pegasus-zaidimas\/#breadcrumb"},"inLanguage":"de","potentialAction":[{"@type":"ReadAction","target":["https:\/\/allstarretro.com\/parduotuve\/zaidimai\/mini-retro-console-pegasus-zaidimas\/"]}]},{"@type":"BreadcrumbList","@id":"https:\/\/allstarretro.com\/parduotuve\/zaidimai\/mini-retro-console-pegasus-zaidimas\/#breadcrumb","itemListElement":[{"@type":"ListItem","position":1,"name":"Home","item":"https:\/\/allstarretro.com\/"},{"@type":"ListItem","position":2,"name":"Retro Stiliaus Nostalgijos Ir Vinta\u017eo Parduotuv\u0117","item":"https:\/\/allstarretro.com\/parduotuve\/"},{"@type":"ListItem","position":3,"name":"Mini Retro Console Pegasus \u017daidimas"}]},{"@type":"WebSite","@id":"https:\/\/allstarretro.com\/#website","url":"https:\/\/allstarretro.com\/","name":"AllStarRetro","description":"Retro-Badezimmer-Produkte im Stil | AllStarRetro","publisher":{"@id":"https:\/\/allstarretro.com\/#organization"},"alternateName":"AllStarRetro","potentialAction":[{"@type":"SearchAction","target":{"@type":"EntryPoint","urlTemplate":"https:\/\/allstarretro.com\/?s={search_term_string}"},"query-input":"required name=search_term_string"}],"inLanguage":"de"},{"@type":["Organization","Place","Store"],"@id":"https:\/\/allstarretro.com\/#organization","name":"AllStarRetro","alternateName":"AllStarRetro","url":"https:\/\/allstarretro.com\/","logo":{"@id":"https:\/\/allstarretro.com\/parduotuve\/zaidimai\/mini-retro-console-pegasus-zaidimas\/#local-main-organization-logo"},"image":{"@id":"https:\/\/allstarretro.com\/parduotuve\/zaidimai\/mini-retro-console-pegasus-zaidimas\/#local-main-organization-logo"},"sameAs":["https:\/\/www.facebook.com\/allstarretroLTU","https:\/\/twitter.com\/allstarretroLTU"],"publishingPrinciples":"https:\/\/allstarretro.com\/","ownershipFundingInfo":"https:\/\/allstarretro.com\/teises-ir-isipareigojimai\/","actionableFeedbackPolicy":"https:\/\/allstarretro.com\/privatumo-politika\/","correctionsPolicy":"https:\/\/allstarretro.com\/pristatymas-ir-taisykles\/","ethicsPolicy":"https:\/\/allstarretro.com\/teises-ir-isipareigojimai\/","diversityPolicy":"https:\/\/allstarretro.com\/privatumo-politika\/","diversityStaffingReport":"https:\/\/allstarretro.com\/privatumo-politika\/","address":{"@id":"https:\/\/allstarretro.com\/parduotuve\/zaidimai\/mini-retro-console-pegasus-zaidimas\/#local-main-place-address"},"geo":{"@type":"GeoCoordinates","latitude":"54.8733071","longitude":"23.9494226"},"telephone":["+37068673611"],"openingHoursSpecification":[{"@type":"OpeningHoursSpecification","dayOfWeek":["Monday","Tuesday","Wednesday","Thursday","Friday","Saturday","Sunday"],"opens":"09:00","closes":"17:00"}],"email":"info@allstarretro.com","areaServed":"Lithuania","vatID":"LT100013495416","priceRange":"$$","currenciesAccepted":"Euras","paymentAccepted":"Visa, mastercard"},{"@type":"PostalAddress","@id":"https:\/\/allstarretro.com\/parduotuve\/zaidimai\/mini-retro-console-pegasus-zaidimas\/#local-main-place-address","streetAddress":"L.Ivinskio 18a","addressLocality":"Kaunas","postalCode":"45151","addressRegion":"Kaunas","addressCountry":"LT"},{"@type":"ImageObject","inLanguage":"de","@id":"https:\/\/allstarretro.com\/parduotuve\/zaidimai\/mini-retro-console-pegasus-zaidimas\/#local-main-organization-logo","url":"https:\/\/allstarretro.com\/wp-content\/uploads\/2025\/01\/allstarretro-mini-logo.webp","contentUrl":"https:\/\/allstarretro.com\/wp-content\/uploads\/2025\/01\/allstarretro-mini-logo.webp","width":130,"height":130,"caption":"AllStarRetro"}]},"geo.placename":"Kaunas","geo.position":{"lat":"54.8733071","long":"23.9494226"},"geo.region":"Litauen"},"_links":{"self":[{"href":"https:\/\/allstarretro.com\/de\/wp-json\/wp\/v2\/product\/32923"}],"collection":[{"href":"https:\/\/allstarretro.com\/de\/wp-json\/wp\/v2\/product"}],"about":[{"href":"https:\/\/allstarretro.com\/de\/wp-json\/wp\/v2\/types\/product"}],"replies":[{"embeddable":true,"href":"https:\/\/allstarretro.com\/de\/wp-json\/wp\/v2\/comments?post=32923"}],"wp:featuredmedia":[{"embeddable":true,"href":"https:\/\/allstarretro.com\/de\/wp-json\/wp\/v2\/media\/32727"}],"wp:attachment":[{"href":"https:\/\/allstarretro.com\/de\/wp-json\/wp\/v2\/media?parent=32923"}],"wp:term":[{"taxonomy":"product_cat","embeddable":true,"href":"https:\/\/allstarretro.com\/de\/wp-json\/wp\/v2\/product_cat?post=32923"},{"taxonomy":"product_tag","embeddable":true,"href":"https:\/\/allstarretro.com\/de\/wp-json\/wp\/v2\/product_tag?post=32923"}],"curies":[{"name":"wp","href":"https:\/\/api.w.org\/{rel}","templated":true}]}}