{"id":32928,"date":"2023-10-25T10:55:32","date_gmt":"2023-10-25T10:55:32","guid":{"rendered":"https:\/\/allstarretro.com\/?post_type=product&#038;p=32928"},"modified":"2025-01-31T10:27:13","modified_gmt":"2025-01-31T10:27:13","slug":"rokr-holzpuzzle-dampflok","status":"publish","type":"product","link":"https:\/\/allstarretro.com\/de\/parduotuve\/zaidimai\/rokr-wooden-puzzle-steam-train\/","title":{"rendered":"ROKR Holzpuzzle Dampflokomotive"},"content":{"rendered":"","protected":false},"excerpt":{"rendered":"<h2>Apkeliauti traukin\u012f<\/h2>\n<p>ROKR Holz-Dampfzug-Puzzle \u2013 Medinio modelio Bausatz, Weihnachts-\/Geburtstagsgeschenk f\u00fcr Teenager und Erwachsene. 3D-Holzpuzzle-Zug. Unser 3D-Holzpuzzle ist aus strapazierf\u00e4higer Sperrholz gefertigt. Mit ausgezeichneter Ingenieurleistung und hochwertigem Produktionsprozess.<\/p>\n<h2>VORTEILE VON PUZZLES<\/h2>\n<ul>\n<li>Alle Teile sind hochpr\u00e4zise lasergeschnitten, aber einige sind so klein, dass man kleine Finger oder ein weiches Werkzeug ben\u00f6tigt, um sie aus dem eng anliegenden Rahmen herauszudr\u00fccken.<\/li>\n<li>Ein lebendiger Englischf\u00fchrer mit klaren Anweisungen, keine Werkzeuge und kein Kleber n\u00f6tig. Sie k\u00f6nnen die Anweisungen auf Englisch leicht befolgen. Geduld und Vertrauen sind entscheidende Faktoren f\u00fcr die Fertigstellung des mechanischen Modells.<\/li>\n<li>F\u00fcr Erwachsene und Kinder. Verbesserung der Eltern-Kind-Kommunikation. Bieten Sie Unterhaltung.<\/li>\n<li>Das ist ein ideales und kreatives Geschenk, um Freunde, Familie, Geburtstage\/Weihnachten zu \u00fcberraschen. Eine ausgezeichnete Wahl f\u00fcr alle, die DIY lieben.<\/li>\n<\/ul>","protected":false},"featured_media":32742,"comment_status":"open","ping_status":"closed","template":"","meta":{"inline_featured_image":false},"product_cat":[339],"product_tag":[],"class_list":["post-32928","product","type-product","status-publish","has-post-thumbnail","hentry","product_cat-zaidimai"],"acf":[],"yoast_head":"<!-- This site is optimized with the Yoast SEO Premium plugin v21.8 (Yoast SEO v21.8) - https:\/\/yoast.com\/wordpress\/plugins\/seo\/ -->\n<title>ROKR Wooden Puzzle Steam Train<\/title>\n<meta name=\"robots\" content=\"index, follow, max-snippet:-1, max-image-preview:large, max-video-preview:-1\" \/>\n<link rel=\"canonical\" href=\"https:\/\/allstarretro.com\/de\/parduotuve\/spiele\/rokr-holzpuzzle-dampflok\/\" \/>\n<meta property=\"og:locale\" content=\"de_DE\" \/>\n<meta property=\"og:type\" content=\"article\" \/>\n<meta property=\"og:title\" content=\"ROKR Wooden Puzzle Steam Train\" \/>\n<meta property=\"og:description\" content=\"APIE TRAUKIN\u012e ROKR Wooden Puzzle Steam Train - medinio modelio konstravimo rinkinys, Kal\u0117d\u0173 \/ gimtadienio dovana paaugliams ir suaugusiems. 3D traukinio medin\u0117 d\u0117lion\u0117. M\u016bs\u0173 3D medin\u0117 d\u0117lion\u0117 pagaminta i\u0161 patvarios faneros. Su puikia in\u017einerija ir auk\u0161tos kokyb\u0117s gamybos procesu. PUZL\u0116S PRIVALUMAI   Visos dalys yra labai tiksliai nupjautos lazeriu, ta\u010diau kai kurios yra tokios ma\u017eos, kad norint jas i\u0161stumti i\u0161 sandaraus r\u0117mo, reikia ma\u017e\u0173 pir\u0161t\u0173 arba mink\u0161to \u012frankio.  Gyvas angl\u0173 kalbos vadovas su nuosekliomis instrukcijomis, nereikia joki\u0173 \u012franki\u0173 ir klij\u0173. Galite lengvai sekti instrukcijas angl\u0173 kalba. Kantryb\u0117 ir pasitik\u0117jimas yra b\u016btini veiksniai norint u\u017ebaigti mechanin\u012f model\u012f.  Tinka suaugusiems ir vaikams. Pagerinti t\u0117v\u0173 ir vaik\u0173 bendravim\u0105. Pateikite pramogas.  Tai ideali ir k\u016brybinga dovana nustebinti draugus, \u0161eimas, gimtadienio \/ Kal\u0117d\u0173 proga. Puikus pasirinkimas tiems, kurie m\u0117gsta \u201epasidaryk pats\u201c.\" \/>\n<meta property=\"og:url\" content=\"https:\/\/allstarretro.com\/de\/parduotuve\/spiele\/rokr-holzpuzzle-dampflok\/\" \/>\n<meta property=\"og:site_name\" content=\"AllStarRetro\" \/>\n<meta property=\"article:publisher\" content=\"https:\/\/www.facebook.com\/allstarretroLTU\" \/>\n<meta property=\"article:modified_time\" content=\"2025-01-31T10:27:13+00:00\" \/>\n<meta property=\"og:image\" content=\"https:\/\/allstarretro.com\/wp-content\/uploads\/2025\/01\/medinukas-traukinukaas.webp\" \/>\n\t<meta property=\"og:image:width\" content=\"1080\" \/>\n\t<meta property=\"og:image:height\" content=\"1080\" \/>\n\t<meta property=\"og:image:type\" content=\"image\/webp\" \/>\n<meta name=\"twitter:card\" content=\"summary_large_image\" \/>\n<meta name=\"twitter:site\" content=\"@allstarretroLTU\" \/>\n<meta name=\"twitter:label1\" content=\"Preis\" \/>\n\t<meta name=\"twitter:data1\" content=\"44.99&euro;\" \/>\n\t<meta name=\"twitter:label2\" content=\"Availability\" \/>\n\t<meta name=\"twitter:data2\" content=\"In stock\" \/>\n<script type=\"application\/ld+json\" class=\"yoast-schema-graph\">{\"@context\":\"https:\/\/schema.org\",\"@graph\":[{\"@type\":[\"WebPage\",\"ItemPage\"],\"@id\":\"https:\/\/allstarretro.com\/parduotuve\/zaidimai\/rokr-wooden-puzzle-steam-train\/\",\"url\":\"https:\/\/allstarretro.com\/parduotuve\/zaidimai\/rokr-wooden-puzzle-steam-train\/\",\"name\":\"ROKR Wooden Puzzle Steam Train\",\"isPartOf\":{\"@id\":\"https:\/\/allstarretro.com\/#website\"},\"datePublished\":\"2023-10-25T10:55:32+00:00\",\"dateModified\":\"2025-01-31T10:27:13+00:00\",\"breadcrumb\":{\"@id\":\"https:\/\/allstarretro.com\/parduotuve\/zaidimai\/rokr-wooden-puzzle-steam-train\/#breadcrumb\"},\"inLanguage\":\"de\",\"potentialAction\":[{\"@type\":\"ReadAction\",\"target\":[\"https:\/\/allstarretro.com\/parduotuve\/zaidimai\/rokr-wooden-puzzle-steam-train\/\"]}]},{\"@type\":\"BreadcrumbList\",\"@id\":\"https:\/\/allstarretro.com\/parduotuve\/zaidimai\/rokr-wooden-puzzle-steam-train\/#breadcrumb\",\"itemListElement\":[{\"@type\":\"ListItem\",\"position\":1,\"name\":\"Home\",\"item\":\"https:\/\/allstarretro.com\/\"},{\"@type\":\"ListItem\",\"position\":2,\"name\":\"Retro Stiliaus Nostalgijos Ir Vinta\u017eo Parduotuv\u0117\",\"item\":\"https:\/\/allstarretro.com\/parduotuve\/\"},{\"@type\":\"ListItem\",\"position\":3,\"name\":\"ROKR Wooden Puzzle Steam Train\"}]},{\"@type\":\"WebSite\",\"@id\":\"https:\/\/allstarretro.com\/#website\",\"url\":\"https:\/\/allstarretro.com\/\",\"name\":\"AllStarRetro\",\"description\":\"Retro Laikotarpio Stiliaus Produktai | AllStarRetro\",\"publisher\":{\"@id\":\"https:\/\/allstarretro.com\/#organization\"},\"alternateName\":\"AllStarRetro\",\"potentialAction\":[{\"@type\":\"SearchAction\",\"target\":{\"@type\":\"EntryPoint\",\"urlTemplate\":\"https:\/\/allstarretro.com\/?s={search_term_string}\"},\"query-input\":\"required name=search_term_string\"}],\"inLanguage\":\"de\"},{\"@type\":[\"Organization\",\"Place\",\"Store\"],\"@id\":\"https:\/\/allstarretro.com\/#organization\",\"name\":\"AllStarRetro\",\"alternateName\":\"AllStarRetro\",\"url\":\"https:\/\/allstarretro.com\/\",\"logo\":{\"@id\":\"https:\/\/allstarretro.com\/parduotuve\/zaidimai\/rokr-wooden-puzzle-steam-train\/#local-main-organization-logo\"},\"image\":{\"@id\":\"https:\/\/allstarretro.com\/parduotuve\/zaidimai\/rokr-wooden-puzzle-steam-train\/#local-main-organization-logo\"},\"sameAs\":[\"https:\/\/www.facebook.com\/allstarretroLTU\",\"https:\/\/twitter.com\/allstarretroLTU\"],\"publishingPrinciples\":\"https:\/\/allstarretro.com\/\",\"ownershipFundingInfo\":\"https:\/\/allstarretro.com\/teises-ir-isipareigojimai\/\",\"actionableFeedbackPolicy\":\"https:\/\/allstarretro.com\/privatumo-politika\/\",\"correctionsPolicy\":\"https:\/\/allstarretro.com\/pristatymas-ir-taisykles\/\",\"ethicsPolicy\":\"https:\/\/allstarretro.com\/teises-ir-isipareigojimai\/\",\"diversityPolicy\":\"https:\/\/allstarretro.com\/privatumo-politika\/\",\"diversityStaffingReport\":\"https:\/\/allstarretro.com\/privatumo-politika\/\",\"address\":{\"@id\":\"https:\/\/allstarretro.com\/parduotuve\/zaidimai\/rokr-wooden-puzzle-steam-train\/#local-main-place-address\"},\"geo\":{\"@type\":\"GeoCoordinates\",\"latitude\":\"54.8733071\",\"longitude\":\"23.9494226\"},\"telephone\":[\"+37068673611\"],\"openingHoursSpecification\":[{\"@type\":\"OpeningHoursSpecification\",\"dayOfWeek\":[\"Monday\",\"Tuesday\",\"Wednesday\",\"Thursday\",\"Friday\",\"Saturday\",\"Sunday\"],\"opens\":\"09:00\",\"closes\":\"17:00\"}],\"email\":\"info@allstarretro.com\",\"areaServed\":\"Lithuania\",\"vatID\":\"LT100013495416\",\"priceRange\":\"$$\",\"currenciesAccepted\":\"Euras\",\"paymentAccepted\":\"Visa, mastercard\"},{\"@type\":\"PostalAddress\",\"@id\":\"https:\/\/allstarretro.com\/parduotuve\/zaidimai\/rokr-wooden-puzzle-steam-train\/#local-main-place-address\",\"streetAddress\":\"L.Ivinskio 18a\",\"addressLocality\":\"Kaunas\",\"postalCode\":\"45151\",\"addressRegion\":\"Kaunas\",\"addressCountry\":\"LT\"},{\"@type\":\"ImageObject\",\"inLanguage\":\"de\",\"@id\":\"https:\/\/allstarretro.com\/parduotuve\/zaidimai\/rokr-wooden-puzzle-steam-train\/#local-main-organization-logo\",\"url\":\"https:\/\/allstarretro.com\/wp-content\/uploads\/2025\/01\/allstarretro-mini-logo.webp\",\"contentUrl\":\"https:\/\/allstarretro.com\/wp-content\/uploads\/2025\/01\/allstarretro-mini-logo.webp\",\"width\":130,\"height\":130,\"caption\":\"AllStarRetro\"}]}<\/script>\n<meta name=\"geo.placename\" content=\"Kaunas\" \/>\n<meta name=\"geo.position\" content=\"54.8733071;23.9494226\" \/>\n<meta name=\"geo.region\" content=\"Litauen\" \/>\n<!-- \/ Yoast SEO Premium plugin. -->","yoast_head_json":{"title":"ROKR Holzpuzzle Dampflokomotive","robots":{"index":"index","follow":"follow","max-snippet":"max-snippet:-1","max-image-preview":"max-image-preview:large","max-video-preview":"max-video-preview:-1"},"canonical":"https:\/\/allstarretro.com\/de\/parduotuve\/spiele\/rokr-holzpuzzle-dampflok\/","og_locale":"de_DE","og_type":"article","og_title":"ROKR Wooden Puzzle Steam Train","og_description":"APIE TRAUKIN\u012e ROKR Wooden Puzzle Steam Train - medinio modelio konstravimo rinkinys, Kal\u0117d\u0173 \/ gimtadienio dovana paaugliams ir suaugusiems. 3D traukinio medin\u0117 d\u0117lion\u0117. M\u016bs\u0173 3D medin\u0117 d\u0117lion\u0117 pagaminta i\u0161 patvarios faneros. Su puikia in\u017einerija ir auk\u0161tos kokyb\u0117s gamybos procesu. PUZL\u0116S PRIVALUMAI   Visos dalys yra labai tiksliai nupjautos lazeriu, ta\u010diau kai kurios yra tokios ma\u017eos, kad norint jas i\u0161stumti i\u0161 sandaraus r\u0117mo, reikia ma\u017e\u0173 pir\u0161t\u0173 arba mink\u0161to \u012frankio.  Gyvas angl\u0173 kalbos vadovas su nuosekliomis instrukcijomis, nereikia joki\u0173 \u012franki\u0173 ir klij\u0173. Galite lengvai sekti instrukcijas angl\u0173 kalba. Kantryb\u0117 ir pasitik\u0117jimas yra b\u016btini veiksniai norint u\u017ebaigti mechanin\u012f model\u012f.  Tinka suaugusiems ir vaikams. Pagerinti t\u0117v\u0173 ir vaik\u0173 bendravim\u0105. Pateikite pramogas.  Tai ideali ir k\u016brybinga dovana nustebinti draugus, \u0161eimas, gimtadienio \/ Kal\u0117d\u0173 proga. Puikus pasirinkimas tiems, kurie m\u0117gsta \u201epasidaryk pats\u201c.","og_url":"https:\/\/allstarretro.com\/de\/parduotuve\/spiele\/rokr-holzpuzzle-dampflok\/","og_site_name":"AllStarRetro","article_publisher":"https:\/\/www.facebook.com\/allstarretroLTU","article_modified_time":"2025-01-31T10:27:13+00:00","og_image":[{"width":1080,"height":1080,"url":"https:\/\/allstarretro.com\/wp-content\/uploads\/2025\/01\/medinukas-traukinukaas.webp","type":"image\/webp"}],"twitter_card":"summary_large_image","twitter_site":"@allstarretroLTU","twitter_misc":{"Preis":"44.99&euro;","Availability":"In stock"},"schema":{"@context":"https:\/\/schema.org","@graph":[{"@type":["WebPage","ItemPage"],"@id":"https:\/\/allstarretro.com\/parduotuve\/zaidimai\/rokr-wooden-puzzle-steam-train\/","url":"https:\/\/allstarretro.com\/parduotuve\/zaidimai\/rokr-wooden-puzzle-steam-train\/","name":"ROKR Holzpuzzle Dampflokomotive","isPartOf":{"@id":"https:\/\/allstarretro.com\/#website"},"datePublished":"2023-10-25T10:55:32+00:00","dateModified":"2025-01-31T10:27:13+00:00","breadcrumb":{"@id":"https:\/\/allstarretro.com\/parduotuve\/zaidimai\/rokr-wooden-puzzle-steam-train\/#breadcrumb"},"inLanguage":"de","potentialAction":[{"@type":"ReadAction","target":["https:\/\/allstarretro.com\/parduotuve\/zaidimai\/rokr-wooden-puzzle-steam-train\/"]}]},{"@type":"BreadcrumbList","@id":"https:\/\/allstarretro.com\/parduotuve\/zaidimai\/rokr-wooden-puzzle-steam-train\/#breadcrumb","itemListElement":[{"@type":"ListItem","position":1,"name":"Home","item":"https:\/\/allstarretro.com\/"},{"@type":"ListItem","position":2,"name":"Retro Stiliaus Nostalgijos Ir Vinta\u017eo Parduotuv\u0117","item":"https:\/\/allstarretro.com\/parduotuve\/"},{"@type":"ListItem","position":3,"name":"ROKR Wooden Puzzle Steam Train"}]},{"@type":"WebSite","@id":"https:\/\/allstarretro.com\/#website","url":"https:\/\/allstarretro.com\/","name":"AllStarRetro","description":"Retro-Badezimmer-Produkte im Stil | AllStarRetro","publisher":{"@id":"https:\/\/allstarretro.com\/#organization"},"alternateName":"AllStarRetro","potentialAction":[{"@type":"SearchAction","target":{"@type":"EntryPoint","urlTemplate":"https:\/\/allstarretro.com\/?s={search_term_string}"},"query-input":"required name=search_term_string"}],"inLanguage":"de"},{"@type":["Organization","Place","Store"],"@id":"https:\/\/allstarretro.com\/#organization","name":"AllStarRetro","alternateName":"AllStarRetro","url":"https:\/\/allstarretro.com\/","logo":{"@id":"https:\/\/allstarretro.com\/parduotuve\/zaidimai\/rokr-wooden-puzzle-steam-train\/#local-main-organization-logo"},"image":{"@id":"https:\/\/allstarretro.com\/parduotuve\/zaidimai\/rokr-wooden-puzzle-steam-train\/#local-main-organization-logo"},"sameAs":["https:\/\/www.facebook.com\/allstarretroLTU","https:\/\/twitter.com\/allstarretroLTU"],"publishingPrinciples":"https:\/\/allstarretro.com\/","ownershipFundingInfo":"https:\/\/allstarretro.com\/teises-ir-isipareigojimai\/","actionableFeedbackPolicy":"https:\/\/allstarretro.com\/privatumo-politika\/","correctionsPolicy":"https:\/\/allstarretro.com\/pristatymas-ir-taisykles\/","ethicsPolicy":"https:\/\/allstarretro.com\/teises-ir-isipareigojimai\/","diversityPolicy":"https:\/\/allstarretro.com\/privatumo-politika\/","diversityStaffingReport":"https:\/\/allstarretro.com\/privatumo-politika\/","address":{"@id":"https:\/\/allstarretro.com\/parduotuve\/zaidimai\/rokr-wooden-puzzle-steam-train\/#local-main-place-address"},"geo":{"@type":"GeoCoordinates","latitude":"54.8733071","longitude":"23.9494226"},"telephone":["+37068673611"],"openingHoursSpecification":[{"@type":"OpeningHoursSpecification","dayOfWeek":["Monday","Tuesday","Wednesday","Thursday","Friday","Saturday","Sunday"],"opens":"09:00","closes":"17:00"}],"email":"info@allstarretro.com","areaServed":"Lithuania","vatID":"LT100013495416","priceRange":"$$","currenciesAccepted":"Euras","paymentAccepted":"Visa, mastercard"},{"@type":"PostalAddress","@id":"https:\/\/allstarretro.com\/parduotuve\/zaidimai\/rokr-wooden-puzzle-steam-train\/#local-main-place-address","streetAddress":"L.Ivinskio 18a","addressLocality":"Kaunas","postalCode":"45151","addressRegion":"Kaunas","addressCountry":"LT"},{"@type":"ImageObject","inLanguage":"de","@id":"https:\/\/allstarretro.com\/parduotuve\/zaidimai\/rokr-wooden-puzzle-steam-train\/#local-main-organization-logo","url":"https:\/\/allstarretro.com\/wp-content\/uploads\/2025\/01\/allstarretro-mini-logo.webp","contentUrl":"https:\/\/allstarretro.com\/wp-content\/uploads\/2025\/01\/allstarretro-mini-logo.webp","width":130,"height":130,"caption":"AllStarRetro"}]},"geo.placename":"Kaunas","geo.position":{"lat":"54.8733071","long":"23.9494226"},"geo.region":"Litauen"},"_links":{"self":[{"href":"https:\/\/allstarretro.com\/de\/wp-json\/wp\/v2\/product\/32928"}],"collection":[{"href":"https:\/\/allstarretro.com\/de\/wp-json\/wp\/v2\/product"}],"about":[{"href":"https:\/\/allstarretro.com\/de\/wp-json\/wp\/v2\/types\/product"}],"replies":[{"embeddable":true,"href":"https:\/\/allstarretro.com\/de\/wp-json\/wp\/v2\/comments?post=32928"}],"wp:featuredmedia":[{"embeddable":true,"href":"https:\/\/allstarretro.com\/de\/wp-json\/wp\/v2\/media\/32742"}],"wp:attachment":[{"href":"https:\/\/allstarretro.com\/de\/wp-json\/wp\/v2\/media?parent=32928"}],"wp:term":[{"taxonomy":"product_cat","embeddable":true,"href":"https:\/\/allstarretro.com\/de\/wp-json\/wp\/v2\/product_cat?post=32928"},{"taxonomy":"product_tag","embeddable":true,"href":"https:\/\/allstarretro.com\/de\/wp-json\/wp\/v2\/product_tag?post=32928"}],"curies":[{"name":"wp","href":"https:\/\/api.w.org\/{rel}","templated":true}]}}