{"id":32929,"date":"2023-10-26T08:40:49","date_gmt":"2023-10-26T08:40:49","guid":{"rendered":"https:\/\/allstarretro.com\/?post_type=product&#038;p=32929"},"modified":"2025-01-31T10:29:33","modified_gmt":"2025-01-31T10:29:33","slug":"justup-duschvorleger","status":"publish","type":"product","link":"https:\/\/allstarretro.com\/de\/parduotuve\/namu-interjeras\/justup-geliu-vonios-kilimelis\/","title":{"rendered":"Justup Blumen-Badezimmerteppich"},"content":{"rendered":"","protected":false},"excerpt":{"rendered":"<h2>\u00dcBER DIE MATTE<\/h2>\n<p>Justup Blumen-Badezimmermatte. Die Matte ist f\u00fcr den Einsatz im Badezimmer, WC, in der Dusche oder im Wohnzimmer geeignet. Diese blumenf\u00f6rmige Badematte ist sehr zart und niedlich. Das Design ist einfach und vielseitig, l\u00e4sst sich leicht mit verschiedenen R\u00e4umen kombinieren und verbessert gleichzeitig die Lebensqualit\u00e4t. Die Matte ist flauschig, weich und rutschfest.<\/p>\n<h2>JUSTUP PRIVALUMAI<\/h2>\n<ul>\n<li>Retro-Design.<\/li>\n<li>Abmessungen 65,02\u00d765,02\u00d70,03 cm.<\/li>\n<li>Waschbar.<\/li>\n<li>Badezimmermatte aus Mikrofaser, hochflorige und flauschige Badematte, der Stoff ist weich und bequem, der den Fu\u00dfdruck und die Erm\u00fcdung reduzieren kann. Gute Wasseraufnahme und schnell trocknender Effekt.<\/li>\n<li>Multifunktional: Dieser Badvorleger eignet sich hervorragend f\u00fcr den Familiengebrauch. Das einzigartige und niedliche Aussehen eignet sich gut als Spielteppich f\u00fcr Kinder oder als Teppich f\u00fcr Haustiere. Es ist ein multifunktionaler Bodenteppich. Mehrere R\u00e4ume geeignete Badvorleger k\u00f6nnen vielseitig in Badezimmern, Toiletten, Schlafzimmern, K\u00fcchen und vor T\u00fcren eingesetzt werden.<\/li>\n<\/ul>","protected":false},"featured_media":32746,"comment_status":"open","ping_status":"closed","template":"","meta":{"inline_featured_image":false},"product_cat":[340],"product_tag":[],"class_list":["post-32929","product","type-product","status-publish","has-post-thumbnail","hentry","product_cat-namu-interjeras"],"acf":[],"yoast_head":"<!-- This site is optimized with the Yoast SEO Premium plugin v21.8 (Yoast SEO v21.8) - https:\/\/yoast.com\/wordpress\/plugins\/seo\/ -->\n<title>Justup G\u0117li\u0173 Vonios Kilim\u0117lis<\/title>\n<meta name=\"robots\" content=\"index, follow, max-snippet:-1, max-image-preview:large, max-video-preview:-1\" \/>\n<link rel=\"canonical\" href=\"https:\/\/allstarretro.com\/de\/parduotuve\/guten-tag\/justup-duschvorleger\/\" \/>\n<meta property=\"og:locale\" content=\"de_DE\" \/>\n<meta property=\"og:type\" content=\"article\" \/>\n<meta property=\"og:title\" content=\"Justup G\u0117li\u0173 Vonios Kilim\u0117lis\" \/>\n<meta property=\"og:description\" content=\"APIE KILIM\u0116L\u012e Justup G\u0117li\u0173 Vonios Kilim\u0117lis. Kilim\u0117lis yra pritaikytas naudoti vonios kambaryje, tualete, du\u0161e ar svetain\u0117je. \u0160is g\u0117l\u0117s formos vonios kilim\u0117lis yra labai subtilus ir mielas. Dizainas yra paprastas ir universalus, j\u012f galima lengvai derinti su skirtingomis patalpomis ir tuo pa\u010diu pagerinti gyvenimo kokyb\u0119. Kilim\u0117lis yra p\u016bkuotas, mink\u0161tas ir neslystantis. JUSTUP PRIVALUMAI   Retro dizainas.  I\u0161matavimai 65,02x65,02x0,03 cm.  Galima skalbti.  Vonios kilim\u0117lis pagamintas i\u0161 mikropluo\u0161to med\u017eiagos, auk\u0161to ir ma\u017eai p\u016bkuojan\u010dio vonios kilim\u0117lio, audinys yra mink\u0161tas ir patogus, kuris gali suma\u017einti p\u0117d\u0173 spaudim\u0105 ir nuovarg\u012f. Geras vandens sug\u0117rimas ir greito d\u017ei\u016bvimo efektas.  Daugiafunkcis: \u0161is vonios kilim\u0117lis labai tinkamas naudoti \u0161eimai. Unikali ir miela i\u0161vaizda labai tinka vaik\u0173 \u017eaidim\u0173 kilim\u0117liams ar namini\u0173 gyv\u016bn\u0117li\u0173 kilim\u0117liams. Tai daugiafunkcinis grind\u0173 kilim\u0117lis. Vonios kilim\u0117liai, tinkami keliems kambariams, gali b\u016bti pla\u010diai naudojami vonios kambariuose, tualetuose, miegamuosiuose, virtuv\u0117se ir prie dur\u0173.\" \/>\n<meta property=\"og:url\" content=\"https:\/\/allstarretro.com\/de\/parduotuve\/guten-tag\/justup-duschvorleger\/\" \/>\n<meta property=\"og:site_name\" content=\"AllStarRetro\" \/>\n<meta property=\"article:publisher\" content=\"https:\/\/www.facebook.com\/allstarretroLTU\" \/>\n<meta property=\"article:modified_time\" content=\"2025-01-31T10:29:33+00:00\" \/>\n<meta property=\"og:image\" content=\"https:\/\/allstarretro.com\/wp-content\/uploads\/2025\/01\/justup-geliu-vonios-kilimelis-allstarretro.com_.webp\" \/>\n\t<meta property=\"og:image:width\" content=\"1080\" \/>\n\t<meta property=\"og:image:height\" content=\"1080\" \/>\n\t<meta property=\"og:image:type\" content=\"image\/webp\" \/>\n<meta name=\"twitter:card\" content=\"summary_large_image\" \/>\n<meta name=\"twitter:site\" content=\"@allstarretroLTU\" \/>\n<meta name=\"twitter:label1\" content=\"Preis\" \/>\n\t<meta name=\"twitter:data1\" content=\"49.99&euro;\" \/>\n\t<meta name=\"twitter:label2\" content=\"Availability\" \/>\n\t<meta name=\"twitter:data2\" content=\"In stock\" \/>\n<script type=\"application\/ld+json\" class=\"yoast-schema-graph\">{\"@context\":\"https:\/\/schema.org\",\"@graph\":[{\"@type\":[\"WebPage\",\"ItemPage\"],\"@id\":\"https:\/\/allstarretro.com\/parduotuve\/namu-interjeras\/justup-geliu-vonios-kilimelis\/\",\"url\":\"https:\/\/allstarretro.com\/parduotuve\/namu-interjeras\/justup-geliu-vonios-kilimelis\/\",\"name\":\"Justup G\u0117li\u0173 Vonios Kilim\u0117lis\",\"isPartOf\":{\"@id\":\"https:\/\/allstarretro.com\/#website\"},\"datePublished\":\"2023-10-26T08:40:49+00:00\",\"dateModified\":\"2025-01-31T10:29:33+00:00\",\"breadcrumb\":{\"@id\":\"https:\/\/allstarretro.com\/parduotuve\/namu-interjeras\/justup-geliu-vonios-kilimelis\/#breadcrumb\"},\"inLanguage\":\"de\",\"potentialAction\":[{\"@type\":\"ReadAction\",\"target\":[\"https:\/\/allstarretro.com\/parduotuve\/namu-interjeras\/justup-geliu-vonios-kilimelis\/\"]}]},{\"@type\":\"BreadcrumbList\",\"@id\":\"https:\/\/allstarretro.com\/parduotuve\/namu-interjeras\/justup-geliu-vonios-kilimelis\/#breadcrumb\",\"itemListElement\":[{\"@type\":\"ListItem\",\"position\":1,\"name\":\"Home\",\"item\":\"https:\/\/allstarretro.com\/\"},{\"@type\":\"ListItem\",\"position\":2,\"name\":\"Retro Stiliaus Nostalgijos Ir Vinta\u017eo Parduotuv\u0117\",\"item\":\"https:\/\/allstarretro.com\/parduotuve\/\"},{\"@type\":\"ListItem\",\"position\":3,\"name\":\"Justup G\u0117li\u0173 Vonios Kilim\u0117lis\"}]},{\"@type\":\"WebSite\",\"@id\":\"https:\/\/allstarretro.com\/#website\",\"url\":\"https:\/\/allstarretro.com\/\",\"name\":\"AllStarRetro\",\"description\":\"Retro Laikotarpio Stiliaus Produktai | AllStarRetro\",\"publisher\":{\"@id\":\"https:\/\/allstarretro.com\/#organization\"},\"alternateName\":\"AllStarRetro\",\"potentialAction\":[{\"@type\":\"SearchAction\",\"target\":{\"@type\":\"EntryPoint\",\"urlTemplate\":\"https:\/\/allstarretro.com\/?s={search_term_string}\"},\"query-input\":\"required name=search_term_string\"}],\"inLanguage\":\"de\"},{\"@type\":[\"Organization\",\"Place\",\"Store\"],\"@id\":\"https:\/\/allstarretro.com\/#organization\",\"name\":\"AllStarRetro\",\"alternateName\":\"AllStarRetro\",\"url\":\"https:\/\/allstarretro.com\/\",\"logo\":{\"@id\":\"https:\/\/allstarretro.com\/parduotuve\/namu-interjeras\/justup-geliu-vonios-kilimelis\/#local-main-organization-logo\"},\"image\":{\"@id\":\"https:\/\/allstarretro.com\/parduotuve\/namu-interjeras\/justup-geliu-vonios-kilimelis\/#local-main-organization-logo\"},\"sameAs\":[\"https:\/\/www.facebook.com\/allstarretroLTU\",\"https:\/\/twitter.com\/allstarretroLTU\"],\"publishingPrinciples\":\"https:\/\/allstarretro.com\/\",\"ownershipFundingInfo\":\"https:\/\/allstarretro.com\/teises-ir-isipareigojimai\/\",\"actionableFeedbackPolicy\":\"https:\/\/allstarretro.com\/privatumo-politika\/\",\"correctionsPolicy\":\"https:\/\/allstarretro.com\/pristatymas-ir-taisykles\/\",\"ethicsPolicy\":\"https:\/\/allstarretro.com\/teises-ir-isipareigojimai\/\",\"diversityPolicy\":\"https:\/\/allstarretro.com\/privatumo-politika\/\",\"diversityStaffingReport\":\"https:\/\/allstarretro.com\/privatumo-politika\/\",\"address\":{\"@id\":\"https:\/\/allstarretro.com\/parduotuve\/namu-interjeras\/justup-geliu-vonios-kilimelis\/#local-main-place-address\"},\"geo\":{\"@type\":\"GeoCoordinates\",\"latitude\":\"54.8733071\",\"longitude\":\"23.9494226\"},\"telephone\":[\"+37068673611\"],\"openingHoursSpecification\":[{\"@type\":\"OpeningHoursSpecification\",\"dayOfWeek\":[\"Monday\",\"Tuesday\",\"Wednesday\",\"Thursday\",\"Friday\",\"Saturday\",\"Sunday\"],\"opens\":\"09:00\",\"closes\":\"17:00\"}],\"email\":\"info@allstarretro.com\",\"areaServed\":\"Lithuania\",\"vatID\":\"LT100013495416\",\"priceRange\":\"$$\",\"currenciesAccepted\":\"Euras\",\"paymentAccepted\":\"Visa, mastercard\"},{\"@type\":\"PostalAddress\",\"@id\":\"https:\/\/allstarretro.com\/parduotuve\/namu-interjeras\/justup-geliu-vonios-kilimelis\/#local-main-place-address\",\"streetAddress\":\"L.Ivinskio 18a\",\"addressLocality\":\"Kaunas\",\"postalCode\":\"45151\",\"addressRegion\":\"Kaunas\",\"addressCountry\":\"LT\"},{\"@type\":\"ImageObject\",\"inLanguage\":\"de\",\"@id\":\"https:\/\/allstarretro.com\/parduotuve\/namu-interjeras\/justup-geliu-vonios-kilimelis\/#local-main-organization-logo\",\"url\":\"https:\/\/allstarretro.com\/wp-content\/uploads\/2025\/01\/allstarretro-mini-logo.webp\",\"contentUrl\":\"https:\/\/allstarretro.com\/wp-content\/uploads\/2025\/01\/allstarretro-mini-logo.webp\",\"width\":130,\"height\":130,\"caption\":\"AllStarRetro\"}]}<\/script>\n<meta name=\"geo.placename\" content=\"Kaunas\" \/>\n<meta name=\"geo.position\" content=\"54.8733071;23.9494226\" \/>\n<meta name=\"geo.region\" content=\"Litauen\" \/>\n<!-- \/ Yoast SEO Premium plugin. -->","yoast_head_json":{"title":"Justup Blumen-Badezimmerteppich","robots":{"index":"index","follow":"follow","max-snippet":"max-snippet:-1","max-image-preview":"max-image-preview:large","max-video-preview":"max-video-preview:-1"},"canonical":"https:\/\/allstarretro.com\/de\/parduotuve\/guten-tag\/justup-duschvorleger\/","og_locale":"de_DE","og_type":"article","og_title":"Justup G\u0117li\u0173 Vonios Kilim\u0117lis","og_description":"APIE KILIM\u0116L\u012e Justup G\u0117li\u0173 Vonios Kilim\u0117lis. Kilim\u0117lis yra pritaikytas naudoti vonios kambaryje, tualete, du\u0161e ar svetain\u0117je. \u0160is g\u0117l\u0117s formos vonios kilim\u0117lis yra labai subtilus ir mielas. Dizainas yra paprastas ir universalus, j\u012f galima lengvai derinti su skirtingomis patalpomis ir tuo pa\u010diu pagerinti gyvenimo kokyb\u0119. Kilim\u0117lis yra p\u016bkuotas, mink\u0161tas ir neslystantis. JUSTUP PRIVALUMAI   Retro dizainas.  I\u0161matavimai 65,02x65,02x0,03 cm.  Galima skalbti.  Vonios kilim\u0117lis pagamintas i\u0161 mikropluo\u0161to med\u017eiagos, auk\u0161to ir ma\u017eai p\u016bkuojan\u010dio vonios kilim\u0117lio, audinys yra mink\u0161tas ir patogus, kuris gali suma\u017einti p\u0117d\u0173 spaudim\u0105 ir nuovarg\u012f. Geras vandens sug\u0117rimas ir greito d\u017ei\u016bvimo efektas.  Daugiafunkcis: \u0161is vonios kilim\u0117lis labai tinkamas naudoti \u0161eimai. Unikali ir miela i\u0161vaizda labai tinka vaik\u0173 \u017eaidim\u0173 kilim\u0117liams ar namini\u0173 gyv\u016bn\u0117li\u0173 kilim\u0117liams. Tai daugiafunkcinis grind\u0173 kilim\u0117lis. Vonios kilim\u0117liai, tinkami keliems kambariams, gali b\u016bti pla\u010diai naudojami vonios kambariuose, tualetuose, miegamuosiuose, virtuv\u0117se ir prie dur\u0173.","og_url":"https:\/\/allstarretro.com\/de\/parduotuve\/guten-tag\/justup-duschvorleger\/","og_site_name":"AllStarRetro","article_publisher":"https:\/\/www.facebook.com\/allstarretroLTU","article_modified_time":"2025-01-31T10:29:33+00:00","og_image":[{"width":1080,"height":1080,"url":"https:\/\/allstarretro.com\/wp-content\/uploads\/2025\/01\/justup-geliu-vonios-kilimelis-allstarretro.com_.webp","type":"image\/webp"}],"twitter_card":"summary_large_image","twitter_site":"@allstarretroLTU","twitter_misc":{"Preis":"49.99&euro;","Availability":"In stock"},"schema":{"@context":"https:\/\/schema.org","@graph":[{"@type":["WebPage","ItemPage"],"@id":"https:\/\/allstarretro.com\/parduotuve\/namu-interjeras\/justup-geliu-vonios-kilimelis\/","url":"https:\/\/allstarretro.com\/parduotuve\/namu-interjeras\/justup-geliu-vonios-kilimelis\/","name":"Justup Blumen-Badezimmerteppich","isPartOf":{"@id":"https:\/\/allstarretro.com\/#website"},"datePublished":"2023-10-26T08:40:49+00:00","dateModified":"2025-01-31T10:29:33+00:00","breadcrumb":{"@id":"https:\/\/allstarretro.com\/parduotuve\/namu-interjeras\/justup-geliu-vonios-kilimelis\/#breadcrumb"},"inLanguage":"de","potentialAction":[{"@type":"ReadAction","target":["https:\/\/allstarretro.com\/parduotuve\/namu-interjeras\/justup-geliu-vonios-kilimelis\/"]}]},{"@type":"BreadcrumbList","@id":"https:\/\/allstarretro.com\/parduotuve\/namu-interjeras\/justup-geliu-vonios-kilimelis\/#breadcrumb","itemListElement":[{"@type":"ListItem","position":1,"name":"Home","item":"https:\/\/allstarretro.com\/"},{"@type":"ListItem","position":2,"name":"Retro Stiliaus Nostalgijos Ir Vinta\u017eo Parduotuv\u0117","item":"https:\/\/allstarretro.com\/parduotuve\/"},{"@type":"ListItem","position":3,"name":"Justup G\u0117li\u0173 Vonios Kilim\u0117lis"}]},{"@type":"WebSite","@id":"https:\/\/allstarretro.com\/#website","url":"https:\/\/allstarretro.com\/","name":"AllStarRetro","description":"Retro-Badezimmer-Produkte im Stil | AllStarRetro","publisher":{"@id":"https:\/\/allstarretro.com\/#organization"},"alternateName":"AllStarRetro","potentialAction":[{"@type":"SearchAction","target":{"@type":"EntryPoint","urlTemplate":"https:\/\/allstarretro.com\/?s={search_term_string}"},"query-input":"required name=search_term_string"}],"inLanguage":"de"},{"@type":["Organization","Place","Store"],"@id":"https:\/\/allstarretro.com\/#organization","name":"AllStarRetro","alternateName":"AllStarRetro","url":"https:\/\/allstarretro.com\/","logo":{"@id":"https:\/\/allstarretro.com\/parduotuve\/namu-interjeras\/justup-geliu-vonios-kilimelis\/#local-main-organization-logo"},"image":{"@id":"https:\/\/allstarretro.com\/parduotuve\/namu-interjeras\/justup-geliu-vonios-kilimelis\/#local-main-organization-logo"},"sameAs":["https:\/\/www.facebook.com\/allstarretroLTU","https:\/\/twitter.com\/allstarretroLTU"],"publishingPrinciples":"https:\/\/allstarretro.com\/","ownershipFundingInfo":"https:\/\/allstarretro.com\/teises-ir-isipareigojimai\/","actionableFeedbackPolicy":"https:\/\/allstarretro.com\/privatumo-politika\/","correctionsPolicy":"https:\/\/allstarretro.com\/pristatymas-ir-taisykles\/","ethicsPolicy":"https:\/\/allstarretro.com\/teises-ir-isipareigojimai\/","diversityPolicy":"https:\/\/allstarretro.com\/privatumo-politika\/","diversityStaffingReport":"https:\/\/allstarretro.com\/privatumo-politika\/","address":{"@id":"https:\/\/allstarretro.com\/parduotuve\/namu-interjeras\/justup-geliu-vonios-kilimelis\/#local-main-place-address"},"geo":{"@type":"GeoCoordinates","latitude":"54.8733071","longitude":"23.9494226"},"telephone":["+37068673611"],"openingHoursSpecification":[{"@type":"OpeningHoursSpecification","dayOfWeek":["Monday","Tuesday","Wednesday","Thursday","Friday","Saturday","Sunday"],"opens":"09:00","closes":"17:00"}],"email":"info@allstarretro.com","areaServed":"Lithuania","vatID":"LT100013495416","priceRange":"$$","currenciesAccepted":"Euras","paymentAccepted":"Visa, mastercard"},{"@type":"PostalAddress","@id":"https:\/\/allstarretro.com\/parduotuve\/namu-interjeras\/justup-geliu-vonios-kilimelis\/#local-main-place-address","streetAddress":"L.Ivinskio 18a","addressLocality":"Kaunas","postalCode":"45151","addressRegion":"Kaunas","addressCountry":"LT"},{"@type":"ImageObject","inLanguage":"de","@id":"https:\/\/allstarretro.com\/parduotuve\/namu-interjeras\/justup-geliu-vonios-kilimelis\/#local-main-organization-logo","url":"https:\/\/allstarretro.com\/wp-content\/uploads\/2025\/01\/allstarretro-mini-logo.webp","contentUrl":"https:\/\/allstarretro.com\/wp-content\/uploads\/2025\/01\/allstarretro-mini-logo.webp","width":130,"height":130,"caption":"AllStarRetro"}]},"geo.placename":"Kaunas","geo.position":{"lat":"54.8733071","long":"23.9494226"},"geo.region":"Litauen"},"_links":{"self":[{"href":"https:\/\/allstarretro.com\/de\/wp-json\/wp\/v2\/product\/32929"}],"collection":[{"href":"https:\/\/allstarretro.com\/de\/wp-json\/wp\/v2\/product"}],"about":[{"href":"https:\/\/allstarretro.com\/de\/wp-json\/wp\/v2\/types\/product"}],"replies":[{"embeddable":true,"href":"https:\/\/allstarretro.com\/de\/wp-json\/wp\/v2\/comments?post=32929"}],"wp:featuredmedia":[{"embeddable":true,"href":"https:\/\/allstarretro.com\/de\/wp-json\/wp\/v2\/media\/32746"}],"wp:attachment":[{"href":"https:\/\/allstarretro.com\/de\/wp-json\/wp\/v2\/media?parent=32929"}],"wp:term":[{"taxonomy":"product_cat","embeddable":true,"href":"https:\/\/allstarretro.com\/de\/wp-json\/wp\/v2\/product_cat?post=32929"},{"taxonomy":"product_tag","embeddable":true,"href":"https:\/\/allstarretro.com\/de\/wp-json\/wp\/v2\/product_tag?post=32929"}],"curies":[{"name":"wp","href":"https:\/\/api.w.org\/{rel}","templated":true}]}}