{"id":32930,"date":"2023-10-26T08:41:11","date_gmt":"2023-10-26T08:41:11","guid":{"rendered":"https:\/\/allstarretro.com\/?post_type=product&#038;p=32930"},"modified":"2025-01-31T10:35:23","modified_gmt":"2025-01-31T10:35:23","slug":"xudrez-krastovaizdzio-smilkalu-degiklis","status":"publish","type":"product","link":"https:\/\/allstarretro.com\/de\/parduotuve\/namu-interjeras\/xudrez-krastovaizdzio-smilkalu-degiklis\/","title":{"rendered":"XUDREZ Landschafts-R\u00e4ucherst\u00e4bchenhalter"},"content":{"rendered":"","protected":false},"excerpt":{"rendered":"<h2>APIE SMILKAL\u0172 DEGIKL\u012e<\/h2>\n<p>XUDREZ Smilkal\u0173 Degiklis. XUDREZ atgalinio srauto smilkytuvas pagamintas i\u0161 keramikos, i\u0161skirtinio rank\u0173 darbo, gali b\u016bti klasikinis dekoras. Jei pastatysite j\u012f nev\u0117juotoje aplinkoje, smilkalai tolygiai sklaidysis degiklyje.<\/p>\n<h2>XUDREZ PRIVALUAI<\/h2>\n<ul>\n<li>Lengva ne\u0161iotis ir valyti. Tinka namuose, biure, meditacijai, jogai ir kt. U\u017edekite smilkalus, kad b\u016bt\u0173 \u0161ilta ir jauku.<\/li>\n<li>\u012e paket\u0105 \u012feina: 1 x Dragon smilkal\u0173 laikiklis + 20 vienet\u0173 atgalinio srauto smilkal\u0173 k\u016bgiai + 30 lazdeli\u0173 + 1 kilim\u0117lis + 1 pinceta.<\/li>\n<li>Valymas: Ant smilkinio k\u016bgio pavir\u0161iaus u\u017etepkite nedidel\u012f kiek\u012f ploviklio ir nuplaukite \u0161iltu arba kar\u0161tu vandeniu. Naudokite vienkartinius vatos tamponus, kad pa\u0161alintum\u0117te p\u0117dsakus smilkal\u0173 k\u016bgio degimo vietoje. L\u0117tai nusausinkite smilkikl\u012f sausu rank\u0161luos\u010diu.<\/li>\n<\/ul>","protected":false},"featured_media":32750,"comment_status":"open","ping_status":"closed","template":"","meta":{"inline_featured_image":false},"product_cat":[340],"product_tag":[],"class_list":["post-32930","product","type-product","status-publish","has-post-thumbnail","hentry","product_cat-namu-interjeras"],"acf":[],"yoast_head":"<!-- This site is optimized with the Yoast SEO Premium plugin v21.8 (Yoast SEO v21.8) - https:\/\/yoast.com\/wordpress\/plugins\/seo\/ -->\n<title>XUDREZ Kra\u0161tovaizd\u017eio Smilkal\u0173 Degiklis<\/title>\n<meta name=\"robots\" content=\"index, follow, max-snippet:-1, max-image-preview:large, max-video-preview:-1\" \/>\n<link rel=\"canonical\" href=\"https:\/\/allstarretro.com\/de\/parduotuve\/guten-tag\/xudrez-krastovaizdzio-smilkalu-degiklis\/\" \/>\n<meta property=\"og:locale\" content=\"de_DE\" \/>\n<meta property=\"og:type\" content=\"article\" \/>\n<meta property=\"og:title\" content=\"XUDREZ Kra\u0161tovaizd\u017eio Smilkal\u0173 Degiklis\" \/>\n<meta property=\"og:description\" content=\"APIE SMILKAL\u0172 DEGIKL\u012e XUDREZ Smilkal\u0173 Degiklis. XUDREZ atgalinio srauto smilkytuvas pagamintas i\u0161 keramikos, i\u0161skirtinio rank\u0173 darbo, gali b\u016bti klasikinis dekoras. Jei pastatysite j\u012f nev\u0117juotoje aplinkoje, smilkalai tolygiai sklaidysis degiklyje. XUDREZ PRIVALUAI   Lengva ne\u0161iotis ir valyti. Tinka namuose, biure, meditacijai, jogai ir kt. U\u017edekite smilkalus, kad b\u016bt\u0173 \u0161ilta ir jauku.  \u012e paket\u0105 \u012feina: 1 x Dragon smilkal\u0173 laikiklis + 20 vienet\u0173 atgalinio srauto smilkal\u0173 k\u016bgiai + 30 lazdeli\u0173 + 1 kilim\u0117lis + 1 pinceta.  Valymas: Ant smilkinio k\u016bgio pavir\u0161iaus u\u017etepkite nedidel\u012f kiek\u012f ploviklio ir nuplaukite \u0161iltu arba kar\u0161tu vandeniu. Naudokite vienkartinius vatos tamponus, kad pa\u0161alintum\u0117te p\u0117dsakus smilkal\u0173 k\u016bgio degimo vietoje. L\u0117tai nusausinkite smilkikl\u012f sausu rank\u0161luos\u010diu.\" \/>\n<meta property=\"og:url\" content=\"https:\/\/allstarretro.com\/de\/parduotuve\/guten-tag\/xudrez-krastovaizdzio-smilkalu-degiklis\/\" \/>\n<meta property=\"og:site_name\" content=\"AllStarRetro\" \/>\n<meta property=\"article:publisher\" content=\"https:\/\/www.facebook.com\/allstarretroLTU\" \/>\n<meta property=\"article:modified_time\" content=\"2025-01-31T10:35:23+00:00\" \/>\n<meta property=\"og:image\" content=\"https:\/\/allstarretro.com\/wp-content\/uploads\/2025\/01\/XUDREZ-smilkalu-degiklis.webp\" \/>\n\t<meta property=\"og:image:width\" content=\"1080\" \/>\n\t<meta property=\"og:image:height\" content=\"1080\" \/>\n\t<meta property=\"og:image:type\" content=\"image\/webp\" \/>\n<meta name=\"twitter:card\" content=\"summary_large_image\" \/>\n<meta name=\"twitter:site\" content=\"@allstarretroLTU\" \/>\n<meta name=\"twitter:label1\" content=\"Preis\" \/>\n\t<meta name=\"twitter:data1\" content=\"49.99&euro;\" \/>\n\t<meta name=\"twitter:label2\" content=\"Availability\" \/>\n\t<meta name=\"twitter:data2\" content=\"In stock\" \/>\n<script type=\"application\/ld+json\" class=\"yoast-schema-graph\">{\"@context\":\"https:\/\/schema.org\",\"@graph\":[{\"@type\":[\"WebPage\",\"ItemPage\"],\"@id\":\"https:\/\/allstarretro.com\/parduotuve\/namu-interjeras\/xudrez-krastovaizdzio-smilkalu-degiklis\/\",\"url\":\"https:\/\/allstarretro.com\/parduotuve\/namu-interjeras\/xudrez-krastovaizdzio-smilkalu-degiklis\/\",\"name\":\"XUDREZ Kra\u0161tovaizd\u017eio Smilkal\u0173 Degiklis\",\"isPartOf\":{\"@id\":\"https:\/\/allstarretro.com\/#website\"},\"datePublished\":\"2023-10-26T08:41:11+00:00\",\"dateModified\":\"2025-01-31T10:35:23+00:00\",\"breadcrumb\":{\"@id\":\"https:\/\/allstarretro.com\/parduotuve\/namu-interjeras\/xudrez-krastovaizdzio-smilkalu-degiklis\/#breadcrumb\"},\"inLanguage\":\"de\",\"potentialAction\":[{\"@type\":\"ReadAction\",\"target\":[\"https:\/\/allstarretro.com\/parduotuve\/namu-interjeras\/xudrez-krastovaizdzio-smilkalu-degiklis\/\"]}]},{\"@type\":\"BreadcrumbList\",\"@id\":\"https:\/\/allstarretro.com\/parduotuve\/namu-interjeras\/xudrez-krastovaizdzio-smilkalu-degiklis\/#breadcrumb\",\"itemListElement\":[{\"@type\":\"ListItem\",\"position\":1,\"name\":\"Home\",\"item\":\"https:\/\/allstarretro.com\/\"},{\"@type\":\"ListItem\",\"position\":2,\"name\":\"Retro Stiliaus Nostalgijos Ir Vinta\u017eo Parduotuv\u0117\",\"item\":\"https:\/\/allstarretro.com\/parduotuve\/\"},{\"@type\":\"ListItem\",\"position\":3,\"name\":\"XUDREZ Kra\u0161tovaizd\u017eio Smilkal\u0173 Degiklis\"}]},{\"@type\":\"WebSite\",\"@id\":\"https:\/\/allstarretro.com\/#website\",\"url\":\"https:\/\/allstarretro.com\/\",\"name\":\"AllStarRetro\",\"description\":\"Retro Laikotarpio Stiliaus Produktai | AllStarRetro\",\"publisher\":{\"@id\":\"https:\/\/allstarretro.com\/#organization\"},\"alternateName\":\"AllStarRetro\",\"potentialAction\":[{\"@type\":\"SearchAction\",\"target\":{\"@type\":\"EntryPoint\",\"urlTemplate\":\"https:\/\/allstarretro.com\/?s={search_term_string}\"},\"query-input\":\"required name=search_term_string\"}],\"inLanguage\":\"de\"},{\"@type\":[\"Organization\",\"Place\",\"Store\"],\"@id\":\"https:\/\/allstarretro.com\/#organization\",\"name\":\"AllStarRetro\",\"alternateName\":\"AllStarRetro\",\"url\":\"https:\/\/allstarretro.com\/\",\"logo\":{\"@id\":\"https:\/\/allstarretro.com\/parduotuve\/namu-interjeras\/xudrez-krastovaizdzio-smilkalu-degiklis\/#local-main-organization-logo\"},\"image\":{\"@id\":\"https:\/\/allstarretro.com\/parduotuve\/namu-interjeras\/xudrez-krastovaizdzio-smilkalu-degiklis\/#local-main-organization-logo\"},\"sameAs\":[\"https:\/\/www.facebook.com\/allstarretroLTU\",\"https:\/\/twitter.com\/allstarretroLTU\"],\"publishingPrinciples\":\"https:\/\/allstarretro.com\/\",\"ownershipFundingInfo\":\"https:\/\/allstarretro.com\/teises-ir-isipareigojimai\/\",\"actionableFeedbackPolicy\":\"https:\/\/allstarretro.com\/privatumo-politika\/\",\"correctionsPolicy\":\"https:\/\/allstarretro.com\/pristatymas-ir-taisykles\/\",\"ethicsPolicy\":\"https:\/\/allstarretro.com\/teises-ir-isipareigojimai\/\",\"diversityPolicy\":\"https:\/\/allstarretro.com\/privatumo-politika\/\",\"diversityStaffingReport\":\"https:\/\/allstarretro.com\/privatumo-politika\/\",\"address\":{\"@id\":\"https:\/\/allstarretro.com\/parduotuve\/namu-interjeras\/xudrez-krastovaizdzio-smilkalu-degiklis\/#local-main-place-address\"},\"geo\":{\"@type\":\"GeoCoordinates\",\"latitude\":\"54.8733071\",\"longitude\":\"23.9494226\"},\"telephone\":[\"+37068673611\"],\"openingHoursSpecification\":[{\"@type\":\"OpeningHoursSpecification\",\"dayOfWeek\":[\"Monday\",\"Tuesday\",\"Wednesday\",\"Thursday\",\"Friday\",\"Saturday\",\"Sunday\"],\"opens\":\"09:00\",\"closes\":\"17:00\"}],\"email\":\"info@allstarretro.com\",\"areaServed\":\"Lithuania\",\"vatID\":\"LT100013495416\",\"priceRange\":\"$$\",\"currenciesAccepted\":\"Euras\",\"paymentAccepted\":\"Visa, mastercard\"},{\"@type\":\"PostalAddress\",\"@id\":\"https:\/\/allstarretro.com\/parduotuve\/namu-interjeras\/xudrez-krastovaizdzio-smilkalu-degiklis\/#local-main-place-address\",\"streetAddress\":\"L.Ivinskio 18a\",\"addressLocality\":\"Kaunas\",\"postalCode\":\"45151\",\"addressRegion\":\"Kaunas\",\"addressCountry\":\"LT\"},{\"@type\":\"ImageObject\",\"inLanguage\":\"de\",\"@id\":\"https:\/\/allstarretro.com\/parduotuve\/namu-interjeras\/xudrez-krastovaizdzio-smilkalu-degiklis\/#local-main-organization-logo\",\"url\":\"https:\/\/allstarretro.com\/wp-content\/uploads\/2025\/01\/allstarretro-mini-logo.webp\",\"contentUrl\":\"https:\/\/allstarretro.com\/wp-content\/uploads\/2025\/01\/allstarretro-mini-logo.webp\",\"width\":130,\"height\":130,\"caption\":\"AllStarRetro\"}]}<\/script>\n<meta name=\"geo.placename\" content=\"Kaunas\" \/>\n<meta name=\"geo.position\" content=\"54.8733071;23.9494226\" \/>\n<meta name=\"geo.region\" content=\"Litauen\" \/>\n<!-- \/ Yoast SEO Premium plugin. -->","yoast_head_json":{"title":"XUDREZ Landschafts-R\u00e4ucherst\u00e4bchenhalter","robots":{"index":"index","follow":"follow","max-snippet":"max-snippet:-1","max-image-preview":"max-image-preview:large","max-video-preview":"max-video-preview:-1"},"canonical":"https:\/\/allstarretro.com\/de\/parduotuve\/guten-tag\/xudrez-krastovaizdzio-smilkalu-degiklis\/","og_locale":"de_DE","og_type":"article","og_title":"XUDREZ Kra\u0161tovaizd\u017eio Smilkal\u0173 Degiklis","og_description":"APIE SMILKAL\u0172 DEGIKL\u012e XUDREZ Smilkal\u0173 Degiklis. XUDREZ atgalinio srauto smilkytuvas pagamintas i\u0161 keramikos, i\u0161skirtinio rank\u0173 darbo, gali b\u016bti klasikinis dekoras. Jei pastatysite j\u012f nev\u0117juotoje aplinkoje, smilkalai tolygiai sklaidysis degiklyje. XUDREZ PRIVALUAI   Lengva ne\u0161iotis ir valyti. Tinka namuose, biure, meditacijai, jogai ir kt. U\u017edekite smilkalus, kad b\u016bt\u0173 \u0161ilta ir jauku.  \u012e paket\u0105 \u012feina: 1 x Dragon smilkal\u0173 laikiklis + 20 vienet\u0173 atgalinio srauto smilkal\u0173 k\u016bgiai + 30 lazdeli\u0173 + 1 kilim\u0117lis + 1 pinceta.  Valymas: Ant smilkinio k\u016bgio pavir\u0161iaus u\u017etepkite nedidel\u012f kiek\u012f ploviklio ir nuplaukite \u0161iltu arba kar\u0161tu vandeniu. Naudokite vienkartinius vatos tamponus, kad pa\u0161alintum\u0117te p\u0117dsakus smilkal\u0173 k\u016bgio degimo vietoje. L\u0117tai nusausinkite smilkikl\u012f sausu rank\u0161luos\u010diu.","og_url":"https:\/\/allstarretro.com\/de\/parduotuve\/guten-tag\/xudrez-krastovaizdzio-smilkalu-degiklis\/","og_site_name":"AllStarRetro","article_publisher":"https:\/\/www.facebook.com\/allstarretroLTU","article_modified_time":"2025-01-31T10:35:23+00:00","og_image":[{"width":1080,"height":1080,"url":"https:\/\/allstarretro.com\/wp-content\/uploads\/2025\/01\/XUDREZ-smilkalu-degiklis.webp","type":"image\/webp"}],"twitter_card":"summary_large_image","twitter_site":"@allstarretroLTU","twitter_misc":{"Preis":"49.99&euro;","Availability":"In stock"},"schema":{"@context":"https:\/\/schema.org","@graph":[{"@type":["WebPage","ItemPage"],"@id":"https:\/\/allstarretro.com\/parduotuve\/namu-interjeras\/xudrez-krastovaizdzio-smilkalu-degiklis\/","url":"https:\/\/allstarretro.com\/parduotuve\/namu-interjeras\/xudrez-krastovaizdzio-smilkalu-degiklis\/","name":"XUDREZ Landschafts-R\u00e4ucherst\u00e4bchenhalter","isPartOf":{"@id":"https:\/\/allstarretro.com\/#website"},"datePublished":"2023-10-26T08:41:11+00:00","dateModified":"2025-01-31T10:35:23+00:00","breadcrumb":{"@id":"https:\/\/allstarretro.com\/parduotuve\/namu-interjeras\/xudrez-krastovaizdzio-smilkalu-degiklis\/#breadcrumb"},"inLanguage":"de","potentialAction":[{"@type":"ReadAction","target":["https:\/\/allstarretro.com\/parduotuve\/namu-interjeras\/xudrez-krastovaizdzio-smilkalu-degiklis\/"]}]},{"@type":"BreadcrumbList","@id":"https:\/\/allstarretro.com\/parduotuve\/namu-interjeras\/xudrez-krastovaizdzio-smilkalu-degiklis\/#breadcrumb","itemListElement":[{"@type":"ListItem","position":1,"name":"Home","item":"https:\/\/allstarretro.com\/"},{"@type":"ListItem","position":2,"name":"Retro Stiliaus Nostalgijos Ir Vinta\u017eo Parduotuv\u0117","item":"https:\/\/allstarretro.com\/parduotuve\/"},{"@type":"ListItem","position":3,"name":"XUDREZ Kra\u0161tovaizd\u017eio Smilkal\u0173 Degiklis"}]},{"@type":"WebSite","@id":"https:\/\/allstarretro.com\/#website","url":"https:\/\/allstarretro.com\/","name":"AllStarRetro","description":"Retro-Badezimmer-Produkte im Stil | AllStarRetro","publisher":{"@id":"https:\/\/allstarretro.com\/#organization"},"alternateName":"AllStarRetro","potentialAction":[{"@type":"SearchAction","target":{"@type":"EntryPoint","urlTemplate":"https:\/\/allstarretro.com\/?s={search_term_string}"},"query-input":"required name=search_term_string"}],"inLanguage":"de"},{"@type":["Organization","Place","Store"],"@id":"https:\/\/allstarretro.com\/#organization","name":"AllStarRetro","alternateName":"AllStarRetro","url":"https:\/\/allstarretro.com\/","logo":{"@id":"https:\/\/allstarretro.com\/parduotuve\/namu-interjeras\/xudrez-krastovaizdzio-smilkalu-degiklis\/#local-main-organization-logo"},"image":{"@id":"https:\/\/allstarretro.com\/parduotuve\/namu-interjeras\/xudrez-krastovaizdzio-smilkalu-degiklis\/#local-main-organization-logo"},"sameAs":["https:\/\/www.facebook.com\/allstarretroLTU","https:\/\/twitter.com\/allstarretroLTU"],"publishingPrinciples":"https:\/\/allstarretro.com\/","ownershipFundingInfo":"https:\/\/allstarretro.com\/teises-ir-isipareigojimai\/","actionableFeedbackPolicy":"https:\/\/allstarretro.com\/privatumo-politika\/","correctionsPolicy":"https:\/\/allstarretro.com\/pristatymas-ir-taisykles\/","ethicsPolicy":"https:\/\/allstarretro.com\/teises-ir-isipareigojimai\/","diversityPolicy":"https:\/\/allstarretro.com\/privatumo-politika\/","diversityStaffingReport":"https:\/\/allstarretro.com\/privatumo-politika\/","address":{"@id":"https:\/\/allstarretro.com\/parduotuve\/namu-interjeras\/xudrez-krastovaizdzio-smilkalu-degiklis\/#local-main-place-address"},"geo":{"@type":"GeoCoordinates","latitude":"54.8733071","longitude":"23.9494226"},"telephone":["+37068673611"],"openingHoursSpecification":[{"@type":"OpeningHoursSpecification","dayOfWeek":["Monday","Tuesday","Wednesday","Thursday","Friday","Saturday","Sunday"],"opens":"09:00","closes":"17:00"}],"email":"info@allstarretro.com","areaServed":"Lithuania","vatID":"LT100013495416","priceRange":"$$","currenciesAccepted":"Euras","paymentAccepted":"Visa, mastercard"},{"@type":"PostalAddress","@id":"https:\/\/allstarretro.com\/parduotuve\/namu-interjeras\/xudrez-krastovaizdzio-smilkalu-degiklis\/#local-main-place-address","streetAddress":"L.Ivinskio 18a","addressLocality":"Kaunas","postalCode":"45151","addressRegion":"Kaunas","addressCountry":"LT"},{"@type":"ImageObject","inLanguage":"de","@id":"https:\/\/allstarretro.com\/parduotuve\/namu-interjeras\/xudrez-krastovaizdzio-smilkalu-degiklis\/#local-main-organization-logo","url":"https:\/\/allstarretro.com\/wp-content\/uploads\/2025\/01\/allstarretro-mini-logo.webp","contentUrl":"https:\/\/allstarretro.com\/wp-content\/uploads\/2025\/01\/allstarretro-mini-logo.webp","width":130,"height":130,"caption":"AllStarRetro"}]},"geo.placename":"Kaunas","geo.position":{"lat":"54.8733071","long":"23.9494226"},"geo.region":"Litauen"},"_links":{"self":[{"href":"https:\/\/allstarretro.com\/de\/wp-json\/wp\/v2\/product\/32930"}],"collection":[{"href":"https:\/\/allstarretro.com\/de\/wp-json\/wp\/v2\/product"}],"about":[{"href":"https:\/\/allstarretro.com\/de\/wp-json\/wp\/v2\/types\/product"}],"replies":[{"embeddable":true,"href":"https:\/\/allstarretro.com\/de\/wp-json\/wp\/v2\/comments?post=32930"}],"wp:featuredmedia":[{"embeddable":true,"href":"https:\/\/allstarretro.com\/de\/wp-json\/wp\/v2\/media\/32750"}],"wp:attachment":[{"href":"https:\/\/allstarretro.com\/de\/wp-json\/wp\/v2\/media?parent=32930"}],"wp:term":[{"taxonomy":"product_cat","embeddable":true,"href":"https:\/\/allstarretro.com\/de\/wp-json\/wp\/v2\/product_cat?post=32930"},{"taxonomy":"product_tag","embeddable":true,"href":"https:\/\/allstarretro.com\/de\/wp-json\/wp\/v2\/product_tag?post=32930"}],"curies":[{"name":"wp","href":"https:\/\/api.w.org\/{rel}","templated":true}]}}