{"id":32933,"date":"2023-10-30T08:03:21","date_gmt":"2023-10-30T08:03:21","guid":{"rendered":"https:\/\/allstarretro.com\/?post_type=product&#038;p=32933"},"modified":"2025-01-31T10:35:23","modified_gmt":"2025-01-31T10:35:23","slug":"nostalgic-art-retro-cookies-dezute","status":"publish","type":"product","link":"https:\/\/allstarretro.com\/de\/parduotuve\/namu-interjeras\/nostalgic-art-retro-cookies-dezute\/","title":{"rendered":"Nostalgic Art Retro Keksdose"},"content":{"rendered":"","protected":false},"excerpt":{"rendered":"<h2>APIE D\u0116\u017dUT\u0118<\/h2>\n<p>Nostalgic Art Retro Cookies D\u0117\u017eut\u0117. Retro m\u0117g\u0117jams ypa\u010d auk\u0161tos kokyb\u0117s, matinis blizgantis ir spalvingas 1A kokyb\u0117s spaudinys. Nostalgi\u0161ko dizaino talpykla su matiniu laku ir reljefiniu motyvu aplinkui.<\/p>\n<h2>RETRO D\u0116\u017dUT\u0116S PRIVALUMAI<\/h2>\n<ul>\n<li>Spalvinga ir tvirta: maistui tinkanti metalin\u0117 2,5 litro talpos skarda, ideali kaip arbatos arba sausaini\u0173 skardin\u0117 ir saldumynams, buities reikmenims, \u012frankiams ir dar daugiau laikyti, netinka plauti indaplov\u0117je.<\/li>\n<li>\u0160auni ak\u012f traukianti priemon\u0117 ir puiki dovana: prakti\u0161ka 23 x 16 x 7 cm formato daiktad\u0117\u017e\u0117 su sandariai u\u017esidaran\u010diu atver\u010diamu dangteliu.<\/li>\n<li>Kokybi\u0161kas produktas: auk\u0161tos kokyb\u0117s darbas, sukurtas Berlyne.<\/li>\n<\/ul>","protected":false},"featured_media":32760,"comment_status":"open","ping_status":"closed","template":"","meta":{"inline_featured_image":false},"product_cat":[340],"product_tag":[],"class_list":["post-32933","product","type-product","status-publish","has-post-thumbnail","hentry","product_cat-namu-interjeras"],"acf":[],"yoast_head":"<!-- This site is optimized with the Yoast SEO Premium plugin v21.8 (Yoast SEO v21.8) - https:\/\/yoast.com\/wordpress\/plugins\/seo\/ -->\n<title>Nostalgic Art Retro Cookies D\u0117\u017eut\u0117<\/title>\n<meta name=\"robots\" content=\"index, follow, max-snippet:-1, max-image-preview:large, max-video-preview:-1\" \/>\n<link rel=\"canonical\" href=\"https:\/\/allstarretro.com\/de\/parduotuve\/guten-tag\/nostalgic-art-retro-cookies-dezute\/\" \/>\n<meta property=\"og:locale\" content=\"de_DE\" \/>\n<meta property=\"og:type\" content=\"article\" \/>\n<meta property=\"og:title\" content=\"Nostalgic Art Retro Cookies D\u0117\u017eut\u0117\" \/>\n<meta property=\"og:description\" content=\"APIE D\u0116\u017dUT\u0118 Nostalgic Art Retro Cookies D\u0117\u017eut\u0117. Retro m\u0117g\u0117jams ypa\u010d auk\u0161tos kokyb\u0117s, matinis blizgantis ir spalvingas 1A kokyb\u0117s spaudinys. Nostalgi\u0161ko dizaino talpykla su matiniu laku ir reljefiniu motyvu aplinkui. RETRO D\u0116\u017dUT\u0116S PRIVALUMAI   Spalvinga ir tvirta: maistui tinkanti metalin\u0117 2,5 litro talpos skarda, ideali kaip arbatos arba sausaini\u0173 skardin\u0117 ir saldumynams, buities reikmenims, \u012frankiams ir dar daugiau laikyti, netinka plauti indaplov\u0117je.  \u0160auni ak\u012f traukianti priemon\u0117 ir puiki dovana: prakti\u0161ka 23 x 16 x 7 cm formato daiktad\u0117\u017e\u0117 su sandariai u\u017esidaran\u010diu atver\u010diamu dangteliu.  Kokybi\u0161kas produktas: auk\u0161tos kokyb\u0117s darbas, sukurtas Berlyne.\" \/>\n<meta property=\"og:url\" content=\"https:\/\/allstarretro.com\/de\/parduotuve\/guten-tag\/nostalgic-art-retro-cookies-dezute\/\" \/>\n<meta property=\"og:site_name\" content=\"AllStarRetro\" \/>\n<meta property=\"article:publisher\" content=\"https:\/\/www.facebook.com\/allstarretroLTU\" \/>\n<meta property=\"article:modified_time\" content=\"2025-01-31T10:35:23+00:00\" \/>\n<meta property=\"og:image\" content=\"https:\/\/allstarretro.com\/wp-content\/uploads\/2025\/01\/nostalgic-art-retro-cookies-dezute-allstarretro.com_.webp\" \/>\n\t<meta property=\"og:image:width\" content=\"1080\" \/>\n\t<meta property=\"og:image:height\" content=\"1080\" \/>\n\t<meta property=\"og:image:type\" content=\"image\/webp\" \/>\n<meta name=\"twitter:card\" content=\"summary_large_image\" \/>\n<meta name=\"twitter:site\" content=\"@allstarretroLTU\" \/>\n<meta name=\"twitter:label1\" content=\"Preis\" \/>\n\t<meta name=\"twitter:data1\" content=\"29.99&euro;\" \/>\n\t<meta name=\"twitter:label2\" content=\"Availability\" \/>\n\t<meta name=\"twitter:data2\" content=\"In stock\" \/>\n<script type=\"application\/ld+json\" class=\"yoast-schema-graph\">{\"@context\":\"https:\/\/schema.org\",\"@graph\":[{\"@type\":[\"WebPage\",\"ItemPage\"],\"@id\":\"https:\/\/allstarretro.com\/parduotuve\/namu-interjeras\/nostalgic-art-retro-cookies-dezute\/\",\"url\":\"https:\/\/allstarretro.com\/parduotuve\/namu-interjeras\/nostalgic-art-retro-cookies-dezute\/\",\"name\":\"Nostalgic Art Retro Cookies D\u0117\u017eut\u0117\",\"isPartOf\":{\"@id\":\"https:\/\/allstarretro.com\/#website\"},\"datePublished\":\"2023-10-30T08:03:21+00:00\",\"dateModified\":\"2025-01-31T10:35:23+00:00\",\"breadcrumb\":{\"@id\":\"https:\/\/allstarretro.com\/parduotuve\/namu-interjeras\/nostalgic-art-retro-cookies-dezute\/#breadcrumb\"},\"inLanguage\":\"de\",\"potentialAction\":[{\"@type\":\"ReadAction\",\"target\":[\"https:\/\/allstarretro.com\/parduotuve\/namu-interjeras\/nostalgic-art-retro-cookies-dezute\/\"]}]},{\"@type\":\"BreadcrumbList\",\"@id\":\"https:\/\/allstarretro.com\/parduotuve\/namu-interjeras\/nostalgic-art-retro-cookies-dezute\/#breadcrumb\",\"itemListElement\":[{\"@type\":\"ListItem\",\"position\":1,\"name\":\"Home\",\"item\":\"https:\/\/allstarretro.com\/\"},{\"@type\":\"ListItem\",\"position\":2,\"name\":\"Retro Stiliaus Nostalgijos Ir Vinta\u017eo Parduotuv\u0117\",\"item\":\"https:\/\/allstarretro.com\/parduotuve\/\"},{\"@type\":\"ListItem\",\"position\":3,\"name\":\"Nostalgic Art Retro Cookies D\u0117\u017eut\u0117\"}]},{\"@type\":\"WebSite\",\"@id\":\"https:\/\/allstarretro.com\/#website\",\"url\":\"https:\/\/allstarretro.com\/\",\"name\":\"AllStarRetro\",\"description\":\"Retro Laikotarpio Stiliaus Produktai | AllStarRetro\",\"publisher\":{\"@id\":\"https:\/\/allstarretro.com\/#organization\"},\"alternateName\":\"AllStarRetro\",\"potentialAction\":[{\"@type\":\"SearchAction\",\"target\":{\"@type\":\"EntryPoint\",\"urlTemplate\":\"https:\/\/allstarretro.com\/?s={search_term_string}\"},\"query-input\":\"required name=search_term_string\"}],\"inLanguage\":\"de\"},{\"@type\":[\"Organization\",\"Place\",\"Store\"],\"@id\":\"https:\/\/allstarretro.com\/#organization\",\"name\":\"AllStarRetro\",\"alternateName\":\"AllStarRetro\",\"url\":\"https:\/\/allstarretro.com\/\",\"logo\":{\"@id\":\"https:\/\/allstarretro.com\/parduotuve\/namu-interjeras\/nostalgic-art-retro-cookies-dezute\/#local-main-organization-logo\"},\"image\":{\"@id\":\"https:\/\/allstarretro.com\/parduotuve\/namu-interjeras\/nostalgic-art-retro-cookies-dezute\/#local-main-organization-logo\"},\"sameAs\":[\"https:\/\/www.facebook.com\/allstarretroLTU\",\"https:\/\/twitter.com\/allstarretroLTU\"],\"publishingPrinciples\":\"https:\/\/allstarretro.com\/\",\"ownershipFundingInfo\":\"https:\/\/allstarretro.com\/teises-ir-isipareigojimai\/\",\"actionableFeedbackPolicy\":\"https:\/\/allstarretro.com\/privatumo-politika\/\",\"correctionsPolicy\":\"https:\/\/allstarretro.com\/pristatymas-ir-taisykles\/\",\"ethicsPolicy\":\"https:\/\/allstarretro.com\/teises-ir-isipareigojimai\/\",\"diversityPolicy\":\"https:\/\/allstarretro.com\/privatumo-politika\/\",\"diversityStaffingReport\":\"https:\/\/allstarretro.com\/privatumo-politika\/\",\"address\":{\"@id\":\"https:\/\/allstarretro.com\/parduotuve\/namu-interjeras\/nostalgic-art-retro-cookies-dezute\/#local-main-place-address\"},\"geo\":{\"@type\":\"GeoCoordinates\",\"latitude\":\"54.8733071\",\"longitude\":\"23.9494226\"},\"telephone\":[\"+37068673611\"],\"openingHoursSpecification\":[{\"@type\":\"OpeningHoursSpecification\",\"dayOfWeek\":[\"Monday\",\"Tuesday\",\"Wednesday\",\"Thursday\",\"Friday\",\"Saturday\",\"Sunday\"],\"opens\":\"09:00\",\"closes\":\"17:00\"}],\"email\":\"info@allstarretro.com\",\"areaServed\":\"Lithuania\",\"vatID\":\"LT100013495416\",\"priceRange\":\"$$\",\"currenciesAccepted\":\"Euras\",\"paymentAccepted\":\"Visa, mastercard\"},{\"@type\":\"PostalAddress\",\"@id\":\"https:\/\/allstarretro.com\/parduotuve\/namu-interjeras\/nostalgic-art-retro-cookies-dezute\/#local-main-place-address\",\"streetAddress\":\"L.Ivinskio 18a\",\"addressLocality\":\"Kaunas\",\"postalCode\":\"45151\",\"addressRegion\":\"Kaunas\",\"addressCountry\":\"LT\"},{\"@type\":\"ImageObject\",\"inLanguage\":\"de\",\"@id\":\"https:\/\/allstarretro.com\/parduotuve\/namu-interjeras\/nostalgic-art-retro-cookies-dezute\/#local-main-organization-logo\",\"url\":\"https:\/\/allstarretro.com\/wp-content\/uploads\/2025\/01\/allstarretro-mini-logo.webp\",\"contentUrl\":\"https:\/\/allstarretro.com\/wp-content\/uploads\/2025\/01\/allstarretro-mini-logo.webp\",\"width\":130,\"height\":130,\"caption\":\"AllStarRetro\"}]}<\/script>\n<meta name=\"geo.placename\" content=\"Kaunas\" \/>\n<meta name=\"geo.position\" content=\"54.8733071;23.9494226\" \/>\n<meta name=\"geo.region\" content=\"Litauen\" \/>\n<!-- \/ Yoast SEO Premium plugin. -->","yoast_head_json":{"title":"Nostalgic Art Retro Keksdose","robots":{"index":"index","follow":"follow","max-snippet":"max-snippet:-1","max-image-preview":"max-image-preview:large","max-video-preview":"max-video-preview:-1"},"canonical":"https:\/\/allstarretro.com\/de\/parduotuve\/guten-tag\/nostalgic-art-retro-cookies-dezute\/","og_locale":"de_DE","og_type":"article","og_title":"Nostalgic Art Retro Cookies D\u0117\u017eut\u0117","og_description":"APIE D\u0116\u017dUT\u0118 Nostalgic Art Retro Cookies D\u0117\u017eut\u0117. Retro m\u0117g\u0117jams ypa\u010d auk\u0161tos kokyb\u0117s, matinis blizgantis ir spalvingas 1A kokyb\u0117s spaudinys. Nostalgi\u0161ko dizaino talpykla su matiniu laku ir reljefiniu motyvu aplinkui. RETRO D\u0116\u017dUT\u0116S PRIVALUMAI   Spalvinga ir tvirta: maistui tinkanti metalin\u0117 2,5 litro talpos skarda, ideali kaip arbatos arba sausaini\u0173 skardin\u0117 ir saldumynams, buities reikmenims, \u012frankiams ir dar daugiau laikyti, netinka plauti indaplov\u0117je.  \u0160auni ak\u012f traukianti priemon\u0117 ir puiki dovana: prakti\u0161ka 23 x 16 x 7 cm formato daiktad\u0117\u017e\u0117 su sandariai u\u017esidaran\u010diu atver\u010diamu dangteliu.  Kokybi\u0161kas produktas: auk\u0161tos kokyb\u0117s darbas, sukurtas Berlyne.","og_url":"https:\/\/allstarretro.com\/de\/parduotuve\/guten-tag\/nostalgic-art-retro-cookies-dezute\/","og_site_name":"AllStarRetro","article_publisher":"https:\/\/www.facebook.com\/allstarretroLTU","article_modified_time":"2025-01-31T10:35:23+00:00","og_image":[{"width":1080,"height":1080,"url":"https:\/\/allstarretro.com\/wp-content\/uploads\/2025\/01\/nostalgic-art-retro-cookies-dezute-allstarretro.com_.webp","type":"image\/webp"}],"twitter_card":"summary_large_image","twitter_site":"@allstarretroLTU","twitter_misc":{"Preis":"29.99&euro;","Availability":"In stock"},"schema":{"@context":"https:\/\/schema.org","@graph":[{"@type":["WebPage","ItemPage"],"@id":"https:\/\/allstarretro.com\/parduotuve\/namu-interjeras\/nostalgic-art-retro-cookies-dezute\/","url":"https:\/\/allstarretro.com\/parduotuve\/namu-interjeras\/nostalgic-art-retro-cookies-dezute\/","name":"Nostalgic Art Retro Keksdose","isPartOf":{"@id":"https:\/\/allstarretro.com\/#website"},"datePublished":"2023-10-30T08:03:21+00:00","dateModified":"2025-01-31T10:35:23+00:00","breadcrumb":{"@id":"https:\/\/allstarretro.com\/parduotuve\/namu-interjeras\/nostalgic-art-retro-cookies-dezute\/#breadcrumb"},"inLanguage":"de","potentialAction":[{"@type":"ReadAction","target":["https:\/\/allstarretro.com\/parduotuve\/namu-interjeras\/nostalgic-art-retro-cookies-dezute\/"]}]},{"@type":"BreadcrumbList","@id":"https:\/\/allstarretro.com\/parduotuve\/namu-interjeras\/nostalgic-art-retro-cookies-dezute\/#breadcrumb","itemListElement":[{"@type":"ListItem","position":1,"name":"Home","item":"https:\/\/allstarretro.com\/"},{"@type":"ListItem","position":2,"name":"Retro Stiliaus Nostalgijos Ir Vinta\u017eo Parduotuv\u0117","item":"https:\/\/allstarretro.com\/parduotuve\/"},{"@type":"ListItem","position":3,"name":"Nostalgic Art Retro Cookies D\u0117\u017eut\u0117"}]},{"@type":"WebSite","@id":"https:\/\/allstarretro.com\/#website","url":"https:\/\/allstarretro.com\/","name":"AllStarRetro","description":"Retro-Badezimmer-Produkte im Stil | AllStarRetro","publisher":{"@id":"https:\/\/allstarretro.com\/#organization"},"alternateName":"AllStarRetro","potentialAction":[{"@type":"SearchAction","target":{"@type":"EntryPoint","urlTemplate":"https:\/\/allstarretro.com\/?s={search_term_string}"},"query-input":"required name=search_term_string"}],"inLanguage":"de"},{"@type":["Organization","Place","Store"],"@id":"https:\/\/allstarretro.com\/#organization","name":"AllStarRetro","alternateName":"AllStarRetro","url":"https:\/\/allstarretro.com\/","logo":{"@id":"https:\/\/allstarretro.com\/parduotuve\/namu-interjeras\/nostalgic-art-retro-cookies-dezute\/#local-main-organization-logo"},"image":{"@id":"https:\/\/allstarretro.com\/parduotuve\/namu-interjeras\/nostalgic-art-retro-cookies-dezute\/#local-main-organization-logo"},"sameAs":["https:\/\/www.facebook.com\/allstarretroLTU","https:\/\/twitter.com\/allstarretroLTU"],"publishingPrinciples":"https:\/\/allstarretro.com\/","ownershipFundingInfo":"https:\/\/allstarretro.com\/teises-ir-isipareigojimai\/","actionableFeedbackPolicy":"https:\/\/allstarretro.com\/privatumo-politika\/","correctionsPolicy":"https:\/\/allstarretro.com\/pristatymas-ir-taisykles\/","ethicsPolicy":"https:\/\/allstarretro.com\/teises-ir-isipareigojimai\/","diversityPolicy":"https:\/\/allstarretro.com\/privatumo-politika\/","diversityStaffingReport":"https:\/\/allstarretro.com\/privatumo-politika\/","address":{"@id":"https:\/\/allstarretro.com\/parduotuve\/namu-interjeras\/nostalgic-art-retro-cookies-dezute\/#local-main-place-address"},"geo":{"@type":"GeoCoordinates","latitude":"54.8733071","longitude":"23.9494226"},"telephone":["+37068673611"],"openingHoursSpecification":[{"@type":"OpeningHoursSpecification","dayOfWeek":["Monday","Tuesday","Wednesday","Thursday","Friday","Saturday","Sunday"],"opens":"09:00","closes":"17:00"}],"email":"info@allstarretro.com","areaServed":"Lithuania","vatID":"LT100013495416","priceRange":"$$","currenciesAccepted":"Euras","paymentAccepted":"Visa, mastercard"},{"@type":"PostalAddress","@id":"https:\/\/allstarretro.com\/parduotuve\/namu-interjeras\/nostalgic-art-retro-cookies-dezute\/#local-main-place-address","streetAddress":"L.Ivinskio 18a","addressLocality":"Kaunas","postalCode":"45151","addressRegion":"Kaunas","addressCountry":"LT"},{"@type":"ImageObject","inLanguage":"de","@id":"https:\/\/allstarretro.com\/parduotuve\/namu-interjeras\/nostalgic-art-retro-cookies-dezute\/#local-main-organization-logo","url":"https:\/\/allstarretro.com\/wp-content\/uploads\/2025\/01\/allstarretro-mini-logo.webp","contentUrl":"https:\/\/allstarretro.com\/wp-content\/uploads\/2025\/01\/allstarretro-mini-logo.webp","width":130,"height":130,"caption":"AllStarRetro"}]},"geo.placename":"Kaunas","geo.position":{"lat":"54.8733071","long":"23.9494226"},"geo.region":"Litauen"},"_links":{"self":[{"href":"https:\/\/allstarretro.com\/de\/wp-json\/wp\/v2\/product\/32933"}],"collection":[{"href":"https:\/\/allstarretro.com\/de\/wp-json\/wp\/v2\/product"}],"about":[{"href":"https:\/\/allstarretro.com\/de\/wp-json\/wp\/v2\/types\/product"}],"replies":[{"embeddable":true,"href":"https:\/\/allstarretro.com\/de\/wp-json\/wp\/v2\/comments?post=32933"}],"wp:featuredmedia":[{"embeddable":true,"href":"https:\/\/allstarretro.com\/de\/wp-json\/wp\/v2\/media\/32760"}],"wp:attachment":[{"href":"https:\/\/allstarretro.com\/de\/wp-json\/wp\/v2\/media?parent=32933"}],"wp:term":[{"taxonomy":"product_cat","embeddable":true,"href":"https:\/\/allstarretro.com\/de\/wp-json\/wp\/v2\/product_cat?post=32933"},{"taxonomy":"product_tag","embeddable":true,"href":"https:\/\/allstarretro.com\/de\/wp-json\/wp\/v2\/product_tag?post=32933"}],"curies":[{"name":"wp","href":"https:\/\/api.w.org\/{rel}","templated":true}]}}