{"id":32945,"date":"2023-11-06T11:45:38","date_gmt":"2023-11-06T11:45:38","guid":{"rendered":"https:\/\/allstarretro.com\/?post_type=product&#038;p=32945"},"modified":"2025-01-31T10:32:31","modified_gmt":"2025-01-31T10:32:31","slug":"franzis-elektroninis-retro-advento-kalendorius","status":"publish","type":"product","link":"https:\/\/allstarretro.com\/de\/parduotuve\/zaidimai\/franzis-elektroninis-retro-advento-kalendorius\/","title":{"rendered":"Franzis Elektronischer Retro Adventskalender"},"content":{"rendered":"","protected":false},"excerpt":{"rendered":"<h2>APIE KALENDORI\u0172<\/h2>\n<p>Franzis Elektroninis Retro Advento Kalendorius. Retro \u017eaidim\u0173 advento kalendorius atne\u0161 \u0161iuos \u017eaidimus \u012f j\u016bs\u0173 namus. Pasl\u0117pta linija \u2013 susikaupimo \u017eaidimas \u2013 Hau den Mole 2 \u2013 nuginkluoti bomb\u0105 \u2013 paleisti man dain\u0105 \u2013 tenisas \u2013 galva arba skai\u010dius \u2013 melo detektorius \u2013 stalo tenisas profesionalams \u2013 \u017eaidim\u0173 aparatas \u2013 klausos testas \u2013 reakcijos testas \u2013 \u017eaidim\u0173 automatas su keturiais \u0161viesos diodais saugus krekeris &#8211; blykst\u0117s ir garso efektai &#8211; kar\u0161ta viela &#8211; rutulinis treniruoklis &#8211; Elektronin\u0117 kepsnin\u0117. \u2013 \u201eHot Wire 2\u201c \u2013 Kamuoliuk\u0173 treniruoklis dviems \u2013 \u201eSenso\u201c \u2013 Viktorinos garsiakalbis \u2013 \u201eHau den Mole\u201c<\/p>\n<h2>RETRO PRIVALUMAI<\/h2>\n<ul>\n<li>Statyti ir \u017eaisti smagu \u2013 be litavimo. Perkamiausias Advento kalendorius.<\/li>\n<li>Daugiau nei 30 komponent\u0173: nuo LED iki mikrovaldiklio.<\/li>\n<li>24 klasikiniai 70-\u0173j\u0173 ir 80-\u0173j\u0173 \u017eaidimai, skirti naudoti namuose.<\/li>\n<li>Pridedami visi reikalingi komponentai.<\/li>\n<\/ul>","protected":false},"featured_media":32789,"comment_status":"open","ping_status":"closed","template":"","meta":{"inline_featured_image":false},"product_cat":[339],"product_tag":[],"class_list":["post-32945","product","type-product","status-publish","has-post-thumbnail","hentry","product_cat-zaidimai"],"acf":[],"yoast_head":"<!-- This site is optimized with the Yoast SEO Premium plugin v21.8 (Yoast SEO v21.8) - https:\/\/yoast.com\/wordpress\/plugins\/seo\/ -->\n<title>Franzis Elektroninis Retro Advento Kalendorius<\/title>\n<meta name=\"robots\" content=\"index, follow, max-snippet:-1, max-image-preview:large, max-video-preview:-1\" \/>\n<link rel=\"canonical\" href=\"https:\/\/allstarretro.com\/de\/parduotuve\/zaidimai\/franzis-elektroninis-retro-advento-kalendorius\/\" \/>\n<meta property=\"og:locale\" content=\"de_DE\" \/>\n<meta property=\"og:type\" content=\"article\" \/>\n<meta property=\"og:title\" content=\"Franzis Elektroninis Retro Advento Kalendorius\" \/>\n<meta property=\"og:description\" content=\"APIE KALENDORI\u0172 Franzis Elektroninis Retro Advento Kalendorius. Retro \u017eaidim\u0173 advento kalendorius atne\u0161 \u0161iuos \u017eaidimus \u012f j\u016bs\u0173 namus. Pasl\u0117pta linija \u2013 susikaupimo \u017eaidimas \u2013 Hau den Mole 2 \u2013 nuginkluoti bomb\u0105 \u2013 paleisti man dain\u0105 \u2013 tenisas \u2013 galva arba skai\u010dius \u2013 melo detektorius \u2013 stalo tenisas profesionalams \u2013 \u017eaidim\u0173 aparatas \u2013 klausos testas \u2013 reakcijos testas \u2013 \u017eaidim\u0173 automatas su keturiais \u0161viesos diodais saugus krekeris - blykst\u0117s ir garso efektai - kar\u0161ta viela - rutulinis treniruoklis - Elektronin\u0117 kepsnin\u0117. \u2013 \u201eHot Wire 2\u201c \u2013 Kamuoliuk\u0173 treniruoklis dviems \u2013 \u201eSenso\u201c \u2013 Viktorinos garsiakalbis \u2013 \u201eHau den Mole\u201c RETRO PRIVALUMAI   Statyti ir \u017eaisti smagu \u2013 be litavimo. Perkamiausias Advento kalendorius.  Daugiau nei 30 komponent\u0173: nuo LED iki mikrovaldiklio.  24 klasikiniai 70-\u0173j\u0173 ir 80-\u0173j\u0173 \u017eaidimai, skirti naudoti namuose.  Pridedami visi reikalingi komponentai.\" \/>\n<meta property=\"og:url\" content=\"https:\/\/allstarretro.com\/de\/parduotuve\/zaidimai\/franzis-elektroninis-retro-advento-kalendorius\/\" \/>\n<meta property=\"og:site_name\" content=\"AllStarRetro\" \/>\n<meta property=\"article:publisher\" content=\"https:\/\/www.facebook.com\/allstarretroLTU\" \/>\n<meta property=\"article:modified_time\" content=\"2025-01-31T10:32:31+00:00\" \/>\n<meta property=\"og:image\" content=\"https:\/\/allstarretro.com\/wp-content\/uploads\/2025\/01\/Franzis-Elektroninis-Retro-Advento-Kalendorius-allstarretro.com_.webp\" \/>\n\t<meta property=\"og:image:width\" content=\"1080\" \/>\n\t<meta property=\"og:image:height\" content=\"1080\" \/>\n\t<meta property=\"og:image:type\" content=\"image\/webp\" \/>\n<meta name=\"twitter:card\" content=\"summary_large_image\" \/>\n<meta name=\"twitter:site\" content=\"@allstarretroLTU\" \/>\n<meta name=\"twitter:label1\" content=\"Preis\" \/>\n\t<meta name=\"twitter:data1\" content=\"49.99&euro;\" \/>\n\t<meta name=\"twitter:label2\" content=\"Availability\" \/>\n\t<meta name=\"twitter:data2\" content=\"In stock\" \/>\n<script type=\"application\/ld+json\" class=\"yoast-schema-graph\">{\"@context\":\"https:\/\/schema.org\",\"@graph\":[{\"@type\":[\"WebPage\",\"ItemPage\"],\"@id\":\"https:\/\/allstarretro.com\/parduotuve\/zaidimai\/franzis-elektroninis-retro-advento-kalendorius\/\",\"url\":\"https:\/\/allstarretro.com\/parduotuve\/zaidimai\/franzis-elektroninis-retro-advento-kalendorius\/\",\"name\":\"Franzis Elektroninis Retro Advento Kalendorius\",\"isPartOf\":{\"@id\":\"https:\/\/allstarretro.com\/#website\"},\"datePublished\":\"2023-11-06T11:45:38+00:00\",\"dateModified\":\"2025-01-31T10:32:31+00:00\",\"breadcrumb\":{\"@id\":\"https:\/\/allstarretro.com\/parduotuve\/zaidimai\/franzis-elektroninis-retro-advento-kalendorius\/#breadcrumb\"},\"inLanguage\":\"de\",\"potentialAction\":[{\"@type\":\"ReadAction\",\"target\":[\"https:\/\/allstarretro.com\/parduotuve\/zaidimai\/franzis-elektroninis-retro-advento-kalendorius\/\"]}]},{\"@type\":\"BreadcrumbList\",\"@id\":\"https:\/\/allstarretro.com\/parduotuve\/zaidimai\/franzis-elektroninis-retro-advento-kalendorius\/#breadcrumb\",\"itemListElement\":[{\"@type\":\"ListItem\",\"position\":1,\"name\":\"Home\",\"item\":\"https:\/\/allstarretro.com\/\"},{\"@type\":\"ListItem\",\"position\":2,\"name\":\"Retro Stiliaus Nostalgijos Ir Vinta\u017eo Parduotuv\u0117\",\"item\":\"https:\/\/allstarretro.com\/parduotuve\/\"},{\"@type\":\"ListItem\",\"position\":3,\"name\":\"Franzis Elektroninis Retro Advento Kalendorius\"}]},{\"@type\":\"WebSite\",\"@id\":\"https:\/\/allstarretro.com\/#website\",\"url\":\"https:\/\/allstarretro.com\/\",\"name\":\"AllStarRetro\",\"description\":\"Retro Laikotarpio Stiliaus Produktai | AllStarRetro\",\"publisher\":{\"@id\":\"https:\/\/allstarretro.com\/#organization\"},\"alternateName\":\"AllStarRetro\",\"potentialAction\":[{\"@type\":\"SearchAction\",\"target\":{\"@type\":\"EntryPoint\",\"urlTemplate\":\"https:\/\/allstarretro.com\/?s={search_term_string}\"},\"query-input\":\"required name=search_term_string\"}],\"inLanguage\":\"de\"},{\"@type\":[\"Organization\",\"Place\",\"Store\"],\"@id\":\"https:\/\/allstarretro.com\/#organization\",\"name\":\"AllStarRetro\",\"alternateName\":\"AllStarRetro\",\"url\":\"https:\/\/allstarretro.com\/\",\"logo\":{\"@id\":\"https:\/\/allstarretro.com\/parduotuve\/zaidimai\/franzis-elektroninis-retro-advento-kalendorius\/#local-main-organization-logo\"},\"image\":{\"@id\":\"https:\/\/allstarretro.com\/parduotuve\/zaidimai\/franzis-elektroninis-retro-advento-kalendorius\/#local-main-organization-logo\"},\"sameAs\":[\"https:\/\/www.facebook.com\/allstarretroLTU\",\"https:\/\/twitter.com\/allstarretroLTU\"],\"publishingPrinciples\":\"https:\/\/allstarretro.com\/\",\"ownershipFundingInfo\":\"https:\/\/allstarretro.com\/teises-ir-isipareigojimai\/\",\"actionableFeedbackPolicy\":\"https:\/\/allstarretro.com\/privatumo-politika\/\",\"correctionsPolicy\":\"https:\/\/allstarretro.com\/pristatymas-ir-taisykles\/\",\"ethicsPolicy\":\"https:\/\/allstarretro.com\/teises-ir-isipareigojimai\/\",\"diversityPolicy\":\"https:\/\/allstarretro.com\/privatumo-politika\/\",\"diversityStaffingReport\":\"https:\/\/allstarretro.com\/privatumo-politika\/\",\"address\":{\"@id\":\"https:\/\/allstarretro.com\/parduotuve\/zaidimai\/franzis-elektroninis-retro-advento-kalendorius\/#local-main-place-address\"},\"geo\":{\"@type\":\"GeoCoordinates\",\"latitude\":\"54.8733071\",\"longitude\":\"23.9494226\"},\"telephone\":[\"+37068673611\"],\"openingHoursSpecification\":[{\"@type\":\"OpeningHoursSpecification\",\"dayOfWeek\":[\"Monday\",\"Tuesday\",\"Wednesday\",\"Thursday\",\"Friday\",\"Saturday\",\"Sunday\"],\"opens\":\"09:00\",\"closes\":\"17:00\"}],\"email\":\"info@allstarretro.com\",\"areaServed\":\"Lithuania\",\"vatID\":\"LT100013495416\",\"priceRange\":\"$$\",\"currenciesAccepted\":\"Euras\",\"paymentAccepted\":\"Visa, mastercard\"},{\"@type\":\"PostalAddress\",\"@id\":\"https:\/\/allstarretro.com\/parduotuve\/zaidimai\/franzis-elektroninis-retro-advento-kalendorius\/#local-main-place-address\",\"streetAddress\":\"L.Ivinskio 18a\",\"addressLocality\":\"Kaunas\",\"postalCode\":\"45151\",\"addressRegion\":\"Kaunas\",\"addressCountry\":\"LT\"},{\"@type\":\"ImageObject\",\"inLanguage\":\"de\",\"@id\":\"https:\/\/allstarretro.com\/parduotuve\/zaidimai\/franzis-elektroninis-retro-advento-kalendorius\/#local-main-organization-logo\",\"url\":\"https:\/\/allstarretro.com\/wp-content\/uploads\/2025\/01\/allstarretro-mini-logo.webp\",\"contentUrl\":\"https:\/\/allstarretro.com\/wp-content\/uploads\/2025\/01\/allstarretro-mini-logo.webp\",\"width\":130,\"height\":130,\"caption\":\"AllStarRetro\"}]}<\/script>\n<meta name=\"geo.placename\" content=\"Kaunas\" \/>\n<meta name=\"geo.position\" content=\"54.8733071;23.9494226\" \/>\n<meta name=\"geo.region\" content=\"Litauen\" \/>\n<!-- \/ Yoast SEO Premium plugin. -->","yoast_head_json":{"title":"Franzis Elektronischer Retro Adventskalender","robots":{"index":"index","follow":"follow","max-snippet":"max-snippet:-1","max-image-preview":"max-image-preview:large","max-video-preview":"max-video-preview:-1"},"canonical":"https:\/\/allstarretro.com\/de\/parduotuve\/zaidimai\/franzis-elektroninis-retro-advento-kalendorius\/","og_locale":"de_DE","og_type":"article","og_title":"Franzis Elektroninis Retro Advento Kalendorius","og_description":"APIE KALENDORI\u0172 Franzis Elektroninis Retro Advento Kalendorius. Retro \u017eaidim\u0173 advento kalendorius atne\u0161 \u0161iuos \u017eaidimus \u012f j\u016bs\u0173 namus. Pasl\u0117pta linija \u2013 susikaupimo \u017eaidimas \u2013 Hau den Mole 2 \u2013 nuginkluoti bomb\u0105 \u2013 paleisti man dain\u0105 \u2013 tenisas \u2013 galva arba skai\u010dius \u2013 melo detektorius \u2013 stalo tenisas profesionalams \u2013 \u017eaidim\u0173 aparatas \u2013 klausos testas \u2013 reakcijos testas \u2013 \u017eaidim\u0173 automatas su keturiais \u0161viesos diodais saugus krekeris - blykst\u0117s ir garso efektai - kar\u0161ta viela - rutulinis treniruoklis - Elektronin\u0117 kepsnin\u0117. \u2013 \u201eHot Wire 2\u201c \u2013 Kamuoliuk\u0173 treniruoklis dviems \u2013 \u201eSenso\u201c \u2013 Viktorinos garsiakalbis \u2013 \u201eHau den Mole\u201c RETRO PRIVALUMAI   Statyti ir \u017eaisti smagu \u2013 be litavimo. Perkamiausias Advento kalendorius.  Daugiau nei 30 komponent\u0173: nuo LED iki mikrovaldiklio.  24 klasikiniai 70-\u0173j\u0173 ir 80-\u0173j\u0173 \u017eaidimai, skirti naudoti namuose.  Pridedami visi reikalingi komponentai.","og_url":"https:\/\/allstarretro.com\/de\/parduotuve\/zaidimai\/franzis-elektroninis-retro-advento-kalendorius\/","og_site_name":"AllStarRetro","article_publisher":"https:\/\/www.facebook.com\/allstarretroLTU","article_modified_time":"2025-01-31T10:32:31+00:00","og_image":[{"width":1080,"height":1080,"url":"https:\/\/allstarretro.com\/wp-content\/uploads\/2025\/01\/Franzis-Elektroninis-Retro-Advento-Kalendorius-allstarretro.com_.webp","type":"image\/webp"}],"twitter_card":"summary_large_image","twitter_site":"@allstarretroLTU","twitter_misc":{"Preis":"49.99&euro;","Availability":"In stock"},"schema":{"@context":"https:\/\/schema.org","@graph":[{"@type":["WebPage","ItemPage"],"@id":"https:\/\/allstarretro.com\/parduotuve\/zaidimai\/franzis-elektroninis-retro-advento-kalendorius\/","url":"https:\/\/allstarretro.com\/parduotuve\/zaidimai\/franzis-elektroninis-retro-advento-kalendorius\/","name":"Franzis Elektronischer Retro Adventskalender","isPartOf":{"@id":"https:\/\/allstarretro.com\/#website"},"datePublished":"2023-11-06T11:45:38+00:00","dateModified":"2025-01-31T10:32:31+00:00","breadcrumb":{"@id":"https:\/\/allstarretro.com\/parduotuve\/zaidimai\/franzis-elektroninis-retro-advento-kalendorius\/#breadcrumb"},"inLanguage":"de","potentialAction":[{"@type":"ReadAction","target":["https:\/\/allstarretro.com\/parduotuve\/zaidimai\/franzis-elektroninis-retro-advento-kalendorius\/"]}]},{"@type":"BreadcrumbList","@id":"https:\/\/allstarretro.com\/parduotuve\/zaidimai\/franzis-elektroninis-retro-advento-kalendorius\/#breadcrumb","itemListElement":[{"@type":"ListItem","position":1,"name":"Home","item":"https:\/\/allstarretro.com\/"},{"@type":"ListItem","position":2,"name":"Retro Stiliaus Nostalgijos Ir Vinta\u017eo Parduotuv\u0117","item":"https:\/\/allstarretro.com\/parduotuve\/"},{"@type":"ListItem","position":3,"name":"Franzis Elektroninis Retro Advento Kalendorius"}]},{"@type":"WebSite","@id":"https:\/\/allstarretro.com\/#website","url":"https:\/\/allstarretro.com\/","name":"AllStarRetro","description":"Retro-Badezimmer-Produkte im Stil | AllStarRetro","publisher":{"@id":"https:\/\/allstarretro.com\/#organization"},"alternateName":"AllStarRetro","potentialAction":[{"@type":"SearchAction","target":{"@type":"EntryPoint","urlTemplate":"https:\/\/allstarretro.com\/?s={search_term_string}"},"query-input":"required name=search_term_string"}],"inLanguage":"de"},{"@type":["Organization","Place","Store"],"@id":"https:\/\/allstarretro.com\/#organization","name":"AllStarRetro","alternateName":"AllStarRetro","url":"https:\/\/allstarretro.com\/","logo":{"@id":"https:\/\/allstarretro.com\/parduotuve\/zaidimai\/franzis-elektroninis-retro-advento-kalendorius\/#local-main-organization-logo"},"image":{"@id":"https:\/\/allstarretro.com\/parduotuve\/zaidimai\/franzis-elektroninis-retro-advento-kalendorius\/#local-main-organization-logo"},"sameAs":["https:\/\/www.facebook.com\/allstarretroLTU","https:\/\/twitter.com\/allstarretroLTU"],"publishingPrinciples":"https:\/\/allstarretro.com\/","ownershipFundingInfo":"https:\/\/allstarretro.com\/teises-ir-isipareigojimai\/","actionableFeedbackPolicy":"https:\/\/allstarretro.com\/privatumo-politika\/","correctionsPolicy":"https:\/\/allstarretro.com\/pristatymas-ir-taisykles\/","ethicsPolicy":"https:\/\/allstarretro.com\/teises-ir-isipareigojimai\/","diversityPolicy":"https:\/\/allstarretro.com\/privatumo-politika\/","diversityStaffingReport":"https:\/\/allstarretro.com\/privatumo-politika\/","address":{"@id":"https:\/\/allstarretro.com\/parduotuve\/zaidimai\/franzis-elektroninis-retro-advento-kalendorius\/#local-main-place-address"},"geo":{"@type":"GeoCoordinates","latitude":"54.8733071","longitude":"23.9494226"},"telephone":["+37068673611"],"openingHoursSpecification":[{"@type":"OpeningHoursSpecification","dayOfWeek":["Monday","Tuesday","Wednesday","Thursday","Friday","Saturday","Sunday"],"opens":"09:00","closes":"17:00"}],"email":"info@allstarretro.com","areaServed":"Lithuania","vatID":"LT100013495416","priceRange":"$$","currenciesAccepted":"Euras","paymentAccepted":"Visa, mastercard"},{"@type":"PostalAddress","@id":"https:\/\/allstarretro.com\/parduotuve\/zaidimai\/franzis-elektroninis-retro-advento-kalendorius\/#local-main-place-address","streetAddress":"L.Ivinskio 18a","addressLocality":"Kaunas","postalCode":"45151","addressRegion":"Kaunas","addressCountry":"LT"},{"@type":"ImageObject","inLanguage":"de","@id":"https:\/\/allstarretro.com\/parduotuve\/zaidimai\/franzis-elektroninis-retro-advento-kalendorius\/#local-main-organization-logo","url":"https:\/\/allstarretro.com\/wp-content\/uploads\/2025\/01\/allstarretro-mini-logo.webp","contentUrl":"https:\/\/allstarretro.com\/wp-content\/uploads\/2025\/01\/allstarretro-mini-logo.webp","width":130,"height":130,"caption":"AllStarRetro"}]},"geo.placename":"Kaunas","geo.position":{"lat":"54.8733071","long":"23.9494226"},"geo.region":"Litauen"},"_links":{"self":[{"href":"https:\/\/allstarretro.com\/de\/wp-json\/wp\/v2\/product\/32945"}],"collection":[{"href":"https:\/\/allstarretro.com\/de\/wp-json\/wp\/v2\/product"}],"about":[{"href":"https:\/\/allstarretro.com\/de\/wp-json\/wp\/v2\/types\/product"}],"replies":[{"embeddable":true,"href":"https:\/\/allstarretro.com\/de\/wp-json\/wp\/v2\/comments?post=32945"}],"wp:featuredmedia":[{"embeddable":true,"href":"https:\/\/allstarretro.com\/de\/wp-json\/wp\/v2\/media\/32789"}],"wp:attachment":[{"href":"https:\/\/allstarretro.com\/de\/wp-json\/wp\/v2\/media?parent=32945"}],"wp:term":[{"taxonomy":"product_cat","embeddable":true,"href":"https:\/\/allstarretro.com\/de\/wp-json\/wp\/v2\/product_cat?post=32945"},{"taxonomy":"product_tag","embeddable":true,"href":"https:\/\/allstarretro.com\/de\/wp-json\/wp\/v2\/product_tag?post=32945"}],"curies":[{"name":"wp","href":"https:\/\/api.w.org\/{rel}","templated":true}]}}