{"id":32946,"date":"2023-11-09T09:43:07","date_gmt":"2023-11-09T09:43:07","guid":{"rendered":"https:\/\/allstarretro.com\/?post_type=product&#038;p=32946"},"modified":"2025-01-31T10:31:27","modified_gmt":"2025-01-31T10:31:27","slug":"kodak-retro-fotoapparat","status":"publish","type":"product","link":"https:\/\/allstarretro.com\/de\/parduotuve\/technika\/kodak-retro-stiliaus-fotoaparatas\/","title":{"rendered":"Kodak Retro-Stil Fotokamera"},"content":{"rendered":"","protected":false},"excerpt":{"rendered":"<h2>KAMERA FOTOGRAFICZNA<\/h2>\n<p>Kodak Retro Kamera. Diese Kodak Retro Kamera verf\u00fcgt \u00fcber ein 31-mm-Objektiv, das die Aufnahme in Standardperspektive erm\u00f6glicht. Dies macht sie ideal f\u00fcr allgemeine Aufnahmen und Landschaften.<\/p>\n<h2>KODAK RETRO PRIVALUMAI<\/h2>\n<ul>\n<li>Sie k\u00f6nnen die Empfindlichkeit an die Lichtverh\u00e4ltnisse und die gew\u00fcnschte Bildqualit\u00e4t anpassen.<\/li>\n<li>Diese Kamera ist speziell f\u00fcr 35-mm-Farbfilm konzipiert. Sie erm\u00f6glicht es Ihnen, Bilder auf kommerziellen Filmen aufzunehmen, was die sp\u00e4tere Entwicklung und den Druck erleichtert.<\/li>\n<li>Die i60 wurde so entwickelt, dass sie auch f\u00fcr Anf\u00e4nger in der Fotografie einfach zu bedienen ist. Sie verf\u00fcgt \u00fcber einfache, intuitive Bedienelemente, was sie zur idealen Wahl f\u00fcr alle macht, die gerade erst mit dem Fotografieren beginnen.<\/li>\n<li>Die Kamera ist kompakt und leicht zu transportieren. Sie passt problemlos in Ihre Tasche oder Hosentasche und ist somit ein praktischer Reisebegleiter f\u00fcr spontane Momente oder Erinnerungen unterwegs.<\/li>\n<\/ul>","protected":false},"featured_media":32793,"comment_status":"open","ping_status":"closed","template":"","meta":{"inline_featured_image":false},"product_cat":[336],"product_tag":[],"class_list":["post-32946","product","type-product","status-publish","has-post-thumbnail","hentry","product_cat-technika"],"acf":[],"yoast_head":"<!-- This site is optimized with the Yoast SEO Premium plugin v21.8 (Yoast SEO v21.8) - https:\/\/yoast.com\/wordpress\/plugins\/seo\/ -->\n<title>Kodak Retro Stiliaus Fotoaparatas<\/title>\n<meta name=\"robots\" content=\"index, follow, max-snippet:-1, max-image-preview:large, max-video-preview:-1\" \/>\n<link rel=\"canonical\" href=\"https:\/\/allstarretro.com\/de\/parduotuve\/technik\/kodak-retro-fotoapparat\/\" \/>\n<meta property=\"og:locale\" content=\"de_DE\" \/>\n<meta property=\"og:type\" content=\"article\" \/>\n<meta property=\"og:title\" content=\"Kodak Retro Stiliaus Fotoaparatas\" \/>\n<meta property=\"og:description\" content=\"APIE FOTOAPARAT\u0104 Kodak Retro Stiliaus Fotoaparatas. \u0160iame kodak retro stiliaus fotoaparate yra 31 mm optinis objektyvas, leid\u017eiantis fotografuoti standartine perspektyva. D\u0117l to jis idealiai tinka bendriems kadrams ir peiza\u017eams. KODAK RETRO PRIVALUMAI   Galite reguliuoti jautrum\u0105 pagal ap\u0161vietimo s\u0105lygas ir pageidaujam\u0105 vaizdo kokyb\u0119.  \u0160is fotoaparatas yra specialiai sukurtas 35 mm spalvotai juostai. Tai leid\u017eia fiksuoti vaizdus komercin\u0117se juostose, tod\u0117l v\u0117liau bus lengviau apdoroti ir spausdinti.  I60 sukurtas taip, kad b\u016bt\u0173 patogus naudoti net pradedantiesiems fotografuoti. Jame yra paprasti, intuityvi valdikliai, tod\u0117l jis yra idealus pasirinkimas tiems, kurie tik pradeda fotografuoti.  Fotoaparatas yra kompakti\u0161kas ir lengvai ne\u0161iojamas. J\u012f nesunkiai \u012fsid\u0117site \u012f ki\u0161en\u0119 ar ki\u0161en\u0119, tod\u0117l tai bus prakti\u0161kas kelion\u0117s palydovas spontani\u0161koms akimirkoms ar prisiminimams keliaujant.\" \/>\n<meta property=\"og:url\" content=\"https:\/\/allstarretro.com\/de\/parduotuve\/technik\/kodak-retro-fotoapparat\/\" \/>\n<meta property=\"og:site_name\" content=\"AllStarRetro\" \/>\n<meta property=\"article:publisher\" content=\"https:\/\/www.facebook.com\/allstarretroLTU\" \/>\n<meta property=\"article:modified_time\" content=\"2025-01-31T10:31:27+00:00\" \/>\n<meta property=\"og:image\" content=\"https:\/\/allstarretro.com\/wp-content\/uploads\/2025\/01\/kodak-retro-stiliaus-fotoaparatas-allstarretro.com_.webp\" \/>\n\t<meta property=\"og:image:width\" content=\"1080\" \/>\n\t<meta property=\"og:image:height\" content=\"1080\" \/>\n\t<meta property=\"og:image:type\" content=\"image\/webp\" \/>\n<meta name=\"twitter:card\" content=\"summary_large_image\" \/>\n<meta name=\"twitter:site\" content=\"@allstarretroLTU\" \/>\n<meta name=\"twitter:label1\" content=\"Preis\" \/>\n\t<meta name=\"twitter:data1\" content=\"85.99&euro;\" \/>\n\t<meta name=\"twitter:label2\" content=\"Availability\" \/>\n\t<meta name=\"twitter:data2\" content=\"In stock\" \/>\n<script type=\"application\/ld+json\" class=\"yoast-schema-graph\">{\"@context\":\"https:\/\/schema.org\",\"@graph\":[{\"@type\":[\"WebPage\",\"ItemPage\"],\"@id\":\"https:\/\/allstarretro.com\/parduotuve\/technika\/kodak-retro-stiliaus-fotoaparatas\/\",\"url\":\"https:\/\/allstarretro.com\/parduotuve\/technika\/kodak-retro-stiliaus-fotoaparatas\/\",\"name\":\"Kodak Retro Stiliaus Fotoaparatas\",\"isPartOf\":{\"@id\":\"https:\/\/allstarretro.com\/#website\"},\"datePublished\":\"2023-11-09T09:43:07+00:00\",\"dateModified\":\"2025-01-31T10:31:27+00:00\",\"breadcrumb\":{\"@id\":\"https:\/\/allstarretro.com\/parduotuve\/technika\/kodak-retro-stiliaus-fotoaparatas\/#breadcrumb\"},\"inLanguage\":\"de\",\"potentialAction\":[{\"@type\":\"ReadAction\",\"target\":[\"https:\/\/allstarretro.com\/parduotuve\/technika\/kodak-retro-stiliaus-fotoaparatas\/\"]}]},{\"@type\":\"BreadcrumbList\",\"@id\":\"https:\/\/allstarretro.com\/parduotuve\/technika\/kodak-retro-stiliaus-fotoaparatas\/#breadcrumb\",\"itemListElement\":[{\"@type\":\"ListItem\",\"position\":1,\"name\":\"Home\",\"item\":\"https:\/\/allstarretro.com\/\"},{\"@type\":\"ListItem\",\"position\":2,\"name\":\"Retro Stiliaus Nostalgijos Ir Vinta\u017eo Parduotuv\u0117\",\"item\":\"https:\/\/allstarretro.com\/parduotuve\/\"},{\"@type\":\"ListItem\",\"position\":3,\"name\":\"Kodak Retro Stiliaus Fotoaparatas\"}]},{\"@type\":\"WebSite\",\"@id\":\"https:\/\/allstarretro.com\/#website\",\"url\":\"https:\/\/allstarretro.com\/\",\"name\":\"AllStarRetro\",\"description\":\"Retro Laikotarpio Stiliaus Produktai | AllStarRetro\",\"publisher\":{\"@id\":\"https:\/\/allstarretro.com\/#organization\"},\"alternateName\":\"AllStarRetro\",\"potentialAction\":[{\"@type\":\"SearchAction\",\"target\":{\"@type\":\"EntryPoint\",\"urlTemplate\":\"https:\/\/allstarretro.com\/?s={search_term_string}\"},\"query-input\":\"required name=search_term_string\"}],\"inLanguage\":\"de\"},{\"@type\":[\"Organization\",\"Place\",\"Store\"],\"@id\":\"https:\/\/allstarretro.com\/#organization\",\"name\":\"AllStarRetro\",\"alternateName\":\"AllStarRetro\",\"url\":\"https:\/\/allstarretro.com\/\",\"logo\":{\"@id\":\"https:\/\/allstarretro.com\/parduotuve\/technika\/kodak-retro-stiliaus-fotoaparatas\/#local-main-organization-logo\"},\"image\":{\"@id\":\"https:\/\/allstarretro.com\/parduotuve\/technika\/kodak-retro-stiliaus-fotoaparatas\/#local-main-organization-logo\"},\"sameAs\":[\"https:\/\/www.facebook.com\/allstarretroLTU\",\"https:\/\/twitter.com\/allstarretroLTU\"],\"publishingPrinciples\":\"https:\/\/allstarretro.com\/\",\"ownershipFundingInfo\":\"https:\/\/allstarretro.com\/teises-ir-isipareigojimai\/\",\"actionableFeedbackPolicy\":\"https:\/\/allstarretro.com\/privatumo-politika\/\",\"correctionsPolicy\":\"https:\/\/allstarretro.com\/pristatymas-ir-taisykles\/\",\"ethicsPolicy\":\"https:\/\/allstarretro.com\/teises-ir-isipareigojimai\/\",\"diversityPolicy\":\"https:\/\/allstarretro.com\/privatumo-politika\/\",\"diversityStaffingReport\":\"https:\/\/allstarretro.com\/privatumo-politika\/\",\"address\":{\"@id\":\"https:\/\/allstarretro.com\/parduotuve\/technika\/kodak-retro-stiliaus-fotoaparatas\/#local-main-place-address\"},\"geo\":{\"@type\":\"GeoCoordinates\",\"latitude\":\"54.8733071\",\"longitude\":\"23.9494226\"},\"telephone\":[\"+37068673611\"],\"openingHoursSpecification\":[{\"@type\":\"OpeningHoursSpecification\",\"dayOfWeek\":[\"Monday\",\"Tuesday\",\"Wednesday\",\"Thursday\",\"Friday\",\"Saturday\",\"Sunday\"],\"opens\":\"09:00\",\"closes\":\"17:00\"}],\"email\":\"info@allstarretro.com\",\"areaServed\":\"Lithuania\",\"vatID\":\"LT100013495416\",\"priceRange\":\"$$\",\"currenciesAccepted\":\"Euras\",\"paymentAccepted\":\"Visa, mastercard\"},{\"@type\":\"PostalAddress\",\"@id\":\"https:\/\/allstarretro.com\/parduotuve\/technika\/kodak-retro-stiliaus-fotoaparatas\/#local-main-place-address\",\"streetAddress\":\"L.Ivinskio 18a\",\"addressLocality\":\"Kaunas\",\"postalCode\":\"45151\",\"addressRegion\":\"Kaunas\",\"addressCountry\":\"LT\"},{\"@type\":\"ImageObject\",\"inLanguage\":\"de\",\"@id\":\"https:\/\/allstarretro.com\/parduotuve\/technika\/kodak-retro-stiliaus-fotoaparatas\/#local-main-organization-logo\",\"url\":\"https:\/\/allstarretro.com\/wp-content\/uploads\/2025\/01\/allstarretro-mini-logo.webp\",\"contentUrl\":\"https:\/\/allstarretro.com\/wp-content\/uploads\/2025\/01\/allstarretro-mini-logo.webp\",\"width\":130,\"height\":130,\"caption\":\"AllStarRetro\"}]}<\/script>\n<meta name=\"geo.placename\" content=\"Kaunas\" \/>\n<meta name=\"geo.position\" content=\"54.8733071;23.9494226\" \/>\n<meta name=\"geo.region\" content=\"Litauen\" \/>\n<!-- \/ Yoast SEO Premium plugin. -->","yoast_head_json":{"title":"Kodak Retro-Stil Fotokamera","robots":{"index":"index","follow":"follow","max-snippet":"max-snippet:-1","max-image-preview":"max-image-preview:large","max-video-preview":"max-video-preview:-1"},"canonical":"https:\/\/allstarretro.com\/de\/parduotuve\/technik\/kodak-retro-fotoapparat\/","og_locale":"de_DE","og_type":"article","og_title":"Kodak Retro Stiliaus Fotoaparatas","og_description":"APIE FOTOAPARAT\u0104 Kodak Retro Stiliaus Fotoaparatas. \u0160iame kodak retro stiliaus fotoaparate yra 31 mm optinis objektyvas, leid\u017eiantis fotografuoti standartine perspektyva. D\u0117l to jis idealiai tinka bendriems kadrams ir peiza\u017eams. KODAK RETRO PRIVALUMAI   Galite reguliuoti jautrum\u0105 pagal ap\u0161vietimo s\u0105lygas ir pageidaujam\u0105 vaizdo kokyb\u0119.  \u0160is fotoaparatas yra specialiai sukurtas 35 mm spalvotai juostai. Tai leid\u017eia fiksuoti vaizdus komercin\u0117se juostose, tod\u0117l v\u0117liau bus lengviau apdoroti ir spausdinti.  I60 sukurtas taip, kad b\u016bt\u0173 patogus naudoti net pradedantiesiems fotografuoti. Jame yra paprasti, intuityvi valdikliai, tod\u0117l jis yra idealus pasirinkimas tiems, kurie tik pradeda fotografuoti.  Fotoaparatas yra kompakti\u0161kas ir lengvai ne\u0161iojamas. J\u012f nesunkiai \u012fsid\u0117site \u012f ki\u0161en\u0119 ar ki\u0161en\u0119, tod\u0117l tai bus prakti\u0161kas kelion\u0117s palydovas spontani\u0161koms akimirkoms ar prisiminimams keliaujant.","og_url":"https:\/\/allstarretro.com\/de\/parduotuve\/technik\/kodak-retro-fotoapparat\/","og_site_name":"AllStarRetro","article_publisher":"https:\/\/www.facebook.com\/allstarretroLTU","article_modified_time":"2025-01-31T10:31:27+00:00","og_image":[{"width":1080,"height":1080,"url":"https:\/\/allstarretro.com\/wp-content\/uploads\/2025\/01\/kodak-retro-stiliaus-fotoaparatas-allstarretro.com_.webp","type":"image\/webp"}],"twitter_card":"summary_large_image","twitter_site":"@allstarretroLTU","twitter_misc":{"Preis":"85.99&euro;","Availability":"In stock"},"schema":{"@context":"https:\/\/schema.org","@graph":[{"@type":["WebPage","ItemPage"],"@id":"https:\/\/allstarretro.com\/parduotuve\/technika\/kodak-retro-stiliaus-fotoaparatas\/","url":"https:\/\/allstarretro.com\/parduotuve\/technika\/kodak-retro-stiliaus-fotoaparatas\/","name":"Kodak Retro-Stil Fotokamera","isPartOf":{"@id":"https:\/\/allstarretro.com\/#website"},"datePublished":"2023-11-09T09:43:07+00:00","dateModified":"2025-01-31T10:31:27+00:00","breadcrumb":{"@id":"https:\/\/allstarretro.com\/parduotuve\/technika\/kodak-retro-stiliaus-fotoaparatas\/#breadcrumb"},"inLanguage":"de","potentialAction":[{"@type":"ReadAction","target":["https:\/\/allstarretro.com\/parduotuve\/technika\/kodak-retro-stiliaus-fotoaparatas\/"]}]},{"@type":"BreadcrumbList","@id":"https:\/\/allstarretro.com\/parduotuve\/technika\/kodak-retro-stiliaus-fotoaparatas\/#breadcrumb","itemListElement":[{"@type":"ListItem","position":1,"name":"Home","item":"https:\/\/allstarretro.com\/"},{"@type":"ListItem","position":2,"name":"Retro Stiliaus Nostalgijos Ir Vinta\u017eo Parduotuv\u0117","item":"https:\/\/allstarretro.com\/parduotuve\/"},{"@type":"ListItem","position":3,"name":"Kodak Retro Stiliaus Fotoaparatas"}]},{"@type":"WebSite","@id":"https:\/\/allstarretro.com\/#website","url":"https:\/\/allstarretro.com\/","name":"AllStarRetro","description":"Retro-Badezimmer-Produkte im Stil | AllStarRetro","publisher":{"@id":"https:\/\/allstarretro.com\/#organization"},"alternateName":"AllStarRetro","potentialAction":[{"@type":"SearchAction","target":{"@type":"EntryPoint","urlTemplate":"https:\/\/allstarretro.com\/?s={search_term_string}"},"query-input":"required name=search_term_string"}],"inLanguage":"de"},{"@type":["Organization","Place","Store"],"@id":"https:\/\/allstarretro.com\/#organization","name":"AllStarRetro","alternateName":"AllStarRetro","url":"https:\/\/allstarretro.com\/","logo":{"@id":"https:\/\/allstarretro.com\/parduotuve\/technika\/kodak-retro-stiliaus-fotoaparatas\/#local-main-organization-logo"},"image":{"@id":"https:\/\/allstarretro.com\/parduotuve\/technika\/kodak-retro-stiliaus-fotoaparatas\/#local-main-organization-logo"},"sameAs":["https:\/\/www.facebook.com\/allstarretroLTU","https:\/\/twitter.com\/allstarretroLTU"],"publishingPrinciples":"https:\/\/allstarretro.com\/","ownershipFundingInfo":"https:\/\/allstarretro.com\/teises-ir-isipareigojimai\/","actionableFeedbackPolicy":"https:\/\/allstarretro.com\/privatumo-politika\/","correctionsPolicy":"https:\/\/allstarretro.com\/pristatymas-ir-taisykles\/","ethicsPolicy":"https:\/\/allstarretro.com\/teises-ir-isipareigojimai\/","diversityPolicy":"https:\/\/allstarretro.com\/privatumo-politika\/","diversityStaffingReport":"https:\/\/allstarretro.com\/privatumo-politika\/","address":{"@id":"https:\/\/allstarretro.com\/parduotuve\/technika\/kodak-retro-stiliaus-fotoaparatas\/#local-main-place-address"},"geo":{"@type":"GeoCoordinates","latitude":"54.8733071","longitude":"23.9494226"},"telephone":["+37068673611"],"openingHoursSpecification":[{"@type":"OpeningHoursSpecification","dayOfWeek":["Monday","Tuesday","Wednesday","Thursday","Friday","Saturday","Sunday"],"opens":"09:00","closes":"17:00"}],"email":"info@allstarretro.com","areaServed":"Lithuania","vatID":"LT100013495416","priceRange":"$$","currenciesAccepted":"Euras","paymentAccepted":"Visa, mastercard"},{"@type":"PostalAddress","@id":"https:\/\/allstarretro.com\/parduotuve\/technika\/kodak-retro-stiliaus-fotoaparatas\/#local-main-place-address","streetAddress":"L.Ivinskio 18a","addressLocality":"Kaunas","postalCode":"45151","addressRegion":"Kaunas","addressCountry":"LT"},{"@type":"ImageObject","inLanguage":"de","@id":"https:\/\/allstarretro.com\/parduotuve\/technika\/kodak-retro-stiliaus-fotoaparatas\/#local-main-organization-logo","url":"https:\/\/allstarretro.com\/wp-content\/uploads\/2025\/01\/allstarretro-mini-logo.webp","contentUrl":"https:\/\/allstarretro.com\/wp-content\/uploads\/2025\/01\/allstarretro-mini-logo.webp","width":130,"height":130,"caption":"AllStarRetro"}]},"geo.placename":"Kaunas","geo.position":{"lat":"54.8733071","long":"23.9494226"},"geo.region":"Litauen"},"_links":{"self":[{"href":"https:\/\/allstarretro.com\/de\/wp-json\/wp\/v2\/product\/32946"}],"collection":[{"href":"https:\/\/allstarretro.com\/de\/wp-json\/wp\/v2\/product"}],"about":[{"href":"https:\/\/allstarretro.com\/de\/wp-json\/wp\/v2\/types\/product"}],"replies":[{"embeddable":true,"href":"https:\/\/allstarretro.com\/de\/wp-json\/wp\/v2\/comments?post=32946"}],"wp:featuredmedia":[{"embeddable":true,"href":"https:\/\/allstarretro.com\/de\/wp-json\/wp\/v2\/media\/32793"}],"wp:attachment":[{"href":"https:\/\/allstarretro.com\/de\/wp-json\/wp\/v2\/media?parent=32946"}],"wp:term":[{"taxonomy":"product_cat","embeddable":true,"href":"https:\/\/allstarretro.com\/de\/wp-json\/wp\/v2\/product_cat?post=32946"},{"taxonomy":"product_tag","embeddable":true,"href":"https:\/\/allstarretro.com\/de\/wp-json\/wp\/v2\/product_tag?post=32946"}],"curies":[{"name":"wp","href":"https:\/\/api.w.org\/{rel}","templated":true}]}}