{"id":32996,"date":"2025-01-31T08:36:23","date_gmt":"2025-01-31T08:36:23","guid":{"rendered":"https:\/\/allstarretro.com\/?post_type=product&#038;p=32996"},"modified":"2025-01-31T10:29:33","modified_gmt":"2025-01-31T10:29:33","slug":"feegar-retro-bluetooth-radio","status":"publish","type":"product","link":"https:\/\/allstarretro.com\/de\/parduotuve\/technika\/feegar-retro-bluetooth-radija\/","title":{"rendered":"Feegar Retro + Bluetooth Radio"},"content":{"rendered":"","protected":false},"excerpt":{"rendered":"<h2>API Radio<\/h2>\n<p>Feegar Retro + Bluetooth Radio. Ein stilvolles und elegantes Radio wie das Feegar Retro ist zu Hause angebracht. Au\u00dferdem erm\u00f6glicht die BLUETOOTH-Version das kabellose Abspielen von Musik von Ihrem Telefon, Tablet oder Computer. Das Feegar RETRO ist ein optisch ansprechendes Bluetooth-Radio \/ Lautsprecher im Vintage-Stil, das unter allen Bedingungen gut aussieht. Feegar ist eine polnische Marke in der Unterhaltungselektronikbranche. Der Feegar Retro ist ein multifunktionales Ger\u00e4t, das es Ihnen erm\u00f6glicht, bequem Musik kabellos abzuspielen und gleichzeitig das Radio stilvoll zu nutzen. Mit ihm m\u00fcssen Sie sich keine Sorgen machen, dass es schnell leer ist, da der Akku mit 1100 mAh eine Nutzungsdauer von 10 Stunden erm\u00f6glicht.<\/p>\n<h2>FEEGAR RETRO PRIVALUMAI<\/h2>\n<ul>\n<li>HiFi-Sound \u2013 hohe Audioqualit\u00e4t.<\/li>\n<li>FM-Radio \u2013 empfangen Sie alle Radiosender.<\/li>\n<li>1100 mAh \u2013 lange haltbare Batterie erm\u00f6glicht maximal: 10 Stunden Radio-\/Musikwiedergabe.<\/li>\n<li>3,5-mm-AUX-Buchse \u2013 M\u00f6glichkeit zum Anschluss eines anderen Audioger\u00e4ts, z. B. eines Fernsehers oder Telefons.<\/li>\n<li>BT 4.2 \u2013 Verbindung zu Ger\u00e4ten \u00fcber Bluetooth und Musikwiedergabe, z. B. vom Telefon.<\/li>\n<li>microSD \u2013 M\u00f6glichkeit, Musik von einer microSD-Karte abzuspielen.<\/li>\n<li>Professioneller Empf\u00e4nger \u2013 das Ger\u00e4t verwendet eine spezielle elektroakustische Konstruktion, die mit einem professionellen Empf\u00e4nger abgestimmt ist, wodurch das Radio eine sehr gute Klangqualit\u00e4t aufweist.<\/li>\n<\/ul>\n<p>Der Feegar-Lautsprecher eignet sich hervorragend f\u00fcr die K\u00fcche, eine Party, das Fitnessstudio, beim Angeln, auf der Baustelle, bei einem Picknick, im B\u00fcro, bei Spielen, im Freien oder zu Hause oder beim Ansehen eines Films. Der Akku sorgt f\u00fcr langanhaltenden Spa\u00df.<\/p>\n<p>Doch dank seines ausgezeichneten Designs passt er perfekt in jeden Raum, auch ins Freie. Mit seinem nostalgischen Aussehen sp\u00fcren Sie f\u00fcr einen Moment die Atmosph\u00e4re der 60er Jahre.<\/p>","protected":false},"featured_media":32976,"comment_status":"open","ping_status":"closed","template":"","meta":{"inline_featured_image":false},"product_cat":[336,337],"product_tag":[],"class_list":["post-32996","product","type-product","status-publish","has-post-thumbnail","hentry","product_brand-feegar","product_cat-technika","product_cat-radijos"],"acf":[],"yoast_head":"<!-- This site is optimized with the Yoast SEO Premium plugin v21.8 (Yoast SEO v21.8) - https:\/\/yoast.com\/wordpress\/plugins\/seo\/ -->\n<title>Feegar Retro + Bluetooth Radija<\/title>\n<meta name=\"robots\" content=\"index, follow, max-snippet:-1, max-image-preview:large, max-video-preview:-1\" \/>\n<link rel=\"canonical\" href=\"https:\/\/allstarretro.com\/de\/parduotuve\/technik\/feegar-retro-bluetooth-radio\/\" \/>\n<meta property=\"og:locale\" content=\"de_DE\" \/>\n<meta property=\"og:type\" content=\"article\" \/>\n<meta property=\"og:title\" content=\"Feegar Retro + Bluetooth Radija\" \/>\n<meta property=\"og:description\" content=\"APIE RADIJ\u0104 Feegar Retro + Bluetooth Radija. Namuose verta tur\u0117ti stiling\u0105 ir eleganti\u0161k\u0105 radij\u0105, pavyzd\u017eiui, Feegar Retro. Be to, BLUETOOTH versija \u2013 leid\u017eia belaid\u017eiu b\u016bdu leisti muzik\u0105 i\u0161 telefono, plan\u0161et\u0117s ar kompiuterio. Feegar RETRO yra puikiai atrodantis vinta\u017einio stiliaus Bluetooth radijas \/ garsiakalbis , kuris puikiai tiks bet kokiomis s\u0105lygomis. Feegar yra Lenkijos prek\u0117s \u017eenklas plataus vartojimo elektronikos pramon\u0117je. Feegar Retro \u2013 tai daugiafunkcis \u012frenginys, kuris leis jums patogiai leisti muzik\u0105 belaid\u017eiu b\u016bdu, taip pat puikiai stilingai naudotis radiju. Su juo jums nereik\u0117s jaudintis d\u0117l to, kad jis greitai i\u0161sikraus, nes 1100 mAh baterija leid\u017eia naudoti 10 valand\u0173. FEEGAR RETRO PRIVALUMAI   HiFi Sound \u2013 auk\u0161ta garso kokyb\u0117.  FM radijas \u2013 priimkite visas radijo stotis.  1100 mAh - ilgai veikianti baterija leid\u017eia maksimaliai: 10 valand\u0173 radijo \/ muzikos atk\u016brimo.  3,5 mm AUX lizdas \u2013 galimyb\u0117 prijungti kit\u0105 garso \u012frengin\u012f, pvz. TV arba telefonas.  BT 4.2 - ry\u0161ys su \u012frenginiais per Bluetooth ir muzikos grojimas, pvz., i\u0161 telefono.  microSD \u2013 galimyb\u0117 skaityti muzik\u0105 i\u0161 microSD kortel\u0117.  profesionalus imtuvas \u2013 \u012frenginyje naudojama speciali elektroakustin\u0117 konstrukcija, kuri\u0105 derina profesionalus imtuvas, tod\u0117l radijas turi labai ger\u0105 garso kokyb\u0119.  Feegar garsiakalbis puikiai tiks virtuv\u0117je vakar\u0117lyje, sporto sal\u0117je, \u017evejyboje, statybviet\u0117je, i\u0161kyloje, biure, rungtyn\u0117se, lauke ar namuose ar \u017ei\u016brint film\u0105. Baterija suteiks galimyb\u0119 ilgai linksmintis.  Be to, d\u0117l puikaus dizaino jis puikiai tiks bet kokio tipo patalpoje, taip pat lauke. D\u0117l \u0161ios nostalgi\u0161kos i\u0161vaizdos bent akimirk\u0105 pajusite \u0161e\u0161tojo de\u0161imtme\u010dio atmosfer\u0105.\" \/>\n<meta property=\"og:url\" content=\"https:\/\/allstarretro.com\/de\/parduotuve\/technik\/feegar-retro-bluetooth-radio\/\" \/>\n<meta property=\"og:site_name\" content=\"AllStarRetro\" \/>\n<meta property=\"article:publisher\" content=\"https:\/\/www.facebook.com\/allstarretroLTU\" \/>\n<meta property=\"article:modified_time\" content=\"2025-01-31T10:29:33+00:00\" \/>\n<meta property=\"og:image\" content=\"https:\/\/allstarretro.com\/wp-content\/uploads\/2025\/01\/Feegar-Retro-allstarretro.com_.webp\" \/>\n\t<meta property=\"og:image:width\" content=\"1080\" \/>\n\t<meta property=\"og:image:height\" content=\"1080\" \/>\n\t<meta property=\"og:image:type\" content=\"image\/webp\" \/>\n<meta name=\"twitter:card\" content=\"summary_large_image\" \/>\n<meta name=\"twitter:site\" content=\"@allstarretroLTU\" \/>\n<meta name=\"twitter:label1\" content=\"Availability\" \/>\n\t<meta name=\"twitter:data1\" content=\"In stock\" \/>\n<script type=\"application\/ld+json\" class=\"yoast-schema-graph\">{\"@context\":\"https:\/\/schema.org\",\"@graph\":[{\"@type\":[\"WebPage\",\"ItemPage\"],\"@id\":\"https:\/\/allstarretro.com\/parduotuve\/technika\/feegar-retro-bluetooth-radija\/\",\"url\":\"https:\/\/allstarretro.com\/parduotuve\/technika\/feegar-retro-bluetooth-radija\/\",\"name\":\"Feegar Retro + Bluetooth Radija\",\"isPartOf\":{\"@id\":\"https:\/\/allstarretro.com\/#website\"},\"datePublished\":\"2025-01-31T08:36:23+00:00\",\"dateModified\":\"2025-01-31T10:29:33+00:00\",\"breadcrumb\":{\"@id\":\"https:\/\/allstarretro.com\/parduotuve\/technika\/feegar-retro-bluetooth-radija\/#breadcrumb\"},\"inLanguage\":\"de\",\"potentialAction\":[{\"@type\":\"ReadAction\",\"target\":[\"https:\/\/allstarretro.com\/parduotuve\/technika\/feegar-retro-bluetooth-radija\/\"]}]},{\"@type\":\"BreadcrumbList\",\"@id\":\"https:\/\/allstarretro.com\/parduotuve\/technika\/feegar-retro-bluetooth-radija\/#breadcrumb\",\"itemListElement\":[{\"@type\":\"ListItem\",\"position\":1,\"name\":\"Home\",\"item\":\"https:\/\/allstarretro.com\/\"},{\"@type\":\"ListItem\",\"position\":2,\"name\":\"Retro Stiliaus Nostalgijos Ir Vinta\u017eo Parduotuv\u0117\",\"item\":\"https:\/\/allstarretro.com\/parduotuve\/\"},{\"@type\":\"ListItem\",\"position\":3,\"name\":\"Feegar Retro + Bluetooth Radija\"}]},{\"@type\":\"WebSite\",\"@id\":\"https:\/\/allstarretro.com\/#website\",\"url\":\"https:\/\/allstarretro.com\/\",\"name\":\"AllStarRetro\",\"description\":\"Retro Laikotarpio Stiliaus Produktai | AllStarRetro\",\"publisher\":{\"@id\":\"https:\/\/allstarretro.com\/#organization\"},\"alternateName\":\"AllStarRetro\",\"potentialAction\":[{\"@type\":\"SearchAction\",\"target\":{\"@type\":\"EntryPoint\",\"urlTemplate\":\"https:\/\/allstarretro.com\/?s={search_term_string}\"},\"query-input\":\"required name=search_term_string\"}],\"inLanguage\":\"de\"},{\"@type\":[\"Organization\",\"Place\",\"Store\"],\"@id\":\"https:\/\/allstarretro.com\/#organization\",\"name\":\"AllStarRetro\",\"alternateName\":\"AllStarRetro\",\"url\":\"https:\/\/allstarretro.com\/\",\"logo\":{\"@id\":\"https:\/\/allstarretro.com\/parduotuve\/technika\/feegar-retro-bluetooth-radija\/#local-main-organization-logo\"},\"image\":{\"@id\":\"https:\/\/allstarretro.com\/parduotuve\/technika\/feegar-retro-bluetooth-radija\/#local-main-organization-logo\"},\"sameAs\":[\"https:\/\/www.facebook.com\/allstarretroLTU\",\"https:\/\/twitter.com\/allstarretroLTU\"],\"publishingPrinciples\":\"https:\/\/allstarretro.com\/\",\"ownershipFundingInfo\":\"https:\/\/allstarretro.com\/teises-ir-isipareigojimai\/\",\"actionableFeedbackPolicy\":\"https:\/\/allstarretro.com\/privatumo-politika\/\",\"correctionsPolicy\":\"https:\/\/allstarretro.com\/pristatymas-ir-taisykles\/\",\"ethicsPolicy\":\"https:\/\/allstarretro.com\/teises-ir-isipareigojimai\/\",\"diversityPolicy\":\"https:\/\/allstarretro.com\/privatumo-politika\/\",\"diversityStaffingReport\":\"https:\/\/allstarretro.com\/privatumo-politika\/\",\"address\":{\"@id\":\"https:\/\/allstarretro.com\/parduotuve\/technika\/feegar-retro-bluetooth-radija\/#local-main-place-address\"},\"geo\":{\"@type\":\"GeoCoordinates\",\"latitude\":\"54.8733071\",\"longitude\":\"23.9494226\"},\"telephone\":[\"+37068673611\"],\"openingHoursSpecification\":[{\"@type\":\"OpeningHoursSpecification\",\"dayOfWeek\":[\"Monday\",\"Tuesday\",\"Wednesday\",\"Thursday\",\"Friday\",\"Saturday\",\"Sunday\"],\"opens\":\"09:00\",\"closes\":\"17:00\"}],\"email\":\"info@allstarretro.com\",\"areaServed\":\"Lithuania\",\"vatID\":\"LT100013495416\",\"priceRange\":\"$$\",\"currenciesAccepted\":\"Euras\",\"paymentAccepted\":\"Visa, mastercard\"},{\"@type\":\"PostalAddress\",\"@id\":\"https:\/\/allstarretro.com\/parduotuve\/technika\/feegar-retro-bluetooth-radija\/#local-main-place-address\",\"streetAddress\":\"L.Ivinskio 18a\",\"addressLocality\":\"Kaunas\",\"postalCode\":\"45151\",\"addressRegion\":\"Kaunas\",\"addressCountry\":\"LT\"},{\"@type\":\"ImageObject\",\"inLanguage\":\"de\",\"@id\":\"https:\/\/allstarretro.com\/parduotuve\/technika\/feegar-retro-bluetooth-radija\/#local-main-organization-logo\",\"url\":\"https:\/\/allstarretro.com\/wp-content\/uploads\/2025\/01\/allstarretro-mini-logo.webp\",\"contentUrl\":\"https:\/\/allstarretro.com\/wp-content\/uploads\/2025\/01\/allstarretro-mini-logo.webp\",\"width\":130,\"height\":130,\"caption\":\"AllStarRetro\"}]}<\/script>\n<meta name=\"geo.placename\" content=\"Kaunas\" \/>\n<meta name=\"geo.position\" content=\"54.8733071;23.9494226\" \/>\n<meta name=\"geo.region\" content=\"Litauen\" \/>\n<!-- \/ Yoast SEO Premium plugin. -->","yoast_head_json":{"title":"Feegar Retro + Bluetooth Radio","robots":{"index":"index","follow":"follow","max-snippet":"max-snippet:-1","max-image-preview":"max-image-preview:large","max-video-preview":"max-video-preview:-1"},"canonical":"https:\/\/allstarretro.com\/de\/parduotuve\/technik\/feegar-retro-bluetooth-radio\/","og_locale":"de_DE","og_type":"article","og_title":"Feegar Retro + Bluetooth Radija","og_description":"APIE RADIJ\u0104 Feegar Retro + Bluetooth Radija. Namuose verta tur\u0117ti stiling\u0105 ir eleganti\u0161k\u0105 radij\u0105, pavyzd\u017eiui, Feegar Retro. Be to, BLUETOOTH versija \u2013 leid\u017eia belaid\u017eiu b\u016bdu leisti muzik\u0105 i\u0161 telefono, plan\u0161et\u0117s ar kompiuterio. Feegar RETRO yra puikiai atrodantis vinta\u017einio stiliaus Bluetooth radijas \/ garsiakalbis , kuris puikiai tiks bet kokiomis s\u0105lygomis. Feegar yra Lenkijos prek\u0117s \u017eenklas plataus vartojimo elektronikos pramon\u0117je. Feegar Retro \u2013 tai daugiafunkcis \u012frenginys, kuris leis jums patogiai leisti muzik\u0105 belaid\u017eiu b\u016bdu, taip pat puikiai stilingai naudotis radiju. Su juo jums nereik\u0117s jaudintis d\u0117l to, kad jis greitai i\u0161sikraus, nes 1100 mAh baterija leid\u017eia naudoti 10 valand\u0173. FEEGAR RETRO PRIVALUMAI   HiFi Sound \u2013 auk\u0161ta garso kokyb\u0117.  FM radijas \u2013 priimkite visas radijo stotis.  1100 mAh - ilgai veikianti baterija leid\u017eia maksimaliai: 10 valand\u0173 radijo \/ muzikos atk\u016brimo.  3,5 mm AUX lizdas \u2013 galimyb\u0117 prijungti kit\u0105 garso \u012frengin\u012f, pvz. TV arba telefonas.  BT 4.2 - ry\u0161ys su \u012frenginiais per Bluetooth ir muzikos grojimas, pvz., i\u0161 telefono.  microSD \u2013 galimyb\u0117 skaityti muzik\u0105 i\u0161 microSD kortel\u0117.  profesionalus imtuvas \u2013 \u012frenginyje naudojama speciali elektroakustin\u0117 konstrukcija, kuri\u0105 derina profesionalus imtuvas, tod\u0117l radijas turi labai ger\u0105 garso kokyb\u0119.  Feegar garsiakalbis puikiai tiks virtuv\u0117je vakar\u0117lyje, sporto sal\u0117je, \u017evejyboje, statybviet\u0117je, i\u0161kyloje, biure, rungtyn\u0117se, lauke ar namuose ar \u017ei\u016brint film\u0105. Baterija suteiks galimyb\u0119 ilgai linksmintis.  Be to, d\u0117l puikaus dizaino jis puikiai tiks bet kokio tipo patalpoje, taip pat lauke. D\u0117l \u0161ios nostalgi\u0161kos i\u0161vaizdos bent akimirk\u0105 pajusite \u0161e\u0161tojo de\u0161imtme\u010dio atmosfer\u0105.","og_url":"https:\/\/allstarretro.com\/de\/parduotuve\/technik\/feegar-retro-bluetooth-radio\/","og_site_name":"AllStarRetro","article_publisher":"https:\/\/www.facebook.com\/allstarretroLTU","article_modified_time":"2025-01-31T10:29:33+00:00","og_image":[{"width":1080,"height":1080,"url":"https:\/\/allstarretro.com\/wp-content\/uploads\/2025\/01\/Feegar-Retro-allstarretro.com_.webp","type":"image\/webp"}],"twitter_card":"summary_large_image","twitter_site":"@allstarretroLTU","twitter_misc":{"Availability":"In stock"},"schema":{"@context":"https:\/\/schema.org","@graph":[{"@type":["WebPage","ItemPage"],"@id":"https:\/\/allstarretro.com\/parduotuve\/technika\/feegar-retro-bluetooth-radija\/","url":"https:\/\/allstarretro.com\/parduotuve\/technika\/feegar-retro-bluetooth-radija\/","name":"Feegar Retro + Bluetooth Radio","isPartOf":{"@id":"https:\/\/allstarretro.com\/#website"},"datePublished":"2025-01-31T08:36:23+00:00","dateModified":"2025-01-31T10:29:33+00:00","breadcrumb":{"@id":"https:\/\/allstarretro.com\/parduotuve\/technika\/feegar-retro-bluetooth-radija\/#breadcrumb"},"inLanguage":"de","potentialAction":[{"@type":"ReadAction","target":["https:\/\/allstarretro.com\/parduotuve\/technika\/feegar-retro-bluetooth-radija\/"]}]},{"@type":"BreadcrumbList","@id":"https:\/\/allstarretro.com\/parduotuve\/technika\/feegar-retro-bluetooth-radija\/#breadcrumb","itemListElement":[{"@type":"ListItem","position":1,"name":"Home","item":"https:\/\/allstarretro.com\/"},{"@type":"ListItem","position":2,"name":"Retro Stiliaus Nostalgijos Ir Vinta\u017eo Parduotuv\u0117","item":"https:\/\/allstarretro.com\/parduotuve\/"},{"@type":"ListItem","position":3,"name":"Feegar Retro + Bluetooth Radija"}]},{"@type":"WebSite","@id":"https:\/\/allstarretro.com\/#website","url":"https:\/\/allstarretro.com\/","name":"AllStarRetro","description":"Retro-Badezimmer-Produkte im Stil | AllStarRetro","publisher":{"@id":"https:\/\/allstarretro.com\/#organization"},"alternateName":"AllStarRetro","potentialAction":[{"@type":"SearchAction","target":{"@type":"EntryPoint","urlTemplate":"https:\/\/allstarretro.com\/?s={search_term_string}"},"query-input":"required name=search_term_string"}],"inLanguage":"de"},{"@type":["Organization","Place","Store"],"@id":"https:\/\/allstarretro.com\/#organization","name":"AllStarRetro","alternateName":"AllStarRetro","url":"https:\/\/allstarretro.com\/","logo":{"@id":"https:\/\/allstarretro.com\/parduotuve\/technika\/feegar-retro-bluetooth-radija\/#local-main-organization-logo"},"image":{"@id":"https:\/\/allstarretro.com\/parduotuve\/technika\/feegar-retro-bluetooth-radija\/#local-main-organization-logo"},"sameAs":["https:\/\/www.facebook.com\/allstarretroLTU","https:\/\/twitter.com\/allstarretroLTU"],"publishingPrinciples":"https:\/\/allstarretro.com\/","ownershipFundingInfo":"https:\/\/allstarretro.com\/teises-ir-isipareigojimai\/","actionableFeedbackPolicy":"https:\/\/allstarretro.com\/privatumo-politika\/","correctionsPolicy":"https:\/\/allstarretro.com\/pristatymas-ir-taisykles\/","ethicsPolicy":"https:\/\/allstarretro.com\/teises-ir-isipareigojimai\/","diversityPolicy":"https:\/\/allstarretro.com\/privatumo-politika\/","diversityStaffingReport":"https:\/\/allstarretro.com\/privatumo-politika\/","address":{"@id":"https:\/\/allstarretro.com\/parduotuve\/technika\/feegar-retro-bluetooth-radija\/#local-main-place-address"},"geo":{"@type":"GeoCoordinates","latitude":"54.8733071","longitude":"23.9494226"},"telephone":["+37068673611"],"openingHoursSpecification":[{"@type":"OpeningHoursSpecification","dayOfWeek":["Monday","Tuesday","Wednesday","Thursday","Friday","Saturday","Sunday"],"opens":"09:00","closes":"17:00"}],"email":"info@allstarretro.com","areaServed":"Lithuania","vatID":"LT100013495416","priceRange":"$$","currenciesAccepted":"Euras","paymentAccepted":"Visa, mastercard"},{"@type":"PostalAddress","@id":"https:\/\/allstarretro.com\/parduotuve\/technika\/feegar-retro-bluetooth-radija\/#local-main-place-address","streetAddress":"L.Ivinskio 18a","addressLocality":"Kaunas","postalCode":"45151","addressRegion":"Kaunas","addressCountry":"LT"},{"@type":"ImageObject","inLanguage":"de","@id":"https:\/\/allstarretro.com\/parduotuve\/technika\/feegar-retro-bluetooth-radija\/#local-main-organization-logo","url":"https:\/\/allstarretro.com\/wp-content\/uploads\/2025\/01\/allstarretro-mini-logo.webp","contentUrl":"https:\/\/allstarretro.com\/wp-content\/uploads\/2025\/01\/allstarretro-mini-logo.webp","width":130,"height":130,"caption":"AllStarRetro"}]},"geo.placename":"Kaunas","geo.position":{"lat":"54.8733071","long":"23.9494226"},"geo.region":"Litauen"},"_links":{"self":[{"href":"https:\/\/allstarretro.com\/de\/wp-json\/wp\/v2\/product\/32996"}],"collection":[{"href":"https:\/\/allstarretro.com\/de\/wp-json\/wp\/v2\/product"}],"about":[{"href":"https:\/\/allstarretro.com\/de\/wp-json\/wp\/v2\/types\/product"}],"replies":[{"embeddable":true,"href":"https:\/\/allstarretro.com\/de\/wp-json\/wp\/v2\/comments?post=32996"}],"wp:featuredmedia":[{"embeddable":true,"href":"https:\/\/allstarretro.com\/de\/wp-json\/wp\/v2\/media\/32976"}],"wp:attachment":[{"href":"https:\/\/allstarretro.com\/de\/wp-json\/wp\/v2\/media?parent=32996"}],"wp:term":[{"taxonomy":"product_cat","embeddable":true,"href":"https:\/\/allstarretro.com\/de\/wp-json\/wp\/v2\/product_cat?post=32996"},{"taxonomy":"product_tag","embeddable":true,"href":"https:\/\/allstarretro.com\/de\/wp-json\/wp\/v2\/product_tag?post=32996"}],"curies":[{"name":"wp","href":"https:\/\/api.w.org\/{rel}","templated":true}]}}