{"id":33057,"date":"2023-10-10T05:53:32","date_gmt":"2023-10-10T05:53:32","guid":{"rendered":"https:\/\/allstarretro.com\/?post_type=product&#038;p=33057"},"modified":"2025-01-31T10:32:31","modified_gmt":"2025-01-31T10:32:31","slug":"retro-konsole","status":"publish","type":"product","link":"https:\/\/allstarretro.com\/de\/parduotuve\/zaidimai\/retro-console\/","title":{"rendered":"Retro-Konsole"},"content":{"rendered":"","protected":false},"excerpt":{"rendered":"<h2>\u00dcber die Konsole<\/h2>\n<p>Retro Konsole \u2013 Spielkonsole. Integrierte reichhaltige Retro-Spiele: Diese drahtlose TV-Spielkonsole verf\u00fcgt \u00fcber mehr als 10.000 reichhaltige Spiele, 9 vorinstallierte Emulatoren, kompatibel mit MAME, PS1, GB, GBA, GBC, MD, SFC, FC und ATARI-Spielen. mit einer 64-GB-TF-Karte. Sie m\u00fcssen sie nicht selbst herunterladen und installieren, Sie m\u00fcssen keine Internetverbindung herstellen.<\/p>\n<h2>VORTEILE DER KONSOLE<\/h2>\n<ul>\n<li>Doppelter Spielspa\u00df f\u00fcr Zwei: Diese kabellose Retro-Handheld-Spielekonsole mit integrierten Spielen verf\u00fcgt \u00fcber 2 kabellose 2,4-GHz-Controller, unterst\u00fctzt 2 Spieler, die zusammen spielen, kabellose Verbindungen zwischen Controllern und Sticks, keine Kabelbeschr\u00e4nkungen, mehr Spa\u00df.<br \/>\n4K-hochaufl\u00f6sende solide Videoqualit\u00e4t: Diese kabellose Spielekonsole eignet sich f\u00fcr 4K Ultra HD-Fernseher\/Computer\/Monitore\/Projektoren und unterst\u00fctzt den HDMI-Anschluss (nicht AV-Ausgang). Mit einem Mini-HDMI-Kabel, das mit einem 1080P-HD-Fernseher verbunden ist, k\u00f6nnen Sie lebendige und unterhaltsame Videospiele auf einem gro\u00dfen Bildschirm genie\u00dfen.<\/li>\n<li>Einfach zu bedienen: Schlie\u00dfen Sie den Game-Stick an die Stromversorgung an, schlie\u00dfen Sie dann den Fernseher an, stellen Sie die TV-Signalquelle auf den High-Definition-Kanal ein und der Bildschirm mit der Spieleliste wird auf dem Fernseher angezeigt. Spezifische Schritte: 1. Schlie\u00dfen Sie zuerst die HD-Ausgabe des Fernsehers an. 2. Legen Sie die integrierte TF-Karte mit Spielinhalten ein.<\/li>\n<li>Ideale Geschenk f\u00fcr Kinder, Erwachsene, Freunde, Liebhaber: Diese klassische Retro-Spielkonsole ist das perfekte Geschenk f\u00fcr sich selbst, Kinder, Freunde und Liebhaber. Erleben Sie das Gl\u00fcck, mit Ihren Kindern aufzuwachsen, wecken Sie sch\u00f6ne Kindheitserinnerungen, bauen Sie Stress f\u00fcr Erwachsene in den 80er und 90er Jahren ab und genie\u00dfen Sie Kindheitserinnerungen mit Ihrem Liebsten.<\/li>\n<\/ul>","protected":false},"featured_media":33058,"comment_status":"open","ping_status":"closed","template":"","meta":{"inline_featured_image":false},"product_cat":[339],"product_tag":[],"class_list":["post-33057","product","type-product","status-publish","has-post-thumbnail","hentry","product_brand-gogotool","product_cat-zaidimai"],"acf":[],"yoast_head":"<!-- This site is optimized with the Yoast SEO Premium plugin v21.8 (Yoast SEO v21.8) - https:\/\/yoast.com\/wordpress\/plugins\/seo\/ -->\n<title>Retro Console<\/title>\n<meta name=\"robots\" content=\"index, follow, max-snippet:-1, max-image-preview:large, max-video-preview:-1\" \/>\n<link rel=\"canonical\" href=\"https:\/\/allstarretro.com\/de\/parduotuve\/spiele\/retro-konsole\/\" \/>\n<meta property=\"og:locale\" content=\"de_DE\" \/>\n<meta property=\"og:type\" content=\"article\" \/>\n<meta property=\"og:title\" content=\"Retro Console\" \/>\n<meta property=\"og:description\" content=\"APIE KONSOL\u0118 Retro Console - \u017daidim\u0173 konsol\u0117. Integruoti turtingi retro \u017eaidimai: \u0161ioje belaid\u0117je TV \u017eaidim\u0173 konsol\u0117je yra daugiau nei 10 000 gausi\u0173 \u017eaidim\u0173, i\u0161 anksto \u012fdiegti 9 emuliatoriai, suderinami su MAME, PS1, GB, GBA, GBC, MD, SFC, FC ir ATARI format\u0173 \u017eaidimais. su 64GB TF kortele. Nereikia pa\u010diam atsisi\u0173sti ir \u012fdiegti, nereikia prisijungti prie interneto. KONSOL\u0116S PRIVALUMAI   Dviguba \u017eaidimo laim\u0117 dviems: \u0161i belaid\u0117 retro rankin\u0117 \u017eaidim\u0173 konsol\u0117 su \u012ftaisytais \u017eaidimais turi 2 belaid\u017eius 2,4 GHz \u017eaidim\u0173 valdiklius, palaiko 2 kartu \u017eaid\u017eian\u010dius \u017eaid\u0117jus, belaid\u012f ry\u0161\u012f tarp \u017eaidim\u0173 valdikli\u0173 ir lazdeli\u0173, joki\u0173 keli\u0173 apribojim\u0173, smagiau. 4K auk\u0161tos kokyb\u0117s vaizdo solidus: \u0161i belaid\u0117 \u017eaidim\u0173 konsol\u0117 tinka 4K Ultra HD televizoriams \/ kompiuteriams \/ monitoriams \/ projektoriams ir palaiko HDMI prievad\u0105 (ne AV i\u0161vest\u012f). Naudodami mini HDMI laid\u0105, prijungt\u0105 prie televizoriaus 1080P HD kokybe, gal\u0117site m\u0117gautis ry\u0161kiais ir smagiais vaizdo \u017eaidimais dideliame ekrane.  Lengva naudoti: prijunkite \u017eaidimo lazdel\u0119 prie maitinimo \u0161altinio, tada prijunkite televizori\u0173, nustatykite TV signalo \u0161altin\u012f \u012f didel\u0117s rai\u0161kos kanal\u0105 ir televizoriuje bus rodomas ekranas su \u017eaidim\u0173 s\u0105ra\u0161u. Konkret\u016bs veiksmai: 1. Pirmiausia prijunkite televizoriaus HD i\u0161vest\u012f. 2. \u012ed\u0117kite integruot\u0105 TF \u017eaidimo turinio kortel\u0119.  Ideali dovana vaikams, suaugusiems, draugams, m\u0117g\u0117jams: \u0161i klasikin\u0117 retro \u017eaidim\u0173 konsol\u0117 yra ideali dovana sau, vaikams, draugams ir m\u0117g\u0117jams. Patirkite laim\u0119 augti kartu su savo vaikais, pa\u017eadinkite gra\u017eius vaikyst\u0117s prisiminimus, paleiskite kasdien\u012f stres\u0105 suaugusiems 80-90-aisiais ir m\u0117gaukit\u0117s vaikyst\u0117s prisiminimais su savo mylimuoju.\" \/>\n<meta property=\"og:url\" content=\"https:\/\/allstarretro.com\/de\/parduotuve\/spiele\/retro-konsole\/\" \/>\n<meta property=\"og:site_name\" content=\"AllStarRetro\" \/>\n<meta property=\"article:publisher\" content=\"https:\/\/www.facebook.com\/allstarretroLTU\" \/>\n<meta property=\"article:modified_time\" content=\"2025-01-31T10:32:31+00:00\" \/>\n<meta property=\"og:image\" content=\"https:\/\/allstarretro.com\/wp-content\/uploads\/2025\/01\/retro-console-allstarretro.com_.webp\" \/>\n\t<meta property=\"og:image:width\" content=\"1080\" \/>\n\t<meta property=\"og:image:height\" content=\"1080\" \/>\n\t<meta property=\"og:image:type\" content=\"image\/webp\" \/>\n<meta name=\"twitter:card\" content=\"summary_large_image\" \/>\n<meta name=\"twitter:site\" content=\"@allstarretroLTU\" \/>\n<meta name=\"twitter:label1\" content=\"Preis\" \/>\n\t<meta name=\"twitter:data1\" content=\"79.99&euro; 69.99&euro;\" \/>\n\t<meta name=\"twitter:label2\" content=\"Availability\" \/>\n\t<meta name=\"twitter:data2\" content=\"In stock\" \/>\n<script type=\"application\/ld+json\" class=\"yoast-schema-graph\">{\"@context\":\"https:\/\/schema.org\",\"@graph\":[{\"@type\":[\"WebPage\",\"ItemPage\"],\"@id\":\"https:\/\/allstarretro.com\/parduotuve\/zaidimai\/retro-console\/\",\"url\":\"https:\/\/allstarretro.com\/parduotuve\/zaidimai\/retro-console\/\",\"name\":\"Retro Console\",\"isPartOf\":{\"@id\":\"https:\/\/allstarretro.com\/#website\"},\"datePublished\":\"2023-10-10T05:53:32+00:00\",\"dateModified\":\"2025-01-31T10:32:31+00:00\",\"breadcrumb\":{\"@id\":\"https:\/\/allstarretro.com\/parduotuve\/zaidimai\/retro-console\/#breadcrumb\"},\"inLanguage\":\"de\",\"potentialAction\":[{\"@type\":\"ReadAction\",\"target\":[\"https:\/\/allstarretro.com\/parduotuve\/zaidimai\/retro-console\/\"]}]},{\"@type\":\"BreadcrumbList\",\"@id\":\"https:\/\/allstarretro.com\/parduotuve\/zaidimai\/retro-console\/#breadcrumb\",\"itemListElement\":[{\"@type\":\"ListItem\",\"position\":1,\"name\":\"Home\",\"item\":\"https:\/\/allstarretro.com\/\"},{\"@type\":\"ListItem\",\"position\":2,\"name\":\"Retro Stiliaus Nostalgijos Ir Vinta\u017eo Parduotuv\u0117\",\"item\":\"https:\/\/allstarretro.com\/parduotuve\/\"},{\"@type\":\"ListItem\",\"position\":3,\"name\":\"Retro Console\"}]},{\"@type\":\"WebSite\",\"@id\":\"https:\/\/allstarretro.com\/#website\",\"url\":\"https:\/\/allstarretro.com\/\",\"name\":\"AllStarRetro\",\"description\":\"Retro Laikotarpio Stiliaus Produktai | AllStarRetro\",\"publisher\":{\"@id\":\"https:\/\/allstarretro.com\/#organization\"},\"alternateName\":\"AllStarRetro\",\"potentialAction\":[{\"@type\":\"SearchAction\",\"target\":{\"@type\":\"EntryPoint\",\"urlTemplate\":\"https:\/\/allstarretro.com\/?s={search_term_string}\"},\"query-input\":\"required name=search_term_string\"}],\"inLanguage\":\"de\"},{\"@type\":[\"Organization\",\"Place\",\"Store\"],\"@id\":\"https:\/\/allstarretro.com\/#organization\",\"name\":\"AllStarRetro\",\"alternateName\":\"AllStarRetro\",\"url\":\"https:\/\/allstarretro.com\/\",\"logo\":{\"@id\":\"https:\/\/allstarretro.com\/parduotuve\/zaidimai\/retro-console\/#local-main-organization-logo\"},\"image\":{\"@id\":\"https:\/\/allstarretro.com\/parduotuve\/zaidimai\/retro-console\/#local-main-organization-logo\"},\"sameAs\":[\"https:\/\/www.facebook.com\/allstarretroLTU\",\"https:\/\/twitter.com\/allstarretroLTU\"],\"publishingPrinciples\":\"https:\/\/allstarretro.com\/\",\"ownershipFundingInfo\":\"https:\/\/allstarretro.com\/teises-ir-isipareigojimai\/\",\"actionableFeedbackPolicy\":\"https:\/\/allstarretro.com\/privatumo-politika\/\",\"correctionsPolicy\":\"https:\/\/allstarretro.com\/pristatymas-ir-taisykles\/\",\"ethicsPolicy\":\"https:\/\/allstarretro.com\/teises-ir-isipareigojimai\/\",\"diversityPolicy\":\"https:\/\/allstarretro.com\/privatumo-politika\/\",\"diversityStaffingReport\":\"https:\/\/allstarretro.com\/privatumo-politika\/\",\"address\":{\"@id\":\"https:\/\/allstarretro.com\/parduotuve\/zaidimai\/retro-console\/#local-main-place-address\"},\"geo\":{\"@type\":\"GeoCoordinates\",\"latitude\":\"54.8733071\",\"longitude\":\"23.9494226\"},\"telephone\":[\"+37068673611\"],\"openingHoursSpecification\":[{\"@type\":\"OpeningHoursSpecification\",\"dayOfWeek\":[\"Monday\",\"Tuesday\",\"Wednesday\",\"Thursday\",\"Friday\",\"Saturday\",\"Sunday\"],\"opens\":\"09:00\",\"closes\":\"17:00\"}],\"email\":\"info@allstarretro.com\",\"areaServed\":\"Lithuania\",\"vatID\":\"LT100013495416\",\"priceRange\":\"$$\",\"currenciesAccepted\":\"Euras\",\"paymentAccepted\":\"Visa, mastercard\"},{\"@type\":\"PostalAddress\",\"@id\":\"https:\/\/allstarretro.com\/parduotuve\/zaidimai\/retro-console\/#local-main-place-address\",\"streetAddress\":\"L.Ivinskio 18a\",\"addressLocality\":\"Kaunas\",\"postalCode\":\"45151\",\"addressRegion\":\"Kaunas\",\"addressCountry\":\"LT\"},{\"@type\":\"ImageObject\",\"inLanguage\":\"de\",\"@id\":\"https:\/\/allstarretro.com\/parduotuve\/zaidimai\/retro-console\/#local-main-organization-logo\",\"url\":\"https:\/\/allstarretro.com\/wp-content\/uploads\/2025\/01\/allstarretro-mini-logo.webp\",\"contentUrl\":\"https:\/\/allstarretro.com\/wp-content\/uploads\/2025\/01\/allstarretro-mini-logo.webp\",\"width\":130,\"height\":130,\"caption\":\"AllStarRetro\"}]}<\/script>\n<meta name=\"geo.placename\" content=\"Kaunas\" \/>\n<meta name=\"geo.position\" content=\"54.8733071;23.9494226\" \/>\n<meta name=\"geo.region\" content=\"Litauen\" \/>\n<!-- \/ Yoast SEO Premium plugin. -->","yoast_head_json":{"title":"Retro-Konsole","robots":{"index":"index","follow":"follow","max-snippet":"max-snippet:-1","max-image-preview":"max-image-preview:large","max-video-preview":"max-video-preview:-1"},"canonical":"https:\/\/allstarretro.com\/de\/parduotuve\/spiele\/retro-konsole\/","og_locale":"de_DE","og_type":"article","og_title":"Retro Console","og_description":"APIE KONSOL\u0118 Retro Console - \u017daidim\u0173 konsol\u0117. Integruoti turtingi retro \u017eaidimai: \u0161ioje belaid\u0117je TV \u017eaidim\u0173 konsol\u0117je yra daugiau nei 10 000 gausi\u0173 \u017eaidim\u0173, i\u0161 anksto \u012fdiegti 9 emuliatoriai, suderinami su MAME, PS1, GB, GBA, GBC, MD, SFC, FC ir ATARI format\u0173 \u017eaidimais. su 64GB TF kortele. Nereikia pa\u010diam atsisi\u0173sti ir \u012fdiegti, nereikia prisijungti prie interneto. KONSOL\u0116S PRIVALUMAI   Dviguba \u017eaidimo laim\u0117 dviems: \u0161i belaid\u0117 retro rankin\u0117 \u017eaidim\u0173 konsol\u0117 su \u012ftaisytais \u017eaidimais turi 2 belaid\u017eius 2,4 GHz \u017eaidim\u0173 valdiklius, palaiko 2 kartu \u017eaid\u017eian\u010dius \u017eaid\u0117jus, belaid\u012f ry\u0161\u012f tarp \u017eaidim\u0173 valdikli\u0173 ir lazdeli\u0173, joki\u0173 keli\u0173 apribojim\u0173, smagiau. 4K auk\u0161tos kokyb\u0117s vaizdo solidus: \u0161i belaid\u0117 \u017eaidim\u0173 konsol\u0117 tinka 4K Ultra HD televizoriams \/ kompiuteriams \/ monitoriams \/ projektoriams ir palaiko HDMI prievad\u0105 (ne AV i\u0161vest\u012f). Naudodami mini HDMI laid\u0105, prijungt\u0105 prie televizoriaus 1080P HD kokybe, gal\u0117site m\u0117gautis ry\u0161kiais ir smagiais vaizdo \u017eaidimais dideliame ekrane.  Lengva naudoti: prijunkite \u017eaidimo lazdel\u0119 prie maitinimo \u0161altinio, tada prijunkite televizori\u0173, nustatykite TV signalo \u0161altin\u012f \u012f didel\u0117s rai\u0161kos kanal\u0105 ir televizoriuje bus rodomas ekranas su \u017eaidim\u0173 s\u0105ra\u0161u. Konkret\u016bs veiksmai: 1. Pirmiausia prijunkite televizoriaus HD i\u0161vest\u012f. 2. \u012ed\u0117kite integruot\u0105 TF \u017eaidimo turinio kortel\u0119.  Ideali dovana vaikams, suaugusiems, draugams, m\u0117g\u0117jams: \u0161i klasikin\u0117 retro \u017eaidim\u0173 konsol\u0117 yra ideali dovana sau, vaikams, draugams ir m\u0117g\u0117jams. Patirkite laim\u0119 augti kartu su savo vaikais, pa\u017eadinkite gra\u017eius vaikyst\u0117s prisiminimus, paleiskite kasdien\u012f stres\u0105 suaugusiems 80-90-aisiais ir m\u0117gaukit\u0117s vaikyst\u0117s prisiminimais su savo mylimuoju.","og_url":"https:\/\/allstarretro.com\/de\/parduotuve\/spiele\/retro-konsole\/","og_site_name":"AllStarRetro","article_publisher":"https:\/\/www.facebook.com\/allstarretroLTU","article_modified_time":"2025-01-31T10:32:31+00:00","og_image":[{"width":1080,"height":1080,"url":"https:\/\/allstarretro.com\/wp-content\/uploads\/2025\/01\/retro-console-allstarretro.com_.webp","type":"image\/webp"}],"twitter_card":"summary_large_image","twitter_site":"@allstarretroLTU","twitter_misc":{"Preis":"79.99&euro; 69.99&euro;","Availability":"In stock"},"schema":{"@context":"https:\/\/schema.org","@graph":[{"@type":["WebPage","ItemPage"],"@id":"https:\/\/allstarretro.com\/parduotuve\/zaidimai\/retro-console\/","url":"https:\/\/allstarretro.com\/parduotuve\/zaidimai\/retro-console\/","name":"Retro-Konsole","isPartOf":{"@id":"https:\/\/allstarretro.com\/#website"},"datePublished":"2023-10-10T05:53:32+00:00","dateModified":"2025-01-31T10:32:31+00:00","breadcrumb":{"@id":"https:\/\/allstarretro.com\/parduotuve\/zaidimai\/retro-console\/#breadcrumb"},"inLanguage":"de","potentialAction":[{"@type":"ReadAction","target":["https:\/\/allstarretro.com\/parduotuve\/zaidimai\/retro-console\/"]}]},{"@type":"BreadcrumbList","@id":"https:\/\/allstarretro.com\/parduotuve\/zaidimai\/retro-console\/#breadcrumb","itemListElement":[{"@type":"ListItem","position":1,"name":"Home","item":"https:\/\/allstarretro.com\/"},{"@type":"ListItem","position":2,"name":"Retro Stiliaus Nostalgijos Ir Vinta\u017eo Parduotuv\u0117","item":"https:\/\/allstarretro.com\/parduotuve\/"},{"@type":"ListItem","position":3,"name":"Retro Console"}]},{"@type":"WebSite","@id":"https:\/\/allstarretro.com\/#website","url":"https:\/\/allstarretro.com\/","name":"AllStarRetro","description":"Retro-Badezimmer-Produkte im Stil | AllStarRetro","publisher":{"@id":"https:\/\/allstarretro.com\/#organization"},"alternateName":"AllStarRetro","potentialAction":[{"@type":"SearchAction","target":{"@type":"EntryPoint","urlTemplate":"https:\/\/allstarretro.com\/?s={search_term_string}"},"query-input":"required name=search_term_string"}],"inLanguage":"de"},{"@type":["Organization","Place","Store"],"@id":"https:\/\/allstarretro.com\/#organization","name":"AllStarRetro","alternateName":"AllStarRetro","url":"https:\/\/allstarretro.com\/","logo":{"@id":"https:\/\/allstarretro.com\/parduotuve\/zaidimai\/retro-console\/#local-main-organization-logo"},"image":{"@id":"https:\/\/allstarretro.com\/parduotuve\/zaidimai\/retro-console\/#local-main-organization-logo"},"sameAs":["https:\/\/www.facebook.com\/allstarretroLTU","https:\/\/twitter.com\/allstarretroLTU"],"publishingPrinciples":"https:\/\/allstarretro.com\/","ownershipFundingInfo":"https:\/\/allstarretro.com\/teises-ir-isipareigojimai\/","actionableFeedbackPolicy":"https:\/\/allstarretro.com\/privatumo-politika\/","correctionsPolicy":"https:\/\/allstarretro.com\/pristatymas-ir-taisykles\/","ethicsPolicy":"https:\/\/allstarretro.com\/teises-ir-isipareigojimai\/","diversityPolicy":"https:\/\/allstarretro.com\/privatumo-politika\/","diversityStaffingReport":"https:\/\/allstarretro.com\/privatumo-politika\/","address":{"@id":"https:\/\/allstarretro.com\/parduotuve\/zaidimai\/retro-console\/#local-main-place-address"},"geo":{"@type":"GeoCoordinates","latitude":"54.8733071","longitude":"23.9494226"},"telephone":["+37068673611"],"openingHoursSpecification":[{"@type":"OpeningHoursSpecification","dayOfWeek":["Monday","Tuesday","Wednesday","Thursday","Friday","Saturday","Sunday"],"opens":"09:00","closes":"17:00"}],"email":"info@allstarretro.com","areaServed":"Lithuania","vatID":"LT100013495416","priceRange":"$$","currenciesAccepted":"Euras","paymentAccepted":"Visa, mastercard"},{"@type":"PostalAddress","@id":"https:\/\/allstarretro.com\/parduotuve\/zaidimai\/retro-console\/#local-main-place-address","streetAddress":"L.Ivinskio 18a","addressLocality":"Kaunas","postalCode":"45151","addressRegion":"Kaunas","addressCountry":"LT"},{"@type":"ImageObject","inLanguage":"de","@id":"https:\/\/allstarretro.com\/parduotuve\/zaidimai\/retro-console\/#local-main-organization-logo","url":"https:\/\/allstarretro.com\/wp-content\/uploads\/2025\/01\/allstarretro-mini-logo.webp","contentUrl":"https:\/\/allstarretro.com\/wp-content\/uploads\/2025\/01\/allstarretro-mini-logo.webp","width":130,"height":130,"caption":"AllStarRetro"}]},"geo.placename":"Kaunas","geo.position":{"lat":"54.8733071","long":"23.9494226"},"geo.region":"Litauen"},"_links":{"self":[{"href":"https:\/\/allstarretro.com\/de\/wp-json\/wp\/v2\/product\/33057"}],"collection":[{"href":"https:\/\/allstarretro.com\/de\/wp-json\/wp\/v2\/product"}],"about":[{"href":"https:\/\/allstarretro.com\/de\/wp-json\/wp\/v2\/types\/product"}],"replies":[{"embeddable":true,"href":"https:\/\/allstarretro.com\/de\/wp-json\/wp\/v2\/comments?post=33057"}],"wp:featuredmedia":[{"embeddable":true,"href":"https:\/\/allstarretro.com\/de\/wp-json\/wp\/v2\/media\/33058"}],"wp:attachment":[{"href":"https:\/\/allstarretro.com\/de\/wp-json\/wp\/v2\/media?parent=33057"}],"wp:term":[{"taxonomy":"product_cat","embeddable":true,"href":"https:\/\/allstarretro.com\/de\/wp-json\/wp\/v2\/product_cat?post=33057"},{"taxonomy":"product_tag","embeddable":true,"href":"https:\/\/allstarretro.com\/de\/wp-json\/wp\/v2\/product_tag?post=33057"}],"curies":[{"name":"wp","href":"https:\/\/api.w.org\/{rel}","templated":true}]}}