{"id":33081,"date":"2023-10-26T07:51:56","date_gmt":"2023-10-26T07:51:56","guid":{"rendered":"https:\/\/allstarretro.com\/?post_type=product&#038;p=33081"},"modified":"2025-01-31T10:27:13","modified_gmt":"2025-01-31T10:27:13","slug":"rokr-wooden-puzzle-guitar","status":"publish","type":"product","link":"https:\/\/allstarretro.com\/de\/parduotuve\/zaidimai\/rokr-wooden-puzzle-guitar\/","title":{"rendered":"ROKR Holzpuzzle Gitarre"},"content":{"rendered":"","protected":false},"excerpt":{"rendered":"<h2>APIE GITAR\u0104<\/h2>\n<p>ROKR Wooden Puzzle Guitar. 3D puzl\u0117 gitara, i\u0161 viso 140 vienet\u0173, surinkimas trunka 1,5 valandos. Savaranki\u0161kai surenkamas modelis ne tik suteikia jums malonumo surinkti, bet ir leid\u017eia patirti muzikos instrument\u0173 gro\u017e\u012f.<\/p>\n<h2>PUZL\u0116S PRIVALUMAI<\/h2>\n<ul>\n<li>Sunkumo lygis: pradinis lygis tinka vaikams nuo 14 met\u0173 ir suaugusiems. Jei nesate naujokas 3D medini\u0173 surinkimo gamini\u0173 ir \u0161iek tiek dvejojate, galite naudoti \u0161\u012f gamin\u012f praktikuodami ir i\u0161m\u0117gindami amat\u0173 ir sriegini\u0173 amat\u0173 malonum\u0105.<\/li>\n<li>Pakankamai tvirtas eksponavimui ir saugojimui. Visos medin\u0117s dalys pagamintos i\u0161 nat\u016bralios ber\u017eo faneros, kiekviena detal\u0117 puikiai tinka, tod\u0117l jums nereik\u0117s jaudintis d\u0117l gedimo ar deformacijos po ilgo laiko.<\/li>\n<li>nereikia papildom\u0173 \u012franki\u0173. Sunumeruotos dalys ir i\u0161samios iliustruotos instrukcijos palengvina surinkim\u0105.<\/li>\n<li>Gamin\u012f galima nuda\u017eyti, ta\u010diau da\u017eai ir teptukas \u012f komplekt\u0105 ne\u012feina, tod\u0117l juos reikia paruo\u0161ti patiems. Tai idealus nam\u0173 dekoravimo produktas ir puikus \u201epasidaryk pats\u201c dovan\u0173 pasirinkimas.<\/li>\n<\/ul>","protected":false},"featured_media":33082,"comment_status":"open","ping_status":"closed","template":"","meta":{"inline_featured_image":false},"product_cat":[339,340,342],"product_tag":[],"class_list":["post-33081","product","type-product","status-publish","has-post-thumbnail","hentry","product_brand-rokr","product_cat-zaidimai","product_cat-namu-interjeras","product_cat-kolekcionavimas"],"acf":[],"yoast_head":"<!-- This site is optimized with the Yoast SEO Premium plugin v21.8 (Yoast SEO v21.8) - https:\/\/yoast.com\/wordpress\/plugins\/seo\/ -->\n<title>ROKR Wooden Puzzle Guitar<\/title>\n<meta name=\"robots\" content=\"index, follow, max-snippet:-1, max-image-preview:large, max-video-preview:-1\" \/>\n<link rel=\"canonical\" href=\"https:\/\/allstarretro.com\/de\/parduotuve\/zaidimai\/rokr-wooden-puzzle-guitar\/\" \/>\n<meta property=\"og:locale\" content=\"de_DE\" \/>\n<meta property=\"og:type\" content=\"article\" \/>\n<meta property=\"og:title\" content=\"ROKR Wooden Puzzle Guitar\" \/>\n<meta property=\"og:description\" content=\"APIE GITAR\u0104 ROKR Wooden Puzzle Guitar. 3D puzl\u0117 gitara, i\u0161 viso 140 vienet\u0173, surinkimas trunka 1,5 valandos. Savaranki\u0161kai surenkamas modelis ne tik suteikia jums malonumo surinkti, bet ir leid\u017eia patirti muzikos instrument\u0173 gro\u017e\u012f. PUZL\u0116S PRIVALUMAI   Sunkumo lygis: pradinis lygis tinka vaikams nuo 14 met\u0173 ir suaugusiems. Jei nesate naujokas 3D medini\u0173 surinkimo gamini\u0173 ir \u0161iek tiek dvejojate, galite naudoti \u0161\u012f gamin\u012f praktikuodami ir i\u0161m\u0117gindami amat\u0173 ir sriegini\u0173 amat\u0173 malonum\u0105.  Pakankamai tvirtas eksponavimui ir saugojimui. Visos medin\u0117s dalys pagamintos i\u0161 nat\u016bralios ber\u017eo faneros, kiekviena detal\u0117 puikiai tinka, tod\u0117l jums nereik\u0117s jaudintis d\u0117l gedimo ar deformacijos po ilgo laiko.  nereikia papildom\u0173 \u012franki\u0173. Sunumeruotos dalys ir i\u0161samios iliustruotos instrukcijos palengvina surinkim\u0105.  Gamin\u012f galima nuda\u017eyti, ta\u010diau da\u017eai ir teptukas \u012f komplekt\u0105 ne\u012feina, tod\u0117l juos reikia paruo\u0161ti patiems. Tai idealus nam\u0173 dekoravimo produktas ir puikus \u201epasidaryk pats\u201c dovan\u0173 pasirinkimas.\" \/>\n<meta property=\"og:url\" content=\"https:\/\/allstarretro.com\/de\/parduotuve\/zaidimai\/rokr-wooden-puzzle-guitar\/\" \/>\n<meta property=\"og:site_name\" content=\"AllStarRetro\" \/>\n<meta property=\"article:publisher\" content=\"https:\/\/www.facebook.com\/allstarretroLTU\" \/>\n<meta property=\"article:modified_time\" content=\"2025-01-31T10:27:13+00:00\" \/>\n<meta property=\"og:image\" content=\"https:\/\/allstarretro.com\/wp-content\/uploads\/2025\/01\/rokr-guitar-puzle-allstarretro.com-3.webp\" \/>\n\t<meta property=\"og:image:width\" content=\"1080\" \/>\n\t<meta property=\"og:image:height\" content=\"1080\" \/>\n\t<meta property=\"og:image:type\" content=\"image\/webp\" \/>\n<meta name=\"twitter:card\" content=\"summary_large_image\" \/>\n<meta name=\"twitter:site\" content=\"@allstarretroLTU\" \/>\n<meta name=\"twitter:label1\" content=\"Preis\" \/>\n\t<meta name=\"twitter:data1\" content=\"34.99&euro;\" \/>\n\t<meta name=\"twitter:label2\" content=\"Availability\" \/>\n\t<meta name=\"twitter:data2\" content=\"In stock\" \/>\n<script type=\"application\/ld+json\" class=\"yoast-schema-graph\">{\"@context\":\"https:\/\/schema.org\",\"@graph\":[{\"@type\":[\"WebPage\",\"ItemPage\"],\"@id\":\"https:\/\/allstarretro.com\/parduotuve\/zaidimai\/rokr-wooden-puzzle-guitar\/\",\"url\":\"https:\/\/allstarretro.com\/parduotuve\/zaidimai\/rokr-wooden-puzzle-guitar\/\",\"name\":\"ROKR Wooden Puzzle Guitar\",\"isPartOf\":{\"@id\":\"https:\/\/allstarretro.com\/#website\"},\"datePublished\":\"2023-10-26T07:51:56+00:00\",\"dateModified\":\"2025-01-31T10:27:13+00:00\",\"breadcrumb\":{\"@id\":\"https:\/\/allstarretro.com\/parduotuve\/zaidimai\/rokr-wooden-puzzle-guitar\/#breadcrumb\"},\"inLanguage\":\"de\",\"potentialAction\":[{\"@type\":\"ReadAction\",\"target\":[\"https:\/\/allstarretro.com\/parduotuve\/zaidimai\/rokr-wooden-puzzle-guitar\/\"]}]},{\"@type\":\"BreadcrumbList\",\"@id\":\"https:\/\/allstarretro.com\/parduotuve\/zaidimai\/rokr-wooden-puzzle-guitar\/#breadcrumb\",\"itemListElement\":[{\"@type\":\"ListItem\",\"position\":1,\"name\":\"Home\",\"item\":\"https:\/\/allstarretro.com\/\"},{\"@type\":\"ListItem\",\"position\":2,\"name\":\"Retro Stiliaus Nostalgijos Ir Vinta\u017eo Parduotuv\u0117\",\"item\":\"https:\/\/allstarretro.com\/parduotuve\/\"},{\"@type\":\"ListItem\",\"position\":3,\"name\":\"ROKR Wooden Puzzle Guitar\"}]},{\"@type\":\"WebSite\",\"@id\":\"https:\/\/allstarretro.com\/#website\",\"url\":\"https:\/\/allstarretro.com\/\",\"name\":\"AllStarRetro\",\"description\":\"Retro Laikotarpio Stiliaus Produktai | AllStarRetro\",\"publisher\":{\"@id\":\"https:\/\/allstarretro.com\/#organization\"},\"alternateName\":\"AllStarRetro\",\"potentialAction\":[{\"@type\":\"SearchAction\",\"target\":{\"@type\":\"EntryPoint\",\"urlTemplate\":\"https:\/\/allstarretro.com\/?s={search_term_string}\"},\"query-input\":\"required name=search_term_string\"}],\"inLanguage\":\"de\"},{\"@type\":[\"Organization\",\"Place\",\"Store\"],\"@id\":\"https:\/\/allstarretro.com\/#organization\",\"name\":\"AllStarRetro\",\"alternateName\":\"AllStarRetro\",\"url\":\"https:\/\/allstarretro.com\/\",\"logo\":{\"@id\":\"https:\/\/allstarretro.com\/parduotuve\/zaidimai\/rokr-wooden-puzzle-guitar\/#local-main-organization-logo\"},\"image\":{\"@id\":\"https:\/\/allstarretro.com\/parduotuve\/zaidimai\/rokr-wooden-puzzle-guitar\/#local-main-organization-logo\"},\"sameAs\":[\"https:\/\/www.facebook.com\/allstarretroLTU\",\"https:\/\/twitter.com\/allstarretroLTU\"],\"publishingPrinciples\":\"https:\/\/allstarretro.com\/\",\"ownershipFundingInfo\":\"https:\/\/allstarretro.com\/teises-ir-isipareigojimai\/\",\"actionableFeedbackPolicy\":\"https:\/\/allstarretro.com\/privatumo-politika\/\",\"correctionsPolicy\":\"https:\/\/allstarretro.com\/pristatymas-ir-taisykles\/\",\"ethicsPolicy\":\"https:\/\/allstarretro.com\/teises-ir-isipareigojimai\/\",\"diversityPolicy\":\"https:\/\/allstarretro.com\/privatumo-politika\/\",\"diversityStaffingReport\":\"https:\/\/allstarretro.com\/privatumo-politika\/\",\"address\":{\"@id\":\"https:\/\/allstarretro.com\/parduotuve\/zaidimai\/rokr-wooden-puzzle-guitar\/#local-main-place-address\"},\"geo\":{\"@type\":\"GeoCoordinates\",\"latitude\":\"54.8733071\",\"longitude\":\"23.9494226\"},\"telephone\":[\"+37068673611\"],\"openingHoursSpecification\":[{\"@type\":\"OpeningHoursSpecification\",\"dayOfWeek\":[\"Monday\",\"Tuesday\",\"Wednesday\",\"Thursday\",\"Friday\",\"Saturday\",\"Sunday\"],\"opens\":\"09:00\",\"closes\":\"17:00\"}],\"email\":\"info@allstarretro.com\",\"areaServed\":\"Lithuania\",\"vatID\":\"LT100013495416\",\"priceRange\":\"$$\",\"currenciesAccepted\":\"Euras\",\"paymentAccepted\":\"Visa, mastercard\"},{\"@type\":\"PostalAddress\",\"@id\":\"https:\/\/allstarretro.com\/parduotuve\/zaidimai\/rokr-wooden-puzzle-guitar\/#local-main-place-address\",\"streetAddress\":\"L.Ivinskio 18a\",\"addressLocality\":\"Kaunas\",\"postalCode\":\"45151\",\"addressRegion\":\"Kaunas\",\"addressCountry\":\"LT\"},{\"@type\":\"ImageObject\",\"inLanguage\":\"de\",\"@id\":\"https:\/\/allstarretro.com\/parduotuve\/zaidimai\/rokr-wooden-puzzle-guitar\/#local-main-organization-logo\",\"url\":\"https:\/\/allstarretro.com\/wp-content\/uploads\/2025\/01\/allstarretro-mini-logo.webp\",\"contentUrl\":\"https:\/\/allstarretro.com\/wp-content\/uploads\/2025\/01\/allstarretro-mini-logo.webp\",\"width\":130,\"height\":130,\"caption\":\"AllStarRetro\"}]}<\/script>\n<meta name=\"geo.placename\" content=\"Kaunas\" \/>\n<meta name=\"geo.position\" content=\"54.8733071;23.9494226\" \/>\n<meta name=\"geo.region\" content=\"Litauen\" \/>\n<!-- \/ Yoast SEO Premium plugin. -->","yoast_head_json":{"title":"ROKR Holzpuzzle Gitarre","robots":{"index":"index","follow":"follow","max-snippet":"max-snippet:-1","max-image-preview":"max-image-preview:large","max-video-preview":"max-video-preview:-1"},"canonical":"https:\/\/allstarretro.com\/de\/parduotuve\/zaidimai\/rokr-wooden-puzzle-guitar\/","og_locale":"de_DE","og_type":"article","og_title":"ROKR Wooden Puzzle Guitar","og_description":"APIE GITAR\u0104 ROKR Wooden Puzzle Guitar. 3D puzl\u0117 gitara, i\u0161 viso 140 vienet\u0173, surinkimas trunka 1,5 valandos. Savaranki\u0161kai surenkamas modelis ne tik suteikia jums malonumo surinkti, bet ir leid\u017eia patirti muzikos instrument\u0173 gro\u017e\u012f. PUZL\u0116S PRIVALUMAI   Sunkumo lygis: pradinis lygis tinka vaikams nuo 14 met\u0173 ir suaugusiems. Jei nesate naujokas 3D medini\u0173 surinkimo gamini\u0173 ir \u0161iek tiek dvejojate, galite naudoti \u0161\u012f gamin\u012f praktikuodami ir i\u0161m\u0117gindami amat\u0173 ir sriegini\u0173 amat\u0173 malonum\u0105.  Pakankamai tvirtas eksponavimui ir saugojimui. Visos medin\u0117s dalys pagamintos i\u0161 nat\u016bralios ber\u017eo faneros, kiekviena detal\u0117 puikiai tinka, tod\u0117l jums nereik\u0117s jaudintis d\u0117l gedimo ar deformacijos po ilgo laiko.  nereikia papildom\u0173 \u012franki\u0173. Sunumeruotos dalys ir i\u0161samios iliustruotos instrukcijos palengvina surinkim\u0105.  Gamin\u012f galima nuda\u017eyti, ta\u010diau da\u017eai ir teptukas \u012f komplekt\u0105 ne\u012feina, tod\u0117l juos reikia paruo\u0161ti patiems. Tai idealus nam\u0173 dekoravimo produktas ir puikus \u201epasidaryk pats\u201c dovan\u0173 pasirinkimas.","og_url":"https:\/\/allstarretro.com\/de\/parduotuve\/zaidimai\/rokr-wooden-puzzle-guitar\/","og_site_name":"AllStarRetro","article_publisher":"https:\/\/www.facebook.com\/allstarretroLTU","article_modified_time":"2025-01-31T10:27:13+00:00","og_image":[{"width":1080,"height":1080,"url":"https:\/\/allstarretro.com\/wp-content\/uploads\/2025\/01\/rokr-guitar-puzle-allstarretro.com-3.webp","type":"image\/webp"}],"twitter_card":"summary_large_image","twitter_site":"@allstarretroLTU","twitter_misc":{"Preis":"34.99&euro;","Availability":"In stock"},"schema":{"@context":"https:\/\/schema.org","@graph":[{"@type":["WebPage","ItemPage"],"@id":"https:\/\/allstarretro.com\/parduotuve\/zaidimai\/rokr-wooden-puzzle-guitar\/","url":"https:\/\/allstarretro.com\/parduotuve\/zaidimai\/rokr-wooden-puzzle-guitar\/","name":"ROKR Holzpuzzle Gitarre","isPartOf":{"@id":"https:\/\/allstarretro.com\/#website"},"datePublished":"2023-10-26T07:51:56+00:00","dateModified":"2025-01-31T10:27:13+00:00","breadcrumb":{"@id":"https:\/\/allstarretro.com\/parduotuve\/zaidimai\/rokr-wooden-puzzle-guitar\/#breadcrumb"},"inLanguage":"de","potentialAction":[{"@type":"ReadAction","target":["https:\/\/allstarretro.com\/parduotuve\/zaidimai\/rokr-wooden-puzzle-guitar\/"]}]},{"@type":"BreadcrumbList","@id":"https:\/\/allstarretro.com\/parduotuve\/zaidimai\/rokr-wooden-puzzle-guitar\/#breadcrumb","itemListElement":[{"@type":"ListItem","position":1,"name":"Home","item":"https:\/\/allstarretro.com\/"},{"@type":"ListItem","position":2,"name":"Retro Stiliaus Nostalgijos Ir Vinta\u017eo Parduotuv\u0117","item":"https:\/\/allstarretro.com\/parduotuve\/"},{"@type":"ListItem","position":3,"name":"ROKR Wooden Puzzle Guitar"}]},{"@type":"WebSite","@id":"https:\/\/allstarretro.com\/#website","url":"https:\/\/allstarretro.com\/","name":"AllStarRetro","description":"Retro-Badezimmer-Produkte im Stil | AllStarRetro","publisher":{"@id":"https:\/\/allstarretro.com\/#organization"},"alternateName":"AllStarRetro","potentialAction":[{"@type":"SearchAction","target":{"@type":"EntryPoint","urlTemplate":"https:\/\/allstarretro.com\/?s={search_term_string}"},"query-input":"required name=search_term_string"}],"inLanguage":"de"},{"@type":["Organization","Place","Store"],"@id":"https:\/\/allstarretro.com\/#organization","name":"AllStarRetro","alternateName":"AllStarRetro","url":"https:\/\/allstarretro.com\/","logo":{"@id":"https:\/\/allstarretro.com\/parduotuve\/zaidimai\/rokr-wooden-puzzle-guitar\/#local-main-organization-logo"},"image":{"@id":"https:\/\/allstarretro.com\/parduotuve\/zaidimai\/rokr-wooden-puzzle-guitar\/#local-main-organization-logo"},"sameAs":["https:\/\/www.facebook.com\/allstarretroLTU","https:\/\/twitter.com\/allstarretroLTU"],"publishingPrinciples":"https:\/\/allstarretro.com\/","ownershipFundingInfo":"https:\/\/allstarretro.com\/teises-ir-isipareigojimai\/","actionableFeedbackPolicy":"https:\/\/allstarretro.com\/privatumo-politika\/","correctionsPolicy":"https:\/\/allstarretro.com\/pristatymas-ir-taisykles\/","ethicsPolicy":"https:\/\/allstarretro.com\/teises-ir-isipareigojimai\/","diversityPolicy":"https:\/\/allstarretro.com\/privatumo-politika\/","diversityStaffingReport":"https:\/\/allstarretro.com\/privatumo-politika\/","address":{"@id":"https:\/\/allstarretro.com\/parduotuve\/zaidimai\/rokr-wooden-puzzle-guitar\/#local-main-place-address"},"geo":{"@type":"GeoCoordinates","latitude":"54.8733071","longitude":"23.9494226"},"telephone":["+37068673611"],"openingHoursSpecification":[{"@type":"OpeningHoursSpecification","dayOfWeek":["Monday","Tuesday","Wednesday","Thursday","Friday","Saturday","Sunday"],"opens":"09:00","closes":"17:00"}],"email":"info@allstarretro.com","areaServed":"Lithuania","vatID":"LT100013495416","priceRange":"$$","currenciesAccepted":"Euras","paymentAccepted":"Visa, mastercard"},{"@type":"PostalAddress","@id":"https:\/\/allstarretro.com\/parduotuve\/zaidimai\/rokr-wooden-puzzle-guitar\/#local-main-place-address","streetAddress":"L.Ivinskio 18a","addressLocality":"Kaunas","postalCode":"45151","addressRegion":"Kaunas","addressCountry":"LT"},{"@type":"ImageObject","inLanguage":"de","@id":"https:\/\/allstarretro.com\/parduotuve\/zaidimai\/rokr-wooden-puzzle-guitar\/#local-main-organization-logo","url":"https:\/\/allstarretro.com\/wp-content\/uploads\/2025\/01\/allstarretro-mini-logo.webp","contentUrl":"https:\/\/allstarretro.com\/wp-content\/uploads\/2025\/01\/allstarretro-mini-logo.webp","width":130,"height":130,"caption":"AllStarRetro"}]},"geo.placename":"Kaunas","geo.position":{"lat":"54.8733071","long":"23.9494226"},"geo.region":"Litauen"},"_links":{"self":[{"href":"https:\/\/allstarretro.com\/de\/wp-json\/wp\/v2\/product\/33081"}],"collection":[{"href":"https:\/\/allstarretro.com\/de\/wp-json\/wp\/v2\/product"}],"about":[{"href":"https:\/\/allstarretro.com\/de\/wp-json\/wp\/v2\/types\/product"}],"replies":[{"embeddable":true,"href":"https:\/\/allstarretro.com\/de\/wp-json\/wp\/v2\/comments?post=33081"}],"wp:featuredmedia":[{"embeddable":true,"href":"https:\/\/allstarretro.com\/de\/wp-json\/wp\/v2\/media\/33082"}],"wp:attachment":[{"href":"https:\/\/allstarretro.com\/de\/wp-json\/wp\/v2\/media?parent=33081"}],"wp:term":[{"taxonomy":"product_cat","embeddable":true,"href":"https:\/\/allstarretro.com\/de\/wp-json\/wp\/v2\/product_cat?post=33081"},{"taxonomy":"product_tag","embeddable":true,"href":"https:\/\/allstarretro.com\/de\/wp-json\/wp\/v2\/product_tag?post=33081"}],"curies":[{"name":"wp","href":"https:\/\/api.w.org\/{rel}","templated":true}]}}