{"id":33096,"date":"2023-10-27T11:11:40","date_gmt":"2023-10-27T11:11:40","guid":{"rendered":"https:\/\/allstarretro.com\/?post_type=product&#038;p=33096"},"modified":"2025-01-31T10:35:23","modified_gmt":"2025-01-31T10:35:23","slug":"zhezhe-retro-vinyl-stil-kleiderbugel","status":"publish","type":"product","link":"https:\/\/allstarretro.com\/de\/parduotuve\/namu-interjeras\/zhezhe-retro-vinilo-stiliaus-pdekliukai\/","title":{"rendered":"Zhezhe Retro-Vinyl-Stil-Untersetzer"},"content":{"rendered":"","protected":false},"excerpt":{"rendered":"<h2>\u00dcBER UNTERSETZER<\/h2>\n<p>Lese-Retro-Vinyl-Stil-Untersetzer. Ein sch\u00f6nes Dekorationsdetail oder ein Geschenk f\u00fcr Vinyl-Liebhaber. Das Set enth\u00e4lt 6 Untersetzer im Vinyl-Stil. Der Untersetzer ist perfekt f\u00fcr Ihr Getr\u00e4nk, passt zu Ihrem Bier, Tee, Whisky, Wodka, Cola, Pepsi.<\/p>\n<h2>VINILVORTEILE<\/h2>\n<ul>\n<li>Gepr\u00e4gtes Stahlblech mit 3D-Effekt.<\/li>\n<li>Eine tolle Dekoration f\u00fcr Zuhause oder das Arbeitszimmer.<\/li>\n<li>Das Set enth\u00e4lt 6 au\u00dfergew\u00f6hnliche Vinyl-Untersetzer mit ca. 4,1 Zoll Durchmesser.<\/li>\n<li>Untersetzer aus rutschfestem, isoliertem, lebensmittelechtem Kunststoff.<\/li>\n<li>Idealnie nadaje si\u0119 do ochrony drewnianych lub szklanych powierzchni przed \u015bladami kubk\u00f3w lub sztu\u0107c\u00f3w.<\/li>\n<\/ul>","protected":false},"featured_media":33097,"comment_status":"open","ping_status":"closed","template":"","meta":{"inline_featured_image":false},"product_cat":[340],"product_tag":[],"class_list":["post-33096","product","type-product","status-publish","has-post-thumbnail","hentry","product_brand-zhezhe","product_cat-namu-interjeras"],"acf":[],"yoast_head":"<!-- This site is optimized with the Yoast SEO Premium plugin v21.8 (Yoast SEO v21.8) - https:\/\/yoast.com\/wordpress\/plugins\/seo\/ -->\n<title>Zhezhe Retro Vinilo Stiliaus Pd\u0117kliukai<\/title>\n<meta name=\"robots\" content=\"index, follow, max-snippet:-1, max-image-preview:large, max-video-preview:-1\" \/>\n<link rel=\"canonical\" href=\"https:\/\/allstarretro.com\/de\/parduotuve\/guten-tag\/zhezhe-retro-vinyl-stil-kleiderbugel\/\" \/>\n<meta property=\"og:locale\" content=\"de_DE\" \/>\n<meta property=\"og:type\" content=\"article\" \/>\n<meta property=\"og:title\" content=\"Zhezhe Retro Vinilo Stiliaus Pd\u0117kliukai\" \/>\n<meta property=\"og:description\" content=\"APIE PAD\u0116KLIUKUS Zhezhe Retro Vinilo Stiliaus Pad\u0117kliukai. Puiki interjero detal\u0117 ar dovana vinilo plok\u0161teli\u0173 gerb\u0117jams. Komplekt\u0105 sudaro 6vnt. vinilo stiliaus pad\u0117kliuk\u0173. Pad\u0117kliukas puikiai tinka j\u016bs\u0173 g\u0117rimui, tinka prie j\u016bs\u0173 alaus, arbatos, viskio, degtin\u0117s, kokakolos, pepsi. VINILO PRIVALUMAI   Reljefinis plieno lak\u0161tas su 3D efektu.  Puiki puo\u0161mena namams ar studijoms.  Rinkin\u012f sudaro 6 nepaprasti viniliniai pad\u0117kliukai su apytiksl. Skersmuo 4,1 colio.  Pad\u0117kliukai pagaminti i\u0161 neslidaus, izoliuoto, maistui saugaus plastiko.  Idealiai tinka apsaugoti medinius ar stiklinius pavir\u0161ius nuo puodeli\u0173 ar stalo reikmen\u0173 p\u0117dsak\u0173.\" \/>\n<meta property=\"og:url\" content=\"https:\/\/allstarretro.com\/de\/parduotuve\/guten-tag\/zhezhe-retro-vinyl-stil-kleiderbugel\/\" \/>\n<meta property=\"og:site_name\" content=\"AllStarRetro\" \/>\n<meta property=\"article:publisher\" content=\"https:\/\/www.facebook.com\/allstarretroLTU\" \/>\n<meta property=\"article:modified_time\" content=\"2025-01-31T10:35:23+00:00\" \/>\n<meta property=\"og:image\" content=\"https:\/\/allstarretro.com\/wp-content\/uploads\/2025\/01\/retro-vinilo-stiliaus-padekliukai-allstarretro.com_.webp\" \/>\n\t<meta property=\"og:image:width\" content=\"1080\" \/>\n\t<meta property=\"og:image:height\" content=\"1080\" \/>\n\t<meta property=\"og:image:type\" content=\"image\/webp\" \/>\n<meta name=\"twitter:card\" content=\"summary_large_image\" \/>\n<meta name=\"twitter:site\" content=\"@allstarretroLTU\" \/>\n<meta name=\"twitter:label1\" content=\"Preis\" \/>\n\t<meta name=\"twitter:data1\" content=\"25.99&euro;\" \/>\n\t<meta name=\"twitter:label2\" content=\"Availability\" \/>\n\t<meta name=\"twitter:data2\" content=\"In stock\" \/>\n<script type=\"application\/ld+json\" class=\"yoast-schema-graph\">{\"@context\":\"https:\/\/schema.org\",\"@graph\":[{\"@type\":[\"WebPage\",\"ItemPage\"],\"@id\":\"https:\/\/allstarretro.com\/parduotuve\/namu-interjeras\/zhezhe-retro-vinilo-stiliaus-pdekliukai\/\",\"url\":\"https:\/\/allstarretro.com\/parduotuve\/namu-interjeras\/zhezhe-retro-vinilo-stiliaus-pdekliukai\/\",\"name\":\"Zhezhe Retro Vinilo Stiliaus Pd\u0117kliukai\",\"isPartOf\":{\"@id\":\"https:\/\/allstarretro.com\/#website\"},\"datePublished\":\"2023-10-27T11:11:40+00:00\",\"dateModified\":\"2025-01-31T10:35:23+00:00\",\"breadcrumb\":{\"@id\":\"https:\/\/allstarretro.com\/parduotuve\/namu-interjeras\/zhezhe-retro-vinilo-stiliaus-pdekliukai\/#breadcrumb\"},\"inLanguage\":\"de\",\"potentialAction\":[{\"@type\":\"ReadAction\",\"target\":[\"https:\/\/allstarretro.com\/parduotuve\/namu-interjeras\/zhezhe-retro-vinilo-stiliaus-pdekliukai\/\"]}]},{\"@type\":\"BreadcrumbList\",\"@id\":\"https:\/\/allstarretro.com\/parduotuve\/namu-interjeras\/zhezhe-retro-vinilo-stiliaus-pdekliukai\/#breadcrumb\",\"itemListElement\":[{\"@type\":\"ListItem\",\"position\":1,\"name\":\"Home\",\"item\":\"https:\/\/allstarretro.com\/\"},{\"@type\":\"ListItem\",\"position\":2,\"name\":\"Retro Stiliaus Nostalgijos Ir Vinta\u017eo Parduotuv\u0117\",\"item\":\"https:\/\/allstarretro.com\/parduotuve\/\"},{\"@type\":\"ListItem\",\"position\":3,\"name\":\"Zhezhe Retro Vinilo Stiliaus Pd\u0117kliukai\"}]},{\"@type\":\"WebSite\",\"@id\":\"https:\/\/allstarretro.com\/#website\",\"url\":\"https:\/\/allstarretro.com\/\",\"name\":\"AllStarRetro\",\"description\":\"Retro Laikotarpio Stiliaus Produktai | AllStarRetro\",\"publisher\":{\"@id\":\"https:\/\/allstarretro.com\/#organization\"},\"alternateName\":\"AllStarRetro\",\"potentialAction\":[{\"@type\":\"SearchAction\",\"target\":{\"@type\":\"EntryPoint\",\"urlTemplate\":\"https:\/\/allstarretro.com\/?s={search_term_string}\"},\"query-input\":\"required name=search_term_string\"}],\"inLanguage\":\"de\"},{\"@type\":[\"Organization\",\"Place\",\"Store\"],\"@id\":\"https:\/\/allstarretro.com\/#organization\",\"name\":\"AllStarRetro\",\"alternateName\":\"AllStarRetro\",\"url\":\"https:\/\/allstarretro.com\/\",\"logo\":{\"@id\":\"https:\/\/allstarretro.com\/parduotuve\/namu-interjeras\/zhezhe-retro-vinilo-stiliaus-pdekliukai\/#local-main-organization-logo\"},\"image\":{\"@id\":\"https:\/\/allstarretro.com\/parduotuve\/namu-interjeras\/zhezhe-retro-vinilo-stiliaus-pdekliukai\/#local-main-organization-logo\"},\"sameAs\":[\"https:\/\/www.facebook.com\/allstarretroLTU\",\"https:\/\/twitter.com\/allstarretroLTU\"],\"publishingPrinciples\":\"https:\/\/allstarretro.com\/\",\"ownershipFundingInfo\":\"https:\/\/allstarretro.com\/teises-ir-isipareigojimai\/\",\"actionableFeedbackPolicy\":\"https:\/\/allstarretro.com\/privatumo-politika\/\",\"correctionsPolicy\":\"https:\/\/allstarretro.com\/pristatymas-ir-taisykles\/\",\"ethicsPolicy\":\"https:\/\/allstarretro.com\/teises-ir-isipareigojimai\/\",\"diversityPolicy\":\"https:\/\/allstarretro.com\/privatumo-politika\/\",\"diversityStaffingReport\":\"https:\/\/allstarretro.com\/privatumo-politika\/\",\"address\":{\"@id\":\"https:\/\/allstarretro.com\/parduotuve\/namu-interjeras\/zhezhe-retro-vinilo-stiliaus-pdekliukai\/#local-main-place-address\"},\"geo\":{\"@type\":\"GeoCoordinates\",\"latitude\":\"54.8733071\",\"longitude\":\"23.9494226\"},\"telephone\":[\"+37068673611\"],\"openingHoursSpecification\":[{\"@type\":\"OpeningHoursSpecification\",\"dayOfWeek\":[\"Monday\",\"Tuesday\",\"Wednesday\",\"Thursday\",\"Friday\",\"Saturday\",\"Sunday\"],\"opens\":\"09:00\",\"closes\":\"17:00\"}],\"email\":\"info@allstarretro.com\",\"areaServed\":\"Lithuania\",\"vatID\":\"LT100013495416\",\"priceRange\":\"$$\",\"currenciesAccepted\":\"Euras\",\"paymentAccepted\":\"Visa, mastercard\"},{\"@type\":\"PostalAddress\",\"@id\":\"https:\/\/allstarretro.com\/parduotuve\/namu-interjeras\/zhezhe-retro-vinilo-stiliaus-pdekliukai\/#local-main-place-address\",\"streetAddress\":\"L.Ivinskio 18a\",\"addressLocality\":\"Kaunas\",\"postalCode\":\"45151\",\"addressRegion\":\"Kaunas\",\"addressCountry\":\"LT\"},{\"@type\":\"ImageObject\",\"inLanguage\":\"de\",\"@id\":\"https:\/\/allstarretro.com\/parduotuve\/namu-interjeras\/zhezhe-retro-vinilo-stiliaus-pdekliukai\/#local-main-organization-logo\",\"url\":\"https:\/\/allstarretro.com\/wp-content\/uploads\/2025\/01\/allstarretro-mini-logo.webp\",\"contentUrl\":\"https:\/\/allstarretro.com\/wp-content\/uploads\/2025\/01\/allstarretro-mini-logo.webp\",\"width\":130,\"height\":130,\"caption\":\"AllStarRetro\"}]}<\/script>\n<meta name=\"geo.placename\" content=\"Kaunas\" \/>\n<meta name=\"geo.position\" content=\"54.8733071;23.9494226\" \/>\n<meta name=\"geo.region\" content=\"Litauen\" \/>\n<!-- \/ Yoast SEO Premium plugin. -->","yoast_head_json":{"title":"Zhezhe Retro-Vinyl-Stil-Untersetzer","robots":{"index":"index","follow":"follow","max-snippet":"max-snippet:-1","max-image-preview":"max-image-preview:large","max-video-preview":"max-video-preview:-1"},"canonical":"https:\/\/allstarretro.com\/de\/parduotuve\/guten-tag\/zhezhe-retro-vinyl-stil-kleiderbugel\/","og_locale":"de_DE","og_type":"article","og_title":"Zhezhe Retro Vinilo Stiliaus Pd\u0117kliukai","og_description":"APIE PAD\u0116KLIUKUS Zhezhe Retro Vinilo Stiliaus Pad\u0117kliukai. Puiki interjero detal\u0117 ar dovana vinilo plok\u0161teli\u0173 gerb\u0117jams. Komplekt\u0105 sudaro 6vnt. vinilo stiliaus pad\u0117kliuk\u0173. Pad\u0117kliukas puikiai tinka j\u016bs\u0173 g\u0117rimui, tinka prie j\u016bs\u0173 alaus, arbatos, viskio, degtin\u0117s, kokakolos, pepsi. VINILO PRIVALUMAI   Reljefinis plieno lak\u0161tas su 3D efektu.  Puiki puo\u0161mena namams ar studijoms.  Rinkin\u012f sudaro 6 nepaprasti viniliniai pad\u0117kliukai su apytiksl. Skersmuo 4,1 colio.  Pad\u0117kliukai pagaminti i\u0161 neslidaus, izoliuoto, maistui saugaus plastiko.  Idealiai tinka apsaugoti medinius ar stiklinius pavir\u0161ius nuo puodeli\u0173 ar stalo reikmen\u0173 p\u0117dsak\u0173.","og_url":"https:\/\/allstarretro.com\/de\/parduotuve\/guten-tag\/zhezhe-retro-vinyl-stil-kleiderbugel\/","og_site_name":"AllStarRetro","article_publisher":"https:\/\/www.facebook.com\/allstarretroLTU","article_modified_time":"2025-01-31T10:35:23+00:00","og_image":[{"width":1080,"height":1080,"url":"https:\/\/allstarretro.com\/wp-content\/uploads\/2025\/01\/retro-vinilo-stiliaus-padekliukai-allstarretro.com_.webp","type":"image\/webp"}],"twitter_card":"summary_large_image","twitter_site":"@allstarretroLTU","twitter_misc":{"Preis":"25.99&euro;","Availability":"In stock"},"schema":{"@context":"https:\/\/schema.org","@graph":[{"@type":["WebPage","ItemPage"],"@id":"https:\/\/allstarretro.com\/parduotuve\/namu-interjeras\/zhezhe-retro-vinilo-stiliaus-pdekliukai\/","url":"https:\/\/allstarretro.com\/parduotuve\/namu-interjeras\/zhezhe-retro-vinilo-stiliaus-pdekliukai\/","name":"Zhezhe Retro-Vinyl-Stil-Untersetzer","isPartOf":{"@id":"https:\/\/allstarretro.com\/#website"},"datePublished":"2023-10-27T11:11:40+00:00","dateModified":"2025-01-31T10:35:23+00:00","breadcrumb":{"@id":"https:\/\/allstarretro.com\/parduotuve\/namu-interjeras\/zhezhe-retro-vinilo-stiliaus-pdekliukai\/#breadcrumb"},"inLanguage":"de","potentialAction":[{"@type":"ReadAction","target":["https:\/\/allstarretro.com\/parduotuve\/namu-interjeras\/zhezhe-retro-vinilo-stiliaus-pdekliukai\/"]}]},{"@type":"BreadcrumbList","@id":"https:\/\/allstarretro.com\/parduotuve\/namu-interjeras\/zhezhe-retro-vinilo-stiliaus-pdekliukai\/#breadcrumb","itemListElement":[{"@type":"ListItem","position":1,"name":"Home","item":"https:\/\/allstarretro.com\/"},{"@type":"ListItem","position":2,"name":"Retro Stiliaus Nostalgijos Ir Vinta\u017eo Parduotuv\u0117","item":"https:\/\/allstarretro.com\/parduotuve\/"},{"@type":"ListItem","position":3,"name":"Zhezhe Retro Vinilo Stiliaus Pd\u0117kliukai"}]},{"@type":"WebSite","@id":"https:\/\/allstarretro.com\/#website","url":"https:\/\/allstarretro.com\/","name":"AllStarRetro","description":"Retro-Badezimmer-Produkte im Stil | AllStarRetro","publisher":{"@id":"https:\/\/allstarretro.com\/#organization"},"alternateName":"AllStarRetro","potentialAction":[{"@type":"SearchAction","target":{"@type":"EntryPoint","urlTemplate":"https:\/\/allstarretro.com\/?s={search_term_string}"},"query-input":"required name=search_term_string"}],"inLanguage":"de"},{"@type":["Organization","Place","Store"],"@id":"https:\/\/allstarretro.com\/#organization","name":"AllStarRetro","alternateName":"AllStarRetro","url":"https:\/\/allstarretro.com\/","logo":{"@id":"https:\/\/allstarretro.com\/parduotuve\/namu-interjeras\/zhezhe-retro-vinilo-stiliaus-pdekliukai\/#local-main-organization-logo"},"image":{"@id":"https:\/\/allstarretro.com\/parduotuve\/namu-interjeras\/zhezhe-retro-vinilo-stiliaus-pdekliukai\/#local-main-organization-logo"},"sameAs":["https:\/\/www.facebook.com\/allstarretroLTU","https:\/\/twitter.com\/allstarretroLTU"],"publishingPrinciples":"https:\/\/allstarretro.com\/","ownershipFundingInfo":"https:\/\/allstarretro.com\/teises-ir-isipareigojimai\/","actionableFeedbackPolicy":"https:\/\/allstarretro.com\/privatumo-politika\/","correctionsPolicy":"https:\/\/allstarretro.com\/pristatymas-ir-taisykles\/","ethicsPolicy":"https:\/\/allstarretro.com\/teises-ir-isipareigojimai\/","diversityPolicy":"https:\/\/allstarretro.com\/privatumo-politika\/","diversityStaffingReport":"https:\/\/allstarretro.com\/privatumo-politika\/","address":{"@id":"https:\/\/allstarretro.com\/parduotuve\/namu-interjeras\/zhezhe-retro-vinilo-stiliaus-pdekliukai\/#local-main-place-address"},"geo":{"@type":"GeoCoordinates","latitude":"54.8733071","longitude":"23.9494226"},"telephone":["+37068673611"],"openingHoursSpecification":[{"@type":"OpeningHoursSpecification","dayOfWeek":["Monday","Tuesday","Wednesday","Thursday","Friday","Saturday","Sunday"],"opens":"09:00","closes":"17:00"}],"email":"info@allstarretro.com","areaServed":"Lithuania","vatID":"LT100013495416","priceRange":"$$","currenciesAccepted":"Euras","paymentAccepted":"Visa, mastercard"},{"@type":"PostalAddress","@id":"https:\/\/allstarretro.com\/parduotuve\/namu-interjeras\/zhezhe-retro-vinilo-stiliaus-pdekliukai\/#local-main-place-address","streetAddress":"L.Ivinskio 18a","addressLocality":"Kaunas","postalCode":"45151","addressRegion":"Kaunas","addressCountry":"LT"},{"@type":"ImageObject","inLanguage":"de","@id":"https:\/\/allstarretro.com\/parduotuve\/namu-interjeras\/zhezhe-retro-vinilo-stiliaus-pdekliukai\/#local-main-organization-logo","url":"https:\/\/allstarretro.com\/wp-content\/uploads\/2025\/01\/allstarretro-mini-logo.webp","contentUrl":"https:\/\/allstarretro.com\/wp-content\/uploads\/2025\/01\/allstarretro-mini-logo.webp","width":130,"height":130,"caption":"AllStarRetro"}]},"geo.placename":"Kaunas","geo.position":{"lat":"54.8733071","long":"23.9494226"},"geo.region":"Litauen"},"_links":{"self":[{"href":"https:\/\/allstarretro.com\/de\/wp-json\/wp\/v2\/product\/33096"}],"collection":[{"href":"https:\/\/allstarretro.com\/de\/wp-json\/wp\/v2\/product"}],"about":[{"href":"https:\/\/allstarretro.com\/de\/wp-json\/wp\/v2\/types\/product"}],"replies":[{"embeddable":true,"href":"https:\/\/allstarretro.com\/de\/wp-json\/wp\/v2\/comments?post=33096"}],"wp:featuredmedia":[{"embeddable":true,"href":"https:\/\/allstarretro.com\/de\/wp-json\/wp\/v2\/media\/33097"}],"wp:attachment":[{"href":"https:\/\/allstarretro.com\/de\/wp-json\/wp\/v2\/media?parent=33096"}],"wp:term":[{"taxonomy":"product_cat","embeddable":true,"href":"https:\/\/allstarretro.com\/de\/wp-json\/wp\/v2\/product_cat?post=33096"},{"taxonomy":"product_tag","embeddable":true,"href":"https:\/\/allstarretro.com\/de\/wp-json\/wp\/v2\/product_tag?post=33096"}],"curies":[{"name":"wp","href":"https:\/\/api.w.org\/{rel}","templated":true}]}}