{"id":33109,"date":"2023-10-30T10:52:46","date_gmt":"2023-10-30T10:52:46","guid":{"rendered":"https:\/\/allstarretro.com\/?post_type=product&#038;p=33109"},"modified":"2025-01-31T10:35:23","modified_gmt":"2025-01-31T10:35:23","slug":"tassenset-kunst-vintage-porzellanbecher","status":"publish","type":"product","link":"https:\/\/allstarretro.com\/de\/parduotuve\/namu-interjeras\/cup-duo-art-vintage-porcelianiniai-puodeliai\/","title":{"rendered":"Tassen Duo Art Vintage Porzellanbecher"},"content":{"rendered":"","protected":false},"excerpt":{"rendered":"<h2>Topfset<\/h2>\n<p>Tassenset Duo Art Vintage Porzellan. Set mit zwei Tassen \u00e0 280 ml (300 ml bis zum Rand) mit Untertasse VINTAGE FLOWERS WHITE aus der Duo Classics Serie, gefertigt aus New Bone China Porzellan, das sich durch seine elegante und nat\u00fcrliche cremewei\u00dfe Farbe mit einem zarten Glanz auszeichnet. sowie besondere Langlebigkeit.<\/p>\n<h2>Vorteile von Tassen<\/h2>\n<ul>\n<li>Die Linie ist aus wei\u00dfem Porzellan gefertigt und mit einem exquisiten Blumenmuster in saftigen Farben verziert. Die Kombination aus einer bunten rosafarbenen Palette und dem wei\u00dfen Hintergrund schafft eine harmonische, aber auch \u00e4u\u00dferst interessante Komposition, die sich ideal f\u00fcr Liebhaber origineller Muster eignet.<\/li>\n<li>Visa supakuota \u012f dekoratyvin\u0119 d\u0117\u017eut\u0119, papuo\u0161t\u0105 tuo pa\u010diu motyvu, yra puiki id\u0117ja originaliai gimtadienio dovana tiek vyrams, tiek moterims, taip pat dovana vir\u0161ininkui ar mokytojai, taip pat kaip pad\u0117ka.<\/li>\n<li>Parameter Tassendurchmesser 9 cm H\u00f6he 7 cm Fassungsverm\u00f6gen bis zum Rand 300 ml Untertassendurchmesser 15,3 cm.<\/li>\n<li>Material Porzellan.<\/li>\n<\/ul>","protected":false},"featured_media":33110,"comment_status":"open","ping_status":"closed","template":"","meta":{"inline_featured_image":false},"product_cat":[340],"product_tag":[],"class_list":["post-33109","product","type-product","status-publish","has-post-thumbnail","hentry","product_brand-duo","product_cat-namu-interjeras"],"acf":[],"yoast_head":"<!-- This site is optimized with the Yoast SEO Premium plugin v21.8 (Yoast SEO v21.8) - https:\/\/yoast.com\/wordpress\/plugins\/seo\/ -->\n<title>Cup Duo Art Vintage Porcelianiniai Puodeliai<\/title>\n<meta name=\"robots\" content=\"index, follow, max-snippet:-1, max-image-preview:large, max-video-preview:-1\" \/>\n<link rel=\"canonical\" href=\"https:\/\/allstarretro.com\/de\/parduotuve\/guten-tag\/tassenset-kunst-vintage-porzellanbecher\/\" \/>\n<meta property=\"og:locale\" content=\"de_DE\" \/>\n<meta property=\"og:type\" content=\"article\" \/>\n<meta property=\"og:title\" content=\"Cup Duo Art Vintage Porcelianiniai Puodeliai\" \/>\n<meta property=\"og:description\" content=\"APIE PUODUK\u0172 RINKIN\u012e Cup Duo Art Vintage Porcelianiniai Puodeli\u0173 rinkinys. Dviej\u0173 280 ml puodeli\u0173 (300 ml iki kra\u0161telio) rinkinys su l\u0117k\u0161te VINTAGE FLOWERS WHITE i\u0161 Duo Classics serijos, pagamintas i\u0161 New Bone China porceliano, pasi\u017eymintis eleganti\u0161ka ir nat\u016bralia kremin\u0117s baltumo spalva su subtiliu blizgesiu. kaip i\u0161skirtinis patvarumas. PUODELI\u0172 PRIVALUMAI   Linija pagaminta i\u0161 balto porceliano, papuo\u0161ta i\u0161skirtiniu sulting\u0173 spalv\u0173 g\u0117li\u0173 puok\u0161\u010di\u0173 ra\u0161tu. Spalvingos ro\u017ein\u0117s spalvos palet\u0117s ir balto fono derinys sukuria harmoning\u0105, bet ir nepaprastai \u012fdomi\u0105 kompozicij\u0105, idealiai tinkan\u010di\u0105 originali\u0173 ra\u0161t\u0173 m\u0117g\u0117jams.  Visa supakuota \u012f dekoratyvin\u0119 d\u0117\u017eut\u0119, papuo\u0161t\u0105 tuo pa\u010diu motyvu, yra puiki id\u0117ja originaliai gimtadienio dovana tiek vyrams, tiek moterims, taip pat dovana vir\u0161ininkui ar mokytojai, taip pat kaip pad\u0117ka.  Parametrai Puodelio skersmuo 9 cm Auk\u0161tis 7 cm Talpa iki kra\u0161t\u0173 300 ml L\u0117k\u0161t\u0117s skersmuo 15,3 cm.  Med\u017eiaga Porcelianin\u0117.\" \/>\n<meta property=\"og:url\" content=\"https:\/\/allstarretro.com\/de\/parduotuve\/guten-tag\/tassenset-kunst-vintage-porzellanbecher\/\" \/>\n<meta property=\"og:site_name\" content=\"AllStarRetro\" \/>\n<meta property=\"article:publisher\" content=\"https:\/\/www.facebook.com\/allstarretroLTU\" \/>\n<meta property=\"article:modified_time\" content=\"2025-01-31T10:35:23+00:00\" \/>\n<meta property=\"og:image\" content=\"https:\/\/allstarretro.com\/wp-content\/uploads\/2025\/01\/Cup-Duo-Art-Vintage-Porcelianiniai-Puodukai.webp\" \/>\n\t<meta property=\"og:image:width\" content=\"1080\" \/>\n\t<meta property=\"og:image:height\" content=\"1080\" \/>\n\t<meta property=\"og:image:type\" content=\"image\/webp\" \/>\n<meta name=\"twitter:card\" content=\"summary_large_image\" \/>\n<meta name=\"twitter:site\" content=\"@allstarretroLTU\" \/>\n<meta name=\"twitter:label1\" content=\"Preis\" \/>\n\t<meta name=\"twitter:data1\" content=\"60.00&euro; 49.99&euro;\" \/>\n\t<meta name=\"twitter:label2\" content=\"Availability\" \/>\n\t<meta name=\"twitter:data2\" content=\"In stock\" \/>\n<script type=\"application\/ld+json\" class=\"yoast-schema-graph\">{\"@context\":\"https:\/\/schema.org\",\"@graph\":[{\"@type\":[\"WebPage\",\"ItemPage\"],\"@id\":\"https:\/\/allstarretro.com\/parduotuve\/namu-interjeras\/cup-duo-art-vintage-porcelianiniai-puodeliai\/\",\"url\":\"https:\/\/allstarretro.com\/parduotuve\/namu-interjeras\/cup-duo-art-vintage-porcelianiniai-puodeliai\/\",\"name\":\"Cup Duo Art Vintage Porcelianiniai Puodeliai\",\"isPartOf\":{\"@id\":\"https:\/\/allstarretro.com\/#website\"},\"datePublished\":\"2023-10-30T10:52:46+00:00\",\"dateModified\":\"2025-01-31T10:35:23+00:00\",\"breadcrumb\":{\"@id\":\"https:\/\/allstarretro.com\/parduotuve\/namu-interjeras\/cup-duo-art-vintage-porcelianiniai-puodeliai\/#breadcrumb\"},\"inLanguage\":\"de\",\"potentialAction\":[{\"@type\":\"ReadAction\",\"target\":[\"https:\/\/allstarretro.com\/parduotuve\/namu-interjeras\/cup-duo-art-vintage-porcelianiniai-puodeliai\/\"]}]},{\"@type\":\"BreadcrumbList\",\"@id\":\"https:\/\/allstarretro.com\/parduotuve\/namu-interjeras\/cup-duo-art-vintage-porcelianiniai-puodeliai\/#breadcrumb\",\"itemListElement\":[{\"@type\":\"ListItem\",\"position\":1,\"name\":\"Home\",\"item\":\"https:\/\/allstarretro.com\/\"},{\"@type\":\"ListItem\",\"position\":2,\"name\":\"Retro Stiliaus Nostalgijos Ir Vinta\u017eo Parduotuv\u0117\",\"item\":\"https:\/\/allstarretro.com\/parduotuve\/\"},{\"@type\":\"ListItem\",\"position\":3,\"name\":\"Cup Duo Art Vintage Porcelianiniai Puodeliai\"}]},{\"@type\":\"WebSite\",\"@id\":\"https:\/\/allstarretro.com\/#website\",\"url\":\"https:\/\/allstarretro.com\/\",\"name\":\"AllStarRetro\",\"description\":\"Retro Laikotarpio Stiliaus Produktai | AllStarRetro\",\"publisher\":{\"@id\":\"https:\/\/allstarretro.com\/#organization\"},\"alternateName\":\"AllStarRetro\",\"potentialAction\":[{\"@type\":\"SearchAction\",\"target\":{\"@type\":\"EntryPoint\",\"urlTemplate\":\"https:\/\/allstarretro.com\/?s={search_term_string}\"},\"query-input\":\"required name=search_term_string\"}],\"inLanguage\":\"de\"},{\"@type\":[\"Organization\",\"Place\",\"Store\"],\"@id\":\"https:\/\/allstarretro.com\/#organization\",\"name\":\"AllStarRetro\",\"alternateName\":\"AllStarRetro\",\"url\":\"https:\/\/allstarretro.com\/\",\"logo\":{\"@id\":\"https:\/\/allstarretro.com\/parduotuve\/namu-interjeras\/cup-duo-art-vintage-porcelianiniai-puodeliai\/#local-main-organization-logo\"},\"image\":{\"@id\":\"https:\/\/allstarretro.com\/parduotuve\/namu-interjeras\/cup-duo-art-vintage-porcelianiniai-puodeliai\/#local-main-organization-logo\"},\"sameAs\":[\"https:\/\/www.facebook.com\/allstarretroLTU\",\"https:\/\/twitter.com\/allstarretroLTU\"],\"publishingPrinciples\":\"https:\/\/allstarretro.com\/\",\"ownershipFundingInfo\":\"https:\/\/allstarretro.com\/teises-ir-isipareigojimai\/\",\"actionableFeedbackPolicy\":\"https:\/\/allstarretro.com\/privatumo-politika\/\",\"correctionsPolicy\":\"https:\/\/allstarretro.com\/pristatymas-ir-taisykles\/\",\"ethicsPolicy\":\"https:\/\/allstarretro.com\/teises-ir-isipareigojimai\/\",\"diversityPolicy\":\"https:\/\/allstarretro.com\/privatumo-politika\/\",\"diversityStaffingReport\":\"https:\/\/allstarretro.com\/privatumo-politika\/\",\"address\":{\"@id\":\"https:\/\/allstarretro.com\/parduotuve\/namu-interjeras\/cup-duo-art-vintage-porcelianiniai-puodeliai\/#local-main-place-address\"},\"geo\":{\"@type\":\"GeoCoordinates\",\"latitude\":\"54.8733071\",\"longitude\":\"23.9494226\"},\"telephone\":[\"+37068673611\"],\"openingHoursSpecification\":[{\"@type\":\"OpeningHoursSpecification\",\"dayOfWeek\":[\"Monday\",\"Tuesday\",\"Wednesday\",\"Thursday\",\"Friday\",\"Saturday\",\"Sunday\"],\"opens\":\"09:00\",\"closes\":\"17:00\"}],\"email\":\"info@allstarretro.com\",\"areaServed\":\"Lithuania\",\"vatID\":\"LT100013495416\",\"priceRange\":\"$$\",\"currenciesAccepted\":\"Euras\",\"paymentAccepted\":\"Visa, mastercard\"},{\"@type\":\"PostalAddress\",\"@id\":\"https:\/\/allstarretro.com\/parduotuve\/namu-interjeras\/cup-duo-art-vintage-porcelianiniai-puodeliai\/#local-main-place-address\",\"streetAddress\":\"L.Ivinskio 18a\",\"addressLocality\":\"Kaunas\",\"postalCode\":\"45151\",\"addressRegion\":\"Kaunas\",\"addressCountry\":\"LT\"},{\"@type\":\"ImageObject\",\"inLanguage\":\"de\",\"@id\":\"https:\/\/allstarretro.com\/parduotuve\/namu-interjeras\/cup-duo-art-vintage-porcelianiniai-puodeliai\/#local-main-organization-logo\",\"url\":\"https:\/\/allstarretro.com\/wp-content\/uploads\/2025\/01\/allstarretro-mini-logo.webp\",\"contentUrl\":\"https:\/\/allstarretro.com\/wp-content\/uploads\/2025\/01\/allstarretro-mini-logo.webp\",\"width\":130,\"height\":130,\"caption\":\"AllStarRetro\"}]}<\/script>\n<meta name=\"geo.placename\" content=\"Kaunas\" \/>\n<meta name=\"geo.position\" content=\"54.8733071;23.9494226\" \/>\n<meta name=\"geo.region\" content=\"Litauen\" \/>\n<!-- \/ Yoast SEO Premium plugin. -->","yoast_head_json":{"title":"Tassen Duo Art Vintage Porzellanbecher","robots":{"index":"index","follow":"follow","max-snippet":"max-snippet:-1","max-image-preview":"max-image-preview:large","max-video-preview":"max-video-preview:-1"},"canonical":"https:\/\/allstarretro.com\/de\/parduotuve\/guten-tag\/tassenset-kunst-vintage-porzellanbecher\/","og_locale":"de_DE","og_type":"article","og_title":"Cup Duo Art Vintage Porcelianiniai Puodeliai","og_description":"APIE PUODUK\u0172 RINKIN\u012e Cup Duo Art Vintage Porcelianiniai Puodeli\u0173 rinkinys. Dviej\u0173 280 ml puodeli\u0173 (300 ml iki kra\u0161telio) rinkinys su l\u0117k\u0161te VINTAGE FLOWERS WHITE i\u0161 Duo Classics serijos, pagamintas i\u0161 New Bone China porceliano, pasi\u017eymintis eleganti\u0161ka ir nat\u016bralia kremin\u0117s baltumo spalva su subtiliu blizgesiu. kaip i\u0161skirtinis patvarumas. PUODELI\u0172 PRIVALUMAI   Linija pagaminta i\u0161 balto porceliano, papuo\u0161ta i\u0161skirtiniu sulting\u0173 spalv\u0173 g\u0117li\u0173 puok\u0161\u010di\u0173 ra\u0161tu. Spalvingos ro\u017ein\u0117s spalvos palet\u0117s ir balto fono derinys sukuria harmoning\u0105, bet ir nepaprastai \u012fdomi\u0105 kompozicij\u0105, idealiai tinkan\u010di\u0105 originali\u0173 ra\u0161t\u0173 m\u0117g\u0117jams.  Visa supakuota \u012f dekoratyvin\u0119 d\u0117\u017eut\u0119, papuo\u0161t\u0105 tuo pa\u010diu motyvu, yra puiki id\u0117ja originaliai gimtadienio dovana tiek vyrams, tiek moterims, taip pat dovana vir\u0161ininkui ar mokytojai, taip pat kaip pad\u0117ka.  Parametrai Puodelio skersmuo 9 cm Auk\u0161tis 7 cm Talpa iki kra\u0161t\u0173 300 ml L\u0117k\u0161t\u0117s skersmuo 15,3 cm.  Med\u017eiaga Porcelianin\u0117.","og_url":"https:\/\/allstarretro.com\/de\/parduotuve\/guten-tag\/tassenset-kunst-vintage-porzellanbecher\/","og_site_name":"AllStarRetro","article_publisher":"https:\/\/www.facebook.com\/allstarretroLTU","article_modified_time":"2025-01-31T10:35:23+00:00","og_image":[{"width":1080,"height":1080,"url":"https:\/\/allstarretro.com\/wp-content\/uploads\/2025\/01\/Cup-Duo-Art-Vintage-Porcelianiniai-Puodukai.webp","type":"image\/webp"}],"twitter_card":"summary_large_image","twitter_site":"@allstarretroLTU","twitter_misc":{"Preis":"60.00&euro; 49.99&euro;","Availability":"In stock"},"schema":{"@context":"https:\/\/schema.org","@graph":[{"@type":["WebPage","ItemPage"],"@id":"https:\/\/allstarretro.com\/parduotuve\/namu-interjeras\/cup-duo-art-vintage-porcelianiniai-puodeliai\/","url":"https:\/\/allstarretro.com\/parduotuve\/namu-interjeras\/cup-duo-art-vintage-porcelianiniai-puodeliai\/","name":"Tassen Duo Art Vintage Porzellanbecher","isPartOf":{"@id":"https:\/\/allstarretro.com\/#website"},"datePublished":"2023-10-30T10:52:46+00:00","dateModified":"2025-01-31T10:35:23+00:00","breadcrumb":{"@id":"https:\/\/allstarretro.com\/parduotuve\/namu-interjeras\/cup-duo-art-vintage-porcelianiniai-puodeliai\/#breadcrumb"},"inLanguage":"de","potentialAction":[{"@type":"ReadAction","target":["https:\/\/allstarretro.com\/parduotuve\/namu-interjeras\/cup-duo-art-vintage-porcelianiniai-puodeliai\/"]}]},{"@type":"BreadcrumbList","@id":"https:\/\/allstarretro.com\/parduotuve\/namu-interjeras\/cup-duo-art-vintage-porcelianiniai-puodeliai\/#breadcrumb","itemListElement":[{"@type":"ListItem","position":1,"name":"Home","item":"https:\/\/allstarretro.com\/"},{"@type":"ListItem","position":2,"name":"Retro Stiliaus Nostalgijos Ir Vinta\u017eo Parduotuv\u0117","item":"https:\/\/allstarretro.com\/parduotuve\/"},{"@type":"ListItem","position":3,"name":"Cup Duo Art Vintage Porcelianiniai Puodeliai"}]},{"@type":"WebSite","@id":"https:\/\/allstarretro.com\/#website","url":"https:\/\/allstarretro.com\/","name":"AllStarRetro","description":"Retro-Badezimmer-Produkte im Stil | AllStarRetro","publisher":{"@id":"https:\/\/allstarretro.com\/#organization"},"alternateName":"AllStarRetro","potentialAction":[{"@type":"SearchAction","target":{"@type":"EntryPoint","urlTemplate":"https:\/\/allstarretro.com\/?s={search_term_string}"},"query-input":"required name=search_term_string"}],"inLanguage":"de"},{"@type":["Organization","Place","Store"],"@id":"https:\/\/allstarretro.com\/#organization","name":"AllStarRetro","alternateName":"AllStarRetro","url":"https:\/\/allstarretro.com\/","logo":{"@id":"https:\/\/allstarretro.com\/parduotuve\/namu-interjeras\/cup-duo-art-vintage-porcelianiniai-puodeliai\/#local-main-organization-logo"},"image":{"@id":"https:\/\/allstarretro.com\/parduotuve\/namu-interjeras\/cup-duo-art-vintage-porcelianiniai-puodeliai\/#local-main-organization-logo"},"sameAs":["https:\/\/www.facebook.com\/allstarretroLTU","https:\/\/twitter.com\/allstarretroLTU"],"publishingPrinciples":"https:\/\/allstarretro.com\/","ownershipFundingInfo":"https:\/\/allstarretro.com\/teises-ir-isipareigojimai\/","actionableFeedbackPolicy":"https:\/\/allstarretro.com\/privatumo-politika\/","correctionsPolicy":"https:\/\/allstarretro.com\/pristatymas-ir-taisykles\/","ethicsPolicy":"https:\/\/allstarretro.com\/teises-ir-isipareigojimai\/","diversityPolicy":"https:\/\/allstarretro.com\/privatumo-politika\/","diversityStaffingReport":"https:\/\/allstarretro.com\/privatumo-politika\/","address":{"@id":"https:\/\/allstarretro.com\/parduotuve\/namu-interjeras\/cup-duo-art-vintage-porcelianiniai-puodeliai\/#local-main-place-address"},"geo":{"@type":"GeoCoordinates","latitude":"54.8733071","longitude":"23.9494226"},"telephone":["+37068673611"],"openingHoursSpecification":[{"@type":"OpeningHoursSpecification","dayOfWeek":["Monday","Tuesday","Wednesday","Thursday","Friday","Saturday","Sunday"],"opens":"09:00","closes":"17:00"}],"email":"info@allstarretro.com","areaServed":"Lithuania","vatID":"LT100013495416","priceRange":"$$","currenciesAccepted":"Euras","paymentAccepted":"Visa, mastercard"},{"@type":"PostalAddress","@id":"https:\/\/allstarretro.com\/parduotuve\/namu-interjeras\/cup-duo-art-vintage-porcelianiniai-puodeliai\/#local-main-place-address","streetAddress":"L.Ivinskio 18a","addressLocality":"Kaunas","postalCode":"45151","addressRegion":"Kaunas","addressCountry":"LT"},{"@type":"ImageObject","inLanguage":"de","@id":"https:\/\/allstarretro.com\/parduotuve\/namu-interjeras\/cup-duo-art-vintage-porcelianiniai-puodeliai\/#local-main-organization-logo","url":"https:\/\/allstarretro.com\/wp-content\/uploads\/2025\/01\/allstarretro-mini-logo.webp","contentUrl":"https:\/\/allstarretro.com\/wp-content\/uploads\/2025\/01\/allstarretro-mini-logo.webp","width":130,"height":130,"caption":"AllStarRetro"}]},"geo.placename":"Kaunas","geo.position":{"lat":"54.8733071","long":"23.9494226"},"geo.region":"Litauen"},"_links":{"self":[{"href":"https:\/\/allstarretro.com\/de\/wp-json\/wp\/v2\/product\/33109"}],"collection":[{"href":"https:\/\/allstarretro.com\/de\/wp-json\/wp\/v2\/product"}],"about":[{"href":"https:\/\/allstarretro.com\/de\/wp-json\/wp\/v2\/types\/product"}],"replies":[{"embeddable":true,"href":"https:\/\/allstarretro.com\/de\/wp-json\/wp\/v2\/comments?post=33109"}],"wp:featuredmedia":[{"embeddable":true,"href":"https:\/\/allstarretro.com\/de\/wp-json\/wp\/v2\/media\/33110"}],"wp:attachment":[{"href":"https:\/\/allstarretro.com\/de\/wp-json\/wp\/v2\/media?parent=33109"}],"wp:term":[{"taxonomy":"product_cat","embeddable":true,"href":"https:\/\/allstarretro.com\/de\/wp-json\/wp\/v2\/product_cat?post=33109"},{"taxonomy":"product_tag","embeddable":true,"href":"https:\/\/allstarretro.com\/de\/wp-json\/wp\/v2\/product_tag?post=33109"}],"curies":[{"name":"wp","href":"https:\/\/api.w.org\/{rel}","templated":true}]}}