{"id":33113,"date":"2023-10-30T12:21:14","date_gmt":"2023-10-30T12:21:14","guid":{"rendered":"https:\/\/allstarretro.com\/?post_type=product&#038;p=33113"},"modified":"2025-01-31T10:31:27","modified_gmt":"2025-01-31T10:31:27","slug":"farbe-vintage-radio","status":"publish","type":"product","link":"https:\/\/allstarretro.com\/de\/parduotuve\/technika\/radijos\/colsur-retro-radija\/","title":{"rendered":"Colsur Retro Radio"},"content":{"rendered":"","protected":false},"excerpt":{"rendered":"<h2>API Radio<\/h2>\n<p>Colsur Retro Radio. Retro Bluetooth-Radio, COLSUR tragbares Vintage-UKW-Radio mit Drehknopf und Antenne, starker Bass, 1500 mAh Akku, unterst\u00fctzt USB \/ TF \/ Aux.<\/p>\n<h2>COLSUR RETRO PRIVALUMAI<\/h2>\n<ul>\n<li>Das Radio verf\u00fcgt \u00fcber eine 360\u00b0 ausziehbare Antenne (34,5 cm), wodurch auch schw\u00e4chste Sendesignale empfangen werden k\u00f6nnen. Sie k\u00f6nnen problemlos Talkshows, Nachrichten, Wettervorhersagen, Fu\u00dfballspiele und andere Informationen empfangen. Und egal, ob Sie in der Stadt oder auf dem Land leben, unsere Vintage-Radios k\u00f6nnen die Signale in Ihrer Umgebung problemlos empfangen.<\/li>\n<li>FM-Radio mit Empfangsfunktion und Bluetooth: Seine nostalgische Optik verbirgt ein Multimedia-Center, das TF-Karten und Micro-SD-Karten (bis zu 32G) sowie eine Line-In-Funktion unterst\u00fctzt. Es kombiniert die Einfachheit und Vielseitigkeit eines tragbaren Radios.<\/li>\n<li>Zwei-Wege-Stromversorgung: Das AS19-Batterieradio verf\u00fcgt \u00fcber einen integrierten, nicht entfernbaren 1500-mAh-Akku. Es verf\u00fcgt \u00fcber zwei Ladem\u00f6glichkeiten: USB-Aufladung ist praktisch f\u00fcr den t\u00e4glichen Gebrauch. Vollst\u00e4ndig aufgeladen k\u00f6nnen Sie es auf Reisen, beim Camping, Wandern oder Angeln mitnehmen.<\/li>\n<li>Retro-Design und Drehregler: Dieser Retro-Radio mit Bluetooth hat eine Holzoberfl\u00e4che, die ihn zu einem unverzichtbaren Accessoire f\u00fcr jedes Interieur macht. Der Drehregler erleichtert die Bedienung, um Ihren Lieblingssender auszuw\u00e4hlen, und kann auch von \u00e4lteren Menschen problemlos bedient werden. Das Retro-Radio mit seinem nostalgischen Retro-Design ist auch ein tolles Geschenk f\u00fcr jeden, insbesondere f\u00fcr \u00e4ltere Menschen, die ein Retro-\u00c4u\u00dferes lieben.<\/li>\n<li>Dieses batteriebetriebene Radio ist kompakt und nicht gro\u00df, bequem \u00fcberall mitzunehmen. Die leistungsstarke Funktion dieses klassischen Radios ist ein tolles Geschenk f\u00fcr jedermann, zum Beispiel zu Weihnachten, Thanksgiving, Vatertag, Muttertag, Sie k\u00f6nnen dieses Radio jederzeit endlos genie\u00dfen.<\/li>\n<\/ul>","protected":false},"featured_media":33114,"comment_status":"open","ping_status":"closed","template":"","meta":{"inline_featured_image":false},"product_cat":[336,337],"product_tag":[],"class_list":["post-33113","product","type-product","status-publish","has-post-thumbnail","hentry","product_brand-colsur","product_cat-technika","product_cat-radijos"],"acf":[],"yoast_head":"<!-- This site is optimized with the Yoast SEO Premium plugin v21.8 (Yoast SEO v21.8) - https:\/\/yoast.com\/wordpress\/plugins\/seo\/ -->\n<title>Colsur Retro Radija<\/title>\n<meta name=\"robots\" content=\"index, follow, max-snippet:-1, max-image-preview:large, max-video-preview:-1\" \/>\n<link rel=\"canonical\" href=\"https:\/\/allstarretro.com\/de\/parduotuve\/technik\/radio\/farbe-vintage-radio\/\" \/>\n<meta property=\"og:locale\" content=\"de_DE\" \/>\n<meta property=\"og:type\" content=\"article\" \/>\n<meta property=\"og:title\" content=\"Colsur Retro Radija\" \/>\n<meta property=\"og:description\" content=\"APIE RADIJ\u0104 Colsur Retro Radija. Retro Bluetooth radija, COLSUR ne\u0161iojamasis senovinis FM radijas su reguliuojamu mygtuku ir antena, stiprus \u017eemasis da\u017enis, 1500 mAh baterija, palaikomi USB \/ TF \/ Aux. COLSUR RETRO PRIVALUMAI   Radijas apr\u016bpintas 360\u00b0 i\u0161traukiama antena (34,5 cm), tod\u0117l gali priimti net silpniausi\u0105 si\u0173stuvo signal\u0105. Galite lengvai gauti pokalbi\u0173 laidas, naujienas, or\u0173 prognozes, futbolo rungtynes \u200b\u200bir kit\u0105 informacij\u0105. Ir nesvarbu, ar gyvenate mieste, ar kaime, m\u016bs\u0173 senoviniai radijo imtuvai gali lengvai priimti signalus j\u016bs\u0173 aplinkoje.  FM radijas su pri\u0117mimo funkcija ir \u201eBluetooth\u201c: jo nostalgi\u0161kos i\u0161vaizdos gale yra daugialyp\u0117s terp\u0117s centras, palaiko TF kortel\u0119 ir micro SD kortel\u0119 (iki 32G), taip pat linijos \u012fvesties funkcij\u0105. Jis sujungia ne\u0161iojamojo radijo paprastum\u0105 ir universalum\u0105.  Dviej\u0173 kryp\u010di\u0173 maitinimo \u0161altinis: AS19 baterij\u0173 radijas turi integruot\u0105, nei\u0161imam\u0105 1500 mAh baterij\u0105. Jis turi du \u012fkrovimo b\u016bdus: USB \u012fkrovimas patogus kasdieniam naudojimui. Visi\u0161kai \u012fkraut\u0105 galite pasiimti su savimi keliaudami, stovyklaudami, \u017eygiuodami ar \u017evejodami.  Retro dizaino stilius ir reguliuojamas mygtukas: \u0161is senovinis radijo imtuvas su \u201eBluetooth\u201c turi medin\u012f pavir\u0161i\u0173, tod\u0117l jis yra nepakei\u010diamas bet kokio interjero aksesuaras. Reguliuojamu mygtuku patogiau naudotis, galima pasirinkti m\u0117gstam\u0105 kanal\u0105, juo be problem\u0173 gali valdyti net vyresnio am\u017eiaus \u017emon\u0117s. Senovinis radijas su nostalgi\u0161ku retro dizainu taip pat yra geriausia dovana kiekvienam, ypa\u010d pagyvenusiems \u017emon\u0117ms, m\u0117gstantiems retro i\u0161vaizd\u0105.  \u0160is radijas su baterijomis yra kompakti\u0161kas ir n\u0117ra didelis, patogus visur pasiimti. Galinga \u0161io klasikinio radijo funkcija yra puiki dovana bet kam, pavyzd\u017eiui, Kal\u0117d\u0173, Pad\u0117kos, T\u0117vo, Motinos dienos proga, bet kuriuo metu galite naudoti \u0161\u012f radij\u0105 be galo smagiai.\" \/>\n<meta property=\"og:url\" content=\"https:\/\/allstarretro.com\/de\/parduotuve\/technik\/radio\/farbe-vintage-radio\/\" \/>\n<meta property=\"og:site_name\" content=\"AllStarRetro\" \/>\n<meta property=\"article:publisher\" content=\"https:\/\/www.facebook.com\/allstarretroLTU\" \/>\n<meta property=\"article:modified_time\" content=\"2025-01-31T10:31:27+00:00\" \/>\n<meta property=\"og:image\" content=\"https:\/\/allstarretro.com\/wp-content\/uploads\/2025\/01\/Colsur-retro-radija-allstarretro.com-.webp\" \/>\n\t<meta property=\"og:image:width\" content=\"1080\" \/>\n\t<meta property=\"og:image:height\" content=\"1080\" \/>\n\t<meta property=\"og:image:type\" content=\"image\/webp\" \/>\n<meta name=\"twitter:card\" content=\"summary_large_image\" \/>\n<meta name=\"twitter:site\" content=\"@allstarretroLTU\" \/>\n<meta name=\"twitter:label1\" content=\"Preis\" \/>\n\t<meta name=\"twitter:data1\" content=\"79.99&euro;\" \/>\n\t<meta name=\"twitter:label2\" content=\"Availability\" \/>\n\t<meta name=\"twitter:data2\" content=\"In stock\" \/>\n<script type=\"application\/ld+json\" class=\"yoast-schema-graph\">{\"@context\":\"https:\/\/schema.org\",\"@graph\":[{\"@type\":[\"WebPage\",\"ItemPage\"],\"@id\":\"https:\/\/allstarretro.com\/parduotuve\/technika\/radijos\/colsur-retro-radija\/\",\"url\":\"https:\/\/allstarretro.com\/parduotuve\/technika\/radijos\/colsur-retro-radija\/\",\"name\":\"Colsur Retro Radija\",\"isPartOf\":{\"@id\":\"https:\/\/allstarretro.com\/#website\"},\"datePublished\":\"2023-10-30T12:21:14+00:00\",\"dateModified\":\"2025-01-31T10:31:27+00:00\",\"breadcrumb\":{\"@id\":\"https:\/\/allstarretro.com\/parduotuve\/technika\/radijos\/colsur-retro-radija\/#breadcrumb\"},\"inLanguage\":\"de\",\"potentialAction\":[{\"@type\":\"ReadAction\",\"target\":[\"https:\/\/allstarretro.com\/parduotuve\/technika\/radijos\/colsur-retro-radija\/\"]}]},{\"@type\":\"BreadcrumbList\",\"@id\":\"https:\/\/allstarretro.com\/parduotuve\/technika\/radijos\/colsur-retro-radija\/#breadcrumb\",\"itemListElement\":[{\"@type\":\"ListItem\",\"position\":1,\"name\":\"Home\",\"item\":\"https:\/\/allstarretro.com\/\"},{\"@type\":\"ListItem\",\"position\":2,\"name\":\"Retro Stiliaus Nostalgijos Ir Vinta\u017eo Parduotuv\u0117\",\"item\":\"https:\/\/allstarretro.com\/parduotuve\/\"},{\"@type\":\"ListItem\",\"position\":3,\"name\":\"Colsur Retro Radija\"}]},{\"@type\":\"WebSite\",\"@id\":\"https:\/\/allstarretro.com\/#website\",\"url\":\"https:\/\/allstarretro.com\/\",\"name\":\"AllStarRetro\",\"description\":\"Retro Laikotarpio Stiliaus Produktai | AllStarRetro\",\"publisher\":{\"@id\":\"https:\/\/allstarretro.com\/#organization\"},\"alternateName\":\"AllStarRetro\",\"potentialAction\":[{\"@type\":\"SearchAction\",\"target\":{\"@type\":\"EntryPoint\",\"urlTemplate\":\"https:\/\/allstarretro.com\/?s={search_term_string}\"},\"query-input\":\"required name=search_term_string\"}],\"inLanguage\":\"de\"},{\"@type\":[\"Organization\",\"Place\",\"Store\"],\"@id\":\"https:\/\/allstarretro.com\/#organization\",\"name\":\"AllStarRetro\",\"alternateName\":\"AllStarRetro\",\"url\":\"https:\/\/allstarretro.com\/\",\"logo\":{\"@id\":\"https:\/\/allstarretro.com\/parduotuve\/technika\/radijos\/colsur-retro-radija\/#local-main-organization-logo\"},\"image\":{\"@id\":\"https:\/\/allstarretro.com\/parduotuve\/technika\/radijos\/colsur-retro-radija\/#local-main-organization-logo\"},\"sameAs\":[\"https:\/\/www.facebook.com\/allstarretroLTU\",\"https:\/\/twitter.com\/allstarretroLTU\"],\"publishingPrinciples\":\"https:\/\/allstarretro.com\/\",\"ownershipFundingInfo\":\"https:\/\/allstarretro.com\/teises-ir-isipareigojimai\/\",\"actionableFeedbackPolicy\":\"https:\/\/allstarretro.com\/privatumo-politika\/\",\"correctionsPolicy\":\"https:\/\/allstarretro.com\/pristatymas-ir-taisykles\/\",\"ethicsPolicy\":\"https:\/\/allstarretro.com\/teises-ir-isipareigojimai\/\",\"diversityPolicy\":\"https:\/\/allstarretro.com\/privatumo-politika\/\",\"diversityStaffingReport\":\"https:\/\/allstarretro.com\/privatumo-politika\/\",\"address\":{\"@id\":\"https:\/\/allstarretro.com\/parduotuve\/technika\/radijos\/colsur-retro-radija\/#local-main-place-address\"},\"geo\":{\"@type\":\"GeoCoordinates\",\"latitude\":\"54.8733071\",\"longitude\":\"23.9494226\"},\"telephone\":[\"+37068673611\"],\"openingHoursSpecification\":[{\"@type\":\"OpeningHoursSpecification\",\"dayOfWeek\":[\"Monday\",\"Tuesday\",\"Wednesday\",\"Thursday\",\"Friday\",\"Saturday\",\"Sunday\"],\"opens\":\"09:00\",\"closes\":\"17:00\"}],\"email\":\"info@allstarretro.com\",\"areaServed\":\"Lithuania\",\"vatID\":\"LT100013495416\",\"priceRange\":\"$$\",\"currenciesAccepted\":\"Euras\",\"paymentAccepted\":\"Visa, mastercard\"},{\"@type\":\"PostalAddress\",\"@id\":\"https:\/\/allstarretro.com\/parduotuve\/technika\/radijos\/colsur-retro-radija\/#local-main-place-address\",\"streetAddress\":\"L.Ivinskio 18a\",\"addressLocality\":\"Kaunas\",\"postalCode\":\"45151\",\"addressRegion\":\"Kaunas\",\"addressCountry\":\"LT\"},{\"@type\":\"ImageObject\",\"inLanguage\":\"de\",\"@id\":\"https:\/\/allstarretro.com\/parduotuve\/technika\/radijos\/colsur-retro-radija\/#local-main-organization-logo\",\"url\":\"https:\/\/allstarretro.com\/wp-content\/uploads\/2025\/01\/allstarretro-mini-logo.webp\",\"contentUrl\":\"https:\/\/allstarretro.com\/wp-content\/uploads\/2025\/01\/allstarretro-mini-logo.webp\",\"width\":130,\"height\":130,\"caption\":\"AllStarRetro\"}]}<\/script>\n<meta name=\"geo.placename\" content=\"Kaunas\" \/>\n<meta name=\"geo.position\" content=\"54.8733071;23.9494226\" \/>\n<meta name=\"geo.region\" content=\"Litauen\" \/>\n<!-- \/ Yoast SEO Premium plugin. -->","yoast_head_json":{"title":"Colsur Retro Radio","robots":{"index":"index","follow":"follow","max-snippet":"max-snippet:-1","max-image-preview":"max-image-preview:large","max-video-preview":"max-video-preview:-1"},"canonical":"https:\/\/allstarretro.com\/de\/parduotuve\/technik\/radio\/farbe-vintage-radio\/","og_locale":"de_DE","og_type":"article","og_title":"Colsur Retro Radija","og_description":"APIE RADIJ\u0104 Colsur Retro Radija. Retro Bluetooth radija, COLSUR ne\u0161iojamasis senovinis FM radijas su reguliuojamu mygtuku ir antena, stiprus \u017eemasis da\u017enis, 1500 mAh baterija, palaikomi USB \/ TF \/ Aux. COLSUR RETRO PRIVALUMAI   Radijas apr\u016bpintas 360\u00b0 i\u0161traukiama antena (34,5 cm), tod\u0117l gali priimti net silpniausi\u0105 si\u0173stuvo signal\u0105. Galite lengvai gauti pokalbi\u0173 laidas, naujienas, or\u0173 prognozes, futbolo rungtynes \u200b\u200bir kit\u0105 informacij\u0105. Ir nesvarbu, ar gyvenate mieste, ar kaime, m\u016bs\u0173 senoviniai radijo imtuvai gali lengvai priimti signalus j\u016bs\u0173 aplinkoje.  FM radijas su pri\u0117mimo funkcija ir \u201eBluetooth\u201c: jo nostalgi\u0161kos i\u0161vaizdos gale yra daugialyp\u0117s terp\u0117s centras, palaiko TF kortel\u0119 ir micro SD kortel\u0119 (iki 32G), taip pat linijos \u012fvesties funkcij\u0105. Jis sujungia ne\u0161iojamojo radijo paprastum\u0105 ir universalum\u0105.  Dviej\u0173 kryp\u010di\u0173 maitinimo \u0161altinis: AS19 baterij\u0173 radijas turi integruot\u0105, nei\u0161imam\u0105 1500 mAh baterij\u0105. Jis turi du \u012fkrovimo b\u016bdus: USB \u012fkrovimas patogus kasdieniam naudojimui. Visi\u0161kai \u012fkraut\u0105 galite pasiimti su savimi keliaudami, stovyklaudami, \u017eygiuodami ar \u017evejodami.  Retro dizaino stilius ir reguliuojamas mygtukas: \u0161is senovinis radijo imtuvas su \u201eBluetooth\u201c turi medin\u012f pavir\u0161i\u0173, tod\u0117l jis yra nepakei\u010diamas bet kokio interjero aksesuaras. Reguliuojamu mygtuku patogiau naudotis, galima pasirinkti m\u0117gstam\u0105 kanal\u0105, juo be problem\u0173 gali valdyti net vyresnio am\u017eiaus \u017emon\u0117s. Senovinis radijas su nostalgi\u0161ku retro dizainu taip pat yra geriausia dovana kiekvienam, ypa\u010d pagyvenusiems \u017emon\u0117ms, m\u0117gstantiems retro i\u0161vaizd\u0105.  \u0160is radijas su baterijomis yra kompakti\u0161kas ir n\u0117ra didelis, patogus visur pasiimti. Galinga \u0161io klasikinio radijo funkcija yra puiki dovana bet kam, pavyzd\u017eiui, Kal\u0117d\u0173, Pad\u0117kos, T\u0117vo, Motinos dienos proga, bet kuriuo metu galite naudoti \u0161\u012f radij\u0105 be galo smagiai.","og_url":"https:\/\/allstarretro.com\/de\/parduotuve\/technik\/radio\/farbe-vintage-radio\/","og_site_name":"AllStarRetro","article_publisher":"https:\/\/www.facebook.com\/allstarretroLTU","article_modified_time":"2025-01-31T10:31:27+00:00","og_image":[{"width":1080,"height":1080,"url":"https:\/\/allstarretro.com\/wp-content\/uploads\/2025\/01\/Colsur-retro-radija-allstarretro.com-.webp","type":"image\/webp"}],"twitter_card":"summary_large_image","twitter_site":"@allstarretroLTU","twitter_misc":{"Preis":"79.99&euro;","Availability":"In stock"},"schema":{"@context":"https:\/\/schema.org","@graph":[{"@type":["WebPage","ItemPage"],"@id":"https:\/\/allstarretro.com\/parduotuve\/technika\/radijos\/colsur-retro-radija\/","url":"https:\/\/allstarretro.com\/parduotuve\/technika\/radijos\/colsur-retro-radija\/","name":"Colsur Retro Radio","isPartOf":{"@id":"https:\/\/allstarretro.com\/#website"},"datePublished":"2023-10-30T12:21:14+00:00","dateModified":"2025-01-31T10:31:27+00:00","breadcrumb":{"@id":"https:\/\/allstarretro.com\/parduotuve\/technika\/radijos\/colsur-retro-radija\/#breadcrumb"},"inLanguage":"de","potentialAction":[{"@type":"ReadAction","target":["https:\/\/allstarretro.com\/parduotuve\/technika\/radijos\/colsur-retro-radija\/"]}]},{"@type":"BreadcrumbList","@id":"https:\/\/allstarretro.com\/parduotuve\/technika\/radijos\/colsur-retro-radija\/#breadcrumb","itemListElement":[{"@type":"ListItem","position":1,"name":"Home","item":"https:\/\/allstarretro.com\/"},{"@type":"ListItem","position":2,"name":"Retro Stiliaus Nostalgijos Ir Vinta\u017eo Parduotuv\u0117","item":"https:\/\/allstarretro.com\/parduotuve\/"},{"@type":"ListItem","position":3,"name":"Colsur Retro Radija"}]},{"@type":"WebSite","@id":"https:\/\/allstarretro.com\/#website","url":"https:\/\/allstarretro.com\/","name":"AllStarRetro","description":"Retro-Badezimmer-Produkte im Stil | AllStarRetro","publisher":{"@id":"https:\/\/allstarretro.com\/#organization"},"alternateName":"AllStarRetro","potentialAction":[{"@type":"SearchAction","target":{"@type":"EntryPoint","urlTemplate":"https:\/\/allstarretro.com\/?s={search_term_string}"},"query-input":"required name=search_term_string"}],"inLanguage":"de"},{"@type":["Organization","Place","Store"],"@id":"https:\/\/allstarretro.com\/#organization","name":"AllStarRetro","alternateName":"AllStarRetro","url":"https:\/\/allstarretro.com\/","logo":{"@id":"https:\/\/allstarretro.com\/parduotuve\/technika\/radijos\/colsur-retro-radija\/#local-main-organization-logo"},"image":{"@id":"https:\/\/allstarretro.com\/parduotuve\/technika\/radijos\/colsur-retro-radija\/#local-main-organization-logo"},"sameAs":["https:\/\/www.facebook.com\/allstarretroLTU","https:\/\/twitter.com\/allstarretroLTU"],"publishingPrinciples":"https:\/\/allstarretro.com\/","ownershipFundingInfo":"https:\/\/allstarretro.com\/teises-ir-isipareigojimai\/","actionableFeedbackPolicy":"https:\/\/allstarretro.com\/privatumo-politika\/","correctionsPolicy":"https:\/\/allstarretro.com\/pristatymas-ir-taisykles\/","ethicsPolicy":"https:\/\/allstarretro.com\/teises-ir-isipareigojimai\/","diversityPolicy":"https:\/\/allstarretro.com\/privatumo-politika\/","diversityStaffingReport":"https:\/\/allstarretro.com\/privatumo-politika\/","address":{"@id":"https:\/\/allstarretro.com\/parduotuve\/technika\/radijos\/colsur-retro-radija\/#local-main-place-address"},"geo":{"@type":"GeoCoordinates","latitude":"54.8733071","longitude":"23.9494226"},"telephone":["+37068673611"],"openingHoursSpecification":[{"@type":"OpeningHoursSpecification","dayOfWeek":["Monday","Tuesday","Wednesday","Thursday","Friday","Saturday","Sunday"],"opens":"09:00","closes":"17:00"}],"email":"info@allstarretro.com","areaServed":"Lithuania","vatID":"LT100013495416","priceRange":"$$","currenciesAccepted":"Euras","paymentAccepted":"Visa, mastercard"},{"@type":"PostalAddress","@id":"https:\/\/allstarretro.com\/parduotuve\/technika\/radijos\/colsur-retro-radija\/#local-main-place-address","streetAddress":"L.Ivinskio 18a","addressLocality":"Kaunas","postalCode":"45151","addressRegion":"Kaunas","addressCountry":"LT"},{"@type":"ImageObject","inLanguage":"de","@id":"https:\/\/allstarretro.com\/parduotuve\/technika\/radijos\/colsur-retro-radija\/#local-main-organization-logo","url":"https:\/\/allstarretro.com\/wp-content\/uploads\/2025\/01\/allstarretro-mini-logo.webp","contentUrl":"https:\/\/allstarretro.com\/wp-content\/uploads\/2025\/01\/allstarretro-mini-logo.webp","width":130,"height":130,"caption":"AllStarRetro"}]},"geo.placename":"Kaunas","geo.position":{"lat":"54.8733071","long":"23.9494226"},"geo.region":"Litauen"},"_links":{"self":[{"href":"https:\/\/allstarretro.com\/de\/wp-json\/wp\/v2\/product\/33113"}],"collection":[{"href":"https:\/\/allstarretro.com\/de\/wp-json\/wp\/v2\/product"}],"about":[{"href":"https:\/\/allstarretro.com\/de\/wp-json\/wp\/v2\/types\/product"}],"replies":[{"embeddable":true,"href":"https:\/\/allstarretro.com\/de\/wp-json\/wp\/v2\/comments?post=33113"}],"wp:featuredmedia":[{"embeddable":true,"href":"https:\/\/allstarretro.com\/de\/wp-json\/wp\/v2\/media\/33114"}],"wp:attachment":[{"href":"https:\/\/allstarretro.com\/de\/wp-json\/wp\/v2\/media?parent=33113"}],"wp:term":[{"taxonomy":"product_cat","embeddable":true,"href":"https:\/\/allstarretro.com\/de\/wp-json\/wp\/v2\/product_cat?post=33113"},{"taxonomy":"product_tag","embeddable":true,"href":"https:\/\/allstarretro.com\/de\/wp-json\/wp\/v2\/product_tag?post=33113"}],"curies":[{"name":"wp","href":"https:\/\/api.w.org\/{rel}","templated":true}]}}