{"id":33127,"date":"2023-10-31T08:11:58","date_gmt":"2023-10-31T08:11:58","guid":{"rendered":"https:\/\/allstarretro.com\/?post_type=product&#038;p=33127"},"modified":"2025-01-31T10:29:33","modified_gmt":"2025-01-31T10:29:33","slug":"vintazinis-plunksninis-kaligrafijos-rinkinys","status":"publish","type":"product","link":"https:\/\/allstarretro.com\/de\/parduotuve\/namu-interjeras\/vabneer-vintazinis-plunksnu-kaligrafinis-rinkinys\/","title":{"rendered":"Vabneer Vintage Federkiel-Schreibset"},"content":{"rendered":"","protected":false},"excerpt":{"rendered":"<h2>API-UMFASSUNG<\/h2>\n<p>Vintages Federkalligrafie-Set. Ausgefallenes Vintage-Federkalligrafie-Set im einzigartigen Design, ein tolles personalisiertes Geschenk f\u00fcr einen Freund. Stellen Sie den Kalligrafiestift in Ihrem Zuhause zu klassischen M\u00f6beln, in Ihr Arbeitszimmer, das wird Ihre Inneneinrichtung schm\u00fccken.<\/p>\n<h2>VERWENDUNG VON PLUNKSNOS-KALIGRAPHIGRAFEN<\/h2>\n<ul>\n<li>Die Oberfl\u00e4che des neuen Aufsatzes hat meist etwas Rostschutzfarbe. Verwenden Sie hei\u00dfes Wasser oder ein mildes Reinigungsmittel und trocknen Sie ihn mit einem weichen Tuch.<\/li>\n<li>Sch\u00fctzen Sie die Federn vor Wasser.<\/li>\n<li>Taupiai tepkite ra\u0161al\u0105 ant ra\u0161iklio, ne daugiau kaip per pus\u0119 jo galiuko.<\/li>\n<li>Reinigen Sie die D\u00fcse nach Gebrauch, um beim n\u00e4chsten Mal gute Ergebnisse zu erzielen.<\/li>\n<\/ul>","protected":false},"featured_media":33128,"comment_status":"open","ping_status":"closed","template":"","meta":{"inline_featured_image":false},"product_cat":[340],"product_tag":[],"class_list":["post-33127","product","type-product","status-publish","has-post-thumbnail","hentry","product_brand-vabneer","product_cat-namu-interjeras"],"acf":[],"yoast_head":"<!-- This site is optimized with the Yoast SEO Premium plugin v21.8 (Yoast SEO v21.8) - https:\/\/yoast.com\/wordpress\/plugins\/seo\/ -->\n<title>Vabneer Vinta\u017einis Plunksn\u0173 Kaligrafinis Rinkinys<\/title>\n<meta name=\"robots\" content=\"index, follow, max-snippet:-1, max-image-preview:large, max-video-preview:-1\" \/>\n<link rel=\"canonical\" href=\"https:\/\/allstarretro.com\/de\/parduotuve\/guten-tag\/vintazinis-plunksninis-kaligrafijos-rinkinys\/\" \/>\n<meta property=\"og:locale\" content=\"de_DE\" \/>\n<meta property=\"og:type\" content=\"article\" \/>\n<meta property=\"og:title\" content=\"Vabneer Vinta\u017einis Plunksn\u0173 Kaligrafinis Rinkinys\" \/>\n<meta property=\"og:description\" content=\"APIE RINKIN\u012e Vabneer Vinta\u017einis Plunksn\u0173 Kaligrafinis Rinkinys. I\u0161skirtinio dizaino vinta\u017einis plunksn\u0173 kafligrafinis rinkinys, puiki personalizuota dovana draugui. Pad\u0117kite kaligrafijos ra\u0161ikl\u012f savo namuose su klasikiniais baldais, savo darbo kambar\u012f, tai papuo\u0161 J\u016bs\u0173 nam\u0173 interjer\u0105. PLUNKSNOS KALIGRAFO NAUDOJIMAS   Naujojo antgalio pavir\u0161ius da\u017eniausiai turi \u0161iek tiek da\u017e\u0173, apsaugan\u010di\u0173 nuo r\u016bd\u017ei\u0173. Naudokite kar\u0161t\u0105 vanden\u012f arba plovikl\u012f ir nusausinkite mink\u0161tu skudur\u0117liu.  Saugokite plunksnas nuo vandens.  Nepamerkite ra\u0161alo ant linijos daugiau nei pus\u0117s galo.  Po naudojimo nuvalykite antgal\u012f, kad kit\u0105 kart\u0105 pasiektum\u0117te ger\u0173 rezultat\u0173.\" \/>\n<meta property=\"og:url\" content=\"https:\/\/allstarretro.com\/de\/parduotuve\/guten-tag\/vintazinis-plunksninis-kaligrafijos-rinkinys\/\" \/>\n<meta property=\"og:site_name\" content=\"AllStarRetro\" \/>\n<meta property=\"article:publisher\" content=\"https:\/\/www.facebook.com\/allstarretroLTU\" \/>\n<meta property=\"article:modified_time\" content=\"2025-01-31T10:29:33+00:00\" \/>\n<meta property=\"og:image\" content=\"https:\/\/allstarretro.com\/wp-content\/uploads\/2025\/01\/vanbeer-vintazinis-plunksu-kaligrafinis-rinkinys-allstarretro.com-.webp\" \/>\n\t<meta property=\"og:image:width\" content=\"1080\" \/>\n\t<meta property=\"og:image:height\" content=\"1080\" \/>\n\t<meta property=\"og:image:type\" content=\"image\/webp\" \/>\n<meta name=\"twitter:card\" content=\"summary_large_image\" \/>\n<meta name=\"twitter:site\" content=\"@allstarretroLTU\" \/>\n<meta name=\"twitter:label1\" content=\"Preis\" \/>\n\t<meta name=\"twitter:data1\" content=\"40.99&euro;\" \/>\n\t<meta name=\"twitter:label2\" content=\"Availability\" \/>\n\t<meta name=\"twitter:data2\" content=\"In stock\" \/>\n<script type=\"application\/ld+json\" class=\"yoast-schema-graph\">{\"@context\":\"https:\/\/schema.org\",\"@graph\":[{\"@type\":[\"WebPage\",\"ItemPage\"],\"@id\":\"https:\/\/allstarretro.com\/parduotuve\/namu-interjeras\/vabneer-vintazinis-plunksnu-kaligrafinis-rinkinys\/\",\"url\":\"https:\/\/allstarretro.com\/parduotuve\/namu-interjeras\/vabneer-vintazinis-plunksnu-kaligrafinis-rinkinys\/\",\"name\":\"Vabneer Vinta\u017einis Plunksn\u0173 Kaligrafinis Rinkinys\",\"isPartOf\":{\"@id\":\"https:\/\/allstarretro.com\/#website\"},\"datePublished\":\"2023-10-31T08:11:58+00:00\",\"dateModified\":\"2025-01-31T10:29:33+00:00\",\"breadcrumb\":{\"@id\":\"https:\/\/allstarretro.com\/parduotuve\/namu-interjeras\/vabneer-vintazinis-plunksnu-kaligrafinis-rinkinys\/#breadcrumb\"},\"inLanguage\":\"de\",\"potentialAction\":[{\"@type\":\"ReadAction\",\"target\":[\"https:\/\/allstarretro.com\/parduotuve\/namu-interjeras\/vabneer-vintazinis-plunksnu-kaligrafinis-rinkinys\/\"]}]},{\"@type\":\"BreadcrumbList\",\"@id\":\"https:\/\/allstarretro.com\/parduotuve\/namu-interjeras\/vabneer-vintazinis-plunksnu-kaligrafinis-rinkinys\/#breadcrumb\",\"itemListElement\":[{\"@type\":\"ListItem\",\"position\":1,\"name\":\"Home\",\"item\":\"https:\/\/allstarretro.com\/\"},{\"@type\":\"ListItem\",\"position\":2,\"name\":\"Retro Stiliaus Nostalgijos Ir Vinta\u017eo Parduotuv\u0117\",\"item\":\"https:\/\/allstarretro.com\/parduotuve\/\"},{\"@type\":\"ListItem\",\"position\":3,\"name\":\"Vabneer Vinta\u017einis Plunksn\u0173 Kaligrafinis Rinkinys\"}]},{\"@type\":\"WebSite\",\"@id\":\"https:\/\/allstarretro.com\/#website\",\"url\":\"https:\/\/allstarretro.com\/\",\"name\":\"AllStarRetro\",\"description\":\"Retro Laikotarpio Stiliaus Produktai | AllStarRetro\",\"publisher\":{\"@id\":\"https:\/\/allstarretro.com\/#organization\"},\"alternateName\":\"AllStarRetro\",\"potentialAction\":[{\"@type\":\"SearchAction\",\"target\":{\"@type\":\"EntryPoint\",\"urlTemplate\":\"https:\/\/allstarretro.com\/?s={search_term_string}\"},\"query-input\":\"required name=search_term_string\"}],\"inLanguage\":\"de\"},{\"@type\":[\"Organization\",\"Place\",\"Store\"],\"@id\":\"https:\/\/allstarretro.com\/#organization\",\"name\":\"AllStarRetro\",\"alternateName\":\"AllStarRetro\",\"url\":\"https:\/\/allstarretro.com\/\",\"logo\":{\"@id\":\"https:\/\/allstarretro.com\/parduotuve\/namu-interjeras\/vabneer-vintazinis-plunksnu-kaligrafinis-rinkinys\/#local-main-organization-logo\"},\"image\":{\"@id\":\"https:\/\/allstarretro.com\/parduotuve\/namu-interjeras\/vabneer-vintazinis-plunksnu-kaligrafinis-rinkinys\/#local-main-organization-logo\"},\"sameAs\":[\"https:\/\/www.facebook.com\/allstarretroLTU\",\"https:\/\/twitter.com\/allstarretroLTU\"],\"publishingPrinciples\":\"https:\/\/allstarretro.com\/\",\"ownershipFundingInfo\":\"https:\/\/allstarretro.com\/teises-ir-isipareigojimai\/\",\"actionableFeedbackPolicy\":\"https:\/\/allstarretro.com\/privatumo-politika\/\",\"correctionsPolicy\":\"https:\/\/allstarretro.com\/pristatymas-ir-taisykles\/\",\"ethicsPolicy\":\"https:\/\/allstarretro.com\/teises-ir-isipareigojimai\/\",\"diversityPolicy\":\"https:\/\/allstarretro.com\/privatumo-politika\/\",\"diversityStaffingReport\":\"https:\/\/allstarretro.com\/privatumo-politika\/\",\"address\":{\"@id\":\"https:\/\/allstarretro.com\/parduotuve\/namu-interjeras\/vabneer-vintazinis-plunksnu-kaligrafinis-rinkinys\/#local-main-place-address\"},\"geo\":{\"@type\":\"GeoCoordinates\",\"latitude\":\"54.8733071\",\"longitude\":\"23.9494226\"},\"telephone\":[\"+37068673611\"],\"openingHoursSpecification\":[{\"@type\":\"OpeningHoursSpecification\",\"dayOfWeek\":[\"Monday\",\"Tuesday\",\"Wednesday\",\"Thursday\",\"Friday\",\"Saturday\",\"Sunday\"],\"opens\":\"09:00\",\"closes\":\"17:00\"}],\"email\":\"info@allstarretro.com\",\"areaServed\":\"Lithuania\",\"vatID\":\"LT100013495416\",\"priceRange\":\"$$\",\"currenciesAccepted\":\"Euras\",\"paymentAccepted\":\"Visa, mastercard\"},{\"@type\":\"PostalAddress\",\"@id\":\"https:\/\/allstarretro.com\/parduotuve\/namu-interjeras\/vabneer-vintazinis-plunksnu-kaligrafinis-rinkinys\/#local-main-place-address\",\"streetAddress\":\"L.Ivinskio 18a\",\"addressLocality\":\"Kaunas\",\"postalCode\":\"45151\",\"addressRegion\":\"Kaunas\",\"addressCountry\":\"LT\"},{\"@type\":\"ImageObject\",\"inLanguage\":\"de\",\"@id\":\"https:\/\/allstarretro.com\/parduotuve\/namu-interjeras\/vabneer-vintazinis-plunksnu-kaligrafinis-rinkinys\/#local-main-organization-logo\",\"url\":\"https:\/\/allstarretro.com\/wp-content\/uploads\/2025\/01\/allstarretro-mini-logo.webp\",\"contentUrl\":\"https:\/\/allstarretro.com\/wp-content\/uploads\/2025\/01\/allstarretro-mini-logo.webp\",\"width\":130,\"height\":130,\"caption\":\"AllStarRetro\"}]}<\/script>\n<meta name=\"geo.placename\" content=\"Kaunas\" \/>\n<meta name=\"geo.position\" content=\"54.8733071;23.9494226\" \/>\n<meta name=\"geo.region\" content=\"Litauen\" \/>\n<!-- \/ Yoast SEO Premium plugin. -->","yoast_head_json":{"title":"Vabneer Vintage Federkiel-Schreibset","robots":{"index":"index","follow":"follow","max-snippet":"max-snippet:-1","max-image-preview":"max-image-preview:large","max-video-preview":"max-video-preview:-1"},"canonical":"https:\/\/allstarretro.com\/de\/parduotuve\/guten-tag\/vintazinis-plunksninis-kaligrafijos-rinkinys\/","og_locale":"de_DE","og_type":"article","og_title":"Vabneer Vinta\u017einis Plunksn\u0173 Kaligrafinis Rinkinys","og_description":"APIE RINKIN\u012e Vabneer Vinta\u017einis Plunksn\u0173 Kaligrafinis Rinkinys. I\u0161skirtinio dizaino vinta\u017einis plunksn\u0173 kafligrafinis rinkinys, puiki personalizuota dovana draugui. Pad\u0117kite kaligrafijos ra\u0161ikl\u012f savo namuose su klasikiniais baldais, savo darbo kambar\u012f, tai papuo\u0161 J\u016bs\u0173 nam\u0173 interjer\u0105. PLUNKSNOS KALIGRAFO NAUDOJIMAS   Naujojo antgalio pavir\u0161ius da\u017eniausiai turi \u0161iek tiek da\u017e\u0173, apsaugan\u010di\u0173 nuo r\u016bd\u017ei\u0173. Naudokite kar\u0161t\u0105 vanden\u012f arba plovikl\u012f ir nusausinkite mink\u0161tu skudur\u0117liu.  Saugokite plunksnas nuo vandens.  Nepamerkite ra\u0161alo ant linijos daugiau nei pus\u0117s galo.  Po naudojimo nuvalykite antgal\u012f, kad kit\u0105 kart\u0105 pasiektum\u0117te ger\u0173 rezultat\u0173.","og_url":"https:\/\/allstarretro.com\/de\/parduotuve\/guten-tag\/vintazinis-plunksninis-kaligrafijos-rinkinys\/","og_site_name":"AllStarRetro","article_publisher":"https:\/\/www.facebook.com\/allstarretroLTU","article_modified_time":"2025-01-31T10:29:33+00:00","og_image":[{"width":1080,"height":1080,"url":"https:\/\/allstarretro.com\/wp-content\/uploads\/2025\/01\/vanbeer-vintazinis-plunksu-kaligrafinis-rinkinys-allstarretro.com-.webp","type":"image\/webp"}],"twitter_card":"summary_large_image","twitter_site":"@allstarretroLTU","twitter_misc":{"Preis":"40.99&euro;","Availability":"In stock"},"schema":{"@context":"https:\/\/schema.org","@graph":[{"@type":["WebPage","ItemPage"],"@id":"https:\/\/allstarretro.com\/parduotuve\/namu-interjeras\/vabneer-vintazinis-plunksnu-kaligrafinis-rinkinys\/","url":"https:\/\/allstarretro.com\/parduotuve\/namu-interjeras\/vabneer-vintazinis-plunksnu-kaligrafinis-rinkinys\/","name":"Vabneer Vintage Federkiel-Schreibset","isPartOf":{"@id":"https:\/\/allstarretro.com\/#website"},"datePublished":"2023-10-31T08:11:58+00:00","dateModified":"2025-01-31T10:29:33+00:00","breadcrumb":{"@id":"https:\/\/allstarretro.com\/parduotuve\/namu-interjeras\/vabneer-vintazinis-plunksnu-kaligrafinis-rinkinys\/#breadcrumb"},"inLanguage":"de","potentialAction":[{"@type":"ReadAction","target":["https:\/\/allstarretro.com\/parduotuve\/namu-interjeras\/vabneer-vintazinis-plunksnu-kaligrafinis-rinkinys\/"]}]},{"@type":"BreadcrumbList","@id":"https:\/\/allstarretro.com\/parduotuve\/namu-interjeras\/vabneer-vintazinis-plunksnu-kaligrafinis-rinkinys\/#breadcrumb","itemListElement":[{"@type":"ListItem","position":1,"name":"Home","item":"https:\/\/allstarretro.com\/"},{"@type":"ListItem","position":2,"name":"Retro Stiliaus Nostalgijos Ir Vinta\u017eo Parduotuv\u0117","item":"https:\/\/allstarretro.com\/parduotuve\/"},{"@type":"ListItem","position":3,"name":"Vabneer Vinta\u017einis Plunksn\u0173 Kaligrafinis Rinkinys"}]},{"@type":"WebSite","@id":"https:\/\/allstarretro.com\/#website","url":"https:\/\/allstarretro.com\/","name":"AllStarRetro","description":"Retro-Badezimmer-Produkte im Stil | AllStarRetro","publisher":{"@id":"https:\/\/allstarretro.com\/#organization"},"alternateName":"AllStarRetro","potentialAction":[{"@type":"SearchAction","target":{"@type":"EntryPoint","urlTemplate":"https:\/\/allstarretro.com\/?s={search_term_string}"},"query-input":"required name=search_term_string"}],"inLanguage":"de"},{"@type":["Organization","Place","Store"],"@id":"https:\/\/allstarretro.com\/#organization","name":"AllStarRetro","alternateName":"AllStarRetro","url":"https:\/\/allstarretro.com\/","logo":{"@id":"https:\/\/allstarretro.com\/parduotuve\/namu-interjeras\/vabneer-vintazinis-plunksnu-kaligrafinis-rinkinys\/#local-main-organization-logo"},"image":{"@id":"https:\/\/allstarretro.com\/parduotuve\/namu-interjeras\/vabneer-vintazinis-plunksnu-kaligrafinis-rinkinys\/#local-main-organization-logo"},"sameAs":["https:\/\/www.facebook.com\/allstarretroLTU","https:\/\/twitter.com\/allstarretroLTU"],"publishingPrinciples":"https:\/\/allstarretro.com\/","ownershipFundingInfo":"https:\/\/allstarretro.com\/teises-ir-isipareigojimai\/","actionableFeedbackPolicy":"https:\/\/allstarretro.com\/privatumo-politika\/","correctionsPolicy":"https:\/\/allstarretro.com\/pristatymas-ir-taisykles\/","ethicsPolicy":"https:\/\/allstarretro.com\/teises-ir-isipareigojimai\/","diversityPolicy":"https:\/\/allstarretro.com\/privatumo-politika\/","diversityStaffingReport":"https:\/\/allstarretro.com\/privatumo-politika\/","address":{"@id":"https:\/\/allstarretro.com\/parduotuve\/namu-interjeras\/vabneer-vintazinis-plunksnu-kaligrafinis-rinkinys\/#local-main-place-address"},"geo":{"@type":"GeoCoordinates","latitude":"54.8733071","longitude":"23.9494226"},"telephone":["+37068673611"],"openingHoursSpecification":[{"@type":"OpeningHoursSpecification","dayOfWeek":["Monday","Tuesday","Wednesday","Thursday","Friday","Saturday","Sunday"],"opens":"09:00","closes":"17:00"}],"email":"info@allstarretro.com","areaServed":"Lithuania","vatID":"LT100013495416","priceRange":"$$","currenciesAccepted":"Euras","paymentAccepted":"Visa, mastercard"},{"@type":"PostalAddress","@id":"https:\/\/allstarretro.com\/parduotuve\/namu-interjeras\/vabneer-vintazinis-plunksnu-kaligrafinis-rinkinys\/#local-main-place-address","streetAddress":"L.Ivinskio 18a","addressLocality":"Kaunas","postalCode":"45151","addressRegion":"Kaunas","addressCountry":"LT"},{"@type":"ImageObject","inLanguage":"de","@id":"https:\/\/allstarretro.com\/parduotuve\/namu-interjeras\/vabneer-vintazinis-plunksnu-kaligrafinis-rinkinys\/#local-main-organization-logo","url":"https:\/\/allstarretro.com\/wp-content\/uploads\/2025\/01\/allstarretro-mini-logo.webp","contentUrl":"https:\/\/allstarretro.com\/wp-content\/uploads\/2025\/01\/allstarretro-mini-logo.webp","width":130,"height":130,"caption":"AllStarRetro"}]},"geo.placename":"Kaunas","geo.position":{"lat":"54.8733071","long":"23.9494226"},"geo.region":"Litauen"},"_links":{"self":[{"href":"https:\/\/allstarretro.com\/de\/wp-json\/wp\/v2\/product\/33127"}],"collection":[{"href":"https:\/\/allstarretro.com\/de\/wp-json\/wp\/v2\/product"}],"about":[{"href":"https:\/\/allstarretro.com\/de\/wp-json\/wp\/v2\/types\/product"}],"replies":[{"embeddable":true,"href":"https:\/\/allstarretro.com\/de\/wp-json\/wp\/v2\/comments?post=33127"}],"wp:featuredmedia":[{"embeddable":true,"href":"https:\/\/allstarretro.com\/de\/wp-json\/wp\/v2\/media\/33128"}],"wp:attachment":[{"href":"https:\/\/allstarretro.com\/de\/wp-json\/wp\/v2\/media?parent=33127"}],"wp:term":[{"taxonomy":"product_cat","embeddable":true,"href":"https:\/\/allstarretro.com\/de\/wp-json\/wp\/v2\/product_cat?post=33127"},{"taxonomy":"product_tag","embeddable":true,"href":"https:\/\/allstarretro.com\/de\/wp-json\/wp\/v2\/product_tag?post=33127"}],"curies":[{"name":"wp","href":"https:\/\/api.w.org\/{rel}","templated":true}]}}