{"id":33130,"date":"2023-10-31T10:19:49","date_gmt":"2023-10-31T10:19:49","guid":{"rendered":"https:\/\/allstarretro.com\/?post_type=product&#038;p=33130"},"modified":"2025-01-31T10:27:38","modified_gmt":"2025-01-31T10:27:38","slug":"mekeco-professional-vintage-barzdaskute","status":"publish","type":"product","link":"https:\/\/allstarretro.com\/de\/parduotuve\/technika\/mekeco-professional-vintage-barzdaskute\/","title":{"rendered":"Mekeco Professionelle Vintage Rasiermesser"},"content":{"rendered":"","protected":false},"excerpt":{"rendered":"<h2>APIE BARZDASKUTE<\/h2>\n<p>Mekeco Professional Vintage Barzdaskut\u0117. T formos a\u0161men\u0173 kirptuvas, profesionali kont\u016bro plauk\u0173 kirpimo ma\u0161in\u0117l\u0117 su savaime galandan\u010diais ir tiksliai \u0161lifuojan\u010diais peiliukais, a\u0161tresniais u\u017e plien\u0105 ir ilgesn\u012f tarnavimo laik\u0105. R formos apvalus peiliukas \u0161velniai lie\u010diasi su oda, kad b\u016bt\u0173 i\u0161vengta atsitiktinio odos pavir\u0161iaus pa\u017eeidimo, o tai naudinga alyvos galvutei. 1 peilio galvut\u0117s apsauga ir 1 ekscentrinio veleno apsauginis dangtelis gali pad\u0117ti gerai apsaugoti pjaustytuv\u0105. \u0160iame t a\u0161meniniame barzdaskutei yra 1400 mAh baterija. J\u012f galite \u012fkrauti naudodami bet kur\u012f USB prievad\u0105, pvz., kompiuter\u012f, maitinimo blok\u0105 ir pan. Po 2 valand\u0173 \u012fkrovimo kont\u016bro plauk\u0173 kirpimo ma\u0161in\u0117l\u0117 gali b\u016bti naudojama ilgiau nei 150 minu\u010di\u0173. Ne\u0161iojamas dydis su ilga baterija, tinkamas naudoti namuose ir kelion\u0117se.<\/p>\n<h2>MEKECO RPIVALUMAI<\/h2>\n<ul>\n<li>I\u0161manusis LCD ekranas. I\u0161samesn\u0117 profesionali plauk\u0173 kirpimo ma\u0161in\u0117l\u0117 su itin ai\u0161kiu, i\u0161maniuoju LCD ekranu gali rodyti likusi\u0105 gali\u0105 realiuoju laiku ir laiku pateikti priminimus apie \u012fkrovim\u0105, kad kirpimas b\u016bt\u0173 puikus.<\/li>\n<li>Galingas variklis ir USB greitas \u012fkrovimas. Galingas 10 W variklis u\u017etikrina skland\u0173 ir lengv\u0105 pjovim\u0105 akimirksniu. Visi\u0161kai \u012fkraut\u0105 kont\u016bro pjaustytuv\u0105 galima naudoti apie 150 minu\u010di\u0173. Lengvas ir greitas \u012fkrovimas, galima prijungti C tipo \u012fkrovimo prievad\u0105, USB adapter\u012f, ne\u0161iojam\u0105j\u012f kompiuter\u012f, automobilin\u012f \u012fkrovikl\u012f, maitinimo blok\u0105 ir kitus USB maitinamus \u012frenginius, puikiai tinkan\u010dius kelion\u0117ms. Prie\u0161 naudodami pirm\u0105 kart\u0105, visi\u0161kai \u012fkraukite.<\/li>\n<li>Daugiafunkcinis prie\u017ei\u016bros rinkinys vyrams: yra 3 standartin\u0117s \u0161ukos, kuri\u0173 ilgis yra 2\/3\/4 mm, 1 x valymo \u0161epetys, 1 x USB laidas. Galite pasirinkti ribines \u0161ukas pagal savo stiliaus poreikius, kad sukurtum\u0117te savo m\u0117gstam\u0105 i\u0161vaizd\u0105. Barzdos \u017eirkl\u0117s barzdos kirpimo ma\u0161in\u0117l\u0117, barzda ir net k\u016bno plaukai. Tinka ne tik vyrams, bet ir vaikams bei augintiniams.<\/li>\n<li>Visi\u0161kai metalinio korpuso dizainas su retro ra\u0161tais ir tekst\u016bromis pavir\u0161iuje, saugus, neslidus, atsparus vandeniui ir ner\u016bdijantis; Eleganti\u0161kas ir tekst\u016bruotas pavir\u0161ius pasi\u017eymi prabangiu temperamentu. \u0160i vyri\u0161ka plauk\u0173 kirpimo ma\u0161in\u0117l\u0117 yra geriausia dovana vyrams, vyrui, draugams ir t\u0117\u010diui Nauj\u0173j\u0173 met\u0173, Kal\u0117d\u0173, gimtadienio, Valentino ir T\u0117vo dienos proga.<\/li>\n<li>Vandeniui ir r\u016bdijimui atspari\u0105 ner\u016bdijan\u010dio plieno 0 mm barzdos \u017eirkl\u0117s pjovimo galvut\u0119 lengva valyti tiesiog laikant pjovimo galvut\u0119 po tekan\u010diu vandeniu. Reguliarus tepalo naudojimas gali pailginti tarnavimo laik\u0105.<\/li>\n<\/ul>","protected":false},"featured_media":33131,"comment_status":"open","ping_status":"closed","template":"","meta":{"inline_featured_image":false},"product_cat":[336],"product_tag":[],"class_list":["post-33130","product","type-product","status-publish","has-post-thumbnail","hentry","product_brand-mekeco","product_cat-technika"],"acf":[],"yoast_head":"<!-- This site is optimized with the Yoast SEO Premium plugin v21.8 (Yoast SEO v21.8) - https:\/\/yoast.com\/wordpress\/plugins\/seo\/ -->\n<title>Mekeco Professional Vintage Barzdaskut\u0117<\/title>\n<meta name=\"robots\" content=\"index, follow, max-snippet:-1, max-image-preview:large, max-video-preview:-1\" \/>\n<link rel=\"canonical\" href=\"https:\/\/allstarretro.com\/de\/parduotuve\/technik\/mekeco-professional-vintage-barzdaskute\/\" \/>\n<meta property=\"og:locale\" content=\"de_DE\" \/>\n<meta property=\"og:type\" content=\"article\" \/>\n<meta property=\"og:title\" content=\"Mekeco Professional Vintage Barzdaskut\u0117\" \/>\n<meta property=\"og:description\" content=\"APIE BARZDASKUTE Mekeco Professional Vintage Barzdaskut\u0117. T formos a\u0161men\u0173 kirptuvas, profesionali kont\u016bro plauk\u0173 kirpimo ma\u0161in\u0117l\u0117 su savaime galandan\u010diais ir tiksliai \u0161lifuojan\u010diais peiliukais, a\u0161tresniais u\u017e plien\u0105 ir ilgesn\u012f tarnavimo laik\u0105. R formos apvalus peiliukas \u0161velniai lie\u010diasi su oda, kad b\u016bt\u0173 i\u0161vengta atsitiktinio odos pavir\u0161iaus pa\u017eeidimo, o tai naudinga alyvos galvutei. 1 peilio galvut\u0117s apsauga ir 1 ekscentrinio veleno apsauginis dangtelis gali pad\u0117ti gerai apsaugoti pjaustytuv\u0105. \u0160iame t a\u0161meniniame barzdaskutei yra 1400 mAh baterija. J\u012f galite \u012fkrauti naudodami bet kur\u012f USB prievad\u0105, pvz., kompiuter\u012f, maitinimo blok\u0105 ir pan. Po 2 valand\u0173 \u012fkrovimo kont\u016bro plauk\u0173 kirpimo ma\u0161in\u0117l\u0117 gali b\u016bti naudojama ilgiau nei 150 minu\u010di\u0173. Ne\u0161iojamas dydis su ilga baterija, tinkamas naudoti namuose ir kelion\u0117se. MEKECO RPIVALUMAI   I\u0161manusis LCD ekranas. I\u0161samesn\u0117 profesionali plauk\u0173 kirpimo ma\u0161in\u0117l\u0117 su itin ai\u0161kiu, i\u0161maniuoju LCD ekranu gali rodyti likusi\u0105 gali\u0105 realiuoju laiku ir laiku pateikti priminimus apie \u012fkrovim\u0105, kad kirpimas b\u016bt\u0173 puikus.  Galingas variklis ir USB greitas \u012fkrovimas. Galingas 10 W variklis u\u017etikrina skland\u0173 ir lengv\u0105 pjovim\u0105 akimirksniu. Visi\u0161kai \u012fkraut\u0105 kont\u016bro pjaustytuv\u0105 galima naudoti apie 150 minu\u010di\u0173. Lengvas ir greitas \u012fkrovimas, galima prijungti C tipo \u012fkrovimo prievad\u0105, USB adapter\u012f, ne\u0161iojam\u0105j\u012f kompiuter\u012f, automobilin\u012f \u012fkrovikl\u012f, maitinimo blok\u0105 ir kitus USB maitinamus \u012frenginius, puikiai tinkan\u010dius kelion\u0117ms. Prie\u0161 naudodami pirm\u0105 kart\u0105, visi\u0161kai \u012fkraukite.  Daugiafunkcinis prie\u017ei\u016bros rinkinys vyrams: yra 3 standartin\u0117s \u0161ukos, kuri\u0173 ilgis yra 2\/3\/4 mm, 1 x valymo \u0161epetys, 1 x USB laidas. Galite pasirinkti ribines \u0161ukas pagal savo stiliaus poreikius, kad sukurtum\u0117te savo m\u0117gstam\u0105 i\u0161vaizd\u0105. Barzdos \u017eirkl\u0117s barzdos kirpimo ma\u0161in\u0117l\u0117, barzda ir net k\u016bno plaukai. Tinka ne tik vyrams, bet ir vaikams bei augintiniams.  Visi\u0161kai metalinio korpuso dizainas su retro ra\u0161tais ir tekst\u016bromis pavir\u0161iuje, saugus, neslidus, atsparus vandeniui ir ner\u016bdijantis; Eleganti\u0161kas ir tekst\u016bruotas pavir\u0161ius pasi\u017eymi prabangiu temperamentu. \u0160i vyri\u0161ka plauk\u0173 kirpimo ma\u0161in\u0117l\u0117 yra geriausia dovana vyrams, vyrui, draugams ir t\u0117\u010diui Nauj\u0173j\u0173 met\u0173, Kal\u0117d\u0173, gimtadienio, Valentino ir T\u0117vo dienos proga.  Vandeniui ir r\u016bdijimui atspari\u0105 ner\u016bdijan\u010dio plieno 0 mm barzdos \u017eirkl\u0117s pjovimo galvut\u0119 lengva valyti tiesiog laikant pjovimo galvut\u0119 po tekan\u010diu vandeniu. Reguliarus tepalo naudojimas gali pailginti tarnavimo laik\u0105.\" \/>\n<meta property=\"og:url\" content=\"https:\/\/allstarretro.com\/de\/parduotuve\/technik\/mekeco-professional-vintage-barzdaskute\/\" \/>\n<meta property=\"og:site_name\" content=\"AllStarRetro\" \/>\n<meta property=\"article:publisher\" content=\"https:\/\/www.facebook.com\/allstarretroLTU\" \/>\n<meta property=\"article:modified_time\" content=\"2025-01-31T10:27:38+00:00\" \/>\n<meta property=\"og:image\" content=\"https:\/\/allstarretro.com\/wp-content\/uploads\/2025\/01\/Mekeco-Professional-Vintage-Barzdaskute.webp\" \/>\n\t<meta property=\"og:image:width\" content=\"1080\" \/>\n\t<meta property=\"og:image:height\" content=\"1080\" \/>\n\t<meta property=\"og:image:type\" content=\"image\/webp\" \/>\n<meta name=\"twitter:card\" content=\"summary_large_image\" \/>\n<meta name=\"twitter:site\" content=\"@allstarretroLTU\" \/>\n<meta name=\"twitter:label1\" content=\"Preis\" \/>\n\t<meta name=\"twitter:data1\" content=\"69.99&euro;\" \/>\n\t<meta name=\"twitter:label2\" content=\"Availability\" \/>\n\t<meta name=\"twitter:data2\" content=\"In stock\" \/>\n<script type=\"application\/ld+json\" class=\"yoast-schema-graph\">{\"@context\":\"https:\/\/schema.org\",\"@graph\":[{\"@type\":[\"WebPage\",\"ItemPage\"],\"@id\":\"https:\/\/allstarretro.com\/parduotuve\/technika\/mekeco-professional-vintage-barzdaskute\/\",\"url\":\"https:\/\/allstarretro.com\/parduotuve\/technika\/mekeco-professional-vintage-barzdaskute\/\",\"name\":\"Mekeco Professional Vintage Barzdaskut\u0117\",\"isPartOf\":{\"@id\":\"https:\/\/allstarretro.com\/#website\"},\"datePublished\":\"2023-10-31T10:19:49+00:00\",\"dateModified\":\"2025-01-31T10:27:38+00:00\",\"breadcrumb\":{\"@id\":\"https:\/\/allstarretro.com\/parduotuve\/technika\/mekeco-professional-vintage-barzdaskute\/#breadcrumb\"},\"inLanguage\":\"de\",\"potentialAction\":[{\"@type\":\"ReadAction\",\"target\":[\"https:\/\/allstarretro.com\/parduotuve\/technika\/mekeco-professional-vintage-barzdaskute\/\"]}]},{\"@type\":\"BreadcrumbList\",\"@id\":\"https:\/\/allstarretro.com\/parduotuve\/technika\/mekeco-professional-vintage-barzdaskute\/#breadcrumb\",\"itemListElement\":[{\"@type\":\"ListItem\",\"position\":1,\"name\":\"Home\",\"item\":\"https:\/\/allstarretro.com\/\"},{\"@type\":\"ListItem\",\"position\":2,\"name\":\"Retro Stiliaus Nostalgijos Ir Vinta\u017eo Parduotuv\u0117\",\"item\":\"https:\/\/allstarretro.com\/parduotuve\/\"},{\"@type\":\"ListItem\",\"position\":3,\"name\":\"Mekeco Professional Vintage Barzdaskut\u0117\"}]},{\"@type\":\"WebSite\",\"@id\":\"https:\/\/allstarretro.com\/#website\",\"url\":\"https:\/\/allstarretro.com\/\",\"name\":\"AllStarRetro\",\"description\":\"Retro Laikotarpio Stiliaus Produktai | AllStarRetro\",\"publisher\":{\"@id\":\"https:\/\/allstarretro.com\/#organization\"},\"alternateName\":\"AllStarRetro\",\"potentialAction\":[{\"@type\":\"SearchAction\",\"target\":{\"@type\":\"EntryPoint\",\"urlTemplate\":\"https:\/\/allstarretro.com\/?s={search_term_string}\"},\"query-input\":\"required name=search_term_string\"}],\"inLanguage\":\"de\"},{\"@type\":[\"Organization\",\"Place\",\"Store\"],\"@id\":\"https:\/\/allstarretro.com\/#organization\",\"name\":\"AllStarRetro\",\"alternateName\":\"AllStarRetro\",\"url\":\"https:\/\/allstarretro.com\/\",\"logo\":{\"@id\":\"https:\/\/allstarretro.com\/parduotuve\/technika\/mekeco-professional-vintage-barzdaskute\/#local-main-organization-logo\"},\"image\":{\"@id\":\"https:\/\/allstarretro.com\/parduotuve\/technika\/mekeco-professional-vintage-barzdaskute\/#local-main-organization-logo\"},\"sameAs\":[\"https:\/\/www.facebook.com\/allstarretroLTU\",\"https:\/\/twitter.com\/allstarretroLTU\"],\"publishingPrinciples\":\"https:\/\/allstarretro.com\/\",\"ownershipFundingInfo\":\"https:\/\/allstarretro.com\/teises-ir-isipareigojimai\/\",\"actionableFeedbackPolicy\":\"https:\/\/allstarretro.com\/privatumo-politika\/\",\"correctionsPolicy\":\"https:\/\/allstarretro.com\/pristatymas-ir-taisykles\/\",\"ethicsPolicy\":\"https:\/\/allstarretro.com\/teises-ir-isipareigojimai\/\",\"diversityPolicy\":\"https:\/\/allstarretro.com\/privatumo-politika\/\",\"diversityStaffingReport\":\"https:\/\/allstarretro.com\/privatumo-politika\/\",\"address\":{\"@id\":\"https:\/\/allstarretro.com\/parduotuve\/technika\/mekeco-professional-vintage-barzdaskute\/#local-main-place-address\"},\"geo\":{\"@type\":\"GeoCoordinates\",\"latitude\":\"54.8733071\",\"longitude\":\"23.9494226\"},\"telephone\":[\"+37068673611\"],\"openingHoursSpecification\":[{\"@type\":\"OpeningHoursSpecification\",\"dayOfWeek\":[\"Monday\",\"Tuesday\",\"Wednesday\",\"Thursday\",\"Friday\",\"Saturday\",\"Sunday\"],\"opens\":\"09:00\",\"closes\":\"17:00\"}],\"email\":\"info@allstarretro.com\",\"areaServed\":\"Lithuania\",\"vatID\":\"LT100013495416\",\"priceRange\":\"$$\",\"currenciesAccepted\":\"Euras\",\"paymentAccepted\":\"Visa, mastercard\"},{\"@type\":\"PostalAddress\",\"@id\":\"https:\/\/allstarretro.com\/parduotuve\/technika\/mekeco-professional-vintage-barzdaskute\/#local-main-place-address\",\"streetAddress\":\"L.Ivinskio 18a\",\"addressLocality\":\"Kaunas\",\"postalCode\":\"45151\",\"addressRegion\":\"Kaunas\",\"addressCountry\":\"LT\"},{\"@type\":\"ImageObject\",\"inLanguage\":\"de\",\"@id\":\"https:\/\/allstarretro.com\/parduotuve\/technika\/mekeco-professional-vintage-barzdaskute\/#local-main-organization-logo\",\"url\":\"https:\/\/allstarretro.com\/wp-content\/uploads\/2025\/01\/allstarretro-mini-logo.webp\",\"contentUrl\":\"https:\/\/allstarretro.com\/wp-content\/uploads\/2025\/01\/allstarretro-mini-logo.webp\",\"width\":130,\"height\":130,\"caption\":\"AllStarRetro\"}]}<\/script>\n<meta name=\"geo.placename\" content=\"Kaunas\" \/>\n<meta name=\"geo.position\" content=\"54.8733071;23.9494226\" \/>\n<meta name=\"geo.region\" content=\"Litauen\" \/>\n<!-- \/ Yoast SEO Premium plugin. -->","yoast_head_json":{"title":"Mekeco Professionelle Vintage Rasiermesser","robots":{"index":"index","follow":"follow","max-snippet":"max-snippet:-1","max-image-preview":"max-image-preview:large","max-video-preview":"max-video-preview:-1"},"canonical":"https:\/\/allstarretro.com\/de\/parduotuve\/technik\/mekeco-professional-vintage-barzdaskute\/","og_locale":"de_DE","og_type":"article","og_title":"Mekeco Professional Vintage Barzdaskut\u0117","og_description":"APIE BARZDASKUTE Mekeco Professional Vintage Barzdaskut\u0117. T formos a\u0161men\u0173 kirptuvas, profesionali kont\u016bro plauk\u0173 kirpimo ma\u0161in\u0117l\u0117 su savaime galandan\u010diais ir tiksliai \u0161lifuojan\u010diais peiliukais, a\u0161tresniais u\u017e plien\u0105 ir ilgesn\u012f tarnavimo laik\u0105. R formos apvalus peiliukas \u0161velniai lie\u010diasi su oda, kad b\u016bt\u0173 i\u0161vengta atsitiktinio odos pavir\u0161iaus pa\u017eeidimo, o tai naudinga alyvos galvutei. 1 peilio galvut\u0117s apsauga ir 1 ekscentrinio veleno apsauginis dangtelis gali pad\u0117ti gerai apsaugoti pjaustytuv\u0105. \u0160iame t a\u0161meniniame barzdaskutei yra 1400 mAh baterija. J\u012f galite \u012fkrauti naudodami bet kur\u012f USB prievad\u0105, pvz., kompiuter\u012f, maitinimo blok\u0105 ir pan. Po 2 valand\u0173 \u012fkrovimo kont\u016bro plauk\u0173 kirpimo ma\u0161in\u0117l\u0117 gali b\u016bti naudojama ilgiau nei 150 minu\u010di\u0173. Ne\u0161iojamas dydis su ilga baterija, tinkamas naudoti namuose ir kelion\u0117se. MEKECO RPIVALUMAI   I\u0161manusis LCD ekranas. I\u0161samesn\u0117 profesionali plauk\u0173 kirpimo ma\u0161in\u0117l\u0117 su itin ai\u0161kiu, i\u0161maniuoju LCD ekranu gali rodyti likusi\u0105 gali\u0105 realiuoju laiku ir laiku pateikti priminimus apie \u012fkrovim\u0105, kad kirpimas b\u016bt\u0173 puikus.  Galingas variklis ir USB greitas \u012fkrovimas. Galingas 10 W variklis u\u017etikrina skland\u0173 ir lengv\u0105 pjovim\u0105 akimirksniu. Visi\u0161kai \u012fkraut\u0105 kont\u016bro pjaustytuv\u0105 galima naudoti apie 150 minu\u010di\u0173. Lengvas ir greitas \u012fkrovimas, galima prijungti C tipo \u012fkrovimo prievad\u0105, USB adapter\u012f, ne\u0161iojam\u0105j\u012f kompiuter\u012f, automobilin\u012f \u012fkrovikl\u012f, maitinimo blok\u0105 ir kitus USB maitinamus \u012frenginius, puikiai tinkan\u010dius kelion\u0117ms. Prie\u0161 naudodami pirm\u0105 kart\u0105, visi\u0161kai \u012fkraukite.  Daugiafunkcinis prie\u017ei\u016bros rinkinys vyrams: yra 3 standartin\u0117s \u0161ukos, kuri\u0173 ilgis yra 2\/3\/4 mm, 1 x valymo \u0161epetys, 1 x USB laidas. Galite pasirinkti ribines \u0161ukas pagal savo stiliaus poreikius, kad sukurtum\u0117te savo m\u0117gstam\u0105 i\u0161vaizd\u0105. Barzdos \u017eirkl\u0117s barzdos kirpimo ma\u0161in\u0117l\u0117, barzda ir net k\u016bno plaukai. Tinka ne tik vyrams, bet ir vaikams bei augintiniams.  Visi\u0161kai metalinio korpuso dizainas su retro ra\u0161tais ir tekst\u016bromis pavir\u0161iuje, saugus, neslidus, atsparus vandeniui ir ner\u016bdijantis; Eleganti\u0161kas ir tekst\u016bruotas pavir\u0161ius pasi\u017eymi prabangiu temperamentu. \u0160i vyri\u0161ka plauk\u0173 kirpimo ma\u0161in\u0117l\u0117 yra geriausia dovana vyrams, vyrui, draugams ir t\u0117\u010diui Nauj\u0173j\u0173 met\u0173, Kal\u0117d\u0173, gimtadienio, Valentino ir T\u0117vo dienos proga.  Vandeniui ir r\u016bdijimui atspari\u0105 ner\u016bdijan\u010dio plieno 0 mm barzdos \u017eirkl\u0117s pjovimo galvut\u0119 lengva valyti tiesiog laikant pjovimo galvut\u0119 po tekan\u010diu vandeniu. Reguliarus tepalo naudojimas gali pailginti tarnavimo laik\u0105.","og_url":"https:\/\/allstarretro.com\/de\/parduotuve\/technik\/mekeco-professional-vintage-barzdaskute\/","og_site_name":"AllStarRetro","article_publisher":"https:\/\/www.facebook.com\/allstarretroLTU","article_modified_time":"2025-01-31T10:27:38+00:00","og_image":[{"width":1080,"height":1080,"url":"https:\/\/allstarretro.com\/wp-content\/uploads\/2025\/01\/Mekeco-Professional-Vintage-Barzdaskute.webp","type":"image\/webp"}],"twitter_card":"summary_large_image","twitter_site":"@allstarretroLTU","twitter_misc":{"Preis":"69.99&euro;","Availability":"In stock"},"schema":{"@context":"https:\/\/schema.org","@graph":[{"@type":["WebPage","ItemPage"],"@id":"https:\/\/allstarretro.com\/parduotuve\/technika\/mekeco-professional-vintage-barzdaskute\/","url":"https:\/\/allstarretro.com\/parduotuve\/technika\/mekeco-professional-vintage-barzdaskute\/","name":"Mekeco Professionelle Vintage Rasiermesser","isPartOf":{"@id":"https:\/\/allstarretro.com\/#website"},"datePublished":"2023-10-31T10:19:49+00:00","dateModified":"2025-01-31T10:27:38+00:00","breadcrumb":{"@id":"https:\/\/allstarretro.com\/parduotuve\/technika\/mekeco-professional-vintage-barzdaskute\/#breadcrumb"},"inLanguage":"de","potentialAction":[{"@type":"ReadAction","target":["https:\/\/allstarretro.com\/parduotuve\/technika\/mekeco-professional-vintage-barzdaskute\/"]}]},{"@type":"BreadcrumbList","@id":"https:\/\/allstarretro.com\/parduotuve\/technika\/mekeco-professional-vintage-barzdaskute\/#breadcrumb","itemListElement":[{"@type":"ListItem","position":1,"name":"Home","item":"https:\/\/allstarretro.com\/"},{"@type":"ListItem","position":2,"name":"Retro Stiliaus Nostalgijos Ir Vinta\u017eo Parduotuv\u0117","item":"https:\/\/allstarretro.com\/parduotuve\/"},{"@type":"ListItem","position":3,"name":"Mekeco Professional Vintage Barzdaskut\u0117"}]},{"@type":"WebSite","@id":"https:\/\/allstarretro.com\/#website","url":"https:\/\/allstarretro.com\/","name":"AllStarRetro","description":"Retro-Badezimmer-Produkte im Stil | AllStarRetro","publisher":{"@id":"https:\/\/allstarretro.com\/#organization"},"alternateName":"AllStarRetro","potentialAction":[{"@type":"SearchAction","target":{"@type":"EntryPoint","urlTemplate":"https:\/\/allstarretro.com\/?s={search_term_string}"},"query-input":"required name=search_term_string"}],"inLanguage":"de"},{"@type":["Organization","Place","Store"],"@id":"https:\/\/allstarretro.com\/#organization","name":"AllStarRetro","alternateName":"AllStarRetro","url":"https:\/\/allstarretro.com\/","logo":{"@id":"https:\/\/allstarretro.com\/parduotuve\/technika\/mekeco-professional-vintage-barzdaskute\/#local-main-organization-logo"},"image":{"@id":"https:\/\/allstarretro.com\/parduotuve\/technika\/mekeco-professional-vintage-barzdaskute\/#local-main-organization-logo"},"sameAs":["https:\/\/www.facebook.com\/allstarretroLTU","https:\/\/twitter.com\/allstarretroLTU"],"publishingPrinciples":"https:\/\/allstarretro.com\/","ownershipFundingInfo":"https:\/\/allstarretro.com\/teises-ir-isipareigojimai\/","actionableFeedbackPolicy":"https:\/\/allstarretro.com\/privatumo-politika\/","correctionsPolicy":"https:\/\/allstarretro.com\/pristatymas-ir-taisykles\/","ethicsPolicy":"https:\/\/allstarretro.com\/teises-ir-isipareigojimai\/","diversityPolicy":"https:\/\/allstarretro.com\/privatumo-politika\/","diversityStaffingReport":"https:\/\/allstarretro.com\/privatumo-politika\/","address":{"@id":"https:\/\/allstarretro.com\/parduotuve\/technika\/mekeco-professional-vintage-barzdaskute\/#local-main-place-address"},"geo":{"@type":"GeoCoordinates","latitude":"54.8733071","longitude":"23.9494226"},"telephone":["+37068673611"],"openingHoursSpecification":[{"@type":"OpeningHoursSpecification","dayOfWeek":["Monday","Tuesday","Wednesday","Thursday","Friday","Saturday","Sunday"],"opens":"09:00","closes":"17:00"}],"email":"info@allstarretro.com","areaServed":"Lithuania","vatID":"LT100013495416","priceRange":"$$","currenciesAccepted":"Euras","paymentAccepted":"Visa, mastercard"},{"@type":"PostalAddress","@id":"https:\/\/allstarretro.com\/parduotuve\/technika\/mekeco-professional-vintage-barzdaskute\/#local-main-place-address","streetAddress":"L.Ivinskio 18a","addressLocality":"Kaunas","postalCode":"45151","addressRegion":"Kaunas","addressCountry":"LT"},{"@type":"ImageObject","inLanguage":"de","@id":"https:\/\/allstarretro.com\/parduotuve\/technika\/mekeco-professional-vintage-barzdaskute\/#local-main-organization-logo","url":"https:\/\/allstarretro.com\/wp-content\/uploads\/2025\/01\/allstarretro-mini-logo.webp","contentUrl":"https:\/\/allstarretro.com\/wp-content\/uploads\/2025\/01\/allstarretro-mini-logo.webp","width":130,"height":130,"caption":"AllStarRetro"}]},"geo.placename":"Kaunas","geo.position":{"lat":"54.8733071","long":"23.9494226"},"geo.region":"Litauen"},"_links":{"self":[{"href":"https:\/\/allstarretro.com\/de\/wp-json\/wp\/v2\/product\/33130"}],"collection":[{"href":"https:\/\/allstarretro.com\/de\/wp-json\/wp\/v2\/product"}],"about":[{"href":"https:\/\/allstarretro.com\/de\/wp-json\/wp\/v2\/types\/product"}],"replies":[{"embeddable":true,"href":"https:\/\/allstarretro.com\/de\/wp-json\/wp\/v2\/comments?post=33130"}],"wp:featuredmedia":[{"embeddable":true,"href":"https:\/\/allstarretro.com\/de\/wp-json\/wp\/v2\/media\/33131"}],"wp:attachment":[{"href":"https:\/\/allstarretro.com\/de\/wp-json\/wp\/v2\/media?parent=33130"}],"wp:term":[{"taxonomy":"product_cat","embeddable":true,"href":"https:\/\/allstarretro.com\/de\/wp-json\/wp\/v2\/product_cat?post=33130"},{"taxonomy":"product_tag","embeddable":true,"href":"https:\/\/allstarretro.com\/de\/wp-json\/wp\/v2\/product_tag?post=33130"}],"curies":[{"name":"wp","href":"https:\/\/api.w.org\/{rel}","templated":true}]}}