{"id":33144,"date":"2023-11-04T08:13:53","date_gmt":"2023-11-04T08:13:53","guid":{"rendered":"https:\/\/allstarretro.com\/?post_type=product&#038;p=33144"},"modified":"2025-01-31T10:31:27","modified_gmt":"2025-01-31T10:31:27","slug":"spielzeug4jungen-zuckerguss-susigkeitenmaschine","status":"publish","type":"product","link":"https:\/\/allstarretro.com\/de\/parduotuve\/technika\/virtuve\/toys4boys-cukraus-vatos-gaminimo-masina\/","title":{"rendered":"Toys4Boys Zuckerwatte-Maschine"},"content":{"rendered":"","protected":false},"excerpt":{"rendered":"<h2>BACKMASCHINE<\/h2>\n<p>Toys4Boys Zuckerwatte-Maschine. Wahrscheinlich gibt es niemanden, der keine Zuckerwatte liebt, unabh\u00e4ngig vom Alter, obwohl Kinder die Hauptfans dieser Leckerei sind. Das mag daran liegen, dass wir tats\u00e4chlich nur sehr wenige M\u00f6glichkeiten haben, echte, leckere Zuckerwatte zu essen. Vergebens suchen Sie sie in Ihrer Lieblingsb\u00e4ckerei oder in Superm\u00e4rkten. Zuckerwatte gibt es nur, wenn der Zirkus oder eine Vergn\u00fcgungsmesse in die Stadt kommt. Was w\u00e4re, wenn Sie selbst Zuckerwatte herstellen k\u00f6nnten, wann immer Sie wollen? Wir haben an diejenigen gedacht, die Zuckerwatte lieben, und sie k\u00f6nnen jetzt mit der Cutton Candy Maker Maschine jede Menge herstellen!<\/p>\n<h2>Vorteile von Rohrzucker<\/h2>\n<ul>\n<li>Leckere S\u00fc\u00dfigkeiten, hausgemacht.<\/li>\n<li>Ein Design, direkt aus dem Vergn\u00fcgungspark.<\/li>\n<li>450-500W, 220V, 50Hz.<\/li>\n<li>F\u00fcr den Hausgebrauch.<\/li>\n<li>Leicht zu reinigen.<\/li>\n<li>Kombinierte Zucker-Messbecher und 10 St\u00fcck St\u00e4bchen.<\/li>\n<\/ul>\n<p>Der Zuckerwattemaschine ist ein einzigartiges Ger\u00e4t, mit dem Sie Ihre eigene Zuckerwatte herstellen k\u00f6nnen! Sie m\u00fcssen nur die richtige Menge Zucker hineingeben und nach wenigen Minuten k\u00f6nnen Sie sich \u00fcber frische Zuckerwatte freuen. Die Zuckerwattemaschine ist perfekt f\u00fcr die Geburtstage Ihrer Kinder, aber auch f\u00fcr Ihre Partys \u2013 denn sinnliche G\u00e4ste werden sich an unbeschwerte Kindheitsjahre mit Zuckerwatte im Hintergrund erinnern. Das Ger\u00e4t selbst ist einfach zu bedienen und sehr leicht zu reinigen.<\/p>","protected":false},"featured_media":33145,"comment_status":"open","ping_status":"closed","template":"","meta":{"inline_featured_image":false},"product_cat":[336,338],"product_tag":[],"class_list":["post-33144","product","type-product","status-publish","has-post-thumbnail","hentry","product_brand-toys4boys","product_cat-technika","product_cat-virtuve"],"acf":[],"yoast_head":"<!-- This site is optimized with the Yoast SEO Premium plugin v21.8 (Yoast SEO v21.8) - https:\/\/yoast.com\/wordpress\/plugins\/seo\/ -->\n<title>Toys4Boys Cukraus Vatos Gaminimo Ma\u0161ina<\/title>\n<meta name=\"robots\" content=\"index, follow, max-snippet:-1, max-image-preview:large, max-video-preview:-1\" \/>\n<link rel=\"canonical\" href=\"https:\/\/allstarretro.com\/de\/parduotuve\/technik\/kuche\/spielzeug4jungen-zuckerguss-susigkeitenmaschine\/\" \/>\n<meta property=\"og:locale\" content=\"de_DE\" \/>\n<meta property=\"og:type\" content=\"article\" \/>\n<meta property=\"og:title\" content=\"Toys4Boys Cukraus Vatos Gaminimo Ma\u0161ina\" \/>\n<meta property=\"og:description\" content=\"APIE GAMINIMO MA\u0160IN\u0104 Toys4Boys Cukraus Vatos Gaminimo Ma\u0161ina. Turb\u016bt n\u0117ra \u017emogaus, kuris nem\u0117gt\u0173 cukraus vatos, nepaisant am\u017eiaus, nors vaikai yra pagrindiniai \u0161io skan\u0117sto gerb\u0117jai. Taip gali b\u016bti tod\u0117l, kad i\u0161 tikr\u0173j\u0173 turime labai ma\u017eai galimybi\u0173 valgyti tikr\u0105, skan\u0173 cukraus vat\u0105. Veltui jo ie\u0161kote m\u0117gstamoje konditerijos parduotuv\u0117se ar prekybos centruose. Cukraus vata yra prieinama tik tada, kai \u012f miest\u0105 atvyksta cirkas ar pramog\u0173 mug\u0117. O kas, jei gal\u0117tum\u0117te patys pasigaminti cukraus vatos, kai tik panor\u0117site? Pagalvojome apie tuos, kurie m\u0117gsta cukraus vat\u0105 ir dabar gal\u0117s pagaminti bet kok\u012f kiek\u012f su Cutton Candy Maker aparatu! CUKRAUS VATOS PRIVALUMAI   Skan\u016bs saldainiai, pagaminti namuose.  Dizainas tiesiai i\u0161 atrakcion\u0173 parko.  450-500W, 220V, 50Hz.  Naudojimui namuose.  Lengva valyti.  Komplekte cukraus matavimo taurel\u0117 ir 10 vnt. lazdeli\u0173.  Cukraus vatos aparatas yra unikalus prietaisas, kuris leis jums patiems pasigaminti cukraus vatos! Tereikia \u012f j\u012f \u012fberti reikiam\u0105 kiek\u012f cukraus, kad po keli\u0173 minu\u010di\u0173 d\u017eiaugtum\u0117t\u0117s \u0161vie\u017eia cukraus vata. Cukraus vatos aparatas puikiai tiks j\u016bs\u0173 vaik\u0173 gimtadieniams, bet ir j\u016bs\u0173 vakar\u0117liams \u2013 nes jausmingi sve\u010diai prisimins ner\u016bpestingus vaikyst\u0117s metus su cukraus vata fone. Pats prietaisas yra paprastas naudoti ir labai lengvai valomas.\" \/>\n<meta property=\"og:url\" content=\"https:\/\/allstarretro.com\/de\/parduotuve\/technik\/kuche\/spielzeug4jungen-zuckerguss-susigkeitenmaschine\/\" \/>\n<meta property=\"og:site_name\" content=\"AllStarRetro\" \/>\n<meta property=\"article:publisher\" content=\"https:\/\/www.facebook.com\/allstarretroLTU\" \/>\n<meta property=\"article:modified_time\" content=\"2025-01-31T10:31:27+00:00\" \/>\n<meta property=\"og:image\" content=\"https:\/\/allstarretro.com\/wp-content\/uploads\/2025\/01\/Toys4Boys-Cukraus-Vatos-Gaminimo-Masina-allstarretro.com-2.webp\" \/>\n\t<meta property=\"og:image:width\" content=\"1080\" \/>\n\t<meta property=\"og:image:height\" content=\"1080\" \/>\n\t<meta property=\"og:image:type\" content=\"image\/webp\" \/>\n<meta name=\"twitter:card\" content=\"summary_large_image\" \/>\n<meta name=\"twitter:site\" content=\"@allstarretroLTU\" \/>\n<meta name=\"twitter:label1\" content=\"Preis\" \/>\n\t<meta name=\"twitter:data1\" content=\"64.99&euro;\" \/>\n\t<meta name=\"twitter:label2\" content=\"Availability\" \/>\n\t<meta name=\"twitter:data2\" content=\"In stock\" \/>\n<script type=\"application\/ld+json\" class=\"yoast-schema-graph\">{\"@context\":\"https:\/\/schema.org\",\"@graph\":[{\"@type\":[\"WebPage\",\"ItemPage\"],\"@id\":\"https:\/\/allstarretro.com\/parduotuve\/technika\/virtuve\/toys4boys-cukraus-vatos-gaminimo-masina\/\",\"url\":\"https:\/\/allstarretro.com\/parduotuve\/technika\/virtuve\/toys4boys-cukraus-vatos-gaminimo-masina\/\",\"name\":\"Toys4Boys Cukraus Vatos Gaminimo Ma\u0161ina\",\"isPartOf\":{\"@id\":\"https:\/\/allstarretro.com\/#website\"},\"datePublished\":\"2023-11-04T08:13:53+00:00\",\"dateModified\":\"2025-01-31T10:31:27+00:00\",\"breadcrumb\":{\"@id\":\"https:\/\/allstarretro.com\/parduotuve\/technika\/virtuve\/toys4boys-cukraus-vatos-gaminimo-masina\/#breadcrumb\"},\"inLanguage\":\"de\",\"potentialAction\":[{\"@type\":\"ReadAction\",\"target\":[\"https:\/\/allstarretro.com\/parduotuve\/technika\/virtuve\/toys4boys-cukraus-vatos-gaminimo-masina\/\"]}]},{\"@type\":\"BreadcrumbList\",\"@id\":\"https:\/\/allstarretro.com\/parduotuve\/technika\/virtuve\/toys4boys-cukraus-vatos-gaminimo-masina\/#breadcrumb\",\"itemListElement\":[{\"@type\":\"ListItem\",\"position\":1,\"name\":\"Home\",\"item\":\"https:\/\/allstarretro.com\/\"},{\"@type\":\"ListItem\",\"position\":2,\"name\":\"Retro Stiliaus Nostalgijos Ir Vinta\u017eo Parduotuv\u0117\",\"item\":\"https:\/\/allstarretro.com\/parduotuve\/\"},{\"@type\":\"ListItem\",\"position\":3,\"name\":\"Toys4Boys Cukraus Vatos Gaminimo Ma\u0161ina\"}]},{\"@type\":\"WebSite\",\"@id\":\"https:\/\/allstarretro.com\/#website\",\"url\":\"https:\/\/allstarretro.com\/\",\"name\":\"AllStarRetro\",\"description\":\"Retro Laikotarpio Stiliaus Produktai | AllStarRetro\",\"publisher\":{\"@id\":\"https:\/\/allstarretro.com\/#organization\"},\"alternateName\":\"AllStarRetro\",\"potentialAction\":[{\"@type\":\"SearchAction\",\"target\":{\"@type\":\"EntryPoint\",\"urlTemplate\":\"https:\/\/allstarretro.com\/?s={search_term_string}\"},\"query-input\":\"required name=search_term_string\"}],\"inLanguage\":\"de\"},{\"@type\":[\"Organization\",\"Place\",\"Store\"],\"@id\":\"https:\/\/allstarretro.com\/#organization\",\"name\":\"AllStarRetro\",\"alternateName\":\"AllStarRetro\",\"url\":\"https:\/\/allstarretro.com\/\",\"logo\":{\"@id\":\"https:\/\/allstarretro.com\/parduotuve\/technika\/virtuve\/toys4boys-cukraus-vatos-gaminimo-masina\/#local-main-organization-logo\"},\"image\":{\"@id\":\"https:\/\/allstarretro.com\/parduotuve\/technika\/virtuve\/toys4boys-cukraus-vatos-gaminimo-masina\/#local-main-organization-logo\"},\"sameAs\":[\"https:\/\/www.facebook.com\/allstarretroLTU\",\"https:\/\/twitter.com\/allstarretroLTU\"],\"publishingPrinciples\":\"https:\/\/allstarretro.com\/\",\"ownershipFundingInfo\":\"https:\/\/allstarretro.com\/teises-ir-isipareigojimai\/\",\"actionableFeedbackPolicy\":\"https:\/\/allstarretro.com\/privatumo-politika\/\",\"correctionsPolicy\":\"https:\/\/allstarretro.com\/pristatymas-ir-taisykles\/\",\"ethicsPolicy\":\"https:\/\/allstarretro.com\/teises-ir-isipareigojimai\/\",\"diversityPolicy\":\"https:\/\/allstarretro.com\/privatumo-politika\/\",\"diversityStaffingReport\":\"https:\/\/allstarretro.com\/privatumo-politika\/\",\"address\":{\"@id\":\"https:\/\/allstarretro.com\/parduotuve\/technika\/virtuve\/toys4boys-cukraus-vatos-gaminimo-masina\/#local-main-place-address\"},\"geo\":{\"@type\":\"GeoCoordinates\",\"latitude\":\"54.8733071\",\"longitude\":\"23.9494226\"},\"telephone\":[\"+37068673611\"],\"openingHoursSpecification\":[{\"@type\":\"OpeningHoursSpecification\",\"dayOfWeek\":[\"Monday\",\"Tuesday\",\"Wednesday\",\"Thursday\",\"Friday\",\"Saturday\",\"Sunday\"],\"opens\":\"09:00\",\"closes\":\"17:00\"}],\"email\":\"info@allstarretro.com\",\"areaServed\":\"Lithuania\",\"vatID\":\"LT100013495416\",\"priceRange\":\"$$\",\"currenciesAccepted\":\"Euras\",\"paymentAccepted\":\"Visa, mastercard\"},{\"@type\":\"PostalAddress\",\"@id\":\"https:\/\/allstarretro.com\/parduotuve\/technika\/virtuve\/toys4boys-cukraus-vatos-gaminimo-masina\/#local-main-place-address\",\"streetAddress\":\"L.Ivinskio 18a\",\"addressLocality\":\"Kaunas\",\"postalCode\":\"45151\",\"addressRegion\":\"Kaunas\",\"addressCountry\":\"LT\"},{\"@type\":\"ImageObject\",\"inLanguage\":\"de\",\"@id\":\"https:\/\/allstarretro.com\/parduotuve\/technika\/virtuve\/toys4boys-cukraus-vatos-gaminimo-masina\/#local-main-organization-logo\",\"url\":\"https:\/\/allstarretro.com\/wp-content\/uploads\/2025\/01\/allstarretro-mini-logo.webp\",\"contentUrl\":\"https:\/\/allstarretro.com\/wp-content\/uploads\/2025\/01\/allstarretro-mini-logo.webp\",\"width\":130,\"height\":130,\"caption\":\"AllStarRetro\"}]}<\/script>\n<meta name=\"geo.placename\" content=\"Kaunas\" \/>\n<meta name=\"geo.position\" content=\"54.8733071;23.9494226\" \/>\n<meta name=\"geo.region\" content=\"Litauen\" \/>\n<!-- \/ Yoast SEO Premium plugin. -->","yoast_head_json":{"title":"Toys4Boys Zuckerwatte-Maschine","robots":{"index":"index","follow":"follow","max-snippet":"max-snippet:-1","max-image-preview":"max-image-preview:large","max-video-preview":"max-video-preview:-1"},"canonical":"https:\/\/allstarretro.com\/de\/parduotuve\/technik\/kuche\/spielzeug4jungen-zuckerguss-susigkeitenmaschine\/","og_locale":"de_DE","og_type":"article","og_title":"Toys4Boys Cukraus Vatos Gaminimo Ma\u0161ina","og_description":"APIE GAMINIMO MA\u0160IN\u0104 Toys4Boys Cukraus Vatos Gaminimo Ma\u0161ina. Turb\u016bt n\u0117ra \u017emogaus, kuris nem\u0117gt\u0173 cukraus vatos, nepaisant am\u017eiaus, nors vaikai yra pagrindiniai \u0161io skan\u0117sto gerb\u0117jai. Taip gali b\u016bti tod\u0117l, kad i\u0161 tikr\u0173j\u0173 turime labai ma\u017eai galimybi\u0173 valgyti tikr\u0105, skan\u0173 cukraus vat\u0105. Veltui jo ie\u0161kote m\u0117gstamoje konditerijos parduotuv\u0117se ar prekybos centruose. Cukraus vata yra prieinama tik tada, kai \u012f miest\u0105 atvyksta cirkas ar pramog\u0173 mug\u0117. O kas, jei gal\u0117tum\u0117te patys pasigaminti cukraus vatos, kai tik panor\u0117site? Pagalvojome apie tuos, kurie m\u0117gsta cukraus vat\u0105 ir dabar gal\u0117s pagaminti bet kok\u012f kiek\u012f su Cutton Candy Maker aparatu! CUKRAUS VATOS PRIVALUMAI   Skan\u016bs saldainiai, pagaminti namuose.  Dizainas tiesiai i\u0161 atrakcion\u0173 parko.  450-500W, 220V, 50Hz.  Naudojimui namuose.  Lengva valyti.  Komplekte cukraus matavimo taurel\u0117 ir 10 vnt. lazdeli\u0173.  Cukraus vatos aparatas yra unikalus prietaisas, kuris leis jums patiems pasigaminti cukraus vatos! Tereikia \u012f j\u012f \u012fberti reikiam\u0105 kiek\u012f cukraus, kad po keli\u0173 minu\u010di\u0173 d\u017eiaugtum\u0117t\u0117s \u0161vie\u017eia cukraus vata. Cukraus vatos aparatas puikiai tiks j\u016bs\u0173 vaik\u0173 gimtadieniams, bet ir j\u016bs\u0173 vakar\u0117liams \u2013 nes jausmingi sve\u010diai prisimins ner\u016bpestingus vaikyst\u0117s metus su cukraus vata fone. Pats prietaisas yra paprastas naudoti ir labai lengvai valomas.","og_url":"https:\/\/allstarretro.com\/de\/parduotuve\/technik\/kuche\/spielzeug4jungen-zuckerguss-susigkeitenmaschine\/","og_site_name":"AllStarRetro","article_publisher":"https:\/\/www.facebook.com\/allstarretroLTU","article_modified_time":"2025-01-31T10:31:27+00:00","og_image":[{"width":1080,"height":1080,"url":"https:\/\/allstarretro.com\/wp-content\/uploads\/2025\/01\/Toys4Boys-Cukraus-Vatos-Gaminimo-Masina-allstarretro.com-2.webp","type":"image\/webp"}],"twitter_card":"summary_large_image","twitter_site":"@allstarretroLTU","twitter_misc":{"Preis":"64.99&euro;","Availability":"In stock"},"schema":{"@context":"https:\/\/schema.org","@graph":[{"@type":["WebPage","ItemPage"],"@id":"https:\/\/allstarretro.com\/parduotuve\/technika\/virtuve\/toys4boys-cukraus-vatos-gaminimo-masina\/","url":"https:\/\/allstarretro.com\/parduotuve\/technika\/virtuve\/toys4boys-cukraus-vatos-gaminimo-masina\/","name":"Toys4Boys Zuckerwatte-Maschine","isPartOf":{"@id":"https:\/\/allstarretro.com\/#website"},"datePublished":"2023-11-04T08:13:53+00:00","dateModified":"2025-01-31T10:31:27+00:00","breadcrumb":{"@id":"https:\/\/allstarretro.com\/parduotuve\/technika\/virtuve\/toys4boys-cukraus-vatos-gaminimo-masina\/#breadcrumb"},"inLanguage":"de","potentialAction":[{"@type":"ReadAction","target":["https:\/\/allstarretro.com\/parduotuve\/technika\/virtuve\/toys4boys-cukraus-vatos-gaminimo-masina\/"]}]},{"@type":"BreadcrumbList","@id":"https:\/\/allstarretro.com\/parduotuve\/technika\/virtuve\/toys4boys-cukraus-vatos-gaminimo-masina\/#breadcrumb","itemListElement":[{"@type":"ListItem","position":1,"name":"Home","item":"https:\/\/allstarretro.com\/"},{"@type":"ListItem","position":2,"name":"Retro Stiliaus Nostalgijos Ir Vinta\u017eo Parduotuv\u0117","item":"https:\/\/allstarretro.com\/parduotuve\/"},{"@type":"ListItem","position":3,"name":"Toys4Boys Cukraus Vatos Gaminimo Ma\u0161ina"}]},{"@type":"WebSite","@id":"https:\/\/allstarretro.com\/#website","url":"https:\/\/allstarretro.com\/","name":"AllStarRetro","description":"Retro-Badezimmer-Produkte im Stil | AllStarRetro","publisher":{"@id":"https:\/\/allstarretro.com\/#organization"},"alternateName":"AllStarRetro","potentialAction":[{"@type":"SearchAction","target":{"@type":"EntryPoint","urlTemplate":"https:\/\/allstarretro.com\/?s={search_term_string}"},"query-input":"required name=search_term_string"}],"inLanguage":"de"},{"@type":["Organization","Place","Store"],"@id":"https:\/\/allstarretro.com\/#organization","name":"AllStarRetro","alternateName":"AllStarRetro","url":"https:\/\/allstarretro.com\/","logo":{"@id":"https:\/\/allstarretro.com\/parduotuve\/technika\/virtuve\/toys4boys-cukraus-vatos-gaminimo-masina\/#local-main-organization-logo"},"image":{"@id":"https:\/\/allstarretro.com\/parduotuve\/technika\/virtuve\/toys4boys-cukraus-vatos-gaminimo-masina\/#local-main-organization-logo"},"sameAs":["https:\/\/www.facebook.com\/allstarretroLTU","https:\/\/twitter.com\/allstarretroLTU"],"publishingPrinciples":"https:\/\/allstarretro.com\/","ownershipFundingInfo":"https:\/\/allstarretro.com\/teises-ir-isipareigojimai\/","actionableFeedbackPolicy":"https:\/\/allstarretro.com\/privatumo-politika\/","correctionsPolicy":"https:\/\/allstarretro.com\/pristatymas-ir-taisykles\/","ethicsPolicy":"https:\/\/allstarretro.com\/teises-ir-isipareigojimai\/","diversityPolicy":"https:\/\/allstarretro.com\/privatumo-politika\/","diversityStaffingReport":"https:\/\/allstarretro.com\/privatumo-politika\/","address":{"@id":"https:\/\/allstarretro.com\/parduotuve\/technika\/virtuve\/toys4boys-cukraus-vatos-gaminimo-masina\/#local-main-place-address"},"geo":{"@type":"GeoCoordinates","latitude":"54.8733071","longitude":"23.9494226"},"telephone":["+37068673611"],"openingHoursSpecification":[{"@type":"OpeningHoursSpecification","dayOfWeek":["Monday","Tuesday","Wednesday","Thursday","Friday","Saturday","Sunday"],"opens":"09:00","closes":"17:00"}],"email":"info@allstarretro.com","areaServed":"Lithuania","vatID":"LT100013495416","priceRange":"$$","currenciesAccepted":"Euras","paymentAccepted":"Visa, mastercard"},{"@type":"PostalAddress","@id":"https:\/\/allstarretro.com\/parduotuve\/technika\/virtuve\/toys4boys-cukraus-vatos-gaminimo-masina\/#local-main-place-address","streetAddress":"L.Ivinskio 18a","addressLocality":"Kaunas","postalCode":"45151","addressRegion":"Kaunas","addressCountry":"LT"},{"@type":"ImageObject","inLanguage":"de","@id":"https:\/\/allstarretro.com\/parduotuve\/technika\/virtuve\/toys4boys-cukraus-vatos-gaminimo-masina\/#local-main-organization-logo","url":"https:\/\/allstarretro.com\/wp-content\/uploads\/2025\/01\/allstarretro-mini-logo.webp","contentUrl":"https:\/\/allstarretro.com\/wp-content\/uploads\/2025\/01\/allstarretro-mini-logo.webp","width":130,"height":130,"caption":"AllStarRetro"}]},"geo.placename":"Kaunas","geo.position":{"lat":"54.8733071","long":"23.9494226"},"geo.region":"Litauen"},"_links":{"self":[{"href":"https:\/\/allstarretro.com\/de\/wp-json\/wp\/v2\/product\/33144"}],"collection":[{"href":"https:\/\/allstarretro.com\/de\/wp-json\/wp\/v2\/product"}],"about":[{"href":"https:\/\/allstarretro.com\/de\/wp-json\/wp\/v2\/types\/product"}],"replies":[{"embeddable":true,"href":"https:\/\/allstarretro.com\/de\/wp-json\/wp\/v2\/comments?post=33144"}],"wp:featuredmedia":[{"embeddable":true,"href":"https:\/\/allstarretro.com\/de\/wp-json\/wp\/v2\/media\/33145"}],"wp:attachment":[{"href":"https:\/\/allstarretro.com\/de\/wp-json\/wp\/v2\/media?parent=33144"}],"wp:term":[{"taxonomy":"product_cat","embeddable":true,"href":"https:\/\/allstarretro.com\/de\/wp-json\/wp\/v2\/product_cat?post=33144"},{"taxonomy":"product_tag","embeddable":true,"href":"https:\/\/allstarretro.com\/de\/wp-json\/wp\/v2\/product_tag?post=33144"}],"curies":[{"name":"wp","href":"https:\/\/api.w.org\/{rel}","templated":true}]}}