{"id":32904,"date":"2023-10-10T06:19:28","date_gmt":"2023-10-10T06:19:28","guid":{"rendered":"https:\/\/allstarretro.com\/?post_type=product&#038;p=32904"},"modified":"2025-01-31T10:32:31","modified_gmt":"2025-01-31T10:32:31","slug":"thumbs-up-retro-mini-zaidimu-aparatas","status":"publish","type":"product","link":"https:\/\/allstarretro.com\/en\/parduotuve\/zaidimai\/thumbs-up-retro-mini-zaidimu-aparatas\/","title":{"rendered":"Thumbs Up Retro Mini Game Machine"},"content":{"rendered":"","protected":false},"excerpt":{"rendered":"<h2>APIE \u017dAIDIM\u0172 APARAT\u0104<\/h2>\n<p>Thumbs Up &#8211; Retro Mini \u017daidim\u0173 Aparatas. Praleiskite valandas su vaizdo \u017eaidim\u0173 nostalgijos Thumbs Up! \u0160ioje konsol\u0117je yra 240 \u012fdomi\u0173 \u017eaidim\u0173, patobulintas galinis ekrano ap\u0161vietimas, tinkantis tiek \u0161viesiai, tiek silpnai ap\u0161viestai aplinkai.<\/p>\n<h2>KONSOL\u0116S PRIVALUMAI<\/h2>\n<ul>\n<li>Miniati\u016brini\u0173 \u017eaidim\u0173 pasa\u017eas.<\/li>\n<li>Yra 240 8 bit\u0173 vaizdo \u017eaidim\u0173.<\/li>\n<li>2.5 TFT ekranas<\/li>\n<li>Reikalingos 3 x AA baterijos (\u012f komplekt\u0105 ne\u012feina)<\/li>\n<li>Nostalgi\u0161kas arkadinis stilius, kondensuojantis eros nugar\u0105.<\/li>\n<li>\u0160ioje konsol\u0117je yra 240 \u012fdomi\u0173 \u017eaidim\u0173, joje yra patobulinti ekrano galiniai \u017eibintai, tinkantys \u0161viesioje ir blankioje aplinkoje.<\/li>\n<\/ul>","protected":false},"featured_media":32676,"comment_status":"open","ping_status":"closed","template":"","meta":{"inline_featured_image":false},"product_cat":[339],"product_tag":[],"class_list":["post-32904","product","type-product","status-publish","has-post-thumbnail","hentry","product_cat-zaidimai"],"acf":[],"yoast_head":"<!-- This site is optimized with the Yoast SEO Premium plugin v21.8 (Yoast SEO v21.8) - https:\/\/yoast.com\/wordpress\/plugins\/seo\/ -->\n<title>Thumbs Up Retro Mini \u017daidim\u0173 Aparatas<\/title>\n<meta name=\"robots\" content=\"index, follow, max-snippet:-1, max-image-preview:large, max-video-preview:-1\" \/>\n<link rel=\"canonical\" href=\"https:\/\/allstarretro.com\/en\/parduotuve\/games\/thumbs-up-retro-mini-zaidimu-aparatas\/\" \/>\n<meta property=\"og:locale\" content=\"en_US\" \/>\n<meta property=\"og:type\" content=\"article\" \/>\n<meta property=\"og:title\" content=\"Thumbs Up Retro Mini \u017daidim\u0173 Aparatas\" \/>\n<meta property=\"og:description\" content=\"APIE \u017dAIDIM\u0172 APARAT\u0104 Thumbs Up - Retro Mini \u017daidim\u0173 Aparatas. Praleiskite valandas su vaizdo \u017eaidim\u0173 nostalgijos Thumbs Up! \u0160ioje konsol\u0117je yra 240 \u012fdomi\u0173 \u017eaidim\u0173, patobulintas galinis ekrano ap\u0161vietimas, tinkantis tiek \u0161viesiai, tiek silpnai ap\u0161viestai aplinkai. KONSOL\u0116S PRIVALUMAI   Miniati\u016brini\u0173 \u017eaidim\u0173 pasa\u017eas.  Yra 240 8 bit\u0173 vaizdo \u017eaidim\u0173.  2.5 TFT ekranas  Reikalingos 3 x AA baterijos (\u012f komplekt\u0105 ne\u012feina)  Nostalgi\u0161kas arkadinis stilius, kondensuojantis eros nugar\u0105.  \u0160ioje konsol\u0117je yra 240 \u012fdomi\u0173 \u017eaidim\u0173, joje yra patobulinti ekrano galiniai \u017eibintai, tinkantys \u0161viesioje ir blankioje aplinkoje.\" \/>\n<meta property=\"og:url\" content=\"https:\/\/allstarretro.com\/en\/parduotuve\/games\/thumbs-up-retro-mini-zaidimu-aparatas\/\" \/>\n<meta property=\"og:site_name\" content=\"AllStarRetro\" \/>\n<meta property=\"article:publisher\" content=\"https:\/\/www.facebook.com\/allstarretroLTU\" \/>\n<meta property=\"article:modified_time\" content=\"2025-01-31T10:32:31+00:00\" \/>\n<meta property=\"og:image\" content=\"https:\/\/allstarretro.com\/wp-content\/uploads\/2025\/01\/thumbs-up-retro-game-allstarretro.com_.webp\" \/>\n\t<meta property=\"og:image:width\" content=\"1080\" \/>\n\t<meta property=\"og:image:height\" content=\"1080\" \/>\n\t<meta property=\"og:image:type\" content=\"image\/webp\" \/>\n<meta name=\"twitter:card\" content=\"summary_large_image\" \/>\n<meta name=\"twitter:site\" content=\"@allstarretroLTU\" \/>\n<meta name=\"twitter:label1\" content=\"Price\" \/>\n\t<meta name=\"twitter:data1\" content=\"60.00&euro; 49.99&euro;\" \/>\n\t<meta name=\"twitter:label2\" content=\"Availability\" \/>\n\t<meta name=\"twitter:data2\" content=\"In stock\" \/>\n<script type=\"application\/ld+json\" class=\"yoast-schema-graph\">{\"@context\":\"https:\/\/schema.org\",\"@graph\":[{\"@type\":[\"WebPage\",\"ItemPage\"],\"@id\":\"https:\/\/allstarretro.com\/parduotuve\/zaidimai\/thumbs-up-retro-mini-zaidimu-aparatas\/\",\"url\":\"https:\/\/allstarretro.com\/parduotuve\/zaidimai\/thumbs-up-retro-mini-zaidimu-aparatas\/\",\"name\":\"Thumbs Up Retro Mini \u017daidim\u0173 Aparatas\",\"isPartOf\":{\"@id\":\"https:\/\/allstarretro.com\/#website\"},\"datePublished\":\"2023-10-10T06:19:28+00:00\",\"dateModified\":\"2025-01-31T10:32:31+00:00\",\"breadcrumb\":{\"@id\":\"https:\/\/allstarretro.com\/parduotuve\/zaidimai\/thumbs-up-retro-mini-zaidimu-aparatas\/#breadcrumb\"},\"inLanguage\":\"en-US\",\"potentialAction\":[{\"@type\":\"ReadAction\",\"target\":[\"https:\/\/allstarretro.com\/parduotuve\/zaidimai\/thumbs-up-retro-mini-zaidimu-aparatas\/\"]}]},{\"@type\":\"BreadcrumbList\",\"@id\":\"https:\/\/allstarretro.com\/parduotuve\/zaidimai\/thumbs-up-retro-mini-zaidimu-aparatas\/#breadcrumb\",\"itemListElement\":[{\"@type\":\"ListItem\",\"position\":1,\"name\":\"Home\",\"item\":\"https:\/\/allstarretro.com\/\"},{\"@type\":\"ListItem\",\"position\":2,\"name\":\"Retro Stiliaus Nostalgijos Ir Vinta\u017eo Parduotuv\u0117\",\"item\":\"https:\/\/allstarretro.com\/parduotuve\/\"},{\"@type\":\"ListItem\",\"position\":3,\"name\":\"Thumbs Up Retro Mini \u017daidim\u0173 Aparatas\"}]},{\"@type\":\"WebSite\",\"@id\":\"https:\/\/allstarretro.com\/#website\",\"url\":\"https:\/\/allstarretro.com\/\",\"name\":\"AllStarRetro\",\"description\":\"Retro Laikotarpio Stiliaus Produktai | AllStarRetro\",\"publisher\":{\"@id\":\"https:\/\/allstarretro.com\/#organization\"},\"alternateName\":\"AllStarRetro\",\"potentialAction\":[{\"@type\":\"SearchAction\",\"target\":{\"@type\":\"EntryPoint\",\"urlTemplate\":\"https:\/\/allstarretro.com\/?s={search_term_string}\"},\"query-input\":\"required name=search_term_string\"}],\"inLanguage\":\"en-US\"},{\"@type\":[\"Organization\",\"Place\",\"Store\"],\"@id\":\"https:\/\/allstarretro.com\/#organization\",\"name\":\"AllStarRetro\",\"alternateName\":\"AllStarRetro\",\"url\":\"https:\/\/allstarretro.com\/\",\"logo\":{\"@id\":\"https:\/\/allstarretro.com\/parduotuve\/zaidimai\/thumbs-up-retro-mini-zaidimu-aparatas\/#local-main-organization-logo\"},\"image\":{\"@id\":\"https:\/\/allstarretro.com\/parduotuve\/zaidimai\/thumbs-up-retro-mini-zaidimu-aparatas\/#local-main-organization-logo\"},\"sameAs\":[\"https:\/\/www.facebook.com\/allstarretroLTU\",\"https:\/\/twitter.com\/allstarretroLTU\"],\"publishingPrinciples\":\"https:\/\/allstarretro.com\/\",\"ownershipFundingInfo\":\"https:\/\/allstarretro.com\/teises-ir-isipareigojimai\/\",\"actionableFeedbackPolicy\":\"https:\/\/allstarretro.com\/privatumo-politika\/\",\"correctionsPolicy\":\"https:\/\/allstarretro.com\/pristatymas-ir-taisykles\/\",\"ethicsPolicy\":\"https:\/\/allstarretro.com\/teises-ir-isipareigojimai\/\",\"diversityPolicy\":\"https:\/\/allstarretro.com\/privatumo-politika\/\",\"diversityStaffingReport\":\"https:\/\/allstarretro.com\/privatumo-politika\/\",\"address\":{\"@id\":\"https:\/\/allstarretro.com\/parduotuve\/zaidimai\/thumbs-up-retro-mini-zaidimu-aparatas\/#local-main-place-address\"},\"geo\":{\"@type\":\"GeoCoordinates\",\"latitude\":\"54.8733071\",\"longitude\":\"23.9494226\"},\"telephone\":[\"+37068673611\"],\"openingHoursSpecification\":[{\"@type\":\"OpeningHoursSpecification\",\"dayOfWeek\":[\"Monday\",\"Tuesday\",\"Wednesday\",\"Thursday\",\"Friday\",\"Saturday\",\"Sunday\"],\"opens\":\"09:00\",\"closes\":\"17:00\"}],\"email\":\"info@allstarretro.com\",\"areaServed\":\"Lithuania\",\"vatID\":\"LT100013495416\",\"priceRange\":\"$$\",\"currenciesAccepted\":\"Euras\",\"paymentAccepted\":\"Visa, mastercard\"},{\"@type\":\"PostalAddress\",\"@id\":\"https:\/\/allstarretro.com\/parduotuve\/zaidimai\/thumbs-up-retro-mini-zaidimu-aparatas\/#local-main-place-address\",\"streetAddress\":\"L.Ivinskio 18a\",\"addressLocality\":\"Kaunas\",\"postalCode\":\"45151\",\"addressRegion\":\"Kaunas\",\"addressCountry\":\"LT\"},{\"@type\":\"ImageObject\",\"inLanguage\":\"en-US\",\"@id\":\"https:\/\/allstarretro.com\/parduotuve\/zaidimai\/thumbs-up-retro-mini-zaidimu-aparatas\/#local-main-organization-logo\",\"url\":\"https:\/\/allstarretro.com\/wp-content\/uploads\/2025\/01\/allstarretro-mini-logo.webp\",\"contentUrl\":\"https:\/\/allstarretro.com\/wp-content\/uploads\/2025\/01\/allstarretro-mini-logo.webp\",\"width\":130,\"height\":130,\"caption\":\"AllStarRetro\"}]}<\/script>\n<meta name=\"geo.placename\" content=\"Kaunas\" \/>\n<meta name=\"geo.position\" content=\"54.8733071;23.9494226\" \/>\n<meta name=\"geo.region\" content=\"Lithuania\" \/>\n<!-- \/ Yoast SEO Premium plugin. -->","yoast_head_json":{"title":"Thumbs Up Retro Mini Game Machine","robots":{"index":"index","follow":"follow","max-snippet":"max-snippet:-1","max-image-preview":"max-image-preview:large","max-video-preview":"max-video-preview:-1"},"canonical":"https:\/\/allstarretro.com\/en\/parduotuve\/games\/thumbs-up-retro-mini-zaidimu-aparatas\/","og_locale":"en_US","og_type":"article","og_title":"Thumbs Up Retro Mini \u017daidim\u0173 Aparatas","og_description":"APIE \u017dAIDIM\u0172 APARAT\u0104 Thumbs Up - Retro Mini \u017daidim\u0173 Aparatas. Praleiskite valandas su vaizdo \u017eaidim\u0173 nostalgijos Thumbs Up! \u0160ioje konsol\u0117je yra 240 \u012fdomi\u0173 \u017eaidim\u0173, patobulintas galinis ekrano ap\u0161vietimas, tinkantis tiek \u0161viesiai, tiek silpnai ap\u0161viestai aplinkai. KONSOL\u0116S PRIVALUMAI   Miniati\u016brini\u0173 \u017eaidim\u0173 pasa\u017eas.  Yra 240 8 bit\u0173 vaizdo \u017eaidim\u0173.  2.5 TFT ekranas  Reikalingos 3 x AA baterijos (\u012f komplekt\u0105 ne\u012feina)  Nostalgi\u0161kas arkadinis stilius, kondensuojantis eros nugar\u0105.  \u0160ioje konsol\u0117je yra 240 \u012fdomi\u0173 \u017eaidim\u0173, joje yra patobulinti ekrano galiniai \u017eibintai, tinkantys \u0161viesioje ir blankioje aplinkoje.","og_url":"https:\/\/allstarretro.com\/en\/parduotuve\/games\/thumbs-up-retro-mini-zaidimu-aparatas\/","og_site_name":"AllStarRetro","article_publisher":"https:\/\/www.facebook.com\/allstarretroLTU","article_modified_time":"2025-01-31T10:32:31+00:00","og_image":[{"width":1080,"height":1080,"url":"https:\/\/allstarretro.com\/wp-content\/uploads\/2025\/01\/thumbs-up-retro-game-allstarretro.com_.webp","type":"image\/webp"}],"twitter_card":"summary_large_image","twitter_site":"@allstarretroLTU","twitter_misc":{"Price":"60.00&euro; 49.99&euro;","Availability":"In stock"},"schema":{"@context":"https:\/\/schema.org","@graph":[{"@type":["WebPage","ItemPage"],"@id":"https:\/\/allstarretro.com\/parduotuve\/zaidimai\/thumbs-up-retro-mini-zaidimu-aparatas\/","url":"https:\/\/allstarretro.com\/parduotuve\/zaidimai\/thumbs-up-retro-mini-zaidimu-aparatas\/","name":"Thumbs Up Retro Mini Game Machine","isPartOf":{"@id":"https:\/\/allstarretro.com\/#website"},"datePublished":"2023-10-10T06:19:28+00:00","dateModified":"2025-01-31T10:32:31+00:00","breadcrumb":{"@id":"https:\/\/allstarretro.com\/parduotuve\/zaidimai\/thumbs-up-retro-mini-zaidimu-aparatas\/#breadcrumb"},"inLanguage":"en-US","potentialAction":[{"@type":"ReadAction","target":["https:\/\/allstarretro.com\/parduotuve\/zaidimai\/thumbs-up-retro-mini-zaidimu-aparatas\/"]}]},{"@type":"BreadcrumbList","@id":"https:\/\/allstarretro.com\/parduotuve\/zaidimai\/thumbs-up-retro-mini-zaidimu-aparatas\/#breadcrumb","itemListElement":[{"@type":"ListItem","position":1,"name":"Home","item":"https:\/\/allstarretro.com\/"},{"@type":"ListItem","position":2,"name":"Retro Stiliaus Nostalgijos Ir Vinta\u017eo Parduotuv\u0117","item":"https:\/\/allstarretro.com\/parduotuve\/"},{"@type":"ListItem","position":3,"name":"Thumbs Up Retro Mini \u017daidim\u0173 Aparatas"}]},{"@type":"WebSite","@id":"https:\/\/allstarretro.com\/#website","url":"https:\/\/allstarretro.com\/","name":"AllStarRetro","description":"Retro Era Style Products | AllStarRetro","publisher":{"@id":"https:\/\/allstarretro.com\/#organization"},"alternateName":"AllStarRetro","potentialAction":[{"@type":"SearchAction","target":{"@type":"EntryPoint","urlTemplate":"https:\/\/allstarretro.com\/?s={search_term_string}"},"query-input":"required name=search_term_string"}],"inLanguage":"en-US"},{"@type":["Organization","Place","Store"],"@id":"https:\/\/allstarretro.com\/#organization","name":"AllStarRetro","alternateName":"AllStarRetro","url":"https:\/\/allstarretro.com\/","logo":{"@id":"https:\/\/allstarretro.com\/parduotuve\/zaidimai\/thumbs-up-retro-mini-zaidimu-aparatas\/#local-main-organization-logo"},"image":{"@id":"https:\/\/allstarretro.com\/parduotuve\/zaidimai\/thumbs-up-retro-mini-zaidimu-aparatas\/#local-main-organization-logo"},"sameAs":["https:\/\/www.facebook.com\/allstarretroLTU","https:\/\/twitter.com\/allstarretroLTU"],"publishingPrinciples":"https:\/\/allstarretro.com\/","ownershipFundingInfo":"https:\/\/allstarretro.com\/teises-ir-isipareigojimai\/","actionableFeedbackPolicy":"https:\/\/allstarretro.com\/privatumo-politika\/","correctionsPolicy":"https:\/\/allstarretro.com\/pristatymas-ir-taisykles\/","ethicsPolicy":"https:\/\/allstarretro.com\/teises-ir-isipareigojimai\/","diversityPolicy":"https:\/\/allstarretro.com\/privatumo-politika\/","diversityStaffingReport":"https:\/\/allstarretro.com\/privatumo-politika\/","address":{"@id":"https:\/\/allstarretro.com\/parduotuve\/zaidimai\/thumbs-up-retro-mini-zaidimu-aparatas\/#local-main-place-address"},"geo":{"@type":"GeoCoordinates","latitude":"54.8733071","longitude":"23.9494226"},"telephone":["+37068673611"],"openingHoursSpecification":[{"@type":"OpeningHoursSpecification","dayOfWeek":["Monday","Tuesday","Wednesday","Thursday","Friday","Saturday","Sunday"],"opens":"09:00","closes":"17:00"}],"email":"info@allstarretro.com","areaServed":"Lithuania","vatID":"LT100013495416","priceRange":"$$","currenciesAccepted":"Euras","paymentAccepted":"Visa, mastercard"},{"@type":"PostalAddress","@id":"https:\/\/allstarretro.com\/parduotuve\/zaidimai\/thumbs-up-retro-mini-zaidimu-aparatas\/#local-main-place-address","streetAddress":"L.Ivinskio 18a","addressLocality":"Kaunas","postalCode":"45151","addressRegion":"Kaunas","addressCountry":"LT"},{"@type":"ImageObject","inLanguage":"en-US","@id":"https:\/\/allstarretro.com\/parduotuve\/zaidimai\/thumbs-up-retro-mini-zaidimu-aparatas\/#local-main-organization-logo","url":"https:\/\/allstarretro.com\/wp-content\/uploads\/2025\/01\/allstarretro-mini-logo.webp","contentUrl":"https:\/\/allstarretro.com\/wp-content\/uploads\/2025\/01\/allstarretro-mini-logo.webp","width":130,"height":130,"caption":"AllStarRetro"}]},"geo.placename":"Kaunas","geo.position":{"lat":"54.8733071","long":"23.9494226"},"geo.region":"Lithuania"},"_links":{"self":[{"href":"https:\/\/allstarretro.com\/en\/wp-json\/wp\/v2\/product\/32904"}],"collection":[{"href":"https:\/\/allstarretro.com\/en\/wp-json\/wp\/v2\/product"}],"about":[{"href":"https:\/\/allstarretro.com\/en\/wp-json\/wp\/v2\/types\/product"}],"replies":[{"embeddable":true,"href":"https:\/\/allstarretro.com\/en\/wp-json\/wp\/v2\/comments?post=32904"}],"wp:featuredmedia":[{"embeddable":true,"href":"https:\/\/allstarretro.com\/en\/wp-json\/wp\/v2\/media\/32676"}],"wp:attachment":[{"href":"https:\/\/allstarretro.com\/en\/wp-json\/wp\/v2\/media?parent=32904"}],"wp:term":[{"taxonomy":"product_cat","embeddable":true,"href":"https:\/\/allstarretro.com\/en\/wp-json\/wp\/v2\/product_cat?post=32904"},{"taxonomy":"product_tag","embeddable":true,"href":"https:\/\/allstarretro.com\/en\/wp-json\/wp\/v2\/product_tag?post=32904"}],"curies":[{"name":"wp","href":"https:\/\/api.w.org\/{rel}","templated":true}]}}