{"id":32905,"date":"2023-10-10T06:37:50","date_gmt":"2023-10-10T06:37:50","guid":{"rendered":"https:\/\/allstarretro.com\/?post_type=product&#038;p=32905"},"modified":"2025-01-31T10:29:33","modified_gmt":"2025-01-31T10:29:33","slug":"miyoo-mini-plus","status":"publish","type":"product","link":"https:\/\/allstarretro.com\/en\/parduotuve\/zaidimai\/miyoo-mini-plus\/","title":{"rendered":"Miyoo Mini Plus"},"content":{"rendered":"","protected":false},"excerpt":{"rendered":"<h2>ABOUT THE CONSOLE<\/h2>\n<p>Miyoo mini Plus &#8211; \u017daidim\u0173 konsol\u0117. Patobulinta Miyoo Mini versija. Miyoo mini Plus Handheld yra delno dyd\u017eio retro \u017eaidim\u0173 konsol\u0117. Nors jis yra lengvas, kompakti\u0161kas ir mielas, jis tinka daugybei emuliatori\u0173, apima daugyb\u0119 \u017eaidim\u0173 tip\u0173, toki\u0173 kaip nuotyki\u0173, \u0161audymo, veiksmo, lenktyni\u0173 ir kt. Palaikydami atvirojo kodo sistem\u0105, galite atkurti \u017eaidimus atitinkamu formatu. ir papildykite savo poreikius.<\/p>\n<h2>MINI PLUS PRIVALUMAI<\/h2>\n<ul>\n<li>Galingas procesorius. \u012erengtas naujos eros delninis procesorius Cortex A7, 1,2 GHz, Miyoo Mini Handheld sistema veikia stabiliau, o \u017eaidimas veikia skland\u017eiau. Ir su ai\u0161kia s\u0105saja, puikiomis funkcijomis, \u012fskaitant \u017eaidim\u0173, parankini\u0173 ir kt. i\u0161saugojim\u0105 ir \u012fk\u0117lim\u0105. Lengva naudoti.<\/li>\n<li>Ai\u0161kus ir ry\u0161kus 3,5 colio ekranas. 3,5 colio IPS ekranas si\u016blo 640 x 480 pikseli\u0173 skiriam\u0105j\u0105 geb\u0105, vaizdas yra ai\u0161kus ir ry\u0161kus, su dideliu spalv\u0173 kontrastu. Be to, naudojamas siauras r\u0117melis, kad b\u016bt\u0173 sukurtas auk\u0161tas ekrano korpusas Norint pasiekti santyk\u012f ir patogus vizualinis efektas.<\/li>\n<li>Ypatingai ilgas patvarumas. \u017daidim\u0173 pultai yra energingi ir efektyv\u016bs, 3000 mAH, 5-6 valand\u0173 itin ilgas akumuliatoriaus veikimo laikas, ne\u0161iojama C tipo \u012fkrovimo s\u0105saja, leid\u017eianti m\u0117gautis \u017eaidimu bet kada ir bet kur.<\/li>\n<li>Geriausia gimtadienio dovana. Tai labai \u012fdomi ne\u0161iojama retro konsol\u0117, labai subtili. Tikiu, kad tai nenuvils t\u0173, kurie m\u0117gsta retro \u017eaidimus, tai geriausia dovana draugams, \u0161eimai ir vaikams.<\/li>\n<\/ul>","protected":false},"featured_media":32679,"comment_status":"open","ping_status":"closed","template":"","meta":{"inline_featured_image":false},"product_cat":[339],"product_tag":[],"class_list":["post-32905","product","type-product","status-publish","has-post-thumbnail","hentry","product_cat-zaidimai"],"acf":[],"yoast_head":"<!-- This site is optimized with the Yoast SEO Premium plugin v21.8 (Yoast SEO v21.8) - https:\/\/yoast.com\/wordpress\/plugins\/seo\/ -->\n<title>Miyoo Mini Plus<\/title>\n<meta name=\"robots\" content=\"index, follow, max-snippet:-1, max-image-preview:large, max-video-preview:-1\" \/>\n<link rel=\"canonical\" href=\"https:\/\/allstarretro.com\/en\/parduotuve\/games\/miyoo-mini-plus\/\" \/>\n<meta property=\"og:locale\" content=\"en_US\" \/>\n<meta property=\"og:type\" content=\"article\" \/>\n<meta property=\"og:title\" content=\"Miyoo Mini Plus\" \/>\n<meta property=\"og:description\" content=\"APIE KONSOL\u0118 Miyoo mini Plus - \u017daidim\u0173 konsol\u0117. Patobulinta Miyoo Mini versija. Miyoo mini Plus Handheld yra delno dyd\u017eio retro \u017eaidim\u0173 konsol\u0117. Nors jis yra lengvas, kompakti\u0161kas ir mielas, jis tinka daugybei emuliatori\u0173, apima daugyb\u0119 \u017eaidim\u0173 tip\u0173, toki\u0173 kaip nuotyki\u0173, \u0161audymo, veiksmo, lenktyni\u0173 ir kt. Palaikydami atvirojo kodo sistem\u0105, galite atkurti \u017eaidimus atitinkamu formatu. ir papildykite savo poreikius. MINI PLUS PRIVALUMAI   Galingas procesorius. \u012erengtas naujos eros delninis procesorius Cortex A7, 1,2 GHz, Miyoo Mini Handheld sistema veikia stabiliau, o \u017eaidimas veikia skland\u017eiau. Ir su ai\u0161kia s\u0105saja, puikiomis funkcijomis, \u012fskaitant \u017eaidim\u0173, parankini\u0173 ir kt. i\u0161saugojim\u0105 ir \u012fk\u0117lim\u0105. Lengva naudoti.  Ai\u0161kus ir ry\u0161kus 3,5 colio ekranas. 3,5 colio IPS ekranas si\u016blo 640 x 480 pikseli\u0173 skiriam\u0105j\u0105 geb\u0105, vaizdas yra ai\u0161kus ir ry\u0161kus, su dideliu spalv\u0173 kontrastu. Be to, naudojamas siauras r\u0117melis, kad b\u016bt\u0173 sukurtas auk\u0161tas ekrano korpusas Norint pasiekti santyk\u012f ir patogus vizualinis efektas.  Ypatingai ilgas patvarumas. \u017daidim\u0173 pultai yra energingi ir efektyv\u016bs, 3000 mAH, 5-6 valand\u0173 itin ilgas akumuliatoriaus veikimo laikas, ne\u0161iojama C tipo \u012fkrovimo s\u0105saja, leid\u017eianti m\u0117gautis \u017eaidimu bet kada ir bet kur.  Geriausia gimtadienio dovana. Tai labai \u012fdomi ne\u0161iojama retro konsol\u0117, labai subtili. Tikiu, kad tai nenuvils t\u0173, kurie m\u0117gsta retro \u017eaidimus, tai geriausia dovana draugams, \u0161eimai ir vaikams.\" \/>\n<meta property=\"og:url\" content=\"https:\/\/allstarretro.com\/en\/parduotuve\/games\/miyoo-mini-plus\/\" \/>\n<meta property=\"og:site_name\" content=\"AllStarRetro\" \/>\n<meta property=\"article:publisher\" content=\"https:\/\/www.facebook.com\/allstarretroLTU\" \/>\n<meta property=\"article:modified_time\" content=\"2025-01-31T10:29:33+00:00\" \/>\n<meta property=\"og:image\" content=\"https:\/\/allstarretro.com\/wp-content\/uploads\/2025\/01\/Miyoo-mini-plus-zaidimas-allstarretro.com_.webp\" \/>\n\t<meta property=\"og:image:width\" content=\"1080\" \/>\n\t<meta property=\"og:image:height\" content=\"1080\" \/>\n\t<meta property=\"og:image:type\" content=\"image\/webp\" \/>\n<meta name=\"twitter:card\" content=\"summary_large_image\" \/>\n<meta name=\"twitter:site\" content=\"@allstarretroLTU\" \/>\n<meta name=\"twitter:label1\" content=\"Price\" \/>\n\t<meta name=\"twitter:data1\" content=\"129.99&euro;\" \/>\n\t<meta name=\"twitter:label2\" content=\"Availability\" \/>\n\t<meta name=\"twitter:data2\" content=\"In stock\" \/>\n<script type=\"application\/ld+json\" class=\"yoast-schema-graph\">{\"@context\":\"https:\/\/schema.org\",\"@graph\":[{\"@type\":[\"WebPage\",\"ItemPage\"],\"@id\":\"https:\/\/allstarretro.com\/parduotuve\/zaidimai\/miyoo-mini-plus\/\",\"url\":\"https:\/\/allstarretro.com\/parduotuve\/zaidimai\/miyoo-mini-plus\/\",\"name\":\"Miyoo Mini Plus\",\"isPartOf\":{\"@id\":\"https:\/\/allstarretro.com\/#website\"},\"datePublished\":\"2023-10-10T06:37:50+00:00\",\"dateModified\":\"2025-01-31T10:29:33+00:00\",\"breadcrumb\":{\"@id\":\"https:\/\/allstarretro.com\/parduotuve\/zaidimai\/miyoo-mini-plus\/#breadcrumb\"},\"inLanguage\":\"en-US\",\"potentialAction\":[{\"@type\":\"ReadAction\",\"target\":[\"https:\/\/allstarretro.com\/parduotuve\/zaidimai\/miyoo-mini-plus\/\"]}]},{\"@type\":\"BreadcrumbList\",\"@id\":\"https:\/\/allstarretro.com\/parduotuve\/zaidimai\/miyoo-mini-plus\/#breadcrumb\",\"itemListElement\":[{\"@type\":\"ListItem\",\"position\":1,\"name\":\"Home\",\"item\":\"https:\/\/allstarretro.com\/\"},{\"@type\":\"ListItem\",\"position\":2,\"name\":\"Retro Stiliaus Nostalgijos Ir Vinta\u017eo Parduotuv\u0117\",\"item\":\"https:\/\/allstarretro.com\/parduotuve\/\"},{\"@type\":\"ListItem\",\"position\":3,\"name\":\"Miyoo Mini Plus\"}]},{\"@type\":\"WebSite\",\"@id\":\"https:\/\/allstarretro.com\/#website\",\"url\":\"https:\/\/allstarretro.com\/\",\"name\":\"AllStarRetro\",\"description\":\"Retro Laikotarpio Stiliaus Produktai | AllStarRetro\",\"publisher\":{\"@id\":\"https:\/\/allstarretro.com\/#organization\"},\"alternateName\":\"AllStarRetro\",\"potentialAction\":[{\"@type\":\"SearchAction\",\"target\":{\"@type\":\"EntryPoint\",\"urlTemplate\":\"https:\/\/allstarretro.com\/?s={search_term_string}\"},\"query-input\":\"required name=search_term_string\"}],\"inLanguage\":\"en-US\"},{\"@type\":[\"Organization\",\"Place\",\"Store\"],\"@id\":\"https:\/\/allstarretro.com\/#organization\",\"name\":\"AllStarRetro\",\"alternateName\":\"AllStarRetro\",\"url\":\"https:\/\/allstarretro.com\/\",\"logo\":{\"@id\":\"https:\/\/allstarretro.com\/parduotuve\/zaidimai\/miyoo-mini-plus\/#local-main-organization-logo\"},\"image\":{\"@id\":\"https:\/\/allstarretro.com\/parduotuve\/zaidimai\/miyoo-mini-plus\/#local-main-organization-logo\"},\"sameAs\":[\"https:\/\/www.facebook.com\/allstarretroLTU\",\"https:\/\/twitter.com\/allstarretroLTU\"],\"publishingPrinciples\":\"https:\/\/allstarretro.com\/\",\"ownershipFundingInfo\":\"https:\/\/allstarretro.com\/teises-ir-isipareigojimai\/\",\"actionableFeedbackPolicy\":\"https:\/\/allstarretro.com\/privatumo-politika\/\",\"correctionsPolicy\":\"https:\/\/allstarretro.com\/pristatymas-ir-taisykles\/\",\"ethicsPolicy\":\"https:\/\/allstarretro.com\/teises-ir-isipareigojimai\/\",\"diversityPolicy\":\"https:\/\/allstarretro.com\/privatumo-politika\/\",\"diversityStaffingReport\":\"https:\/\/allstarretro.com\/privatumo-politika\/\",\"address\":{\"@id\":\"https:\/\/allstarretro.com\/parduotuve\/zaidimai\/miyoo-mini-plus\/#local-main-place-address\"},\"geo\":{\"@type\":\"GeoCoordinates\",\"latitude\":\"54.8733071\",\"longitude\":\"23.9494226\"},\"telephone\":[\"+37068673611\"],\"openingHoursSpecification\":[{\"@type\":\"OpeningHoursSpecification\",\"dayOfWeek\":[\"Monday\",\"Tuesday\",\"Wednesday\",\"Thursday\",\"Friday\",\"Saturday\",\"Sunday\"],\"opens\":\"09:00\",\"closes\":\"17:00\"}],\"email\":\"info@allstarretro.com\",\"areaServed\":\"Lithuania\",\"vatID\":\"LT100013495416\",\"priceRange\":\"$$\",\"currenciesAccepted\":\"Euras\",\"paymentAccepted\":\"Visa, mastercard\"},{\"@type\":\"PostalAddress\",\"@id\":\"https:\/\/allstarretro.com\/parduotuve\/zaidimai\/miyoo-mini-plus\/#local-main-place-address\",\"streetAddress\":\"L.Ivinskio 18a\",\"addressLocality\":\"Kaunas\",\"postalCode\":\"45151\",\"addressRegion\":\"Kaunas\",\"addressCountry\":\"LT\"},{\"@type\":\"ImageObject\",\"inLanguage\":\"en-US\",\"@id\":\"https:\/\/allstarretro.com\/parduotuve\/zaidimai\/miyoo-mini-plus\/#local-main-organization-logo\",\"url\":\"https:\/\/allstarretro.com\/wp-content\/uploads\/2025\/01\/allstarretro-mini-logo.webp\",\"contentUrl\":\"https:\/\/allstarretro.com\/wp-content\/uploads\/2025\/01\/allstarretro-mini-logo.webp\",\"width\":130,\"height\":130,\"caption\":\"AllStarRetro\"}]}<\/script>\n<meta name=\"geo.placename\" content=\"Kaunas\" \/>\n<meta name=\"geo.position\" content=\"54.8733071;23.9494226\" \/>\n<meta name=\"geo.region\" content=\"Lithuania\" \/>\n<!-- \/ Yoast SEO Premium plugin. -->","yoast_head_json":{"title":"Miyoo Mini Plus","robots":{"index":"index","follow":"follow","max-snippet":"max-snippet:-1","max-image-preview":"max-image-preview:large","max-video-preview":"max-video-preview:-1"},"canonical":"https:\/\/allstarretro.com\/en\/parduotuve\/games\/miyoo-mini-plus\/","og_locale":"en_US","og_type":"article","og_title":"Miyoo Mini Plus","og_description":"APIE KONSOL\u0118 Miyoo mini Plus - \u017daidim\u0173 konsol\u0117. Patobulinta Miyoo Mini versija. Miyoo mini Plus Handheld yra delno dyd\u017eio retro \u017eaidim\u0173 konsol\u0117. Nors jis yra lengvas, kompakti\u0161kas ir mielas, jis tinka daugybei emuliatori\u0173, apima daugyb\u0119 \u017eaidim\u0173 tip\u0173, toki\u0173 kaip nuotyki\u0173, \u0161audymo, veiksmo, lenktyni\u0173 ir kt. Palaikydami atvirojo kodo sistem\u0105, galite atkurti \u017eaidimus atitinkamu formatu. ir papildykite savo poreikius. MINI PLUS PRIVALUMAI   Galingas procesorius. \u012erengtas naujos eros delninis procesorius Cortex A7, 1,2 GHz, Miyoo Mini Handheld sistema veikia stabiliau, o \u017eaidimas veikia skland\u017eiau. Ir su ai\u0161kia s\u0105saja, puikiomis funkcijomis, \u012fskaitant \u017eaidim\u0173, parankini\u0173 ir kt. i\u0161saugojim\u0105 ir \u012fk\u0117lim\u0105. Lengva naudoti.  Ai\u0161kus ir ry\u0161kus 3,5 colio ekranas. 3,5 colio IPS ekranas si\u016blo 640 x 480 pikseli\u0173 skiriam\u0105j\u0105 geb\u0105, vaizdas yra ai\u0161kus ir ry\u0161kus, su dideliu spalv\u0173 kontrastu. Be to, naudojamas siauras r\u0117melis, kad b\u016bt\u0173 sukurtas auk\u0161tas ekrano korpusas Norint pasiekti santyk\u012f ir patogus vizualinis efektas.  Ypatingai ilgas patvarumas. \u017daidim\u0173 pultai yra energingi ir efektyv\u016bs, 3000 mAH, 5-6 valand\u0173 itin ilgas akumuliatoriaus veikimo laikas, ne\u0161iojama C tipo \u012fkrovimo s\u0105saja, leid\u017eianti m\u0117gautis \u017eaidimu bet kada ir bet kur.  Geriausia gimtadienio dovana. Tai labai \u012fdomi ne\u0161iojama retro konsol\u0117, labai subtili. Tikiu, kad tai nenuvils t\u0173, kurie m\u0117gsta retro \u017eaidimus, tai geriausia dovana draugams, \u0161eimai ir vaikams.","og_url":"https:\/\/allstarretro.com\/en\/parduotuve\/games\/miyoo-mini-plus\/","og_site_name":"AllStarRetro","article_publisher":"https:\/\/www.facebook.com\/allstarretroLTU","article_modified_time":"2025-01-31T10:29:33+00:00","og_image":[{"width":1080,"height":1080,"url":"https:\/\/allstarretro.com\/wp-content\/uploads\/2025\/01\/Miyoo-mini-plus-zaidimas-allstarretro.com_.webp","type":"image\/webp"}],"twitter_card":"summary_large_image","twitter_site":"@allstarretroLTU","twitter_misc":{"Price":"129.99&euro;","Availability":"In stock"},"schema":{"@context":"https:\/\/schema.org","@graph":[{"@type":["WebPage","ItemPage"],"@id":"https:\/\/allstarretro.com\/parduotuve\/zaidimai\/miyoo-mini-plus\/","url":"https:\/\/allstarretro.com\/parduotuve\/zaidimai\/miyoo-mini-plus\/","name":"Miyoo Mini Plus","isPartOf":{"@id":"https:\/\/allstarretro.com\/#website"},"datePublished":"2023-10-10T06:37:50+00:00","dateModified":"2025-01-31T10:29:33+00:00","breadcrumb":{"@id":"https:\/\/allstarretro.com\/parduotuve\/zaidimai\/miyoo-mini-plus\/#breadcrumb"},"inLanguage":"en-US","potentialAction":[{"@type":"ReadAction","target":["https:\/\/allstarretro.com\/parduotuve\/zaidimai\/miyoo-mini-plus\/"]}]},{"@type":"BreadcrumbList","@id":"https:\/\/allstarretro.com\/parduotuve\/zaidimai\/miyoo-mini-plus\/#breadcrumb","itemListElement":[{"@type":"ListItem","position":1,"name":"Home","item":"https:\/\/allstarretro.com\/"},{"@type":"ListItem","position":2,"name":"Retro Stiliaus Nostalgijos Ir Vinta\u017eo Parduotuv\u0117","item":"https:\/\/allstarretro.com\/parduotuve\/"},{"@type":"ListItem","position":3,"name":"Miyoo Mini Plus"}]},{"@type":"WebSite","@id":"https:\/\/allstarretro.com\/#website","url":"https:\/\/allstarretro.com\/","name":"AllStarRetro","description":"Retro Era Style Products | AllStarRetro","publisher":{"@id":"https:\/\/allstarretro.com\/#organization"},"alternateName":"AllStarRetro","potentialAction":[{"@type":"SearchAction","target":{"@type":"EntryPoint","urlTemplate":"https:\/\/allstarretro.com\/?s={search_term_string}"},"query-input":"required name=search_term_string"}],"inLanguage":"en-US"},{"@type":["Organization","Place","Store"],"@id":"https:\/\/allstarretro.com\/#organization","name":"AllStarRetro","alternateName":"AllStarRetro","url":"https:\/\/allstarretro.com\/","logo":{"@id":"https:\/\/allstarretro.com\/parduotuve\/zaidimai\/miyoo-mini-plus\/#local-main-organization-logo"},"image":{"@id":"https:\/\/allstarretro.com\/parduotuve\/zaidimai\/miyoo-mini-plus\/#local-main-organization-logo"},"sameAs":["https:\/\/www.facebook.com\/allstarretroLTU","https:\/\/twitter.com\/allstarretroLTU"],"publishingPrinciples":"https:\/\/allstarretro.com\/","ownershipFundingInfo":"https:\/\/allstarretro.com\/teises-ir-isipareigojimai\/","actionableFeedbackPolicy":"https:\/\/allstarretro.com\/privatumo-politika\/","correctionsPolicy":"https:\/\/allstarretro.com\/pristatymas-ir-taisykles\/","ethicsPolicy":"https:\/\/allstarretro.com\/teises-ir-isipareigojimai\/","diversityPolicy":"https:\/\/allstarretro.com\/privatumo-politika\/","diversityStaffingReport":"https:\/\/allstarretro.com\/privatumo-politika\/","address":{"@id":"https:\/\/allstarretro.com\/parduotuve\/zaidimai\/miyoo-mini-plus\/#local-main-place-address"},"geo":{"@type":"GeoCoordinates","latitude":"54.8733071","longitude":"23.9494226"},"telephone":["+37068673611"],"openingHoursSpecification":[{"@type":"OpeningHoursSpecification","dayOfWeek":["Monday","Tuesday","Wednesday","Thursday","Friday","Saturday","Sunday"],"opens":"09:00","closes":"17:00"}],"email":"info@allstarretro.com","areaServed":"Lithuania","vatID":"LT100013495416","priceRange":"$$","currenciesAccepted":"Euras","paymentAccepted":"Visa, mastercard"},{"@type":"PostalAddress","@id":"https:\/\/allstarretro.com\/parduotuve\/zaidimai\/miyoo-mini-plus\/#local-main-place-address","streetAddress":"L.Ivinskio 18a","addressLocality":"Kaunas","postalCode":"45151","addressRegion":"Kaunas","addressCountry":"LT"},{"@type":"ImageObject","inLanguage":"en-US","@id":"https:\/\/allstarretro.com\/parduotuve\/zaidimai\/miyoo-mini-plus\/#local-main-organization-logo","url":"https:\/\/allstarretro.com\/wp-content\/uploads\/2025\/01\/allstarretro-mini-logo.webp","contentUrl":"https:\/\/allstarretro.com\/wp-content\/uploads\/2025\/01\/allstarretro-mini-logo.webp","width":130,"height":130,"caption":"AllStarRetro"}]},"geo.placename":"Kaunas","geo.position":{"lat":"54.8733071","long":"23.9494226"},"geo.region":"Lithuania"},"_links":{"self":[{"href":"https:\/\/allstarretro.com\/en\/wp-json\/wp\/v2\/product\/32905"}],"collection":[{"href":"https:\/\/allstarretro.com\/en\/wp-json\/wp\/v2\/product"}],"about":[{"href":"https:\/\/allstarretro.com\/en\/wp-json\/wp\/v2\/types\/product"}],"replies":[{"embeddable":true,"href":"https:\/\/allstarretro.com\/en\/wp-json\/wp\/v2\/comments?post=32905"}],"wp:featuredmedia":[{"embeddable":true,"href":"https:\/\/allstarretro.com\/en\/wp-json\/wp\/v2\/media\/32679"}],"wp:attachment":[{"href":"https:\/\/allstarretro.com\/en\/wp-json\/wp\/v2\/media?parent=32905"}],"wp:term":[{"taxonomy":"product_cat","embeddable":true,"href":"https:\/\/allstarretro.com\/en\/wp-json\/wp\/v2\/product_cat?post=32905"},{"taxonomy":"product_tag","embeddable":true,"href":"https:\/\/allstarretro.com\/en\/wp-json\/wp\/v2\/product_tag?post=32905"}],"curies":[{"name":"wp","href":"https:\/\/api.w.org\/{rel}","templated":true}]}}