{"id":32906,"date":"2023-10-10T08:39:37","date_gmt":"2023-10-10T08:39:37","guid":{"rendered":"https:\/\/allstarretro.com\/?post_type=product&#038;p=32906"},"modified":"2025-01-31T10:35:24","modified_gmt":"2025-01-31T10:35:24","slug":"nostalgic-art-girl-retro-metalinis-paveikslas","status":"publish","type":"product","link":"https:\/\/allstarretro.com\/en\/parduotuve\/namu-interjeras\/nostalgic-art-girl-retro-metalinis-paveikslas\/","title":{"rendered":"Nostalgic Art Girl Retro Metalinis Paveikslas"},"content":{"rendered":"","protected":false},"excerpt":{"rendered":"<h2>APIE PAVEIKSL\u0104<\/h2>\n<p>Nostalgic Art Girl Retro Metalinis Paveikslas. Alaus dovana: alaus m\u0117g\u0117jams ypa\u010d kokybi\u0161ka ir spalvinga 1A kokyb\u0117s spauda<br \/>\nMums patinka retro: nostalgi\u0161ko dizaino skardinis \u017eenklas, pagamintas i\u0161 ypa\u010d tvirto lak\u0161tinio plieno, kaip puiki virtuv\u0117s, svetain\u0117s ar j\u016bs\u0173 baro puo\u0161mena.<\/p>\n<h2>GIRL RETRO PRIVALUMAI<\/h2>\n<ul>\n<li>Prakti\u0161kas ir spalvingas: tvirtas metalinis DIN A4 formato \u017eenklas su plastikiniu i\u0161lenkimu, motyv\u0173 \u012fspaudu ir i\u0161gr\u0119\u017etomis skyl\u0117mis, kad b\u016bt\u0173 lengva pritvirtinti vinimis ant sienos.<\/li>\n<li>\u0160auni ak\u012f traukianti priemon\u0117 ir puiki dovana: gra\u017ei alternatyva popieriniams plakatams, puikiai atskleid\u017eianti retro nuotaik\u0105 namuose, \u201eSukurta Berlyne\u201c<br \/>\nPagaminta Vokietijoje: auk\u0161tos kokyb\u0117s darbas, pagamintas Vokietijoje.<\/li>\n<\/ul>","protected":false},"featured_media":32683,"comment_status":"open","ping_status":"closed","template":"","meta":{"inline_featured_image":false},"product_cat":[340],"product_tag":[],"class_list":["post-32906","product","type-product","status-publish","has-post-thumbnail","hentry","product_cat-namu-interjeras"],"acf":[],"yoast_head":"<!-- This site is optimized with the Yoast SEO Premium plugin v21.8 (Yoast SEO v21.8) - https:\/\/yoast.com\/wordpress\/plugins\/seo\/ -->\n<title>Nostalgic Art Girl Retro Metalinis Paveikslas<\/title>\n<meta name=\"robots\" content=\"index, follow, max-snippet:-1, max-image-preview:large, max-video-preview:-1\" \/>\n<link rel=\"canonical\" href=\"https:\/\/allstarretro.com\/en\/parduotuve\/tree-interior\/nostalgic-art-girl-retro-metalinis-paveikslas\/\" \/>\n<meta property=\"og:locale\" content=\"en_US\" \/>\n<meta property=\"og:type\" content=\"article\" \/>\n<meta property=\"og:title\" content=\"Nostalgic Art Girl Retro Metalinis Paveikslas\" \/>\n<meta property=\"og:description\" content=\"APIE PAVEIKSL\u0104 Nostalgic Art Girl Retro Metalinis Paveikslas. Alaus dovana: alaus m\u0117g\u0117jams ypa\u010d kokybi\u0161ka ir spalvinga 1A kokyb\u0117s spauda Mums patinka retro: nostalgi\u0161ko dizaino skardinis \u017eenklas, pagamintas i\u0161 ypa\u010d tvirto lak\u0161tinio plieno, kaip puiki virtuv\u0117s, svetain\u0117s ar j\u016bs\u0173 baro puo\u0161mena. GIRL RETRO PRIVALUMAI   Prakti\u0161kas ir spalvingas: tvirtas metalinis DIN A4 formato \u017eenklas su plastikiniu i\u0161lenkimu, motyv\u0173 \u012fspaudu ir i\u0161gr\u0119\u017etomis skyl\u0117mis, kad b\u016bt\u0173 lengva pritvirtinti vinimis ant sienos.  \u0160auni ak\u012f traukianti priemon\u0117 ir puiki dovana: gra\u017ei alternatyva popieriniams plakatams, puikiai atskleid\u017eianti retro nuotaik\u0105 namuose, \u201eSukurta Berlyne\u201c Pagaminta Vokietijoje: auk\u0161tos kokyb\u0117s darbas, pagamintas Vokietijoje.\" \/>\n<meta property=\"og:url\" content=\"https:\/\/allstarretro.com\/en\/parduotuve\/tree-interior\/nostalgic-art-girl-retro-metalinis-paveikslas\/\" \/>\n<meta property=\"og:site_name\" content=\"AllStarRetro\" \/>\n<meta property=\"article:publisher\" content=\"https:\/\/www.facebook.com\/allstarretroLTU\" \/>\n<meta property=\"article:modified_time\" content=\"2025-01-31T10:35:24+00:00\" \/>\n<meta property=\"og:image\" content=\"https:\/\/allstarretro.com\/wp-content\/uploads\/2025\/01\/retro-girl-metal-allstarretro.com_.webp\" \/>\n\t<meta property=\"og:image:width\" content=\"1080\" \/>\n\t<meta property=\"og:image:height\" content=\"1080\" \/>\n\t<meta property=\"og:image:type\" content=\"image\/webp\" \/>\n<meta name=\"twitter:card\" content=\"summary_large_image\" \/>\n<meta name=\"twitter:site\" content=\"@allstarretroLTU\" \/>\n<meta name=\"twitter:label1\" content=\"Price\" \/>\n\t<meta name=\"twitter:data1\" content=\"30.00&euro; 27.99&euro;\" \/>\n\t<meta name=\"twitter:label2\" content=\"Availability\" \/>\n\t<meta name=\"twitter:data2\" content=\"In stock\" \/>\n<script type=\"application\/ld+json\" class=\"yoast-schema-graph\">{\"@context\":\"https:\/\/schema.org\",\"@graph\":[{\"@type\":[\"WebPage\",\"ItemPage\"],\"@id\":\"https:\/\/allstarretro.com\/parduotuve\/namu-interjeras\/nostalgic-art-girl-retro-metalinis-paveikslas\/\",\"url\":\"https:\/\/allstarretro.com\/parduotuve\/namu-interjeras\/nostalgic-art-girl-retro-metalinis-paveikslas\/\",\"name\":\"Nostalgic Art Girl Retro Metalinis Paveikslas\",\"isPartOf\":{\"@id\":\"https:\/\/allstarretro.com\/#website\"},\"datePublished\":\"2023-10-10T08:39:37+00:00\",\"dateModified\":\"2025-01-31T10:35:24+00:00\",\"breadcrumb\":{\"@id\":\"https:\/\/allstarretro.com\/parduotuve\/namu-interjeras\/nostalgic-art-girl-retro-metalinis-paveikslas\/#breadcrumb\"},\"inLanguage\":\"en-US\",\"potentialAction\":[{\"@type\":\"ReadAction\",\"target\":[\"https:\/\/allstarretro.com\/parduotuve\/namu-interjeras\/nostalgic-art-girl-retro-metalinis-paveikslas\/\"]}]},{\"@type\":\"BreadcrumbList\",\"@id\":\"https:\/\/allstarretro.com\/parduotuve\/namu-interjeras\/nostalgic-art-girl-retro-metalinis-paveikslas\/#breadcrumb\",\"itemListElement\":[{\"@type\":\"ListItem\",\"position\":1,\"name\":\"Home\",\"item\":\"https:\/\/allstarretro.com\/\"},{\"@type\":\"ListItem\",\"position\":2,\"name\":\"Retro Stiliaus Nostalgijos Ir Vinta\u017eo Parduotuv\u0117\",\"item\":\"https:\/\/allstarretro.com\/parduotuve\/\"},{\"@type\":\"ListItem\",\"position\":3,\"name\":\"Nostalgic Art Girl Retro Metalinis Paveikslas\"}]},{\"@type\":\"WebSite\",\"@id\":\"https:\/\/allstarretro.com\/#website\",\"url\":\"https:\/\/allstarretro.com\/\",\"name\":\"AllStarRetro\",\"description\":\"Retro Laikotarpio Stiliaus Produktai | AllStarRetro\",\"publisher\":{\"@id\":\"https:\/\/allstarretro.com\/#organization\"},\"alternateName\":\"AllStarRetro\",\"potentialAction\":[{\"@type\":\"SearchAction\",\"target\":{\"@type\":\"EntryPoint\",\"urlTemplate\":\"https:\/\/allstarretro.com\/?s={search_term_string}\"},\"query-input\":\"required name=search_term_string\"}],\"inLanguage\":\"en-US\"},{\"@type\":[\"Organization\",\"Place\",\"Store\"],\"@id\":\"https:\/\/allstarretro.com\/#organization\",\"name\":\"AllStarRetro\",\"alternateName\":\"AllStarRetro\",\"url\":\"https:\/\/allstarretro.com\/\",\"logo\":{\"@id\":\"https:\/\/allstarretro.com\/parduotuve\/namu-interjeras\/nostalgic-art-girl-retro-metalinis-paveikslas\/#local-main-organization-logo\"},\"image\":{\"@id\":\"https:\/\/allstarretro.com\/parduotuve\/namu-interjeras\/nostalgic-art-girl-retro-metalinis-paveikslas\/#local-main-organization-logo\"},\"sameAs\":[\"https:\/\/www.facebook.com\/allstarretroLTU\",\"https:\/\/twitter.com\/allstarretroLTU\"],\"publishingPrinciples\":\"https:\/\/allstarretro.com\/\",\"ownershipFundingInfo\":\"https:\/\/allstarretro.com\/teises-ir-isipareigojimai\/\",\"actionableFeedbackPolicy\":\"https:\/\/allstarretro.com\/privatumo-politika\/\",\"correctionsPolicy\":\"https:\/\/allstarretro.com\/pristatymas-ir-taisykles\/\",\"ethicsPolicy\":\"https:\/\/allstarretro.com\/teises-ir-isipareigojimai\/\",\"diversityPolicy\":\"https:\/\/allstarretro.com\/privatumo-politika\/\",\"diversityStaffingReport\":\"https:\/\/allstarretro.com\/privatumo-politika\/\",\"address\":{\"@id\":\"https:\/\/allstarretro.com\/parduotuve\/namu-interjeras\/nostalgic-art-girl-retro-metalinis-paveikslas\/#local-main-place-address\"},\"geo\":{\"@type\":\"GeoCoordinates\",\"latitude\":\"54.8733071\",\"longitude\":\"23.9494226\"},\"telephone\":[\"+37068673611\"],\"openingHoursSpecification\":[{\"@type\":\"OpeningHoursSpecification\",\"dayOfWeek\":[\"Monday\",\"Tuesday\",\"Wednesday\",\"Thursday\",\"Friday\",\"Saturday\",\"Sunday\"],\"opens\":\"09:00\",\"closes\":\"17:00\"}],\"email\":\"info@allstarretro.com\",\"areaServed\":\"Lithuania\",\"vatID\":\"LT100013495416\",\"priceRange\":\"$$\",\"currenciesAccepted\":\"Euras\",\"paymentAccepted\":\"Visa, mastercard\"},{\"@type\":\"PostalAddress\",\"@id\":\"https:\/\/allstarretro.com\/parduotuve\/namu-interjeras\/nostalgic-art-girl-retro-metalinis-paveikslas\/#local-main-place-address\",\"streetAddress\":\"L.Ivinskio 18a\",\"addressLocality\":\"Kaunas\",\"postalCode\":\"45151\",\"addressRegion\":\"Kaunas\",\"addressCountry\":\"LT\"},{\"@type\":\"ImageObject\",\"inLanguage\":\"en-US\",\"@id\":\"https:\/\/allstarretro.com\/parduotuve\/namu-interjeras\/nostalgic-art-girl-retro-metalinis-paveikslas\/#local-main-organization-logo\",\"url\":\"https:\/\/allstarretro.com\/wp-content\/uploads\/2025\/01\/allstarretro-mini-logo.webp\",\"contentUrl\":\"https:\/\/allstarretro.com\/wp-content\/uploads\/2025\/01\/allstarretro-mini-logo.webp\",\"width\":130,\"height\":130,\"caption\":\"AllStarRetro\"}]}<\/script>\n<meta name=\"geo.placename\" content=\"Kaunas\" \/>\n<meta name=\"geo.position\" content=\"54.8733071;23.9494226\" \/>\n<meta name=\"geo.region\" content=\"Lithuania\" \/>\n<!-- \/ Yoast SEO Premium plugin. -->","yoast_head_json":{"title":"Nostalgic Art Girl Retro Metalinis Paveikslas","robots":{"index":"index","follow":"follow","max-snippet":"max-snippet:-1","max-image-preview":"max-image-preview:large","max-video-preview":"max-video-preview:-1"},"canonical":"https:\/\/allstarretro.com\/en\/parduotuve\/tree-interior\/nostalgic-art-girl-retro-metalinis-paveikslas\/","og_locale":"en_US","og_type":"article","og_title":"Nostalgic Art Girl Retro Metalinis Paveikslas","og_description":"APIE PAVEIKSL\u0104 Nostalgic Art Girl Retro Metalinis Paveikslas. Alaus dovana: alaus m\u0117g\u0117jams ypa\u010d kokybi\u0161ka ir spalvinga 1A kokyb\u0117s spauda Mums patinka retro: nostalgi\u0161ko dizaino skardinis \u017eenklas, pagamintas i\u0161 ypa\u010d tvirto lak\u0161tinio plieno, kaip puiki virtuv\u0117s, svetain\u0117s ar j\u016bs\u0173 baro puo\u0161mena. GIRL RETRO PRIVALUMAI   Prakti\u0161kas ir spalvingas: tvirtas metalinis DIN A4 formato \u017eenklas su plastikiniu i\u0161lenkimu, motyv\u0173 \u012fspaudu ir i\u0161gr\u0119\u017etomis skyl\u0117mis, kad b\u016bt\u0173 lengva pritvirtinti vinimis ant sienos.  \u0160auni ak\u012f traukianti priemon\u0117 ir puiki dovana: gra\u017ei alternatyva popieriniams plakatams, puikiai atskleid\u017eianti retro nuotaik\u0105 namuose, \u201eSukurta Berlyne\u201c Pagaminta Vokietijoje: auk\u0161tos kokyb\u0117s darbas, pagamintas Vokietijoje.","og_url":"https:\/\/allstarretro.com\/en\/parduotuve\/tree-interior\/nostalgic-art-girl-retro-metalinis-paveikslas\/","og_site_name":"AllStarRetro","article_publisher":"https:\/\/www.facebook.com\/allstarretroLTU","article_modified_time":"2025-01-31T10:35:24+00:00","og_image":[{"width":1080,"height":1080,"url":"https:\/\/allstarretro.com\/wp-content\/uploads\/2025\/01\/retro-girl-metal-allstarretro.com_.webp","type":"image\/webp"}],"twitter_card":"summary_large_image","twitter_site":"@allstarretroLTU","twitter_misc":{"Price":"30.00&euro; 27.99&euro;","Availability":"In stock"},"schema":{"@context":"https:\/\/schema.org","@graph":[{"@type":["WebPage","ItemPage"],"@id":"https:\/\/allstarretro.com\/parduotuve\/namu-interjeras\/nostalgic-art-girl-retro-metalinis-paveikslas\/","url":"https:\/\/allstarretro.com\/parduotuve\/namu-interjeras\/nostalgic-art-girl-retro-metalinis-paveikslas\/","name":"Nostalgic Art Girl Retro Metalinis Paveikslas","isPartOf":{"@id":"https:\/\/allstarretro.com\/#website"},"datePublished":"2023-10-10T08:39:37+00:00","dateModified":"2025-01-31T10:35:24+00:00","breadcrumb":{"@id":"https:\/\/allstarretro.com\/parduotuve\/namu-interjeras\/nostalgic-art-girl-retro-metalinis-paveikslas\/#breadcrumb"},"inLanguage":"en-US","potentialAction":[{"@type":"ReadAction","target":["https:\/\/allstarretro.com\/parduotuve\/namu-interjeras\/nostalgic-art-girl-retro-metalinis-paveikslas\/"]}]},{"@type":"BreadcrumbList","@id":"https:\/\/allstarretro.com\/parduotuve\/namu-interjeras\/nostalgic-art-girl-retro-metalinis-paveikslas\/#breadcrumb","itemListElement":[{"@type":"ListItem","position":1,"name":"Home","item":"https:\/\/allstarretro.com\/"},{"@type":"ListItem","position":2,"name":"Retro Stiliaus Nostalgijos Ir Vinta\u017eo Parduotuv\u0117","item":"https:\/\/allstarretro.com\/parduotuve\/"},{"@type":"ListItem","position":3,"name":"Nostalgic Art Girl Retro Metalinis Paveikslas"}]},{"@type":"WebSite","@id":"https:\/\/allstarretro.com\/#website","url":"https:\/\/allstarretro.com\/","name":"AllStarRetro","description":"Retro Era Style Products | AllStarRetro","publisher":{"@id":"https:\/\/allstarretro.com\/#organization"},"alternateName":"AllStarRetro","potentialAction":[{"@type":"SearchAction","target":{"@type":"EntryPoint","urlTemplate":"https:\/\/allstarretro.com\/?s={search_term_string}"},"query-input":"required name=search_term_string"}],"inLanguage":"en-US"},{"@type":["Organization","Place","Store"],"@id":"https:\/\/allstarretro.com\/#organization","name":"AllStarRetro","alternateName":"AllStarRetro","url":"https:\/\/allstarretro.com\/","logo":{"@id":"https:\/\/allstarretro.com\/parduotuve\/namu-interjeras\/nostalgic-art-girl-retro-metalinis-paveikslas\/#local-main-organization-logo"},"image":{"@id":"https:\/\/allstarretro.com\/parduotuve\/namu-interjeras\/nostalgic-art-girl-retro-metalinis-paveikslas\/#local-main-organization-logo"},"sameAs":["https:\/\/www.facebook.com\/allstarretroLTU","https:\/\/twitter.com\/allstarretroLTU"],"publishingPrinciples":"https:\/\/allstarretro.com\/","ownershipFundingInfo":"https:\/\/allstarretro.com\/teises-ir-isipareigojimai\/","actionableFeedbackPolicy":"https:\/\/allstarretro.com\/privatumo-politika\/","correctionsPolicy":"https:\/\/allstarretro.com\/pristatymas-ir-taisykles\/","ethicsPolicy":"https:\/\/allstarretro.com\/teises-ir-isipareigojimai\/","diversityPolicy":"https:\/\/allstarretro.com\/privatumo-politika\/","diversityStaffingReport":"https:\/\/allstarretro.com\/privatumo-politika\/","address":{"@id":"https:\/\/allstarretro.com\/parduotuve\/namu-interjeras\/nostalgic-art-girl-retro-metalinis-paveikslas\/#local-main-place-address"},"geo":{"@type":"GeoCoordinates","latitude":"54.8733071","longitude":"23.9494226"},"telephone":["+37068673611"],"openingHoursSpecification":[{"@type":"OpeningHoursSpecification","dayOfWeek":["Monday","Tuesday","Wednesday","Thursday","Friday","Saturday","Sunday"],"opens":"09:00","closes":"17:00"}],"email":"info@allstarretro.com","areaServed":"Lithuania","vatID":"LT100013495416","priceRange":"$$","currenciesAccepted":"Euras","paymentAccepted":"Visa, mastercard"},{"@type":"PostalAddress","@id":"https:\/\/allstarretro.com\/parduotuve\/namu-interjeras\/nostalgic-art-girl-retro-metalinis-paveikslas\/#local-main-place-address","streetAddress":"L.Ivinskio 18a","addressLocality":"Kaunas","postalCode":"45151","addressRegion":"Kaunas","addressCountry":"LT"},{"@type":"ImageObject","inLanguage":"en-US","@id":"https:\/\/allstarretro.com\/parduotuve\/namu-interjeras\/nostalgic-art-girl-retro-metalinis-paveikslas\/#local-main-organization-logo","url":"https:\/\/allstarretro.com\/wp-content\/uploads\/2025\/01\/allstarretro-mini-logo.webp","contentUrl":"https:\/\/allstarretro.com\/wp-content\/uploads\/2025\/01\/allstarretro-mini-logo.webp","width":130,"height":130,"caption":"AllStarRetro"}]},"geo.placename":"Kaunas","geo.position":{"lat":"54.8733071","long":"23.9494226"},"geo.region":"Lithuania"},"_links":{"self":[{"href":"https:\/\/allstarretro.com\/en\/wp-json\/wp\/v2\/product\/32906"}],"collection":[{"href":"https:\/\/allstarretro.com\/en\/wp-json\/wp\/v2\/product"}],"about":[{"href":"https:\/\/allstarretro.com\/en\/wp-json\/wp\/v2\/types\/product"}],"replies":[{"embeddable":true,"href":"https:\/\/allstarretro.com\/en\/wp-json\/wp\/v2\/comments?post=32906"}],"wp:featuredmedia":[{"embeddable":true,"href":"https:\/\/allstarretro.com\/en\/wp-json\/wp\/v2\/media\/32683"}],"wp:attachment":[{"href":"https:\/\/allstarretro.com\/en\/wp-json\/wp\/v2\/media?parent=32906"}],"wp:term":[{"taxonomy":"product_cat","embeddable":true,"href":"https:\/\/allstarretro.com\/en\/wp-json\/wp\/v2\/product_cat?post=32906"},{"taxonomy":"product_tag","embeddable":true,"href":"https:\/\/allstarretro.com\/en\/wp-json\/wp\/v2\/product_tag?post=32906"}],"curies":[{"name":"wp","href":"https:\/\/api.w.org\/{rel}","templated":true}]}}