{"id":32908,"date":"2023-10-12T06:39:27","date_gmt":"2023-10-12T06:39:27","guid":{"rendered":"https:\/\/allstarretro.com\/?post_type=product&#038;p=32908"},"modified":"2025-01-31T10:35:24","modified_gmt":"2025-01-31T10:35:24","slug":"nostalgic-art-retro-kavos-dezute","status":"publish","type":"product","link":"https:\/\/allstarretro.com\/en\/parduotuve\/namu-interjeras\/nostalgic-art-retro-kavos-dezute\/","title":{"rendered":"Nostalgic Art Retro Kavos D\u0117\u017eut\u0117"},"content":{"rendered":"","protected":false},"excerpt":{"rendered":"<h2>ABOUT THE BOX<\/h2>\n<p>Nostalgic Art Retro Kavos D\u0117\u017eut\u0117. Retro m\u0117g\u0117jams ir kavos m\u0117g\u0117jams ypa\u010d auk\u0161tos kokyb\u0117s, matinis blizgantis ir spalvingas 1A kokyb\u0117s spaudinys. Nostalgi\u0161ko dizaino talpykla su matiniu laku ir reljefiniu motyvu aplinkui.<\/p>\n<h2>Advantages of the Retro Box<\/h2>\n<ul>\n<li>Spalvinga ir tvirta: maistui saugi metalin\u0117 1,3 litro talpos skarda, idealiai tinka kaip kavos, arbatos ar skan\u0117st\u0173 skardin\u0117, skirta laikyti kavos miltelius, arbat\u0105, kakav\u0105 ir dar daugiau, netinka indaplov\u0117je.<\/li>\n<li>\u0160auni ak\u012f traukianti priemon\u0117 ir puiki dovana: prakti\u0161ka 7,5 x 11 x 17,5 cm formato d\u0117\u017eut\u0117 su hermeti\u0161ku aromatiniu dangteliu ir plieniniu segtuku.<\/li>\n<li>Oficialus licencijuotas partneris: licencijuotas originalus produktas, \u201eSukurta Berlyne\u201c<\/li>\n<\/ul>","protected":false},"featured_media":32688,"comment_status":"open","ping_status":"closed","template":"","meta":{"inline_featured_image":false},"product_cat":[340],"product_tag":[],"class_list":["post-32908","product","type-product","status-publish","has-post-thumbnail","hentry","product_cat-namu-interjeras"],"acf":[],"yoast_head":"<!-- This site is optimized with the Yoast SEO Premium plugin v21.8 (Yoast SEO v21.8) - https:\/\/yoast.com\/wordpress\/plugins\/seo\/ -->\n<title>Nostalgic Art Retro Kavos D\u0117\u017eut\u0117<\/title>\n<meta name=\"robots\" content=\"index, follow, max-snippet:-1, max-image-preview:large, max-video-preview:-1\" \/>\n<link rel=\"canonical\" href=\"https:\/\/allstarretro.com\/en\/parduotuve\/tree-interior\/nostalgic-art-retro-kavos-dezute\/\" \/>\n<meta property=\"og:locale\" content=\"en_US\" \/>\n<meta property=\"og:type\" content=\"article\" \/>\n<meta property=\"og:title\" content=\"Nostalgic Art Retro Kavos D\u0117\u017eut\u0117\" \/>\n<meta property=\"og:description\" content=\"APIE D\u0116\u017dUT\u0118 Nostalgic Art Retro Kavos D\u0117\u017eut\u0117. Retro m\u0117g\u0117jams ir kavos m\u0117g\u0117jams ypa\u010d auk\u0161tos kokyb\u0117s, matinis blizgantis ir spalvingas 1A kokyb\u0117s spaudinys. Nostalgi\u0161ko dizaino talpykla su matiniu laku ir reljefiniu motyvu aplinkui. RETRO D\u0116\u017dUT\u0116S PRIVALUMAI   Spalvinga ir tvirta: maistui saugi metalin\u0117 1,3 litro talpos skarda, idealiai tinka kaip kavos, arbatos ar skan\u0117st\u0173 skardin\u0117, skirta laikyti kavos miltelius, arbat\u0105, kakav\u0105 ir dar daugiau, netinka indaplov\u0117je.  \u0160auni ak\u012f traukianti priemon\u0117 ir puiki dovana: prakti\u0161ka 7,5 x 11 x 17,5 cm formato d\u0117\u017eut\u0117 su hermeti\u0161ku aromatiniu dangteliu ir plieniniu segtuku.  Oficialus licencijuotas partneris: licencijuotas originalus produktas, \u201eSukurta Berlyne\u201c\" \/>\n<meta property=\"og:url\" content=\"https:\/\/allstarretro.com\/en\/parduotuve\/tree-interior\/nostalgic-art-retro-kavos-dezute\/\" \/>\n<meta property=\"og:site_name\" content=\"AllStarRetro\" \/>\n<meta property=\"article:publisher\" content=\"https:\/\/www.facebook.com\/allstarretroLTU\" \/>\n<meta property=\"article:modified_time\" content=\"2025-01-31T10:35:24+00:00\" \/>\n<meta property=\"og:image\" content=\"https:\/\/allstarretro.com\/wp-content\/uploads\/2025\/01\/retro-kavos-dezute-allstarretro.com_.webp\" \/>\n\t<meta property=\"og:image:width\" content=\"1080\" \/>\n\t<meta property=\"og:image:height\" content=\"1080\" \/>\n\t<meta property=\"og:image:type\" content=\"image\/webp\" \/>\n<meta name=\"twitter:card\" content=\"summary_large_image\" \/>\n<meta name=\"twitter:site\" content=\"@allstarretroLTU\" \/>\n<meta name=\"twitter:label1\" content=\"Price\" \/>\n\t<meta name=\"twitter:data1\" content=\"27.99&euro; 24.99&euro;\" \/>\n\t<meta name=\"twitter:label2\" content=\"Availability\" \/>\n\t<meta name=\"twitter:data2\" content=\"In stock\" \/>\n<script type=\"application\/ld+json\" class=\"yoast-schema-graph\">{\"@context\":\"https:\/\/schema.org\",\"@graph\":[{\"@type\":[\"WebPage\",\"ItemPage\"],\"@id\":\"https:\/\/allstarretro.com\/parduotuve\/namu-interjeras\/nostalgic-art-retro-kavos-dezute\/\",\"url\":\"https:\/\/allstarretro.com\/parduotuve\/namu-interjeras\/nostalgic-art-retro-kavos-dezute\/\",\"name\":\"Nostalgic Art Retro Kavos D\u0117\u017eut\u0117\",\"isPartOf\":{\"@id\":\"https:\/\/allstarretro.com\/#website\"},\"datePublished\":\"2023-10-12T06:39:27+00:00\",\"dateModified\":\"2025-01-31T10:35:24+00:00\",\"breadcrumb\":{\"@id\":\"https:\/\/allstarretro.com\/parduotuve\/namu-interjeras\/nostalgic-art-retro-kavos-dezute\/#breadcrumb\"},\"inLanguage\":\"en-US\",\"potentialAction\":[{\"@type\":\"ReadAction\",\"target\":[\"https:\/\/allstarretro.com\/parduotuve\/namu-interjeras\/nostalgic-art-retro-kavos-dezute\/\"]}]},{\"@type\":\"BreadcrumbList\",\"@id\":\"https:\/\/allstarretro.com\/parduotuve\/namu-interjeras\/nostalgic-art-retro-kavos-dezute\/#breadcrumb\",\"itemListElement\":[{\"@type\":\"ListItem\",\"position\":1,\"name\":\"Home\",\"item\":\"https:\/\/allstarretro.com\/\"},{\"@type\":\"ListItem\",\"position\":2,\"name\":\"Retro Stiliaus Nostalgijos Ir Vinta\u017eo Parduotuv\u0117\",\"item\":\"https:\/\/allstarretro.com\/parduotuve\/\"},{\"@type\":\"ListItem\",\"position\":3,\"name\":\"Nostalgic Art Retro Kavos D\u0117\u017eut\u0117\"}]},{\"@type\":\"WebSite\",\"@id\":\"https:\/\/allstarretro.com\/#website\",\"url\":\"https:\/\/allstarretro.com\/\",\"name\":\"AllStarRetro\",\"description\":\"Retro Laikotarpio Stiliaus Produktai | AllStarRetro\",\"publisher\":{\"@id\":\"https:\/\/allstarretro.com\/#organization\"},\"alternateName\":\"AllStarRetro\",\"potentialAction\":[{\"@type\":\"SearchAction\",\"target\":{\"@type\":\"EntryPoint\",\"urlTemplate\":\"https:\/\/allstarretro.com\/?s={search_term_string}\"},\"query-input\":\"required name=search_term_string\"}],\"inLanguage\":\"en-US\"},{\"@type\":[\"Organization\",\"Place\",\"Store\"],\"@id\":\"https:\/\/allstarretro.com\/#organization\",\"name\":\"AllStarRetro\",\"alternateName\":\"AllStarRetro\",\"url\":\"https:\/\/allstarretro.com\/\",\"logo\":{\"@id\":\"https:\/\/allstarretro.com\/parduotuve\/namu-interjeras\/nostalgic-art-retro-kavos-dezute\/#local-main-organization-logo\"},\"image\":{\"@id\":\"https:\/\/allstarretro.com\/parduotuve\/namu-interjeras\/nostalgic-art-retro-kavos-dezute\/#local-main-organization-logo\"},\"sameAs\":[\"https:\/\/www.facebook.com\/allstarretroLTU\",\"https:\/\/twitter.com\/allstarretroLTU\"],\"publishingPrinciples\":\"https:\/\/allstarretro.com\/\",\"ownershipFundingInfo\":\"https:\/\/allstarretro.com\/teises-ir-isipareigojimai\/\",\"actionableFeedbackPolicy\":\"https:\/\/allstarretro.com\/privatumo-politika\/\",\"correctionsPolicy\":\"https:\/\/allstarretro.com\/pristatymas-ir-taisykles\/\",\"ethicsPolicy\":\"https:\/\/allstarretro.com\/teises-ir-isipareigojimai\/\",\"diversityPolicy\":\"https:\/\/allstarretro.com\/privatumo-politika\/\",\"diversityStaffingReport\":\"https:\/\/allstarretro.com\/privatumo-politika\/\",\"address\":{\"@id\":\"https:\/\/allstarretro.com\/parduotuve\/namu-interjeras\/nostalgic-art-retro-kavos-dezute\/#local-main-place-address\"},\"geo\":{\"@type\":\"GeoCoordinates\",\"latitude\":\"54.8733071\",\"longitude\":\"23.9494226\"},\"telephone\":[\"+37068673611\"],\"openingHoursSpecification\":[{\"@type\":\"OpeningHoursSpecification\",\"dayOfWeek\":[\"Monday\",\"Tuesday\",\"Wednesday\",\"Thursday\",\"Friday\",\"Saturday\",\"Sunday\"],\"opens\":\"09:00\",\"closes\":\"17:00\"}],\"email\":\"info@allstarretro.com\",\"areaServed\":\"Lithuania\",\"vatID\":\"LT100013495416\",\"priceRange\":\"$$\",\"currenciesAccepted\":\"Euras\",\"paymentAccepted\":\"Visa, mastercard\"},{\"@type\":\"PostalAddress\",\"@id\":\"https:\/\/allstarretro.com\/parduotuve\/namu-interjeras\/nostalgic-art-retro-kavos-dezute\/#local-main-place-address\",\"streetAddress\":\"L.Ivinskio 18a\",\"addressLocality\":\"Kaunas\",\"postalCode\":\"45151\",\"addressRegion\":\"Kaunas\",\"addressCountry\":\"LT\"},{\"@type\":\"ImageObject\",\"inLanguage\":\"en-US\",\"@id\":\"https:\/\/allstarretro.com\/parduotuve\/namu-interjeras\/nostalgic-art-retro-kavos-dezute\/#local-main-organization-logo\",\"url\":\"https:\/\/allstarretro.com\/wp-content\/uploads\/2025\/01\/allstarretro-mini-logo.webp\",\"contentUrl\":\"https:\/\/allstarretro.com\/wp-content\/uploads\/2025\/01\/allstarretro-mini-logo.webp\",\"width\":130,\"height\":130,\"caption\":\"AllStarRetro\"}]}<\/script>\n<meta name=\"geo.placename\" content=\"Kaunas\" \/>\n<meta name=\"geo.position\" content=\"54.8733071;23.9494226\" \/>\n<meta name=\"geo.region\" content=\"Lithuania\" \/>\n<!-- \/ Yoast SEO Premium plugin. -->","yoast_head_json":{"title":"Nostalgic Art Retro Kavos D\u0117\u017eut\u0117","robots":{"index":"index","follow":"follow","max-snippet":"max-snippet:-1","max-image-preview":"max-image-preview:large","max-video-preview":"max-video-preview:-1"},"canonical":"https:\/\/allstarretro.com\/en\/parduotuve\/tree-interior\/nostalgic-art-retro-kavos-dezute\/","og_locale":"en_US","og_type":"article","og_title":"Nostalgic Art Retro Kavos D\u0117\u017eut\u0117","og_description":"APIE D\u0116\u017dUT\u0118 Nostalgic Art Retro Kavos D\u0117\u017eut\u0117. Retro m\u0117g\u0117jams ir kavos m\u0117g\u0117jams ypa\u010d auk\u0161tos kokyb\u0117s, matinis blizgantis ir spalvingas 1A kokyb\u0117s spaudinys. Nostalgi\u0161ko dizaino talpykla su matiniu laku ir reljefiniu motyvu aplinkui. RETRO D\u0116\u017dUT\u0116S PRIVALUMAI   Spalvinga ir tvirta: maistui saugi metalin\u0117 1,3 litro talpos skarda, idealiai tinka kaip kavos, arbatos ar skan\u0117st\u0173 skardin\u0117, skirta laikyti kavos miltelius, arbat\u0105, kakav\u0105 ir dar daugiau, netinka indaplov\u0117je.  \u0160auni ak\u012f traukianti priemon\u0117 ir puiki dovana: prakti\u0161ka 7,5 x 11 x 17,5 cm formato d\u0117\u017eut\u0117 su hermeti\u0161ku aromatiniu dangteliu ir plieniniu segtuku.  Oficialus licencijuotas partneris: licencijuotas originalus produktas, \u201eSukurta Berlyne\u201c","og_url":"https:\/\/allstarretro.com\/en\/parduotuve\/tree-interior\/nostalgic-art-retro-kavos-dezute\/","og_site_name":"AllStarRetro","article_publisher":"https:\/\/www.facebook.com\/allstarretroLTU","article_modified_time":"2025-01-31T10:35:24+00:00","og_image":[{"width":1080,"height":1080,"url":"https:\/\/allstarretro.com\/wp-content\/uploads\/2025\/01\/retro-kavos-dezute-allstarretro.com_.webp","type":"image\/webp"}],"twitter_card":"summary_large_image","twitter_site":"@allstarretroLTU","twitter_misc":{"Price":"27.99&euro; 24.99&euro;","Availability":"In stock"},"schema":{"@context":"https:\/\/schema.org","@graph":[{"@type":["WebPage","ItemPage"],"@id":"https:\/\/allstarretro.com\/parduotuve\/namu-interjeras\/nostalgic-art-retro-kavos-dezute\/","url":"https:\/\/allstarretro.com\/parduotuve\/namu-interjeras\/nostalgic-art-retro-kavos-dezute\/","name":"Nostalgic Art Retro Kavos D\u0117\u017eut\u0117","isPartOf":{"@id":"https:\/\/allstarretro.com\/#website"},"datePublished":"2023-10-12T06:39:27+00:00","dateModified":"2025-01-31T10:35:24+00:00","breadcrumb":{"@id":"https:\/\/allstarretro.com\/parduotuve\/namu-interjeras\/nostalgic-art-retro-kavos-dezute\/#breadcrumb"},"inLanguage":"en-US","potentialAction":[{"@type":"ReadAction","target":["https:\/\/allstarretro.com\/parduotuve\/namu-interjeras\/nostalgic-art-retro-kavos-dezute\/"]}]},{"@type":"BreadcrumbList","@id":"https:\/\/allstarretro.com\/parduotuve\/namu-interjeras\/nostalgic-art-retro-kavos-dezute\/#breadcrumb","itemListElement":[{"@type":"ListItem","position":1,"name":"Home","item":"https:\/\/allstarretro.com\/"},{"@type":"ListItem","position":2,"name":"Retro Stiliaus Nostalgijos Ir Vinta\u017eo Parduotuv\u0117","item":"https:\/\/allstarretro.com\/parduotuve\/"},{"@type":"ListItem","position":3,"name":"Nostalgic Art Retro Kavos D\u0117\u017eut\u0117"}]},{"@type":"WebSite","@id":"https:\/\/allstarretro.com\/#website","url":"https:\/\/allstarretro.com\/","name":"AllStarRetro","description":"Retro Era Style Products | AllStarRetro","publisher":{"@id":"https:\/\/allstarretro.com\/#organization"},"alternateName":"AllStarRetro","potentialAction":[{"@type":"SearchAction","target":{"@type":"EntryPoint","urlTemplate":"https:\/\/allstarretro.com\/?s={search_term_string}"},"query-input":"required name=search_term_string"}],"inLanguage":"en-US"},{"@type":["Organization","Place","Store"],"@id":"https:\/\/allstarretro.com\/#organization","name":"AllStarRetro","alternateName":"AllStarRetro","url":"https:\/\/allstarretro.com\/","logo":{"@id":"https:\/\/allstarretro.com\/parduotuve\/namu-interjeras\/nostalgic-art-retro-kavos-dezute\/#local-main-organization-logo"},"image":{"@id":"https:\/\/allstarretro.com\/parduotuve\/namu-interjeras\/nostalgic-art-retro-kavos-dezute\/#local-main-organization-logo"},"sameAs":["https:\/\/www.facebook.com\/allstarretroLTU","https:\/\/twitter.com\/allstarretroLTU"],"publishingPrinciples":"https:\/\/allstarretro.com\/","ownershipFundingInfo":"https:\/\/allstarretro.com\/teises-ir-isipareigojimai\/","actionableFeedbackPolicy":"https:\/\/allstarretro.com\/privatumo-politika\/","correctionsPolicy":"https:\/\/allstarretro.com\/pristatymas-ir-taisykles\/","ethicsPolicy":"https:\/\/allstarretro.com\/teises-ir-isipareigojimai\/","diversityPolicy":"https:\/\/allstarretro.com\/privatumo-politika\/","diversityStaffingReport":"https:\/\/allstarretro.com\/privatumo-politika\/","address":{"@id":"https:\/\/allstarretro.com\/parduotuve\/namu-interjeras\/nostalgic-art-retro-kavos-dezute\/#local-main-place-address"},"geo":{"@type":"GeoCoordinates","latitude":"54.8733071","longitude":"23.9494226"},"telephone":["+37068673611"],"openingHoursSpecification":[{"@type":"OpeningHoursSpecification","dayOfWeek":["Monday","Tuesday","Wednesday","Thursday","Friday","Saturday","Sunday"],"opens":"09:00","closes":"17:00"}],"email":"info@allstarretro.com","areaServed":"Lithuania","vatID":"LT100013495416","priceRange":"$$","currenciesAccepted":"Euras","paymentAccepted":"Visa, mastercard"},{"@type":"PostalAddress","@id":"https:\/\/allstarretro.com\/parduotuve\/namu-interjeras\/nostalgic-art-retro-kavos-dezute\/#local-main-place-address","streetAddress":"L.Ivinskio 18a","addressLocality":"Kaunas","postalCode":"45151","addressRegion":"Kaunas","addressCountry":"LT"},{"@type":"ImageObject","inLanguage":"en-US","@id":"https:\/\/allstarretro.com\/parduotuve\/namu-interjeras\/nostalgic-art-retro-kavos-dezute\/#local-main-organization-logo","url":"https:\/\/allstarretro.com\/wp-content\/uploads\/2025\/01\/allstarretro-mini-logo.webp","contentUrl":"https:\/\/allstarretro.com\/wp-content\/uploads\/2025\/01\/allstarretro-mini-logo.webp","width":130,"height":130,"caption":"AllStarRetro"}]},"geo.placename":"Kaunas","geo.position":{"lat":"54.8733071","long":"23.9494226"},"geo.region":"Lithuania"},"_links":{"self":[{"href":"https:\/\/allstarretro.com\/en\/wp-json\/wp\/v2\/product\/32908"}],"collection":[{"href":"https:\/\/allstarretro.com\/en\/wp-json\/wp\/v2\/product"}],"about":[{"href":"https:\/\/allstarretro.com\/en\/wp-json\/wp\/v2\/types\/product"}],"replies":[{"embeddable":true,"href":"https:\/\/allstarretro.com\/en\/wp-json\/wp\/v2\/comments?post=32908"}],"wp:featuredmedia":[{"embeddable":true,"href":"https:\/\/allstarretro.com\/en\/wp-json\/wp\/v2\/media\/32688"}],"wp:attachment":[{"href":"https:\/\/allstarretro.com\/en\/wp-json\/wp\/v2\/media?parent=32908"}],"wp:term":[{"taxonomy":"product_cat","embeddable":true,"href":"https:\/\/allstarretro.com\/en\/wp-json\/wp\/v2\/product_cat?post=32908"},{"taxonomy":"product_tag","embeddable":true,"href":"https:\/\/allstarretro.com\/en\/wp-json\/wp\/v2\/product_tag?post=32908"}],"curies":[{"name":"wp","href":"https:\/\/api.w.org\/{rel}","templated":true}]}}