{"id":32914,"date":"2023-10-18T09:16:35","date_gmt":"2023-10-18T09:16:35","guid":{"rendered":"https:\/\/allstarretro.com\/?post_type=product&#038;p=32914"},"modified":"2025-01-31T10:27:38","modified_gmt":"2025-01-31T10:27:38","slug":"ewa-eco-wood-art-patefonas-3d-puzzle","status":"publish","type":"product","link":"https:\/\/allstarretro.com\/en\/parduotuve\/namu-interjeras\/ewa-eco-wood-art-patefonas-3d-puzzle\/","title":{"rendered":"EWA Eco Wood Art Record Player 3D Puzzle"},"content":{"rendered":"","protected":false},"excerpt":{"rendered":"<h2>APIE PATEFON\u0104<\/h2>\n<p>EWA Eco Wood Art Patefonas 3D Puzzle. Puikus konstrukcinis antikvarin\u0117s muzikos rinkinys vinilin\u0117ms plok\u0161tel\u0117ms i\u0161 nat\u016brali\u0173 med\u017eiag\u0173! Mechaniniame modelyje yra vinilin\u0117s plok\u0161tel\u0117s imitacija, kuri sukasi sukant nuimam\u0105 ranken\u0117l\u0119, ir dvi papuo\u0161al\u0173 d\u0117\u017eut\u0117s modelio apa\u010dioje. Naudotojo patogumui kai kurie konstrukciniai komplektai komplektuojami su papildomais elementais, palengvinan\u010diais surinkimo proces\u0105 ir\/ar u\u017etikrinan\u010diais mechanini\u0173 element\u0173 ir mechanizm\u0173 funkcionalum\u0105 (gumyt\u0117s, pagaliukai, dant\u0173 krap\u0161tukai, s\u0105var\u017e\u0117l\u0117s, \u0161vitrinis popierius, parafinas ir kt.).<\/p>\n<h2>PUZZLE BENEFITS<\/h2>\n<ul>\n<li>Nereikia nei klij\u0173, nei \u017eirkli\u0173. Viskas, ko jums reikia, yra vadovas ir \u0161iek tiek laisvo laiko.<\/li>\n<li>Preki\u0173 am\u017eiaus kategorija yra 14+.<\/li>\n<li>gaminiai yra pagaminti i\u0161 auk\u0161tos kokyb\u0117s sertifikuotos poliruotos fan\u0117ros.<\/li>\n<\/ul>","protected":false},"featured_media":32703,"comment_status":"open","ping_status":"closed","template":"","meta":{"inline_featured_image":false},"product_cat":[339,340],"product_tag":[],"class_list":["post-32914","product","type-product","status-publish","has-post-thumbnail","hentry","product_cat-zaidimai","product_cat-namu-interjeras"],"acf":[],"yoast_head":"<!-- This site is optimized with the Yoast SEO Premium plugin v21.8 (Yoast SEO v21.8) - https:\/\/yoast.com\/wordpress\/plugins\/seo\/ -->\n<title>EWA Eco Wood Art Patefonas 3D Puzzle<\/title>\n<meta name=\"robots\" content=\"index, follow, max-snippet:-1, max-image-preview:large, max-video-preview:-1\" \/>\n<link rel=\"canonical\" href=\"https:\/\/allstarretro.com\/en\/parduotuve\/tree-interior\/ewa-eco-wood-art-patefonas-3d-puzzle\/\" \/>\n<meta property=\"og:locale\" content=\"en_US\" \/>\n<meta property=\"og:type\" content=\"article\" \/>\n<meta property=\"og:title\" content=\"EWA Eco Wood Art Patefonas 3D Puzzle\" \/>\n<meta property=\"og:description\" content=\"APIE PATEFON\u0104 EWA Eco Wood Art Patefonas 3D Puzzle. Puikus konstrukcinis antikvarin\u0117s muzikos rinkinys vinilin\u0117ms plok\u0161tel\u0117ms i\u0161 nat\u016brali\u0173 med\u017eiag\u0173! Mechaniniame modelyje yra vinilin\u0117s plok\u0161tel\u0117s imitacija, kuri sukasi sukant nuimam\u0105 ranken\u0117l\u0119, ir dvi papuo\u0161al\u0173 d\u0117\u017eut\u0117s modelio apa\u010dioje. Naudotojo patogumui kai kurie konstrukciniai komplektai komplektuojami su papildomais elementais, palengvinan\u010diais surinkimo proces\u0105 ir\/ar u\u017etikrinan\u010diais mechanini\u0173 element\u0173 ir mechanizm\u0173 funkcionalum\u0105 (gumyt\u0117s, pagaliukai, dant\u0173 krap\u0161tukai, s\u0105var\u017e\u0117l\u0117s, \u0161vitrinis popierius, parafinas ir kt.). PUZL\u0116S PRIVALUMAI   Nereikia nei klij\u0173, nei \u017eirkli\u0173. Viskas, ko jums reikia, yra vadovas ir \u0161iek tiek laisvo laiko.  Preki\u0173 am\u017eiaus kategorija yra 14+.  gaminiai yra pagaminti i\u0161 auk\u0161tos kokyb\u0117s sertifikuotos poliruotos fan\u0117ros.\" \/>\n<meta property=\"og:url\" content=\"https:\/\/allstarretro.com\/en\/parduotuve\/tree-interior\/ewa-eco-wood-art-patefonas-3d-puzzle\/\" \/>\n<meta property=\"og:site_name\" content=\"AllStarRetro\" \/>\n<meta property=\"article:publisher\" content=\"https:\/\/www.facebook.com\/allstarretroLTU\" \/>\n<meta property=\"article:modified_time\" content=\"2025-01-31T10:27:38+00:00\" \/>\n<meta property=\"og:image\" content=\"https:\/\/allstarretro.com\/wp-content\/uploads\/2025\/01\/medinukas-allstarretro.com_.webp\" \/>\n\t<meta property=\"og:image:width\" content=\"1080\" \/>\n\t<meta property=\"og:image:height\" content=\"1080\" \/>\n\t<meta property=\"og:image:type\" content=\"image\/webp\" \/>\n<meta name=\"twitter:card\" content=\"summary_large_image\" \/>\n<meta name=\"twitter:site\" content=\"@allstarretroLTU\" \/>\n<meta name=\"twitter:label1\" content=\"Price\" \/>\n\t<meta name=\"twitter:data1\" content=\"39.99&euro;\" \/>\n\t<meta name=\"twitter:label2\" content=\"Availability\" \/>\n\t<meta name=\"twitter:data2\" content=\"In stock\" \/>\n<script type=\"application\/ld+json\" class=\"yoast-schema-graph\">{\"@context\":\"https:\/\/schema.org\",\"@graph\":[{\"@type\":[\"WebPage\",\"ItemPage\"],\"@id\":\"https:\/\/allstarretro.com\/parduotuve\/namu-interjeras\/ewa-eco-wood-art-patefonas-3d-puzzle\/\",\"url\":\"https:\/\/allstarretro.com\/parduotuve\/namu-interjeras\/ewa-eco-wood-art-patefonas-3d-puzzle\/\",\"name\":\"EWA Eco Wood Art Patefonas 3D Puzzle\",\"isPartOf\":{\"@id\":\"https:\/\/allstarretro.com\/#website\"},\"datePublished\":\"2023-10-18T09:16:35+00:00\",\"dateModified\":\"2025-01-31T10:27:38+00:00\",\"breadcrumb\":{\"@id\":\"https:\/\/allstarretro.com\/parduotuve\/namu-interjeras\/ewa-eco-wood-art-patefonas-3d-puzzle\/#breadcrumb\"},\"inLanguage\":\"en-US\",\"potentialAction\":[{\"@type\":\"ReadAction\",\"target\":[\"https:\/\/allstarretro.com\/parduotuve\/namu-interjeras\/ewa-eco-wood-art-patefonas-3d-puzzle\/\"]}]},{\"@type\":\"BreadcrumbList\",\"@id\":\"https:\/\/allstarretro.com\/parduotuve\/namu-interjeras\/ewa-eco-wood-art-patefonas-3d-puzzle\/#breadcrumb\",\"itemListElement\":[{\"@type\":\"ListItem\",\"position\":1,\"name\":\"Home\",\"item\":\"https:\/\/allstarretro.com\/\"},{\"@type\":\"ListItem\",\"position\":2,\"name\":\"Retro Stiliaus Nostalgijos Ir Vinta\u017eo Parduotuv\u0117\",\"item\":\"https:\/\/allstarretro.com\/parduotuve\/\"},{\"@type\":\"ListItem\",\"position\":3,\"name\":\"EWA Eco Wood Art Patefonas 3D Puzzle\"}]},{\"@type\":\"WebSite\",\"@id\":\"https:\/\/allstarretro.com\/#website\",\"url\":\"https:\/\/allstarretro.com\/\",\"name\":\"AllStarRetro\",\"description\":\"Retro Laikotarpio Stiliaus Produktai | AllStarRetro\",\"publisher\":{\"@id\":\"https:\/\/allstarretro.com\/#organization\"},\"alternateName\":\"AllStarRetro\",\"potentialAction\":[{\"@type\":\"SearchAction\",\"target\":{\"@type\":\"EntryPoint\",\"urlTemplate\":\"https:\/\/allstarretro.com\/?s={search_term_string}\"},\"query-input\":\"required name=search_term_string\"}],\"inLanguage\":\"en-US\"},{\"@type\":[\"Organization\",\"Place\",\"Store\"],\"@id\":\"https:\/\/allstarretro.com\/#organization\",\"name\":\"AllStarRetro\",\"alternateName\":\"AllStarRetro\",\"url\":\"https:\/\/allstarretro.com\/\",\"logo\":{\"@id\":\"https:\/\/allstarretro.com\/parduotuve\/namu-interjeras\/ewa-eco-wood-art-patefonas-3d-puzzle\/#local-main-organization-logo\"},\"image\":{\"@id\":\"https:\/\/allstarretro.com\/parduotuve\/namu-interjeras\/ewa-eco-wood-art-patefonas-3d-puzzle\/#local-main-organization-logo\"},\"sameAs\":[\"https:\/\/www.facebook.com\/allstarretroLTU\",\"https:\/\/twitter.com\/allstarretroLTU\"],\"publishingPrinciples\":\"https:\/\/allstarretro.com\/\",\"ownershipFundingInfo\":\"https:\/\/allstarretro.com\/teises-ir-isipareigojimai\/\",\"actionableFeedbackPolicy\":\"https:\/\/allstarretro.com\/privatumo-politika\/\",\"correctionsPolicy\":\"https:\/\/allstarretro.com\/pristatymas-ir-taisykles\/\",\"ethicsPolicy\":\"https:\/\/allstarretro.com\/teises-ir-isipareigojimai\/\",\"diversityPolicy\":\"https:\/\/allstarretro.com\/privatumo-politika\/\",\"diversityStaffingReport\":\"https:\/\/allstarretro.com\/privatumo-politika\/\",\"address\":{\"@id\":\"https:\/\/allstarretro.com\/parduotuve\/namu-interjeras\/ewa-eco-wood-art-patefonas-3d-puzzle\/#local-main-place-address\"},\"geo\":{\"@type\":\"GeoCoordinates\",\"latitude\":\"54.8733071\",\"longitude\":\"23.9494226\"},\"telephone\":[\"+37068673611\"],\"openingHoursSpecification\":[{\"@type\":\"OpeningHoursSpecification\",\"dayOfWeek\":[\"Monday\",\"Tuesday\",\"Wednesday\",\"Thursday\",\"Friday\",\"Saturday\",\"Sunday\"],\"opens\":\"09:00\",\"closes\":\"17:00\"}],\"email\":\"info@allstarretro.com\",\"areaServed\":\"Lithuania\",\"vatID\":\"LT100013495416\",\"priceRange\":\"$$\",\"currenciesAccepted\":\"Euras\",\"paymentAccepted\":\"Visa, mastercard\"},{\"@type\":\"PostalAddress\",\"@id\":\"https:\/\/allstarretro.com\/parduotuve\/namu-interjeras\/ewa-eco-wood-art-patefonas-3d-puzzle\/#local-main-place-address\",\"streetAddress\":\"L.Ivinskio 18a\",\"addressLocality\":\"Kaunas\",\"postalCode\":\"45151\",\"addressRegion\":\"Kaunas\",\"addressCountry\":\"LT\"},{\"@type\":\"ImageObject\",\"inLanguage\":\"en-US\",\"@id\":\"https:\/\/allstarretro.com\/parduotuve\/namu-interjeras\/ewa-eco-wood-art-patefonas-3d-puzzle\/#local-main-organization-logo\",\"url\":\"https:\/\/allstarretro.com\/wp-content\/uploads\/2025\/01\/allstarretro-mini-logo.webp\",\"contentUrl\":\"https:\/\/allstarretro.com\/wp-content\/uploads\/2025\/01\/allstarretro-mini-logo.webp\",\"width\":130,\"height\":130,\"caption\":\"AllStarRetro\"}]}<\/script>\n<meta name=\"geo.placename\" content=\"Kaunas\" \/>\n<meta name=\"geo.position\" content=\"54.8733071;23.9494226\" \/>\n<meta name=\"geo.region\" content=\"Lithuania\" \/>\n<!-- \/ Yoast SEO Premium plugin. -->","yoast_head_json":{"title":"EWA Eco Wood Art Record Player 3D Puzzle","robots":{"index":"index","follow":"follow","max-snippet":"max-snippet:-1","max-image-preview":"max-image-preview:large","max-video-preview":"max-video-preview:-1"},"canonical":"https:\/\/allstarretro.com\/en\/parduotuve\/tree-interior\/ewa-eco-wood-art-patefonas-3d-puzzle\/","og_locale":"en_US","og_type":"article","og_title":"EWA Eco Wood Art Patefonas 3D Puzzle","og_description":"APIE PATEFON\u0104 EWA Eco Wood Art Patefonas 3D Puzzle. Puikus konstrukcinis antikvarin\u0117s muzikos rinkinys vinilin\u0117ms plok\u0161tel\u0117ms i\u0161 nat\u016brali\u0173 med\u017eiag\u0173! Mechaniniame modelyje yra vinilin\u0117s plok\u0161tel\u0117s imitacija, kuri sukasi sukant nuimam\u0105 ranken\u0117l\u0119, ir dvi papuo\u0161al\u0173 d\u0117\u017eut\u0117s modelio apa\u010dioje. Naudotojo patogumui kai kurie konstrukciniai komplektai komplektuojami su papildomais elementais, palengvinan\u010diais surinkimo proces\u0105 ir\/ar u\u017etikrinan\u010diais mechanini\u0173 element\u0173 ir mechanizm\u0173 funkcionalum\u0105 (gumyt\u0117s, pagaliukai, dant\u0173 krap\u0161tukai, s\u0105var\u017e\u0117l\u0117s, \u0161vitrinis popierius, parafinas ir kt.). PUZL\u0116S PRIVALUMAI   Nereikia nei klij\u0173, nei \u017eirkli\u0173. Viskas, ko jums reikia, yra vadovas ir \u0161iek tiek laisvo laiko.  Preki\u0173 am\u017eiaus kategorija yra 14+.  gaminiai yra pagaminti i\u0161 auk\u0161tos kokyb\u0117s sertifikuotos poliruotos fan\u0117ros.","og_url":"https:\/\/allstarretro.com\/en\/parduotuve\/tree-interior\/ewa-eco-wood-art-patefonas-3d-puzzle\/","og_site_name":"AllStarRetro","article_publisher":"https:\/\/www.facebook.com\/allstarretroLTU","article_modified_time":"2025-01-31T10:27:38+00:00","og_image":[{"width":1080,"height":1080,"url":"https:\/\/allstarretro.com\/wp-content\/uploads\/2025\/01\/medinukas-allstarretro.com_.webp","type":"image\/webp"}],"twitter_card":"summary_large_image","twitter_site":"@allstarretroLTU","twitter_misc":{"Price":"39.99&euro;","Availability":"In stock"},"schema":{"@context":"https:\/\/schema.org","@graph":[{"@type":["WebPage","ItemPage"],"@id":"https:\/\/allstarretro.com\/parduotuve\/namu-interjeras\/ewa-eco-wood-art-patefonas-3d-puzzle\/","url":"https:\/\/allstarretro.com\/parduotuve\/namu-interjeras\/ewa-eco-wood-art-patefonas-3d-puzzle\/","name":"EWA Eco Wood Art Record Player 3D Puzzle","isPartOf":{"@id":"https:\/\/allstarretro.com\/#website"},"datePublished":"2023-10-18T09:16:35+00:00","dateModified":"2025-01-31T10:27:38+00:00","breadcrumb":{"@id":"https:\/\/allstarretro.com\/parduotuve\/namu-interjeras\/ewa-eco-wood-art-patefonas-3d-puzzle\/#breadcrumb"},"inLanguage":"en-US","potentialAction":[{"@type":"ReadAction","target":["https:\/\/allstarretro.com\/parduotuve\/namu-interjeras\/ewa-eco-wood-art-patefonas-3d-puzzle\/"]}]},{"@type":"BreadcrumbList","@id":"https:\/\/allstarretro.com\/parduotuve\/namu-interjeras\/ewa-eco-wood-art-patefonas-3d-puzzle\/#breadcrumb","itemListElement":[{"@type":"ListItem","position":1,"name":"Home","item":"https:\/\/allstarretro.com\/"},{"@type":"ListItem","position":2,"name":"Retro Stiliaus Nostalgijos Ir Vinta\u017eo Parduotuv\u0117","item":"https:\/\/allstarretro.com\/parduotuve\/"},{"@type":"ListItem","position":3,"name":"EWA Eco Wood Art Patefonas 3D Puzzle"}]},{"@type":"WebSite","@id":"https:\/\/allstarretro.com\/#website","url":"https:\/\/allstarretro.com\/","name":"AllStarRetro","description":"Retro Era Style Products | AllStarRetro","publisher":{"@id":"https:\/\/allstarretro.com\/#organization"},"alternateName":"AllStarRetro","potentialAction":[{"@type":"SearchAction","target":{"@type":"EntryPoint","urlTemplate":"https:\/\/allstarretro.com\/?s={search_term_string}"},"query-input":"required name=search_term_string"}],"inLanguage":"en-US"},{"@type":["Organization","Place","Store"],"@id":"https:\/\/allstarretro.com\/#organization","name":"AllStarRetro","alternateName":"AllStarRetro","url":"https:\/\/allstarretro.com\/","logo":{"@id":"https:\/\/allstarretro.com\/parduotuve\/namu-interjeras\/ewa-eco-wood-art-patefonas-3d-puzzle\/#local-main-organization-logo"},"image":{"@id":"https:\/\/allstarretro.com\/parduotuve\/namu-interjeras\/ewa-eco-wood-art-patefonas-3d-puzzle\/#local-main-organization-logo"},"sameAs":["https:\/\/www.facebook.com\/allstarretroLTU","https:\/\/twitter.com\/allstarretroLTU"],"publishingPrinciples":"https:\/\/allstarretro.com\/","ownershipFundingInfo":"https:\/\/allstarretro.com\/teises-ir-isipareigojimai\/","actionableFeedbackPolicy":"https:\/\/allstarretro.com\/privatumo-politika\/","correctionsPolicy":"https:\/\/allstarretro.com\/pristatymas-ir-taisykles\/","ethicsPolicy":"https:\/\/allstarretro.com\/teises-ir-isipareigojimai\/","diversityPolicy":"https:\/\/allstarretro.com\/privatumo-politika\/","diversityStaffingReport":"https:\/\/allstarretro.com\/privatumo-politika\/","address":{"@id":"https:\/\/allstarretro.com\/parduotuve\/namu-interjeras\/ewa-eco-wood-art-patefonas-3d-puzzle\/#local-main-place-address"},"geo":{"@type":"GeoCoordinates","latitude":"54.8733071","longitude":"23.9494226"},"telephone":["+37068673611"],"openingHoursSpecification":[{"@type":"OpeningHoursSpecification","dayOfWeek":["Monday","Tuesday","Wednesday","Thursday","Friday","Saturday","Sunday"],"opens":"09:00","closes":"17:00"}],"email":"info@allstarretro.com","areaServed":"Lithuania","vatID":"LT100013495416","priceRange":"$$","currenciesAccepted":"Euras","paymentAccepted":"Visa, mastercard"},{"@type":"PostalAddress","@id":"https:\/\/allstarretro.com\/parduotuve\/namu-interjeras\/ewa-eco-wood-art-patefonas-3d-puzzle\/#local-main-place-address","streetAddress":"L.Ivinskio 18a","addressLocality":"Kaunas","postalCode":"45151","addressRegion":"Kaunas","addressCountry":"LT"},{"@type":"ImageObject","inLanguage":"en-US","@id":"https:\/\/allstarretro.com\/parduotuve\/namu-interjeras\/ewa-eco-wood-art-patefonas-3d-puzzle\/#local-main-organization-logo","url":"https:\/\/allstarretro.com\/wp-content\/uploads\/2025\/01\/allstarretro-mini-logo.webp","contentUrl":"https:\/\/allstarretro.com\/wp-content\/uploads\/2025\/01\/allstarretro-mini-logo.webp","width":130,"height":130,"caption":"AllStarRetro"}]},"geo.placename":"Kaunas","geo.position":{"lat":"54.8733071","long":"23.9494226"},"geo.region":"Lithuania"},"_links":{"self":[{"href":"https:\/\/allstarretro.com\/en\/wp-json\/wp\/v2\/product\/32914"}],"collection":[{"href":"https:\/\/allstarretro.com\/en\/wp-json\/wp\/v2\/product"}],"about":[{"href":"https:\/\/allstarretro.com\/en\/wp-json\/wp\/v2\/types\/product"}],"replies":[{"embeddable":true,"href":"https:\/\/allstarretro.com\/en\/wp-json\/wp\/v2\/comments?post=32914"}],"wp:featuredmedia":[{"embeddable":true,"href":"https:\/\/allstarretro.com\/en\/wp-json\/wp\/v2\/media\/32703"}],"wp:attachment":[{"href":"https:\/\/allstarretro.com\/en\/wp-json\/wp\/v2\/media?parent=32914"}],"wp:term":[{"taxonomy":"product_cat","embeddable":true,"href":"https:\/\/allstarretro.com\/en\/wp-json\/wp\/v2\/product_cat?post=32914"},{"taxonomy":"product_tag","embeddable":true,"href":"https:\/\/allstarretro.com\/en\/wp-json\/wp\/v2\/product_tag?post=32914"}],"curies":[{"name":"wp","href":"https:\/\/api.w.org\/{rel}","templated":true}]}}