{"id":32915,"date":"2023-10-18T09:35:10","date_gmt":"2023-10-18T09:35:10","guid":{"rendered":"https:\/\/allstarretro.com\/?post_type=product&#038;p=32915"},"modified":"2025-01-31T10:29:33","modified_gmt":"2025-01-31T10:29:33","slug":"fresh-coffee-house-interior-decoration","status":"publish","type":"product","link":"https:\/\/allstarretro.com\/en\/parduotuve\/namu-interjeras\/fsveyl-fresh-coffee-house-sienine-dekoracija\/","title":{"rendered":"Fsveyl Fresh Coffee House Wall Decoration"},"content":{"rendered":"","protected":false},"excerpt":{"rendered":"<h2>HOUSE DECORATION<\/h2>\n<p>Fsveyl Fresh Coffee House Wall Decor. High-quality metal design. The vintage metal coffee sign uses high-quality iron and old paint, which is intentionally faded\/worn. This coffee sign will undoubtedly bring a retro style to your home, bar, or pub. All handmade high-temperature paints are excellent in technology, practical, and durable.<\/p>\n<h2>RETRO WALL DECORATION BENEFITS<\/h2>\n<ul>\n<li>Creative decoration: the coffee light sign is a great decorative accessory (retro and vintage wall lights, creative and sexy) for any room in the home or can be used for commercial purposes in bars, restaurants, or shops to direct customers.<\/li>\n<li>A gift for a loved one: a handmade gift for your loved one will provide something special. Our vintage LED coffee bar sign can surprise you and make your bar or cafe's interior and exterior decoration more personal and fashionable.<\/li>\n<li>This wireless illuminated sign lights up with bulbs. On\/off switch on the right side of the vintage coffee metal signs. For indoor use only. Cannot be used as a substitute for everyday lighting. Requires 2 AA batteries, not included. Easy to hang, reusable.<\/li>\n<\/ul>","protected":false},"featured_media":32708,"comment_status":"open","ping_status":"closed","template":"","meta":{"inline_featured_image":false},"product_cat":[340],"product_tag":[],"class_list":["post-32915","product","type-product","status-publish","has-post-thumbnail","hentry","product_cat-namu-interjeras"],"acf":[],"yoast_head":"<!-- This site is optimized with the Yoast SEO Premium plugin v21.8 (Yoast SEO v21.8) - https:\/\/yoast.com\/wordpress\/plugins\/seo\/ -->\n<title>Fsveyl Fresh Coffee House Sienin\u0117 Dekoracija<\/title>\n<meta name=\"robots\" content=\"index, follow, max-snippet:-1, max-image-preview:large, max-video-preview:-1\" \/>\n<link rel=\"canonical\" href=\"https:\/\/allstarretro.com\/en\/parduotuve\/tree-interior\/fresh-coffee-house-interior-decoration\/\" \/>\n<meta property=\"og:locale\" content=\"en_US\" \/>\n<meta property=\"og:type\" content=\"article\" \/>\n<meta property=\"og:title\" content=\"Fsveyl Fresh Coffee House Sienin\u0117 Dekoracija\" \/>\n<meta property=\"og:description\" content=\"APIE DEKORACIJ\u0104 Fsveyl Fresh Coffee House Sienin\u0117 Dekoracija. Auk\u0161tos kokyb\u0117s metalinis dizainas Vinta\u017einio metalo kavos i\u0161kaboje naudojama auk\u0161tos kokyb\u0117s gele\u017eis ir seni da\u017eai, kurie yra s\u0105moningai i\u0161bluk\u0119\/nusid\u0117v\u0117j\u0119. \u0160is kavos \u017eenklas neabejotinai suteiks j\u016bs\u0173 namams, barui ar alui retro stiliaus. Visi rank\u0173 darbo auk\u0161tos temperat\u016bros da\u017eai yra puikios technologijos, prakti\u0161ki ir patvar\u016bs. RETRO SIENIN\u0116S DEKORACIJOS PRIVALUMAI   K\u016brybinis dekoravimas: kavos \u0161viesos \u017eenklas yra puikus dekoratyvinis aksesuaras (retro ir seni \u0161viestuvai ant sienos, k\u016brybingi ir seksual\u016bs) bet kurioje nam\u0173 patalpoje arba gali b\u016bti naudojami komerciniais tikslais baruose, restoranuose ar parduotuv\u0117se, siekiant nukreipti klient\u0105.  Dovana mylimam \u017emogui: rank\u0173 darbo dovana j\u016bs\u0173 mylimam \u017emogui suteiks ka\u017ek\u0105 ypatingo. M\u016bs\u0173 senovinis LED kavos baro \u017eenklas gali jus nustebinti ir padaryti baro ar kavin\u0117s vidaus ir i\u0161or\u0117s apdail\u0105 asmeni\u0161kesn\u0119 ir madingesn\u0119.  \u0160is belaidis ap\u0161viestas \u017eenklas u\u017esidega su lemput\u0117mis. \u012ejungimo\/i\u0161jungimo jungiklis de\u0161in\u0117je senovini\u0173 kavos metalini\u0173 \u017eenkl\u0173 pus\u0117je. Galima naudoti tik patalpose. Negali b\u016bti naudojamas kaip kasdienio ap\u0161vietimo pakaitalas. Reikalingos 2 AA baterijos, ne\u012feina \u012f komplekt\u0105. Lengvas montavimas, daugkartinis naudojimas.\" \/>\n<meta property=\"og:url\" content=\"https:\/\/allstarretro.com\/en\/parduotuve\/tree-interior\/fresh-coffee-house-interior-decoration\/\" \/>\n<meta property=\"og:site_name\" content=\"AllStarRetro\" \/>\n<meta property=\"article:publisher\" content=\"https:\/\/www.facebook.com\/allstarretroLTU\" \/>\n<meta property=\"article:modified_time\" content=\"2025-01-31T10:29:33+00:00\" \/>\n<meta property=\"og:image\" content=\"https:\/\/allstarretro.com\/wp-content\/uploads\/2025\/01\/Fresh-coffee-house-dekoracija-allstarretro.com_.webp\" \/>\n\t<meta property=\"og:image:width\" content=\"1080\" \/>\n\t<meta property=\"og:image:height\" content=\"1080\" \/>\n\t<meta property=\"og:image:type\" content=\"image\/webp\" \/>\n<meta name=\"twitter:card\" content=\"summary_large_image\" \/>\n<meta name=\"twitter:site\" content=\"@allstarretroLTU\" \/>\n<meta name=\"twitter:label1\" content=\"Price\" \/>\n\t<meta name=\"twitter:data1\" content=\"65.99&euro;\" \/>\n\t<meta name=\"twitter:label2\" content=\"Availability\" \/>\n\t<meta name=\"twitter:data2\" content=\"In stock\" \/>\n<script type=\"application\/ld+json\" class=\"yoast-schema-graph\">{\"@context\":\"https:\/\/schema.org\",\"@graph\":[{\"@type\":[\"WebPage\",\"ItemPage\"],\"@id\":\"https:\/\/allstarretro.com\/parduotuve\/namu-interjeras\/fsveyl-fresh-coffee-house-sienine-dekoracija\/\",\"url\":\"https:\/\/allstarretro.com\/parduotuve\/namu-interjeras\/fsveyl-fresh-coffee-house-sienine-dekoracija\/\",\"name\":\"Fsveyl Fresh Coffee House Sienin\u0117 Dekoracija\",\"isPartOf\":{\"@id\":\"https:\/\/allstarretro.com\/#website\"},\"datePublished\":\"2023-10-18T09:35:10+00:00\",\"dateModified\":\"2025-01-31T10:29:33+00:00\",\"breadcrumb\":{\"@id\":\"https:\/\/allstarretro.com\/parduotuve\/namu-interjeras\/fsveyl-fresh-coffee-house-sienine-dekoracija\/#breadcrumb\"},\"inLanguage\":\"en-US\",\"potentialAction\":[{\"@type\":\"ReadAction\",\"target\":[\"https:\/\/allstarretro.com\/parduotuve\/namu-interjeras\/fsveyl-fresh-coffee-house-sienine-dekoracija\/\"]}]},{\"@type\":\"BreadcrumbList\",\"@id\":\"https:\/\/allstarretro.com\/parduotuve\/namu-interjeras\/fsveyl-fresh-coffee-house-sienine-dekoracija\/#breadcrumb\",\"itemListElement\":[{\"@type\":\"ListItem\",\"position\":1,\"name\":\"Home\",\"item\":\"https:\/\/allstarretro.com\/\"},{\"@type\":\"ListItem\",\"position\":2,\"name\":\"Retro Stiliaus Nostalgijos Ir Vinta\u017eo Parduotuv\u0117\",\"item\":\"https:\/\/allstarretro.com\/parduotuve\/\"},{\"@type\":\"ListItem\",\"position\":3,\"name\":\"Fsveyl Fresh Coffee House Sienin\u0117 Dekoracija\"}]},{\"@type\":\"WebSite\",\"@id\":\"https:\/\/allstarretro.com\/#website\",\"url\":\"https:\/\/allstarretro.com\/\",\"name\":\"AllStarRetro\",\"description\":\"Retro Laikotarpio Stiliaus Produktai | AllStarRetro\",\"publisher\":{\"@id\":\"https:\/\/allstarretro.com\/#organization\"},\"alternateName\":\"AllStarRetro\",\"potentialAction\":[{\"@type\":\"SearchAction\",\"target\":{\"@type\":\"EntryPoint\",\"urlTemplate\":\"https:\/\/allstarretro.com\/?s={search_term_string}\"},\"query-input\":\"required name=search_term_string\"}],\"inLanguage\":\"en-US\"},{\"@type\":[\"Organization\",\"Place\",\"Store\"],\"@id\":\"https:\/\/allstarretro.com\/#organization\",\"name\":\"AllStarRetro\",\"alternateName\":\"AllStarRetro\",\"url\":\"https:\/\/allstarretro.com\/\",\"logo\":{\"@id\":\"https:\/\/allstarretro.com\/parduotuve\/namu-interjeras\/fsveyl-fresh-coffee-house-sienine-dekoracija\/#local-main-organization-logo\"},\"image\":{\"@id\":\"https:\/\/allstarretro.com\/parduotuve\/namu-interjeras\/fsveyl-fresh-coffee-house-sienine-dekoracija\/#local-main-organization-logo\"},\"sameAs\":[\"https:\/\/www.facebook.com\/allstarretroLTU\",\"https:\/\/twitter.com\/allstarretroLTU\"],\"publishingPrinciples\":\"https:\/\/allstarretro.com\/\",\"ownershipFundingInfo\":\"https:\/\/allstarretro.com\/teises-ir-isipareigojimai\/\",\"actionableFeedbackPolicy\":\"https:\/\/allstarretro.com\/privatumo-politika\/\",\"correctionsPolicy\":\"https:\/\/allstarretro.com\/pristatymas-ir-taisykles\/\",\"ethicsPolicy\":\"https:\/\/allstarretro.com\/teises-ir-isipareigojimai\/\",\"diversityPolicy\":\"https:\/\/allstarretro.com\/privatumo-politika\/\",\"diversityStaffingReport\":\"https:\/\/allstarretro.com\/privatumo-politika\/\",\"address\":{\"@id\":\"https:\/\/allstarretro.com\/parduotuve\/namu-interjeras\/fsveyl-fresh-coffee-house-sienine-dekoracija\/#local-main-place-address\"},\"geo\":{\"@type\":\"GeoCoordinates\",\"latitude\":\"54.8733071\",\"longitude\":\"23.9494226\"},\"telephone\":[\"+37068673611\"],\"openingHoursSpecification\":[{\"@type\":\"OpeningHoursSpecification\",\"dayOfWeek\":[\"Monday\",\"Tuesday\",\"Wednesday\",\"Thursday\",\"Friday\",\"Saturday\",\"Sunday\"],\"opens\":\"09:00\",\"closes\":\"17:00\"}],\"email\":\"info@allstarretro.com\",\"areaServed\":\"Lithuania\",\"vatID\":\"LT100013495416\",\"priceRange\":\"$$\",\"currenciesAccepted\":\"Euras\",\"paymentAccepted\":\"Visa, mastercard\"},{\"@type\":\"PostalAddress\",\"@id\":\"https:\/\/allstarretro.com\/parduotuve\/namu-interjeras\/fsveyl-fresh-coffee-house-sienine-dekoracija\/#local-main-place-address\",\"streetAddress\":\"L.Ivinskio 18a\",\"addressLocality\":\"Kaunas\",\"postalCode\":\"45151\",\"addressRegion\":\"Kaunas\",\"addressCountry\":\"LT\"},{\"@type\":\"ImageObject\",\"inLanguage\":\"en-US\",\"@id\":\"https:\/\/allstarretro.com\/parduotuve\/namu-interjeras\/fsveyl-fresh-coffee-house-sienine-dekoracija\/#local-main-organization-logo\",\"url\":\"https:\/\/allstarretro.com\/wp-content\/uploads\/2025\/01\/allstarretro-mini-logo.webp\",\"contentUrl\":\"https:\/\/allstarretro.com\/wp-content\/uploads\/2025\/01\/allstarretro-mini-logo.webp\",\"width\":130,\"height\":130,\"caption\":\"AllStarRetro\"}]}<\/script>\n<meta name=\"geo.placename\" content=\"Kaunas\" \/>\n<meta name=\"geo.position\" content=\"54.8733071;23.9494226\" \/>\n<meta name=\"geo.region\" content=\"Lithuania\" \/>\n<!-- \/ Yoast SEO Premium plugin. -->","yoast_head_json":{"title":"Fsveyl Fresh Coffee House Wall Decoration","robots":{"index":"index","follow":"follow","max-snippet":"max-snippet:-1","max-image-preview":"max-image-preview:large","max-video-preview":"max-video-preview:-1"},"canonical":"https:\/\/allstarretro.com\/en\/parduotuve\/tree-interior\/fresh-coffee-house-interior-decoration\/","og_locale":"en_US","og_type":"article","og_title":"Fsveyl Fresh Coffee House Sienin\u0117 Dekoracija","og_description":"APIE DEKORACIJ\u0104 Fsveyl Fresh Coffee House Sienin\u0117 Dekoracija. Auk\u0161tos kokyb\u0117s metalinis dizainas Vinta\u017einio metalo kavos i\u0161kaboje naudojama auk\u0161tos kokyb\u0117s gele\u017eis ir seni da\u017eai, kurie yra s\u0105moningai i\u0161bluk\u0119\/nusid\u0117v\u0117j\u0119. \u0160is kavos \u017eenklas neabejotinai suteiks j\u016bs\u0173 namams, barui ar alui retro stiliaus. Visi rank\u0173 darbo auk\u0161tos temperat\u016bros da\u017eai yra puikios technologijos, prakti\u0161ki ir patvar\u016bs. RETRO SIENIN\u0116S DEKORACIJOS PRIVALUMAI   K\u016brybinis dekoravimas: kavos \u0161viesos \u017eenklas yra puikus dekoratyvinis aksesuaras (retro ir seni \u0161viestuvai ant sienos, k\u016brybingi ir seksual\u016bs) bet kurioje nam\u0173 patalpoje arba gali b\u016bti naudojami komerciniais tikslais baruose, restoranuose ar parduotuv\u0117se, siekiant nukreipti klient\u0105.  Dovana mylimam \u017emogui: rank\u0173 darbo dovana j\u016bs\u0173 mylimam \u017emogui suteiks ka\u017ek\u0105 ypatingo. M\u016bs\u0173 senovinis LED kavos baro \u017eenklas gali jus nustebinti ir padaryti baro ar kavin\u0117s vidaus ir i\u0161or\u0117s apdail\u0105 asmeni\u0161kesn\u0119 ir madingesn\u0119.  \u0160is belaidis ap\u0161viestas \u017eenklas u\u017esidega su lemput\u0117mis. \u012ejungimo\/i\u0161jungimo jungiklis de\u0161in\u0117je senovini\u0173 kavos metalini\u0173 \u017eenkl\u0173 pus\u0117je. Galima naudoti tik patalpose. Negali b\u016bti naudojamas kaip kasdienio ap\u0161vietimo pakaitalas. Reikalingos 2 AA baterijos, ne\u012feina \u012f komplekt\u0105. Lengvas montavimas, daugkartinis naudojimas.","og_url":"https:\/\/allstarretro.com\/en\/parduotuve\/tree-interior\/fresh-coffee-house-interior-decoration\/","og_site_name":"AllStarRetro","article_publisher":"https:\/\/www.facebook.com\/allstarretroLTU","article_modified_time":"2025-01-31T10:29:33+00:00","og_image":[{"width":1080,"height":1080,"url":"https:\/\/allstarretro.com\/wp-content\/uploads\/2025\/01\/Fresh-coffee-house-dekoracija-allstarretro.com_.webp","type":"image\/webp"}],"twitter_card":"summary_large_image","twitter_site":"@allstarretroLTU","twitter_misc":{"Price":"65.99&euro;","Availability":"In stock"},"schema":{"@context":"https:\/\/schema.org","@graph":[{"@type":["WebPage","ItemPage"],"@id":"https:\/\/allstarretro.com\/parduotuve\/namu-interjeras\/fsveyl-fresh-coffee-house-sienine-dekoracija\/","url":"https:\/\/allstarretro.com\/parduotuve\/namu-interjeras\/fsveyl-fresh-coffee-house-sienine-dekoracija\/","name":"Fsveyl Fresh Coffee House Wall Decoration","isPartOf":{"@id":"https:\/\/allstarretro.com\/#website"},"datePublished":"2023-10-18T09:35:10+00:00","dateModified":"2025-01-31T10:29:33+00:00","breadcrumb":{"@id":"https:\/\/allstarretro.com\/parduotuve\/namu-interjeras\/fsveyl-fresh-coffee-house-sienine-dekoracija\/#breadcrumb"},"inLanguage":"en-US","potentialAction":[{"@type":"ReadAction","target":["https:\/\/allstarretro.com\/parduotuve\/namu-interjeras\/fsveyl-fresh-coffee-house-sienine-dekoracija\/"]}]},{"@type":"BreadcrumbList","@id":"https:\/\/allstarretro.com\/parduotuve\/namu-interjeras\/fsveyl-fresh-coffee-house-sienine-dekoracija\/#breadcrumb","itemListElement":[{"@type":"ListItem","position":1,"name":"Home","item":"https:\/\/allstarretro.com\/"},{"@type":"ListItem","position":2,"name":"Retro Stiliaus Nostalgijos Ir Vinta\u017eo Parduotuv\u0117","item":"https:\/\/allstarretro.com\/parduotuve\/"},{"@type":"ListItem","position":3,"name":"Fsveyl Fresh Coffee House Sienin\u0117 Dekoracija"}]},{"@type":"WebSite","@id":"https:\/\/allstarretro.com\/#website","url":"https:\/\/allstarretro.com\/","name":"AllStarRetro","description":"Retro Era Style Products | AllStarRetro","publisher":{"@id":"https:\/\/allstarretro.com\/#organization"},"alternateName":"AllStarRetro","potentialAction":[{"@type":"SearchAction","target":{"@type":"EntryPoint","urlTemplate":"https:\/\/allstarretro.com\/?s={search_term_string}"},"query-input":"required name=search_term_string"}],"inLanguage":"en-US"},{"@type":["Organization","Place","Store"],"@id":"https:\/\/allstarretro.com\/#organization","name":"AllStarRetro","alternateName":"AllStarRetro","url":"https:\/\/allstarretro.com\/","logo":{"@id":"https:\/\/allstarretro.com\/parduotuve\/namu-interjeras\/fsveyl-fresh-coffee-house-sienine-dekoracija\/#local-main-organization-logo"},"image":{"@id":"https:\/\/allstarretro.com\/parduotuve\/namu-interjeras\/fsveyl-fresh-coffee-house-sienine-dekoracija\/#local-main-organization-logo"},"sameAs":["https:\/\/www.facebook.com\/allstarretroLTU","https:\/\/twitter.com\/allstarretroLTU"],"publishingPrinciples":"https:\/\/allstarretro.com\/","ownershipFundingInfo":"https:\/\/allstarretro.com\/teises-ir-isipareigojimai\/","actionableFeedbackPolicy":"https:\/\/allstarretro.com\/privatumo-politika\/","correctionsPolicy":"https:\/\/allstarretro.com\/pristatymas-ir-taisykles\/","ethicsPolicy":"https:\/\/allstarretro.com\/teises-ir-isipareigojimai\/","diversityPolicy":"https:\/\/allstarretro.com\/privatumo-politika\/","diversityStaffingReport":"https:\/\/allstarretro.com\/privatumo-politika\/","address":{"@id":"https:\/\/allstarretro.com\/parduotuve\/namu-interjeras\/fsveyl-fresh-coffee-house-sienine-dekoracija\/#local-main-place-address"},"geo":{"@type":"GeoCoordinates","latitude":"54.8733071","longitude":"23.9494226"},"telephone":["+37068673611"],"openingHoursSpecification":[{"@type":"OpeningHoursSpecification","dayOfWeek":["Monday","Tuesday","Wednesday","Thursday","Friday","Saturday","Sunday"],"opens":"09:00","closes":"17:00"}],"email":"info@allstarretro.com","areaServed":"Lithuania","vatID":"LT100013495416","priceRange":"$$","currenciesAccepted":"Euras","paymentAccepted":"Visa, mastercard"},{"@type":"PostalAddress","@id":"https:\/\/allstarretro.com\/parduotuve\/namu-interjeras\/fsveyl-fresh-coffee-house-sienine-dekoracija\/#local-main-place-address","streetAddress":"L.Ivinskio 18a","addressLocality":"Kaunas","postalCode":"45151","addressRegion":"Kaunas","addressCountry":"LT"},{"@type":"ImageObject","inLanguage":"en-US","@id":"https:\/\/allstarretro.com\/parduotuve\/namu-interjeras\/fsveyl-fresh-coffee-house-sienine-dekoracija\/#local-main-organization-logo","url":"https:\/\/allstarretro.com\/wp-content\/uploads\/2025\/01\/allstarretro-mini-logo.webp","contentUrl":"https:\/\/allstarretro.com\/wp-content\/uploads\/2025\/01\/allstarretro-mini-logo.webp","width":130,"height":130,"caption":"AllStarRetro"}]},"geo.placename":"Kaunas","geo.position":{"lat":"54.8733071","long":"23.9494226"},"geo.region":"Lithuania"},"_links":{"self":[{"href":"https:\/\/allstarretro.com\/en\/wp-json\/wp\/v2\/product\/32915"}],"collection":[{"href":"https:\/\/allstarretro.com\/en\/wp-json\/wp\/v2\/product"}],"about":[{"href":"https:\/\/allstarretro.com\/en\/wp-json\/wp\/v2\/types\/product"}],"replies":[{"embeddable":true,"href":"https:\/\/allstarretro.com\/en\/wp-json\/wp\/v2\/comments?post=32915"}],"wp:featuredmedia":[{"embeddable":true,"href":"https:\/\/allstarretro.com\/en\/wp-json\/wp\/v2\/media\/32708"}],"wp:attachment":[{"href":"https:\/\/allstarretro.com\/en\/wp-json\/wp\/v2\/media?parent=32915"}],"wp:term":[{"taxonomy":"product_cat","embeddable":true,"href":"https:\/\/allstarretro.com\/en\/wp-json\/wp\/v2\/product_cat?post=32915"},{"taxonomy":"product_tag","embeddable":true,"href":"https:\/\/allstarretro.com\/en\/wp-json\/wp\/v2\/product_tag?post=32915"}],"curies":[{"name":"wp","href":"https:\/\/api.w.org\/{rel}","templated":true}]}}