{"id":32920,"date":"2023-10-24T08:33:19","date_gmt":"2023-10-24T08:33:19","guid":{"rendered":"https:\/\/allstarretro.com\/?post_type=product&#038;p=32920"},"modified":"2025-01-31T10:29:33","modified_gmt":"2025-01-31T10:29:33","slug":"yuenslighting-retro-staline-lempa","status":"publish","type":"product","link":"https:\/\/allstarretro.com\/en\/parduotuve\/namu-interjeras\/yuenslighting-retro-staline-lempa\/","title":{"rendered":"Yuenslighting Retro Stalin\u0117 Lempa"},"content":{"rendered":"","protected":false},"excerpt":{"rendered":"<h2>APIE LEMP\u0104<\/h2>\n<p>Yuenslighting Retro Stalin\u0117 Lempa. specialus senovinis dizainas ir rank\u0173 darbo pramoninis art deco dekoras, senamadi\u0161ka i\u0161vaizda, retro stiliaus, \u0161velni, \u0161ilta \u0161viesa, puikiai tinka kaip naktinis \u0161viestuvas loft\u0173 apartamentuose, kavos namuose, baruose, miegamuosiuose, laukiamuosiuose ar darbo kabinetuose. dekoracija namuose.<\/p>\n<h2>RETRO LEMPOS PRIVALUMAI<\/h2>\n<ul>\n<li>\u0160viesa: skersmuo apytiksl. 90 mm. Auk\u0161tis: apytiksl. 130 mm Ant E27 lempos laikiklio yra \u012fjungimo\/i\u0161jungimo jungiklis ir reguliuojamas jungiklis, esantis 350 mm atstumu nuo lempos pagrindo. Linijinis reguliatorius suderinamas su kaitrin\u0117mis lempomis, CFL ir dauguma LED lempu\u010di\u0173.<\/li>\n<li>Lemput\u0117s: ne\u012feina, galite pakeisti \u012fvairi\u0173 form\u0173 lemputes, kad ma\u017eas stalinis \u0161viestuvas \u012fgaut\u0173 nauj\u0105 i\u0161vaizd\u0105. E27 lizdas, maks. 60 vat\u0173.<\/li>\n<li>Kokyb\u0117: pramonin\u0117 stalin\u0117 lempa yra gerai sukonstruota i\u0161 tamsiai rudos spalvos med\u017eio masyvo ir steampunk kaltin\u0117s gele\u017eies vandens vamzd\u017eio flan\u0161o, komercinio amerikieti\u0161ko laido ir ki\u0161tuko, puikaus darbo, unikalios formos, j\u016bs\u0173 vaizduot\u0117 neturi rib\u0173.<\/li>\n<\/ul>","protected":false},"featured_media":32722,"comment_status":"open","ping_status":"closed","template":"","meta":{"inline_featured_image":false},"product_cat":[340],"product_tag":[],"class_list":["post-32920","product","type-product","status-publish","has-post-thumbnail","hentry","product_cat-namu-interjeras"],"acf":[],"yoast_head":"<!-- This site is optimized with the Yoast SEO Premium plugin v21.8 (Yoast SEO v21.8) - https:\/\/yoast.com\/wordpress\/plugins\/seo\/ -->\n<title>Yuenslighting Retro Stalin\u0117 Lempa<\/title>\n<meta name=\"robots\" content=\"index, follow, max-snippet:-1, max-image-preview:large, max-video-preview:-1\" \/>\n<link rel=\"canonical\" href=\"https:\/\/allstarretro.com\/en\/parduotuve\/tree-interior\/yuenslighting-retro-staline-lempa\/\" \/>\n<meta property=\"og:locale\" content=\"en_US\" \/>\n<meta property=\"og:type\" content=\"article\" \/>\n<meta property=\"og:title\" content=\"Yuenslighting Retro Stalin\u0117 Lempa\" \/>\n<meta property=\"og:description\" content=\"APIE LEMP\u0104 Yuenslighting Retro Stalin\u0117 Lempa. specialus senovinis dizainas ir rank\u0173 darbo pramoninis art deco dekoras, senamadi\u0161ka i\u0161vaizda, retro stiliaus, \u0161velni, \u0161ilta \u0161viesa, puikiai tinka kaip naktinis \u0161viestuvas loft\u0173 apartamentuose, kavos namuose, baruose, miegamuosiuose, laukiamuosiuose ar darbo kabinetuose. dekoracija namuose. RETRO LEMPOS PRIVALUMAI   \u0160viesa: skersmuo apytiksl. 90 mm. Auk\u0161tis: apytiksl. 130 mm Ant E27 lempos laikiklio yra \u012fjungimo\/i\u0161jungimo jungiklis ir reguliuojamas jungiklis, esantis 350 mm atstumu nuo lempos pagrindo. Linijinis reguliatorius suderinamas su kaitrin\u0117mis lempomis, CFL ir dauguma LED lempu\u010di\u0173.  Lemput\u0117s: ne\u012feina, galite pakeisti \u012fvairi\u0173 form\u0173 lemputes, kad ma\u017eas stalinis \u0161viestuvas \u012fgaut\u0173 nauj\u0105 i\u0161vaizd\u0105. E27 lizdas, maks. 60 vat\u0173.  Kokyb\u0117: pramonin\u0117 stalin\u0117 lempa yra gerai sukonstruota i\u0161 tamsiai rudos spalvos med\u017eio masyvo ir steampunk kaltin\u0117s gele\u017eies vandens vamzd\u017eio flan\u0161o, komercinio amerikieti\u0161ko laido ir ki\u0161tuko, puikaus darbo, unikalios formos, j\u016bs\u0173 vaizduot\u0117 neturi rib\u0173.\" \/>\n<meta property=\"og:url\" content=\"https:\/\/allstarretro.com\/en\/parduotuve\/tree-interior\/yuenslighting-retro-staline-lempa\/\" \/>\n<meta property=\"og:site_name\" content=\"AllStarRetro\" \/>\n<meta property=\"article:publisher\" content=\"https:\/\/www.facebook.com\/allstarretroLTU\" \/>\n<meta property=\"article:modified_time\" content=\"2025-01-31T10:29:33+00:00\" \/>\n<meta property=\"og:image\" content=\"https:\/\/allstarretro.com\/wp-content\/uploads\/2025\/01\/retro-staline-lempa-allstarretro.com-nauja.webp\" \/>\n\t<meta property=\"og:image:width\" content=\"1080\" \/>\n\t<meta property=\"og:image:height\" content=\"1080\" \/>\n\t<meta property=\"og:image:type\" content=\"image\/webp\" \/>\n<meta name=\"twitter:card\" content=\"summary_large_image\" \/>\n<meta name=\"twitter:site\" content=\"@allstarretroLTU\" \/>\n<meta name=\"twitter:label1\" content=\"Price\" \/>\n\t<meta name=\"twitter:data1\" content=\"59.99&euro;\" \/>\n\t<meta name=\"twitter:label2\" content=\"Availability\" \/>\n\t<meta name=\"twitter:data2\" content=\"In stock\" \/>\n<script type=\"application\/ld+json\" class=\"yoast-schema-graph\">{\"@context\":\"https:\/\/schema.org\",\"@graph\":[{\"@type\":[\"WebPage\",\"ItemPage\"],\"@id\":\"https:\/\/allstarretro.com\/parduotuve\/namu-interjeras\/yuenslighting-retro-staline-lempa\/\",\"url\":\"https:\/\/allstarretro.com\/parduotuve\/namu-interjeras\/yuenslighting-retro-staline-lempa\/\",\"name\":\"Yuenslighting Retro Stalin\u0117 Lempa\",\"isPartOf\":{\"@id\":\"https:\/\/allstarretro.com\/#website\"},\"datePublished\":\"2023-10-24T08:33:19+00:00\",\"dateModified\":\"2025-01-31T10:29:33+00:00\",\"breadcrumb\":{\"@id\":\"https:\/\/allstarretro.com\/parduotuve\/namu-interjeras\/yuenslighting-retro-staline-lempa\/#breadcrumb\"},\"inLanguage\":\"en-US\",\"potentialAction\":[{\"@type\":\"ReadAction\",\"target\":[\"https:\/\/allstarretro.com\/parduotuve\/namu-interjeras\/yuenslighting-retro-staline-lempa\/\"]}]},{\"@type\":\"BreadcrumbList\",\"@id\":\"https:\/\/allstarretro.com\/parduotuve\/namu-interjeras\/yuenslighting-retro-staline-lempa\/#breadcrumb\",\"itemListElement\":[{\"@type\":\"ListItem\",\"position\":1,\"name\":\"Home\",\"item\":\"https:\/\/allstarretro.com\/\"},{\"@type\":\"ListItem\",\"position\":2,\"name\":\"Retro Stiliaus Nostalgijos Ir Vinta\u017eo Parduotuv\u0117\",\"item\":\"https:\/\/allstarretro.com\/parduotuve\/\"},{\"@type\":\"ListItem\",\"position\":3,\"name\":\"Yuenslighting Retro Stalin\u0117 Lempa\"}]},{\"@type\":\"WebSite\",\"@id\":\"https:\/\/allstarretro.com\/#website\",\"url\":\"https:\/\/allstarretro.com\/\",\"name\":\"AllStarRetro\",\"description\":\"Retro Laikotarpio Stiliaus Produktai | AllStarRetro\",\"publisher\":{\"@id\":\"https:\/\/allstarretro.com\/#organization\"},\"alternateName\":\"AllStarRetro\",\"potentialAction\":[{\"@type\":\"SearchAction\",\"target\":{\"@type\":\"EntryPoint\",\"urlTemplate\":\"https:\/\/allstarretro.com\/?s={search_term_string}\"},\"query-input\":\"required name=search_term_string\"}],\"inLanguage\":\"en-US\"},{\"@type\":[\"Organization\",\"Place\",\"Store\"],\"@id\":\"https:\/\/allstarretro.com\/#organization\",\"name\":\"AllStarRetro\",\"alternateName\":\"AllStarRetro\",\"url\":\"https:\/\/allstarretro.com\/\",\"logo\":{\"@id\":\"https:\/\/allstarretro.com\/parduotuve\/namu-interjeras\/yuenslighting-retro-staline-lempa\/#local-main-organization-logo\"},\"image\":{\"@id\":\"https:\/\/allstarretro.com\/parduotuve\/namu-interjeras\/yuenslighting-retro-staline-lempa\/#local-main-organization-logo\"},\"sameAs\":[\"https:\/\/www.facebook.com\/allstarretroLTU\",\"https:\/\/twitter.com\/allstarretroLTU\"],\"publishingPrinciples\":\"https:\/\/allstarretro.com\/\",\"ownershipFundingInfo\":\"https:\/\/allstarretro.com\/teises-ir-isipareigojimai\/\",\"actionableFeedbackPolicy\":\"https:\/\/allstarretro.com\/privatumo-politika\/\",\"correctionsPolicy\":\"https:\/\/allstarretro.com\/pristatymas-ir-taisykles\/\",\"ethicsPolicy\":\"https:\/\/allstarretro.com\/teises-ir-isipareigojimai\/\",\"diversityPolicy\":\"https:\/\/allstarretro.com\/privatumo-politika\/\",\"diversityStaffingReport\":\"https:\/\/allstarretro.com\/privatumo-politika\/\",\"address\":{\"@id\":\"https:\/\/allstarretro.com\/parduotuve\/namu-interjeras\/yuenslighting-retro-staline-lempa\/#local-main-place-address\"},\"geo\":{\"@type\":\"GeoCoordinates\",\"latitude\":\"54.8733071\",\"longitude\":\"23.9494226\"},\"telephone\":[\"+37068673611\"],\"openingHoursSpecification\":[{\"@type\":\"OpeningHoursSpecification\",\"dayOfWeek\":[\"Monday\",\"Tuesday\",\"Wednesday\",\"Thursday\",\"Friday\",\"Saturday\",\"Sunday\"],\"opens\":\"09:00\",\"closes\":\"17:00\"}],\"email\":\"info@allstarretro.com\",\"areaServed\":\"Lithuania\",\"vatID\":\"LT100013495416\",\"priceRange\":\"$$\",\"currenciesAccepted\":\"Euras\",\"paymentAccepted\":\"Visa, mastercard\"},{\"@type\":\"PostalAddress\",\"@id\":\"https:\/\/allstarretro.com\/parduotuve\/namu-interjeras\/yuenslighting-retro-staline-lempa\/#local-main-place-address\",\"streetAddress\":\"L.Ivinskio 18a\",\"addressLocality\":\"Kaunas\",\"postalCode\":\"45151\",\"addressRegion\":\"Kaunas\",\"addressCountry\":\"LT\"},{\"@type\":\"ImageObject\",\"inLanguage\":\"en-US\",\"@id\":\"https:\/\/allstarretro.com\/parduotuve\/namu-interjeras\/yuenslighting-retro-staline-lempa\/#local-main-organization-logo\",\"url\":\"https:\/\/allstarretro.com\/wp-content\/uploads\/2025\/01\/allstarretro-mini-logo.webp\",\"contentUrl\":\"https:\/\/allstarretro.com\/wp-content\/uploads\/2025\/01\/allstarretro-mini-logo.webp\",\"width\":130,\"height\":130,\"caption\":\"AllStarRetro\"}]}<\/script>\n<meta name=\"geo.placename\" content=\"Kaunas\" \/>\n<meta name=\"geo.position\" content=\"54.8733071;23.9494226\" \/>\n<meta name=\"geo.region\" content=\"Lithuania\" \/>\n<!-- \/ Yoast SEO Premium plugin. -->","yoast_head_json":{"title":"Yuenslighting Retro Stalin\u0117 Lempa","robots":{"index":"index","follow":"follow","max-snippet":"max-snippet:-1","max-image-preview":"max-image-preview:large","max-video-preview":"max-video-preview:-1"},"canonical":"https:\/\/allstarretro.com\/en\/parduotuve\/tree-interior\/yuenslighting-retro-staline-lempa\/","og_locale":"en_US","og_type":"article","og_title":"Yuenslighting Retro Stalin\u0117 Lempa","og_description":"APIE LEMP\u0104 Yuenslighting Retro Stalin\u0117 Lempa. specialus senovinis dizainas ir rank\u0173 darbo pramoninis art deco dekoras, senamadi\u0161ka i\u0161vaizda, retro stiliaus, \u0161velni, \u0161ilta \u0161viesa, puikiai tinka kaip naktinis \u0161viestuvas loft\u0173 apartamentuose, kavos namuose, baruose, miegamuosiuose, laukiamuosiuose ar darbo kabinetuose. dekoracija namuose. RETRO LEMPOS PRIVALUMAI   \u0160viesa: skersmuo apytiksl. 90 mm. Auk\u0161tis: apytiksl. 130 mm Ant E27 lempos laikiklio yra \u012fjungimo\/i\u0161jungimo jungiklis ir reguliuojamas jungiklis, esantis 350 mm atstumu nuo lempos pagrindo. Linijinis reguliatorius suderinamas su kaitrin\u0117mis lempomis, CFL ir dauguma LED lempu\u010di\u0173.  Lemput\u0117s: ne\u012feina, galite pakeisti \u012fvairi\u0173 form\u0173 lemputes, kad ma\u017eas stalinis \u0161viestuvas \u012fgaut\u0173 nauj\u0105 i\u0161vaizd\u0105. E27 lizdas, maks. 60 vat\u0173.  Kokyb\u0117: pramonin\u0117 stalin\u0117 lempa yra gerai sukonstruota i\u0161 tamsiai rudos spalvos med\u017eio masyvo ir steampunk kaltin\u0117s gele\u017eies vandens vamzd\u017eio flan\u0161o, komercinio amerikieti\u0161ko laido ir ki\u0161tuko, puikaus darbo, unikalios formos, j\u016bs\u0173 vaizduot\u0117 neturi rib\u0173.","og_url":"https:\/\/allstarretro.com\/en\/parduotuve\/tree-interior\/yuenslighting-retro-staline-lempa\/","og_site_name":"AllStarRetro","article_publisher":"https:\/\/www.facebook.com\/allstarretroLTU","article_modified_time":"2025-01-31T10:29:33+00:00","og_image":[{"width":1080,"height":1080,"url":"https:\/\/allstarretro.com\/wp-content\/uploads\/2025\/01\/retro-staline-lempa-allstarretro.com-nauja.webp","type":"image\/webp"}],"twitter_card":"summary_large_image","twitter_site":"@allstarretroLTU","twitter_misc":{"Price":"59.99&euro;","Availability":"In stock"},"schema":{"@context":"https:\/\/schema.org","@graph":[{"@type":["WebPage","ItemPage"],"@id":"https:\/\/allstarretro.com\/parduotuve\/namu-interjeras\/yuenslighting-retro-staline-lempa\/","url":"https:\/\/allstarretro.com\/parduotuve\/namu-interjeras\/yuenslighting-retro-staline-lempa\/","name":"Yuenslighting Retro Stalin\u0117 Lempa","isPartOf":{"@id":"https:\/\/allstarretro.com\/#website"},"datePublished":"2023-10-24T08:33:19+00:00","dateModified":"2025-01-31T10:29:33+00:00","breadcrumb":{"@id":"https:\/\/allstarretro.com\/parduotuve\/namu-interjeras\/yuenslighting-retro-staline-lempa\/#breadcrumb"},"inLanguage":"en-US","potentialAction":[{"@type":"ReadAction","target":["https:\/\/allstarretro.com\/parduotuve\/namu-interjeras\/yuenslighting-retro-staline-lempa\/"]}]},{"@type":"BreadcrumbList","@id":"https:\/\/allstarretro.com\/parduotuve\/namu-interjeras\/yuenslighting-retro-staline-lempa\/#breadcrumb","itemListElement":[{"@type":"ListItem","position":1,"name":"Home","item":"https:\/\/allstarretro.com\/"},{"@type":"ListItem","position":2,"name":"Retro Stiliaus Nostalgijos Ir Vinta\u017eo Parduotuv\u0117","item":"https:\/\/allstarretro.com\/parduotuve\/"},{"@type":"ListItem","position":3,"name":"Yuenslighting Retro Stalin\u0117 Lempa"}]},{"@type":"WebSite","@id":"https:\/\/allstarretro.com\/#website","url":"https:\/\/allstarretro.com\/","name":"AllStarRetro","description":"Retro Era Style Products | AllStarRetro","publisher":{"@id":"https:\/\/allstarretro.com\/#organization"},"alternateName":"AllStarRetro","potentialAction":[{"@type":"SearchAction","target":{"@type":"EntryPoint","urlTemplate":"https:\/\/allstarretro.com\/?s={search_term_string}"},"query-input":"required name=search_term_string"}],"inLanguage":"en-US"},{"@type":["Organization","Place","Store"],"@id":"https:\/\/allstarretro.com\/#organization","name":"AllStarRetro","alternateName":"AllStarRetro","url":"https:\/\/allstarretro.com\/","logo":{"@id":"https:\/\/allstarretro.com\/parduotuve\/namu-interjeras\/yuenslighting-retro-staline-lempa\/#local-main-organization-logo"},"image":{"@id":"https:\/\/allstarretro.com\/parduotuve\/namu-interjeras\/yuenslighting-retro-staline-lempa\/#local-main-organization-logo"},"sameAs":["https:\/\/www.facebook.com\/allstarretroLTU","https:\/\/twitter.com\/allstarretroLTU"],"publishingPrinciples":"https:\/\/allstarretro.com\/","ownershipFundingInfo":"https:\/\/allstarretro.com\/teises-ir-isipareigojimai\/","actionableFeedbackPolicy":"https:\/\/allstarretro.com\/privatumo-politika\/","correctionsPolicy":"https:\/\/allstarretro.com\/pristatymas-ir-taisykles\/","ethicsPolicy":"https:\/\/allstarretro.com\/teises-ir-isipareigojimai\/","diversityPolicy":"https:\/\/allstarretro.com\/privatumo-politika\/","diversityStaffingReport":"https:\/\/allstarretro.com\/privatumo-politika\/","address":{"@id":"https:\/\/allstarretro.com\/parduotuve\/namu-interjeras\/yuenslighting-retro-staline-lempa\/#local-main-place-address"},"geo":{"@type":"GeoCoordinates","latitude":"54.8733071","longitude":"23.9494226"},"telephone":["+37068673611"],"openingHoursSpecification":[{"@type":"OpeningHoursSpecification","dayOfWeek":["Monday","Tuesday","Wednesday","Thursday","Friday","Saturday","Sunday"],"opens":"09:00","closes":"17:00"}],"email":"info@allstarretro.com","areaServed":"Lithuania","vatID":"LT100013495416","priceRange":"$$","currenciesAccepted":"Euras","paymentAccepted":"Visa, mastercard"},{"@type":"PostalAddress","@id":"https:\/\/allstarretro.com\/parduotuve\/namu-interjeras\/yuenslighting-retro-staline-lempa\/#local-main-place-address","streetAddress":"L.Ivinskio 18a","addressLocality":"Kaunas","postalCode":"45151","addressRegion":"Kaunas","addressCountry":"LT"},{"@type":"ImageObject","inLanguage":"en-US","@id":"https:\/\/allstarretro.com\/parduotuve\/namu-interjeras\/yuenslighting-retro-staline-lempa\/#local-main-organization-logo","url":"https:\/\/allstarretro.com\/wp-content\/uploads\/2025\/01\/allstarretro-mini-logo.webp","contentUrl":"https:\/\/allstarretro.com\/wp-content\/uploads\/2025\/01\/allstarretro-mini-logo.webp","width":130,"height":130,"caption":"AllStarRetro"}]},"geo.placename":"Kaunas","geo.position":{"lat":"54.8733071","long":"23.9494226"},"geo.region":"Lithuania"},"_links":{"self":[{"href":"https:\/\/allstarretro.com\/en\/wp-json\/wp\/v2\/product\/32920"}],"collection":[{"href":"https:\/\/allstarretro.com\/en\/wp-json\/wp\/v2\/product"}],"about":[{"href":"https:\/\/allstarretro.com\/en\/wp-json\/wp\/v2\/types\/product"}],"replies":[{"embeddable":true,"href":"https:\/\/allstarretro.com\/en\/wp-json\/wp\/v2\/comments?post=32920"}],"wp:featuredmedia":[{"embeddable":true,"href":"https:\/\/allstarretro.com\/en\/wp-json\/wp\/v2\/media\/32722"}],"wp:attachment":[{"href":"https:\/\/allstarretro.com\/en\/wp-json\/wp\/v2\/media?parent=32920"}],"wp:term":[{"taxonomy":"product_cat","embeddable":true,"href":"https:\/\/allstarretro.com\/en\/wp-json\/wp\/v2\/product_cat?post=32920"},{"taxonomy":"product_tag","embeddable":true,"href":"https:\/\/allstarretro.com\/en\/wp-json\/wp\/v2\/product_tag?post=32920"}],"curies":[{"name":"wp","href":"https:\/\/api.w.org\/{rel}","templated":true}]}}