{"id":32924,"date":"2023-10-25T07:44:37","date_gmt":"2023-10-25T07:44:37","guid":{"rendered":"https:\/\/allstarretro.com\/?post_type=product&#038;p=32924"},"modified":"2025-01-31T10:27:14","modified_gmt":"2025-01-31T10:27:14","slug":"retropolis-radija","status":"publish","type":"product","link":"https:\/\/allstarretro.com\/en\/parduotuve\/namu-interjeras\/retropolis-radija\/","title":{"rendered":"Retropolis Radio"},"content":{"rendered":"","protected":false},"excerpt":{"rendered":"<h2>APIE RETROPOLIS RADIJ\u0104<\/h2>\n<p>Retropolis Radija. Retropolis \u2013 tai prek\u0117s \u017eenklas, nukeliantis jus atgal \u012f j\u016bs\u0173, j\u016bs\u0173 t\u0117v\u0173 ir seneli\u0173 vaikyst\u0117s metus. D\u0117l savo i\u0161skirtinio dizaino Naujasis Orleanas taps j\u016bs\u0173 interjero puo\u0161mena, nepriklausomai nuo stiliaus, kuriuo j\u012f suk\u016br\u0117te. Tuo pa\u010diu metu, nors jis ir pritraukia saujel\u0119 vinta\u017einio stiliaus , jame gausu technini\u0173 naujovi\u0173, kurios palengvins naudojim\u0105si radiju nepaisant s\u0105lyg\u0173. Bluetooth , powerbank , pla\u010diajuostis FM \/ AM atk\u016brimas, muzika i\u0161 telefono , atminties kortel\u0117s ar USB atmintin\u0117s.<\/p>\n<h2>RADIJOS PRIVALUMAI<\/h2>\n<ul>\n<li>Retropolis radijos garsiakalbis gali leisti muzik\u0105 tikrai auk\u0161tos kokyb\u0117s. Medinis korpusas u\u017etikrina, kad garsas b\u016bt\u0173 ai\u0161kus, be nemaloni\u0173 gars\u0173.<\/li>\n<li>Retropolis yra prek\u0117s \u017eenklas, kuris tikrai nukelia jus \u012f vaikyst\u0119. Originalus dizainas suteiks stiliaus bet kokiam interjerui.Korpusas atrodo kaip rie\u0161utmed\u017eio medis , garsiakalbi\u0173 grotel\u0117s aptrauktos pyne, nuostabus anologinio laikrod\u017eio rodykl\u0117s formos radijo reguliatorius, vario spalvos ranken\u0117l\u0117s.<\/li>\n<li>Nors Retropolis New Orleans yra gana didelis, jis taip pat yra visi\u0161kai belaidis, nes naudojamas 1200 mAh baterija. \u0160ios galios visi\u0161kai pakanka, kad gal\u0117tum m\u0117gautis muzika bet kokiomis s\u0105lygomis.<\/li>\n<li>MP3 grotuvo ar mobili\u0173j\u0173 telefon\u0173 \u012fkrovimas.<\/li>\n<li>USB lizdas.<\/li>\n<li>MicroSD korteli\u0173 skaitytuvas.<\/li>\n<li>Pagaminta i\u0161 plastiko.<\/li>\n<\/ul>","protected":false},"featured_media":32731,"comment_status":"open","ping_status":"closed","template":"","meta":{"inline_featured_image":false},"product_cat":[336,340],"product_tag":[],"class_list":["post-32924","product","type-product","status-publish","has-post-thumbnail","hentry","product_cat-technika","product_cat-namu-interjeras"],"acf":[],"yoast_head":"<!-- This site is optimized with the Yoast SEO Premium plugin v21.8 (Yoast SEO v21.8) - https:\/\/yoast.com\/wordpress\/plugins\/seo\/ -->\n<title>Retropolis Radija<\/title>\n<meta name=\"robots\" content=\"index, follow, max-snippet:-1, max-image-preview:large, max-video-preview:-1\" \/>\n<link rel=\"canonical\" href=\"https:\/\/allstarretro.com\/en\/parduotuve\/tree-interior\/retropolis-radija\/\" \/>\n<meta property=\"og:locale\" content=\"en_US\" \/>\n<meta property=\"og:type\" content=\"article\" \/>\n<meta property=\"og:title\" content=\"Retropolis Radija\" \/>\n<meta property=\"og:description\" content=\"APIE RETROPOLIS RADIJ\u0104 Retropolis Radija. Retropolis \u2013 tai prek\u0117s \u017eenklas, nukeliantis jus atgal \u012f j\u016bs\u0173, j\u016bs\u0173 t\u0117v\u0173 ir seneli\u0173 vaikyst\u0117s metus. D\u0117l savo i\u0161skirtinio dizaino Naujasis Orleanas taps j\u016bs\u0173 interjero puo\u0161mena, nepriklausomai nuo stiliaus, kuriuo j\u012f suk\u016br\u0117te. Tuo pa\u010diu metu, nors jis ir pritraukia saujel\u0119 vinta\u017einio stiliaus , jame gausu technini\u0173 naujovi\u0173, kurios palengvins naudojim\u0105si radiju nepaisant s\u0105lyg\u0173. Bluetooth , powerbank , pla\u010diajuostis FM \/ AM atk\u016brimas, muzika i\u0161 telefono , atminties kortel\u0117s ar USB atmintin\u0117s. RADIJOS PRIVALUMAI   Retropolis radijos garsiakalbis gali leisti muzik\u0105 tikrai auk\u0161tos kokyb\u0117s. Medinis korpusas u\u017etikrina, kad garsas b\u016bt\u0173 ai\u0161kus, be nemaloni\u0173 gars\u0173.  Retropolis yra prek\u0117s \u017eenklas, kuris tikrai nukelia jus \u012f vaikyst\u0119. Originalus dizainas suteiks stiliaus bet kokiam interjerui.Korpusas atrodo kaip rie\u0161utmed\u017eio medis , garsiakalbi\u0173 grotel\u0117s aptrauktos pyne, nuostabus anologinio laikrod\u017eio rodykl\u0117s formos radijo reguliatorius, vario spalvos ranken\u0117l\u0117s.  Nors Retropolis New Orleans yra gana didelis, jis taip pat yra visi\u0161kai belaidis, nes naudojamas 1200 mAh baterija. \u0160ios galios visi\u0161kai pakanka, kad gal\u0117tum m\u0117gautis muzika bet kokiomis s\u0105lygomis.  MP3 grotuvo ar mobili\u0173j\u0173 telefon\u0173 \u012fkrovimas.  USB lizdas.  MicroSD korteli\u0173 skaitytuvas.  Pagaminta i\u0161 plastiko.\" \/>\n<meta property=\"og:url\" content=\"https:\/\/allstarretro.com\/en\/parduotuve\/tree-interior\/retropolis-radija\/\" \/>\n<meta property=\"og:site_name\" content=\"AllStarRetro\" \/>\n<meta property=\"article:publisher\" content=\"https:\/\/www.facebook.com\/allstarretroLTU\" \/>\n<meta property=\"article:modified_time\" content=\"2025-01-31T10:27:14+00:00\" \/>\n<meta property=\"og:image\" content=\"https:\/\/allstarretro.com\/wp-content\/uploads\/2025\/01\/retropolis-radija-allstarretro.com-.webp\" \/>\n\t<meta property=\"og:image:width\" content=\"1080\" \/>\n\t<meta property=\"og:image:height\" content=\"1080\" \/>\n\t<meta property=\"og:image:type\" content=\"image\/webp\" \/>\n<meta name=\"twitter:card\" content=\"summary_large_image\" \/>\n<meta name=\"twitter:site\" content=\"@allstarretroLTU\" \/>\n<meta name=\"twitter:label1\" content=\"Price\" \/>\n\t<meta name=\"twitter:data1\" content=\"69.99&euro;\" \/>\n\t<meta name=\"twitter:label2\" content=\"Availability\" \/>\n\t<meta name=\"twitter:data2\" content=\"In stock\" \/>\n<script type=\"application\/ld+json\" class=\"yoast-schema-graph\">{\"@context\":\"https:\/\/schema.org\",\"@graph\":[{\"@type\":[\"WebPage\",\"ItemPage\"],\"@id\":\"https:\/\/allstarretro.com\/parduotuve\/namu-interjeras\/retropolis-radija\/\",\"url\":\"https:\/\/allstarretro.com\/parduotuve\/namu-interjeras\/retropolis-radija\/\",\"name\":\"Retropolis Radija\",\"isPartOf\":{\"@id\":\"https:\/\/allstarretro.com\/#website\"},\"datePublished\":\"2023-10-25T07:44:37+00:00\",\"dateModified\":\"2025-01-31T10:27:14+00:00\",\"breadcrumb\":{\"@id\":\"https:\/\/allstarretro.com\/parduotuve\/namu-interjeras\/retropolis-radija\/#breadcrumb\"},\"inLanguage\":\"en-US\",\"potentialAction\":[{\"@type\":\"ReadAction\",\"target\":[\"https:\/\/allstarretro.com\/parduotuve\/namu-interjeras\/retropolis-radija\/\"]}]},{\"@type\":\"BreadcrumbList\",\"@id\":\"https:\/\/allstarretro.com\/parduotuve\/namu-interjeras\/retropolis-radija\/#breadcrumb\",\"itemListElement\":[{\"@type\":\"ListItem\",\"position\":1,\"name\":\"Home\",\"item\":\"https:\/\/allstarretro.com\/\"},{\"@type\":\"ListItem\",\"position\":2,\"name\":\"Retro Stiliaus Nostalgijos Ir Vinta\u017eo Parduotuv\u0117\",\"item\":\"https:\/\/allstarretro.com\/parduotuve\/\"},{\"@type\":\"ListItem\",\"position\":3,\"name\":\"Retropolis Radija\"}]},{\"@type\":\"WebSite\",\"@id\":\"https:\/\/allstarretro.com\/#website\",\"url\":\"https:\/\/allstarretro.com\/\",\"name\":\"AllStarRetro\",\"description\":\"Retro Laikotarpio Stiliaus Produktai | AllStarRetro\",\"publisher\":{\"@id\":\"https:\/\/allstarretro.com\/#organization\"},\"alternateName\":\"AllStarRetro\",\"potentialAction\":[{\"@type\":\"SearchAction\",\"target\":{\"@type\":\"EntryPoint\",\"urlTemplate\":\"https:\/\/allstarretro.com\/?s={search_term_string}\"},\"query-input\":\"required name=search_term_string\"}],\"inLanguage\":\"en-US\"},{\"@type\":[\"Organization\",\"Place\",\"Store\"],\"@id\":\"https:\/\/allstarretro.com\/#organization\",\"name\":\"AllStarRetro\",\"alternateName\":\"AllStarRetro\",\"url\":\"https:\/\/allstarretro.com\/\",\"logo\":{\"@id\":\"https:\/\/allstarretro.com\/parduotuve\/namu-interjeras\/retropolis-radija\/#local-main-organization-logo\"},\"image\":{\"@id\":\"https:\/\/allstarretro.com\/parduotuve\/namu-interjeras\/retropolis-radija\/#local-main-organization-logo\"},\"sameAs\":[\"https:\/\/www.facebook.com\/allstarretroLTU\",\"https:\/\/twitter.com\/allstarretroLTU\"],\"publishingPrinciples\":\"https:\/\/allstarretro.com\/\",\"ownershipFundingInfo\":\"https:\/\/allstarretro.com\/teises-ir-isipareigojimai\/\",\"actionableFeedbackPolicy\":\"https:\/\/allstarretro.com\/privatumo-politika\/\",\"correctionsPolicy\":\"https:\/\/allstarretro.com\/pristatymas-ir-taisykles\/\",\"ethicsPolicy\":\"https:\/\/allstarretro.com\/teises-ir-isipareigojimai\/\",\"diversityPolicy\":\"https:\/\/allstarretro.com\/privatumo-politika\/\",\"diversityStaffingReport\":\"https:\/\/allstarretro.com\/privatumo-politika\/\",\"address\":{\"@id\":\"https:\/\/allstarretro.com\/parduotuve\/namu-interjeras\/retropolis-radija\/#local-main-place-address\"},\"geo\":{\"@type\":\"GeoCoordinates\",\"latitude\":\"54.8733071\",\"longitude\":\"23.9494226\"},\"telephone\":[\"+37068673611\"],\"openingHoursSpecification\":[{\"@type\":\"OpeningHoursSpecification\",\"dayOfWeek\":[\"Monday\",\"Tuesday\",\"Wednesday\",\"Thursday\",\"Friday\",\"Saturday\",\"Sunday\"],\"opens\":\"09:00\",\"closes\":\"17:00\"}],\"email\":\"info@allstarretro.com\",\"areaServed\":\"Lithuania\",\"vatID\":\"LT100013495416\",\"priceRange\":\"$$\",\"currenciesAccepted\":\"Euras\",\"paymentAccepted\":\"Visa, mastercard\"},{\"@type\":\"PostalAddress\",\"@id\":\"https:\/\/allstarretro.com\/parduotuve\/namu-interjeras\/retropolis-radija\/#local-main-place-address\",\"streetAddress\":\"L.Ivinskio 18a\",\"addressLocality\":\"Kaunas\",\"postalCode\":\"45151\",\"addressRegion\":\"Kaunas\",\"addressCountry\":\"LT\"},{\"@type\":\"ImageObject\",\"inLanguage\":\"en-US\",\"@id\":\"https:\/\/allstarretro.com\/parduotuve\/namu-interjeras\/retropolis-radija\/#local-main-organization-logo\",\"url\":\"https:\/\/allstarretro.com\/wp-content\/uploads\/2025\/01\/allstarretro-mini-logo.webp\",\"contentUrl\":\"https:\/\/allstarretro.com\/wp-content\/uploads\/2025\/01\/allstarretro-mini-logo.webp\",\"width\":130,\"height\":130,\"caption\":\"AllStarRetro\"}]}<\/script>\n<meta name=\"geo.placename\" content=\"Kaunas\" \/>\n<meta name=\"geo.position\" content=\"54.8733071;23.9494226\" \/>\n<meta name=\"geo.region\" content=\"Lithuania\" \/>\n<!-- \/ Yoast SEO Premium plugin. -->","yoast_head_json":{"title":"Retropolis Radio","robots":{"index":"index","follow":"follow","max-snippet":"max-snippet:-1","max-image-preview":"max-image-preview:large","max-video-preview":"max-video-preview:-1"},"canonical":"https:\/\/allstarretro.com\/en\/parduotuve\/tree-interior\/retropolis-radija\/","og_locale":"en_US","og_type":"article","og_title":"Retropolis Radija","og_description":"APIE RETROPOLIS RADIJ\u0104 Retropolis Radija. Retropolis \u2013 tai prek\u0117s \u017eenklas, nukeliantis jus atgal \u012f j\u016bs\u0173, j\u016bs\u0173 t\u0117v\u0173 ir seneli\u0173 vaikyst\u0117s metus. D\u0117l savo i\u0161skirtinio dizaino Naujasis Orleanas taps j\u016bs\u0173 interjero puo\u0161mena, nepriklausomai nuo stiliaus, kuriuo j\u012f suk\u016br\u0117te. Tuo pa\u010diu metu, nors jis ir pritraukia saujel\u0119 vinta\u017einio stiliaus , jame gausu technini\u0173 naujovi\u0173, kurios palengvins naudojim\u0105si radiju nepaisant s\u0105lyg\u0173. Bluetooth , powerbank , pla\u010diajuostis FM \/ AM atk\u016brimas, muzika i\u0161 telefono , atminties kortel\u0117s ar USB atmintin\u0117s. RADIJOS PRIVALUMAI   Retropolis radijos garsiakalbis gali leisti muzik\u0105 tikrai auk\u0161tos kokyb\u0117s. Medinis korpusas u\u017etikrina, kad garsas b\u016bt\u0173 ai\u0161kus, be nemaloni\u0173 gars\u0173.  Retropolis yra prek\u0117s \u017eenklas, kuris tikrai nukelia jus \u012f vaikyst\u0119. Originalus dizainas suteiks stiliaus bet kokiam interjerui.Korpusas atrodo kaip rie\u0161utmed\u017eio medis , garsiakalbi\u0173 grotel\u0117s aptrauktos pyne, nuostabus anologinio laikrod\u017eio rodykl\u0117s formos radijo reguliatorius, vario spalvos ranken\u0117l\u0117s.  Nors Retropolis New Orleans yra gana didelis, jis taip pat yra visi\u0161kai belaidis, nes naudojamas 1200 mAh baterija. \u0160ios galios visi\u0161kai pakanka, kad gal\u0117tum m\u0117gautis muzika bet kokiomis s\u0105lygomis.  MP3 grotuvo ar mobili\u0173j\u0173 telefon\u0173 \u012fkrovimas.  USB lizdas.  MicroSD korteli\u0173 skaitytuvas.  Pagaminta i\u0161 plastiko.","og_url":"https:\/\/allstarretro.com\/en\/parduotuve\/tree-interior\/retropolis-radija\/","og_site_name":"AllStarRetro","article_publisher":"https:\/\/www.facebook.com\/allstarretroLTU","article_modified_time":"2025-01-31T10:27:14+00:00","og_image":[{"width":1080,"height":1080,"url":"https:\/\/allstarretro.com\/wp-content\/uploads\/2025\/01\/retropolis-radija-allstarretro.com-.webp","type":"image\/webp"}],"twitter_card":"summary_large_image","twitter_site":"@allstarretroLTU","twitter_misc":{"Price":"69.99&euro;","Availability":"In stock"},"schema":{"@context":"https:\/\/schema.org","@graph":[{"@type":["WebPage","ItemPage"],"@id":"https:\/\/allstarretro.com\/parduotuve\/namu-interjeras\/retropolis-radija\/","url":"https:\/\/allstarretro.com\/parduotuve\/namu-interjeras\/retropolis-radija\/","name":"Retropolis Radio","isPartOf":{"@id":"https:\/\/allstarretro.com\/#website"},"datePublished":"2023-10-25T07:44:37+00:00","dateModified":"2025-01-31T10:27:14+00:00","breadcrumb":{"@id":"https:\/\/allstarretro.com\/parduotuve\/namu-interjeras\/retropolis-radija\/#breadcrumb"},"inLanguage":"en-US","potentialAction":[{"@type":"ReadAction","target":["https:\/\/allstarretro.com\/parduotuve\/namu-interjeras\/retropolis-radija\/"]}]},{"@type":"BreadcrumbList","@id":"https:\/\/allstarretro.com\/parduotuve\/namu-interjeras\/retropolis-radija\/#breadcrumb","itemListElement":[{"@type":"ListItem","position":1,"name":"Home","item":"https:\/\/allstarretro.com\/"},{"@type":"ListItem","position":2,"name":"Retro Stiliaus Nostalgijos Ir Vinta\u017eo Parduotuv\u0117","item":"https:\/\/allstarretro.com\/parduotuve\/"},{"@type":"ListItem","position":3,"name":"Retropolis Radija"}]},{"@type":"WebSite","@id":"https:\/\/allstarretro.com\/#website","url":"https:\/\/allstarretro.com\/","name":"AllStarRetro","description":"Retro Era Style Products | AllStarRetro","publisher":{"@id":"https:\/\/allstarretro.com\/#organization"},"alternateName":"AllStarRetro","potentialAction":[{"@type":"SearchAction","target":{"@type":"EntryPoint","urlTemplate":"https:\/\/allstarretro.com\/?s={search_term_string}"},"query-input":"required name=search_term_string"}],"inLanguage":"en-US"},{"@type":["Organization","Place","Store"],"@id":"https:\/\/allstarretro.com\/#organization","name":"AllStarRetro","alternateName":"AllStarRetro","url":"https:\/\/allstarretro.com\/","logo":{"@id":"https:\/\/allstarretro.com\/parduotuve\/namu-interjeras\/retropolis-radija\/#local-main-organization-logo"},"image":{"@id":"https:\/\/allstarretro.com\/parduotuve\/namu-interjeras\/retropolis-radija\/#local-main-organization-logo"},"sameAs":["https:\/\/www.facebook.com\/allstarretroLTU","https:\/\/twitter.com\/allstarretroLTU"],"publishingPrinciples":"https:\/\/allstarretro.com\/","ownershipFundingInfo":"https:\/\/allstarretro.com\/teises-ir-isipareigojimai\/","actionableFeedbackPolicy":"https:\/\/allstarretro.com\/privatumo-politika\/","correctionsPolicy":"https:\/\/allstarretro.com\/pristatymas-ir-taisykles\/","ethicsPolicy":"https:\/\/allstarretro.com\/teises-ir-isipareigojimai\/","diversityPolicy":"https:\/\/allstarretro.com\/privatumo-politika\/","diversityStaffingReport":"https:\/\/allstarretro.com\/privatumo-politika\/","address":{"@id":"https:\/\/allstarretro.com\/parduotuve\/namu-interjeras\/retropolis-radija\/#local-main-place-address"},"geo":{"@type":"GeoCoordinates","latitude":"54.8733071","longitude":"23.9494226"},"telephone":["+37068673611"],"openingHoursSpecification":[{"@type":"OpeningHoursSpecification","dayOfWeek":["Monday","Tuesday","Wednesday","Thursday","Friday","Saturday","Sunday"],"opens":"09:00","closes":"17:00"}],"email":"info@allstarretro.com","areaServed":"Lithuania","vatID":"LT100013495416","priceRange":"$$","currenciesAccepted":"Euras","paymentAccepted":"Visa, mastercard"},{"@type":"PostalAddress","@id":"https:\/\/allstarretro.com\/parduotuve\/namu-interjeras\/retropolis-radija\/#local-main-place-address","streetAddress":"L.Ivinskio 18a","addressLocality":"Kaunas","postalCode":"45151","addressRegion":"Kaunas","addressCountry":"LT"},{"@type":"ImageObject","inLanguage":"en-US","@id":"https:\/\/allstarretro.com\/parduotuve\/namu-interjeras\/retropolis-radija\/#local-main-organization-logo","url":"https:\/\/allstarretro.com\/wp-content\/uploads\/2025\/01\/allstarretro-mini-logo.webp","contentUrl":"https:\/\/allstarretro.com\/wp-content\/uploads\/2025\/01\/allstarretro-mini-logo.webp","width":130,"height":130,"caption":"AllStarRetro"}]},"geo.placename":"Kaunas","geo.position":{"lat":"54.8733071","long":"23.9494226"},"geo.region":"Lithuania"},"_links":{"self":[{"href":"https:\/\/allstarretro.com\/en\/wp-json\/wp\/v2\/product\/32924"}],"collection":[{"href":"https:\/\/allstarretro.com\/en\/wp-json\/wp\/v2\/product"}],"about":[{"href":"https:\/\/allstarretro.com\/en\/wp-json\/wp\/v2\/types\/product"}],"replies":[{"embeddable":true,"href":"https:\/\/allstarretro.com\/en\/wp-json\/wp\/v2\/comments?post=32924"}],"wp:featuredmedia":[{"embeddable":true,"href":"https:\/\/allstarretro.com\/en\/wp-json\/wp\/v2\/media\/32731"}],"wp:attachment":[{"href":"https:\/\/allstarretro.com\/en\/wp-json\/wp\/v2\/media?parent=32924"}],"wp:term":[{"taxonomy":"product_cat","embeddable":true,"href":"https:\/\/allstarretro.com\/en\/wp-json\/wp\/v2\/product_cat?post=32924"},{"taxonomy":"product_tag","embeddable":true,"href":"https:\/\/allstarretro.com\/en\/wp-json\/wp\/v2\/product_tag?post=32924"}],"curies":[{"name":"wp","href":"https:\/\/api.w.org\/{rel}","templated":true}]}}