{"id":32925,"date":"2023-10-25T10:10:25","date_gmt":"2023-10-25T10:10:25","guid":{"rendered":"https:\/\/allstarretro.com\/?post_type=product&#038;p=32925"},"modified":"2025-01-31T10:27:14","modified_gmt":"2025-01-31T10:27:14","slug":"rokr-wooden-puzzle-globe","status":"publish","type":"product","link":"https:\/\/allstarretro.com\/en\/parduotuve\/zaidimai\/rokr-wooden-puzzle-globe\/","title":{"rendered":"ROKR Wooden Puzzle Globe"},"content":{"rendered":"","protected":false},"excerpt":{"rendered":"<h2>ABOUT THE GLOBE<\/h2>\n<p>ROKR Wooden Puzzle Globe. 3D Wooden Puzzle Model with Globe Model Building, 180 Pieces, Luminous Globe. Create Your Own Night Light Globe: You will have a lot of fun when you assemble the globe, which consists of 180 pre-cut wooden pieces. Once assembled, you can light it up at night, enjoy its beauty, and explore the world even in the dark.<\/p>\n<h2>3D PUZZLE ADVANTAGES<\/h2>\n<ul>\n<li>360-Degree Rotating Mechanical Globe: A beautiful mechanical gear system allows you to turn a knob that controls the direction of the ball's rotation. Rotate 360 degrees to view the earth from all angles.<\/li>\n<li>Interesting project and easy assembly: The ROKR luminous globe puzzle has everything you need to create. By following the illustrated English assembly instructions, you will be rewarded with a functional globe.<\/li>\n<li>Great gift and beautiful display: a perfect, unique gift for any DIY enthusiast or for any occasion, such as Christmas, Father's Day, birthday, back to school, Thanksgiving, etc. Attractive home decor for your room and office.<\/li>\n<li>No glue or scissors are needed. All you need is a guide and a little free time.<\/li>\n<\/ul>","protected":false},"featured_media":32735,"comment_status":"open","ping_status":"closed","template":"","meta":{"inline_featured_image":false},"product_cat":[339],"product_tag":[],"class_list":["post-32925","product","type-product","status-publish","has-post-thumbnail","hentry","product_cat-zaidimai"],"acf":[],"yoast_head":"<!-- This site is optimized with the Yoast SEO Premium plugin v21.8 (Yoast SEO v21.8) - https:\/\/yoast.com\/wordpress\/plugins\/seo\/ -->\n<title>ROKR Wooden Puzzle Globe<\/title>\n<meta name=\"robots\" content=\"index, follow, max-snippet:-1, max-image-preview:large, max-video-preview:-1\" \/>\n<link rel=\"canonical\" href=\"https:\/\/allstarretro.com\/en\/parduotuve\/games\/rokr-wooden-puzzle-globe\/\" \/>\n<meta property=\"og:locale\" content=\"en_US\" \/>\n<meta property=\"og:type\" content=\"article\" \/>\n<meta property=\"og:title\" content=\"ROKR Wooden Puzzle Globe\" \/>\n<meta property=\"og:description\" content=\"APIE GAUBL\u012e ROKR Wooden Puzzle Globe. 3D medin\u0117s d\u0117lion\u0117s modelis su gaublio modelio pastatymu, 180 vienet\u0173, \u0161vie\u010diantis gaublys. Sukurkite savo naktin\u0117s \u0161viesos rutul\u012f: Jums bus labai smagu, kai surinksite kamuol\u012f, kur\u012f sudaro 180 i\u0161 anksto i\u0161pjaut\u0173 medini\u0173 dali\u0173. Surinkt\u0105 gal\u0117site j\u012f ap\u0161viesti nakt\u012f, m\u0117gautis gro\u017eiu ir tyrin\u0117ti pasaul\u012f net tamsoje. 3D PUZL\u0116S PRIVALUMAI   360 laipsni\u0173 besisukantis mechaninis gaublys: gra\u017ei mechanin\u0117 pavar\u0173 sistema leid\u017eia pasukti ranken\u0117l\u0119, kuri valdo rutulio sukimosi krypt\u012f. Pasukite 360 \u200b\u200blaipsni\u0173, kad pamatytum\u0117te \u017eem\u0119 visais kampais.  \u012edomus projektas ir lengvas surinkimas: ROKR \u0161vie\u010dian\u010dio gaublio galvos\u016bkyje yra viskas, ko reikia norint sukurti. Vadovaudamiesi iliustruotomis angli\u0161komis surinkimo instrukcijomis, b\u016bsite apdovanoti funkciniu gaubliu.  Puiki dovana ir gra\u017eus ekranas: did\u017eiul\u0117, unikali dovana bet kuriam \u201epasidaryk pats\u201c entuziastams arba bet kokiai progai, pavyzd\u017eiui, Kal\u0117doms, T\u0117vo dienai, gimtadieniui, gr\u012f\u017eimui \u012f mokykl\u0105, Pad\u0117kos dienai ir kt. Patraukli interjero puo\u0161mena j\u016bs\u0173 kambariui ir biurui.  Nereikia nei klij\u0173, nei \u017eirkli\u0173. Viskas, ko jums reikia, yra vadovas ir \u0161iek tiek laisvo laiko.\" \/>\n<meta property=\"og:url\" content=\"https:\/\/allstarretro.com\/en\/parduotuve\/games\/rokr-wooden-puzzle-globe\/\" \/>\n<meta property=\"og:site_name\" content=\"AllStarRetro\" \/>\n<meta property=\"article:publisher\" content=\"https:\/\/www.facebook.com\/allstarretroLTU\" \/>\n<meta property=\"article:modified_time\" content=\"2025-01-31T10:27:14+00:00\" \/>\n<meta property=\"og:image\" content=\"https:\/\/allstarretro.com\/wp-content\/uploads\/2025\/01\/puzle-gaublys-allstarretro.com_.webp\" \/>\n\t<meta property=\"og:image:width\" content=\"1080\" \/>\n\t<meta property=\"og:image:height\" content=\"1080\" \/>\n\t<meta property=\"og:image:type\" content=\"image\/webp\" \/>\n<meta name=\"twitter:card\" content=\"summary_large_image\" \/>\n<meta name=\"twitter:site\" content=\"@allstarretroLTU\" \/>\n<meta name=\"twitter:label1\" content=\"Price\" \/>\n\t<meta name=\"twitter:data1\" content=\"79.99&euro;\" \/>\n\t<meta name=\"twitter:label2\" content=\"Availability\" \/>\n\t<meta name=\"twitter:data2\" content=\"In stock\" \/>\n<script type=\"application\/ld+json\" class=\"yoast-schema-graph\">{\"@context\":\"https:\/\/schema.org\",\"@graph\":[{\"@type\":[\"WebPage\",\"ItemPage\"],\"@id\":\"https:\/\/allstarretro.com\/parduotuve\/zaidimai\/rokr-wooden-puzzle-globe\/\",\"url\":\"https:\/\/allstarretro.com\/parduotuve\/zaidimai\/rokr-wooden-puzzle-globe\/\",\"name\":\"ROKR Wooden Puzzle Globe\",\"isPartOf\":{\"@id\":\"https:\/\/allstarretro.com\/#website\"},\"datePublished\":\"2023-10-25T10:10:25+00:00\",\"dateModified\":\"2025-01-31T10:27:14+00:00\",\"breadcrumb\":{\"@id\":\"https:\/\/allstarretro.com\/parduotuve\/zaidimai\/rokr-wooden-puzzle-globe\/#breadcrumb\"},\"inLanguage\":\"en-US\",\"potentialAction\":[{\"@type\":\"ReadAction\",\"target\":[\"https:\/\/allstarretro.com\/parduotuve\/zaidimai\/rokr-wooden-puzzle-globe\/\"]}]},{\"@type\":\"BreadcrumbList\",\"@id\":\"https:\/\/allstarretro.com\/parduotuve\/zaidimai\/rokr-wooden-puzzle-globe\/#breadcrumb\",\"itemListElement\":[{\"@type\":\"ListItem\",\"position\":1,\"name\":\"Home\",\"item\":\"https:\/\/allstarretro.com\/\"},{\"@type\":\"ListItem\",\"position\":2,\"name\":\"Retro Stiliaus Nostalgijos Ir Vinta\u017eo Parduotuv\u0117\",\"item\":\"https:\/\/allstarretro.com\/parduotuve\/\"},{\"@type\":\"ListItem\",\"position\":3,\"name\":\"ROKR Wooden Puzzle Globe\"}]},{\"@type\":\"WebSite\",\"@id\":\"https:\/\/allstarretro.com\/#website\",\"url\":\"https:\/\/allstarretro.com\/\",\"name\":\"AllStarRetro\",\"description\":\"Retro Laikotarpio Stiliaus Produktai | AllStarRetro\",\"publisher\":{\"@id\":\"https:\/\/allstarretro.com\/#organization\"},\"alternateName\":\"AllStarRetro\",\"potentialAction\":[{\"@type\":\"SearchAction\",\"target\":{\"@type\":\"EntryPoint\",\"urlTemplate\":\"https:\/\/allstarretro.com\/?s={search_term_string}\"},\"query-input\":\"required name=search_term_string\"}],\"inLanguage\":\"en-US\"},{\"@type\":[\"Organization\",\"Place\",\"Store\"],\"@id\":\"https:\/\/allstarretro.com\/#organization\",\"name\":\"AllStarRetro\",\"alternateName\":\"AllStarRetro\",\"url\":\"https:\/\/allstarretro.com\/\",\"logo\":{\"@id\":\"https:\/\/allstarretro.com\/parduotuve\/zaidimai\/rokr-wooden-puzzle-globe\/#local-main-organization-logo\"},\"image\":{\"@id\":\"https:\/\/allstarretro.com\/parduotuve\/zaidimai\/rokr-wooden-puzzle-globe\/#local-main-organization-logo\"},\"sameAs\":[\"https:\/\/www.facebook.com\/allstarretroLTU\",\"https:\/\/twitter.com\/allstarretroLTU\"],\"publishingPrinciples\":\"https:\/\/allstarretro.com\/\",\"ownershipFundingInfo\":\"https:\/\/allstarretro.com\/teises-ir-isipareigojimai\/\",\"actionableFeedbackPolicy\":\"https:\/\/allstarretro.com\/privatumo-politika\/\",\"correctionsPolicy\":\"https:\/\/allstarretro.com\/pristatymas-ir-taisykles\/\",\"ethicsPolicy\":\"https:\/\/allstarretro.com\/teises-ir-isipareigojimai\/\",\"diversityPolicy\":\"https:\/\/allstarretro.com\/privatumo-politika\/\",\"diversityStaffingReport\":\"https:\/\/allstarretro.com\/privatumo-politika\/\",\"address\":{\"@id\":\"https:\/\/allstarretro.com\/parduotuve\/zaidimai\/rokr-wooden-puzzle-globe\/#local-main-place-address\"},\"geo\":{\"@type\":\"GeoCoordinates\",\"latitude\":\"54.8733071\",\"longitude\":\"23.9494226\"},\"telephone\":[\"+37068673611\"],\"openingHoursSpecification\":[{\"@type\":\"OpeningHoursSpecification\",\"dayOfWeek\":[\"Monday\",\"Tuesday\",\"Wednesday\",\"Thursday\",\"Friday\",\"Saturday\",\"Sunday\"],\"opens\":\"09:00\",\"closes\":\"17:00\"}],\"email\":\"info@allstarretro.com\",\"areaServed\":\"Lithuania\",\"vatID\":\"LT100013495416\",\"priceRange\":\"$$\",\"currenciesAccepted\":\"Euras\",\"paymentAccepted\":\"Visa, mastercard\"},{\"@type\":\"PostalAddress\",\"@id\":\"https:\/\/allstarretro.com\/parduotuve\/zaidimai\/rokr-wooden-puzzle-globe\/#local-main-place-address\",\"streetAddress\":\"L.Ivinskio 18a\",\"addressLocality\":\"Kaunas\",\"postalCode\":\"45151\",\"addressRegion\":\"Kaunas\",\"addressCountry\":\"LT\"},{\"@type\":\"ImageObject\",\"inLanguage\":\"en-US\",\"@id\":\"https:\/\/allstarretro.com\/parduotuve\/zaidimai\/rokr-wooden-puzzle-globe\/#local-main-organization-logo\",\"url\":\"https:\/\/allstarretro.com\/wp-content\/uploads\/2025\/01\/allstarretro-mini-logo.webp\",\"contentUrl\":\"https:\/\/allstarretro.com\/wp-content\/uploads\/2025\/01\/allstarretro-mini-logo.webp\",\"width\":130,\"height\":130,\"caption\":\"AllStarRetro\"}]}<\/script>\n<meta name=\"geo.placename\" content=\"Kaunas\" \/>\n<meta name=\"geo.position\" content=\"54.8733071;23.9494226\" \/>\n<meta name=\"geo.region\" content=\"Lithuania\" \/>\n<!-- \/ Yoast SEO Premium plugin. -->","yoast_head_json":{"title":"ROKR Wooden Puzzle Globe","robots":{"index":"index","follow":"follow","max-snippet":"max-snippet:-1","max-image-preview":"max-image-preview:large","max-video-preview":"max-video-preview:-1"},"canonical":"https:\/\/allstarretro.com\/en\/parduotuve\/games\/rokr-wooden-puzzle-globe\/","og_locale":"en_US","og_type":"article","og_title":"ROKR Wooden Puzzle Globe","og_description":"APIE GAUBL\u012e ROKR Wooden Puzzle Globe. 3D medin\u0117s d\u0117lion\u0117s modelis su gaublio modelio pastatymu, 180 vienet\u0173, \u0161vie\u010diantis gaublys. Sukurkite savo naktin\u0117s \u0161viesos rutul\u012f: Jums bus labai smagu, kai surinksite kamuol\u012f, kur\u012f sudaro 180 i\u0161 anksto i\u0161pjaut\u0173 medini\u0173 dali\u0173. Surinkt\u0105 gal\u0117site j\u012f ap\u0161viesti nakt\u012f, m\u0117gautis gro\u017eiu ir tyrin\u0117ti pasaul\u012f net tamsoje. 3D PUZL\u0116S PRIVALUMAI   360 laipsni\u0173 besisukantis mechaninis gaublys: gra\u017ei mechanin\u0117 pavar\u0173 sistema leid\u017eia pasukti ranken\u0117l\u0119, kuri valdo rutulio sukimosi krypt\u012f. Pasukite 360 \u200b\u200blaipsni\u0173, kad pamatytum\u0117te \u017eem\u0119 visais kampais.  \u012edomus projektas ir lengvas surinkimas: ROKR \u0161vie\u010dian\u010dio gaublio galvos\u016bkyje yra viskas, ko reikia norint sukurti. Vadovaudamiesi iliustruotomis angli\u0161komis surinkimo instrukcijomis, b\u016bsite apdovanoti funkciniu gaubliu.  Puiki dovana ir gra\u017eus ekranas: did\u017eiul\u0117, unikali dovana bet kuriam \u201epasidaryk pats\u201c entuziastams arba bet kokiai progai, pavyzd\u017eiui, Kal\u0117doms, T\u0117vo dienai, gimtadieniui, gr\u012f\u017eimui \u012f mokykl\u0105, Pad\u0117kos dienai ir kt. Patraukli interjero puo\u0161mena j\u016bs\u0173 kambariui ir biurui.  Nereikia nei klij\u0173, nei \u017eirkli\u0173. Viskas, ko jums reikia, yra vadovas ir \u0161iek tiek laisvo laiko.","og_url":"https:\/\/allstarretro.com\/en\/parduotuve\/games\/rokr-wooden-puzzle-globe\/","og_site_name":"AllStarRetro","article_publisher":"https:\/\/www.facebook.com\/allstarretroLTU","article_modified_time":"2025-01-31T10:27:14+00:00","og_image":[{"width":1080,"height":1080,"url":"https:\/\/allstarretro.com\/wp-content\/uploads\/2025\/01\/puzle-gaublys-allstarretro.com_.webp","type":"image\/webp"}],"twitter_card":"summary_large_image","twitter_site":"@allstarretroLTU","twitter_misc":{"Price":"79.99&euro;","Availability":"In stock"},"schema":{"@context":"https:\/\/schema.org","@graph":[{"@type":["WebPage","ItemPage"],"@id":"https:\/\/allstarretro.com\/parduotuve\/zaidimai\/rokr-wooden-puzzle-globe\/","url":"https:\/\/allstarretro.com\/parduotuve\/zaidimai\/rokr-wooden-puzzle-globe\/","name":"ROKR Wooden Puzzle Globe","isPartOf":{"@id":"https:\/\/allstarretro.com\/#website"},"datePublished":"2023-10-25T10:10:25+00:00","dateModified":"2025-01-31T10:27:14+00:00","breadcrumb":{"@id":"https:\/\/allstarretro.com\/parduotuve\/zaidimai\/rokr-wooden-puzzle-globe\/#breadcrumb"},"inLanguage":"en-US","potentialAction":[{"@type":"ReadAction","target":["https:\/\/allstarretro.com\/parduotuve\/zaidimai\/rokr-wooden-puzzle-globe\/"]}]},{"@type":"BreadcrumbList","@id":"https:\/\/allstarretro.com\/parduotuve\/zaidimai\/rokr-wooden-puzzle-globe\/#breadcrumb","itemListElement":[{"@type":"ListItem","position":1,"name":"Home","item":"https:\/\/allstarretro.com\/"},{"@type":"ListItem","position":2,"name":"Retro Stiliaus Nostalgijos Ir Vinta\u017eo Parduotuv\u0117","item":"https:\/\/allstarretro.com\/parduotuve\/"},{"@type":"ListItem","position":3,"name":"ROKR Wooden Puzzle Globe"}]},{"@type":"WebSite","@id":"https:\/\/allstarretro.com\/#website","url":"https:\/\/allstarretro.com\/","name":"AllStarRetro","description":"Retro Era Style Products | AllStarRetro","publisher":{"@id":"https:\/\/allstarretro.com\/#organization"},"alternateName":"AllStarRetro","potentialAction":[{"@type":"SearchAction","target":{"@type":"EntryPoint","urlTemplate":"https:\/\/allstarretro.com\/?s={search_term_string}"},"query-input":"required name=search_term_string"}],"inLanguage":"en-US"},{"@type":["Organization","Place","Store"],"@id":"https:\/\/allstarretro.com\/#organization","name":"AllStarRetro","alternateName":"AllStarRetro","url":"https:\/\/allstarretro.com\/","logo":{"@id":"https:\/\/allstarretro.com\/parduotuve\/zaidimai\/rokr-wooden-puzzle-globe\/#local-main-organization-logo"},"image":{"@id":"https:\/\/allstarretro.com\/parduotuve\/zaidimai\/rokr-wooden-puzzle-globe\/#local-main-organization-logo"},"sameAs":["https:\/\/www.facebook.com\/allstarretroLTU","https:\/\/twitter.com\/allstarretroLTU"],"publishingPrinciples":"https:\/\/allstarretro.com\/","ownershipFundingInfo":"https:\/\/allstarretro.com\/teises-ir-isipareigojimai\/","actionableFeedbackPolicy":"https:\/\/allstarretro.com\/privatumo-politika\/","correctionsPolicy":"https:\/\/allstarretro.com\/pristatymas-ir-taisykles\/","ethicsPolicy":"https:\/\/allstarretro.com\/teises-ir-isipareigojimai\/","diversityPolicy":"https:\/\/allstarretro.com\/privatumo-politika\/","diversityStaffingReport":"https:\/\/allstarretro.com\/privatumo-politika\/","address":{"@id":"https:\/\/allstarretro.com\/parduotuve\/zaidimai\/rokr-wooden-puzzle-globe\/#local-main-place-address"},"geo":{"@type":"GeoCoordinates","latitude":"54.8733071","longitude":"23.9494226"},"telephone":["+37068673611"],"openingHoursSpecification":[{"@type":"OpeningHoursSpecification","dayOfWeek":["Monday","Tuesday","Wednesday","Thursday","Friday","Saturday","Sunday"],"opens":"09:00","closes":"17:00"}],"email":"info@allstarretro.com","areaServed":"Lithuania","vatID":"LT100013495416","priceRange":"$$","currenciesAccepted":"Euras","paymentAccepted":"Visa, mastercard"},{"@type":"PostalAddress","@id":"https:\/\/allstarretro.com\/parduotuve\/zaidimai\/rokr-wooden-puzzle-globe\/#local-main-place-address","streetAddress":"L.Ivinskio 18a","addressLocality":"Kaunas","postalCode":"45151","addressRegion":"Kaunas","addressCountry":"LT"},{"@type":"ImageObject","inLanguage":"en-US","@id":"https:\/\/allstarretro.com\/parduotuve\/zaidimai\/rokr-wooden-puzzle-globe\/#local-main-organization-logo","url":"https:\/\/allstarretro.com\/wp-content\/uploads\/2025\/01\/allstarretro-mini-logo.webp","contentUrl":"https:\/\/allstarretro.com\/wp-content\/uploads\/2025\/01\/allstarretro-mini-logo.webp","width":130,"height":130,"caption":"AllStarRetro"}]},"geo.placename":"Kaunas","geo.position":{"lat":"54.8733071","long":"23.9494226"},"geo.region":"Lithuania"},"_links":{"self":[{"href":"https:\/\/allstarretro.com\/en\/wp-json\/wp\/v2\/product\/32925"}],"collection":[{"href":"https:\/\/allstarretro.com\/en\/wp-json\/wp\/v2\/product"}],"about":[{"href":"https:\/\/allstarretro.com\/en\/wp-json\/wp\/v2\/types\/product"}],"replies":[{"embeddable":true,"href":"https:\/\/allstarretro.com\/en\/wp-json\/wp\/v2\/comments?post=32925"}],"wp:featuredmedia":[{"embeddable":true,"href":"https:\/\/allstarretro.com\/en\/wp-json\/wp\/v2\/media\/32735"}],"wp:attachment":[{"href":"https:\/\/allstarretro.com\/en\/wp-json\/wp\/v2\/media?parent=32925"}],"wp:term":[{"taxonomy":"product_cat","embeddable":true,"href":"https:\/\/allstarretro.com\/en\/wp-json\/wp\/v2\/product_cat?post=32925"},{"taxonomy":"product_tag","embeddable":true,"href":"https:\/\/allstarretro.com\/en\/wp-json\/wp\/v2\/product_tag?post=32925"}],"curies":[{"name":"wp","href":"https:\/\/api.w.org\/{rel}","templated":true}]}}