{"id":32932,"date":"2023-10-26T11:12:57","date_gmt":"2023-10-26T11:12:57","guid":{"rendered":"https:\/\/allstarretro.com\/?post_type=product&#038;p=32932"},"modified":"2025-01-31T10:35:23","modified_gmt":"2025-01-31T10:35:23","slug":"qjhomo-get-naked-kilimelis","status":"publish","type":"product","link":"https:\/\/allstarretro.com\/en\/parduotuve\/namu-interjeras\/qjhomo-get-naked-kilimelis\/","title":{"rendered":"Get Naked Rug"},"content":{"rendered":"","protected":false},"excerpt":{"rendered":"<h2>APIE KILIM\u0116L\u012e<\/h2>\n<p>Qjhomo Get Naked Kilim\u0117lis. Kilim\u0117lis yra p\u016bkuotas, mink\u0161tas ir neslystantis. Unikali \u0161io dur\u0173 kilim\u0117lio i\u0161vaizda gali pad\u0117ti atnaujinti vidaus, lauko, vonios kambario, virtuv\u0117s, svetain\u0117s, miegamojo, prie\u0161kambario stili\u0173, kad derintum\u0117te savo nam\u0173 stili\u0173. Linksmas dizainas ir 3D efektas. Sm\u0117lio spalvos pliu\u0161inis kilim\u0117lis atrodo labai patogus, su vaivoryk\u0161t\u0117s raid\u0117mis. Unikalus flokavimo procesas, kuris i\u0161ry\u0161kina vizualin\u012f efekt\u0105 \u201eGET NAKED\u201c.<\/p>\n<h2>OJHOMO PRIVALUMAI<\/h2>\n<ul>\n<li>Retro dizainas.<\/li>\n<li>Mink\u0161tas ir purus.<\/li>\n<li>Galima skalbti.<\/li>\n<li>Pagamintas i\u0161 poliesterio.<\/li>\n<li>Vanden\u012f sugeriantis: pa\u017eangus vanden\u012f sugeriantis pluo\u0161tas u\u017etikrina, kad jis greitai sugeria vanden\u012f ir greitai i\u0161d\u017ei\u016bsta.<\/li>\n<li>Neslid\u016bs ir patvar\u016bs: dur\u0173 kilim\u0117liai turi patvari\u0105 TPE nugar\u0117l\u0119, kuri neleid\u017eia vonios kilim\u0117liui paslysti ir laiko j\u012f vietoje, tod\u0117l jums nereik\u0117s jaudintis, kad jis paslys.<\/li>\n<\/ul>","protected":false},"featured_media":32758,"comment_status":"open","ping_status":"closed","template":"","meta":{"inline_featured_image":false},"product_cat":[340],"product_tag":[],"class_list":["post-32932","product","type-product","status-publish","has-post-thumbnail","hentry","product_cat-namu-interjeras"],"acf":[],"yoast_head":"<!-- This site is optimized with the Yoast SEO Premium plugin v21.8 (Yoast SEO v21.8) - https:\/\/yoast.com\/wordpress\/plugins\/seo\/ -->\n<title>Qjhomo Get Naked Kilim\u0117lis<\/title>\n<meta name=\"robots\" content=\"index, follow, max-snippet:-1, max-image-preview:large, max-video-preview:-1\" \/>\n<link rel=\"canonical\" href=\"https:\/\/allstarretro.com\/en\/parduotuve\/tree-interior\/qjhomo-get-naked-kilimelis\/\" \/>\n<meta property=\"og:locale\" content=\"en_US\" \/>\n<meta property=\"og:type\" content=\"article\" \/>\n<meta property=\"og:title\" content=\"Qjhomo Get Naked Kilim\u0117lis\" \/>\n<meta property=\"og:description\" content=\"APIE KILIM\u0116L\u012e Qjhomo Get Naked Kilim\u0117lis. Kilim\u0117lis yra p\u016bkuotas, mink\u0161tas ir neslystantis. Unikali \u0161io dur\u0173 kilim\u0117lio i\u0161vaizda gali pad\u0117ti atnaujinti vidaus, lauko, vonios kambario, virtuv\u0117s, svetain\u0117s, miegamojo, prie\u0161kambario stili\u0173, kad derintum\u0117te savo nam\u0173 stili\u0173. Linksmas dizainas ir 3D efektas. Sm\u0117lio spalvos pliu\u0161inis kilim\u0117lis atrodo labai patogus, su vaivoryk\u0161t\u0117s raid\u0117mis. Unikalus flokavimo procesas, kuris i\u0161ry\u0161kina vizualin\u012f efekt\u0105 \u201eGET NAKED\u201c. OJHOMO PRIVALUMAI   Retro dizainas.  Mink\u0161tas ir purus.  Galima skalbti.  Pagamintas i\u0161 poliesterio.  Vanden\u012f sugeriantis: pa\u017eangus vanden\u012f sugeriantis pluo\u0161tas u\u017etikrina, kad jis greitai sugeria vanden\u012f ir greitai i\u0161d\u017ei\u016bsta.  Neslid\u016bs ir patvar\u016bs: dur\u0173 kilim\u0117liai turi patvari\u0105 TPE nugar\u0117l\u0119, kuri neleid\u017eia vonios kilim\u0117liui paslysti ir laiko j\u012f vietoje, tod\u0117l jums nereik\u0117s jaudintis, kad jis paslys.\" \/>\n<meta property=\"og:url\" content=\"https:\/\/allstarretro.com\/en\/parduotuve\/tree-interior\/qjhomo-get-naked-kilimelis\/\" \/>\n<meta property=\"og:site_name\" content=\"AllStarRetro\" \/>\n<meta property=\"article:publisher\" content=\"https:\/\/www.facebook.com\/allstarretroLTU\" \/>\n<meta property=\"article:modified_time\" content=\"2025-01-31T10:35:23+00:00\" \/>\n<meta property=\"og:image\" content=\"https:\/\/allstarretro.com\/wp-content\/uploads\/2025\/01\/ojhome-get-naked-kilimelis-allstarretro.com-.webp\" \/>\n\t<meta property=\"og:image:width\" content=\"1080\" \/>\n\t<meta property=\"og:image:height\" content=\"1080\" \/>\n\t<meta property=\"og:image:type\" content=\"image\/webp\" \/>\n<meta name=\"twitter:card\" content=\"summary_large_image\" \/>\n<meta name=\"twitter:site\" content=\"@allstarretroLTU\" \/>\n<meta name=\"twitter:label1\" content=\"Price\" \/>\n\t<meta name=\"twitter:data1\" content=\"55.99&euro;\" \/>\n\t<meta name=\"twitter:label2\" content=\"Availability\" \/>\n\t<meta name=\"twitter:data2\" content=\"In stock\" \/>\n<script type=\"application\/ld+json\" class=\"yoast-schema-graph\">{\"@context\":\"https:\/\/schema.org\",\"@graph\":[{\"@type\":[\"WebPage\",\"ItemPage\"],\"@id\":\"https:\/\/allstarretro.com\/parduotuve\/namu-interjeras\/qjhomo-get-naked-kilimelis\/\",\"url\":\"https:\/\/allstarretro.com\/parduotuve\/namu-interjeras\/qjhomo-get-naked-kilimelis\/\",\"name\":\"Qjhomo Get Naked Kilim\u0117lis\",\"isPartOf\":{\"@id\":\"https:\/\/allstarretro.com\/#website\"},\"datePublished\":\"2023-10-26T11:12:57+00:00\",\"dateModified\":\"2025-01-31T10:35:23+00:00\",\"breadcrumb\":{\"@id\":\"https:\/\/allstarretro.com\/parduotuve\/namu-interjeras\/qjhomo-get-naked-kilimelis\/#breadcrumb\"},\"inLanguage\":\"en-US\",\"potentialAction\":[{\"@type\":\"ReadAction\",\"target\":[\"https:\/\/allstarretro.com\/parduotuve\/namu-interjeras\/qjhomo-get-naked-kilimelis\/\"]}]},{\"@type\":\"BreadcrumbList\",\"@id\":\"https:\/\/allstarretro.com\/parduotuve\/namu-interjeras\/qjhomo-get-naked-kilimelis\/#breadcrumb\",\"itemListElement\":[{\"@type\":\"ListItem\",\"position\":1,\"name\":\"Home\",\"item\":\"https:\/\/allstarretro.com\/\"},{\"@type\":\"ListItem\",\"position\":2,\"name\":\"Retro Stiliaus Nostalgijos Ir Vinta\u017eo Parduotuv\u0117\",\"item\":\"https:\/\/allstarretro.com\/parduotuve\/\"},{\"@type\":\"ListItem\",\"position\":3,\"name\":\"Qjhomo Get Naked Kilim\u0117lis\"}]},{\"@type\":\"WebSite\",\"@id\":\"https:\/\/allstarretro.com\/#website\",\"url\":\"https:\/\/allstarretro.com\/\",\"name\":\"AllStarRetro\",\"description\":\"Retro Laikotarpio Stiliaus Produktai | AllStarRetro\",\"publisher\":{\"@id\":\"https:\/\/allstarretro.com\/#organization\"},\"alternateName\":\"AllStarRetro\",\"potentialAction\":[{\"@type\":\"SearchAction\",\"target\":{\"@type\":\"EntryPoint\",\"urlTemplate\":\"https:\/\/allstarretro.com\/?s={search_term_string}\"},\"query-input\":\"required name=search_term_string\"}],\"inLanguage\":\"en-US\"},{\"@type\":[\"Organization\",\"Place\",\"Store\"],\"@id\":\"https:\/\/allstarretro.com\/#organization\",\"name\":\"AllStarRetro\",\"alternateName\":\"AllStarRetro\",\"url\":\"https:\/\/allstarretro.com\/\",\"logo\":{\"@id\":\"https:\/\/allstarretro.com\/parduotuve\/namu-interjeras\/qjhomo-get-naked-kilimelis\/#local-main-organization-logo\"},\"image\":{\"@id\":\"https:\/\/allstarretro.com\/parduotuve\/namu-interjeras\/qjhomo-get-naked-kilimelis\/#local-main-organization-logo\"},\"sameAs\":[\"https:\/\/www.facebook.com\/allstarretroLTU\",\"https:\/\/twitter.com\/allstarretroLTU\"],\"publishingPrinciples\":\"https:\/\/allstarretro.com\/\",\"ownershipFundingInfo\":\"https:\/\/allstarretro.com\/teises-ir-isipareigojimai\/\",\"actionableFeedbackPolicy\":\"https:\/\/allstarretro.com\/privatumo-politika\/\",\"correctionsPolicy\":\"https:\/\/allstarretro.com\/pristatymas-ir-taisykles\/\",\"ethicsPolicy\":\"https:\/\/allstarretro.com\/teises-ir-isipareigojimai\/\",\"diversityPolicy\":\"https:\/\/allstarretro.com\/privatumo-politika\/\",\"diversityStaffingReport\":\"https:\/\/allstarretro.com\/privatumo-politika\/\",\"address\":{\"@id\":\"https:\/\/allstarretro.com\/parduotuve\/namu-interjeras\/qjhomo-get-naked-kilimelis\/#local-main-place-address\"},\"geo\":{\"@type\":\"GeoCoordinates\",\"latitude\":\"54.8733071\",\"longitude\":\"23.9494226\"},\"telephone\":[\"+37068673611\"],\"openingHoursSpecification\":[{\"@type\":\"OpeningHoursSpecification\",\"dayOfWeek\":[\"Monday\",\"Tuesday\",\"Wednesday\",\"Thursday\",\"Friday\",\"Saturday\",\"Sunday\"],\"opens\":\"09:00\",\"closes\":\"17:00\"}],\"email\":\"info@allstarretro.com\",\"areaServed\":\"Lithuania\",\"vatID\":\"LT100013495416\",\"priceRange\":\"$$\",\"currenciesAccepted\":\"Euras\",\"paymentAccepted\":\"Visa, mastercard\"},{\"@type\":\"PostalAddress\",\"@id\":\"https:\/\/allstarretro.com\/parduotuve\/namu-interjeras\/qjhomo-get-naked-kilimelis\/#local-main-place-address\",\"streetAddress\":\"L.Ivinskio 18a\",\"addressLocality\":\"Kaunas\",\"postalCode\":\"45151\",\"addressRegion\":\"Kaunas\",\"addressCountry\":\"LT\"},{\"@type\":\"ImageObject\",\"inLanguage\":\"en-US\",\"@id\":\"https:\/\/allstarretro.com\/parduotuve\/namu-interjeras\/qjhomo-get-naked-kilimelis\/#local-main-organization-logo\",\"url\":\"https:\/\/allstarretro.com\/wp-content\/uploads\/2025\/01\/allstarretro-mini-logo.webp\",\"contentUrl\":\"https:\/\/allstarretro.com\/wp-content\/uploads\/2025\/01\/allstarretro-mini-logo.webp\",\"width\":130,\"height\":130,\"caption\":\"AllStarRetro\"}]}<\/script>\n<meta name=\"geo.placename\" content=\"Kaunas\" \/>\n<meta name=\"geo.position\" content=\"54.8733071;23.9494226\" \/>\n<meta name=\"geo.region\" content=\"Lithuania\" \/>\n<!-- \/ Yoast SEO Premium plugin. -->","yoast_head_json":{"title":"Get Naked Rug","robots":{"index":"index","follow":"follow","max-snippet":"max-snippet:-1","max-image-preview":"max-image-preview:large","max-video-preview":"max-video-preview:-1"},"canonical":"https:\/\/allstarretro.com\/en\/parduotuve\/tree-interior\/qjhomo-get-naked-kilimelis\/","og_locale":"en_US","og_type":"article","og_title":"Qjhomo Get Naked Kilim\u0117lis","og_description":"APIE KILIM\u0116L\u012e Qjhomo Get Naked Kilim\u0117lis. Kilim\u0117lis yra p\u016bkuotas, mink\u0161tas ir neslystantis. Unikali \u0161io dur\u0173 kilim\u0117lio i\u0161vaizda gali pad\u0117ti atnaujinti vidaus, lauko, vonios kambario, virtuv\u0117s, svetain\u0117s, miegamojo, prie\u0161kambario stili\u0173, kad derintum\u0117te savo nam\u0173 stili\u0173. Linksmas dizainas ir 3D efektas. Sm\u0117lio spalvos pliu\u0161inis kilim\u0117lis atrodo labai patogus, su vaivoryk\u0161t\u0117s raid\u0117mis. Unikalus flokavimo procesas, kuris i\u0161ry\u0161kina vizualin\u012f efekt\u0105 \u201eGET NAKED\u201c. OJHOMO PRIVALUMAI   Retro dizainas.  Mink\u0161tas ir purus.  Galima skalbti.  Pagamintas i\u0161 poliesterio.  Vanden\u012f sugeriantis: pa\u017eangus vanden\u012f sugeriantis pluo\u0161tas u\u017etikrina, kad jis greitai sugeria vanden\u012f ir greitai i\u0161d\u017ei\u016bsta.  Neslid\u016bs ir patvar\u016bs: dur\u0173 kilim\u0117liai turi patvari\u0105 TPE nugar\u0117l\u0119, kuri neleid\u017eia vonios kilim\u0117liui paslysti ir laiko j\u012f vietoje, tod\u0117l jums nereik\u0117s jaudintis, kad jis paslys.","og_url":"https:\/\/allstarretro.com\/en\/parduotuve\/tree-interior\/qjhomo-get-naked-kilimelis\/","og_site_name":"AllStarRetro","article_publisher":"https:\/\/www.facebook.com\/allstarretroLTU","article_modified_time":"2025-01-31T10:35:23+00:00","og_image":[{"width":1080,"height":1080,"url":"https:\/\/allstarretro.com\/wp-content\/uploads\/2025\/01\/ojhome-get-naked-kilimelis-allstarretro.com-.webp","type":"image\/webp"}],"twitter_card":"summary_large_image","twitter_site":"@allstarretroLTU","twitter_misc":{"Price":"55.99&euro;","Availability":"In stock"},"schema":{"@context":"https:\/\/schema.org","@graph":[{"@type":["WebPage","ItemPage"],"@id":"https:\/\/allstarretro.com\/parduotuve\/namu-interjeras\/qjhomo-get-naked-kilimelis\/","url":"https:\/\/allstarretro.com\/parduotuve\/namu-interjeras\/qjhomo-get-naked-kilimelis\/","name":"Get Naked Rug","isPartOf":{"@id":"https:\/\/allstarretro.com\/#website"},"datePublished":"2023-10-26T11:12:57+00:00","dateModified":"2025-01-31T10:35:23+00:00","breadcrumb":{"@id":"https:\/\/allstarretro.com\/parduotuve\/namu-interjeras\/qjhomo-get-naked-kilimelis\/#breadcrumb"},"inLanguage":"en-US","potentialAction":[{"@type":"ReadAction","target":["https:\/\/allstarretro.com\/parduotuve\/namu-interjeras\/qjhomo-get-naked-kilimelis\/"]}]},{"@type":"BreadcrumbList","@id":"https:\/\/allstarretro.com\/parduotuve\/namu-interjeras\/qjhomo-get-naked-kilimelis\/#breadcrumb","itemListElement":[{"@type":"ListItem","position":1,"name":"Home","item":"https:\/\/allstarretro.com\/"},{"@type":"ListItem","position":2,"name":"Retro Stiliaus Nostalgijos Ir Vinta\u017eo Parduotuv\u0117","item":"https:\/\/allstarretro.com\/parduotuve\/"},{"@type":"ListItem","position":3,"name":"Qjhomo Get Naked Kilim\u0117lis"}]},{"@type":"WebSite","@id":"https:\/\/allstarretro.com\/#website","url":"https:\/\/allstarretro.com\/","name":"AllStarRetro","description":"Retro Era Style Products | AllStarRetro","publisher":{"@id":"https:\/\/allstarretro.com\/#organization"},"alternateName":"AllStarRetro","potentialAction":[{"@type":"SearchAction","target":{"@type":"EntryPoint","urlTemplate":"https:\/\/allstarretro.com\/?s={search_term_string}"},"query-input":"required name=search_term_string"}],"inLanguage":"en-US"},{"@type":["Organization","Place","Store"],"@id":"https:\/\/allstarretro.com\/#organization","name":"AllStarRetro","alternateName":"AllStarRetro","url":"https:\/\/allstarretro.com\/","logo":{"@id":"https:\/\/allstarretro.com\/parduotuve\/namu-interjeras\/qjhomo-get-naked-kilimelis\/#local-main-organization-logo"},"image":{"@id":"https:\/\/allstarretro.com\/parduotuve\/namu-interjeras\/qjhomo-get-naked-kilimelis\/#local-main-organization-logo"},"sameAs":["https:\/\/www.facebook.com\/allstarretroLTU","https:\/\/twitter.com\/allstarretroLTU"],"publishingPrinciples":"https:\/\/allstarretro.com\/","ownershipFundingInfo":"https:\/\/allstarretro.com\/teises-ir-isipareigojimai\/","actionableFeedbackPolicy":"https:\/\/allstarretro.com\/privatumo-politika\/","correctionsPolicy":"https:\/\/allstarretro.com\/pristatymas-ir-taisykles\/","ethicsPolicy":"https:\/\/allstarretro.com\/teises-ir-isipareigojimai\/","diversityPolicy":"https:\/\/allstarretro.com\/privatumo-politika\/","diversityStaffingReport":"https:\/\/allstarretro.com\/privatumo-politika\/","address":{"@id":"https:\/\/allstarretro.com\/parduotuve\/namu-interjeras\/qjhomo-get-naked-kilimelis\/#local-main-place-address"},"geo":{"@type":"GeoCoordinates","latitude":"54.8733071","longitude":"23.9494226"},"telephone":["+37068673611"],"openingHoursSpecification":[{"@type":"OpeningHoursSpecification","dayOfWeek":["Monday","Tuesday","Wednesday","Thursday","Friday","Saturday","Sunday"],"opens":"09:00","closes":"17:00"}],"email":"info@allstarretro.com","areaServed":"Lithuania","vatID":"LT100013495416","priceRange":"$$","currenciesAccepted":"Euras","paymentAccepted":"Visa, mastercard"},{"@type":"PostalAddress","@id":"https:\/\/allstarretro.com\/parduotuve\/namu-interjeras\/qjhomo-get-naked-kilimelis\/#local-main-place-address","streetAddress":"L.Ivinskio 18a","addressLocality":"Kaunas","postalCode":"45151","addressRegion":"Kaunas","addressCountry":"LT"},{"@type":"ImageObject","inLanguage":"en-US","@id":"https:\/\/allstarretro.com\/parduotuve\/namu-interjeras\/qjhomo-get-naked-kilimelis\/#local-main-organization-logo","url":"https:\/\/allstarretro.com\/wp-content\/uploads\/2025\/01\/allstarretro-mini-logo.webp","contentUrl":"https:\/\/allstarretro.com\/wp-content\/uploads\/2025\/01\/allstarretro-mini-logo.webp","width":130,"height":130,"caption":"AllStarRetro"}]},"geo.placename":"Kaunas","geo.position":{"lat":"54.8733071","long":"23.9494226"},"geo.region":"Lithuania"},"_links":{"self":[{"href":"https:\/\/allstarretro.com\/en\/wp-json\/wp\/v2\/product\/32932"}],"collection":[{"href":"https:\/\/allstarretro.com\/en\/wp-json\/wp\/v2\/product"}],"about":[{"href":"https:\/\/allstarretro.com\/en\/wp-json\/wp\/v2\/types\/product"}],"replies":[{"embeddable":true,"href":"https:\/\/allstarretro.com\/en\/wp-json\/wp\/v2\/comments?post=32932"}],"wp:featuredmedia":[{"embeddable":true,"href":"https:\/\/allstarretro.com\/en\/wp-json\/wp\/v2\/media\/32758"}],"wp:attachment":[{"href":"https:\/\/allstarretro.com\/en\/wp-json\/wp\/v2\/media?parent=32932"}],"wp:term":[{"taxonomy":"product_cat","embeddable":true,"href":"https:\/\/allstarretro.com\/en\/wp-json\/wp\/v2\/product_cat?post=32932"},{"taxonomy":"product_tag","embeddable":true,"href":"https:\/\/allstarretro.com\/en\/wp-json\/wp\/v2\/product_tag?post=32932"}],"curies":[{"name":"wp","href":"https:\/\/api.w.org\/{rel}","templated":true}]}}