{"id":32936,"date":"2023-10-31T08:17:21","date_gmt":"2023-10-31T08:17:21","guid":{"rendered":"https:\/\/allstarretro.com\/?post_type=product&#038;p=32936"},"modified":"2025-01-31T10:29:33","modified_gmt":"2025-01-31T10:29:33","slug":"gibot-2-in-1-wooden-chess-checkers","status":"publish","type":"product","link":"https:\/\/allstarretro.com\/en\/parduotuve\/zaidimai\/gibot-2-in-1-mediniai-sachmatai-saskes\/","title":{"rendered":"Gibot 2-in-1 Wooden Chess &amp; Checkers"},"content":{"rendered":"","protected":false},"excerpt":{"rendered":"<h2>ABOUT CHESS<\/h2>\n<p>Gibot 2-in-1 Mediniai \u0160achmatai &amp; \u0160a\u0161k\u0117s. Tikras rinkinys su laikymo stal\u010diumi A&amp;A yra retas \u0161achmat\u0173 \u017eaidimas rinkoje, atitinkantis standartinius matmenis, ta\u010diau j\u012f galite \u012fsigyti u\u017e priimtin\u0105 kain\u0105. Stal\u010diaus konstrukcija leid\u017eia efektyviai i\u0161vengti dulki\u0173 ant dali\u0173 ir jas lengvai laikyti.<\/p>\n<h2>GIBOT 2 IN 1 PRIVALUMAI<\/h2>\n<ul>\n<li>Ekologi\u0161ka \u0161achmat\u0173 lenta, pagaminta i\u0161 patvarios med\u017eio masyvo, kaip gera aplinkai nekenksminga alternatyva kitiems plastikiniams \u017eaidimams.<\/li>\n<li>Rankomis rai\u017eyti i\u0161 auk\u0161tos kokyb\u0117s nat\u016bralaus graikinio rie\u0161utmed\u017eio masyvo, net \u0161achmat\u0173 fig\u016br\u0117l\u0117s rai\u017eytos rankomis, o tai u\u017etikrina puik\u0173 atsparum\u0105 dr\u0117gmei ir ilgaam\u017ei\u0161kum\u0105.<\/li>\n<li>Naudojant svertines \u0161achmat\u0173 fig\u016bras suteikia jums patogesnio jausmo, kai naudojat\u0117s lengvai nekei\u010diant. Aksominis pagalv\u0117l\u0117 \u0161achmat\u0173 fig\u016br\u0117l\u0117s apa\u010dioje gali veiksmingai apsaugoti \u0161achmat\u0173 lentos pavir\u0161i\u0173 ir pagerinti ne slidum\u0105.<\/li>\n<li>Unikali dovanos id\u0117ja ir kolekcija. Mediniai \u0161achmatai yra eleganti\u0161ki, \u0161ilti, nat\u016bral\u016bs ir \u0161var\u016bs. Kaip dovana ir kaip moderni puo\u0161mena praturtina bet kok\u012f interjer\u0105 eleganti\u0161ku ir i\u0161skirtiniu. Tai puikus \u0161achmat\u0173 myl\u0117tojo kolekcijos papildymas, atsitiktinis prisiminimas, kuris gali b\u016bti perduodamas i\u0161 kartos \u012f kart\u0105. Prad\u0117kite \u017eaisti \u0161achmatais kaip profesionalas.<\/li>\n<li>Mokomasis \u017eaidimas vaikams, skatinantis taktin\u012f ir strategin\u012f supratim\u0105. \u0160achmat\u0173 \u017eaidimai daro jus protingais, skatina koncentracij\u0105, intelekt\u0105 ir k\u016brybi\u0161kum\u0105. Klasikinis stalo \u017eaidimas puikiai tinka pradedantiesiems ir patyrusiems \u017eaid\u0117jams. Puiki dovanos id\u0117ja praleisti laik\u0105 su vaikais ir i\u0161traukti juos i\u0161 vaizdo \u017eaidim\u0173.<\/li>\n<li>Magnetin\u0117s fig\u016br\u0117l\u0117s suteiks tvirtumo ant pagrindo.<\/li>\n<\/ul>","protected":false},"featured_media":32767,"comment_status":"open","ping_status":"closed","template":"","meta":{"inline_featured_image":false},"product_cat":[339,340],"product_tag":[],"class_list":["post-32936","product","type-product","status-publish","has-post-thumbnail","hentry","product_cat-zaidimai","product_cat-namu-interjeras"],"acf":[],"yoast_head":"<!-- This site is optimized with the Yoast SEO Premium plugin v21.8 (Yoast SEO v21.8) - https:\/\/yoast.com\/wordpress\/plugins\/seo\/ -->\n<title>Gibot 2-in-1 Mediniai \u0160achmatai &amp; \u0160a\u0161k\u0117s<\/title>\n<meta name=\"robots\" content=\"index, follow, max-snippet:-1, max-image-preview:large, max-video-preview:-1\" \/>\n<link rel=\"canonical\" href=\"https:\/\/allstarretro.com\/en\/parduotuve\/games\/gibot-2-in-1-wooden-chess-checkers\/\" \/>\n<meta property=\"og:locale\" content=\"en_US\" \/>\n<meta property=\"og:type\" content=\"article\" \/>\n<meta property=\"og:title\" content=\"Gibot 2-in-1 Mediniai \u0160achmatai &amp; \u0160a\u0161k\u0117s\" \/>\n<meta property=\"og:description\" content=\"APIE \u0160ACHMATUS Gibot 2-in-1 Mediniai \u0160achmatai &amp; \u0160a\u0161k\u0117s. Tikras rinkinys su laikymo stal\u010diumi A&amp;A yra retas \u0161achmat\u0173 \u017eaidimas rinkoje, atitinkantis standartinius matmenis, ta\u010diau j\u012f galite \u012fsigyti u\u017e priimtin\u0105 kain\u0105. Stal\u010diaus konstrukcija leid\u017eia efektyviai i\u0161vengti dulki\u0173 ant dali\u0173 ir jas lengvai laikyti. GIBOT 2 IN 1 PRIVALUMAI   Ekologi\u0161ka \u0161achmat\u0173 lenta, pagaminta i\u0161 patvarios med\u017eio masyvo, kaip gera aplinkai nekenksminga alternatyva kitiems plastikiniams \u017eaidimams.  Rankomis rai\u017eyti i\u0161 auk\u0161tos kokyb\u0117s nat\u016bralaus graikinio rie\u0161utmed\u017eio masyvo, net \u0161achmat\u0173 fig\u016br\u0117l\u0117s rai\u017eytos rankomis, o tai u\u017etikrina puik\u0173 atsparum\u0105 dr\u0117gmei ir ilgaam\u017ei\u0161kum\u0105.  Naudojant svertines \u0161achmat\u0173 fig\u016bras suteikia jums patogesnio jausmo, kai naudojat\u0117s lengvai nekei\u010diant. Aksominis pagalv\u0117l\u0117 \u0161achmat\u0173 fig\u016br\u0117l\u0117s apa\u010dioje gali veiksmingai apsaugoti \u0161achmat\u0173 lentos pavir\u0161i\u0173 ir pagerinti ne slidum\u0105.  Unikali dovanos id\u0117ja ir kolekcija. Mediniai \u0161achmatai yra eleganti\u0161ki, \u0161ilti, nat\u016bral\u016bs ir \u0161var\u016bs. Kaip dovana ir kaip moderni puo\u0161mena praturtina bet kok\u012f interjer\u0105 eleganti\u0161ku ir i\u0161skirtiniu. Tai puikus \u0161achmat\u0173 myl\u0117tojo kolekcijos papildymas, atsitiktinis prisiminimas, kuris gali b\u016bti perduodamas i\u0161 kartos \u012f kart\u0105. Prad\u0117kite \u017eaisti \u0161achmatais kaip profesionalas.  Mokomasis \u017eaidimas vaikams, skatinantis taktin\u012f ir strategin\u012f supratim\u0105. \u0160achmat\u0173 \u017eaidimai daro jus protingais, skatina koncentracij\u0105, intelekt\u0105 ir k\u016brybi\u0161kum\u0105. Klasikinis stalo \u017eaidimas puikiai tinka pradedantiesiems ir patyrusiems \u017eaid\u0117jams. Puiki dovanos id\u0117ja praleisti laik\u0105 su vaikais ir i\u0161traukti juos i\u0161 vaizdo \u017eaidim\u0173.  Magnetin\u0117s fig\u016br\u0117l\u0117s suteiks tvirtumo ant pagrindo.\" \/>\n<meta property=\"og:url\" content=\"https:\/\/allstarretro.com\/en\/parduotuve\/games\/gibot-2-in-1-wooden-chess-checkers\/\" \/>\n<meta property=\"og:site_name\" content=\"AllStarRetro\" \/>\n<meta property=\"article:publisher\" content=\"https:\/\/www.facebook.com\/allstarretroLTU\" \/>\n<meta property=\"article:modified_time\" content=\"2025-01-31T10:29:33+00:00\" \/>\n<meta property=\"og:image\" content=\"https:\/\/allstarretro.com\/wp-content\/uploads\/2025\/01\/Gibot-2-in-1-Mediniai-sachmatai-saskes-allstarretro.com_.webp\" \/>\n\t<meta property=\"og:image:width\" content=\"1080\" \/>\n\t<meta property=\"og:image:height\" content=\"1080\" \/>\n\t<meta property=\"og:image:type\" content=\"image\/webp\" \/>\n<meta name=\"twitter:card\" content=\"summary_large_image\" \/>\n<meta name=\"twitter:site\" content=\"@allstarretroLTU\" \/>\n<meta name=\"twitter:label1\" content=\"Price\" \/>\n\t<meta name=\"twitter:data1\" content=\"159.99&euro;\" \/>\n\t<meta name=\"twitter:label2\" content=\"Availability\" \/>\n\t<meta name=\"twitter:data2\" content=\"In stock\" \/>\n<script type=\"application\/ld+json\" class=\"yoast-schema-graph\">{\"@context\":\"https:\/\/schema.org\",\"@graph\":[{\"@type\":[\"WebPage\",\"ItemPage\"],\"@id\":\"https:\/\/allstarretro.com\/parduotuve\/zaidimai\/gibot-2-in-1-mediniai-sachmatai-saskes\/\",\"url\":\"https:\/\/allstarretro.com\/parduotuve\/zaidimai\/gibot-2-in-1-mediniai-sachmatai-saskes\/\",\"name\":\"Gibot 2-in-1 Mediniai \u0160achmatai & \u0160a\u0161k\u0117s\",\"isPartOf\":{\"@id\":\"https:\/\/allstarretro.com\/#website\"},\"datePublished\":\"2023-10-31T08:17:21+00:00\",\"dateModified\":\"2025-01-31T10:29:33+00:00\",\"breadcrumb\":{\"@id\":\"https:\/\/allstarretro.com\/parduotuve\/zaidimai\/gibot-2-in-1-mediniai-sachmatai-saskes\/#breadcrumb\"},\"inLanguage\":\"en-US\",\"potentialAction\":[{\"@type\":\"ReadAction\",\"target\":[\"https:\/\/allstarretro.com\/parduotuve\/zaidimai\/gibot-2-in-1-mediniai-sachmatai-saskes\/\"]}]},{\"@type\":\"BreadcrumbList\",\"@id\":\"https:\/\/allstarretro.com\/parduotuve\/zaidimai\/gibot-2-in-1-mediniai-sachmatai-saskes\/#breadcrumb\",\"itemListElement\":[{\"@type\":\"ListItem\",\"position\":1,\"name\":\"Home\",\"item\":\"https:\/\/allstarretro.com\/\"},{\"@type\":\"ListItem\",\"position\":2,\"name\":\"Retro Stiliaus Nostalgijos Ir Vinta\u017eo Parduotuv\u0117\",\"item\":\"https:\/\/allstarretro.com\/parduotuve\/\"},{\"@type\":\"ListItem\",\"position\":3,\"name\":\"Gibot 2-in-1 Mediniai \u0160achmatai &#038; \u0160a\u0161k\u0117s\"}]},{\"@type\":\"WebSite\",\"@id\":\"https:\/\/allstarretro.com\/#website\",\"url\":\"https:\/\/allstarretro.com\/\",\"name\":\"AllStarRetro\",\"description\":\"Retro Laikotarpio Stiliaus Produktai | AllStarRetro\",\"publisher\":{\"@id\":\"https:\/\/allstarretro.com\/#organization\"},\"alternateName\":\"AllStarRetro\",\"potentialAction\":[{\"@type\":\"SearchAction\",\"target\":{\"@type\":\"EntryPoint\",\"urlTemplate\":\"https:\/\/allstarretro.com\/?s={search_term_string}\"},\"query-input\":\"required name=search_term_string\"}],\"inLanguage\":\"en-US\"},{\"@type\":[\"Organization\",\"Place\",\"Store\"],\"@id\":\"https:\/\/allstarretro.com\/#organization\",\"name\":\"AllStarRetro\",\"alternateName\":\"AllStarRetro\",\"url\":\"https:\/\/allstarretro.com\/\",\"logo\":{\"@id\":\"https:\/\/allstarretro.com\/parduotuve\/zaidimai\/gibot-2-in-1-mediniai-sachmatai-saskes\/#local-main-organization-logo\"},\"image\":{\"@id\":\"https:\/\/allstarretro.com\/parduotuve\/zaidimai\/gibot-2-in-1-mediniai-sachmatai-saskes\/#local-main-organization-logo\"},\"sameAs\":[\"https:\/\/www.facebook.com\/allstarretroLTU\",\"https:\/\/twitter.com\/allstarretroLTU\"],\"publishingPrinciples\":\"https:\/\/allstarretro.com\/\",\"ownershipFundingInfo\":\"https:\/\/allstarretro.com\/teises-ir-isipareigojimai\/\",\"actionableFeedbackPolicy\":\"https:\/\/allstarretro.com\/privatumo-politika\/\",\"correctionsPolicy\":\"https:\/\/allstarretro.com\/pristatymas-ir-taisykles\/\",\"ethicsPolicy\":\"https:\/\/allstarretro.com\/teises-ir-isipareigojimai\/\",\"diversityPolicy\":\"https:\/\/allstarretro.com\/privatumo-politika\/\",\"diversityStaffingReport\":\"https:\/\/allstarretro.com\/privatumo-politika\/\",\"address\":{\"@id\":\"https:\/\/allstarretro.com\/parduotuve\/zaidimai\/gibot-2-in-1-mediniai-sachmatai-saskes\/#local-main-place-address\"},\"geo\":{\"@type\":\"GeoCoordinates\",\"latitude\":\"54.8733071\",\"longitude\":\"23.9494226\"},\"telephone\":[\"+37068673611\"],\"openingHoursSpecification\":[{\"@type\":\"OpeningHoursSpecification\",\"dayOfWeek\":[\"Monday\",\"Tuesday\",\"Wednesday\",\"Thursday\",\"Friday\",\"Saturday\",\"Sunday\"],\"opens\":\"09:00\",\"closes\":\"17:00\"}],\"email\":\"info@allstarretro.com\",\"areaServed\":\"Lithuania\",\"vatID\":\"LT100013495416\",\"priceRange\":\"$$\",\"currenciesAccepted\":\"Euras\",\"paymentAccepted\":\"Visa, mastercard\"},{\"@type\":\"PostalAddress\",\"@id\":\"https:\/\/allstarretro.com\/parduotuve\/zaidimai\/gibot-2-in-1-mediniai-sachmatai-saskes\/#local-main-place-address\",\"streetAddress\":\"L.Ivinskio 18a\",\"addressLocality\":\"Kaunas\",\"postalCode\":\"45151\",\"addressRegion\":\"Kaunas\",\"addressCountry\":\"LT\"},{\"@type\":\"ImageObject\",\"inLanguage\":\"en-US\",\"@id\":\"https:\/\/allstarretro.com\/parduotuve\/zaidimai\/gibot-2-in-1-mediniai-sachmatai-saskes\/#local-main-organization-logo\",\"url\":\"https:\/\/allstarretro.com\/wp-content\/uploads\/2025\/01\/allstarretro-mini-logo.webp\",\"contentUrl\":\"https:\/\/allstarretro.com\/wp-content\/uploads\/2025\/01\/allstarretro-mini-logo.webp\",\"width\":130,\"height\":130,\"caption\":\"AllStarRetro\"}]}<\/script>\n<meta name=\"geo.placename\" content=\"Kaunas\" \/>\n<meta name=\"geo.position\" content=\"54.8733071;23.9494226\" \/>\n<meta name=\"geo.region\" content=\"Lithuania\" \/>\n<!-- \/ Yoast SEO Premium plugin. -->","yoast_head_json":{"title":"Gibot 2-in-1 Wooden Chess &amp; Checkers","robots":{"index":"index","follow":"follow","max-snippet":"max-snippet:-1","max-image-preview":"max-image-preview:large","max-video-preview":"max-video-preview:-1"},"canonical":"https:\/\/allstarretro.com\/en\/parduotuve\/games\/gibot-2-in-1-wooden-chess-checkers\/","og_locale":"en_US","og_type":"article","og_title":"Gibot 2-in-1 Mediniai \u0160achmatai & \u0160a\u0161k\u0117s","og_description":"APIE \u0160ACHMATUS Gibot 2-in-1 Mediniai \u0160achmatai &amp; \u0160a\u0161k\u0117s. Tikras rinkinys su laikymo stal\u010diumi A&amp;A yra retas \u0161achmat\u0173 \u017eaidimas rinkoje, atitinkantis standartinius matmenis, ta\u010diau j\u012f galite \u012fsigyti u\u017e priimtin\u0105 kain\u0105. Stal\u010diaus konstrukcija leid\u017eia efektyviai i\u0161vengti dulki\u0173 ant dali\u0173 ir jas lengvai laikyti. GIBOT 2 IN 1 PRIVALUMAI   Ekologi\u0161ka \u0161achmat\u0173 lenta, pagaminta i\u0161 patvarios med\u017eio masyvo, kaip gera aplinkai nekenksminga alternatyva kitiems plastikiniams \u017eaidimams.  Rankomis rai\u017eyti i\u0161 auk\u0161tos kokyb\u0117s nat\u016bralaus graikinio rie\u0161utmed\u017eio masyvo, net \u0161achmat\u0173 fig\u016br\u0117l\u0117s rai\u017eytos rankomis, o tai u\u017etikrina puik\u0173 atsparum\u0105 dr\u0117gmei ir ilgaam\u017ei\u0161kum\u0105.  Naudojant svertines \u0161achmat\u0173 fig\u016bras suteikia jums patogesnio jausmo, kai naudojat\u0117s lengvai nekei\u010diant. Aksominis pagalv\u0117l\u0117 \u0161achmat\u0173 fig\u016br\u0117l\u0117s apa\u010dioje gali veiksmingai apsaugoti \u0161achmat\u0173 lentos pavir\u0161i\u0173 ir pagerinti ne slidum\u0105.  Unikali dovanos id\u0117ja ir kolekcija. Mediniai \u0161achmatai yra eleganti\u0161ki, \u0161ilti, nat\u016bral\u016bs ir \u0161var\u016bs. Kaip dovana ir kaip moderni puo\u0161mena praturtina bet kok\u012f interjer\u0105 eleganti\u0161ku ir i\u0161skirtiniu. Tai puikus \u0161achmat\u0173 myl\u0117tojo kolekcijos papildymas, atsitiktinis prisiminimas, kuris gali b\u016bti perduodamas i\u0161 kartos \u012f kart\u0105. Prad\u0117kite \u017eaisti \u0161achmatais kaip profesionalas.  Mokomasis \u017eaidimas vaikams, skatinantis taktin\u012f ir strategin\u012f supratim\u0105. \u0160achmat\u0173 \u017eaidimai daro jus protingais, skatina koncentracij\u0105, intelekt\u0105 ir k\u016brybi\u0161kum\u0105. Klasikinis stalo \u017eaidimas puikiai tinka pradedantiesiems ir patyrusiems \u017eaid\u0117jams. Puiki dovanos id\u0117ja praleisti laik\u0105 su vaikais ir i\u0161traukti juos i\u0161 vaizdo \u017eaidim\u0173.  Magnetin\u0117s fig\u016br\u0117l\u0117s suteiks tvirtumo ant pagrindo.","og_url":"https:\/\/allstarretro.com\/en\/parduotuve\/games\/gibot-2-in-1-wooden-chess-checkers\/","og_site_name":"AllStarRetro","article_publisher":"https:\/\/www.facebook.com\/allstarretroLTU","article_modified_time":"2025-01-31T10:29:33+00:00","og_image":[{"width":1080,"height":1080,"url":"https:\/\/allstarretro.com\/wp-content\/uploads\/2025\/01\/Gibot-2-in-1-Mediniai-sachmatai-saskes-allstarretro.com_.webp","type":"image\/webp"}],"twitter_card":"summary_large_image","twitter_site":"@allstarretroLTU","twitter_misc":{"Price":"159.99&euro;","Availability":"In stock"},"schema":{"@context":"https:\/\/schema.org","@graph":[{"@type":["WebPage","ItemPage"],"@id":"https:\/\/allstarretro.com\/parduotuve\/zaidimai\/gibot-2-in-1-mediniai-sachmatai-saskes\/","url":"https:\/\/allstarretro.com\/parduotuve\/zaidimai\/gibot-2-in-1-mediniai-sachmatai-saskes\/","name":"Gibot 2-in-1 Wooden Chess &amp; Checkers","isPartOf":{"@id":"https:\/\/allstarretro.com\/#website"},"datePublished":"2023-10-31T08:17:21+00:00","dateModified":"2025-01-31T10:29:33+00:00","breadcrumb":{"@id":"https:\/\/allstarretro.com\/parduotuve\/zaidimai\/gibot-2-in-1-mediniai-sachmatai-saskes\/#breadcrumb"},"inLanguage":"en-US","potentialAction":[{"@type":"ReadAction","target":["https:\/\/allstarretro.com\/parduotuve\/zaidimai\/gibot-2-in-1-mediniai-sachmatai-saskes\/"]}]},{"@type":"BreadcrumbList","@id":"https:\/\/allstarretro.com\/parduotuve\/zaidimai\/gibot-2-in-1-mediniai-sachmatai-saskes\/#breadcrumb","itemListElement":[{"@type":"ListItem","position":1,"name":"Home","item":"https:\/\/allstarretro.com\/"},{"@type":"ListItem","position":2,"name":"Retro Stiliaus Nostalgijos Ir Vinta\u017eo Parduotuv\u0117","item":"https:\/\/allstarretro.com\/parduotuve\/"},{"@type":"ListItem","position":3,"name":"Gibot 2-in-1 Mediniai \u0160achmatai &#038; \u0160a\u0161k\u0117s"}]},{"@type":"WebSite","@id":"https:\/\/allstarretro.com\/#website","url":"https:\/\/allstarretro.com\/","name":"AllStarRetro","description":"Retro Era Style Products | AllStarRetro","publisher":{"@id":"https:\/\/allstarretro.com\/#organization"},"alternateName":"AllStarRetro","potentialAction":[{"@type":"SearchAction","target":{"@type":"EntryPoint","urlTemplate":"https:\/\/allstarretro.com\/?s={search_term_string}"},"query-input":"required name=search_term_string"}],"inLanguage":"en-US"},{"@type":["Organization","Place","Store"],"@id":"https:\/\/allstarretro.com\/#organization","name":"AllStarRetro","alternateName":"AllStarRetro","url":"https:\/\/allstarretro.com\/","logo":{"@id":"https:\/\/allstarretro.com\/parduotuve\/zaidimai\/gibot-2-in-1-mediniai-sachmatai-saskes\/#local-main-organization-logo"},"image":{"@id":"https:\/\/allstarretro.com\/parduotuve\/zaidimai\/gibot-2-in-1-mediniai-sachmatai-saskes\/#local-main-organization-logo"},"sameAs":["https:\/\/www.facebook.com\/allstarretroLTU","https:\/\/twitter.com\/allstarretroLTU"],"publishingPrinciples":"https:\/\/allstarretro.com\/","ownershipFundingInfo":"https:\/\/allstarretro.com\/teises-ir-isipareigojimai\/","actionableFeedbackPolicy":"https:\/\/allstarretro.com\/privatumo-politika\/","correctionsPolicy":"https:\/\/allstarretro.com\/pristatymas-ir-taisykles\/","ethicsPolicy":"https:\/\/allstarretro.com\/teises-ir-isipareigojimai\/","diversityPolicy":"https:\/\/allstarretro.com\/privatumo-politika\/","diversityStaffingReport":"https:\/\/allstarretro.com\/privatumo-politika\/","address":{"@id":"https:\/\/allstarretro.com\/parduotuve\/zaidimai\/gibot-2-in-1-mediniai-sachmatai-saskes\/#local-main-place-address"},"geo":{"@type":"GeoCoordinates","latitude":"54.8733071","longitude":"23.9494226"},"telephone":["+37068673611"],"openingHoursSpecification":[{"@type":"OpeningHoursSpecification","dayOfWeek":["Monday","Tuesday","Wednesday","Thursday","Friday","Saturday","Sunday"],"opens":"09:00","closes":"17:00"}],"email":"info@allstarretro.com","areaServed":"Lithuania","vatID":"LT100013495416","priceRange":"$$","currenciesAccepted":"Euras","paymentAccepted":"Visa, mastercard"},{"@type":"PostalAddress","@id":"https:\/\/allstarretro.com\/parduotuve\/zaidimai\/gibot-2-in-1-mediniai-sachmatai-saskes\/#local-main-place-address","streetAddress":"L.Ivinskio 18a","addressLocality":"Kaunas","postalCode":"45151","addressRegion":"Kaunas","addressCountry":"LT"},{"@type":"ImageObject","inLanguage":"en-US","@id":"https:\/\/allstarretro.com\/parduotuve\/zaidimai\/gibot-2-in-1-mediniai-sachmatai-saskes\/#local-main-organization-logo","url":"https:\/\/allstarretro.com\/wp-content\/uploads\/2025\/01\/allstarretro-mini-logo.webp","contentUrl":"https:\/\/allstarretro.com\/wp-content\/uploads\/2025\/01\/allstarretro-mini-logo.webp","width":130,"height":130,"caption":"AllStarRetro"}]},"geo.placename":"Kaunas","geo.position":{"lat":"54.8733071","long":"23.9494226"},"geo.region":"Lithuania"},"_links":{"self":[{"href":"https:\/\/allstarretro.com\/en\/wp-json\/wp\/v2\/product\/32936"}],"collection":[{"href":"https:\/\/allstarretro.com\/en\/wp-json\/wp\/v2\/product"}],"about":[{"href":"https:\/\/allstarretro.com\/en\/wp-json\/wp\/v2\/types\/product"}],"replies":[{"embeddable":true,"href":"https:\/\/allstarretro.com\/en\/wp-json\/wp\/v2\/comments?post=32936"}],"wp:featuredmedia":[{"embeddable":true,"href":"https:\/\/allstarretro.com\/en\/wp-json\/wp\/v2\/media\/32767"}],"wp:attachment":[{"href":"https:\/\/allstarretro.com\/en\/wp-json\/wp\/v2\/media?parent=32936"}],"wp:term":[{"taxonomy":"product_cat","embeddable":true,"href":"https:\/\/allstarretro.com\/en\/wp-json\/wp\/v2\/product_cat?post=32936"},{"taxonomy":"product_tag","embeddable":true,"href":"https:\/\/allstarretro.com\/en\/wp-json\/wp\/v2\/product_tag?post=32936"}],"curies":[{"name":"wp","href":"https:\/\/api.w.org\/{rel}","templated":true}]}}