{"id":32938,"date":"2023-11-03T10:57:38","date_gmt":"2023-11-03T10:57:38","guid":{"rendered":"https:\/\/allstarretro.com\/?post_type=product&#038;p=32938"},"modified":"2025-01-31T10:27:13","modified_gmt":"2025-01-31T10:27:13","slug":"balvi-lava-lempa","status":"publish","type":"product","link":"https:\/\/allstarretro.com\/en\/parduotuve\/namu-interjeras\/balvi-lava-lempa\/","title":{"rendered":"Balvi Lava Lamp"},"content":{"rendered":"","protected":false},"excerpt":{"rendered":"<h2>APIE LEMP\u0104<\/h2>\n<p>Balvi Lava Lempa. Sukurkite unikal\u0173 ir atmosferin\u012f regin\u012f savo \u017eaidim\u0173 kambaryje, svetain\u0117je ar miegamajame! Gra\u017e\u016bs lavos srauto efektai priver\u010dia \u017ei\u016br\u0117ti \u012f j\u0105 valand\u0173 valandas! M\u016bs\u0173 lempos dizainas yra atnaujintas, palyginti su senesniais. Be to, jis buvo pagamintas i\u0161 auk\u0161tos kokyb\u0117s med\u017eiag\u0173, tod\u0117l galite b\u016bti tikri, kad po antrojo paleidimo jis nenustos veikti! Tai klasikin\u0117 naujos, geresn\u0117s versijos lempa. Be to, lavos lempa puikiai tiks kaip naktin\u0117 lempa vaiko kambaryje arba nedidelis \u0161viesos \u0161altinis J\u016bs\u0173 miegamajame ar svetain\u0117je, kuri sukurs magi\u0161k\u0105 atmosfer\u0105. Atminkite, kad lempai reikia akimirkos \u012f\u0161ilti, kad magma prad\u0117t\u0173 kurti unikal\u0173 regin\u012f.<\/p>\n<h2>LAVA LEMPOS PRIVALUMAI<\/h2>\n<ul>\n<li>Klasikin\u0117 puo\u0161mena bet kuriame miegamajame.<\/li>\n<li>Sukuria nepakartojam\u0105 atmosfer\u0105 kambaryje.<\/li>\n<li>\u012evairios spalvos pagal J\u016bs\u0173 pasirinkim\u0105.<\/li>\n<li>Galite \u017ei\u016br\u0117ti \u012f j\u012f valand\u0173 valandas.<\/li>\n<li>Skleid\u017eia maloni\u0105 \u0161vies\u0105 akims.<\/li>\n<li>Modernus dizainas ir apdaila.<\/li>\n<li>Matmenys: sk. 8,5 cm x 34 cm.<\/li>\n<li>Kokybi\u0161kos med\u017eiagos.<\/li>\n<\/ul>","protected":false},"featured_media":32774,"comment_status":"open","ping_status":"closed","template":"","meta":{"inline_featured_image":false},"product_cat":[340],"product_tag":[],"class_list":["post-32938","product","type-product","status-publish","has-post-thumbnail","hentry","product_cat-namu-interjeras"],"acf":[],"yoast_head":"<!-- This site is optimized with the Yoast SEO Premium plugin v21.8 (Yoast SEO v21.8) - https:\/\/yoast.com\/wordpress\/plugins\/seo\/ -->\n<title>Balvi Lava Lempa<\/title>\n<meta name=\"robots\" content=\"index, follow, max-snippet:-1, max-image-preview:large, max-video-preview:-1\" \/>\n<link rel=\"canonical\" href=\"https:\/\/allstarretro.com\/en\/parduotuve\/tree-interior\/balvi-lava-lempa\/\" \/>\n<meta property=\"og:locale\" content=\"en_US\" \/>\n<meta property=\"og:type\" content=\"article\" \/>\n<meta property=\"og:title\" content=\"Balvi Lava Lempa\" \/>\n<meta property=\"og:description\" content=\"APIE LEMP\u0104 Balvi Lava Lempa. Sukurkite unikal\u0173 ir atmosferin\u012f regin\u012f savo \u017eaidim\u0173 kambaryje, svetain\u0117je ar miegamajame! Gra\u017e\u016bs lavos srauto efektai priver\u010dia \u017ei\u016br\u0117ti \u012f j\u0105 valand\u0173 valandas! M\u016bs\u0173 lempos dizainas yra atnaujintas, palyginti su senesniais. Be to, jis buvo pagamintas i\u0161 auk\u0161tos kokyb\u0117s med\u017eiag\u0173, tod\u0117l galite b\u016bti tikri, kad po antrojo paleidimo jis nenustos veikti! Tai klasikin\u0117 naujos, geresn\u0117s versijos lempa. Be to, lavos lempa puikiai tiks kaip naktin\u0117 lempa vaiko kambaryje arba nedidelis \u0161viesos \u0161altinis J\u016bs\u0173 miegamajame ar svetain\u0117je, kuri sukurs magi\u0161k\u0105 atmosfer\u0105. Atminkite, kad lempai reikia akimirkos \u012f\u0161ilti, kad magma prad\u0117t\u0173 kurti unikal\u0173 regin\u012f. LAVA LEMPOS PRIVALUMAI   Klasikin\u0117 puo\u0161mena bet kuriame miegamajame.  Sukuria nepakartojam\u0105 atmosfer\u0105 kambaryje.  \u012evairios spalvos pagal J\u016bs\u0173 pasirinkim\u0105.  Galite \u017ei\u016br\u0117ti \u012f j\u012f valand\u0173 valandas.  Skleid\u017eia maloni\u0105 \u0161vies\u0105 akims.  Modernus dizainas ir apdaila.  Matmenys: sk. 8,5 cm x 34 cm.  Kokybi\u0161kos med\u017eiagos.\" \/>\n<meta property=\"og:url\" content=\"https:\/\/allstarretro.com\/en\/parduotuve\/tree-interior\/balvi-lava-lempa\/\" \/>\n<meta property=\"og:site_name\" content=\"AllStarRetro\" \/>\n<meta property=\"article:publisher\" content=\"https:\/\/www.facebook.com\/allstarretroLTU\" \/>\n<meta property=\"article:modified_time\" content=\"2025-01-31T10:27:13+00:00\" \/>\n<meta property=\"og:image\" content=\"https:\/\/allstarretro.com\/wp-content\/uploads\/2025\/01\/balvi-lava-lempa-allstarretro.com_.webp\" \/>\n\t<meta property=\"og:image:width\" content=\"1080\" \/>\n\t<meta property=\"og:image:height\" content=\"1080\" \/>\n\t<meta property=\"og:image:type\" content=\"image\/webp\" \/>\n<meta name=\"twitter:card\" content=\"summary_large_image\" \/>\n<meta name=\"twitter:site\" content=\"@allstarretroLTU\" \/>\n<meta name=\"twitter:label1\" content=\"Price\" \/>\n\t<meta name=\"twitter:data1\" content=\"42.99&euro;\" \/>\n\t<meta name=\"twitter:label2\" content=\"Availability\" \/>\n\t<meta name=\"twitter:data2\" content=\"In stock\" \/>\n<script type=\"application\/ld+json\" class=\"yoast-schema-graph\">{\"@context\":\"https:\/\/schema.org\",\"@graph\":[{\"@type\":[\"WebPage\",\"ItemPage\"],\"@id\":\"https:\/\/allstarretro.com\/parduotuve\/namu-interjeras\/balvi-lava-lempa\/\",\"url\":\"https:\/\/allstarretro.com\/parduotuve\/namu-interjeras\/balvi-lava-lempa\/\",\"name\":\"Balvi Lava Lempa\",\"isPartOf\":{\"@id\":\"https:\/\/allstarretro.com\/#website\"},\"datePublished\":\"2023-11-03T10:57:38+00:00\",\"dateModified\":\"2025-01-31T10:27:13+00:00\",\"breadcrumb\":{\"@id\":\"https:\/\/allstarretro.com\/parduotuve\/namu-interjeras\/balvi-lava-lempa\/#breadcrumb\"},\"inLanguage\":\"en-US\",\"potentialAction\":[{\"@type\":\"ReadAction\",\"target\":[\"https:\/\/allstarretro.com\/parduotuve\/namu-interjeras\/balvi-lava-lempa\/\"]}]},{\"@type\":\"BreadcrumbList\",\"@id\":\"https:\/\/allstarretro.com\/parduotuve\/namu-interjeras\/balvi-lava-lempa\/#breadcrumb\",\"itemListElement\":[{\"@type\":\"ListItem\",\"position\":1,\"name\":\"Home\",\"item\":\"https:\/\/allstarretro.com\/\"},{\"@type\":\"ListItem\",\"position\":2,\"name\":\"Retro Stiliaus Nostalgijos Ir Vinta\u017eo Parduotuv\u0117\",\"item\":\"https:\/\/allstarretro.com\/parduotuve\/\"},{\"@type\":\"ListItem\",\"position\":3,\"name\":\"Balvi Lava Lempa\"}]},{\"@type\":\"WebSite\",\"@id\":\"https:\/\/allstarretro.com\/#website\",\"url\":\"https:\/\/allstarretro.com\/\",\"name\":\"AllStarRetro\",\"description\":\"Retro Laikotarpio Stiliaus Produktai | AllStarRetro\",\"publisher\":{\"@id\":\"https:\/\/allstarretro.com\/#organization\"},\"alternateName\":\"AllStarRetro\",\"potentialAction\":[{\"@type\":\"SearchAction\",\"target\":{\"@type\":\"EntryPoint\",\"urlTemplate\":\"https:\/\/allstarretro.com\/?s={search_term_string}\"},\"query-input\":\"required name=search_term_string\"}],\"inLanguage\":\"en-US\"},{\"@type\":[\"Organization\",\"Place\",\"Store\"],\"@id\":\"https:\/\/allstarretro.com\/#organization\",\"name\":\"AllStarRetro\",\"alternateName\":\"AllStarRetro\",\"url\":\"https:\/\/allstarretro.com\/\",\"logo\":{\"@id\":\"https:\/\/allstarretro.com\/parduotuve\/namu-interjeras\/balvi-lava-lempa\/#local-main-organization-logo\"},\"image\":{\"@id\":\"https:\/\/allstarretro.com\/parduotuve\/namu-interjeras\/balvi-lava-lempa\/#local-main-organization-logo\"},\"sameAs\":[\"https:\/\/www.facebook.com\/allstarretroLTU\",\"https:\/\/twitter.com\/allstarretroLTU\"],\"publishingPrinciples\":\"https:\/\/allstarretro.com\/\",\"ownershipFundingInfo\":\"https:\/\/allstarretro.com\/teises-ir-isipareigojimai\/\",\"actionableFeedbackPolicy\":\"https:\/\/allstarretro.com\/privatumo-politika\/\",\"correctionsPolicy\":\"https:\/\/allstarretro.com\/pristatymas-ir-taisykles\/\",\"ethicsPolicy\":\"https:\/\/allstarretro.com\/teises-ir-isipareigojimai\/\",\"diversityPolicy\":\"https:\/\/allstarretro.com\/privatumo-politika\/\",\"diversityStaffingReport\":\"https:\/\/allstarretro.com\/privatumo-politika\/\",\"address\":{\"@id\":\"https:\/\/allstarretro.com\/parduotuve\/namu-interjeras\/balvi-lava-lempa\/#local-main-place-address\"},\"geo\":{\"@type\":\"GeoCoordinates\",\"latitude\":\"54.8733071\",\"longitude\":\"23.9494226\"},\"telephone\":[\"+37068673611\"],\"openingHoursSpecification\":[{\"@type\":\"OpeningHoursSpecification\",\"dayOfWeek\":[\"Monday\",\"Tuesday\",\"Wednesday\",\"Thursday\",\"Friday\",\"Saturday\",\"Sunday\"],\"opens\":\"09:00\",\"closes\":\"17:00\"}],\"email\":\"info@allstarretro.com\",\"areaServed\":\"Lithuania\",\"vatID\":\"LT100013495416\",\"priceRange\":\"$$\",\"currenciesAccepted\":\"Euras\",\"paymentAccepted\":\"Visa, mastercard\"},{\"@type\":\"PostalAddress\",\"@id\":\"https:\/\/allstarretro.com\/parduotuve\/namu-interjeras\/balvi-lava-lempa\/#local-main-place-address\",\"streetAddress\":\"L.Ivinskio 18a\",\"addressLocality\":\"Kaunas\",\"postalCode\":\"45151\",\"addressRegion\":\"Kaunas\",\"addressCountry\":\"LT\"},{\"@type\":\"ImageObject\",\"inLanguage\":\"en-US\",\"@id\":\"https:\/\/allstarretro.com\/parduotuve\/namu-interjeras\/balvi-lava-lempa\/#local-main-organization-logo\",\"url\":\"https:\/\/allstarretro.com\/wp-content\/uploads\/2025\/01\/allstarretro-mini-logo.webp\",\"contentUrl\":\"https:\/\/allstarretro.com\/wp-content\/uploads\/2025\/01\/allstarretro-mini-logo.webp\",\"width\":130,\"height\":130,\"caption\":\"AllStarRetro\"}]}<\/script>\n<meta name=\"geo.placename\" content=\"Kaunas\" \/>\n<meta name=\"geo.position\" content=\"54.8733071;23.9494226\" \/>\n<meta name=\"geo.region\" content=\"Lithuania\" \/>\n<!-- \/ Yoast SEO Premium plugin. -->","yoast_head_json":{"title":"Balvi Lava Lamp","robots":{"index":"index","follow":"follow","max-snippet":"max-snippet:-1","max-image-preview":"max-image-preview:large","max-video-preview":"max-video-preview:-1"},"canonical":"https:\/\/allstarretro.com\/en\/parduotuve\/tree-interior\/balvi-lava-lempa\/","og_locale":"en_US","og_type":"article","og_title":"Balvi Lava Lempa","og_description":"APIE LEMP\u0104 Balvi Lava Lempa. Sukurkite unikal\u0173 ir atmosferin\u012f regin\u012f savo \u017eaidim\u0173 kambaryje, svetain\u0117je ar miegamajame! Gra\u017e\u016bs lavos srauto efektai priver\u010dia \u017ei\u016br\u0117ti \u012f j\u0105 valand\u0173 valandas! M\u016bs\u0173 lempos dizainas yra atnaujintas, palyginti su senesniais. Be to, jis buvo pagamintas i\u0161 auk\u0161tos kokyb\u0117s med\u017eiag\u0173, tod\u0117l galite b\u016bti tikri, kad po antrojo paleidimo jis nenustos veikti! Tai klasikin\u0117 naujos, geresn\u0117s versijos lempa. Be to, lavos lempa puikiai tiks kaip naktin\u0117 lempa vaiko kambaryje arba nedidelis \u0161viesos \u0161altinis J\u016bs\u0173 miegamajame ar svetain\u0117je, kuri sukurs magi\u0161k\u0105 atmosfer\u0105. Atminkite, kad lempai reikia akimirkos \u012f\u0161ilti, kad magma prad\u0117t\u0173 kurti unikal\u0173 regin\u012f. LAVA LEMPOS PRIVALUMAI   Klasikin\u0117 puo\u0161mena bet kuriame miegamajame.  Sukuria nepakartojam\u0105 atmosfer\u0105 kambaryje.  \u012evairios spalvos pagal J\u016bs\u0173 pasirinkim\u0105.  Galite \u017ei\u016br\u0117ti \u012f j\u012f valand\u0173 valandas.  Skleid\u017eia maloni\u0105 \u0161vies\u0105 akims.  Modernus dizainas ir apdaila.  Matmenys: sk. 8,5 cm x 34 cm.  Kokybi\u0161kos med\u017eiagos.","og_url":"https:\/\/allstarretro.com\/en\/parduotuve\/tree-interior\/balvi-lava-lempa\/","og_site_name":"AllStarRetro","article_publisher":"https:\/\/www.facebook.com\/allstarretroLTU","article_modified_time":"2025-01-31T10:27:13+00:00","og_image":[{"width":1080,"height":1080,"url":"https:\/\/allstarretro.com\/wp-content\/uploads\/2025\/01\/balvi-lava-lempa-allstarretro.com_.webp","type":"image\/webp"}],"twitter_card":"summary_large_image","twitter_site":"@allstarretroLTU","twitter_misc":{"Price":"42.99&euro;","Availability":"In stock"},"schema":{"@context":"https:\/\/schema.org","@graph":[{"@type":["WebPage","ItemPage"],"@id":"https:\/\/allstarretro.com\/parduotuve\/namu-interjeras\/balvi-lava-lempa\/","url":"https:\/\/allstarretro.com\/parduotuve\/namu-interjeras\/balvi-lava-lempa\/","name":"Balvi Lava Lamp","isPartOf":{"@id":"https:\/\/allstarretro.com\/#website"},"datePublished":"2023-11-03T10:57:38+00:00","dateModified":"2025-01-31T10:27:13+00:00","breadcrumb":{"@id":"https:\/\/allstarretro.com\/parduotuve\/namu-interjeras\/balvi-lava-lempa\/#breadcrumb"},"inLanguage":"en-US","potentialAction":[{"@type":"ReadAction","target":["https:\/\/allstarretro.com\/parduotuve\/namu-interjeras\/balvi-lava-lempa\/"]}]},{"@type":"BreadcrumbList","@id":"https:\/\/allstarretro.com\/parduotuve\/namu-interjeras\/balvi-lava-lempa\/#breadcrumb","itemListElement":[{"@type":"ListItem","position":1,"name":"Home","item":"https:\/\/allstarretro.com\/"},{"@type":"ListItem","position":2,"name":"Retro Stiliaus Nostalgijos Ir Vinta\u017eo Parduotuv\u0117","item":"https:\/\/allstarretro.com\/parduotuve\/"},{"@type":"ListItem","position":3,"name":"Balvi Lava Lempa"}]},{"@type":"WebSite","@id":"https:\/\/allstarretro.com\/#website","url":"https:\/\/allstarretro.com\/","name":"AllStarRetro","description":"Retro Era Style Products | AllStarRetro","publisher":{"@id":"https:\/\/allstarretro.com\/#organization"},"alternateName":"AllStarRetro","potentialAction":[{"@type":"SearchAction","target":{"@type":"EntryPoint","urlTemplate":"https:\/\/allstarretro.com\/?s={search_term_string}"},"query-input":"required name=search_term_string"}],"inLanguage":"en-US"},{"@type":["Organization","Place","Store"],"@id":"https:\/\/allstarretro.com\/#organization","name":"AllStarRetro","alternateName":"AllStarRetro","url":"https:\/\/allstarretro.com\/","logo":{"@id":"https:\/\/allstarretro.com\/parduotuve\/namu-interjeras\/balvi-lava-lempa\/#local-main-organization-logo"},"image":{"@id":"https:\/\/allstarretro.com\/parduotuve\/namu-interjeras\/balvi-lava-lempa\/#local-main-organization-logo"},"sameAs":["https:\/\/www.facebook.com\/allstarretroLTU","https:\/\/twitter.com\/allstarretroLTU"],"publishingPrinciples":"https:\/\/allstarretro.com\/","ownershipFundingInfo":"https:\/\/allstarretro.com\/teises-ir-isipareigojimai\/","actionableFeedbackPolicy":"https:\/\/allstarretro.com\/privatumo-politika\/","correctionsPolicy":"https:\/\/allstarretro.com\/pristatymas-ir-taisykles\/","ethicsPolicy":"https:\/\/allstarretro.com\/teises-ir-isipareigojimai\/","diversityPolicy":"https:\/\/allstarretro.com\/privatumo-politika\/","diversityStaffingReport":"https:\/\/allstarretro.com\/privatumo-politika\/","address":{"@id":"https:\/\/allstarretro.com\/parduotuve\/namu-interjeras\/balvi-lava-lempa\/#local-main-place-address"},"geo":{"@type":"GeoCoordinates","latitude":"54.8733071","longitude":"23.9494226"},"telephone":["+37068673611"],"openingHoursSpecification":[{"@type":"OpeningHoursSpecification","dayOfWeek":["Monday","Tuesday","Wednesday","Thursday","Friday","Saturday","Sunday"],"opens":"09:00","closes":"17:00"}],"email":"info@allstarretro.com","areaServed":"Lithuania","vatID":"LT100013495416","priceRange":"$$","currenciesAccepted":"Euras","paymentAccepted":"Visa, mastercard"},{"@type":"PostalAddress","@id":"https:\/\/allstarretro.com\/parduotuve\/namu-interjeras\/balvi-lava-lempa\/#local-main-place-address","streetAddress":"L.Ivinskio 18a","addressLocality":"Kaunas","postalCode":"45151","addressRegion":"Kaunas","addressCountry":"LT"},{"@type":"ImageObject","inLanguage":"en-US","@id":"https:\/\/allstarretro.com\/parduotuve\/namu-interjeras\/balvi-lava-lempa\/#local-main-organization-logo","url":"https:\/\/allstarretro.com\/wp-content\/uploads\/2025\/01\/allstarretro-mini-logo.webp","contentUrl":"https:\/\/allstarretro.com\/wp-content\/uploads\/2025\/01\/allstarretro-mini-logo.webp","width":130,"height":130,"caption":"AllStarRetro"}]},"geo.placename":"Kaunas","geo.position":{"lat":"54.8733071","long":"23.9494226"},"geo.region":"Lithuania"},"_links":{"self":[{"href":"https:\/\/allstarretro.com\/en\/wp-json\/wp\/v2\/product\/32938"}],"collection":[{"href":"https:\/\/allstarretro.com\/en\/wp-json\/wp\/v2\/product"}],"about":[{"href":"https:\/\/allstarretro.com\/en\/wp-json\/wp\/v2\/types\/product"}],"replies":[{"embeddable":true,"href":"https:\/\/allstarretro.com\/en\/wp-json\/wp\/v2\/comments?post=32938"}],"wp:featuredmedia":[{"embeddable":true,"href":"https:\/\/allstarretro.com\/en\/wp-json\/wp\/v2\/media\/32774"}],"wp:attachment":[{"href":"https:\/\/allstarretro.com\/en\/wp-json\/wp\/v2\/media?parent=32938"}],"wp:term":[{"taxonomy":"product_cat","embeddable":true,"href":"https:\/\/allstarretro.com\/en\/wp-json\/wp\/v2\/product_cat?post=32938"},{"taxonomy":"product_tag","embeddable":true,"href":"https:\/\/allstarretro.com\/en\/wp-json\/wp\/v2\/product_tag?post=32938"}],"curies":[{"name":"wp","href":"https:\/\/api.w.org\/{rel}","templated":true}]}}