{"id":32939,"date":"2023-11-03T11:13:20","date_gmt":"2023-11-03T11:13:20","guid":{"rendered":"https:\/\/allstarretro.com\/?post_type=product&#038;p=32939"},"modified":"2025-01-31T10:27:13","modified_gmt":"2025-01-31T10:27:13","slug":"balvi-lava-tornado-lempa","status":"publish","type":"product","link":"https:\/\/allstarretro.com\/en\/parduotuve\/namu-interjeras\/balvi-lava-tornado-lempa\/","title":{"rendered":"Balvi Lava Tornado Lamp"},"content":{"rendered":"","protected":false},"excerpt":{"rendered":"<h2>APIE LEMP\u0104<\/h2>\n<p>Balvi Lava Tornado Lempa. Sukurkite unikal\u0173 ir atmosferin\u012f regin\u012f savo \u017eaidim\u0173 kambaryje, svetain\u0117je ar miegamajame. Originalus efektas, imituojantis tornad\u0105, rei\u0161kia, kad galite valand\u0173 valandas \u017ei\u016br\u0117ti \u012f lemp\u0105! Tai originali versija tarp klasikini\u0173 lemp\u0173 su klajojan\u010dia lava.\u00a0Be to, \u0161is \u0161viestuvas pagamintas i\u0161 itin kokybi\u0161k\u0173 med\u017eiag\u0173, tod\u0117l galite b\u016bti tikri, kad po antrojo degimo ji nenustos veikti.<\/p>\n<h2>TORNADO LEMPOS PRIVALUMAI<\/h2>\n<ul>\n<li>Klasikin\u0117 puo\u0161mena bet kuriame miegamajame.<\/li>\n<li>Ikoni\u0161ka lavos lempa su originaliu tornado \/ audros efektu.<\/li>\n<li>Lempa kei\u010dia spalvas.<\/li>\n<li>36,5 cm auk\u0161\u010dio.<\/li>\n<li>Auk\u0161tos kokyb\u0117s stiklas, metalas ir plastikas.<\/li>\n<li>Puikiai tiks kaip naktin\u0117 lempa vaiko kambaryje.<\/li>\n<li>Sukuria atpalaiduojant\u012f efekt\u0105.<\/li>\n<li>Sunaudoja labai ma\u017eai energijos.<\/li>\n<li>Maitinamas USB (pridedamas 1 metro laidas).<\/li>\n<\/ul>","protected":false},"featured_media":32776,"comment_status":"open","ping_status":"closed","template":"","meta":{"inline_featured_image":false},"product_cat":[340],"product_tag":[],"class_list":["post-32939","product","type-product","status-publish","has-post-thumbnail","hentry","product_cat-namu-interjeras"],"acf":[],"yoast_head":"<!-- This site is optimized with the Yoast SEO Premium plugin v21.8 (Yoast SEO v21.8) - https:\/\/yoast.com\/wordpress\/plugins\/seo\/ -->\n<title>Balvi Lava Tornado Lempa<\/title>\n<meta name=\"robots\" content=\"index, follow, max-snippet:-1, max-image-preview:large, max-video-preview:-1\" \/>\n<link rel=\"canonical\" href=\"https:\/\/allstarretro.com\/en\/parduotuve\/namu-interjeras\/balvi-lava-tornado-lempa\/\" \/>\n<meta property=\"og:locale\" content=\"en_US\" \/>\n<meta property=\"og:type\" content=\"article\" \/>\n<meta property=\"og:title\" content=\"Balvi Lava Tornado Lempa\" \/>\n<meta property=\"og:description\" content=\"APIE LEMP\u0104 Balvi Lava Tornado Lempa. Sukurkite unikal\u0173 ir atmosferin\u012f regin\u012f savo \u017eaidim\u0173 kambaryje, svetain\u0117je ar miegamajame. Originalus efektas, imituojantis tornad\u0105, rei\u0161kia, kad galite valand\u0173 valandas \u017ei\u016br\u0117ti \u012f lemp\u0105! Tai originali versija tarp klasikini\u0173 lemp\u0173 su klajojan\u010dia lava.\u00a0Be to, \u0161is \u0161viestuvas pagamintas i\u0161 itin kokybi\u0161k\u0173 med\u017eiag\u0173, tod\u0117l galite b\u016bti tikri, kad po antrojo degimo ji nenustos veikti. TORNADO LEMPOS PRIVALUMAI   Klasikin\u0117 puo\u0161mena bet kuriame miegamajame.  Ikoni\u0161ka lavos lempa su originaliu tornado \/ audros efektu.  Lempa kei\u010dia spalvas.  36,5 cm auk\u0161\u010dio.  Auk\u0161tos kokyb\u0117s stiklas, metalas ir plastikas.  Puikiai tiks kaip naktin\u0117 lempa vaiko kambaryje.  Sukuria atpalaiduojant\u012f efekt\u0105.  Sunaudoja labai ma\u017eai energijos.  Maitinamas USB (pridedamas 1 metro laidas).\" \/>\n<meta property=\"og:url\" content=\"https:\/\/allstarretro.com\/en\/parduotuve\/namu-interjeras\/balvi-lava-tornado-lempa\/\" \/>\n<meta property=\"og:site_name\" content=\"AllStarRetro\" \/>\n<meta property=\"article:publisher\" content=\"https:\/\/www.facebook.com\/allstarretroLTU\" \/>\n<meta property=\"article:modified_time\" content=\"2025-01-31T10:27:13+00:00\" \/>\n<meta property=\"og:image\" content=\"https:\/\/allstarretro.com\/wp-content\/uploads\/2025\/01\/balvi-lava-tornado-lempa-allstarretro.com_.webp\" \/>\n\t<meta property=\"og:image:width\" content=\"1080\" \/>\n\t<meta property=\"og:image:height\" content=\"1080\" \/>\n\t<meta property=\"og:image:type\" content=\"image\/webp\" \/>\n<meta name=\"twitter:card\" content=\"summary_large_image\" \/>\n<meta name=\"twitter:site\" content=\"@allstarretroLTU\" \/>\n<meta name=\"twitter:label1\" content=\"Price\" \/>\n\t<meta name=\"twitter:data1\" content=\"45.99&euro;\" \/>\n\t<meta name=\"twitter:label2\" content=\"Availability\" \/>\n\t<meta name=\"twitter:data2\" content=\"In stock\" \/>\n<script type=\"application\/ld+json\" class=\"yoast-schema-graph\">{\"@context\":\"https:\/\/schema.org\",\"@graph\":[{\"@type\":[\"WebPage\",\"ItemPage\"],\"@id\":\"https:\/\/allstarretro.com\/parduotuve\/namu-interjeras\/balvi-lava-tornado-lempa\/\",\"url\":\"https:\/\/allstarretro.com\/parduotuve\/namu-interjeras\/balvi-lava-tornado-lempa\/\",\"name\":\"Balvi Lava Tornado Lempa\",\"isPartOf\":{\"@id\":\"https:\/\/allstarretro.com\/#website\"},\"datePublished\":\"2023-11-03T11:13:20+00:00\",\"dateModified\":\"2025-01-31T10:27:13+00:00\",\"breadcrumb\":{\"@id\":\"https:\/\/allstarretro.com\/parduotuve\/namu-interjeras\/balvi-lava-tornado-lempa\/#breadcrumb\"},\"inLanguage\":\"en-US\",\"potentialAction\":[{\"@type\":\"ReadAction\",\"target\":[\"https:\/\/allstarretro.com\/parduotuve\/namu-interjeras\/balvi-lava-tornado-lempa\/\"]}]},{\"@type\":\"BreadcrumbList\",\"@id\":\"https:\/\/allstarretro.com\/parduotuve\/namu-interjeras\/balvi-lava-tornado-lempa\/#breadcrumb\",\"itemListElement\":[{\"@type\":\"ListItem\",\"position\":1,\"name\":\"Home\",\"item\":\"https:\/\/allstarretro.com\/\"},{\"@type\":\"ListItem\",\"position\":2,\"name\":\"Retro Stiliaus Nostalgijos Ir Vinta\u017eo Parduotuv\u0117\",\"item\":\"https:\/\/allstarretro.com\/parduotuve\/\"},{\"@type\":\"ListItem\",\"position\":3,\"name\":\"Balvi Lava Tornado Lempa\"}]},{\"@type\":\"WebSite\",\"@id\":\"https:\/\/allstarretro.com\/#website\",\"url\":\"https:\/\/allstarretro.com\/\",\"name\":\"AllStarRetro\",\"description\":\"Retro Laikotarpio Stiliaus Produktai | AllStarRetro\",\"publisher\":{\"@id\":\"https:\/\/allstarretro.com\/#organization\"},\"alternateName\":\"AllStarRetro\",\"potentialAction\":[{\"@type\":\"SearchAction\",\"target\":{\"@type\":\"EntryPoint\",\"urlTemplate\":\"https:\/\/allstarretro.com\/?s={search_term_string}\"},\"query-input\":\"required name=search_term_string\"}],\"inLanguage\":\"en-US\"},{\"@type\":[\"Organization\",\"Place\",\"Store\"],\"@id\":\"https:\/\/allstarretro.com\/#organization\",\"name\":\"AllStarRetro\",\"alternateName\":\"AllStarRetro\",\"url\":\"https:\/\/allstarretro.com\/\",\"logo\":{\"@id\":\"https:\/\/allstarretro.com\/parduotuve\/namu-interjeras\/balvi-lava-tornado-lempa\/#local-main-organization-logo\"},\"image\":{\"@id\":\"https:\/\/allstarretro.com\/parduotuve\/namu-interjeras\/balvi-lava-tornado-lempa\/#local-main-organization-logo\"},\"sameAs\":[\"https:\/\/www.facebook.com\/allstarretroLTU\",\"https:\/\/twitter.com\/allstarretroLTU\"],\"publishingPrinciples\":\"https:\/\/allstarretro.com\/\",\"ownershipFundingInfo\":\"https:\/\/allstarretro.com\/teises-ir-isipareigojimai\/\",\"actionableFeedbackPolicy\":\"https:\/\/allstarretro.com\/privatumo-politika\/\",\"correctionsPolicy\":\"https:\/\/allstarretro.com\/pristatymas-ir-taisykles\/\",\"ethicsPolicy\":\"https:\/\/allstarretro.com\/teises-ir-isipareigojimai\/\",\"diversityPolicy\":\"https:\/\/allstarretro.com\/privatumo-politika\/\",\"diversityStaffingReport\":\"https:\/\/allstarretro.com\/privatumo-politika\/\",\"address\":{\"@id\":\"https:\/\/allstarretro.com\/parduotuve\/namu-interjeras\/balvi-lava-tornado-lempa\/#local-main-place-address\"},\"geo\":{\"@type\":\"GeoCoordinates\",\"latitude\":\"54.8733071\",\"longitude\":\"23.9494226\"},\"telephone\":[\"+37068673611\"],\"openingHoursSpecification\":[{\"@type\":\"OpeningHoursSpecification\",\"dayOfWeek\":[\"Monday\",\"Tuesday\",\"Wednesday\",\"Thursday\",\"Friday\",\"Saturday\",\"Sunday\"],\"opens\":\"09:00\",\"closes\":\"17:00\"}],\"email\":\"info@allstarretro.com\",\"areaServed\":\"Lithuania\",\"vatID\":\"LT100013495416\",\"priceRange\":\"$$\",\"currenciesAccepted\":\"Euras\",\"paymentAccepted\":\"Visa, mastercard\"},{\"@type\":\"PostalAddress\",\"@id\":\"https:\/\/allstarretro.com\/parduotuve\/namu-interjeras\/balvi-lava-tornado-lempa\/#local-main-place-address\",\"streetAddress\":\"L.Ivinskio 18a\",\"addressLocality\":\"Kaunas\",\"postalCode\":\"45151\",\"addressRegion\":\"Kaunas\",\"addressCountry\":\"LT\"},{\"@type\":\"ImageObject\",\"inLanguage\":\"en-US\",\"@id\":\"https:\/\/allstarretro.com\/parduotuve\/namu-interjeras\/balvi-lava-tornado-lempa\/#local-main-organization-logo\",\"url\":\"https:\/\/allstarretro.com\/wp-content\/uploads\/2025\/01\/allstarretro-mini-logo.webp\",\"contentUrl\":\"https:\/\/allstarretro.com\/wp-content\/uploads\/2025\/01\/allstarretro-mini-logo.webp\",\"width\":130,\"height\":130,\"caption\":\"AllStarRetro\"}]}<\/script>\n<meta name=\"geo.placename\" content=\"Kaunas\" \/>\n<meta name=\"geo.position\" content=\"54.8733071;23.9494226\" \/>\n<meta name=\"geo.region\" content=\"Lithuania\" \/>\n<!-- \/ Yoast SEO Premium plugin. -->","yoast_head_json":{"title":"Balvi Lava Tornado Lamp","robots":{"index":"index","follow":"follow","max-snippet":"max-snippet:-1","max-image-preview":"max-image-preview:large","max-video-preview":"max-video-preview:-1"},"canonical":"https:\/\/allstarretro.com\/en\/parduotuve\/namu-interjeras\/balvi-lava-tornado-lempa\/","og_locale":"en_US","og_type":"article","og_title":"Balvi Lava Tornado Lempa","og_description":"APIE LEMP\u0104 Balvi Lava Tornado Lempa. Sukurkite unikal\u0173 ir atmosferin\u012f regin\u012f savo \u017eaidim\u0173 kambaryje, svetain\u0117je ar miegamajame. Originalus efektas, imituojantis tornad\u0105, rei\u0161kia, kad galite valand\u0173 valandas \u017ei\u016br\u0117ti \u012f lemp\u0105! Tai originali versija tarp klasikini\u0173 lemp\u0173 su klajojan\u010dia lava.\u00a0Be to, \u0161is \u0161viestuvas pagamintas i\u0161 itin kokybi\u0161k\u0173 med\u017eiag\u0173, tod\u0117l galite b\u016bti tikri, kad po antrojo degimo ji nenustos veikti. TORNADO LEMPOS PRIVALUMAI   Klasikin\u0117 puo\u0161mena bet kuriame miegamajame.  Ikoni\u0161ka lavos lempa su originaliu tornado \/ audros efektu.  Lempa kei\u010dia spalvas.  36,5 cm auk\u0161\u010dio.  Auk\u0161tos kokyb\u0117s stiklas, metalas ir plastikas.  Puikiai tiks kaip naktin\u0117 lempa vaiko kambaryje.  Sukuria atpalaiduojant\u012f efekt\u0105.  Sunaudoja labai ma\u017eai energijos.  Maitinamas USB (pridedamas 1 metro laidas).","og_url":"https:\/\/allstarretro.com\/en\/parduotuve\/namu-interjeras\/balvi-lava-tornado-lempa\/","og_site_name":"AllStarRetro","article_publisher":"https:\/\/www.facebook.com\/allstarretroLTU","article_modified_time":"2025-01-31T10:27:13+00:00","og_image":[{"width":1080,"height":1080,"url":"https:\/\/allstarretro.com\/wp-content\/uploads\/2025\/01\/balvi-lava-tornado-lempa-allstarretro.com_.webp","type":"image\/webp"}],"twitter_card":"summary_large_image","twitter_site":"@allstarretroLTU","twitter_misc":{"Price":"45.99&euro;","Availability":"In stock"},"schema":{"@context":"https:\/\/schema.org","@graph":[{"@type":["WebPage","ItemPage"],"@id":"https:\/\/allstarretro.com\/parduotuve\/namu-interjeras\/balvi-lava-tornado-lempa\/","url":"https:\/\/allstarretro.com\/parduotuve\/namu-interjeras\/balvi-lava-tornado-lempa\/","name":"Balvi Lava Tornado Lamp","isPartOf":{"@id":"https:\/\/allstarretro.com\/#website"},"datePublished":"2023-11-03T11:13:20+00:00","dateModified":"2025-01-31T10:27:13+00:00","breadcrumb":{"@id":"https:\/\/allstarretro.com\/parduotuve\/namu-interjeras\/balvi-lava-tornado-lempa\/#breadcrumb"},"inLanguage":"en-US","potentialAction":[{"@type":"ReadAction","target":["https:\/\/allstarretro.com\/parduotuve\/namu-interjeras\/balvi-lava-tornado-lempa\/"]}]},{"@type":"BreadcrumbList","@id":"https:\/\/allstarretro.com\/parduotuve\/namu-interjeras\/balvi-lava-tornado-lempa\/#breadcrumb","itemListElement":[{"@type":"ListItem","position":1,"name":"Home","item":"https:\/\/allstarretro.com\/"},{"@type":"ListItem","position":2,"name":"Retro Stiliaus Nostalgijos Ir Vinta\u017eo Parduotuv\u0117","item":"https:\/\/allstarretro.com\/parduotuve\/"},{"@type":"ListItem","position":3,"name":"Balvi Lava Tornado Lempa"}]},{"@type":"WebSite","@id":"https:\/\/allstarretro.com\/#website","url":"https:\/\/allstarretro.com\/","name":"AllStarRetro","description":"Retro Era Style Products | AllStarRetro","publisher":{"@id":"https:\/\/allstarretro.com\/#organization"},"alternateName":"AllStarRetro","potentialAction":[{"@type":"SearchAction","target":{"@type":"EntryPoint","urlTemplate":"https:\/\/allstarretro.com\/?s={search_term_string}"},"query-input":"required name=search_term_string"}],"inLanguage":"en-US"},{"@type":["Organization","Place","Store"],"@id":"https:\/\/allstarretro.com\/#organization","name":"AllStarRetro","alternateName":"AllStarRetro","url":"https:\/\/allstarretro.com\/","logo":{"@id":"https:\/\/allstarretro.com\/parduotuve\/namu-interjeras\/balvi-lava-tornado-lempa\/#local-main-organization-logo"},"image":{"@id":"https:\/\/allstarretro.com\/parduotuve\/namu-interjeras\/balvi-lava-tornado-lempa\/#local-main-organization-logo"},"sameAs":["https:\/\/www.facebook.com\/allstarretroLTU","https:\/\/twitter.com\/allstarretroLTU"],"publishingPrinciples":"https:\/\/allstarretro.com\/","ownershipFundingInfo":"https:\/\/allstarretro.com\/teises-ir-isipareigojimai\/","actionableFeedbackPolicy":"https:\/\/allstarretro.com\/privatumo-politika\/","correctionsPolicy":"https:\/\/allstarretro.com\/pristatymas-ir-taisykles\/","ethicsPolicy":"https:\/\/allstarretro.com\/teises-ir-isipareigojimai\/","diversityPolicy":"https:\/\/allstarretro.com\/privatumo-politika\/","diversityStaffingReport":"https:\/\/allstarretro.com\/privatumo-politika\/","address":{"@id":"https:\/\/allstarretro.com\/parduotuve\/namu-interjeras\/balvi-lava-tornado-lempa\/#local-main-place-address"},"geo":{"@type":"GeoCoordinates","latitude":"54.8733071","longitude":"23.9494226"},"telephone":["+37068673611"],"openingHoursSpecification":[{"@type":"OpeningHoursSpecification","dayOfWeek":["Monday","Tuesday","Wednesday","Thursday","Friday","Saturday","Sunday"],"opens":"09:00","closes":"17:00"}],"email":"info@allstarretro.com","areaServed":"Lithuania","vatID":"LT100013495416","priceRange":"$$","currenciesAccepted":"Euras","paymentAccepted":"Visa, mastercard"},{"@type":"PostalAddress","@id":"https:\/\/allstarretro.com\/parduotuve\/namu-interjeras\/balvi-lava-tornado-lempa\/#local-main-place-address","streetAddress":"L.Ivinskio 18a","addressLocality":"Kaunas","postalCode":"45151","addressRegion":"Kaunas","addressCountry":"LT"},{"@type":"ImageObject","inLanguage":"en-US","@id":"https:\/\/allstarretro.com\/parduotuve\/namu-interjeras\/balvi-lava-tornado-lempa\/#local-main-organization-logo","url":"https:\/\/allstarretro.com\/wp-content\/uploads\/2025\/01\/allstarretro-mini-logo.webp","contentUrl":"https:\/\/allstarretro.com\/wp-content\/uploads\/2025\/01\/allstarretro-mini-logo.webp","width":130,"height":130,"caption":"AllStarRetro"}]},"geo.placename":"Kaunas","geo.position":{"lat":"54.8733071","long":"23.9494226"},"geo.region":"Lithuania"},"_links":{"self":[{"href":"https:\/\/allstarretro.com\/en\/wp-json\/wp\/v2\/product\/32939"}],"collection":[{"href":"https:\/\/allstarretro.com\/en\/wp-json\/wp\/v2\/product"}],"about":[{"href":"https:\/\/allstarretro.com\/en\/wp-json\/wp\/v2\/types\/product"}],"replies":[{"embeddable":true,"href":"https:\/\/allstarretro.com\/en\/wp-json\/wp\/v2\/comments?post=32939"}],"wp:featuredmedia":[{"embeddable":true,"href":"https:\/\/allstarretro.com\/en\/wp-json\/wp\/v2\/media\/32776"}],"wp:attachment":[{"href":"https:\/\/allstarretro.com\/en\/wp-json\/wp\/v2\/media?parent=32939"}],"wp:term":[{"taxonomy":"product_cat","embeddable":true,"href":"https:\/\/allstarretro.com\/en\/wp-json\/wp\/v2\/product_cat?post=32939"},{"taxonomy":"product_tag","embeddable":true,"href":"https:\/\/allstarretro.com\/en\/wp-json\/wp\/v2\/product_tag?post=32939"}],"curies":[{"name":"wp","href":"https:\/\/api.w.org\/{rel}","templated":true}]}}