{"id":32940,"date":"2023-11-04T07:47:13","date_gmt":"2023-11-04T07:47:13","guid":{"rendered":"https:\/\/allstarretro.com\/?post_type=product&#038;p=32940"},"modified":"2025-01-31T10:29:33","modified_gmt":"2025-01-31T10:29:33","slug":"playstation-gold-3d-puodelis","status":"publish","type":"product","link":"https:\/\/allstarretro.com\/en\/parduotuve\/namu-interjeras\/playstation-gold-3d-puodelis\/","title":{"rendered":"PlayStation Gold 3D Mug"},"content":{"rendered":"","protected":false},"excerpt":{"rendered":"<h2>APIE PUODEL\u012e<\/h2>\n<p>PlayStation GOLD 3D puodelis. Pirm\u0105j\u0105 \u017eaidim\u0173 konsol\u0119, pagaminusi\u0105 100 milijon\u0173 vienet\u0173, 1994 m. Japonijos elektronikos kompanija \u201eSony\u201c i\u0161leido originali\u0105 \u201ePlayStation\u201c. Ji greitai tapo vienu \u017einomiausi\u0173 \u017eaidim\u0173 preki\u0173 \u017eenkl\u0173 pasaulyje. V\u0117lesn\u0117se konsol\u0117se, remiantis ta originalia, precedento neturin\u010dia s\u0117kme (\u012fskaitant vis\u0173 laik\u0173 geriausiai parduodam\u0105 \u201ePlayStation 2\u201c konsol\u0119), \u201eSony\u201c \u012fvaizdis, pavadinimas ir prek\u0117s \u017eenklo logotipas yra akimirksniu atpa\u017e\u012fstami tarp \u012fvairaus am\u017eiaus \u017eaid\u0117j\u0173. \u201ePlayStation\u201c valdiklis su savo i\u0161skirtine forma ir ikoniniais mygtuk\u0173 simboliais \u2013 \u017ealias trikampis, m\u0117lynas x, raudonas apskritimas ir ro\u017einis kvadratas \u2013 dabar yra beveik \u017eaidim\u0173 konsol\u0117s sinonimas.<\/p>\n<h2>PLAYSTATION PRIVALUMAI<\/h2>\n<ul>\n<li>Puodelis su oficialiu \u201ePlaystation\u201c logotipu ir \u201eDualShock\u201c pad\u0117klo mygtuk\u0173 simboliais.<\/li>\n<li>Su \u017eaidimo valdiklio formos rankena.<\/li>\n<li>Talpa apytiksliai. 450ml Pagaminta i\u0161 auk\u0161tos kokyb\u0117s keramikos.<\/li>\n<li>Prek\u0117 supakuota \u012f d\u0117\u017eut\u0119.<\/li>\n<li>Gaminys turi oficiali\u0105 Playstation licencij\u0105.<\/li>\n<\/ul>","protected":false},"featured_media":32779,"comment_status":"open","ping_status":"closed","template":"","meta":{"inline_featured_image":false},"product_cat":[339,340],"product_tag":[],"class_list":["post-32940","product","type-product","status-publish","has-post-thumbnail","hentry","product_cat-zaidimai","product_cat-namu-interjeras"],"acf":[],"yoast_head":"<!-- This site is optimized with the Yoast SEO Premium plugin v21.8 (Yoast SEO v21.8) - https:\/\/yoast.com\/wordpress\/plugins\/seo\/ -->\n<title>PlayStation GOLD 3D puodelis<\/title>\n<meta name=\"robots\" content=\"index, follow, max-snippet:-1, max-image-preview:large, max-video-preview:-1\" \/>\n<link rel=\"canonical\" href=\"https:\/\/allstarretro.com\/en\/parduotuve\/tree-interior\/playstation-gold-3d-puodelis\/\" \/>\n<meta property=\"og:locale\" content=\"en_US\" \/>\n<meta property=\"og:type\" content=\"article\" \/>\n<meta property=\"og:title\" content=\"PlayStation GOLD 3D puodelis\" \/>\n<meta property=\"og:description\" content=\"APIE PUODEL\u012e PlayStation GOLD 3D puodelis. Pirm\u0105j\u0105 \u017eaidim\u0173 konsol\u0119, pagaminusi\u0105 100 milijon\u0173 vienet\u0173, 1994 m. Japonijos elektronikos kompanija \u201eSony\u201c i\u0161leido originali\u0105 \u201ePlayStation\u201c. Ji greitai tapo vienu \u017einomiausi\u0173 \u017eaidim\u0173 preki\u0173 \u017eenkl\u0173 pasaulyje. V\u0117lesn\u0117se konsol\u0117se, remiantis ta originalia, precedento neturin\u010dia s\u0117kme (\u012fskaitant vis\u0173 laik\u0173 geriausiai parduodam\u0105 \u201ePlayStation 2\u201c konsol\u0119), \u201eSony\u201c \u012fvaizdis, pavadinimas ir prek\u0117s \u017eenklo logotipas yra akimirksniu atpa\u017e\u012fstami tarp \u012fvairaus am\u017eiaus \u017eaid\u0117j\u0173. \u201ePlayStation\u201c valdiklis su savo i\u0161skirtine forma ir ikoniniais mygtuk\u0173 simboliais \u2013 \u017ealias trikampis, m\u0117lynas x, raudonas apskritimas ir ro\u017einis kvadratas \u2013 dabar yra beveik \u017eaidim\u0173 konsol\u0117s sinonimas. PLAYSTATION PRIVALUMAI   Puodelis su oficialiu \u201ePlaystation\u201c logotipu ir \u201eDualShock\u201c pad\u0117klo mygtuk\u0173 simboliais.  Su \u017eaidimo valdiklio formos rankena.  Talpa apytiksliai. 450ml Pagaminta i\u0161 auk\u0161tos kokyb\u0117s keramikos.  Prek\u0117 supakuota \u012f d\u0117\u017eut\u0119.  Gaminys turi oficiali\u0105 Playstation licencij\u0105.\" \/>\n<meta property=\"og:url\" content=\"https:\/\/allstarretro.com\/en\/parduotuve\/tree-interior\/playstation-gold-3d-puodelis\/\" \/>\n<meta property=\"og:site_name\" content=\"AllStarRetro\" \/>\n<meta property=\"article:publisher\" content=\"https:\/\/www.facebook.com\/allstarretroLTU\" \/>\n<meta property=\"article:modified_time\" content=\"2025-01-31T10:29:33+00:00\" \/>\n<meta property=\"og:image\" content=\"https:\/\/allstarretro.com\/wp-content\/uploads\/2025\/01\/playstation-retro-pultelis-allstarretro.com_.webp\" \/>\n\t<meta property=\"og:image:width\" content=\"1080\" \/>\n\t<meta property=\"og:image:height\" content=\"1080\" \/>\n\t<meta property=\"og:image:type\" content=\"image\/webp\" \/>\n<meta name=\"twitter:card\" content=\"summary_large_image\" \/>\n<meta name=\"twitter:site\" content=\"@allstarretroLTU\" \/>\n<meta name=\"twitter:label1\" content=\"Price\" \/>\n\t<meta name=\"twitter:data1\" content=\"40.00&euro; 34.99&euro;\" \/>\n\t<meta name=\"twitter:label2\" content=\"Availability\" \/>\n\t<meta name=\"twitter:data2\" content=\"In stock\" \/>\n<script type=\"application\/ld+json\" class=\"yoast-schema-graph\">{\"@context\":\"https:\/\/schema.org\",\"@graph\":[{\"@type\":[\"WebPage\",\"ItemPage\"],\"@id\":\"https:\/\/allstarretro.com\/parduotuve\/namu-interjeras\/playstation-gold-3d-puodelis\/\",\"url\":\"https:\/\/allstarretro.com\/parduotuve\/namu-interjeras\/playstation-gold-3d-puodelis\/\",\"name\":\"PlayStation GOLD 3D puodelis\",\"isPartOf\":{\"@id\":\"https:\/\/allstarretro.com\/#website\"},\"datePublished\":\"2023-11-04T07:47:13+00:00\",\"dateModified\":\"2025-01-31T10:29:33+00:00\",\"breadcrumb\":{\"@id\":\"https:\/\/allstarretro.com\/parduotuve\/namu-interjeras\/playstation-gold-3d-puodelis\/#breadcrumb\"},\"inLanguage\":\"en-US\",\"potentialAction\":[{\"@type\":\"ReadAction\",\"target\":[\"https:\/\/allstarretro.com\/parduotuve\/namu-interjeras\/playstation-gold-3d-puodelis\/\"]}]},{\"@type\":\"BreadcrumbList\",\"@id\":\"https:\/\/allstarretro.com\/parduotuve\/namu-interjeras\/playstation-gold-3d-puodelis\/#breadcrumb\",\"itemListElement\":[{\"@type\":\"ListItem\",\"position\":1,\"name\":\"Home\",\"item\":\"https:\/\/allstarretro.com\/\"},{\"@type\":\"ListItem\",\"position\":2,\"name\":\"Retro Stiliaus Nostalgijos Ir Vinta\u017eo Parduotuv\u0117\",\"item\":\"https:\/\/allstarretro.com\/parduotuve\/\"},{\"@type\":\"ListItem\",\"position\":3,\"name\":\"PlayStation GOLD 3D puodelis\"}]},{\"@type\":\"WebSite\",\"@id\":\"https:\/\/allstarretro.com\/#website\",\"url\":\"https:\/\/allstarretro.com\/\",\"name\":\"AllStarRetro\",\"description\":\"Retro Laikotarpio Stiliaus Produktai | AllStarRetro\",\"publisher\":{\"@id\":\"https:\/\/allstarretro.com\/#organization\"},\"alternateName\":\"AllStarRetro\",\"potentialAction\":[{\"@type\":\"SearchAction\",\"target\":{\"@type\":\"EntryPoint\",\"urlTemplate\":\"https:\/\/allstarretro.com\/?s={search_term_string}\"},\"query-input\":\"required name=search_term_string\"}],\"inLanguage\":\"en-US\"},{\"@type\":[\"Organization\",\"Place\",\"Store\"],\"@id\":\"https:\/\/allstarretro.com\/#organization\",\"name\":\"AllStarRetro\",\"alternateName\":\"AllStarRetro\",\"url\":\"https:\/\/allstarretro.com\/\",\"logo\":{\"@id\":\"https:\/\/allstarretro.com\/parduotuve\/namu-interjeras\/playstation-gold-3d-puodelis\/#local-main-organization-logo\"},\"image\":{\"@id\":\"https:\/\/allstarretro.com\/parduotuve\/namu-interjeras\/playstation-gold-3d-puodelis\/#local-main-organization-logo\"},\"sameAs\":[\"https:\/\/www.facebook.com\/allstarretroLTU\",\"https:\/\/twitter.com\/allstarretroLTU\"],\"publishingPrinciples\":\"https:\/\/allstarretro.com\/\",\"ownershipFundingInfo\":\"https:\/\/allstarretro.com\/teises-ir-isipareigojimai\/\",\"actionableFeedbackPolicy\":\"https:\/\/allstarretro.com\/privatumo-politika\/\",\"correctionsPolicy\":\"https:\/\/allstarretro.com\/pristatymas-ir-taisykles\/\",\"ethicsPolicy\":\"https:\/\/allstarretro.com\/teises-ir-isipareigojimai\/\",\"diversityPolicy\":\"https:\/\/allstarretro.com\/privatumo-politika\/\",\"diversityStaffingReport\":\"https:\/\/allstarretro.com\/privatumo-politika\/\",\"address\":{\"@id\":\"https:\/\/allstarretro.com\/parduotuve\/namu-interjeras\/playstation-gold-3d-puodelis\/#local-main-place-address\"},\"geo\":{\"@type\":\"GeoCoordinates\",\"latitude\":\"54.8733071\",\"longitude\":\"23.9494226\"},\"telephone\":[\"+37068673611\"],\"openingHoursSpecification\":[{\"@type\":\"OpeningHoursSpecification\",\"dayOfWeek\":[\"Monday\",\"Tuesday\",\"Wednesday\",\"Thursday\",\"Friday\",\"Saturday\",\"Sunday\"],\"opens\":\"09:00\",\"closes\":\"17:00\"}],\"email\":\"info@allstarretro.com\",\"areaServed\":\"Lithuania\",\"vatID\":\"LT100013495416\",\"priceRange\":\"$$\",\"currenciesAccepted\":\"Euras\",\"paymentAccepted\":\"Visa, mastercard\"},{\"@type\":\"PostalAddress\",\"@id\":\"https:\/\/allstarretro.com\/parduotuve\/namu-interjeras\/playstation-gold-3d-puodelis\/#local-main-place-address\",\"streetAddress\":\"L.Ivinskio 18a\",\"addressLocality\":\"Kaunas\",\"postalCode\":\"45151\",\"addressRegion\":\"Kaunas\",\"addressCountry\":\"LT\"},{\"@type\":\"ImageObject\",\"inLanguage\":\"en-US\",\"@id\":\"https:\/\/allstarretro.com\/parduotuve\/namu-interjeras\/playstation-gold-3d-puodelis\/#local-main-organization-logo\",\"url\":\"https:\/\/allstarretro.com\/wp-content\/uploads\/2025\/01\/allstarretro-mini-logo.webp\",\"contentUrl\":\"https:\/\/allstarretro.com\/wp-content\/uploads\/2025\/01\/allstarretro-mini-logo.webp\",\"width\":130,\"height\":130,\"caption\":\"AllStarRetro\"}]}<\/script>\n<meta name=\"geo.placename\" content=\"Kaunas\" \/>\n<meta name=\"geo.position\" content=\"54.8733071;23.9494226\" \/>\n<meta name=\"geo.region\" content=\"Lithuania\" \/>\n<!-- \/ Yoast SEO Premium plugin. -->","yoast_head_json":{"title":"PlayStation Gold 3D Mug","robots":{"index":"index","follow":"follow","max-snippet":"max-snippet:-1","max-image-preview":"max-image-preview:large","max-video-preview":"max-video-preview:-1"},"canonical":"https:\/\/allstarretro.com\/en\/parduotuve\/tree-interior\/playstation-gold-3d-puodelis\/","og_locale":"en_US","og_type":"article","og_title":"PlayStation GOLD 3D puodelis","og_description":"APIE PUODEL\u012e PlayStation GOLD 3D puodelis. Pirm\u0105j\u0105 \u017eaidim\u0173 konsol\u0119, pagaminusi\u0105 100 milijon\u0173 vienet\u0173, 1994 m. Japonijos elektronikos kompanija \u201eSony\u201c i\u0161leido originali\u0105 \u201ePlayStation\u201c. Ji greitai tapo vienu \u017einomiausi\u0173 \u017eaidim\u0173 preki\u0173 \u017eenkl\u0173 pasaulyje. V\u0117lesn\u0117se konsol\u0117se, remiantis ta originalia, precedento neturin\u010dia s\u0117kme (\u012fskaitant vis\u0173 laik\u0173 geriausiai parduodam\u0105 \u201ePlayStation 2\u201c konsol\u0119), \u201eSony\u201c \u012fvaizdis, pavadinimas ir prek\u0117s \u017eenklo logotipas yra akimirksniu atpa\u017e\u012fstami tarp \u012fvairaus am\u017eiaus \u017eaid\u0117j\u0173. \u201ePlayStation\u201c valdiklis su savo i\u0161skirtine forma ir ikoniniais mygtuk\u0173 simboliais \u2013 \u017ealias trikampis, m\u0117lynas x, raudonas apskritimas ir ro\u017einis kvadratas \u2013 dabar yra beveik \u017eaidim\u0173 konsol\u0117s sinonimas. PLAYSTATION PRIVALUMAI   Puodelis su oficialiu \u201ePlaystation\u201c logotipu ir \u201eDualShock\u201c pad\u0117klo mygtuk\u0173 simboliais.  Su \u017eaidimo valdiklio formos rankena.  Talpa apytiksliai. 450ml Pagaminta i\u0161 auk\u0161tos kokyb\u0117s keramikos.  Prek\u0117 supakuota \u012f d\u0117\u017eut\u0119.  Gaminys turi oficiali\u0105 Playstation licencij\u0105.","og_url":"https:\/\/allstarretro.com\/en\/parduotuve\/tree-interior\/playstation-gold-3d-puodelis\/","og_site_name":"AllStarRetro","article_publisher":"https:\/\/www.facebook.com\/allstarretroLTU","article_modified_time":"2025-01-31T10:29:33+00:00","og_image":[{"width":1080,"height":1080,"url":"https:\/\/allstarretro.com\/wp-content\/uploads\/2025\/01\/playstation-retro-pultelis-allstarretro.com_.webp","type":"image\/webp"}],"twitter_card":"summary_large_image","twitter_site":"@allstarretroLTU","twitter_misc":{"Price":"40.00&euro; 34.99&euro;","Availability":"In stock"},"schema":{"@context":"https:\/\/schema.org","@graph":[{"@type":["WebPage","ItemPage"],"@id":"https:\/\/allstarretro.com\/parduotuve\/namu-interjeras\/playstation-gold-3d-puodelis\/","url":"https:\/\/allstarretro.com\/parduotuve\/namu-interjeras\/playstation-gold-3d-puodelis\/","name":"PlayStation Gold 3D Mug","isPartOf":{"@id":"https:\/\/allstarretro.com\/#website"},"datePublished":"2023-11-04T07:47:13+00:00","dateModified":"2025-01-31T10:29:33+00:00","breadcrumb":{"@id":"https:\/\/allstarretro.com\/parduotuve\/namu-interjeras\/playstation-gold-3d-puodelis\/#breadcrumb"},"inLanguage":"en-US","potentialAction":[{"@type":"ReadAction","target":["https:\/\/allstarretro.com\/parduotuve\/namu-interjeras\/playstation-gold-3d-puodelis\/"]}]},{"@type":"BreadcrumbList","@id":"https:\/\/allstarretro.com\/parduotuve\/namu-interjeras\/playstation-gold-3d-puodelis\/#breadcrumb","itemListElement":[{"@type":"ListItem","position":1,"name":"Home","item":"https:\/\/allstarretro.com\/"},{"@type":"ListItem","position":2,"name":"Retro Stiliaus Nostalgijos Ir Vinta\u017eo Parduotuv\u0117","item":"https:\/\/allstarretro.com\/parduotuve\/"},{"@type":"ListItem","position":3,"name":"PlayStation GOLD 3D puodelis"}]},{"@type":"WebSite","@id":"https:\/\/allstarretro.com\/#website","url":"https:\/\/allstarretro.com\/","name":"AllStarRetro","description":"Retro Era Style Products | AllStarRetro","publisher":{"@id":"https:\/\/allstarretro.com\/#organization"},"alternateName":"AllStarRetro","potentialAction":[{"@type":"SearchAction","target":{"@type":"EntryPoint","urlTemplate":"https:\/\/allstarretro.com\/?s={search_term_string}"},"query-input":"required name=search_term_string"}],"inLanguage":"en-US"},{"@type":["Organization","Place","Store"],"@id":"https:\/\/allstarretro.com\/#organization","name":"AllStarRetro","alternateName":"AllStarRetro","url":"https:\/\/allstarretro.com\/","logo":{"@id":"https:\/\/allstarretro.com\/parduotuve\/namu-interjeras\/playstation-gold-3d-puodelis\/#local-main-organization-logo"},"image":{"@id":"https:\/\/allstarretro.com\/parduotuve\/namu-interjeras\/playstation-gold-3d-puodelis\/#local-main-organization-logo"},"sameAs":["https:\/\/www.facebook.com\/allstarretroLTU","https:\/\/twitter.com\/allstarretroLTU"],"publishingPrinciples":"https:\/\/allstarretro.com\/","ownershipFundingInfo":"https:\/\/allstarretro.com\/teises-ir-isipareigojimai\/","actionableFeedbackPolicy":"https:\/\/allstarretro.com\/privatumo-politika\/","correctionsPolicy":"https:\/\/allstarretro.com\/pristatymas-ir-taisykles\/","ethicsPolicy":"https:\/\/allstarretro.com\/teises-ir-isipareigojimai\/","diversityPolicy":"https:\/\/allstarretro.com\/privatumo-politika\/","diversityStaffingReport":"https:\/\/allstarretro.com\/privatumo-politika\/","address":{"@id":"https:\/\/allstarretro.com\/parduotuve\/namu-interjeras\/playstation-gold-3d-puodelis\/#local-main-place-address"},"geo":{"@type":"GeoCoordinates","latitude":"54.8733071","longitude":"23.9494226"},"telephone":["+37068673611"],"openingHoursSpecification":[{"@type":"OpeningHoursSpecification","dayOfWeek":["Monday","Tuesday","Wednesday","Thursday","Friday","Saturday","Sunday"],"opens":"09:00","closes":"17:00"}],"email":"info@allstarretro.com","areaServed":"Lithuania","vatID":"LT100013495416","priceRange":"$$","currenciesAccepted":"Euras","paymentAccepted":"Visa, mastercard"},{"@type":"PostalAddress","@id":"https:\/\/allstarretro.com\/parduotuve\/namu-interjeras\/playstation-gold-3d-puodelis\/#local-main-place-address","streetAddress":"L.Ivinskio 18a","addressLocality":"Kaunas","postalCode":"45151","addressRegion":"Kaunas","addressCountry":"LT"},{"@type":"ImageObject","inLanguage":"en-US","@id":"https:\/\/allstarretro.com\/parduotuve\/namu-interjeras\/playstation-gold-3d-puodelis\/#local-main-organization-logo","url":"https:\/\/allstarretro.com\/wp-content\/uploads\/2025\/01\/allstarretro-mini-logo.webp","contentUrl":"https:\/\/allstarretro.com\/wp-content\/uploads\/2025\/01\/allstarretro-mini-logo.webp","width":130,"height":130,"caption":"AllStarRetro"}]},"geo.placename":"Kaunas","geo.position":{"lat":"54.8733071","long":"23.9494226"},"geo.region":"Lithuania"},"_links":{"self":[{"href":"https:\/\/allstarretro.com\/en\/wp-json\/wp\/v2\/product\/32940"}],"collection":[{"href":"https:\/\/allstarretro.com\/en\/wp-json\/wp\/v2\/product"}],"about":[{"href":"https:\/\/allstarretro.com\/en\/wp-json\/wp\/v2\/types\/product"}],"replies":[{"embeddable":true,"href":"https:\/\/allstarretro.com\/en\/wp-json\/wp\/v2\/comments?post=32940"}],"wp:featuredmedia":[{"embeddable":true,"href":"https:\/\/allstarretro.com\/en\/wp-json\/wp\/v2\/media\/32779"}],"wp:attachment":[{"href":"https:\/\/allstarretro.com\/en\/wp-json\/wp\/v2\/media?parent=32940"}],"wp:term":[{"taxonomy":"product_cat","embeddable":true,"href":"https:\/\/allstarretro.com\/en\/wp-json\/wp\/v2\/product_cat?post=32940"},{"taxonomy":"product_tag","embeddable":true,"href":"https:\/\/allstarretro.com\/en\/wp-json\/wp\/v2\/product_tag?post=32940"}],"curies":[{"name":"wp","href":"https:\/\/api.w.org\/{rel}","templated":true}]}}