{"id":32944,"date":"2023-11-06T11:09:35","date_gmt":"2023-11-06T11:09:35","guid":{"rendered":"https:\/\/allstarretro.com\/?post_type=product&#038;p=32944"},"modified":"2025-01-31T10:31:27","modified_gmt":"2025-01-31T10:31:27","slug":"camry-electric-kettle","status":"publish","type":"product","link":"https:\/\/allstarretro.com\/en\/parduotuve\/technika\/camry-elektrinis-virdulys\/","title":{"rendered":"Camry Electric Kettle"},"content":{"rendered":"","protected":false},"excerpt":{"rendered":"<h2>APIE VIRDUL\u012e<\/h2>\n<p>Camry Elektrinis Virdulys. Klasikinis, 1,7 litro elektrinis virdulys su termometru, naudingas kiekvienoje virtuv\u0117je. Jo saugum\u0105 u\u017etikrina blokada, neleid\u017eianti virduliui \u012fjungti tu\u0161\u010di\u0105, ir automatinis i\u0161sijungimas u\u017evirus vandeniui. Funkcionalum\u0105 padidina stabilus pagrindas ir skaidrus vandens lygio indikatorius. Jo maksimali galia yra 2200 W ir jis pagamintas i\u0161 ner\u016bdijan\u010dio plieno, tod\u0117l tai yra puikus sprendimas greitai u\u017evirinti vanden\u012f.<\/p>\n<h2>CAMRY PRIVALUMAI<\/h2>\n<ul>\n<li>Maksimali talpa: 1,7 litro.<\/li>\n<li>Minimali talpa: 0,5 litro.<\/li>\n<li>360\u00b0 besisukantis pagrindas.<\/li>\n<li>Plok\u0161\u010dias \u0161ildytuvas lengvai plaunamas.<\/li>\n<li>Vandens lygio indikatorius su skale.<\/li>\n<li>Ner\u016bdijan\u010dio plieno korpusas.<\/li>\n<li>Visi\u0161kai nuimamas dangtelis, kad b\u016bt\u0173 lengva valyti.<\/li>\n<li>Filtras, stabdantis kalki\u0173 nuos\u0117das.<\/li>\n<li>Automatinis i\u0161sijungimas u\u017evirus vandeniui.<\/li>\n<li>\u0160iluminis saugiklis.<\/li>\n<li>Maitinimo laido saugykla.<\/li>\n<li>Galia 1850-2200W.<\/li>\n<\/ul>","protected":false},"featured_media":32786,"comment_status":"open","ping_status":"closed","template":"","meta":{"inline_featured_image":false},"product_cat":[336],"product_tag":[],"class_list":["post-32944","product","type-product","status-publish","has-post-thumbnail","hentry","product_cat-technika"],"acf":[],"yoast_head":"<!-- This site is optimized with the Yoast SEO Premium plugin v21.8 (Yoast SEO v21.8) - https:\/\/yoast.com\/wordpress\/plugins\/seo\/ -->\n<title>Camry Elektrinis Virdulys<\/title>\n<meta name=\"robots\" content=\"index, follow, max-snippet:-1, max-image-preview:large, max-video-preview:-1\" \/>\n<link rel=\"canonical\" href=\"https:\/\/allstarretro.com\/en\/parduotuve\/technique\/camry-electric-kettle\/\" \/>\n<meta property=\"og:locale\" content=\"en_US\" \/>\n<meta property=\"og:type\" content=\"article\" \/>\n<meta property=\"og:title\" content=\"Camry Elektrinis Virdulys\" \/>\n<meta property=\"og:description\" content=\"APIE VIRDUL\u012e Camry Elektrinis Virdulys. Klasikinis, 1,7 litro elektrinis virdulys su termometru, naudingas kiekvienoje virtuv\u0117je. Jo saugum\u0105 u\u017etikrina blokada, neleid\u017eianti virduliui \u012fjungti tu\u0161\u010di\u0105, ir automatinis i\u0161sijungimas u\u017evirus vandeniui. Funkcionalum\u0105 padidina stabilus pagrindas ir skaidrus vandens lygio indikatorius. Jo maksimali galia yra 2200 W ir jis pagamintas i\u0161 ner\u016bdijan\u010dio plieno, tod\u0117l tai yra puikus sprendimas greitai u\u017evirinti vanden\u012f. CAMRY PRIVALUMAI   Maksimali talpa: 1,7 litro.  Minimali talpa: 0,5 litro.  360\u00b0 besisukantis pagrindas.  Plok\u0161\u010dias \u0161ildytuvas lengvai plaunamas.  Vandens lygio indikatorius su skale.  Ner\u016bdijan\u010dio plieno korpusas.  Visi\u0161kai nuimamas dangtelis, kad b\u016bt\u0173 lengva valyti.  Filtras, stabdantis kalki\u0173 nuos\u0117das.  Automatinis i\u0161sijungimas u\u017evirus vandeniui.  \u0160iluminis saugiklis.  Maitinimo laido saugykla.  Galia 1850-2200W.\" \/>\n<meta property=\"og:url\" content=\"https:\/\/allstarretro.com\/en\/parduotuve\/technique\/camry-electric-kettle\/\" \/>\n<meta property=\"og:site_name\" content=\"AllStarRetro\" \/>\n<meta property=\"article:publisher\" content=\"https:\/\/www.facebook.com\/allstarretroLTU\" \/>\n<meta property=\"article:modified_time\" content=\"2025-01-31T10:31:27+00:00\" \/>\n<meta property=\"og:image\" content=\"https:\/\/allstarretro.com\/wp-content\/uploads\/2025\/01\/camry-elektrinis-virdulys-allstarretro.com_.webp\" \/>\n\t<meta property=\"og:image:width\" content=\"1080\" \/>\n\t<meta property=\"og:image:height\" content=\"1080\" \/>\n\t<meta property=\"og:image:type\" content=\"image\/webp\" \/>\n<meta name=\"twitter:card\" content=\"summary_large_image\" \/>\n<meta name=\"twitter:site\" content=\"@allstarretroLTU\" \/>\n<meta name=\"twitter:label1\" content=\"Price\" \/>\n\t<meta name=\"twitter:data1\" content=\"60.99&euro;\" \/>\n\t<meta name=\"twitter:label2\" content=\"Availability\" \/>\n\t<meta name=\"twitter:data2\" content=\"In stock\" \/>\n<script type=\"application\/ld+json\" class=\"yoast-schema-graph\">{\"@context\":\"https:\/\/schema.org\",\"@graph\":[{\"@type\":[\"WebPage\",\"ItemPage\"],\"@id\":\"https:\/\/allstarretro.com\/parduotuve\/technika\/camry-elektrinis-virdulys\/\",\"url\":\"https:\/\/allstarretro.com\/parduotuve\/technika\/camry-elektrinis-virdulys\/\",\"name\":\"Camry Elektrinis Virdulys\",\"isPartOf\":{\"@id\":\"https:\/\/allstarretro.com\/#website\"},\"datePublished\":\"2023-11-06T11:09:35+00:00\",\"dateModified\":\"2025-01-31T10:31:27+00:00\",\"breadcrumb\":{\"@id\":\"https:\/\/allstarretro.com\/parduotuve\/technika\/camry-elektrinis-virdulys\/#breadcrumb\"},\"inLanguage\":\"en-US\",\"potentialAction\":[{\"@type\":\"ReadAction\",\"target\":[\"https:\/\/allstarretro.com\/parduotuve\/technika\/camry-elektrinis-virdulys\/\"]}]},{\"@type\":\"BreadcrumbList\",\"@id\":\"https:\/\/allstarretro.com\/parduotuve\/technika\/camry-elektrinis-virdulys\/#breadcrumb\",\"itemListElement\":[{\"@type\":\"ListItem\",\"position\":1,\"name\":\"Home\",\"item\":\"https:\/\/allstarretro.com\/\"},{\"@type\":\"ListItem\",\"position\":2,\"name\":\"Retro Stiliaus Nostalgijos Ir Vinta\u017eo Parduotuv\u0117\",\"item\":\"https:\/\/allstarretro.com\/parduotuve\/\"},{\"@type\":\"ListItem\",\"position\":3,\"name\":\"Camry Elektrinis Virdulys\"}]},{\"@type\":\"WebSite\",\"@id\":\"https:\/\/allstarretro.com\/#website\",\"url\":\"https:\/\/allstarretro.com\/\",\"name\":\"AllStarRetro\",\"description\":\"Retro Laikotarpio Stiliaus Produktai | AllStarRetro\",\"publisher\":{\"@id\":\"https:\/\/allstarretro.com\/#organization\"},\"alternateName\":\"AllStarRetro\",\"potentialAction\":[{\"@type\":\"SearchAction\",\"target\":{\"@type\":\"EntryPoint\",\"urlTemplate\":\"https:\/\/allstarretro.com\/?s={search_term_string}\"},\"query-input\":\"required name=search_term_string\"}],\"inLanguage\":\"en-US\"},{\"@type\":[\"Organization\",\"Place\",\"Store\"],\"@id\":\"https:\/\/allstarretro.com\/#organization\",\"name\":\"AllStarRetro\",\"alternateName\":\"AllStarRetro\",\"url\":\"https:\/\/allstarretro.com\/\",\"logo\":{\"@id\":\"https:\/\/allstarretro.com\/parduotuve\/technika\/camry-elektrinis-virdulys\/#local-main-organization-logo\"},\"image\":{\"@id\":\"https:\/\/allstarretro.com\/parduotuve\/technika\/camry-elektrinis-virdulys\/#local-main-organization-logo\"},\"sameAs\":[\"https:\/\/www.facebook.com\/allstarretroLTU\",\"https:\/\/twitter.com\/allstarretroLTU\"],\"publishingPrinciples\":\"https:\/\/allstarretro.com\/\",\"ownershipFundingInfo\":\"https:\/\/allstarretro.com\/teises-ir-isipareigojimai\/\",\"actionableFeedbackPolicy\":\"https:\/\/allstarretro.com\/privatumo-politika\/\",\"correctionsPolicy\":\"https:\/\/allstarretro.com\/pristatymas-ir-taisykles\/\",\"ethicsPolicy\":\"https:\/\/allstarretro.com\/teises-ir-isipareigojimai\/\",\"diversityPolicy\":\"https:\/\/allstarretro.com\/privatumo-politika\/\",\"diversityStaffingReport\":\"https:\/\/allstarretro.com\/privatumo-politika\/\",\"address\":{\"@id\":\"https:\/\/allstarretro.com\/parduotuve\/technika\/camry-elektrinis-virdulys\/#local-main-place-address\"},\"geo\":{\"@type\":\"GeoCoordinates\",\"latitude\":\"54.8733071\",\"longitude\":\"23.9494226\"},\"telephone\":[\"+37068673611\"],\"openingHoursSpecification\":[{\"@type\":\"OpeningHoursSpecification\",\"dayOfWeek\":[\"Monday\",\"Tuesday\",\"Wednesday\",\"Thursday\",\"Friday\",\"Saturday\",\"Sunday\"],\"opens\":\"09:00\",\"closes\":\"17:00\"}],\"email\":\"info@allstarretro.com\",\"areaServed\":\"Lithuania\",\"vatID\":\"LT100013495416\",\"priceRange\":\"$$\",\"currenciesAccepted\":\"Euras\",\"paymentAccepted\":\"Visa, mastercard\"},{\"@type\":\"PostalAddress\",\"@id\":\"https:\/\/allstarretro.com\/parduotuve\/technika\/camry-elektrinis-virdulys\/#local-main-place-address\",\"streetAddress\":\"L.Ivinskio 18a\",\"addressLocality\":\"Kaunas\",\"postalCode\":\"45151\",\"addressRegion\":\"Kaunas\",\"addressCountry\":\"LT\"},{\"@type\":\"ImageObject\",\"inLanguage\":\"en-US\",\"@id\":\"https:\/\/allstarretro.com\/parduotuve\/technika\/camry-elektrinis-virdulys\/#local-main-organization-logo\",\"url\":\"https:\/\/allstarretro.com\/wp-content\/uploads\/2025\/01\/allstarretro-mini-logo.webp\",\"contentUrl\":\"https:\/\/allstarretro.com\/wp-content\/uploads\/2025\/01\/allstarretro-mini-logo.webp\",\"width\":130,\"height\":130,\"caption\":\"AllStarRetro\"}]}<\/script>\n<meta name=\"geo.placename\" content=\"Kaunas\" \/>\n<meta name=\"geo.position\" content=\"54.8733071;23.9494226\" \/>\n<meta name=\"geo.region\" content=\"Lithuania\" \/>\n<!-- \/ Yoast SEO Premium plugin. -->","yoast_head_json":{"title":"Camry Electric Kettle","robots":{"index":"index","follow":"follow","max-snippet":"max-snippet:-1","max-image-preview":"max-image-preview:large","max-video-preview":"max-video-preview:-1"},"canonical":"https:\/\/allstarretro.com\/en\/parduotuve\/technique\/camry-electric-kettle\/","og_locale":"en_US","og_type":"article","og_title":"Camry Elektrinis Virdulys","og_description":"APIE VIRDUL\u012e Camry Elektrinis Virdulys. Klasikinis, 1,7 litro elektrinis virdulys su termometru, naudingas kiekvienoje virtuv\u0117je. Jo saugum\u0105 u\u017etikrina blokada, neleid\u017eianti virduliui \u012fjungti tu\u0161\u010di\u0105, ir automatinis i\u0161sijungimas u\u017evirus vandeniui. Funkcionalum\u0105 padidina stabilus pagrindas ir skaidrus vandens lygio indikatorius. Jo maksimali galia yra 2200 W ir jis pagamintas i\u0161 ner\u016bdijan\u010dio plieno, tod\u0117l tai yra puikus sprendimas greitai u\u017evirinti vanden\u012f. CAMRY PRIVALUMAI   Maksimali talpa: 1,7 litro.  Minimali talpa: 0,5 litro.  360\u00b0 besisukantis pagrindas.  Plok\u0161\u010dias \u0161ildytuvas lengvai plaunamas.  Vandens lygio indikatorius su skale.  Ner\u016bdijan\u010dio plieno korpusas.  Visi\u0161kai nuimamas dangtelis, kad b\u016bt\u0173 lengva valyti.  Filtras, stabdantis kalki\u0173 nuos\u0117das.  Automatinis i\u0161sijungimas u\u017evirus vandeniui.  \u0160iluminis saugiklis.  Maitinimo laido saugykla.  Galia 1850-2200W.","og_url":"https:\/\/allstarretro.com\/en\/parduotuve\/technique\/camry-electric-kettle\/","og_site_name":"AllStarRetro","article_publisher":"https:\/\/www.facebook.com\/allstarretroLTU","article_modified_time":"2025-01-31T10:31:27+00:00","og_image":[{"width":1080,"height":1080,"url":"https:\/\/allstarretro.com\/wp-content\/uploads\/2025\/01\/camry-elektrinis-virdulys-allstarretro.com_.webp","type":"image\/webp"}],"twitter_card":"summary_large_image","twitter_site":"@allstarretroLTU","twitter_misc":{"Price":"60.99&euro;","Availability":"In stock"},"schema":{"@context":"https:\/\/schema.org","@graph":[{"@type":["WebPage","ItemPage"],"@id":"https:\/\/allstarretro.com\/parduotuve\/technika\/camry-elektrinis-virdulys\/","url":"https:\/\/allstarretro.com\/parduotuve\/technika\/camry-elektrinis-virdulys\/","name":"Camry Electric Kettle","isPartOf":{"@id":"https:\/\/allstarretro.com\/#website"},"datePublished":"2023-11-06T11:09:35+00:00","dateModified":"2025-01-31T10:31:27+00:00","breadcrumb":{"@id":"https:\/\/allstarretro.com\/parduotuve\/technika\/camry-elektrinis-virdulys\/#breadcrumb"},"inLanguage":"en-US","potentialAction":[{"@type":"ReadAction","target":["https:\/\/allstarretro.com\/parduotuve\/technika\/camry-elektrinis-virdulys\/"]}]},{"@type":"BreadcrumbList","@id":"https:\/\/allstarretro.com\/parduotuve\/technika\/camry-elektrinis-virdulys\/#breadcrumb","itemListElement":[{"@type":"ListItem","position":1,"name":"Home","item":"https:\/\/allstarretro.com\/"},{"@type":"ListItem","position":2,"name":"Retro Stiliaus Nostalgijos Ir Vinta\u017eo Parduotuv\u0117","item":"https:\/\/allstarretro.com\/parduotuve\/"},{"@type":"ListItem","position":3,"name":"Camry Elektrinis Virdulys"}]},{"@type":"WebSite","@id":"https:\/\/allstarretro.com\/#website","url":"https:\/\/allstarretro.com\/","name":"AllStarRetro","description":"Retro Era Style Products | AllStarRetro","publisher":{"@id":"https:\/\/allstarretro.com\/#organization"},"alternateName":"AllStarRetro","potentialAction":[{"@type":"SearchAction","target":{"@type":"EntryPoint","urlTemplate":"https:\/\/allstarretro.com\/?s={search_term_string}"},"query-input":"required name=search_term_string"}],"inLanguage":"en-US"},{"@type":["Organization","Place","Store"],"@id":"https:\/\/allstarretro.com\/#organization","name":"AllStarRetro","alternateName":"AllStarRetro","url":"https:\/\/allstarretro.com\/","logo":{"@id":"https:\/\/allstarretro.com\/parduotuve\/technika\/camry-elektrinis-virdulys\/#local-main-organization-logo"},"image":{"@id":"https:\/\/allstarretro.com\/parduotuve\/technika\/camry-elektrinis-virdulys\/#local-main-organization-logo"},"sameAs":["https:\/\/www.facebook.com\/allstarretroLTU","https:\/\/twitter.com\/allstarretroLTU"],"publishingPrinciples":"https:\/\/allstarretro.com\/","ownershipFundingInfo":"https:\/\/allstarretro.com\/teises-ir-isipareigojimai\/","actionableFeedbackPolicy":"https:\/\/allstarretro.com\/privatumo-politika\/","correctionsPolicy":"https:\/\/allstarretro.com\/pristatymas-ir-taisykles\/","ethicsPolicy":"https:\/\/allstarretro.com\/teises-ir-isipareigojimai\/","diversityPolicy":"https:\/\/allstarretro.com\/privatumo-politika\/","diversityStaffingReport":"https:\/\/allstarretro.com\/privatumo-politika\/","address":{"@id":"https:\/\/allstarretro.com\/parduotuve\/technika\/camry-elektrinis-virdulys\/#local-main-place-address"},"geo":{"@type":"GeoCoordinates","latitude":"54.8733071","longitude":"23.9494226"},"telephone":["+37068673611"],"openingHoursSpecification":[{"@type":"OpeningHoursSpecification","dayOfWeek":["Monday","Tuesday","Wednesday","Thursday","Friday","Saturday","Sunday"],"opens":"09:00","closes":"17:00"}],"email":"info@allstarretro.com","areaServed":"Lithuania","vatID":"LT100013495416","priceRange":"$$","currenciesAccepted":"Euras","paymentAccepted":"Visa, mastercard"},{"@type":"PostalAddress","@id":"https:\/\/allstarretro.com\/parduotuve\/technika\/camry-elektrinis-virdulys\/#local-main-place-address","streetAddress":"L.Ivinskio 18a","addressLocality":"Kaunas","postalCode":"45151","addressRegion":"Kaunas","addressCountry":"LT"},{"@type":"ImageObject","inLanguage":"en-US","@id":"https:\/\/allstarretro.com\/parduotuve\/technika\/camry-elektrinis-virdulys\/#local-main-organization-logo","url":"https:\/\/allstarretro.com\/wp-content\/uploads\/2025\/01\/allstarretro-mini-logo.webp","contentUrl":"https:\/\/allstarretro.com\/wp-content\/uploads\/2025\/01\/allstarretro-mini-logo.webp","width":130,"height":130,"caption":"AllStarRetro"}]},"geo.placename":"Kaunas","geo.position":{"lat":"54.8733071","long":"23.9494226"},"geo.region":"Lithuania"},"_links":{"self":[{"href":"https:\/\/allstarretro.com\/en\/wp-json\/wp\/v2\/product\/32944"}],"collection":[{"href":"https:\/\/allstarretro.com\/en\/wp-json\/wp\/v2\/product"}],"about":[{"href":"https:\/\/allstarretro.com\/en\/wp-json\/wp\/v2\/types\/product"}],"replies":[{"embeddable":true,"href":"https:\/\/allstarretro.com\/en\/wp-json\/wp\/v2\/comments?post=32944"}],"wp:featuredmedia":[{"embeddable":true,"href":"https:\/\/allstarretro.com\/en\/wp-json\/wp\/v2\/media\/32786"}],"wp:attachment":[{"href":"https:\/\/allstarretro.com\/en\/wp-json\/wp\/v2\/media?parent=32944"}],"wp:term":[{"taxonomy":"product_cat","embeddable":true,"href":"https:\/\/allstarretro.com\/en\/wp-json\/wp\/v2\/product_cat?post=32944"},{"taxonomy":"product_tag","embeddable":true,"href":"https:\/\/allstarretro.com\/en\/wp-json\/wp\/v2\/product_tag?post=32944"}],"curies":[{"name":"wp","href":"https:\/\/api.w.org\/{rel}","templated":true}]}}