{"id":32964,"date":"2025-01-31T07:48:31","date_gmt":"2025-01-31T07:48:31","guid":{"rendered":"https:\/\/allstarretro.com\/?post_type=product&#038;p=32964"},"modified":"2025-01-31T10:27:13","modified_gmt":"2025-01-31T10:27:13","slug":"fiat-maluch-vyriska-maikute","status":"publish","type":"product","link":"https:\/\/allstarretro.com\/en\/parduotuve\/drabuziai\/fiat-maluch-vyriska-maikute\/","title":{"rendered":"FIAT Maluch Vyri\u0161ka Maikut\u0117"},"content":{"rendered":"","protected":false},"excerpt":{"rendered":"<h2>APIE MAIKUT\u0118<\/h2>\n<p>FIAT Maluch Vyri\u0161ka Maikut\u0117. Pagaminta naudojant didel\u0117s rai\u0161kos DTG technologij\u0105. Spalvos yra ry\u0161kios ir intensyviai prisotintos. Spaudinys puikiai pralaidus orui ir atsparus plovimui. Ra\u0161alai yra sertifikuoti OekoTex ir GOTS 5.0, yra nekenksmingi odai ir aplinkai.<\/p>\n<h2>LEGENDARY PRIVALUMAI<\/h2>\n<ul>\n<li>100% \u017eiedu suverta medviln\u0117.<\/li>\n<li>Svoris: 180g\/m2.<\/li>\n<li>Nesusitraukianti med\u017eiaga.<\/li>\n<li>Juosta nuo peties iki peties.<\/li>\n<li>Dvigubos si\u016bl\u0117s aplink kakl\u0105, rankoves ir apa\u010di\u0105.<\/li>\n<li>\u0160onini\u0173 si\u016bli\u0173 n\u0117ra.<\/li>\n<li>Spalvos yra ry\u0161kios ir intensyviai prisotintos.<\/li>\n<li>Spaudinys puikiai pralaidus orui ir atsparus plovimui.<\/li>\n<li>Ra\u0161alai yra sertifikuoti OekoTex ir GOTS 5.0, yra nekenksmingi odai ir aplinkai.<\/li>\n<\/ul>","protected":false},"featured_media":32984,"comment_status":"open","ping_status":"closed","template":"","meta":{"inline_featured_image":false},"product_cat":[341],"product_tag":[],"class_list":["post-32964","product","type-product","status-publish","has-post-thumbnail","hentry","product_brand-meme","product_cat-drabuziai"],"acf":[],"yoast_head":"<!-- This site is optimized with the Yoast SEO Premium plugin v21.8 (Yoast SEO v21.8) - https:\/\/yoast.com\/wordpress\/plugins\/seo\/ -->\n<title>FIAT Maluch Vyri\u0161ka Maikut\u0117<\/title>\n<meta name=\"robots\" content=\"index, follow, max-snippet:-1, max-image-preview:large, max-video-preview:-1\" \/>\n<link rel=\"canonical\" href=\"https:\/\/allstarretro.com\/en\/parduotuve\/clothes\/fiat-maluch-vyriska-maikute\/\" \/>\n<meta property=\"og:locale\" content=\"en_US\" \/>\n<meta property=\"og:type\" content=\"article\" \/>\n<meta property=\"og:title\" content=\"FIAT Maluch Vyri\u0161ka Maikut\u0117\" \/>\n<meta property=\"og:description\" content=\"APIE MAIKUT\u0118 FIAT Maluch Vyri\u0161ka Maikut\u0117. Pagaminta naudojant didel\u0117s rai\u0161kos DTG technologij\u0105. Spalvos yra ry\u0161kios ir intensyviai prisotintos. Spaudinys puikiai pralaidus orui ir atsparus plovimui. Ra\u0161alai yra sertifikuoti OekoTex ir GOTS 5.0, yra nekenksmingi odai ir aplinkai. LEGENDARY PRIVALUMAI   100% \u017eiedu suverta medviln\u0117.  Svoris: 180g\/m2.  Nesusitraukianti med\u017eiaga.  Juosta nuo peties iki peties.  Dvigubos si\u016bl\u0117s aplink kakl\u0105, rankoves ir apa\u010di\u0105.  \u0160onini\u0173 si\u016bli\u0173 n\u0117ra.  Spalvos yra ry\u0161kios ir intensyviai prisotintos.  Spaudinys puikiai pralaidus orui ir atsparus plovimui.  Ra\u0161alai yra sertifikuoti OekoTex ir GOTS 5.0, yra nekenksmingi odai ir aplinkai.\" \/>\n<meta property=\"og:url\" content=\"https:\/\/allstarretro.com\/en\/parduotuve\/clothes\/fiat-maluch-vyriska-maikute\/\" \/>\n<meta property=\"og:site_name\" content=\"AllStarRetro\" \/>\n<meta property=\"article:publisher\" content=\"https:\/\/www.facebook.com\/allstarretroLTU\" \/>\n<meta property=\"article:modified_time\" content=\"2025-01-31T10:27:13+00:00\" \/>\n<meta property=\"og:image\" content=\"https:\/\/allstarretro.com\/wp-content\/uploads\/2025\/01\/maikonas-nr-1-allstarretro.com_.webp\" \/>\n\t<meta property=\"og:image:width\" content=\"1080\" \/>\n\t<meta property=\"og:image:height\" content=\"1080\" \/>\n\t<meta property=\"og:image:type\" content=\"image\/webp\" \/>\n<meta name=\"twitter:card\" content=\"summary_large_image\" \/>\n<meta name=\"twitter:site\" content=\"@allstarretroLTU\" \/>\n<meta name=\"twitter:label1\" content=\"Availability\" \/>\n\t<meta name=\"twitter:data1\" content=\"In stock\" \/>\n<script type=\"application\/ld+json\" class=\"yoast-schema-graph\">{\"@context\":\"https:\/\/schema.org\",\"@graph\":[{\"@type\":[\"WebPage\",\"ItemPage\"],\"@id\":\"https:\/\/allstarretro.com\/parduotuve\/drabuziai\/fiat-maluch-vyriska-maikute\/\",\"url\":\"https:\/\/allstarretro.com\/parduotuve\/drabuziai\/fiat-maluch-vyriska-maikute\/\",\"name\":\"FIAT Maluch Vyri\u0161ka Maikut\u0117\",\"isPartOf\":{\"@id\":\"https:\/\/allstarretro.com\/#website\"},\"datePublished\":\"2025-01-31T07:48:31+00:00\",\"dateModified\":\"2025-01-31T10:27:13+00:00\",\"breadcrumb\":{\"@id\":\"https:\/\/allstarretro.com\/parduotuve\/drabuziai\/fiat-maluch-vyriska-maikute\/#breadcrumb\"},\"inLanguage\":\"en-US\",\"potentialAction\":[{\"@type\":\"ReadAction\",\"target\":[\"https:\/\/allstarretro.com\/parduotuve\/drabuziai\/fiat-maluch-vyriska-maikute\/\"]}]},{\"@type\":\"BreadcrumbList\",\"@id\":\"https:\/\/allstarretro.com\/parduotuve\/drabuziai\/fiat-maluch-vyriska-maikute\/#breadcrumb\",\"itemListElement\":[{\"@type\":\"ListItem\",\"position\":1,\"name\":\"Home\",\"item\":\"https:\/\/allstarretro.com\/\"},{\"@type\":\"ListItem\",\"position\":2,\"name\":\"Retro Stiliaus Nostalgijos Ir Vinta\u017eo Parduotuv\u0117\",\"item\":\"https:\/\/allstarretro.com\/parduotuve\/\"},{\"@type\":\"ListItem\",\"position\":3,\"name\":\"FIAT Maluch Vyri\u0161ka Maikut\u0117\"}]},{\"@type\":\"WebSite\",\"@id\":\"https:\/\/allstarretro.com\/#website\",\"url\":\"https:\/\/allstarretro.com\/\",\"name\":\"AllStarRetro\",\"description\":\"Retro Laikotarpio Stiliaus Produktai | AllStarRetro\",\"publisher\":{\"@id\":\"https:\/\/allstarretro.com\/#organization\"},\"alternateName\":\"AllStarRetro\",\"potentialAction\":[{\"@type\":\"SearchAction\",\"target\":{\"@type\":\"EntryPoint\",\"urlTemplate\":\"https:\/\/allstarretro.com\/?s={search_term_string}\"},\"query-input\":\"required name=search_term_string\"}],\"inLanguage\":\"en-US\"},{\"@type\":[\"Organization\",\"Place\",\"Store\"],\"@id\":\"https:\/\/allstarretro.com\/#organization\",\"name\":\"AllStarRetro\",\"alternateName\":\"AllStarRetro\",\"url\":\"https:\/\/allstarretro.com\/\",\"logo\":{\"@id\":\"https:\/\/allstarretro.com\/parduotuve\/drabuziai\/fiat-maluch-vyriska-maikute\/#local-main-organization-logo\"},\"image\":{\"@id\":\"https:\/\/allstarretro.com\/parduotuve\/drabuziai\/fiat-maluch-vyriska-maikute\/#local-main-organization-logo\"},\"sameAs\":[\"https:\/\/www.facebook.com\/allstarretroLTU\",\"https:\/\/twitter.com\/allstarretroLTU\"],\"publishingPrinciples\":\"https:\/\/allstarretro.com\/\",\"ownershipFundingInfo\":\"https:\/\/allstarretro.com\/teises-ir-isipareigojimai\/\",\"actionableFeedbackPolicy\":\"https:\/\/allstarretro.com\/privatumo-politika\/\",\"correctionsPolicy\":\"https:\/\/allstarretro.com\/pristatymas-ir-taisykles\/\",\"ethicsPolicy\":\"https:\/\/allstarretro.com\/teises-ir-isipareigojimai\/\",\"diversityPolicy\":\"https:\/\/allstarretro.com\/privatumo-politika\/\",\"diversityStaffingReport\":\"https:\/\/allstarretro.com\/privatumo-politika\/\",\"address\":{\"@id\":\"https:\/\/allstarretro.com\/parduotuve\/drabuziai\/fiat-maluch-vyriska-maikute\/#local-main-place-address\"},\"geo\":{\"@type\":\"GeoCoordinates\",\"latitude\":\"54.8733071\",\"longitude\":\"23.9494226\"},\"telephone\":[\"+37068673611\"],\"openingHoursSpecification\":[{\"@type\":\"OpeningHoursSpecification\",\"dayOfWeek\":[\"Monday\",\"Tuesday\",\"Wednesday\",\"Thursday\",\"Friday\",\"Saturday\",\"Sunday\"],\"opens\":\"09:00\",\"closes\":\"17:00\"}],\"email\":\"info@allstarretro.com\",\"areaServed\":\"Lithuania\",\"vatID\":\"LT100013495416\",\"priceRange\":\"$$\",\"currenciesAccepted\":\"Euras\",\"paymentAccepted\":\"Visa, mastercard\"},{\"@type\":\"PostalAddress\",\"@id\":\"https:\/\/allstarretro.com\/parduotuve\/drabuziai\/fiat-maluch-vyriska-maikute\/#local-main-place-address\",\"streetAddress\":\"L.Ivinskio 18a\",\"addressLocality\":\"Kaunas\",\"postalCode\":\"45151\",\"addressRegion\":\"Kaunas\",\"addressCountry\":\"LT\"},{\"@type\":\"ImageObject\",\"inLanguage\":\"en-US\",\"@id\":\"https:\/\/allstarretro.com\/parduotuve\/drabuziai\/fiat-maluch-vyriska-maikute\/#local-main-organization-logo\",\"url\":\"https:\/\/allstarretro.com\/wp-content\/uploads\/2025\/01\/allstarretro-mini-logo.webp\",\"contentUrl\":\"https:\/\/allstarretro.com\/wp-content\/uploads\/2025\/01\/allstarretro-mini-logo.webp\",\"width\":130,\"height\":130,\"caption\":\"AllStarRetro\"}]}<\/script>\n<meta name=\"geo.placename\" content=\"Kaunas\" \/>\n<meta name=\"geo.position\" content=\"54.8733071;23.9494226\" \/>\n<meta name=\"geo.region\" content=\"Lithuania\" \/>\n<!-- \/ Yoast SEO Premium plugin. -->","yoast_head_json":{"title":"FIAT Maluch Vyri\u0161ka Maikut\u0117","robots":{"index":"index","follow":"follow","max-snippet":"max-snippet:-1","max-image-preview":"max-image-preview:large","max-video-preview":"max-video-preview:-1"},"canonical":"https:\/\/allstarretro.com\/en\/parduotuve\/clothes\/fiat-maluch-vyriska-maikute\/","og_locale":"en_US","og_type":"article","og_title":"FIAT Maluch Vyri\u0161ka Maikut\u0117","og_description":"APIE MAIKUT\u0118 FIAT Maluch Vyri\u0161ka Maikut\u0117. Pagaminta naudojant didel\u0117s rai\u0161kos DTG technologij\u0105. Spalvos yra ry\u0161kios ir intensyviai prisotintos. Spaudinys puikiai pralaidus orui ir atsparus plovimui. Ra\u0161alai yra sertifikuoti OekoTex ir GOTS 5.0, yra nekenksmingi odai ir aplinkai. LEGENDARY PRIVALUMAI   100% \u017eiedu suverta medviln\u0117.  Svoris: 180g\/m2.  Nesusitraukianti med\u017eiaga.  Juosta nuo peties iki peties.  Dvigubos si\u016bl\u0117s aplink kakl\u0105, rankoves ir apa\u010di\u0105.  \u0160onini\u0173 si\u016bli\u0173 n\u0117ra.  Spalvos yra ry\u0161kios ir intensyviai prisotintos.  Spaudinys puikiai pralaidus orui ir atsparus plovimui.  Ra\u0161alai yra sertifikuoti OekoTex ir GOTS 5.0, yra nekenksmingi odai ir aplinkai.","og_url":"https:\/\/allstarretro.com\/en\/parduotuve\/clothes\/fiat-maluch-vyriska-maikute\/","og_site_name":"AllStarRetro","article_publisher":"https:\/\/www.facebook.com\/allstarretroLTU","article_modified_time":"2025-01-31T10:27:13+00:00","og_image":[{"width":1080,"height":1080,"url":"https:\/\/allstarretro.com\/wp-content\/uploads\/2025\/01\/maikonas-nr-1-allstarretro.com_.webp","type":"image\/webp"}],"twitter_card":"summary_large_image","twitter_site":"@allstarretroLTU","twitter_misc":{"Availability":"In stock"},"schema":{"@context":"https:\/\/schema.org","@graph":[{"@type":["WebPage","ItemPage"],"@id":"https:\/\/allstarretro.com\/parduotuve\/drabuziai\/fiat-maluch-vyriska-maikute\/","url":"https:\/\/allstarretro.com\/parduotuve\/drabuziai\/fiat-maluch-vyriska-maikute\/","name":"FIAT Maluch Vyri\u0161ka Maikut\u0117","isPartOf":{"@id":"https:\/\/allstarretro.com\/#website"},"datePublished":"2025-01-31T07:48:31+00:00","dateModified":"2025-01-31T10:27:13+00:00","breadcrumb":{"@id":"https:\/\/allstarretro.com\/parduotuve\/drabuziai\/fiat-maluch-vyriska-maikute\/#breadcrumb"},"inLanguage":"en-US","potentialAction":[{"@type":"ReadAction","target":["https:\/\/allstarretro.com\/parduotuve\/drabuziai\/fiat-maluch-vyriska-maikute\/"]}]},{"@type":"BreadcrumbList","@id":"https:\/\/allstarretro.com\/parduotuve\/drabuziai\/fiat-maluch-vyriska-maikute\/#breadcrumb","itemListElement":[{"@type":"ListItem","position":1,"name":"Home","item":"https:\/\/allstarretro.com\/"},{"@type":"ListItem","position":2,"name":"Retro Stiliaus Nostalgijos Ir Vinta\u017eo Parduotuv\u0117","item":"https:\/\/allstarretro.com\/parduotuve\/"},{"@type":"ListItem","position":3,"name":"FIAT Maluch Vyri\u0161ka Maikut\u0117"}]},{"@type":"WebSite","@id":"https:\/\/allstarretro.com\/#website","url":"https:\/\/allstarretro.com\/","name":"AllStarRetro","description":"Retro Era Style Products | AllStarRetro","publisher":{"@id":"https:\/\/allstarretro.com\/#organization"},"alternateName":"AllStarRetro","potentialAction":[{"@type":"SearchAction","target":{"@type":"EntryPoint","urlTemplate":"https:\/\/allstarretro.com\/?s={search_term_string}"},"query-input":"required name=search_term_string"}],"inLanguage":"en-US"},{"@type":["Organization","Place","Store"],"@id":"https:\/\/allstarretro.com\/#organization","name":"AllStarRetro","alternateName":"AllStarRetro","url":"https:\/\/allstarretro.com\/","logo":{"@id":"https:\/\/allstarretro.com\/parduotuve\/drabuziai\/fiat-maluch-vyriska-maikute\/#local-main-organization-logo"},"image":{"@id":"https:\/\/allstarretro.com\/parduotuve\/drabuziai\/fiat-maluch-vyriska-maikute\/#local-main-organization-logo"},"sameAs":["https:\/\/www.facebook.com\/allstarretroLTU","https:\/\/twitter.com\/allstarretroLTU"],"publishingPrinciples":"https:\/\/allstarretro.com\/","ownershipFundingInfo":"https:\/\/allstarretro.com\/teises-ir-isipareigojimai\/","actionableFeedbackPolicy":"https:\/\/allstarretro.com\/privatumo-politika\/","correctionsPolicy":"https:\/\/allstarretro.com\/pristatymas-ir-taisykles\/","ethicsPolicy":"https:\/\/allstarretro.com\/teises-ir-isipareigojimai\/","diversityPolicy":"https:\/\/allstarretro.com\/privatumo-politika\/","diversityStaffingReport":"https:\/\/allstarretro.com\/privatumo-politika\/","address":{"@id":"https:\/\/allstarretro.com\/parduotuve\/drabuziai\/fiat-maluch-vyriska-maikute\/#local-main-place-address"},"geo":{"@type":"GeoCoordinates","latitude":"54.8733071","longitude":"23.9494226"},"telephone":["+37068673611"],"openingHoursSpecification":[{"@type":"OpeningHoursSpecification","dayOfWeek":["Monday","Tuesday","Wednesday","Thursday","Friday","Saturday","Sunday"],"opens":"09:00","closes":"17:00"}],"email":"info@allstarretro.com","areaServed":"Lithuania","vatID":"LT100013495416","priceRange":"$$","currenciesAccepted":"Euras","paymentAccepted":"Visa, mastercard"},{"@type":"PostalAddress","@id":"https:\/\/allstarretro.com\/parduotuve\/drabuziai\/fiat-maluch-vyriska-maikute\/#local-main-place-address","streetAddress":"L.Ivinskio 18a","addressLocality":"Kaunas","postalCode":"45151","addressRegion":"Kaunas","addressCountry":"LT"},{"@type":"ImageObject","inLanguage":"en-US","@id":"https:\/\/allstarretro.com\/parduotuve\/drabuziai\/fiat-maluch-vyriska-maikute\/#local-main-organization-logo","url":"https:\/\/allstarretro.com\/wp-content\/uploads\/2025\/01\/allstarretro-mini-logo.webp","contentUrl":"https:\/\/allstarretro.com\/wp-content\/uploads\/2025\/01\/allstarretro-mini-logo.webp","width":130,"height":130,"caption":"AllStarRetro"}]},"geo.placename":"Kaunas","geo.position":{"lat":"54.8733071","long":"23.9494226"},"geo.region":"Lithuania"},"_links":{"self":[{"href":"https:\/\/allstarretro.com\/en\/wp-json\/wp\/v2\/product\/32964"}],"collection":[{"href":"https:\/\/allstarretro.com\/en\/wp-json\/wp\/v2\/product"}],"about":[{"href":"https:\/\/allstarretro.com\/en\/wp-json\/wp\/v2\/types\/product"}],"replies":[{"embeddable":true,"href":"https:\/\/allstarretro.com\/en\/wp-json\/wp\/v2\/comments?post=32964"}],"wp:featuredmedia":[{"embeddable":true,"href":"https:\/\/allstarretro.com\/en\/wp-json\/wp\/v2\/media\/32984"}],"wp:attachment":[{"href":"https:\/\/allstarretro.com\/en\/wp-json\/wp\/v2\/media?parent=32964"}],"wp:term":[{"taxonomy":"product_cat","embeddable":true,"href":"https:\/\/allstarretro.com\/en\/wp-json\/wp\/v2\/product_cat?post=32964"},{"taxonomy":"product_tag","embeddable":true,"href":"https:\/\/allstarretro.com\/en\/wp-json\/wp\/v2\/product_tag?post=32964"}],"curies":[{"name":"wp","href":"https:\/\/api.w.org\/{rel}","templated":true}]}}