{"id":32998,"date":"2025-01-31T08:42:29","date_gmt":"2025-01-31T08:42:29","guid":{"rendered":"https:\/\/allstarretro.com\/?post_type=product&#038;p=32998"},"modified":"2025-01-31T10:31:27","modified_gmt":"2025-01-31T10:31:27","slug":"retrolife-r609-patefonas-bluetooth","status":"publish","type":"product","link":"https:\/\/allstarretro.com\/en\/parduotuve\/technika\/retrolife-r609-patefonas-bluetooth\/","title":{"rendered":"Retrolife R609 Turntable + Bluetooth"},"content":{"rendered":"","protected":false},"excerpt":{"rendered":"<h2>APIE PATEFON\u0104<\/h2>\n<p>Retrolife R609 Patefonas. Retrolife individualaus kostiumo d\u0117klo plok\u0161teli\u0173 grotuvas: patenkinantis moderni\u0173 ir vinta\u017eini\u0173 element\u0173 derinys. Juoda klasikin\u0117 PU odos i\u0161vaizda su retro bronziniais metaliniais var\u017etais ir tinkleliais, su tvirta rankena galite pasiimti bet kur. B\u016bkite pasireng\u0119 kurti savo muzikinius prisiminimus.<\/p>\n<h2>RETROLIFE PRIVALUMAI<\/h2>\n<ul>\n<li>Keturios galimos ry\u0161io parinktys: muzikos transliacija skaitmeniniu garsu per patefono integruot\u0105 Bluetooth garsiakalb\u012f. Prijunkite i\u0161orinius garsiakalbius per RCA i\u0161vest\u012f arba AUX \u012fvest\u012f, skirt\u0105 ne \u201eBluetooth\u201c \u012frenginiams, pvz., MP3. Galite klausytis priva\u010diai naudodami ausines. Lengvai i\u0161naudokite dien\u0105 su muzika.<br \/>\nTrij\u0173 grei\u010di\u0173 ir trij\u0173 dyd\u017ei\u0173 pasukamas: palaiko 3 dyd\u017ei\u0173 7\/10\/12 coli\u0173 \u012fra\u0161us ir 3 grei\u010di\u0173 33\/45\/78 RMP grojimo grei\u010dius. Dir\u017eais varoma sistema atitinka technin\u012f antirezonansin\u012f dizain\u0105, kad b\u016bt\u0173 pasiekta geresn\u0117 garso kokyb\u0117.<\/li>\n<li>Nereikia papildomos \u012frangos: lengvai nustatykite ir prad\u0117kite per kelias minutes. Idealiai tinka pradedantiesiems ir vinilo entuziastams smagiai praleisti laik\u0105. D\u0117l puikaus dyd\u017eio ir auk\u0161\u010diausios garso kokyb\u0117s tinka j\u016bs\u0173 miegamajam \/ svetainei \/ biurui.<\/li>\n<li>\u012etrauktos NAUDINGOS RANKEN\u0116LES: automatinio sustabdymo jungiklis, kuris nustoja suktis, kai tik plok\u0161tel\u0117 suveikia plok\u0161t\u0117s gale. Greito re\u017eimo jungiklis (\u201eBluetooth\u201c \/ \u201eAux-in\u201c \/ \u201ePhono\u201c), kad gal\u0117tum\u0117te lengvai naudotis. Puiku naudoti, kai reikia atsipalaiduoti, vakar\u0117liams, susib\u016brimams ir pan.<\/li>\n<\/ul>","protected":false},"featured_media":32973,"comment_status":"open","ping_status":"closed","template":"","meta":{"inline_featured_image":false},"product_cat":[336],"product_tag":[],"class_list":["post-32998","product","type-product","status-publish","has-post-thumbnail","hentry","product_brand-retrolife","product_cat-technika"],"acf":[],"yoast_head":"<!-- This site is optimized with the Yoast SEO Premium plugin v21.8 (Yoast SEO v21.8) - https:\/\/yoast.com\/wordpress\/plugins\/seo\/ -->\n<title>Retrolife R609 Patefonas + Bluetooth<\/title>\n<meta name=\"robots\" content=\"index, follow, max-snippet:-1, max-image-preview:large, max-video-preview:-1\" \/>\n<link rel=\"canonical\" href=\"https:\/\/allstarretro.com\/en\/parduotuve\/technique\/retrolife-r609-patefonas-bluetooth\/\" \/>\n<meta property=\"og:locale\" content=\"en_US\" \/>\n<meta property=\"og:type\" content=\"article\" \/>\n<meta property=\"og:title\" content=\"Retrolife R609 Patefonas + Bluetooth\" \/>\n<meta property=\"og:description\" content=\"APIE PATEFON\u0104 Retrolife R609 Patefonas. Retrolife individualaus kostiumo d\u0117klo plok\u0161teli\u0173 grotuvas: patenkinantis moderni\u0173 ir vinta\u017eini\u0173 element\u0173 derinys. Juoda klasikin\u0117 PU odos i\u0161vaizda su retro bronziniais metaliniais var\u017etais ir tinkleliais, su tvirta rankena galite pasiimti bet kur. B\u016bkite pasireng\u0119 kurti savo muzikinius prisiminimus. RETROLIFE PRIVALUMAI   Keturios galimos ry\u0161io parinktys: muzikos transliacija skaitmeniniu garsu per patefono integruot\u0105 Bluetooth garsiakalb\u012f. Prijunkite i\u0161orinius garsiakalbius per RCA i\u0161vest\u012f arba AUX \u012fvest\u012f, skirt\u0105 ne \u201eBluetooth\u201c \u012frenginiams, pvz., MP3. Galite klausytis priva\u010diai naudodami ausines. Lengvai i\u0161naudokite dien\u0105 su muzika. Trij\u0173 grei\u010di\u0173 ir trij\u0173 dyd\u017ei\u0173 pasukamas: palaiko 3 dyd\u017ei\u0173 7\/10\/12 coli\u0173 \u012fra\u0161us ir 3 grei\u010di\u0173 33\/45\/78 RMP grojimo grei\u010dius. Dir\u017eais varoma sistema atitinka technin\u012f antirezonansin\u012f dizain\u0105, kad b\u016bt\u0173 pasiekta geresn\u0117 garso kokyb\u0117.  Nereikia papildomos \u012frangos: lengvai nustatykite ir prad\u0117kite per kelias minutes. Idealiai tinka pradedantiesiems ir vinilo entuziastams smagiai praleisti laik\u0105. D\u0117l puikaus dyd\u017eio ir auk\u0161\u010diausios garso kokyb\u0117s tinka j\u016bs\u0173 miegamajam \/ svetainei \/ biurui.  \u012etrauktos NAUDINGOS RANKEN\u0116LES: automatinio sustabdymo jungiklis, kuris nustoja suktis, kai tik plok\u0161tel\u0117 suveikia plok\u0161t\u0117s gale. Greito re\u017eimo jungiklis (\u201eBluetooth\u201c \/ \u201eAux-in\u201c \/ \u201ePhono\u201c), kad gal\u0117tum\u0117te lengvai naudotis. Puiku naudoti, kai reikia atsipalaiduoti, vakar\u0117liams, susib\u016brimams ir pan.\" \/>\n<meta property=\"og:url\" content=\"https:\/\/allstarretro.com\/en\/parduotuve\/technique\/retrolife-r609-patefonas-bluetooth\/\" \/>\n<meta property=\"og:site_name\" content=\"AllStarRetro\" \/>\n<meta property=\"article:publisher\" content=\"https:\/\/www.facebook.com\/allstarretroLTU\" \/>\n<meta property=\"article:modified_time\" content=\"2025-01-31T10:31:27+00:00\" \/>\n<meta property=\"og:image\" content=\"https:\/\/allstarretro.com\/wp-content\/uploads\/2025\/01\/retrolife-patefonas-1.webp\" \/>\n\t<meta property=\"og:image:width\" content=\"1080\" \/>\n\t<meta property=\"og:image:height\" content=\"1080\" \/>\n\t<meta property=\"og:image:type\" content=\"image\/webp\" \/>\n<meta name=\"twitter:card\" content=\"summary_large_image\" \/>\n<meta name=\"twitter:site\" content=\"@allstarretroLTU\" \/>\n<meta name=\"twitter:label1\" content=\"Availability\" \/>\n\t<meta name=\"twitter:data1\" content=\"In stock\" \/>\n<script type=\"application\/ld+json\" class=\"yoast-schema-graph\">{\"@context\":\"https:\/\/schema.org\",\"@graph\":[{\"@type\":[\"WebPage\",\"ItemPage\"],\"@id\":\"https:\/\/allstarretro.com\/parduotuve\/technika\/retrolife-r609-patefonas-bluetooth\/\",\"url\":\"https:\/\/allstarretro.com\/parduotuve\/technika\/retrolife-r609-patefonas-bluetooth\/\",\"name\":\"Retrolife R609 Patefonas + Bluetooth\",\"isPartOf\":{\"@id\":\"https:\/\/allstarretro.com\/#website\"},\"datePublished\":\"2025-01-31T08:42:29+00:00\",\"dateModified\":\"2025-01-31T10:31:27+00:00\",\"breadcrumb\":{\"@id\":\"https:\/\/allstarretro.com\/parduotuve\/technika\/retrolife-r609-patefonas-bluetooth\/#breadcrumb\"},\"inLanguage\":\"en-US\",\"potentialAction\":[{\"@type\":\"ReadAction\",\"target\":[\"https:\/\/allstarretro.com\/parduotuve\/technika\/retrolife-r609-patefonas-bluetooth\/\"]}]},{\"@type\":\"BreadcrumbList\",\"@id\":\"https:\/\/allstarretro.com\/parduotuve\/technika\/retrolife-r609-patefonas-bluetooth\/#breadcrumb\",\"itemListElement\":[{\"@type\":\"ListItem\",\"position\":1,\"name\":\"Home\",\"item\":\"https:\/\/allstarretro.com\/\"},{\"@type\":\"ListItem\",\"position\":2,\"name\":\"Retro Stiliaus Nostalgijos Ir Vinta\u017eo Parduotuv\u0117\",\"item\":\"https:\/\/allstarretro.com\/parduotuve\/\"},{\"@type\":\"ListItem\",\"position\":3,\"name\":\"Retrolife R609 Patefonas + Bluetooth\"}]},{\"@type\":\"WebSite\",\"@id\":\"https:\/\/allstarretro.com\/#website\",\"url\":\"https:\/\/allstarretro.com\/\",\"name\":\"AllStarRetro\",\"description\":\"Retro Laikotarpio Stiliaus Produktai | AllStarRetro\",\"publisher\":{\"@id\":\"https:\/\/allstarretro.com\/#organization\"},\"alternateName\":\"AllStarRetro\",\"potentialAction\":[{\"@type\":\"SearchAction\",\"target\":{\"@type\":\"EntryPoint\",\"urlTemplate\":\"https:\/\/allstarretro.com\/?s={search_term_string}\"},\"query-input\":\"required name=search_term_string\"}],\"inLanguage\":\"en-US\"},{\"@type\":[\"Organization\",\"Place\",\"Store\"],\"@id\":\"https:\/\/allstarretro.com\/#organization\",\"name\":\"AllStarRetro\",\"alternateName\":\"AllStarRetro\",\"url\":\"https:\/\/allstarretro.com\/\",\"logo\":{\"@id\":\"https:\/\/allstarretro.com\/parduotuve\/technika\/retrolife-r609-patefonas-bluetooth\/#local-main-organization-logo\"},\"image\":{\"@id\":\"https:\/\/allstarretro.com\/parduotuve\/technika\/retrolife-r609-patefonas-bluetooth\/#local-main-organization-logo\"},\"sameAs\":[\"https:\/\/www.facebook.com\/allstarretroLTU\",\"https:\/\/twitter.com\/allstarretroLTU\"],\"publishingPrinciples\":\"https:\/\/allstarretro.com\/\",\"ownershipFundingInfo\":\"https:\/\/allstarretro.com\/teises-ir-isipareigojimai\/\",\"actionableFeedbackPolicy\":\"https:\/\/allstarretro.com\/privatumo-politika\/\",\"correctionsPolicy\":\"https:\/\/allstarretro.com\/pristatymas-ir-taisykles\/\",\"ethicsPolicy\":\"https:\/\/allstarretro.com\/teises-ir-isipareigojimai\/\",\"diversityPolicy\":\"https:\/\/allstarretro.com\/privatumo-politika\/\",\"diversityStaffingReport\":\"https:\/\/allstarretro.com\/privatumo-politika\/\",\"address\":{\"@id\":\"https:\/\/allstarretro.com\/parduotuve\/technika\/retrolife-r609-patefonas-bluetooth\/#local-main-place-address\"},\"geo\":{\"@type\":\"GeoCoordinates\",\"latitude\":\"54.8733071\",\"longitude\":\"23.9494226\"},\"telephone\":[\"+37068673611\"],\"openingHoursSpecification\":[{\"@type\":\"OpeningHoursSpecification\",\"dayOfWeek\":[\"Monday\",\"Tuesday\",\"Wednesday\",\"Thursday\",\"Friday\",\"Saturday\",\"Sunday\"],\"opens\":\"09:00\",\"closes\":\"17:00\"}],\"email\":\"info@allstarretro.com\",\"areaServed\":\"Lithuania\",\"vatID\":\"LT100013495416\",\"priceRange\":\"$$\",\"currenciesAccepted\":\"Euras\",\"paymentAccepted\":\"Visa, mastercard\"},{\"@type\":\"PostalAddress\",\"@id\":\"https:\/\/allstarretro.com\/parduotuve\/technika\/retrolife-r609-patefonas-bluetooth\/#local-main-place-address\",\"streetAddress\":\"L.Ivinskio 18a\",\"addressLocality\":\"Kaunas\",\"postalCode\":\"45151\",\"addressRegion\":\"Kaunas\",\"addressCountry\":\"LT\"},{\"@type\":\"ImageObject\",\"inLanguage\":\"en-US\",\"@id\":\"https:\/\/allstarretro.com\/parduotuve\/technika\/retrolife-r609-patefonas-bluetooth\/#local-main-organization-logo\",\"url\":\"https:\/\/allstarretro.com\/wp-content\/uploads\/2025\/01\/allstarretro-mini-logo.webp\",\"contentUrl\":\"https:\/\/allstarretro.com\/wp-content\/uploads\/2025\/01\/allstarretro-mini-logo.webp\",\"width\":130,\"height\":130,\"caption\":\"AllStarRetro\"}]}<\/script>\n<meta name=\"geo.placename\" content=\"Kaunas\" \/>\n<meta name=\"geo.position\" content=\"54.8733071;23.9494226\" \/>\n<meta name=\"geo.region\" content=\"Lithuania\" \/>\n<!-- \/ Yoast SEO Premium plugin. -->","yoast_head_json":{"title":"Retrolife R609 Turntable + Bluetooth","robots":{"index":"index","follow":"follow","max-snippet":"max-snippet:-1","max-image-preview":"max-image-preview:large","max-video-preview":"max-video-preview:-1"},"canonical":"https:\/\/allstarretro.com\/en\/parduotuve\/technique\/retrolife-r609-patefonas-bluetooth\/","og_locale":"en_US","og_type":"article","og_title":"Retrolife R609 Patefonas + Bluetooth","og_description":"APIE PATEFON\u0104 Retrolife R609 Patefonas. Retrolife individualaus kostiumo d\u0117klo plok\u0161teli\u0173 grotuvas: patenkinantis moderni\u0173 ir vinta\u017eini\u0173 element\u0173 derinys. Juoda klasikin\u0117 PU odos i\u0161vaizda su retro bronziniais metaliniais var\u017etais ir tinkleliais, su tvirta rankena galite pasiimti bet kur. B\u016bkite pasireng\u0119 kurti savo muzikinius prisiminimus. RETROLIFE PRIVALUMAI   Keturios galimos ry\u0161io parinktys: muzikos transliacija skaitmeniniu garsu per patefono integruot\u0105 Bluetooth garsiakalb\u012f. Prijunkite i\u0161orinius garsiakalbius per RCA i\u0161vest\u012f arba AUX \u012fvest\u012f, skirt\u0105 ne \u201eBluetooth\u201c \u012frenginiams, pvz., MP3. Galite klausytis priva\u010diai naudodami ausines. Lengvai i\u0161naudokite dien\u0105 su muzika. Trij\u0173 grei\u010di\u0173 ir trij\u0173 dyd\u017ei\u0173 pasukamas: palaiko 3 dyd\u017ei\u0173 7\/10\/12 coli\u0173 \u012fra\u0161us ir 3 grei\u010di\u0173 33\/45\/78 RMP grojimo grei\u010dius. Dir\u017eais varoma sistema atitinka technin\u012f antirezonansin\u012f dizain\u0105, kad b\u016bt\u0173 pasiekta geresn\u0117 garso kokyb\u0117.  Nereikia papildomos \u012frangos: lengvai nustatykite ir prad\u0117kite per kelias minutes. Idealiai tinka pradedantiesiems ir vinilo entuziastams smagiai praleisti laik\u0105. D\u0117l puikaus dyd\u017eio ir auk\u0161\u010diausios garso kokyb\u0117s tinka j\u016bs\u0173 miegamajam \/ svetainei \/ biurui.  \u012etrauktos NAUDINGOS RANKEN\u0116LES: automatinio sustabdymo jungiklis, kuris nustoja suktis, kai tik plok\u0161tel\u0117 suveikia plok\u0161t\u0117s gale. Greito re\u017eimo jungiklis (\u201eBluetooth\u201c \/ \u201eAux-in\u201c \/ \u201ePhono\u201c), kad gal\u0117tum\u0117te lengvai naudotis. Puiku naudoti, kai reikia atsipalaiduoti, vakar\u0117liams, susib\u016brimams ir pan.","og_url":"https:\/\/allstarretro.com\/en\/parduotuve\/technique\/retrolife-r609-patefonas-bluetooth\/","og_site_name":"AllStarRetro","article_publisher":"https:\/\/www.facebook.com\/allstarretroLTU","article_modified_time":"2025-01-31T10:31:27+00:00","og_image":[{"width":1080,"height":1080,"url":"https:\/\/allstarretro.com\/wp-content\/uploads\/2025\/01\/retrolife-patefonas-1.webp","type":"image\/webp"}],"twitter_card":"summary_large_image","twitter_site":"@allstarretroLTU","twitter_misc":{"Availability":"In stock"},"schema":{"@context":"https:\/\/schema.org","@graph":[{"@type":["WebPage","ItemPage"],"@id":"https:\/\/allstarretro.com\/parduotuve\/technika\/retrolife-r609-patefonas-bluetooth\/","url":"https:\/\/allstarretro.com\/parduotuve\/technika\/retrolife-r609-patefonas-bluetooth\/","name":"Retrolife R609 Turntable + Bluetooth","isPartOf":{"@id":"https:\/\/allstarretro.com\/#website"},"datePublished":"2025-01-31T08:42:29+00:00","dateModified":"2025-01-31T10:31:27+00:00","breadcrumb":{"@id":"https:\/\/allstarretro.com\/parduotuve\/technika\/retrolife-r609-patefonas-bluetooth\/#breadcrumb"},"inLanguage":"en-US","potentialAction":[{"@type":"ReadAction","target":["https:\/\/allstarretro.com\/parduotuve\/technika\/retrolife-r609-patefonas-bluetooth\/"]}]},{"@type":"BreadcrumbList","@id":"https:\/\/allstarretro.com\/parduotuve\/technika\/retrolife-r609-patefonas-bluetooth\/#breadcrumb","itemListElement":[{"@type":"ListItem","position":1,"name":"Home","item":"https:\/\/allstarretro.com\/"},{"@type":"ListItem","position":2,"name":"Retro Stiliaus Nostalgijos Ir Vinta\u017eo Parduotuv\u0117","item":"https:\/\/allstarretro.com\/parduotuve\/"},{"@type":"ListItem","position":3,"name":"Retrolife R609 Patefonas + Bluetooth"}]},{"@type":"WebSite","@id":"https:\/\/allstarretro.com\/#website","url":"https:\/\/allstarretro.com\/","name":"AllStarRetro","description":"Retro Era Style Products | AllStarRetro","publisher":{"@id":"https:\/\/allstarretro.com\/#organization"},"alternateName":"AllStarRetro","potentialAction":[{"@type":"SearchAction","target":{"@type":"EntryPoint","urlTemplate":"https:\/\/allstarretro.com\/?s={search_term_string}"},"query-input":"required name=search_term_string"}],"inLanguage":"en-US"},{"@type":["Organization","Place","Store"],"@id":"https:\/\/allstarretro.com\/#organization","name":"AllStarRetro","alternateName":"AllStarRetro","url":"https:\/\/allstarretro.com\/","logo":{"@id":"https:\/\/allstarretro.com\/parduotuve\/technika\/retrolife-r609-patefonas-bluetooth\/#local-main-organization-logo"},"image":{"@id":"https:\/\/allstarretro.com\/parduotuve\/technika\/retrolife-r609-patefonas-bluetooth\/#local-main-organization-logo"},"sameAs":["https:\/\/www.facebook.com\/allstarretroLTU","https:\/\/twitter.com\/allstarretroLTU"],"publishingPrinciples":"https:\/\/allstarretro.com\/","ownershipFundingInfo":"https:\/\/allstarretro.com\/teises-ir-isipareigojimai\/","actionableFeedbackPolicy":"https:\/\/allstarretro.com\/privatumo-politika\/","correctionsPolicy":"https:\/\/allstarretro.com\/pristatymas-ir-taisykles\/","ethicsPolicy":"https:\/\/allstarretro.com\/teises-ir-isipareigojimai\/","diversityPolicy":"https:\/\/allstarretro.com\/privatumo-politika\/","diversityStaffingReport":"https:\/\/allstarretro.com\/privatumo-politika\/","address":{"@id":"https:\/\/allstarretro.com\/parduotuve\/technika\/retrolife-r609-patefonas-bluetooth\/#local-main-place-address"},"geo":{"@type":"GeoCoordinates","latitude":"54.8733071","longitude":"23.9494226"},"telephone":["+37068673611"],"openingHoursSpecification":[{"@type":"OpeningHoursSpecification","dayOfWeek":["Monday","Tuesday","Wednesday","Thursday","Friday","Saturday","Sunday"],"opens":"09:00","closes":"17:00"}],"email":"info@allstarretro.com","areaServed":"Lithuania","vatID":"LT100013495416","priceRange":"$$","currenciesAccepted":"Euras","paymentAccepted":"Visa, mastercard"},{"@type":"PostalAddress","@id":"https:\/\/allstarretro.com\/parduotuve\/technika\/retrolife-r609-patefonas-bluetooth\/#local-main-place-address","streetAddress":"L.Ivinskio 18a","addressLocality":"Kaunas","postalCode":"45151","addressRegion":"Kaunas","addressCountry":"LT"},{"@type":"ImageObject","inLanguage":"en-US","@id":"https:\/\/allstarretro.com\/parduotuve\/technika\/retrolife-r609-patefonas-bluetooth\/#local-main-organization-logo","url":"https:\/\/allstarretro.com\/wp-content\/uploads\/2025\/01\/allstarretro-mini-logo.webp","contentUrl":"https:\/\/allstarretro.com\/wp-content\/uploads\/2025\/01\/allstarretro-mini-logo.webp","width":130,"height":130,"caption":"AllStarRetro"}]},"geo.placename":"Kaunas","geo.position":{"lat":"54.8733071","long":"23.9494226"},"geo.region":"Lithuania"},"_links":{"self":[{"href":"https:\/\/allstarretro.com\/en\/wp-json\/wp\/v2\/product\/32998"}],"collection":[{"href":"https:\/\/allstarretro.com\/en\/wp-json\/wp\/v2\/product"}],"about":[{"href":"https:\/\/allstarretro.com\/en\/wp-json\/wp\/v2\/types\/product"}],"replies":[{"embeddable":true,"href":"https:\/\/allstarretro.com\/en\/wp-json\/wp\/v2\/comments?post=32998"}],"wp:featuredmedia":[{"embeddable":true,"href":"https:\/\/allstarretro.com\/en\/wp-json\/wp\/v2\/media\/32973"}],"wp:attachment":[{"href":"https:\/\/allstarretro.com\/en\/wp-json\/wp\/v2\/media?parent=32998"}],"wp:term":[{"taxonomy":"product_cat","embeddable":true,"href":"https:\/\/allstarretro.com\/en\/wp-json\/wp\/v2\/product_cat?post=32998"},{"taxonomy":"product_tag","embeddable":true,"href":"https:\/\/allstarretro.com\/en\/wp-json\/wp\/v2\/product_tag?post=32998"}],"curies":[{"name":"wp","href":"https:\/\/api.w.org\/{rel}","templated":true}]}}