{"id":33002,"date":"2025-01-31T08:50:01","date_gmt":"2025-01-31T08:50:01","guid":{"rendered":"https:\/\/allstarretro.com\/?post_type=product&#038;p=33002"},"modified":"2025-01-31T10:31:27","modified_gmt":"2025-01-31T10:31:27","slug":"bestron-mini-vafline","status":"publish","type":"product","link":"https:\/\/allstarretro.com\/en\/parduotuve\/technika\/bestron-mini-vafline\/","title":{"rendered":"Bestron Mini Waffle Maker"},"content":{"rendered":"","protected":false},"excerpt":{"rendered":"<h2>APIE VAFLIN\u0118<\/h2>\n<p>Bestron Mini &#8211; vaflin\u0117. Dekoratyvin\u0117 vaflin\u0117, skirta m\u0117gautis k\u0105 tik paruo\u0161tu mini vafliu (skersmuo 10 cm), mini blynais ir ma\u017eais blyneliais \u2013 idealiai tinka vaikams arba kaip nedidelis u\u017ekandis tarp j\u0173.<\/p>\n<h2>MINI PRIVALUMAI<\/h2>\n<ul>\n<li>Taip pat tinka vafli\u0173 vakar\u0117liams ar kaip ma\u017ea dovan\u0117l\u0117 per vaik\u0173 gimtadienius, Velykas, \u0161eimos \u0161ventes ar Kal\u0117das. Nelipnios dangos privalumai: kepimas nepridegus ir neprilipus, lengvas makaron\u0173 pa\u0161alinimas, lengvesnis skalavimas.<\/li>\n<li>Automatinis temperat\u016bros valdymas su veikimo indikatoriumi ir bud\u0117jimo indikatoriumi, \u0161ilum\u0105 izoliuojan\u010dia rankena, tvirtas stovas d\u0117l neslystan\u010di\u0173 koj\u0173, erdv\u0119 taupantis dizainas.<\/li>\n<li>D\u0117\u017eut\u0117s turinys: 1 Bestron mini vaflinis aparatas, 550 vat\u0173, med\u017eiaga: plastikas\/metalas, 15,4 cm x 11,3 cm x 20,3 cm, svoris: 1,06 kg, spalva: ro\u017ein\u0117, AMW500P<\/li>\n<\/ul>","protected":false},"featured_media":32969,"comment_status":"open","ping_status":"closed","template":"","meta":{"inline_featured_image":false},"product_cat":[336,338],"product_tag":[],"class_list":["post-33002","product","type-product","status-publish","has-post-thumbnail","hentry","product_brand-bestron","product_cat-technika","product_cat-virtuve"],"acf":[],"yoast_head":"<!-- This site is optimized with the Yoast SEO Premium plugin v21.8 (Yoast SEO v21.8) - https:\/\/yoast.com\/wordpress\/plugins\/seo\/ -->\n<title>Bestron Mini Vaflin\u0117<\/title>\n<meta name=\"robots\" content=\"index, follow, max-snippet:-1, max-image-preview:large, max-video-preview:-1\" \/>\n<link rel=\"canonical\" href=\"https:\/\/allstarretro.com\/en\/parduotuve\/technique\/bestron-mini-vafline\/\" \/>\n<meta property=\"og:locale\" content=\"en_US\" \/>\n<meta property=\"og:type\" content=\"article\" \/>\n<meta property=\"og:title\" content=\"Bestron Mini Vaflin\u0117\" \/>\n<meta property=\"og:description\" content=\"APIE VAFLIN\u0118 Bestron Mini - vaflin\u0117. Dekoratyvin\u0117 vaflin\u0117, skirta m\u0117gautis k\u0105 tik paruo\u0161tu mini vafliu (skersmuo 10 cm), mini blynais ir ma\u017eais blyneliais \u2013 idealiai tinka vaikams arba kaip nedidelis u\u017ekandis tarp j\u0173. MINI PRIVALUMAI   Taip pat tinka vafli\u0173 vakar\u0117liams ar kaip ma\u017ea dovan\u0117l\u0117 per vaik\u0173 gimtadienius, Velykas, \u0161eimos \u0161ventes ar Kal\u0117das. Nelipnios dangos privalumai: kepimas nepridegus ir neprilipus, lengvas makaron\u0173 pa\u0161alinimas, lengvesnis skalavimas.  Automatinis temperat\u016bros valdymas su veikimo indikatoriumi ir bud\u0117jimo indikatoriumi, \u0161ilum\u0105 izoliuojan\u010dia rankena, tvirtas stovas d\u0117l neslystan\u010di\u0173 koj\u0173, erdv\u0119 taupantis dizainas.  D\u0117\u017eut\u0117s turinys: 1 Bestron mini vaflinis aparatas, 550 vat\u0173, med\u017eiaga: plastikas\/metalas, 15,4 cm x 11,3 cm x 20,3 cm, svoris: 1,06 kg, spalva: ro\u017ein\u0117, AMW500P\" \/>\n<meta property=\"og:url\" content=\"https:\/\/allstarretro.com\/en\/parduotuve\/technique\/bestron-mini-vafline\/\" \/>\n<meta property=\"og:site_name\" content=\"AllStarRetro\" \/>\n<meta property=\"article:publisher\" content=\"https:\/\/www.facebook.com\/allstarretroLTU\" \/>\n<meta property=\"article:modified_time\" content=\"2025-01-31T10:31:27+00:00\" \/>\n<meta property=\"og:image\" content=\"https:\/\/allstarretro.com\/wp-content\/uploads\/2025\/01\/bestron-mini-vafline-allstarretro.com_.webp\" \/>\n\t<meta property=\"og:image:width\" content=\"1080\" \/>\n\t<meta property=\"og:image:height\" content=\"1080\" \/>\n\t<meta property=\"og:image:type\" content=\"image\/webp\" \/>\n<meta name=\"twitter:card\" content=\"summary_large_image\" \/>\n<meta name=\"twitter:site\" content=\"@allstarretroLTU\" \/>\n<meta name=\"twitter:label1\" content=\"Availability\" \/>\n\t<meta name=\"twitter:data1\" content=\"In stock\" \/>\n<script type=\"application\/ld+json\" class=\"yoast-schema-graph\">{\"@context\":\"https:\/\/schema.org\",\"@graph\":[{\"@type\":[\"WebPage\",\"ItemPage\"],\"@id\":\"https:\/\/allstarretro.com\/parduotuve\/technika\/bestron-mini-vafline\/\",\"url\":\"https:\/\/allstarretro.com\/parduotuve\/technika\/bestron-mini-vafline\/\",\"name\":\"Bestron Mini Vaflin\u0117\",\"isPartOf\":{\"@id\":\"https:\/\/allstarretro.com\/#website\"},\"datePublished\":\"2025-01-31T08:50:01+00:00\",\"dateModified\":\"2025-01-31T10:31:27+00:00\",\"breadcrumb\":{\"@id\":\"https:\/\/allstarretro.com\/parduotuve\/technika\/bestron-mini-vafline\/#breadcrumb\"},\"inLanguage\":\"en-US\",\"potentialAction\":[{\"@type\":\"ReadAction\",\"target\":[\"https:\/\/allstarretro.com\/parduotuve\/technika\/bestron-mini-vafline\/\"]}]},{\"@type\":\"BreadcrumbList\",\"@id\":\"https:\/\/allstarretro.com\/parduotuve\/technika\/bestron-mini-vafline\/#breadcrumb\",\"itemListElement\":[{\"@type\":\"ListItem\",\"position\":1,\"name\":\"Home\",\"item\":\"https:\/\/allstarretro.com\/\"},{\"@type\":\"ListItem\",\"position\":2,\"name\":\"Retro Stiliaus Nostalgijos Ir Vinta\u017eo Parduotuv\u0117\",\"item\":\"https:\/\/allstarretro.com\/parduotuve\/\"},{\"@type\":\"ListItem\",\"position\":3,\"name\":\"Bestron Mini Vaflin\u0117\"}]},{\"@type\":\"WebSite\",\"@id\":\"https:\/\/allstarretro.com\/#website\",\"url\":\"https:\/\/allstarretro.com\/\",\"name\":\"AllStarRetro\",\"description\":\"Retro Laikotarpio Stiliaus Produktai | AllStarRetro\",\"publisher\":{\"@id\":\"https:\/\/allstarretro.com\/#organization\"},\"alternateName\":\"AllStarRetro\",\"potentialAction\":[{\"@type\":\"SearchAction\",\"target\":{\"@type\":\"EntryPoint\",\"urlTemplate\":\"https:\/\/allstarretro.com\/?s={search_term_string}\"},\"query-input\":\"required name=search_term_string\"}],\"inLanguage\":\"en-US\"},{\"@type\":[\"Organization\",\"Place\",\"Store\"],\"@id\":\"https:\/\/allstarretro.com\/#organization\",\"name\":\"AllStarRetro\",\"alternateName\":\"AllStarRetro\",\"url\":\"https:\/\/allstarretro.com\/\",\"logo\":{\"@id\":\"https:\/\/allstarretro.com\/parduotuve\/technika\/bestron-mini-vafline\/#local-main-organization-logo\"},\"image\":{\"@id\":\"https:\/\/allstarretro.com\/parduotuve\/technika\/bestron-mini-vafline\/#local-main-organization-logo\"},\"sameAs\":[\"https:\/\/www.facebook.com\/allstarretroLTU\",\"https:\/\/twitter.com\/allstarretroLTU\"],\"publishingPrinciples\":\"https:\/\/allstarretro.com\/\",\"ownershipFundingInfo\":\"https:\/\/allstarretro.com\/teises-ir-isipareigojimai\/\",\"actionableFeedbackPolicy\":\"https:\/\/allstarretro.com\/privatumo-politika\/\",\"correctionsPolicy\":\"https:\/\/allstarretro.com\/pristatymas-ir-taisykles\/\",\"ethicsPolicy\":\"https:\/\/allstarretro.com\/teises-ir-isipareigojimai\/\",\"diversityPolicy\":\"https:\/\/allstarretro.com\/privatumo-politika\/\",\"diversityStaffingReport\":\"https:\/\/allstarretro.com\/privatumo-politika\/\",\"address\":{\"@id\":\"https:\/\/allstarretro.com\/parduotuve\/technika\/bestron-mini-vafline\/#local-main-place-address\"},\"geo\":{\"@type\":\"GeoCoordinates\",\"latitude\":\"54.8733071\",\"longitude\":\"23.9494226\"},\"telephone\":[\"+37068673611\"],\"openingHoursSpecification\":[{\"@type\":\"OpeningHoursSpecification\",\"dayOfWeek\":[\"Monday\",\"Tuesday\",\"Wednesday\",\"Thursday\",\"Friday\",\"Saturday\",\"Sunday\"],\"opens\":\"09:00\",\"closes\":\"17:00\"}],\"email\":\"info@allstarretro.com\",\"areaServed\":\"Lithuania\",\"vatID\":\"LT100013495416\",\"priceRange\":\"$$\",\"currenciesAccepted\":\"Euras\",\"paymentAccepted\":\"Visa, mastercard\"},{\"@type\":\"PostalAddress\",\"@id\":\"https:\/\/allstarretro.com\/parduotuve\/technika\/bestron-mini-vafline\/#local-main-place-address\",\"streetAddress\":\"L.Ivinskio 18a\",\"addressLocality\":\"Kaunas\",\"postalCode\":\"45151\",\"addressRegion\":\"Kaunas\",\"addressCountry\":\"LT\"},{\"@type\":\"ImageObject\",\"inLanguage\":\"en-US\",\"@id\":\"https:\/\/allstarretro.com\/parduotuve\/technika\/bestron-mini-vafline\/#local-main-organization-logo\",\"url\":\"https:\/\/allstarretro.com\/wp-content\/uploads\/2025\/01\/allstarretro-mini-logo.webp\",\"contentUrl\":\"https:\/\/allstarretro.com\/wp-content\/uploads\/2025\/01\/allstarretro-mini-logo.webp\",\"width\":130,\"height\":130,\"caption\":\"AllStarRetro\"}]}<\/script>\n<meta name=\"geo.placename\" content=\"Kaunas\" \/>\n<meta name=\"geo.position\" content=\"54.8733071;23.9494226\" \/>\n<meta name=\"geo.region\" content=\"Lithuania\" \/>\n<!-- \/ Yoast SEO Premium plugin. -->","yoast_head_json":{"title":"Bestron Mini Waffle Maker","robots":{"index":"index","follow":"follow","max-snippet":"max-snippet:-1","max-image-preview":"max-image-preview:large","max-video-preview":"max-video-preview:-1"},"canonical":"https:\/\/allstarretro.com\/en\/parduotuve\/technique\/bestron-mini-vafline\/","og_locale":"en_US","og_type":"article","og_title":"Bestron Mini Vaflin\u0117","og_description":"APIE VAFLIN\u0118 Bestron Mini - vaflin\u0117. Dekoratyvin\u0117 vaflin\u0117, skirta m\u0117gautis k\u0105 tik paruo\u0161tu mini vafliu (skersmuo 10 cm), mini blynais ir ma\u017eais blyneliais \u2013 idealiai tinka vaikams arba kaip nedidelis u\u017ekandis tarp j\u0173. MINI PRIVALUMAI   Taip pat tinka vafli\u0173 vakar\u0117liams ar kaip ma\u017ea dovan\u0117l\u0117 per vaik\u0173 gimtadienius, Velykas, \u0161eimos \u0161ventes ar Kal\u0117das. Nelipnios dangos privalumai: kepimas nepridegus ir neprilipus, lengvas makaron\u0173 pa\u0161alinimas, lengvesnis skalavimas.  Automatinis temperat\u016bros valdymas su veikimo indikatoriumi ir bud\u0117jimo indikatoriumi, \u0161ilum\u0105 izoliuojan\u010dia rankena, tvirtas stovas d\u0117l neslystan\u010di\u0173 koj\u0173, erdv\u0119 taupantis dizainas.  D\u0117\u017eut\u0117s turinys: 1 Bestron mini vaflinis aparatas, 550 vat\u0173, med\u017eiaga: plastikas\/metalas, 15,4 cm x 11,3 cm x 20,3 cm, svoris: 1,06 kg, spalva: ro\u017ein\u0117, AMW500P","og_url":"https:\/\/allstarretro.com\/en\/parduotuve\/technique\/bestron-mini-vafline\/","og_site_name":"AllStarRetro","article_publisher":"https:\/\/www.facebook.com\/allstarretroLTU","article_modified_time":"2025-01-31T10:31:27+00:00","og_image":[{"width":1080,"height":1080,"url":"https:\/\/allstarretro.com\/wp-content\/uploads\/2025\/01\/bestron-mini-vafline-allstarretro.com_.webp","type":"image\/webp"}],"twitter_card":"summary_large_image","twitter_site":"@allstarretroLTU","twitter_misc":{"Availability":"In stock"},"schema":{"@context":"https:\/\/schema.org","@graph":[{"@type":["WebPage","ItemPage"],"@id":"https:\/\/allstarretro.com\/parduotuve\/technika\/bestron-mini-vafline\/","url":"https:\/\/allstarretro.com\/parduotuve\/technika\/bestron-mini-vafline\/","name":"Bestron Mini Waffle Maker","isPartOf":{"@id":"https:\/\/allstarretro.com\/#website"},"datePublished":"2025-01-31T08:50:01+00:00","dateModified":"2025-01-31T10:31:27+00:00","breadcrumb":{"@id":"https:\/\/allstarretro.com\/parduotuve\/technika\/bestron-mini-vafline\/#breadcrumb"},"inLanguage":"en-US","potentialAction":[{"@type":"ReadAction","target":["https:\/\/allstarretro.com\/parduotuve\/technika\/bestron-mini-vafline\/"]}]},{"@type":"BreadcrumbList","@id":"https:\/\/allstarretro.com\/parduotuve\/technika\/bestron-mini-vafline\/#breadcrumb","itemListElement":[{"@type":"ListItem","position":1,"name":"Home","item":"https:\/\/allstarretro.com\/"},{"@type":"ListItem","position":2,"name":"Retro Stiliaus Nostalgijos Ir Vinta\u017eo Parduotuv\u0117","item":"https:\/\/allstarretro.com\/parduotuve\/"},{"@type":"ListItem","position":3,"name":"Bestron Mini Vaflin\u0117"}]},{"@type":"WebSite","@id":"https:\/\/allstarretro.com\/#website","url":"https:\/\/allstarretro.com\/","name":"AllStarRetro","description":"Retro Era Style Products | AllStarRetro","publisher":{"@id":"https:\/\/allstarretro.com\/#organization"},"alternateName":"AllStarRetro","potentialAction":[{"@type":"SearchAction","target":{"@type":"EntryPoint","urlTemplate":"https:\/\/allstarretro.com\/?s={search_term_string}"},"query-input":"required name=search_term_string"}],"inLanguage":"en-US"},{"@type":["Organization","Place","Store"],"@id":"https:\/\/allstarretro.com\/#organization","name":"AllStarRetro","alternateName":"AllStarRetro","url":"https:\/\/allstarretro.com\/","logo":{"@id":"https:\/\/allstarretro.com\/parduotuve\/technika\/bestron-mini-vafline\/#local-main-organization-logo"},"image":{"@id":"https:\/\/allstarretro.com\/parduotuve\/technika\/bestron-mini-vafline\/#local-main-organization-logo"},"sameAs":["https:\/\/www.facebook.com\/allstarretroLTU","https:\/\/twitter.com\/allstarretroLTU"],"publishingPrinciples":"https:\/\/allstarretro.com\/","ownershipFundingInfo":"https:\/\/allstarretro.com\/teises-ir-isipareigojimai\/","actionableFeedbackPolicy":"https:\/\/allstarretro.com\/privatumo-politika\/","correctionsPolicy":"https:\/\/allstarretro.com\/pristatymas-ir-taisykles\/","ethicsPolicy":"https:\/\/allstarretro.com\/teises-ir-isipareigojimai\/","diversityPolicy":"https:\/\/allstarretro.com\/privatumo-politika\/","diversityStaffingReport":"https:\/\/allstarretro.com\/privatumo-politika\/","address":{"@id":"https:\/\/allstarretro.com\/parduotuve\/technika\/bestron-mini-vafline\/#local-main-place-address"},"geo":{"@type":"GeoCoordinates","latitude":"54.8733071","longitude":"23.9494226"},"telephone":["+37068673611"],"openingHoursSpecification":[{"@type":"OpeningHoursSpecification","dayOfWeek":["Monday","Tuesday","Wednesday","Thursday","Friday","Saturday","Sunday"],"opens":"09:00","closes":"17:00"}],"email":"info@allstarretro.com","areaServed":"Lithuania","vatID":"LT100013495416","priceRange":"$$","currenciesAccepted":"Euras","paymentAccepted":"Visa, mastercard"},{"@type":"PostalAddress","@id":"https:\/\/allstarretro.com\/parduotuve\/technika\/bestron-mini-vafline\/#local-main-place-address","streetAddress":"L.Ivinskio 18a","addressLocality":"Kaunas","postalCode":"45151","addressRegion":"Kaunas","addressCountry":"LT"},{"@type":"ImageObject","inLanguage":"en-US","@id":"https:\/\/allstarretro.com\/parduotuve\/technika\/bestron-mini-vafline\/#local-main-organization-logo","url":"https:\/\/allstarretro.com\/wp-content\/uploads\/2025\/01\/allstarretro-mini-logo.webp","contentUrl":"https:\/\/allstarretro.com\/wp-content\/uploads\/2025\/01\/allstarretro-mini-logo.webp","width":130,"height":130,"caption":"AllStarRetro"}]},"geo.placename":"Kaunas","geo.position":{"lat":"54.8733071","long":"23.9494226"},"geo.region":"Lithuania"},"_links":{"self":[{"href":"https:\/\/allstarretro.com\/en\/wp-json\/wp\/v2\/product\/33002"}],"collection":[{"href":"https:\/\/allstarretro.com\/en\/wp-json\/wp\/v2\/product"}],"about":[{"href":"https:\/\/allstarretro.com\/en\/wp-json\/wp\/v2\/types\/product"}],"replies":[{"embeddable":true,"href":"https:\/\/allstarretro.com\/en\/wp-json\/wp\/v2\/comments?post=33002"}],"wp:featuredmedia":[{"embeddable":true,"href":"https:\/\/allstarretro.com\/en\/wp-json\/wp\/v2\/media\/32969"}],"wp:attachment":[{"href":"https:\/\/allstarretro.com\/en\/wp-json\/wp\/v2\/media?parent=33002"}],"wp:term":[{"taxonomy":"product_cat","embeddable":true,"href":"https:\/\/allstarretro.com\/en\/wp-json\/wp\/v2\/product_cat?post=33002"},{"taxonomy":"product_tag","embeddable":true,"href":"https:\/\/allstarretro.com\/en\/wp-json\/wp\/v2\/product_tag?post=33002"}],"curies":[{"name":"wp","href":"https:\/\/api.w.org\/{rel}","templated":true}]}}