{"id":33007,"date":"2025-01-31T08:56:10","date_gmt":"2025-01-31T08:56:10","guid":{"rendered":"https:\/\/allstarretro.com\/?post_type=product&#038;p=33007"},"modified":"2025-01-31T10:27:13","modified_gmt":"2025-01-31T10:27:13","slug":"volkswagen-1962-classical-bus-t1","status":"publish","type":"product","link":"https:\/\/allstarretro.com\/en\/parduotuve\/kolekcionavimas\/volkswagen-1962-classical-bus-t1\/","title":{"rendered":"Volkswagen 1962 Classic Bus T1"},"content":{"rendered":"","protected":false},"excerpt":{"rendered":"<h2>APIE MA\u0160IN\u0104<\/h2>\n<p>Volkswagen 1962 Classical Bus T1. Modelio gamintojas yra WELLY diecast . \u0160is gamintojas gamina labai gra\u017eius automobili\u0173 modelius. Automobiliai atkurti tiksliai ir detaliai, ai\u0161kiai matomos detal\u0117s. Lenkijos platintojas u\u017etikrina, kad modeliai b\u016bt\u0173 nuda\u017eyti originaliais automobili\u0173 da\u017eais. Raginame pasinaudoti pasi\u016blymu. Kokyb\u0117 nustebins Jus!<\/p>\n<h2>CLASSICAL BUS PRIVALUMAI<\/h2>\n<ul>\n<li>Naujas modelis d\u0117\u017eut\u0117 su vitrina.<\/li>\n<li>Automobilis turi atidaromas duris.<\/li>\n<li>Pagaminta i\u0161 metalo, pridedant plastikini\u0173, gumini\u0173 padang\u0173.<\/li>\n<li>Modelis pagamintas 1:34-39 masteliu.<\/li>\n<\/ul>","protected":false},"featured_media":32967,"comment_status":"open","ping_status":"closed","template":"","meta":{"inline_featured_image":false},"product_cat":[342],"product_tag":[],"class_list":["post-33007","product","type-product","status-publish","has-post-thumbnail","hentry","product_brand-diecast","product_cat-kolekcionavimas"],"acf":[],"yoast_head":"<!-- This site is optimized with the Yoast SEO Premium plugin v21.8 (Yoast SEO v21.8) - https:\/\/yoast.com\/wordpress\/plugins\/seo\/ -->\n<title>Volkswagen 1962 Classical Bus T1<\/title>\n<meta name=\"robots\" content=\"index, follow, max-snippet:-1, max-image-preview:large, max-video-preview:-1\" \/>\n<link rel=\"canonical\" href=\"https:\/\/allstarretro.com\/en\/parduotuve\/collecting\/volkswagen-1962-classical-bus-t1\/\" \/>\n<meta property=\"og:locale\" content=\"en_US\" \/>\n<meta property=\"og:type\" content=\"article\" \/>\n<meta property=\"og:title\" content=\"Volkswagen 1962 Classical Bus T1\" \/>\n<meta property=\"og:description\" content=\"APIE MA\u0160IN\u0104 Volkswagen 1962 Classical Bus T1. Modelio gamintojas yra WELLY diecast . \u0160is gamintojas gamina labai gra\u017eius automobili\u0173 modelius. Automobiliai atkurti tiksliai ir detaliai, ai\u0161kiai matomos detal\u0117s. Lenkijos platintojas u\u017etikrina, kad modeliai b\u016bt\u0173 nuda\u017eyti originaliais automobili\u0173 da\u017eais. Raginame pasinaudoti pasi\u016blymu. Kokyb\u0117 nustebins Jus! CLASSICAL BUS PRIVALUMAI   Naujas modelis d\u0117\u017eut\u0117 su vitrina.  Automobilis turi atidaromas duris.  Pagaminta i\u0161 metalo, pridedant plastikini\u0173, gumini\u0173 padang\u0173.  Modelis pagamintas 1:34-39 masteliu.\" \/>\n<meta property=\"og:url\" content=\"https:\/\/allstarretro.com\/en\/parduotuve\/collecting\/volkswagen-1962-classical-bus-t1\/\" \/>\n<meta property=\"og:site_name\" content=\"AllStarRetro\" \/>\n<meta property=\"article:publisher\" content=\"https:\/\/www.facebook.com\/allstarretroLTU\" \/>\n<meta property=\"article:modified_time\" content=\"2025-01-31T10:27:13+00:00\" \/>\n<meta property=\"og:image\" content=\"https:\/\/allstarretro.com\/wp-content\/uploads\/2025\/01\/volkswagen-allstarretro.com_.webp\" \/>\n\t<meta property=\"og:image:width\" content=\"1080\" \/>\n\t<meta property=\"og:image:height\" content=\"1080\" \/>\n\t<meta property=\"og:image:type\" content=\"image\/webp\" \/>\n<meta name=\"twitter:card\" content=\"summary_large_image\" \/>\n<meta name=\"twitter:site\" content=\"@allstarretroLTU\" \/>\n<meta name=\"twitter:label1\" content=\"Availability\" \/>\n\t<meta name=\"twitter:data1\" content=\"In stock\" \/>\n<script type=\"application\/ld+json\" class=\"yoast-schema-graph\">{\"@context\":\"https:\/\/schema.org\",\"@graph\":[{\"@type\":[\"WebPage\",\"ItemPage\"],\"@id\":\"https:\/\/allstarretro.com\/parduotuve\/kolekcionavimas\/volkswagen-1962-classical-bus-t1\/\",\"url\":\"https:\/\/allstarretro.com\/parduotuve\/kolekcionavimas\/volkswagen-1962-classical-bus-t1\/\",\"name\":\"Volkswagen 1962 Classical Bus T1\",\"isPartOf\":{\"@id\":\"https:\/\/allstarretro.com\/#website\"},\"datePublished\":\"2025-01-31T08:56:10+00:00\",\"dateModified\":\"2025-01-31T10:27:13+00:00\",\"breadcrumb\":{\"@id\":\"https:\/\/allstarretro.com\/parduotuve\/kolekcionavimas\/volkswagen-1962-classical-bus-t1\/#breadcrumb\"},\"inLanguage\":\"en-US\",\"potentialAction\":[{\"@type\":\"ReadAction\",\"target\":[\"https:\/\/allstarretro.com\/parduotuve\/kolekcionavimas\/volkswagen-1962-classical-bus-t1\/\"]}]},{\"@type\":\"BreadcrumbList\",\"@id\":\"https:\/\/allstarretro.com\/parduotuve\/kolekcionavimas\/volkswagen-1962-classical-bus-t1\/#breadcrumb\",\"itemListElement\":[{\"@type\":\"ListItem\",\"position\":1,\"name\":\"Home\",\"item\":\"https:\/\/allstarretro.com\/\"},{\"@type\":\"ListItem\",\"position\":2,\"name\":\"Retro Stiliaus Nostalgijos Ir Vinta\u017eo Parduotuv\u0117\",\"item\":\"https:\/\/allstarretro.com\/parduotuve\/\"},{\"@type\":\"ListItem\",\"position\":3,\"name\":\"Volkswagen 1962 Classical Bus T1\"}]},{\"@type\":\"WebSite\",\"@id\":\"https:\/\/allstarretro.com\/#website\",\"url\":\"https:\/\/allstarretro.com\/\",\"name\":\"AllStarRetro\",\"description\":\"Retro Laikotarpio Stiliaus Produktai | AllStarRetro\",\"publisher\":{\"@id\":\"https:\/\/allstarretro.com\/#organization\"},\"alternateName\":\"AllStarRetro\",\"potentialAction\":[{\"@type\":\"SearchAction\",\"target\":{\"@type\":\"EntryPoint\",\"urlTemplate\":\"https:\/\/allstarretro.com\/?s={search_term_string}\"},\"query-input\":\"required name=search_term_string\"}],\"inLanguage\":\"en-US\"},{\"@type\":[\"Organization\",\"Place\",\"Store\"],\"@id\":\"https:\/\/allstarretro.com\/#organization\",\"name\":\"AllStarRetro\",\"alternateName\":\"AllStarRetro\",\"url\":\"https:\/\/allstarretro.com\/\",\"logo\":{\"@id\":\"https:\/\/allstarretro.com\/parduotuve\/kolekcionavimas\/volkswagen-1962-classical-bus-t1\/#local-main-organization-logo\"},\"image\":{\"@id\":\"https:\/\/allstarretro.com\/parduotuve\/kolekcionavimas\/volkswagen-1962-classical-bus-t1\/#local-main-organization-logo\"},\"sameAs\":[\"https:\/\/www.facebook.com\/allstarretroLTU\",\"https:\/\/twitter.com\/allstarretroLTU\"],\"publishingPrinciples\":\"https:\/\/allstarretro.com\/\",\"ownershipFundingInfo\":\"https:\/\/allstarretro.com\/teises-ir-isipareigojimai\/\",\"actionableFeedbackPolicy\":\"https:\/\/allstarretro.com\/privatumo-politika\/\",\"correctionsPolicy\":\"https:\/\/allstarretro.com\/pristatymas-ir-taisykles\/\",\"ethicsPolicy\":\"https:\/\/allstarretro.com\/teises-ir-isipareigojimai\/\",\"diversityPolicy\":\"https:\/\/allstarretro.com\/privatumo-politika\/\",\"diversityStaffingReport\":\"https:\/\/allstarretro.com\/privatumo-politika\/\",\"address\":{\"@id\":\"https:\/\/allstarretro.com\/parduotuve\/kolekcionavimas\/volkswagen-1962-classical-bus-t1\/#local-main-place-address\"},\"geo\":{\"@type\":\"GeoCoordinates\",\"latitude\":\"54.8733071\",\"longitude\":\"23.9494226\"},\"telephone\":[\"+37068673611\"],\"openingHoursSpecification\":[{\"@type\":\"OpeningHoursSpecification\",\"dayOfWeek\":[\"Monday\",\"Tuesday\",\"Wednesday\",\"Thursday\",\"Friday\",\"Saturday\",\"Sunday\"],\"opens\":\"09:00\",\"closes\":\"17:00\"}],\"email\":\"info@allstarretro.com\",\"areaServed\":\"Lithuania\",\"vatID\":\"LT100013495416\",\"priceRange\":\"$$\",\"currenciesAccepted\":\"Euras\",\"paymentAccepted\":\"Visa, mastercard\"},{\"@type\":\"PostalAddress\",\"@id\":\"https:\/\/allstarretro.com\/parduotuve\/kolekcionavimas\/volkswagen-1962-classical-bus-t1\/#local-main-place-address\",\"streetAddress\":\"L.Ivinskio 18a\",\"addressLocality\":\"Kaunas\",\"postalCode\":\"45151\",\"addressRegion\":\"Kaunas\",\"addressCountry\":\"LT\"},{\"@type\":\"ImageObject\",\"inLanguage\":\"en-US\",\"@id\":\"https:\/\/allstarretro.com\/parduotuve\/kolekcionavimas\/volkswagen-1962-classical-bus-t1\/#local-main-organization-logo\",\"url\":\"https:\/\/allstarretro.com\/wp-content\/uploads\/2025\/01\/allstarretro-mini-logo.webp\",\"contentUrl\":\"https:\/\/allstarretro.com\/wp-content\/uploads\/2025\/01\/allstarretro-mini-logo.webp\",\"width\":130,\"height\":130,\"caption\":\"AllStarRetro\"}]}<\/script>\n<meta name=\"geo.placename\" content=\"Kaunas\" \/>\n<meta name=\"geo.position\" content=\"54.8733071;23.9494226\" \/>\n<meta name=\"geo.region\" content=\"Lithuania\" \/>\n<!-- \/ Yoast SEO Premium plugin. -->","yoast_head_json":{"title":"Volkswagen 1962 Classic Bus T1","robots":{"index":"index","follow":"follow","max-snippet":"max-snippet:-1","max-image-preview":"max-image-preview:large","max-video-preview":"max-video-preview:-1"},"canonical":"https:\/\/allstarretro.com\/en\/parduotuve\/collecting\/volkswagen-1962-classical-bus-t1\/","og_locale":"en_US","og_type":"article","og_title":"Volkswagen 1962 Classical Bus T1","og_description":"APIE MA\u0160IN\u0104 Volkswagen 1962 Classical Bus T1. Modelio gamintojas yra WELLY diecast . \u0160is gamintojas gamina labai gra\u017eius automobili\u0173 modelius. Automobiliai atkurti tiksliai ir detaliai, ai\u0161kiai matomos detal\u0117s. Lenkijos platintojas u\u017etikrina, kad modeliai b\u016bt\u0173 nuda\u017eyti originaliais automobili\u0173 da\u017eais. Raginame pasinaudoti pasi\u016blymu. Kokyb\u0117 nustebins Jus! CLASSICAL BUS PRIVALUMAI   Naujas modelis d\u0117\u017eut\u0117 su vitrina.  Automobilis turi atidaromas duris.  Pagaminta i\u0161 metalo, pridedant plastikini\u0173, gumini\u0173 padang\u0173.  Modelis pagamintas 1:34-39 masteliu.","og_url":"https:\/\/allstarretro.com\/en\/parduotuve\/collecting\/volkswagen-1962-classical-bus-t1\/","og_site_name":"AllStarRetro","article_publisher":"https:\/\/www.facebook.com\/allstarretroLTU","article_modified_time":"2025-01-31T10:27:13+00:00","og_image":[{"width":1080,"height":1080,"url":"https:\/\/allstarretro.com\/wp-content\/uploads\/2025\/01\/volkswagen-allstarretro.com_.webp","type":"image\/webp"}],"twitter_card":"summary_large_image","twitter_site":"@allstarretroLTU","twitter_misc":{"Availability":"In stock"},"schema":{"@context":"https:\/\/schema.org","@graph":[{"@type":["WebPage","ItemPage"],"@id":"https:\/\/allstarretro.com\/parduotuve\/kolekcionavimas\/volkswagen-1962-classical-bus-t1\/","url":"https:\/\/allstarretro.com\/parduotuve\/kolekcionavimas\/volkswagen-1962-classical-bus-t1\/","name":"Volkswagen 1962 Classic Bus T1","isPartOf":{"@id":"https:\/\/allstarretro.com\/#website"},"datePublished":"2025-01-31T08:56:10+00:00","dateModified":"2025-01-31T10:27:13+00:00","breadcrumb":{"@id":"https:\/\/allstarretro.com\/parduotuve\/kolekcionavimas\/volkswagen-1962-classical-bus-t1\/#breadcrumb"},"inLanguage":"en-US","potentialAction":[{"@type":"ReadAction","target":["https:\/\/allstarretro.com\/parduotuve\/kolekcionavimas\/volkswagen-1962-classical-bus-t1\/"]}]},{"@type":"BreadcrumbList","@id":"https:\/\/allstarretro.com\/parduotuve\/kolekcionavimas\/volkswagen-1962-classical-bus-t1\/#breadcrumb","itemListElement":[{"@type":"ListItem","position":1,"name":"Home","item":"https:\/\/allstarretro.com\/"},{"@type":"ListItem","position":2,"name":"Retro Stiliaus Nostalgijos Ir Vinta\u017eo Parduotuv\u0117","item":"https:\/\/allstarretro.com\/parduotuve\/"},{"@type":"ListItem","position":3,"name":"Volkswagen 1962 Classical Bus T1"}]},{"@type":"WebSite","@id":"https:\/\/allstarretro.com\/#website","url":"https:\/\/allstarretro.com\/","name":"AllStarRetro","description":"Retro Era Style Products | AllStarRetro","publisher":{"@id":"https:\/\/allstarretro.com\/#organization"},"alternateName":"AllStarRetro","potentialAction":[{"@type":"SearchAction","target":{"@type":"EntryPoint","urlTemplate":"https:\/\/allstarretro.com\/?s={search_term_string}"},"query-input":"required name=search_term_string"}],"inLanguage":"en-US"},{"@type":["Organization","Place","Store"],"@id":"https:\/\/allstarretro.com\/#organization","name":"AllStarRetro","alternateName":"AllStarRetro","url":"https:\/\/allstarretro.com\/","logo":{"@id":"https:\/\/allstarretro.com\/parduotuve\/kolekcionavimas\/volkswagen-1962-classical-bus-t1\/#local-main-organization-logo"},"image":{"@id":"https:\/\/allstarretro.com\/parduotuve\/kolekcionavimas\/volkswagen-1962-classical-bus-t1\/#local-main-organization-logo"},"sameAs":["https:\/\/www.facebook.com\/allstarretroLTU","https:\/\/twitter.com\/allstarretroLTU"],"publishingPrinciples":"https:\/\/allstarretro.com\/","ownershipFundingInfo":"https:\/\/allstarretro.com\/teises-ir-isipareigojimai\/","actionableFeedbackPolicy":"https:\/\/allstarretro.com\/privatumo-politika\/","correctionsPolicy":"https:\/\/allstarretro.com\/pristatymas-ir-taisykles\/","ethicsPolicy":"https:\/\/allstarretro.com\/teises-ir-isipareigojimai\/","diversityPolicy":"https:\/\/allstarretro.com\/privatumo-politika\/","diversityStaffingReport":"https:\/\/allstarretro.com\/privatumo-politika\/","address":{"@id":"https:\/\/allstarretro.com\/parduotuve\/kolekcionavimas\/volkswagen-1962-classical-bus-t1\/#local-main-place-address"},"geo":{"@type":"GeoCoordinates","latitude":"54.8733071","longitude":"23.9494226"},"telephone":["+37068673611"],"openingHoursSpecification":[{"@type":"OpeningHoursSpecification","dayOfWeek":["Monday","Tuesday","Wednesday","Thursday","Friday","Saturday","Sunday"],"opens":"09:00","closes":"17:00"}],"email":"info@allstarretro.com","areaServed":"Lithuania","vatID":"LT100013495416","priceRange":"$$","currenciesAccepted":"Euras","paymentAccepted":"Visa, mastercard"},{"@type":"PostalAddress","@id":"https:\/\/allstarretro.com\/parduotuve\/kolekcionavimas\/volkswagen-1962-classical-bus-t1\/#local-main-place-address","streetAddress":"L.Ivinskio 18a","addressLocality":"Kaunas","postalCode":"45151","addressRegion":"Kaunas","addressCountry":"LT"},{"@type":"ImageObject","inLanguage":"en-US","@id":"https:\/\/allstarretro.com\/parduotuve\/kolekcionavimas\/volkswagen-1962-classical-bus-t1\/#local-main-organization-logo","url":"https:\/\/allstarretro.com\/wp-content\/uploads\/2025\/01\/allstarretro-mini-logo.webp","contentUrl":"https:\/\/allstarretro.com\/wp-content\/uploads\/2025\/01\/allstarretro-mini-logo.webp","width":130,"height":130,"caption":"AllStarRetro"}]},"geo.placename":"Kaunas","geo.position":{"lat":"54.8733071","long":"23.9494226"},"geo.region":"Lithuania"},"_links":{"self":[{"href":"https:\/\/allstarretro.com\/en\/wp-json\/wp\/v2\/product\/33007"}],"collection":[{"href":"https:\/\/allstarretro.com\/en\/wp-json\/wp\/v2\/product"}],"about":[{"href":"https:\/\/allstarretro.com\/en\/wp-json\/wp\/v2\/types\/product"}],"replies":[{"embeddable":true,"href":"https:\/\/allstarretro.com\/en\/wp-json\/wp\/v2\/comments?post=33007"}],"wp:featuredmedia":[{"embeddable":true,"href":"https:\/\/allstarretro.com\/en\/wp-json\/wp\/v2\/media\/32967"}],"wp:attachment":[{"href":"https:\/\/allstarretro.com\/en\/wp-json\/wp\/v2\/media?parent=33007"}],"wp:term":[{"taxonomy":"product_cat","embeddable":true,"href":"https:\/\/allstarretro.com\/en\/wp-json\/wp\/v2\/product_cat?post=33007"},{"taxonomy":"product_tag","embeddable":true,"href":"https:\/\/allstarretro.com\/en\/wp-json\/wp\/v2\/product_tag?post=33007"}],"curies":[{"name":"wp","href":"https:\/\/api.w.org\/{rel}","templated":true}]}}