{"id":33054,"date":"2023-10-06T06:41:47","date_gmt":"2023-10-06T06:41:47","guid":{"rendered":"https:\/\/allstarretro.com\/?post_type=product&#038;p=33054"},"modified":"2025-01-31T10:29:33","modified_gmt":"2025-01-31T10:29:33","slug":"prunus-j-110-radio","status":"publish","type":"product","link":"https:\/\/allstarretro.com\/en\/parduotuve\/technika\/radijos\/prunus-j-110-radija\/","title":{"rendered":"Prunus J-110 Radio"},"content":{"rendered":"","protected":false},"excerpt":{"rendered":"<h2>APIE PRUNUS RADIJ\u0104<\/h2>\n<p>Prunus J-110 &#8211; Radija. Keli maitinimo b\u016bdai: 1) Maitinimas i\u0161 tinklo (\u012ftrauktas tik europieti\u0161kas maitinimo ki\u0161tukas), 2) Radijas su baterija: Integruota 1200 mAh baterija. 3) Naudojamas radijo baterijomis: D tipo baterija. I\u0161imkite D tipo baterijas, kol radijas kraunasi, nes tai gali sudeginti radij\u0105 arba baterijas.<\/p>\n<h2>J-110 PRIVALUMAI<\/h2>\n<ul>\n<li>Puikus pri\u0117mimas: 1) prunus J-110 AM\/SW\/FM pasaulio imtuvo radijas turi galing\u0105 DSP lust\u0105, tod\u0117l jautriau fiksuoja ir fiksuoja si\u0173stuvus; 2) Apvalus derinimo langas su 270 \u00b0 derinimo diapazonu, gali pagerinti derinim\u0105; 3) Metalin\u0117 teleskopin\u0117 antena (iki 50 cm), gali priimti FM ir SW signal\u0105, tod\u0117l signalas tampa stabilesnis.<\/li>\n<li>Klasikinis ir ne\u0161iojamas dizainas: kaip matote, tiesiog pad\u0117kite senovin\u012f retro radijo imtuv\u0105 ant stalo, jo retro i\u0161vaizda tikrai per sekund\u0119 atras senus laikus. D\u0117l ne\u0161iojamojo dyd\u017eio (23 x 15 x 10 cm) ir lengvo svorio (1,23 kg) galite j\u012f pasiimti bet kur ir klausytis radijo ar MP3 fail\u0173 be dideli\u0173 pastang\u0173. Klasikinis radijo retro dizainas taip pat yra geriausia dovana j\u016bs\u0173 Meilei<\/li>\n<li>Puiki muzikos patirtis: 1) M\u016bs\u0173 retro virtuv\u0117s radijas palaiko \u201eflash\u201c USB ir TF kortel\u0119 (0\u201332 GB). Tai rei\u0161kia, kad jis turi papildom\u0105 MP3 funkcij\u0105. 2) Su AUX ir Bluetooth funkcija (10 m). Senovinis Bluetooth radijas gali veikti net kaip telefono ar kompiuterio garsiakalbis. 3) \u012erengtas \u012fmontuotas 5 W magnetinis garsiakalbis, u\u017etikrinantis patikimus gilius \u017eemuosius da\u017enius ir \u0161velnius auk\u0161tus tonus. Pastaba: n\u0117ra ausini\u0173 lizdo ir nepalaikomos \u201eBluetooth\u201c ausin\u0117s)<\/li>\n<li>Lengva naudoti: 1 veiksmas: \u012fjunkite tranzistorin\u012f radij\u0105. 2 veiksmas: nustatykite juostos jungikl\u012f \u012f FM, AM arba SW. Dabar galite ie\u0161koti ir m\u0117gautis m\u0117gstamomis stotimis, kaip norite, naudodami derinimo valdikl\u012f. \u012etaisytas didinamasis stiklas ant ma\u017eo radijo derinimo ranken\u0117l\u0117s padeda tiksliai nustatyti.<\/li>\n<\/ul>","protected":false},"featured_media":33055,"comment_status":"open","ping_status":"closed","template":"","meta":{"inline_featured_image":false},"product_cat":[336,337],"product_tag":[],"class_list":["post-33054","product","type-product","status-publish","has-post-thumbnail","hentry","product_brand-prunus","product_cat-technika","product_cat-radijos"],"acf":[],"yoast_head":"<!-- This site is optimized with the Yoast SEO Premium plugin v21.8 (Yoast SEO v21.8) - https:\/\/yoast.com\/wordpress\/plugins\/seo\/ -->\n<title>Prunus J-110 Radija<\/title>\n<meta name=\"robots\" content=\"index, follow, max-snippet:-1, max-image-preview:large, max-video-preview:-1\" \/>\n<link rel=\"canonical\" href=\"https:\/\/allstarretro.com\/en\/parduotuve\/technique\/radijos\/prunus-j-110-radio\/\" \/>\n<meta property=\"og:locale\" content=\"en_US\" \/>\n<meta property=\"og:type\" content=\"article\" \/>\n<meta property=\"og:title\" content=\"Prunus J-110 Radija\" \/>\n<meta property=\"og:description\" content=\"APIE PRUNUS RADIJ\u0104 Prunus J-110 - Radija. Keli maitinimo b\u016bdai: 1) Maitinimas i\u0161 tinklo (\u012ftrauktas tik europieti\u0161kas maitinimo ki\u0161tukas), 2) Radijas su baterija: Integruota 1200 mAh baterija. 3) Naudojamas radijo baterijomis: D tipo baterija. I\u0161imkite D tipo baterijas, kol radijas kraunasi, nes tai gali sudeginti radij\u0105 arba baterijas. J-110 PRIVALUMAI   Puikus pri\u0117mimas: 1) prunus J-110 AM\/SW\/FM pasaulio imtuvo radijas turi galing\u0105 DSP lust\u0105, tod\u0117l jautriau fiksuoja ir fiksuoja si\u0173stuvus; 2) Apvalus derinimo langas su 270 \u00b0 derinimo diapazonu, gali pagerinti derinim\u0105; 3) Metalin\u0117 teleskopin\u0117 antena (iki 50 cm), gali priimti FM ir SW signal\u0105, tod\u0117l signalas tampa stabilesnis.  Klasikinis ir ne\u0161iojamas dizainas: kaip matote, tiesiog pad\u0117kite senovin\u012f retro radijo imtuv\u0105 ant stalo, jo retro i\u0161vaizda tikrai per sekund\u0119 atras senus laikus. D\u0117l ne\u0161iojamojo dyd\u017eio (23 x 15 x 10 cm) ir lengvo svorio (1,23 kg) galite j\u012f pasiimti bet kur ir klausytis radijo ar MP3 fail\u0173 be dideli\u0173 pastang\u0173. Klasikinis radijo retro dizainas taip pat yra geriausia dovana j\u016bs\u0173 Meilei  Puiki muzikos patirtis: 1) M\u016bs\u0173 retro virtuv\u0117s radijas palaiko \u201eflash\u201c USB ir TF kortel\u0119 (0\u201332 GB). Tai rei\u0161kia, kad jis turi papildom\u0105 MP3 funkcij\u0105. 2) Su AUX ir Bluetooth funkcija (10 m). Senovinis Bluetooth radijas gali veikti net kaip telefono ar kompiuterio garsiakalbis. 3) \u012erengtas \u012fmontuotas 5 W magnetinis garsiakalbis, u\u017etikrinantis patikimus gilius \u017eemuosius da\u017enius ir \u0161velnius auk\u0161tus tonus. Pastaba: n\u0117ra ausini\u0173 lizdo ir nepalaikomos \u201eBluetooth\u201c ausin\u0117s)  Lengva naudoti: 1 veiksmas: \u012fjunkite tranzistorin\u012f radij\u0105. 2 veiksmas: nustatykite juostos jungikl\u012f \u012f FM, AM arba SW. Dabar galite ie\u0161koti ir m\u0117gautis m\u0117gstamomis stotimis, kaip norite, naudodami derinimo valdikl\u012f. \u012etaisytas didinamasis stiklas ant ma\u017eo radijo derinimo ranken\u0117l\u0117s padeda tiksliai nustatyti.\" \/>\n<meta property=\"og:url\" content=\"https:\/\/allstarretro.com\/en\/parduotuve\/technique\/radijos\/prunus-j-110-radio\/\" \/>\n<meta property=\"og:site_name\" content=\"AllStarRetro\" \/>\n<meta property=\"article:publisher\" content=\"https:\/\/www.facebook.com\/allstarretroLTU\" \/>\n<meta property=\"article:modified_time\" content=\"2025-01-31T10:29:33+00:00\" \/>\n<meta property=\"og:image\" content=\"https:\/\/allstarretro.com\/wp-content\/uploads\/2025\/01\/prunus-j-110-radija-allstarretro.com_.jpg\" \/>\n\t<meta property=\"og:image:width\" content=\"1080\" \/>\n\t<meta property=\"og:image:height\" content=\"1080\" \/>\n\t<meta property=\"og:image:type\" content=\"image\/jpeg\" \/>\n<meta name=\"twitter:card\" content=\"summary_large_image\" \/>\n<meta name=\"twitter:site\" content=\"@allstarretroLTU\" \/>\n<meta name=\"twitter:label1\" content=\"Price\" \/>\n\t<meta name=\"twitter:data1\" content=\"65.00&euro; 59.99&euro;\" \/>\n\t<meta name=\"twitter:label2\" content=\"Availability\" \/>\n\t<meta name=\"twitter:data2\" content=\"In stock\" \/>\n<script type=\"application\/ld+json\" class=\"yoast-schema-graph\">{\"@context\":\"https:\/\/schema.org\",\"@graph\":[{\"@type\":[\"WebPage\",\"ItemPage\"],\"@id\":\"https:\/\/allstarretro.com\/parduotuve\/technika\/radijos\/prunus-j-110-radija\/\",\"url\":\"https:\/\/allstarretro.com\/parduotuve\/technika\/radijos\/prunus-j-110-radija\/\",\"name\":\"Prunus J-110 Radija\",\"isPartOf\":{\"@id\":\"https:\/\/allstarretro.com\/#website\"},\"datePublished\":\"2023-10-06T06:41:47+00:00\",\"dateModified\":\"2025-01-31T10:29:33+00:00\",\"breadcrumb\":{\"@id\":\"https:\/\/allstarretro.com\/parduotuve\/technika\/radijos\/prunus-j-110-radija\/#breadcrumb\"},\"inLanguage\":\"en-US\",\"potentialAction\":[{\"@type\":\"ReadAction\",\"target\":[\"https:\/\/allstarretro.com\/parduotuve\/technika\/radijos\/prunus-j-110-radija\/\"]}]},{\"@type\":\"BreadcrumbList\",\"@id\":\"https:\/\/allstarretro.com\/parduotuve\/technika\/radijos\/prunus-j-110-radija\/#breadcrumb\",\"itemListElement\":[{\"@type\":\"ListItem\",\"position\":1,\"name\":\"Home\",\"item\":\"https:\/\/allstarretro.com\/\"},{\"@type\":\"ListItem\",\"position\":2,\"name\":\"Retro Stiliaus Nostalgijos Ir Vinta\u017eo Parduotuv\u0117\",\"item\":\"https:\/\/allstarretro.com\/parduotuve\/\"},{\"@type\":\"ListItem\",\"position\":3,\"name\":\"Prunus J-110 Radija\"}]},{\"@type\":\"WebSite\",\"@id\":\"https:\/\/allstarretro.com\/#website\",\"url\":\"https:\/\/allstarretro.com\/\",\"name\":\"AllStarRetro\",\"description\":\"Retro Laikotarpio Stiliaus Produktai | AllStarRetro\",\"publisher\":{\"@id\":\"https:\/\/allstarretro.com\/#organization\"},\"alternateName\":\"AllStarRetro\",\"potentialAction\":[{\"@type\":\"SearchAction\",\"target\":{\"@type\":\"EntryPoint\",\"urlTemplate\":\"https:\/\/allstarretro.com\/?s={search_term_string}\"},\"query-input\":\"required name=search_term_string\"}],\"inLanguage\":\"en-US\"},{\"@type\":[\"Organization\",\"Place\",\"Store\"],\"@id\":\"https:\/\/allstarretro.com\/#organization\",\"name\":\"AllStarRetro\",\"alternateName\":\"AllStarRetro\",\"url\":\"https:\/\/allstarretro.com\/\",\"logo\":{\"@id\":\"https:\/\/allstarretro.com\/parduotuve\/technika\/radijos\/prunus-j-110-radija\/#local-main-organization-logo\"},\"image\":{\"@id\":\"https:\/\/allstarretro.com\/parduotuve\/technika\/radijos\/prunus-j-110-radija\/#local-main-organization-logo\"},\"sameAs\":[\"https:\/\/www.facebook.com\/allstarretroLTU\",\"https:\/\/twitter.com\/allstarretroLTU\"],\"publishingPrinciples\":\"https:\/\/allstarretro.com\/\",\"ownershipFundingInfo\":\"https:\/\/allstarretro.com\/teises-ir-isipareigojimai\/\",\"actionableFeedbackPolicy\":\"https:\/\/allstarretro.com\/privatumo-politika\/\",\"correctionsPolicy\":\"https:\/\/allstarretro.com\/pristatymas-ir-taisykles\/\",\"ethicsPolicy\":\"https:\/\/allstarretro.com\/teises-ir-isipareigojimai\/\",\"diversityPolicy\":\"https:\/\/allstarretro.com\/privatumo-politika\/\",\"diversityStaffingReport\":\"https:\/\/allstarretro.com\/privatumo-politika\/\",\"address\":{\"@id\":\"https:\/\/allstarretro.com\/parduotuve\/technika\/radijos\/prunus-j-110-radija\/#local-main-place-address\"},\"geo\":{\"@type\":\"GeoCoordinates\",\"latitude\":\"54.8733071\",\"longitude\":\"23.9494226\"},\"telephone\":[\"+37068673611\"],\"openingHoursSpecification\":[{\"@type\":\"OpeningHoursSpecification\",\"dayOfWeek\":[\"Monday\",\"Tuesday\",\"Wednesday\",\"Thursday\",\"Friday\",\"Saturday\",\"Sunday\"],\"opens\":\"09:00\",\"closes\":\"17:00\"}],\"email\":\"info@allstarretro.com\",\"areaServed\":\"Lithuania\",\"vatID\":\"LT100013495416\",\"priceRange\":\"$$\",\"currenciesAccepted\":\"Euras\",\"paymentAccepted\":\"Visa, mastercard\"},{\"@type\":\"PostalAddress\",\"@id\":\"https:\/\/allstarretro.com\/parduotuve\/technika\/radijos\/prunus-j-110-radija\/#local-main-place-address\",\"streetAddress\":\"L.Ivinskio 18a\",\"addressLocality\":\"Kaunas\",\"postalCode\":\"45151\",\"addressRegion\":\"Kaunas\",\"addressCountry\":\"LT\"},{\"@type\":\"ImageObject\",\"inLanguage\":\"en-US\",\"@id\":\"https:\/\/allstarretro.com\/parduotuve\/technika\/radijos\/prunus-j-110-radija\/#local-main-organization-logo\",\"url\":\"https:\/\/allstarretro.com\/wp-content\/uploads\/2025\/01\/allstarretro-mini-logo.webp\",\"contentUrl\":\"https:\/\/allstarretro.com\/wp-content\/uploads\/2025\/01\/allstarretro-mini-logo.webp\",\"width\":130,\"height\":130,\"caption\":\"AllStarRetro\"}]}<\/script>\n<meta name=\"geo.placename\" content=\"Kaunas\" \/>\n<meta name=\"geo.position\" content=\"54.8733071;23.9494226\" \/>\n<meta name=\"geo.region\" content=\"Lithuania\" \/>\n<!-- \/ Yoast SEO Premium plugin. -->","yoast_head_json":{"title":"Prunus J-110 Radio","robots":{"index":"index","follow":"follow","max-snippet":"max-snippet:-1","max-image-preview":"max-image-preview:large","max-video-preview":"max-video-preview:-1"},"canonical":"https:\/\/allstarretro.com\/en\/parduotuve\/technique\/radijos\/prunus-j-110-radio\/","og_locale":"en_US","og_type":"article","og_title":"Prunus J-110 Radija","og_description":"APIE PRUNUS RADIJ\u0104 Prunus J-110 - Radija. Keli maitinimo b\u016bdai: 1) Maitinimas i\u0161 tinklo (\u012ftrauktas tik europieti\u0161kas maitinimo ki\u0161tukas), 2) Radijas su baterija: Integruota 1200 mAh baterija. 3) Naudojamas radijo baterijomis: D tipo baterija. I\u0161imkite D tipo baterijas, kol radijas kraunasi, nes tai gali sudeginti radij\u0105 arba baterijas. J-110 PRIVALUMAI   Puikus pri\u0117mimas: 1) prunus J-110 AM\/SW\/FM pasaulio imtuvo radijas turi galing\u0105 DSP lust\u0105, tod\u0117l jautriau fiksuoja ir fiksuoja si\u0173stuvus; 2) Apvalus derinimo langas su 270 \u00b0 derinimo diapazonu, gali pagerinti derinim\u0105; 3) Metalin\u0117 teleskopin\u0117 antena (iki 50 cm), gali priimti FM ir SW signal\u0105, tod\u0117l signalas tampa stabilesnis.  Klasikinis ir ne\u0161iojamas dizainas: kaip matote, tiesiog pad\u0117kite senovin\u012f retro radijo imtuv\u0105 ant stalo, jo retro i\u0161vaizda tikrai per sekund\u0119 atras senus laikus. D\u0117l ne\u0161iojamojo dyd\u017eio (23 x 15 x 10 cm) ir lengvo svorio (1,23 kg) galite j\u012f pasiimti bet kur ir klausytis radijo ar MP3 fail\u0173 be dideli\u0173 pastang\u0173. Klasikinis radijo retro dizainas taip pat yra geriausia dovana j\u016bs\u0173 Meilei  Puiki muzikos patirtis: 1) M\u016bs\u0173 retro virtuv\u0117s radijas palaiko \u201eflash\u201c USB ir TF kortel\u0119 (0\u201332 GB). Tai rei\u0161kia, kad jis turi papildom\u0105 MP3 funkcij\u0105. 2) Su AUX ir Bluetooth funkcija (10 m). Senovinis Bluetooth radijas gali veikti net kaip telefono ar kompiuterio garsiakalbis. 3) \u012erengtas \u012fmontuotas 5 W magnetinis garsiakalbis, u\u017etikrinantis patikimus gilius \u017eemuosius da\u017enius ir \u0161velnius auk\u0161tus tonus. Pastaba: n\u0117ra ausini\u0173 lizdo ir nepalaikomos \u201eBluetooth\u201c ausin\u0117s)  Lengva naudoti: 1 veiksmas: \u012fjunkite tranzistorin\u012f radij\u0105. 2 veiksmas: nustatykite juostos jungikl\u012f \u012f FM, AM arba SW. Dabar galite ie\u0161koti ir m\u0117gautis m\u0117gstamomis stotimis, kaip norite, naudodami derinimo valdikl\u012f. \u012etaisytas didinamasis stiklas ant ma\u017eo radijo derinimo ranken\u0117l\u0117s padeda tiksliai nustatyti.","og_url":"https:\/\/allstarretro.com\/en\/parduotuve\/technique\/radijos\/prunus-j-110-radio\/","og_site_name":"AllStarRetro","article_publisher":"https:\/\/www.facebook.com\/allstarretroLTU","article_modified_time":"2025-01-31T10:29:33+00:00","og_image":[{"width":1080,"height":1080,"url":"https:\/\/allstarretro.com\/wp-content\/uploads\/2025\/01\/prunus-j-110-radija-allstarretro.com_.jpg","type":"image\/jpeg"}],"twitter_card":"summary_large_image","twitter_site":"@allstarretroLTU","twitter_misc":{"Price":"65.00&euro; 59.99&euro;","Availability":"In stock"},"schema":{"@context":"https:\/\/schema.org","@graph":[{"@type":["WebPage","ItemPage"],"@id":"https:\/\/allstarretro.com\/parduotuve\/technika\/radijos\/prunus-j-110-radija\/","url":"https:\/\/allstarretro.com\/parduotuve\/technika\/radijos\/prunus-j-110-radija\/","name":"Prunus J-110 Radio","isPartOf":{"@id":"https:\/\/allstarretro.com\/#website"},"datePublished":"2023-10-06T06:41:47+00:00","dateModified":"2025-01-31T10:29:33+00:00","breadcrumb":{"@id":"https:\/\/allstarretro.com\/parduotuve\/technika\/radijos\/prunus-j-110-radija\/#breadcrumb"},"inLanguage":"en-US","potentialAction":[{"@type":"ReadAction","target":["https:\/\/allstarretro.com\/parduotuve\/technika\/radijos\/prunus-j-110-radija\/"]}]},{"@type":"BreadcrumbList","@id":"https:\/\/allstarretro.com\/parduotuve\/technika\/radijos\/prunus-j-110-radija\/#breadcrumb","itemListElement":[{"@type":"ListItem","position":1,"name":"Home","item":"https:\/\/allstarretro.com\/"},{"@type":"ListItem","position":2,"name":"Retro Stiliaus Nostalgijos Ir Vinta\u017eo Parduotuv\u0117","item":"https:\/\/allstarretro.com\/parduotuve\/"},{"@type":"ListItem","position":3,"name":"Prunus J-110 Radija"}]},{"@type":"WebSite","@id":"https:\/\/allstarretro.com\/#website","url":"https:\/\/allstarretro.com\/","name":"AllStarRetro","description":"Retro Era Style Products | AllStarRetro","publisher":{"@id":"https:\/\/allstarretro.com\/#organization"},"alternateName":"AllStarRetro","potentialAction":[{"@type":"SearchAction","target":{"@type":"EntryPoint","urlTemplate":"https:\/\/allstarretro.com\/?s={search_term_string}"},"query-input":"required name=search_term_string"}],"inLanguage":"en-US"},{"@type":["Organization","Place","Store"],"@id":"https:\/\/allstarretro.com\/#organization","name":"AllStarRetro","alternateName":"AllStarRetro","url":"https:\/\/allstarretro.com\/","logo":{"@id":"https:\/\/allstarretro.com\/parduotuve\/technika\/radijos\/prunus-j-110-radija\/#local-main-organization-logo"},"image":{"@id":"https:\/\/allstarretro.com\/parduotuve\/technika\/radijos\/prunus-j-110-radija\/#local-main-organization-logo"},"sameAs":["https:\/\/www.facebook.com\/allstarretroLTU","https:\/\/twitter.com\/allstarretroLTU"],"publishingPrinciples":"https:\/\/allstarretro.com\/","ownershipFundingInfo":"https:\/\/allstarretro.com\/teises-ir-isipareigojimai\/","actionableFeedbackPolicy":"https:\/\/allstarretro.com\/privatumo-politika\/","correctionsPolicy":"https:\/\/allstarretro.com\/pristatymas-ir-taisykles\/","ethicsPolicy":"https:\/\/allstarretro.com\/teises-ir-isipareigojimai\/","diversityPolicy":"https:\/\/allstarretro.com\/privatumo-politika\/","diversityStaffingReport":"https:\/\/allstarretro.com\/privatumo-politika\/","address":{"@id":"https:\/\/allstarretro.com\/parduotuve\/technika\/radijos\/prunus-j-110-radija\/#local-main-place-address"},"geo":{"@type":"GeoCoordinates","latitude":"54.8733071","longitude":"23.9494226"},"telephone":["+37068673611"],"openingHoursSpecification":[{"@type":"OpeningHoursSpecification","dayOfWeek":["Monday","Tuesday","Wednesday","Thursday","Friday","Saturday","Sunday"],"opens":"09:00","closes":"17:00"}],"email":"info@allstarretro.com","areaServed":"Lithuania","vatID":"LT100013495416","priceRange":"$$","currenciesAccepted":"Euras","paymentAccepted":"Visa, mastercard"},{"@type":"PostalAddress","@id":"https:\/\/allstarretro.com\/parduotuve\/technika\/radijos\/prunus-j-110-radija\/#local-main-place-address","streetAddress":"L.Ivinskio 18a","addressLocality":"Kaunas","postalCode":"45151","addressRegion":"Kaunas","addressCountry":"LT"},{"@type":"ImageObject","inLanguage":"en-US","@id":"https:\/\/allstarretro.com\/parduotuve\/technika\/radijos\/prunus-j-110-radija\/#local-main-organization-logo","url":"https:\/\/allstarretro.com\/wp-content\/uploads\/2025\/01\/allstarretro-mini-logo.webp","contentUrl":"https:\/\/allstarretro.com\/wp-content\/uploads\/2025\/01\/allstarretro-mini-logo.webp","width":130,"height":130,"caption":"AllStarRetro"}]},"geo.placename":"Kaunas","geo.position":{"lat":"54.8733071","long":"23.9494226"},"geo.region":"Lithuania"},"_links":{"self":[{"href":"https:\/\/allstarretro.com\/en\/wp-json\/wp\/v2\/product\/33054"}],"collection":[{"href":"https:\/\/allstarretro.com\/en\/wp-json\/wp\/v2\/product"}],"about":[{"href":"https:\/\/allstarretro.com\/en\/wp-json\/wp\/v2\/types\/product"}],"replies":[{"embeddable":true,"href":"https:\/\/allstarretro.com\/en\/wp-json\/wp\/v2\/comments?post=33054"}],"wp:featuredmedia":[{"embeddable":true,"href":"https:\/\/allstarretro.com\/en\/wp-json\/wp\/v2\/media\/33055"}],"wp:attachment":[{"href":"https:\/\/allstarretro.com\/en\/wp-json\/wp\/v2\/media?parent=33054"}],"wp:term":[{"taxonomy":"product_cat","embeddable":true,"href":"https:\/\/allstarretro.com\/en\/wp-json\/wp\/v2\/product_cat?post=33054"},{"taxonomy":"product_tag","embeddable":true,"href":"https:\/\/allstarretro.com\/en\/wp-json\/wp\/v2\/product_tag?post=33054"}],"curies":[{"name":"wp","href":"https:\/\/api.w.org\/{rel}","templated":true}]}}