{"id":33071,"date":"2023-10-25T10:32:38","date_gmt":"2023-10-25T10:32:38","guid":{"rendered":"https:\/\/allstarretro.com\/?post_type=product&#038;p=33071"},"modified":"2025-01-31T10:27:13","modified_gmt":"2025-01-31T10:27:13","slug":"rokr-wooden-puzzle-steam-locomotive","status":"publish","type":"product","link":"https:\/\/allstarretro.com\/en\/parduotuve\/zaidimai\/rokr-wooden-puzzle-steam-locomotive\/","title":{"rendered":"ROKR Wooden Puzzle Steam Locomotive"},"content":{"rendered":"","protected":false},"excerpt":{"rendered":"<h2>APIE MA\u0160IN\u0104<\/h2>\n<p>ROKR Wooden Puzzle Steam Locomotive &#8211; 3D automobili\u0173 medin\u0117 d\u0117lion\u0117. M\u016bs\u0173 3D medin\u0117 d\u0117lion\u0117 pagaminta i\u0161 patvarios faneros. Su puikia in\u017einerija ir auk\u0161tos kokyb\u0117s gamybos procesu. Visos dalys yra labai tiksliai nupjautos lazeriu, ta\u010diau kai kurios yra tokios ma\u017eos, kad norint jas i\u0161stumti i\u0161 sandaraus r\u0117mo, reikia ma\u017e\u0173 pir\u0161t\u0173 arba mink\u0161to \u012frankio.<\/p>\n<h2>PUZZLE BENEFITS<\/h2>\n<ul>\n<li>Lengva surinkti &#8211; Gyvas angl\u0173 kalbos vadovas su nuosekliomis instrukcijomis, nereikia joki\u0173 \u012franki\u0173 ir klij\u0173. Galite lengvai sekti instrukcijas angl\u0173 kalba. Kantryb\u0117 ir pasitik\u0117jimas yra b\u016btini veiksniai norint u\u017ebaigti mechanin\u012f model\u012f.<\/li>\n<li>T\u0117v\u0173 ir vaik\u0173 \u017eaislas. Tinka suaugusiems ir vaikams. Pagerinti t\u0117v\u0173 ir vaik\u0173 bendravim\u0105. Pateikite pramogas.<\/li>\n<li>Nuostabi dovana. Tai ideali ir k\u016brybinga dovana nustebinti draugus, \u0161eimas, gimtadienio \/ Kal\u0117d\u0173 proga. Puikus pasirinkimas tiems, kurie m\u0117gsta \u201epasidaryk pats\u201c.<\/li>\n<\/ul>","protected":false},"featured_media":33072,"comment_status":"open","ping_status":"closed","template":"","meta":{"inline_featured_image":false},"product_cat":[339,340,342],"product_tag":[],"class_list":["post-33071","product","type-product","status-publish","has-post-thumbnail","hentry","product_brand-rokr","product_cat-zaidimai","product_cat-namu-interjeras","product_cat-kolekcionavimas"],"acf":[],"yoast_head":"<!-- This site is optimized with the Yoast SEO Premium plugin v21.8 (Yoast SEO v21.8) - https:\/\/yoast.com\/wordpress\/plugins\/seo\/ -->\n<title>ROKR Wooden Puzzle Steam Locomotive<\/title>\n<meta name=\"robots\" content=\"index, follow, max-snippet:-1, max-image-preview:large, max-video-preview:-1\" \/>\n<link rel=\"canonical\" href=\"https:\/\/allstarretro.com\/en\/parduotuve\/games\/rokr-wooden-puzzle-steam-locomotive\/\" \/>\n<meta property=\"og:locale\" content=\"en_US\" \/>\n<meta property=\"og:type\" content=\"article\" \/>\n<meta property=\"og:title\" content=\"ROKR Wooden Puzzle Steam Locomotive\" \/>\n<meta property=\"og:description\" content=\"APIE MA\u0160IN\u0104 ROKR Wooden Puzzle Steam Locomotive - 3D automobili\u0173 medin\u0117 d\u0117lion\u0117. M\u016bs\u0173 3D medin\u0117 d\u0117lion\u0117 pagaminta i\u0161 patvarios faneros. Su puikia in\u017einerija ir auk\u0161tos kokyb\u0117s gamybos procesu. Visos dalys yra labai tiksliai nupjautos lazeriu, ta\u010diau kai kurios yra tokios ma\u017eos, kad norint jas i\u0161stumti i\u0161 sandaraus r\u0117mo, reikia ma\u017e\u0173 pir\u0161t\u0173 arba mink\u0161to \u012frankio. PUZL\u0116S PRIVALUMAI   Lengva surinkti - Gyvas angl\u0173 kalbos vadovas su nuosekliomis instrukcijomis, nereikia joki\u0173 \u012franki\u0173 ir klij\u0173. Galite lengvai sekti instrukcijas angl\u0173 kalba. Kantryb\u0117 ir pasitik\u0117jimas yra b\u016btini veiksniai norint u\u017ebaigti mechanin\u012f model\u012f.  T\u0117v\u0173 ir vaik\u0173 \u017eaislas. Tinka suaugusiems ir vaikams. Pagerinti t\u0117v\u0173 ir vaik\u0173 bendravim\u0105. Pateikite pramogas.  Nuostabi dovana. Tai ideali ir k\u016brybinga dovana nustebinti draugus, \u0161eimas, gimtadienio \/ Kal\u0117d\u0173 proga. Puikus pasirinkimas tiems, kurie m\u0117gsta \u201epasidaryk pats\u201c.\" \/>\n<meta property=\"og:url\" content=\"https:\/\/allstarretro.com\/en\/parduotuve\/games\/rokr-wooden-puzzle-steam-locomotive\/\" \/>\n<meta property=\"og:site_name\" content=\"AllStarRetro\" \/>\n<meta property=\"article:publisher\" content=\"https:\/\/www.facebook.com\/allstarretroLTU\" \/>\n<meta property=\"article:modified_time\" content=\"2025-01-31T10:27:13+00:00\" \/>\n<meta property=\"og:image\" content=\"https:\/\/allstarretro.com\/wp-content\/uploads\/2025\/01\/medinuke-masinuke.webp\" \/>\n\t<meta property=\"og:image:width\" content=\"1080\" \/>\n\t<meta property=\"og:image:height\" content=\"1080\" \/>\n\t<meta property=\"og:image:type\" content=\"image\/webp\" \/>\n<meta name=\"twitter:card\" content=\"summary_large_image\" \/>\n<meta name=\"twitter:site\" content=\"@allstarretroLTU\" \/>\n<meta name=\"twitter:label1\" content=\"Price\" \/>\n\t<meta name=\"twitter:data1\" content=\"49.99&euro;\" \/>\n\t<meta name=\"twitter:label2\" content=\"Availability\" \/>\n\t<meta name=\"twitter:data2\" content=\"In stock\" \/>\n<script type=\"application\/ld+json\" class=\"yoast-schema-graph\">{\"@context\":\"https:\/\/schema.org\",\"@graph\":[{\"@type\":[\"WebPage\",\"ItemPage\"],\"@id\":\"https:\/\/allstarretro.com\/parduotuve\/zaidimai\/rokr-wooden-puzzle-steam-locomotive\/\",\"url\":\"https:\/\/allstarretro.com\/parduotuve\/zaidimai\/rokr-wooden-puzzle-steam-locomotive\/\",\"name\":\"ROKR Wooden Puzzle Steam Locomotive\",\"isPartOf\":{\"@id\":\"https:\/\/allstarretro.com\/#website\"},\"datePublished\":\"2023-10-25T10:32:38+00:00\",\"dateModified\":\"2025-01-31T10:27:13+00:00\",\"breadcrumb\":{\"@id\":\"https:\/\/allstarretro.com\/parduotuve\/zaidimai\/rokr-wooden-puzzle-steam-locomotive\/#breadcrumb\"},\"inLanguage\":\"en-US\",\"potentialAction\":[{\"@type\":\"ReadAction\",\"target\":[\"https:\/\/allstarretro.com\/parduotuve\/zaidimai\/rokr-wooden-puzzle-steam-locomotive\/\"]}]},{\"@type\":\"BreadcrumbList\",\"@id\":\"https:\/\/allstarretro.com\/parduotuve\/zaidimai\/rokr-wooden-puzzle-steam-locomotive\/#breadcrumb\",\"itemListElement\":[{\"@type\":\"ListItem\",\"position\":1,\"name\":\"Home\",\"item\":\"https:\/\/allstarretro.com\/\"},{\"@type\":\"ListItem\",\"position\":2,\"name\":\"Retro Stiliaus Nostalgijos Ir Vinta\u017eo Parduotuv\u0117\",\"item\":\"https:\/\/allstarretro.com\/parduotuve\/\"},{\"@type\":\"ListItem\",\"position\":3,\"name\":\"ROKR Wooden Puzzle Steam Locomotive\"}]},{\"@type\":\"WebSite\",\"@id\":\"https:\/\/allstarretro.com\/#website\",\"url\":\"https:\/\/allstarretro.com\/\",\"name\":\"AllStarRetro\",\"description\":\"Retro Laikotarpio Stiliaus Produktai | AllStarRetro\",\"publisher\":{\"@id\":\"https:\/\/allstarretro.com\/#organization\"},\"alternateName\":\"AllStarRetro\",\"potentialAction\":[{\"@type\":\"SearchAction\",\"target\":{\"@type\":\"EntryPoint\",\"urlTemplate\":\"https:\/\/allstarretro.com\/?s={search_term_string}\"},\"query-input\":\"required name=search_term_string\"}],\"inLanguage\":\"en-US\"},{\"@type\":[\"Organization\",\"Place\",\"Store\"],\"@id\":\"https:\/\/allstarretro.com\/#organization\",\"name\":\"AllStarRetro\",\"alternateName\":\"AllStarRetro\",\"url\":\"https:\/\/allstarretro.com\/\",\"logo\":{\"@id\":\"https:\/\/allstarretro.com\/parduotuve\/zaidimai\/rokr-wooden-puzzle-steam-locomotive\/#local-main-organization-logo\"},\"image\":{\"@id\":\"https:\/\/allstarretro.com\/parduotuve\/zaidimai\/rokr-wooden-puzzle-steam-locomotive\/#local-main-organization-logo\"},\"sameAs\":[\"https:\/\/www.facebook.com\/allstarretroLTU\",\"https:\/\/twitter.com\/allstarretroLTU\"],\"publishingPrinciples\":\"https:\/\/allstarretro.com\/\",\"ownershipFundingInfo\":\"https:\/\/allstarretro.com\/teises-ir-isipareigojimai\/\",\"actionableFeedbackPolicy\":\"https:\/\/allstarretro.com\/privatumo-politika\/\",\"correctionsPolicy\":\"https:\/\/allstarretro.com\/pristatymas-ir-taisykles\/\",\"ethicsPolicy\":\"https:\/\/allstarretro.com\/teises-ir-isipareigojimai\/\",\"diversityPolicy\":\"https:\/\/allstarretro.com\/privatumo-politika\/\",\"diversityStaffingReport\":\"https:\/\/allstarretro.com\/privatumo-politika\/\",\"address\":{\"@id\":\"https:\/\/allstarretro.com\/parduotuve\/zaidimai\/rokr-wooden-puzzle-steam-locomotive\/#local-main-place-address\"},\"geo\":{\"@type\":\"GeoCoordinates\",\"latitude\":\"54.8733071\",\"longitude\":\"23.9494226\"},\"telephone\":[\"+37068673611\"],\"openingHoursSpecification\":[{\"@type\":\"OpeningHoursSpecification\",\"dayOfWeek\":[\"Monday\",\"Tuesday\",\"Wednesday\",\"Thursday\",\"Friday\",\"Saturday\",\"Sunday\"],\"opens\":\"09:00\",\"closes\":\"17:00\"}],\"email\":\"info@allstarretro.com\",\"areaServed\":\"Lithuania\",\"vatID\":\"LT100013495416\",\"priceRange\":\"$$\",\"currenciesAccepted\":\"Euras\",\"paymentAccepted\":\"Visa, mastercard\"},{\"@type\":\"PostalAddress\",\"@id\":\"https:\/\/allstarretro.com\/parduotuve\/zaidimai\/rokr-wooden-puzzle-steam-locomotive\/#local-main-place-address\",\"streetAddress\":\"L.Ivinskio 18a\",\"addressLocality\":\"Kaunas\",\"postalCode\":\"45151\",\"addressRegion\":\"Kaunas\",\"addressCountry\":\"LT\"},{\"@type\":\"ImageObject\",\"inLanguage\":\"en-US\",\"@id\":\"https:\/\/allstarretro.com\/parduotuve\/zaidimai\/rokr-wooden-puzzle-steam-locomotive\/#local-main-organization-logo\",\"url\":\"https:\/\/allstarretro.com\/wp-content\/uploads\/2025\/01\/allstarretro-mini-logo.webp\",\"contentUrl\":\"https:\/\/allstarretro.com\/wp-content\/uploads\/2025\/01\/allstarretro-mini-logo.webp\",\"width\":130,\"height\":130,\"caption\":\"AllStarRetro\"}]}<\/script>\n<meta name=\"geo.placename\" content=\"Kaunas\" \/>\n<meta name=\"geo.position\" content=\"54.8733071;23.9494226\" \/>\n<meta name=\"geo.region\" content=\"Lithuania\" \/>\n<!-- \/ Yoast SEO Premium plugin. -->","yoast_head_json":{"title":"ROKR Wooden Puzzle Steam Locomotive","robots":{"index":"index","follow":"follow","max-snippet":"max-snippet:-1","max-image-preview":"max-image-preview:large","max-video-preview":"max-video-preview:-1"},"canonical":"https:\/\/allstarretro.com\/en\/parduotuve\/games\/rokr-wooden-puzzle-steam-locomotive\/","og_locale":"en_US","og_type":"article","og_title":"ROKR Wooden Puzzle Steam Locomotive","og_description":"APIE MA\u0160IN\u0104 ROKR Wooden Puzzle Steam Locomotive - 3D automobili\u0173 medin\u0117 d\u0117lion\u0117. M\u016bs\u0173 3D medin\u0117 d\u0117lion\u0117 pagaminta i\u0161 patvarios faneros. Su puikia in\u017einerija ir auk\u0161tos kokyb\u0117s gamybos procesu. Visos dalys yra labai tiksliai nupjautos lazeriu, ta\u010diau kai kurios yra tokios ma\u017eos, kad norint jas i\u0161stumti i\u0161 sandaraus r\u0117mo, reikia ma\u017e\u0173 pir\u0161t\u0173 arba mink\u0161to \u012frankio. PUZL\u0116S PRIVALUMAI   Lengva surinkti - Gyvas angl\u0173 kalbos vadovas su nuosekliomis instrukcijomis, nereikia joki\u0173 \u012franki\u0173 ir klij\u0173. Galite lengvai sekti instrukcijas angl\u0173 kalba. Kantryb\u0117 ir pasitik\u0117jimas yra b\u016btini veiksniai norint u\u017ebaigti mechanin\u012f model\u012f.  T\u0117v\u0173 ir vaik\u0173 \u017eaislas. Tinka suaugusiems ir vaikams. Pagerinti t\u0117v\u0173 ir vaik\u0173 bendravim\u0105. Pateikite pramogas.  Nuostabi dovana. Tai ideali ir k\u016brybinga dovana nustebinti draugus, \u0161eimas, gimtadienio \/ Kal\u0117d\u0173 proga. Puikus pasirinkimas tiems, kurie m\u0117gsta \u201epasidaryk pats\u201c.","og_url":"https:\/\/allstarretro.com\/en\/parduotuve\/games\/rokr-wooden-puzzle-steam-locomotive\/","og_site_name":"AllStarRetro","article_publisher":"https:\/\/www.facebook.com\/allstarretroLTU","article_modified_time":"2025-01-31T10:27:13+00:00","og_image":[{"width":1080,"height":1080,"url":"https:\/\/allstarretro.com\/wp-content\/uploads\/2025\/01\/medinuke-masinuke.webp","type":"image\/webp"}],"twitter_card":"summary_large_image","twitter_site":"@allstarretroLTU","twitter_misc":{"Price":"49.99&euro;","Availability":"In stock"},"schema":{"@context":"https:\/\/schema.org","@graph":[{"@type":["WebPage","ItemPage"],"@id":"https:\/\/allstarretro.com\/parduotuve\/zaidimai\/rokr-wooden-puzzle-steam-locomotive\/","url":"https:\/\/allstarretro.com\/parduotuve\/zaidimai\/rokr-wooden-puzzle-steam-locomotive\/","name":"ROKR Wooden Puzzle Steam Locomotive","isPartOf":{"@id":"https:\/\/allstarretro.com\/#website"},"datePublished":"2023-10-25T10:32:38+00:00","dateModified":"2025-01-31T10:27:13+00:00","breadcrumb":{"@id":"https:\/\/allstarretro.com\/parduotuve\/zaidimai\/rokr-wooden-puzzle-steam-locomotive\/#breadcrumb"},"inLanguage":"en-US","potentialAction":[{"@type":"ReadAction","target":["https:\/\/allstarretro.com\/parduotuve\/zaidimai\/rokr-wooden-puzzle-steam-locomotive\/"]}]},{"@type":"BreadcrumbList","@id":"https:\/\/allstarretro.com\/parduotuve\/zaidimai\/rokr-wooden-puzzle-steam-locomotive\/#breadcrumb","itemListElement":[{"@type":"ListItem","position":1,"name":"Home","item":"https:\/\/allstarretro.com\/"},{"@type":"ListItem","position":2,"name":"Retro Stiliaus Nostalgijos Ir Vinta\u017eo Parduotuv\u0117","item":"https:\/\/allstarretro.com\/parduotuve\/"},{"@type":"ListItem","position":3,"name":"ROKR Wooden Puzzle Steam Locomotive"}]},{"@type":"WebSite","@id":"https:\/\/allstarretro.com\/#website","url":"https:\/\/allstarretro.com\/","name":"AllStarRetro","description":"Retro Era Style Products | AllStarRetro","publisher":{"@id":"https:\/\/allstarretro.com\/#organization"},"alternateName":"AllStarRetro","potentialAction":[{"@type":"SearchAction","target":{"@type":"EntryPoint","urlTemplate":"https:\/\/allstarretro.com\/?s={search_term_string}"},"query-input":"required name=search_term_string"}],"inLanguage":"en-US"},{"@type":["Organization","Place","Store"],"@id":"https:\/\/allstarretro.com\/#organization","name":"AllStarRetro","alternateName":"AllStarRetro","url":"https:\/\/allstarretro.com\/","logo":{"@id":"https:\/\/allstarretro.com\/parduotuve\/zaidimai\/rokr-wooden-puzzle-steam-locomotive\/#local-main-organization-logo"},"image":{"@id":"https:\/\/allstarretro.com\/parduotuve\/zaidimai\/rokr-wooden-puzzle-steam-locomotive\/#local-main-organization-logo"},"sameAs":["https:\/\/www.facebook.com\/allstarretroLTU","https:\/\/twitter.com\/allstarretroLTU"],"publishingPrinciples":"https:\/\/allstarretro.com\/","ownershipFundingInfo":"https:\/\/allstarretro.com\/teises-ir-isipareigojimai\/","actionableFeedbackPolicy":"https:\/\/allstarretro.com\/privatumo-politika\/","correctionsPolicy":"https:\/\/allstarretro.com\/pristatymas-ir-taisykles\/","ethicsPolicy":"https:\/\/allstarretro.com\/teises-ir-isipareigojimai\/","diversityPolicy":"https:\/\/allstarretro.com\/privatumo-politika\/","diversityStaffingReport":"https:\/\/allstarretro.com\/privatumo-politika\/","address":{"@id":"https:\/\/allstarretro.com\/parduotuve\/zaidimai\/rokr-wooden-puzzle-steam-locomotive\/#local-main-place-address"},"geo":{"@type":"GeoCoordinates","latitude":"54.8733071","longitude":"23.9494226"},"telephone":["+37068673611"],"openingHoursSpecification":[{"@type":"OpeningHoursSpecification","dayOfWeek":["Monday","Tuesday","Wednesday","Thursday","Friday","Saturday","Sunday"],"opens":"09:00","closes":"17:00"}],"email":"info@allstarretro.com","areaServed":"Lithuania","vatID":"LT100013495416","priceRange":"$$","currenciesAccepted":"Euras","paymentAccepted":"Visa, mastercard"},{"@type":"PostalAddress","@id":"https:\/\/allstarretro.com\/parduotuve\/zaidimai\/rokr-wooden-puzzle-steam-locomotive\/#local-main-place-address","streetAddress":"L.Ivinskio 18a","addressLocality":"Kaunas","postalCode":"45151","addressRegion":"Kaunas","addressCountry":"LT"},{"@type":"ImageObject","inLanguage":"en-US","@id":"https:\/\/allstarretro.com\/parduotuve\/zaidimai\/rokr-wooden-puzzle-steam-locomotive\/#local-main-organization-logo","url":"https:\/\/allstarretro.com\/wp-content\/uploads\/2025\/01\/allstarretro-mini-logo.webp","contentUrl":"https:\/\/allstarretro.com\/wp-content\/uploads\/2025\/01\/allstarretro-mini-logo.webp","width":130,"height":130,"caption":"AllStarRetro"}]},"geo.placename":"Kaunas","geo.position":{"lat":"54.8733071","long":"23.9494226"},"geo.region":"Lithuania"},"_links":{"self":[{"href":"https:\/\/allstarretro.com\/en\/wp-json\/wp\/v2\/product\/33071"}],"collection":[{"href":"https:\/\/allstarretro.com\/en\/wp-json\/wp\/v2\/product"}],"about":[{"href":"https:\/\/allstarretro.com\/en\/wp-json\/wp\/v2\/types\/product"}],"replies":[{"embeddable":true,"href":"https:\/\/allstarretro.com\/en\/wp-json\/wp\/v2\/comments?post=33071"}],"wp:featuredmedia":[{"embeddable":true,"href":"https:\/\/allstarretro.com\/en\/wp-json\/wp\/v2\/media\/33072"}],"wp:attachment":[{"href":"https:\/\/allstarretro.com\/en\/wp-json\/wp\/v2\/media?parent=33071"}],"wp:term":[{"taxonomy":"product_cat","embeddable":true,"href":"https:\/\/allstarretro.com\/en\/wp-json\/wp\/v2\/product_cat?post=33071"},{"taxonomy":"product_tag","embeddable":true,"href":"https:\/\/allstarretro.com\/en\/wp-json\/wp\/v2\/product_tag?post=33071"}],"curies":[{"name":"wp","href":"https:\/\/api.w.org\/{rel}","templated":true}]}}