{"id":33079,"date":"2023-10-26T07:48:56","date_gmt":"2023-10-26T07:48:56","guid":{"rendered":"https:\/\/allstarretro.com\/?post_type=product&#038;p=33079"},"modified":"2025-01-31T10:29:33","modified_gmt":"2025-01-31T10:29:33","slug":"empireposter-juosta-duru-kilimelis","status":"publish","type":"product","link":"https:\/\/allstarretro.com\/en\/parduotuve\/namu-interjeras\/empireposter-juosta-duru-kilimelis\/","title":{"rendered":"Empireposter Juosta Dur\u0173 Kilim\u0117lis"},"content":{"rendered":"","protected":false},"excerpt":{"rendered":"<h2>APIE KILIM\u0116L\u012e<\/h2>\n<p>Empireposter Juosta Dur\u0173 Kilim\u0117lis. Kilim\u0117lis yra pritaikytas naudoti viduje ir lauke, neslystantis. Dur\u0173 kilim\u0117lis yra i\u0161skirtinio dizaino, kuris papuo\u0161 J\u016bs\u0173 interjer\u0105 ir suteiks jam savitumo.<\/p>\n<h2>EMPIREPOSTER PRIVALUMAI<\/h2>\n<ul>\n<li>I\u0161skirtinis dizainas.<\/li>\n<li>Plok\u0161\u010dias audimas.<\/li>\n<li>Guminiai kilim\u0117lio kra\u0161tai turi sukibim\u0105 ir puikiai prisitaiko prie grind\u0173.<\/li>\n<li>Auk\u0161tos kokyb\u0117s.<\/li>\n<\/ul>","protected":false},"featured_media":33080,"comment_status":"open","ping_status":"closed","template":"","meta":{"inline_featured_image":false},"product_cat":[340],"product_tag":[],"class_list":["post-33079","product","type-product","status-publish","has-post-thumbnail","hentry","product_brand-empireposter","product_cat-namu-interjeras"],"acf":[],"yoast_head":"<!-- This site is optimized with the Yoast SEO Premium plugin v21.8 (Yoast SEO v21.8) - https:\/\/yoast.com\/wordpress\/plugins\/seo\/ -->\n<title>Empireposter Juosta Dur\u0173 Kilim\u0117lis<\/title>\n<meta name=\"robots\" content=\"index, follow, max-snippet:-1, max-image-preview:large, max-video-preview:-1\" \/>\n<link rel=\"canonical\" href=\"https:\/\/allstarretro.com\/en\/parduotuve\/tree-interior\/empireposter-juosta-duru-kilimelis\/\" \/>\n<meta property=\"og:locale\" content=\"en_US\" \/>\n<meta property=\"og:type\" content=\"article\" \/>\n<meta property=\"og:title\" content=\"Empireposter Juosta Dur\u0173 Kilim\u0117lis\" \/>\n<meta property=\"og:description\" content=\"APIE KILIM\u0116L\u012e Empireposter Juosta Dur\u0173 Kilim\u0117lis. Kilim\u0117lis yra pritaikytas naudoti viduje ir lauke, neslystantis. Dur\u0173 kilim\u0117lis yra i\u0161skirtinio dizaino, kuris papuo\u0161 J\u016bs\u0173 interjer\u0105 ir suteiks jam savitumo. EMPIREPOSTER PRIVALUMAI   I\u0161skirtinis dizainas.  Plok\u0161\u010dias audimas.  Guminiai kilim\u0117lio kra\u0161tai turi sukibim\u0105 ir puikiai prisitaiko prie grind\u0173.  Auk\u0161tos kokyb\u0117s.\" \/>\n<meta property=\"og:url\" content=\"https:\/\/allstarretro.com\/en\/parduotuve\/tree-interior\/empireposter-juosta-duru-kilimelis\/\" \/>\n<meta property=\"og:site_name\" content=\"AllStarRetro\" \/>\n<meta property=\"article:publisher\" content=\"https:\/\/www.facebook.com\/allstarretroLTU\" \/>\n<meta property=\"article:modified_time\" content=\"2025-01-31T10:29:33+00:00\" \/>\n<meta property=\"og:image\" content=\"https:\/\/allstarretro.com\/wp-content\/uploads\/2025\/01\/empireposter-juosta-duru-kilimelis-allstarretro.com-.webp\" \/>\n\t<meta property=\"og:image:width\" content=\"1080\" \/>\n\t<meta property=\"og:image:height\" content=\"1080\" \/>\n\t<meta property=\"og:image:type\" content=\"image\/webp\" \/>\n<meta name=\"twitter:card\" content=\"summary_large_image\" \/>\n<meta name=\"twitter:site\" content=\"@allstarretroLTU\" \/>\n<meta name=\"twitter:label1\" content=\"Price\" \/>\n\t<meta name=\"twitter:data1\" content=\"45.99&euro;\" \/>\n\t<meta name=\"twitter:label2\" content=\"Availability\" \/>\n\t<meta name=\"twitter:data2\" content=\"In stock\" \/>\n<script type=\"application\/ld+json\" class=\"yoast-schema-graph\">{\"@context\":\"https:\/\/schema.org\",\"@graph\":[{\"@type\":[\"WebPage\",\"ItemPage\"],\"@id\":\"https:\/\/allstarretro.com\/parduotuve\/namu-interjeras\/empireposter-juosta-duru-kilimelis\/\",\"url\":\"https:\/\/allstarretro.com\/parduotuve\/namu-interjeras\/empireposter-juosta-duru-kilimelis\/\",\"name\":\"Empireposter Juosta Dur\u0173 Kilim\u0117lis\",\"isPartOf\":{\"@id\":\"https:\/\/allstarretro.com\/#website\"},\"datePublished\":\"2023-10-26T07:48:56+00:00\",\"dateModified\":\"2025-01-31T10:29:33+00:00\",\"breadcrumb\":{\"@id\":\"https:\/\/allstarretro.com\/parduotuve\/namu-interjeras\/empireposter-juosta-duru-kilimelis\/#breadcrumb\"},\"inLanguage\":\"en-US\",\"potentialAction\":[{\"@type\":\"ReadAction\",\"target\":[\"https:\/\/allstarretro.com\/parduotuve\/namu-interjeras\/empireposter-juosta-duru-kilimelis\/\"]}]},{\"@type\":\"BreadcrumbList\",\"@id\":\"https:\/\/allstarretro.com\/parduotuve\/namu-interjeras\/empireposter-juosta-duru-kilimelis\/#breadcrumb\",\"itemListElement\":[{\"@type\":\"ListItem\",\"position\":1,\"name\":\"Home\",\"item\":\"https:\/\/allstarretro.com\/\"},{\"@type\":\"ListItem\",\"position\":2,\"name\":\"Retro Stiliaus Nostalgijos Ir Vinta\u017eo Parduotuv\u0117\",\"item\":\"https:\/\/allstarretro.com\/parduotuve\/\"},{\"@type\":\"ListItem\",\"position\":3,\"name\":\"Empireposter Juosta Dur\u0173 Kilim\u0117lis\"}]},{\"@type\":\"WebSite\",\"@id\":\"https:\/\/allstarretro.com\/#website\",\"url\":\"https:\/\/allstarretro.com\/\",\"name\":\"AllStarRetro\",\"description\":\"Retro Laikotarpio Stiliaus Produktai | AllStarRetro\",\"publisher\":{\"@id\":\"https:\/\/allstarretro.com\/#organization\"},\"alternateName\":\"AllStarRetro\",\"potentialAction\":[{\"@type\":\"SearchAction\",\"target\":{\"@type\":\"EntryPoint\",\"urlTemplate\":\"https:\/\/allstarretro.com\/?s={search_term_string}\"},\"query-input\":\"required name=search_term_string\"}],\"inLanguage\":\"en-US\"},{\"@type\":[\"Organization\",\"Place\",\"Store\"],\"@id\":\"https:\/\/allstarretro.com\/#organization\",\"name\":\"AllStarRetro\",\"alternateName\":\"AllStarRetro\",\"url\":\"https:\/\/allstarretro.com\/\",\"logo\":{\"@id\":\"https:\/\/allstarretro.com\/parduotuve\/namu-interjeras\/empireposter-juosta-duru-kilimelis\/#local-main-organization-logo\"},\"image\":{\"@id\":\"https:\/\/allstarretro.com\/parduotuve\/namu-interjeras\/empireposter-juosta-duru-kilimelis\/#local-main-organization-logo\"},\"sameAs\":[\"https:\/\/www.facebook.com\/allstarretroLTU\",\"https:\/\/twitter.com\/allstarretroLTU\"],\"publishingPrinciples\":\"https:\/\/allstarretro.com\/\",\"ownershipFundingInfo\":\"https:\/\/allstarretro.com\/teises-ir-isipareigojimai\/\",\"actionableFeedbackPolicy\":\"https:\/\/allstarretro.com\/privatumo-politika\/\",\"correctionsPolicy\":\"https:\/\/allstarretro.com\/pristatymas-ir-taisykles\/\",\"ethicsPolicy\":\"https:\/\/allstarretro.com\/teises-ir-isipareigojimai\/\",\"diversityPolicy\":\"https:\/\/allstarretro.com\/privatumo-politika\/\",\"diversityStaffingReport\":\"https:\/\/allstarretro.com\/privatumo-politika\/\",\"address\":{\"@id\":\"https:\/\/allstarretro.com\/parduotuve\/namu-interjeras\/empireposter-juosta-duru-kilimelis\/#local-main-place-address\"},\"geo\":{\"@type\":\"GeoCoordinates\",\"latitude\":\"54.8733071\",\"longitude\":\"23.9494226\"},\"telephone\":[\"+37068673611\"],\"openingHoursSpecification\":[{\"@type\":\"OpeningHoursSpecification\",\"dayOfWeek\":[\"Monday\",\"Tuesday\",\"Wednesday\",\"Thursday\",\"Friday\",\"Saturday\",\"Sunday\"],\"opens\":\"09:00\",\"closes\":\"17:00\"}],\"email\":\"info@allstarretro.com\",\"areaServed\":\"Lithuania\",\"vatID\":\"LT100013495416\",\"priceRange\":\"$$\",\"currenciesAccepted\":\"Euras\",\"paymentAccepted\":\"Visa, mastercard\"},{\"@type\":\"PostalAddress\",\"@id\":\"https:\/\/allstarretro.com\/parduotuve\/namu-interjeras\/empireposter-juosta-duru-kilimelis\/#local-main-place-address\",\"streetAddress\":\"L.Ivinskio 18a\",\"addressLocality\":\"Kaunas\",\"postalCode\":\"45151\",\"addressRegion\":\"Kaunas\",\"addressCountry\":\"LT\"},{\"@type\":\"ImageObject\",\"inLanguage\":\"en-US\",\"@id\":\"https:\/\/allstarretro.com\/parduotuve\/namu-interjeras\/empireposter-juosta-duru-kilimelis\/#local-main-organization-logo\",\"url\":\"https:\/\/allstarretro.com\/wp-content\/uploads\/2025\/01\/allstarretro-mini-logo.webp\",\"contentUrl\":\"https:\/\/allstarretro.com\/wp-content\/uploads\/2025\/01\/allstarretro-mini-logo.webp\",\"width\":130,\"height\":130,\"caption\":\"AllStarRetro\"}]}<\/script>\n<meta name=\"geo.placename\" content=\"Kaunas\" \/>\n<meta name=\"geo.position\" content=\"54.8733071;23.9494226\" \/>\n<meta name=\"geo.region\" content=\"Lithuania\" \/>\n<!-- \/ Yoast SEO Premium plugin. -->","yoast_head_json":{"title":"Empireposter Juosta Dur\u0173 Kilim\u0117lis","robots":{"index":"index","follow":"follow","max-snippet":"max-snippet:-1","max-image-preview":"max-image-preview:large","max-video-preview":"max-video-preview:-1"},"canonical":"https:\/\/allstarretro.com\/en\/parduotuve\/tree-interior\/empireposter-juosta-duru-kilimelis\/","og_locale":"en_US","og_type":"article","og_title":"Empireposter Juosta Dur\u0173 Kilim\u0117lis","og_description":"APIE KILIM\u0116L\u012e Empireposter Juosta Dur\u0173 Kilim\u0117lis. Kilim\u0117lis yra pritaikytas naudoti viduje ir lauke, neslystantis. Dur\u0173 kilim\u0117lis yra i\u0161skirtinio dizaino, kuris papuo\u0161 J\u016bs\u0173 interjer\u0105 ir suteiks jam savitumo. EMPIREPOSTER PRIVALUMAI   I\u0161skirtinis dizainas.  Plok\u0161\u010dias audimas.  Guminiai kilim\u0117lio kra\u0161tai turi sukibim\u0105 ir puikiai prisitaiko prie grind\u0173.  Auk\u0161tos kokyb\u0117s.","og_url":"https:\/\/allstarretro.com\/en\/parduotuve\/tree-interior\/empireposter-juosta-duru-kilimelis\/","og_site_name":"AllStarRetro","article_publisher":"https:\/\/www.facebook.com\/allstarretroLTU","article_modified_time":"2025-01-31T10:29:33+00:00","og_image":[{"width":1080,"height":1080,"url":"https:\/\/allstarretro.com\/wp-content\/uploads\/2025\/01\/empireposter-juosta-duru-kilimelis-allstarretro.com-.webp","type":"image\/webp"}],"twitter_card":"summary_large_image","twitter_site":"@allstarretroLTU","twitter_misc":{"Price":"45.99&euro;","Availability":"In stock"},"schema":{"@context":"https:\/\/schema.org","@graph":[{"@type":["WebPage","ItemPage"],"@id":"https:\/\/allstarretro.com\/parduotuve\/namu-interjeras\/empireposter-juosta-duru-kilimelis\/","url":"https:\/\/allstarretro.com\/parduotuve\/namu-interjeras\/empireposter-juosta-duru-kilimelis\/","name":"Empireposter Juosta Dur\u0173 Kilim\u0117lis","isPartOf":{"@id":"https:\/\/allstarretro.com\/#website"},"datePublished":"2023-10-26T07:48:56+00:00","dateModified":"2025-01-31T10:29:33+00:00","breadcrumb":{"@id":"https:\/\/allstarretro.com\/parduotuve\/namu-interjeras\/empireposter-juosta-duru-kilimelis\/#breadcrumb"},"inLanguage":"en-US","potentialAction":[{"@type":"ReadAction","target":["https:\/\/allstarretro.com\/parduotuve\/namu-interjeras\/empireposter-juosta-duru-kilimelis\/"]}]},{"@type":"BreadcrumbList","@id":"https:\/\/allstarretro.com\/parduotuve\/namu-interjeras\/empireposter-juosta-duru-kilimelis\/#breadcrumb","itemListElement":[{"@type":"ListItem","position":1,"name":"Home","item":"https:\/\/allstarretro.com\/"},{"@type":"ListItem","position":2,"name":"Retro Stiliaus Nostalgijos Ir Vinta\u017eo Parduotuv\u0117","item":"https:\/\/allstarretro.com\/parduotuve\/"},{"@type":"ListItem","position":3,"name":"Empireposter Juosta Dur\u0173 Kilim\u0117lis"}]},{"@type":"WebSite","@id":"https:\/\/allstarretro.com\/#website","url":"https:\/\/allstarretro.com\/","name":"AllStarRetro","description":"Retro Era Style Products | AllStarRetro","publisher":{"@id":"https:\/\/allstarretro.com\/#organization"},"alternateName":"AllStarRetro","potentialAction":[{"@type":"SearchAction","target":{"@type":"EntryPoint","urlTemplate":"https:\/\/allstarretro.com\/?s={search_term_string}"},"query-input":"required name=search_term_string"}],"inLanguage":"en-US"},{"@type":["Organization","Place","Store"],"@id":"https:\/\/allstarretro.com\/#organization","name":"AllStarRetro","alternateName":"AllStarRetro","url":"https:\/\/allstarretro.com\/","logo":{"@id":"https:\/\/allstarretro.com\/parduotuve\/namu-interjeras\/empireposter-juosta-duru-kilimelis\/#local-main-organization-logo"},"image":{"@id":"https:\/\/allstarretro.com\/parduotuve\/namu-interjeras\/empireposter-juosta-duru-kilimelis\/#local-main-organization-logo"},"sameAs":["https:\/\/www.facebook.com\/allstarretroLTU","https:\/\/twitter.com\/allstarretroLTU"],"publishingPrinciples":"https:\/\/allstarretro.com\/","ownershipFundingInfo":"https:\/\/allstarretro.com\/teises-ir-isipareigojimai\/","actionableFeedbackPolicy":"https:\/\/allstarretro.com\/privatumo-politika\/","correctionsPolicy":"https:\/\/allstarretro.com\/pristatymas-ir-taisykles\/","ethicsPolicy":"https:\/\/allstarretro.com\/teises-ir-isipareigojimai\/","diversityPolicy":"https:\/\/allstarretro.com\/privatumo-politika\/","diversityStaffingReport":"https:\/\/allstarretro.com\/privatumo-politika\/","address":{"@id":"https:\/\/allstarretro.com\/parduotuve\/namu-interjeras\/empireposter-juosta-duru-kilimelis\/#local-main-place-address"},"geo":{"@type":"GeoCoordinates","latitude":"54.8733071","longitude":"23.9494226"},"telephone":["+37068673611"],"openingHoursSpecification":[{"@type":"OpeningHoursSpecification","dayOfWeek":["Monday","Tuesday","Wednesday","Thursday","Friday","Saturday","Sunday"],"opens":"09:00","closes":"17:00"}],"email":"info@allstarretro.com","areaServed":"Lithuania","vatID":"LT100013495416","priceRange":"$$","currenciesAccepted":"Euras","paymentAccepted":"Visa, mastercard"},{"@type":"PostalAddress","@id":"https:\/\/allstarretro.com\/parduotuve\/namu-interjeras\/empireposter-juosta-duru-kilimelis\/#local-main-place-address","streetAddress":"L.Ivinskio 18a","addressLocality":"Kaunas","postalCode":"45151","addressRegion":"Kaunas","addressCountry":"LT"},{"@type":"ImageObject","inLanguage":"en-US","@id":"https:\/\/allstarretro.com\/parduotuve\/namu-interjeras\/empireposter-juosta-duru-kilimelis\/#local-main-organization-logo","url":"https:\/\/allstarretro.com\/wp-content\/uploads\/2025\/01\/allstarretro-mini-logo.webp","contentUrl":"https:\/\/allstarretro.com\/wp-content\/uploads\/2025\/01\/allstarretro-mini-logo.webp","width":130,"height":130,"caption":"AllStarRetro"}]},"geo.placename":"Kaunas","geo.position":{"lat":"54.8733071","long":"23.9494226"},"geo.region":"Lithuania"},"_links":{"self":[{"href":"https:\/\/allstarretro.com\/en\/wp-json\/wp\/v2\/product\/33079"}],"collection":[{"href":"https:\/\/allstarretro.com\/en\/wp-json\/wp\/v2\/product"}],"about":[{"href":"https:\/\/allstarretro.com\/en\/wp-json\/wp\/v2\/types\/product"}],"replies":[{"embeddable":true,"href":"https:\/\/allstarretro.com\/en\/wp-json\/wp\/v2\/comments?post=33079"}],"wp:featuredmedia":[{"embeddable":true,"href":"https:\/\/allstarretro.com\/en\/wp-json\/wp\/v2\/media\/33080"}],"wp:attachment":[{"href":"https:\/\/allstarretro.com\/en\/wp-json\/wp\/v2\/media?parent=33079"}],"wp:term":[{"taxonomy":"product_cat","embeddable":true,"href":"https:\/\/allstarretro.com\/en\/wp-json\/wp\/v2\/product_cat?post=33079"},{"taxonomy":"product_tag","embeddable":true,"href":"https:\/\/allstarretro.com\/en\/wp-json\/wp\/v2\/product_tag?post=33079"}],"curies":[{"name":"wp","href":"https:\/\/api.w.org\/{rel}","templated":true}]}}