{"id":33099,"date":"2023-10-27T11:34:32","date_gmt":"2023-10-27T11:34:32","guid":{"rendered":"https:\/\/allstarretro.com\/?post_type=product&#038;p=33099"},"modified":"2025-01-31T10:27:14","modified_gmt":"2025-01-31T10:27:14","slug":"relaxdays-vintazine-sedima-daiktadeze","status":"publish","type":"product","link":"https:\/\/allstarretro.com\/en\/parduotuve\/namu-interjeras\/relaxdays-vintazine-sedima-daiktadeze\/","title":{"rendered":"Relaxdays Vintage Storage Ottoman"},"content":{"rendered":"","protected":false},"excerpt":{"rendered":"<h2>APIE DAIKTAD\u0116\u017d\u0118<\/h2>\n<p>Relaxdays Vinta\u017ein\u0117 S\u0117dima Daiktad\u0117\u017e\u0117. Retro stiliaus: vinta\u017ein\u0117 s\u0117dimoji daiktad\u0117\u017e\u0117 su margintu med\u017eiaginiu dangteliu \u2013 vinta\u017ein\u0117 i\u0161vaizda svetainei, miegamajam ar paauglio kambariui.<\/p>\n<h2>RELAXDAYS PRIVALUMAI<\/h2>\n<ul>\n<li>Reljefinis plieno lak\u0161tas su 3D efektu.<\/li>\n<li>Daiktad\u0117\u017e\u0117 puikiai tiks kelioni\u0173 entuziastams, spalvingas JAV automobili\u0173 valstybini\u0173 numeri\u0173 kolia\u017eas.<\/li>\n<li>Daiktad\u0117\u017e\u0117s vidus su daug vietos saugojimui \u2013 idealiai tinka mink\u0161tiems baldams, \u017eaislams ir dar daugiau laikyti.<\/li>\n<li>Patogus: pamink\u0161tintas dangtelis patogiam s\u0117d\u0117jimui &#8211; odinis u\u017evalkalas pagamintas i\u0161 PVC &#8211; mink\u0161tas, patogus audinys.<\/li>\n<li>Auk\u0161ta d\u0117\u017e\u0117, pagaminta i\u0161 tvirto metalo, patvari s\u0117dyn\u0117 vaikams ir suaugusiems, taip pat gali b\u016bti naudojama kaip dekoratyvin\u0117 makulat\u016bros d\u0117\u017e\u0117 be dang\u010dio.<\/li>\n<\/ul>","protected":false},"featured_media":33100,"comment_status":"open","ping_status":"closed","template":"","meta":{"inline_featured_image":false},"product_cat":[340],"product_tag":[],"class_list":["post-33099","product","type-product","status-publish","has-post-thumbnail","hentry","product_brand-relaxdays","product_cat-namu-interjeras"],"acf":[],"yoast_head":"<!-- This site is optimized with the Yoast SEO Premium plugin v21.8 (Yoast SEO v21.8) - https:\/\/yoast.com\/wordpress\/plugins\/seo\/ -->\n<title>Relaxdays Vinta\u017ein\u0117 S\u0117dima Daiktad\u0117\u017e\u0117<\/title>\n<meta name=\"robots\" content=\"index, follow, max-snippet:-1, max-image-preview:large, max-video-preview:-1\" \/>\n<link rel=\"canonical\" href=\"https:\/\/allstarretro.com\/en\/parduotuve\/tree-interior\/relaxdays-vintazine-sedima-daiktadeze\/\" \/>\n<meta property=\"og:locale\" content=\"en_US\" \/>\n<meta property=\"og:type\" content=\"article\" \/>\n<meta property=\"og:title\" content=\"Relaxdays Vinta\u017ein\u0117 S\u0117dima Daiktad\u0117\u017e\u0117\" \/>\n<meta property=\"og:description\" content=\"APIE DAIKTAD\u0116\u017d\u0118 Relaxdays Vinta\u017ein\u0117 S\u0117dima Daiktad\u0117\u017e\u0117. Retro stiliaus: vinta\u017ein\u0117 s\u0117dimoji daiktad\u0117\u017e\u0117 su margintu med\u017eiaginiu dangteliu \u2013 vinta\u017ein\u0117 i\u0161vaizda svetainei, miegamajam ar paauglio kambariui. RELAXDAYS PRIVALUMAI   Reljefinis plieno lak\u0161tas su 3D efektu.  Daiktad\u0117\u017e\u0117 puikiai tiks kelioni\u0173 entuziastams, spalvingas JAV automobili\u0173 valstybini\u0173 numeri\u0173 kolia\u017eas.  Daiktad\u0117\u017e\u0117s vidus su daug vietos saugojimui \u2013 idealiai tinka mink\u0161tiems baldams, \u017eaislams ir dar daugiau laikyti.  Patogus: pamink\u0161tintas dangtelis patogiam s\u0117d\u0117jimui - odinis u\u017evalkalas pagamintas i\u0161 PVC - mink\u0161tas, patogus audinys.  Auk\u0161ta d\u0117\u017e\u0117, pagaminta i\u0161 tvirto metalo, patvari s\u0117dyn\u0117 vaikams ir suaugusiems, taip pat gali b\u016bti naudojama kaip dekoratyvin\u0117 makulat\u016bros d\u0117\u017e\u0117 be dang\u010dio.\" \/>\n<meta property=\"og:url\" content=\"https:\/\/allstarretro.com\/en\/parduotuve\/tree-interior\/relaxdays-vintazine-sedima-daiktadeze\/\" \/>\n<meta property=\"og:site_name\" content=\"AllStarRetro\" \/>\n<meta property=\"article:publisher\" content=\"https:\/\/www.facebook.com\/allstarretroLTU\" \/>\n<meta property=\"article:modified_time\" content=\"2025-01-31T10:27:14+00:00\" \/>\n<meta property=\"og:image\" content=\"https:\/\/allstarretro.com\/wp-content\/uploads\/2025\/01\/relaxdays-vintazine-sedimoji-daiktadeze-allstarretro.com_.webp\" \/>\n\t<meta property=\"og:image:width\" content=\"1080\" \/>\n\t<meta property=\"og:image:height\" content=\"1080\" \/>\n\t<meta property=\"og:image:type\" content=\"image\/webp\" \/>\n<meta name=\"twitter:card\" content=\"summary_large_image\" \/>\n<meta name=\"twitter:site\" content=\"@allstarretroLTU\" \/>\n<meta name=\"twitter:label1\" content=\"Price\" \/>\n\t<meta name=\"twitter:data1\" content=\"60.99&euro;\" \/>\n\t<meta name=\"twitter:label2\" content=\"Availability\" \/>\n\t<meta name=\"twitter:data2\" content=\"In stock\" \/>\n<script type=\"application\/ld+json\" class=\"yoast-schema-graph\">{\"@context\":\"https:\/\/schema.org\",\"@graph\":[{\"@type\":[\"WebPage\",\"ItemPage\"],\"@id\":\"https:\/\/allstarretro.com\/parduotuve\/namu-interjeras\/relaxdays-vintazine-sedima-daiktadeze\/\",\"url\":\"https:\/\/allstarretro.com\/parduotuve\/namu-interjeras\/relaxdays-vintazine-sedima-daiktadeze\/\",\"name\":\"Relaxdays Vinta\u017ein\u0117 S\u0117dima Daiktad\u0117\u017e\u0117\",\"isPartOf\":{\"@id\":\"https:\/\/allstarretro.com\/#website\"},\"datePublished\":\"2023-10-27T11:34:32+00:00\",\"dateModified\":\"2025-01-31T10:27:14+00:00\",\"breadcrumb\":{\"@id\":\"https:\/\/allstarretro.com\/parduotuve\/namu-interjeras\/relaxdays-vintazine-sedima-daiktadeze\/#breadcrumb\"},\"inLanguage\":\"en-US\",\"potentialAction\":[{\"@type\":\"ReadAction\",\"target\":[\"https:\/\/allstarretro.com\/parduotuve\/namu-interjeras\/relaxdays-vintazine-sedima-daiktadeze\/\"]}]},{\"@type\":\"BreadcrumbList\",\"@id\":\"https:\/\/allstarretro.com\/parduotuve\/namu-interjeras\/relaxdays-vintazine-sedima-daiktadeze\/#breadcrumb\",\"itemListElement\":[{\"@type\":\"ListItem\",\"position\":1,\"name\":\"Home\",\"item\":\"https:\/\/allstarretro.com\/\"},{\"@type\":\"ListItem\",\"position\":2,\"name\":\"Retro Stiliaus Nostalgijos Ir Vinta\u017eo Parduotuv\u0117\",\"item\":\"https:\/\/allstarretro.com\/parduotuve\/\"},{\"@type\":\"ListItem\",\"position\":3,\"name\":\"Relaxdays Vinta\u017ein\u0117 S\u0117dima Daiktad\u0117\u017e\u0117\"}]},{\"@type\":\"WebSite\",\"@id\":\"https:\/\/allstarretro.com\/#website\",\"url\":\"https:\/\/allstarretro.com\/\",\"name\":\"AllStarRetro\",\"description\":\"Retro Laikotarpio Stiliaus Produktai | AllStarRetro\",\"publisher\":{\"@id\":\"https:\/\/allstarretro.com\/#organization\"},\"alternateName\":\"AllStarRetro\",\"potentialAction\":[{\"@type\":\"SearchAction\",\"target\":{\"@type\":\"EntryPoint\",\"urlTemplate\":\"https:\/\/allstarretro.com\/?s={search_term_string}\"},\"query-input\":\"required name=search_term_string\"}],\"inLanguage\":\"en-US\"},{\"@type\":[\"Organization\",\"Place\",\"Store\"],\"@id\":\"https:\/\/allstarretro.com\/#organization\",\"name\":\"AllStarRetro\",\"alternateName\":\"AllStarRetro\",\"url\":\"https:\/\/allstarretro.com\/\",\"logo\":{\"@id\":\"https:\/\/allstarretro.com\/parduotuve\/namu-interjeras\/relaxdays-vintazine-sedima-daiktadeze\/#local-main-organization-logo\"},\"image\":{\"@id\":\"https:\/\/allstarretro.com\/parduotuve\/namu-interjeras\/relaxdays-vintazine-sedima-daiktadeze\/#local-main-organization-logo\"},\"sameAs\":[\"https:\/\/www.facebook.com\/allstarretroLTU\",\"https:\/\/twitter.com\/allstarretroLTU\"],\"publishingPrinciples\":\"https:\/\/allstarretro.com\/\",\"ownershipFundingInfo\":\"https:\/\/allstarretro.com\/teises-ir-isipareigojimai\/\",\"actionableFeedbackPolicy\":\"https:\/\/allstarretro.com\/privatumo-politika\/\",\"correctionsPolicy\":\"https:\/\/allstarretro.com\/pristatymas-ir-taisykles\/\",\"ethicsPolicy\":\"https:\/\/allstarretro.com\/teises-ir-isipareigojimai\/\",\"diversityPolicy\":\"https:\/\/allstarretro.com\/privatumo-politika\/\",\"diversityStaffingReport\":\"https:\/\/allstarretro.com\/privatumo-politika\/\",\"address\":{\"@id\":\"https:\/\/allstarretro.com\/parduotuve\/namu-interjeras\/relaxdays-vintazine-sedima-daiktadeze\/#local-main-place-address\"},\"geo\":{\"@type\":\"GeoCoordinates\",\"latitude\":\"54.8733071\",\"longitude\":\"23.9494226\"},\"telephone\":[\"+37068673611\"],\"openingHoursSpecification\":[{\"@type\":\"OpeningHoursSpecification\",\"dayOfWeek\":[\"Monday\",\"Tuesday\",\"Wednesday\",\"Thursday\",\"Friday\",\"Saturday\",\"Sunday\"],\"opens\":\"09:00\",\"closes\":\"17:00\"}],\"email\":\"info@allstarretro.com\",\"areaServed\":\"Lithuania\",\"vatID\":\"LT100013495416\",\"priceRange\":\"$$\",\"currenciesAccepted\":\"Euras\",\"paymentAccepted\":\"Visa, mastercard\"},{\"@type\":\"PostalAddress\",\"@id\":\"https:\/\/allstarretro.com\/parduotuve\/namu-interjeras\/relaxdays-vintazine-sedima-daiktadeze\/#local-main-place-address\",\"streetAddress\":\"L.Ivinskio 18a\",\"addressLocality\":\"Kaunas\",\"postalCode\":\"45151\",\"addressRegion\":\"Kaunas\",\"addressCountry\":\"LT\"},{\"@type\":\"ImageObject\",\"inLanguage\":\"en-US\",\"@id\":\"https:\/\/allstarretro.com\/parduotuve\/namu-interjeras\/relaxdays-vintazine-sedima-daiktadeze\/#local-main-organization-logo\",\"url\":\"https:\/\/allstarretro.com\/wp-content\/uploads\/2025\/01\/allstarretro-mini-logo.webp\",\"contentUrl\":\"https:\/\/allstarretro.com\/wp-content\/uploads\/2025\/01\/allstarretro-mini-logo.webp\",\"width\":130,\"height\":130,\"caption\":\"AllStarRetro\"}]}<\/script>\n<meta name=\"geo.placename\" content=\"Kaunas\" \/>\n<meta name=\"geo.position\" content=\"54.8733071;23.9494226\" \/>\n<meta name=\"geo.region\" content=\"Lithuania\" \/>\n<!-- \/ Yoast SEO Premium plugin. -->","yoast_head_json":{"title":"Relaxdays Vintage Storage Ottoman","robots":{"index":"index","follow":"follow","max-snippet":"max-snippet:-1","max-image-preview":"max-image-preview:large","max-video-preview":"max-video-preview:-1"},"canonical":"https:\/\/allstarretro.com\/en\/parduotuve\/tree-interior\/relaxdays-vintazine-sedima-daiktadeze\/","og_locale":"en_US","og_type":"article","og_title":"Relaxdays Vinta\u017ein\u0117 S\u0117dima Daiktad\u0117\u017e\u0117","og_description":"APIE DAIKTAD\u0116\u017d\u0118 Relaxdays Vinta\u017ein\u0117 S\u0117dima Daiktad\u0117\u017e\u0117. Retro stiliaus: vinta\u017ein\u0117 s\u0117dimoji daiktad\u0117\u017e\u0117 su margintu med\u017eiaginiu dangteliu \u2013 vinta\u017ein\u0117 i\u0161vaizda svetainei, miegamajam ar paauglio kambariui. RELAXDAYS PRIVALUMAI   Reljefinis plieno lak\u0161tas su 3D efektu.  Daiktad\u0117\u017e\u0117 puikiai tiks kelioni\u0173 entuziastams, spalvingas JAV automobili\u0173 valstybini\u0173 numeri\u0173 kolia\u017eas.  Daiktad\u0117\u017e\u0117s vidus su daug vietos saugojimui \u2013 idealiai tinka mink\u0161tiems baldams, \u017eaislams ir dar daugiau laikyti.  Patogus: pamink\u0161tintas dangtelis patogiam s\u0117d\u0117jimui - odinis u\u017evalkalas pagamintas i\u0161 PVC - mink\u0161tas, patogus audinys.  Auk\u0161ta d\u0117\u017e\u0117, pagaminta i\u0161 tvirto metalo, patvari s\u0117dyn\u0117 vaikams ir suaugusiems, taip pat gali b\u016bti naudojama kaip dekoratyvin\u0117 makulat\u016bros d\u0117\u017e\u0117 be dang\u010dio.","og_url":"https:\/\/allstarretro.com\/en\/parduotuve\/tree-interior\/relaxdays-vintazine-sedima-daiktadeze\/","og_site_name":"AllStarRetro","article_publisher":"https:\/\/www.facebook.com\/allstarretroLTU","article_modified_time":"2025-01-31T10:27:14+00:00","og_image":[{"width":1080,"height":1080,"url":"https:\/\/allstarretro.com\/wp-content\/uploads\/2025\/01\/relaxdays-vintazine-sedimoji-daiktadeze-allstarretro.com_.webp","type":"image\/webp"}],"twitter_card":"summary_large_image","twitter_site":"@allstarretroLTU","twitter_misc":{"Price":"60.99&euro;","Availability":"In stock"},"schema":{"@context":"https:\/\/schema.org","@graph":[{"@type":["WebPage","ItemPage"],"@id":"https:\/\/allstarretro.com\/parduotuve\/namu-interjeras\/relaxdays-vintazine-sedima-daiktadeze\/","url":"https:\/\/allstarretro.com\/parduotuve\/namu-interjeras\/relaxdays-vintazine-sedima-daiktadeze\/","name":"Relaxdays Vintage Storage Ottoman","isPartOf":{"@id":"https:\/\/allstarretro.com\/#website"},"datePublished":"2023-10-27T11:34:32+00:00","dateModified":"2025-01-31T10:27:14+00:00","breadcrumb":{"@id":"https:\/\/allstarretro.com\/parduotuve\/namu-interjeras\/relaxdays-vintazine-sedima-daiktadeze\/#breadcrumb"},"inLanguage":"en-US","potentialAction":[{"@type":"ReadAction","target":["https:\/\/allstarretro.com\/parduotuve\/namu-interjeras\/relaxdays-vintazine-sedima-daiktadeze\/"]}]},{"@type":"BreadcrumbList","@id":"https:\/\/allstarretro.com\/parduotuve\/namu-interjeras\/relaxdays-vintazine-sedima-daiktadeze\/#breadcrumb","itemListElement":[{"@type":"ListItem","position":1,"name":"Home","item":"https:\/\/allstarretro.com\/"},{"@type":"ListItem","position":2,"name":"Retro Stiliaus Nostalgijos Ir Vinta\u017eo Parduotuv\u0117","item":"https:\/\/allstarretro.com\/parduotuve\/"},{"@type":"ListItem","position":3,"name":"Relaxdays Vinta\u017ein\u0117 S\u0117dima Daiktad\u0117\u017e\u0117"}]},{"@type":"WebSite","@id":"https:\/\/allstarretro.com\/#website","url":"https:\/\/allstarretro.com\/","name":"AllStarRetro","description":"Retro Era Style Products | AllStarRetro","publisher":{"@id":"https:\/\/allstarretro.com\/#organization"},"alternateName":"AllStarRetro","potentialAction":[{"@type":"SearchAction","target":{"@type":"EntryPoint","urlTemplate":"https:\/\/allstarretro.com\/?s={search_term_string}"},"query-input":"required name=search_term_string"}],"inLanguage":"en-US"},{"@type":["Organization","Place","Store"],"@id":"https:\/\/allstarretro.com\/#organization","name":"AllStarRetro","alternateName":"AllStarRetro","url":"https:\/\/allstarretro.com\/","logo":{"@id":"https:\/\/allstarretro.com\/parduotuve\/namu-interjeras\/relaxdays-vintazine-sedima-daiktadeze\/#local-main-organization-logo"},"image":{"@id":"https:\/\/allstarretro.com\/parduotuve\/namu-interjeras\/relaxdays-vintazine-sedima-daiktadeze\/#local-main-organization-logo"},"sameAs":["https:\/\/www.facebook.com\/allstarretroLTU","https:\/\/twitter.com\/allstarretroLTU"],"publishingPrinciples":"https:\/\/allstarretro.com\/","ownershipFundingInfo":"https:\/\/allstarretro.com\/teises-ir-isipareigojimai\/","actionableFeedbackPolicy":"https:\/\/allstarretro.com\/privatumo-politika\/","correctionsPolicy":"https:\/\/allstarretro.com\/pristatymas-ir-taisykles\/","ethicsPolicy":"https:\/\/allstarretro.com\/teises-ir-isipareigojimai\/","diversityPolicy":"https:\/\/allstarretro.com\/privatumo-politika\/","diversityStaffingReport":"https:\/\/allstarretro.com\/privatumo-politika\/","address":{"@id":"https:\/\/allstarretro.com\/parduotuve\/namu-interjeras\/relaxdays-vintazine-sedima-daiktadeze\/#local-main-place-address"},"geo":{"@type":"GeoCoordinates","latitude":"54.8733071","longitude":"23.9494226"},"telephone":["+37068673611"],"openingHoursSpecification":[{"@type":"OpeningHoursSpecification","dayOfWeek":["Monday","Tuesday","Wednesday","Thursday","Friday","Saturday","Sunday"],"opens":"09:00","closes":"17:00"}],"email":"info@allstarretro.com","areaServed":"Lithuania","vatID":"LT100013495416","priceRange":"$$","currenciesAccepted":"Euras","paymentAccepted":"Visa, mastercard"},{"@type":"PostalAddress","@id":"https:\/\/allstarretro.com\/parduotuve\/namu-interjeras\/relaxdays-vintazine-sedima-daiktadeze\/#local-main-place-address","streetAddress":"L.Ivinskio 18a","addressLocality":"Kaunas","postalCode":"45151","addressRegion":"Kaunas","addressCountry":"LT"},{"@type":"ImageObject","inLanguage":"en-US","@id":"https:\/\/allstarretro.com\/parduotuve\/namu-interjeras\/relaxdays-vintazine-sedima-daiktadeze\/#local-main-organization-logo","url":"https:\/\/allstarretro.com\/wp-content\/uploads\/2025\/01\/allstarretro-mini-logo.webp","contentUrl":"https:\/\/allstarretro.com\/wp-content\/uploads\/2025\/01\/allstarretro-mini-logo.webp","width":130,"height":130,"caption":"AllStarRetro"}]},"geo.placename":"Kaunas","geo.position":{"lat":"54.8733071","long":"23.9494226"},"geo.region":"Lithuania"},"_links":{"self":[{"href":"https:\/\/allstarretro.com\/en\/wp-json\/wp\/v2\/product\/33099"}],"collection":[{"href":"https:\/\/allstarretro.com\/en\/wp-json\/wp\/v2\/product"}],"about":[{"href":"https:\/\/allstarretro.com\/en\/wp-json\/wp\/v2\/types\/product"}],"replies":[{"embeddable":true,"href":"https:\/\/allstarretro.com\/en\/wp-json\/wp\/v2\/comments?post=33099"}],"wp:featuredmedia":[{"embeddable":true,"href":"https:\/\/allstarretro.com\/en\/wp-json\/wp\/v2\/media\/33100"}],"wp:attachment":[{"href":"https:\/\/allstarretro.com\/en\/wp-json\/wp\/v2\/media?parent=33099"}],"wp:term":[{"taxonomy":"product_cat","embeddable":true,"href":"https:\/\/allstarretro.com\/en\/wp-json\/wp\/v2\/product_cat?post=33099"},{"taxonomy":"product_tag","embeddable":true,"href":"https:\/\/allstarretro.com\/en\/wp-json\/wp\/v2\/product_tag?post=33099"}],"curies":[{"name":"wp","href":"https:\/\/api.w.org\/{rel}","templated":true}]}}