{"id":33117,"date":"2023-10-31T07:43:39","date_gmt":"2023-10-31T07:43:39","guid":{"rendered":"https:\/\/allstarretro.com\/?post_type=product&#038;p=33117"},"modified":"2025-01-31T10:36:19","modified_gmt":"2025-01-31T10:36:19","slug":"vintage-stickers","status":"publish","type":"product","link":"https:\/\/allstarretro.com\/en\/parduotuve\/kolekcionavimas\/pqlq-vintaziniai-lipdukai\/","title":{"rendered":"Pqlq Vintage Stickers"},"content":{"rendered":"","protected":false},"excerpt":{"rendered":"<h2>APIE LIPDUKUS<\/h2>\n<p>Pqlq Vinta\u017einiai Lipdukai. Lipdukai turi 100 mai\u0161yt\u0173 vandeniui atspari\u0173 lipduk\u0173, vinta\u017einiai skirting\u0173 stili\u0173 lipdukai, \u012fskaitant senovin\u012f dekor\u0105, daug senovini\u0173 daikt\u0173 element\u0173, su drugeliais ir augalais, mieli \u0161unys ir triu\u0161iai, spalvingi grybai, \u0161viesiai m\u0117lyni dvira\u010diai, atrodo, kad keliavote \u012f senovinis mi\u0161kas akimirksniu ir greitai i\u0161tyr\u0117te kelet\u0105 paslapting\u0173 istorij\u0173. Vinta\u017einio stiliaus lipdukai, esteti\u0161ki, vandeniui atspar\u016bs, vinilo lipdukai vandens buteliams, i\u0161karp\u0173 knygeliams, ne\u0161iojamiesiems kompiuteriams, telefon\u0173 d\u0117klams, puikiai tinka kaip dovana.<\/p>\n<h2>PQLQ PRIVALUMAI<\/h2>\n<ul>\n<li>Vandeniui atspar\u016bs.<\/li>\n<li>100 vnt.<\/li>\n<li>Vinta\u017einio stiliaus.<\/li>\n<\/ul>\n<p>Prie\u0161 klijuodami \u0161iuos lipdukus, nuvalykite pavir\u0161i\u0173 ir leiskite jam i\u0161d\u017ei\u016bti; atkreipkite d\u0117mes\u012f, kad nelyg\u016bs pavir\u0161iai netinkami klijuoti \u0161iuos lipdukus. Lipduko dydis: 100 vienet\u0173 nesikartojan\u010di\u0173 vinilini\u0173 lipduk\u0173, kiekvienas 4\u20136 cm.<\/p>","protected":false},"featured_media":33118,"comment_status":"open","ping_status":"closed","template":"","meta":{"inline_featured_image":false},"product_cat":[342],"product_tag":[],"class_list":["post-33117","product","type-product","status-publish","has-post-thumbnail","hentry","product_brand-pqlq","product_cat-kolekcionavimas"],"acf":[],"yoast_head":"<!-- This site is optimized with the Yoast SEO Premium plugin v21.8 (Yoast SEO v21.8) - https:\/\/yoast.com\/wordpress\/plugins\/seo\/ -->\n<title>Pqlq Vinta\u017einiai Lipdukai<\/title>\n<meta name=\"robots\" content=\"index, follow, max-snippet:-1, max-image-preview:large, max-video-preview:-1\" \/>\n<link rel=\"canonical\" href=\"https:\/\/allstarretro.com\/en\/parduotuve\/collecting\/vintage-stickers\/\" \/>\n<meta property=\"og:locale\" content=\"en_US\" \/>\n<meta property=\"og:type\" content=\"article\" \/>\n<meta property=\"og:title\" content=\"Pqlq Vinta\u017einiai Lipdukai\" \/>\n<meta property=\"og:description\" content=\"APIE LIPDUKUS Pqlq Vinta\u017einiai Lipdukai. Lipdukai turi 100 mai\u0161yt\u0173 vandeniui atspari\u0173 lipduk\u0173, vinta\u017einiai skirting\u0173 stili\u0173 lipdukai, \u012fskaitant senovin\u012f dekor\u0105, daug senovini\u0173 daikt\u0173 element\u0173, su drugeliais ir augalais, mieli \u0161unys ir triu\u0161iai, spalvingi grybai, \u0161viesiai m\u0117lyni dvira\u010diai, atrodo, kad keliavote \u012f senovinis mi\u0161kas akimirksniu ir greitai i\u0161tyr\u0117te kelet\u0105 paslapting\u0173 istorij\u0173. Vinta\u017einio stiliaus lipdukai, esteti\u0161ki, vandeniui atspar\u016bs, vinilo lipdukai vandens buteliams, i\u0161karp\u0173 knygeliams, ne\u0161iojamiesiems kompiuteriams, telefon\u0173 d\u0117klams, puikiai tinka kaip dovana. PQLQ PRIVALUMAI   Vandeniui atspar\u016bs.  100 vnt.  Vinta\u017einio stiliaus.  Prie\u0161 klijuodami \u0161iuos lipdukus, nuvalykite pavir\u0161i\u0173 ir leiskite jam i\u0161d\u017ei\u016bti; atkreipkite d\u0117mes\u012f, kad nelyg\u016bs pavir\u0161iai netinkami klijuoti \u0161iuos lipdukus. Lipduko dydis: 100 vienet\u0173 nesikartojan\u010di\u0173 vinilini\u0173 lipduk\u0173, kiekvienas 4\u20136 cm.\" \/>\n<meta property=\"og:url\" content=\"https:\/\/allstarretro.com\/en\/parduotuve\/collecting\/vintage-stickers\/\" \/>\n<meta property=\"og:site_name\" content=\"AllStarRetro\" \/>\n<meta property=\"article:publisher\" content=\"https:\/\/www.facebook.com\/allstarretroLTU\" \/>\n<meta property=\"article:modified_time\" content=\"2025-01-31T10:36:19+00:00\" \/>\n<meta property=\"og:image\" content=\"https:\/\/allstarretro.com\/wp-content\/uploads\/2025\/01\/pqlq-vintaziniai-lipdukai-allstarretro.com-.webp\" \/>\n\t<meta property=\"og:image:width\" content=\"1080\" \/>\n\t<meta property=\"og:image:height\" content=\"1080\" \/>\n\t<meta property=\"og:image:type\" content=\"image\/webp\" \/>\n<meta name=\"twitter:card\" content=\"summary_large_image\" \/>\n<meta name=\"twitter:site\" content=\"@allstarretroLTU\" \/>\n<meta name=\"twitter:label1\" content=\"Price\" \/>\n\t<meta name=\"twitter:data1\" content=\"25.99&euro;\" \/>\n\t<meta name=\"twitter:label2\" content=\"Availability\" \/>\n\t<meta name=\"twitter:data2\" content=\"In stock\" \/>\n<script type=\"application\/ld+json\" class=\"yoast-schema-graph\">{\"@context\":\"https:\/\/schema.org\",\"@graph\":[{\"@type\":[\"WebPage\",\"ItemPage\"],\"@id\":\"https:\/\/allstarretro.com\/parduotuve\/kolekcionavimas\/pqlq-vintaziniai-lipdukai\/\",\"url\":\"https:\/\/allstarretro.com\/parduotuve\/kolekcionavimas\/pqlq-vintaziniai-lipdukai\/\",\"name\":\"Pqlq Vinta\u017einiai Lipdukai\",\"isPartOf\":{\"@id\":\"https:\/\/allstarretro.com\/#website\"},\"datePublished\":\"2023-10-31T07:43:39+00:00\",\"dateModified\":\"2025-01-31T10:36:19+00:00\",\"breadcrumb\":{\"@id\":\"https:\/\/allstarretro.com\/parduotuve\/kolekcionavimas\/pqlq-vintaziniai-lipdukai\/#breadcrumb\"},\"inLanguage\":\"en-US\",\"potentialAction\":[{\"@type\":\"ReadAction\",\"target\":[\"https:\/\/allstarretro.com\/parduotuve\/kolekcionavimas\/pqlq-vintaziniai-lipdukai\/\"]}]},{\"@type\":\"BreadcrumbList\",\"@id\":\"https:\/\/allstarretro.com\/parduotuve\/kolekcionavimas\/pqlq-vintaziniai-lipdukai\/#breadcrumb\",\"itemListElement\":[{\"@type\":\"ListItem\",\"position\":1,\"name\":\"Home\",\"item\":\"https:\/\/allstarretro.com\/\"},{\"@type\":\"ListItem\",\"position\":2,\"name\":\"Retro Stiliaus Nostalgijos Ir Vinta\u017eo Parduotuv\u0117\",\"item\":\"https:\/\/allstarretro.com\/parduotuve\/\"},{\"@type\":\"ListItem\",\"position\":3,\"name\":\"Pqlq Vinta\u017einiai Lipdukai\"}]},{\"@type\":\"WebSite\",\"@id\":\"https:\/\/allstarretro.com\/#website\",\"url\":\"https:\/\/allstarretro.com\/\",\"name\":\"AllStarRetro\",\"description\":\"Retro Laikotarpio Stiliaus Produktai | AllStarRetro\",\"publisher\":{\"@id\":\"https:\/\/allstarretro.com\/#organization\"},\"alternateName\":\"AllStarRetro\",\"potentialAction\":[{\"@type\":\"SearchAction\",\"target\":{\"@type\":\"EntryPoint\",\"urlTemplate\":\"https:\/\/allstarretro.com\/?s={search_term_string}\"},\"query-input\":\"required name=search_term_string\"}],\"inLanguage\":\"en-US\"},{\"@type\":[\"Organization\",\"Place\",\"Store\"],\"@id\":\"https:\/\/allstarretro.com\/#organization\",\"name\":\"AllStarRetro\",\"alternateName\":\"AllStarRetro\",\"url\":\"https:\/\/allstarretro.com\/\",\"logo\":{\"@id\":\"https:\/\/allstarretro.com\/parduotuve\/kolekcionavimas\/pqlq-vintaziniai-lipdukai\/#local-main-organization-logo\"},\"image\":{\"@id\":\"https:\/\/allstarretro.com\/parduotuve\/kolekcionavimas\/pqlq-vintaziniai-lipdukai\/#local-main-organization-logo\"},\"sameAs\":[\"https:\/\/www.facebook.com\/allstarretroLTU\",\"https:\/\/twitter.com\/allstarretroLTU\"],\"publishingPrinciples\":\"https:\/\/allstarretro.com\/\",\"ownershipFundingInfo\":\"https:\/\/allstarretro.com\/teises-ir-isipareigojimai\/\",\"actionableFeedbackPolicy\":\"https:\/\/allstarretro.com\/privatumo-politika\/\",\"correctionsPolicy\":\"https:\/\/allstarretro.com\/pristatymas-ir-taisykles\/\",\"ethicsPolicy\":\"https:\/\/allstarretro.com\/teises-ir-isipareigojimai\/\",\"diversityPolicy\":\"https:\/\/allstarretro.com\/privatumo-politika\/\",\"diversityStaffingReport\":\"https:\/\/allstarretro.com\/privatumo-politika\/\",\"address\":{\"@id\":\"https:\/\/allstarretro.com\/parduotuve\/kolekcionavimas\/pqlq-vintaziniai-lipdukai\/#local-main-place-address\"},\"geo\":{\"@type\":\"GeoCoordinates\",\"latitude\":\"54.8733071\",\"longitude\":\"23.9494226\"},\"telephone\":[\"+37068673611\"],\"openingHoursSpecification\":[{\"@type\":\"OpeningHoursSpecification\",\"dayOfWeek\":[\"Monday\",\"Tuesday\",\"Wednesday\",\"Thursday\",\"Friday\",\"Saturday\",\"Sunday\"],\"opens\":\"09:00\",\"closes\":\"17:00\"}],\"email\":\"info@allstarretro.com\",\"areaServed\":\"Lithuania\",\"vatID\":\"LT100013495416\",\"priceRange\":\"$$\",\"currenciesAccepted\":\"Euras\",\"paymentAccepted\":\"Visa, mastercard\"},{\"@type\":\"PostalAddress\",\"@id\":\"https:\/\/allstarretro.com\/parduotuve\/kolekcionavimas\/pqlq-vintaziniai-lipdukai\/#local-main-place-address\",\"streetAddress\":\"L.Ivinskio 18a\",\"addressLocality\":\"Kaunas\",\"postalCode\":\"45151\",\"addressRegion\":\"Kaunas\",\"addressCountry\":\"LT\"},{\"@type\":\"ImageObject\",\"inLanguage\":\"en-US\",\"@id\":\"https:\/\/allstarretro.com\/parduotuve\/kolekcionavimas\/pqlq-vintaziniai-lipdukai\/#local-main-organization-logo\",\"url\":\"https:\/\/allstarretro.com\/wp-content\/uploads\/2025\/01\/allstarretro-mini-logo.webp\",\"contentUrl\":\"https:\/\/allstarretro.com\/wp-content\/uploads\/2025\/01\/allstarretro-mini-logo.webp\",\"width\":130,\"height\":130,\"caption\":\"AllStarRetro\"}]}<\/script>\n<meta name=\"geo.placename\" content=\"Kaunas\" \/>\n<meta name=\"geo.position\" content=\"54.8733071;23.9494226\" \/>\n<meta name=\"geo.region\" content=\"Lithuania\" \/>\n<!-- \/ Yoast SEO Premium plugin. -->","yoast_head_json":{"title":"Pqlq Vintage Stickers","robots":{"index":"index","follow":"follow","max-snippet":"max-snippet:-1","max-image-preview":"max-image-preview:large","max-video-preview":"max-video-preview:-1"},"canonical":"https:\/\/allstarretro.com\/en\/parduotuve\/collecting\/vintage-stickers\/","og_locale":"en_US","og_type":"article","og_title":"Pqlq Vinta\u017einiai Lipdukai","og_description":"APIE LIPDUKUS Pqlq Vinta\u017einiai Lipdukai. Lipdukai turi 100 mai\u0161yt\u0173 vandeniui atspari\u0173 lipduk\u0173, vinta\u017einiai skirting\u0173 stili\u0173 lipdukai, \u012fskaitant senovin\u012f dekor\u0105, daug senovini\u0173 daikt\u0173 element\u0173, su drugeliais ir augalais, mieli \u0161unys ir triu\u0161iai, spalvingi grybai, \u0161viesiai m\u0117lyni dvira\u010diai, atrodo, kad keliavote \u012f senovinis mi\u0161kas akimirksniu ir greitai i\u0161tyr\u0117te kelet\u0105 paslapting\u0173 istorij\u0173. Vinta\u017einio stiliaus lipdukai, esteti\u0161ki, vandeniui atspar\u016bs, vinilo lipdukai vandens buteliams, i\u0161karp\u0173 knygeliams, ne\u0161iojamiesiems kompiuteriams, telefon\u0173 d\u0117klams, puikiai tinka kaip dovana. PQLQ PRIVALUMAI   Vandeniui atspar\u016bs.  100 vnt.  Vinta\u017einio stiliaus.  Prie\u0161 klijuodami \u0161iuos lipdukus, nuvalykite pavir\u0161i\u0173 ir leiskite jam i\u0161d\u017ei\u016bti; atkreipkite d\u0117mes\u012f, kad nelyg\u016bs pavir\u0161iai netinkami klijuoti \u0161iuos lipdukus. Lipduko dydis: 100 vienet\u0173 nesikartojan\u010di\u0173 vinilini\u0173 lipduk\u0173, kiekvienas 4\u20136 cm.","og_url":"https:\/\/allstarretro.com\/en\/parduotuve\/collecting\/vintage-stickers\/","og_site_name":"AllStarRetro","article_publisher":"https:\/\/www.facebook.com\/allstarretroLTU","article_modified_time":"2025-01-31T10:36:19+00:00","og_image":[{"width":1080,"height":1080,"url":"https:\/\/allstarretro.com\/wp-content\/uploads\/2025\/01\/pqlq-vintaziniai-lipdukai-allstarretro.com-.webp","type":"image\/webp"}],"twitter_card":"summary_large_image","twitter_site":"@allstarretroLTU","twitter_misc":{"Price":"25.99&euro;","Availability":"In stock"},"schema":{"@context":"https:\/\/schema.org","@graph":[{"@type":["WebPage","ItemPage"],"@id":"https:\/\/allstarretro.com\/parduotuve\/kolekcionavimas\/pqlq-vintaziniai-lipdukai\/","url":"https:\/\/allstarretro.com\/parduotuve\/kolekcionavimas\/pqlq-vintaziniai-lipdukai\/","name":"Pqlq Vintage Stickers","isPartOf":{"@id":"https:\/\/allstarretro.com\/#website"},"datePublished":"2023-10-31T07:43:39+00:00","dateModified":"2025-01-31T10:36:19+00:00","breadcrumb":{"@id":"https:\/\/allstarretro.com\/parduotuve\/kolekcionavimas\/pqlq-vintaziniai-lipdukai\/#breadcrumb"},"inLanguage":"en-US","potentialAction":[{"@type":"ReadAction","target":["https:\/\/allstarretro.com\/parduotuve\/kolekcionavimas\/pqlq-vintaziniai-lipdukai\/"]}]},{"@type":"BreadcrumbList","@id":"https:\/\/allstarretro.com\/parduotuve\/kolekcionavimas\/pqlq-vintaziniai-lipdukai\/#breadcrumb","itemListElement":[{"@type":"ListItem","position":1,"name":"Home","item":"https:\/\/allstarretro.com\/"},{"@type":"ListItem","position":2,"name":"Retro Stiliaus Nostalgijos Ir Vinta\u017eo Parduotuv\u0117","item":"https:\/\/allstarretro.com\/parduotuve\/"},{"@type":"ListItem","position":3,"name":"Pqlq Vinta\u017einiai Lipdukai"}]},{"@type":"WebSite","@id":"https:\/\/allstarretro.com\/#website","url":"https:\/\/allstarretro.com\/","name":"AllStarRetro","description":"Retro Era Style Products | AllStarRetro","publisher":{"@id":"https:\/\/allstarretro.com\/#organization"},"alternateName":"AllStarRetro","potentialAction":[{"@type":"SearchAction","target":{"@type":"EntryPoint","urlTemplate":"https:\/\/allstarretro.com\/?s={search_term_string}"},"query-input":"required name=search_term_string"}],"inLanguage":"en-US"},{"@type":["Organization","Place","Store"],"@id":"https:\/\/allstarretro.com\/#organization","name":"AllStarRetro","alternateName":"AllStarRetro","url":"https:\/\/allstarretro.com\/","logo":{"@id":"https:\/\/allstarretro.com\/parduotuve\/kolekcionavimas\/pqlq-vintaziniai-lipdukai\/#local-main-organization-logo"},"image":{"@id":"https:\/\/allstarretro.com\/parduotuve\/kolekcionavimas\/pqlq-vintaziniai-lipdukai\/#local-main-organization-logo"},"sameAs":["https:\/\/www.facebook.com\/allstarretroLTU","https:\/\/twitter.com\/allstarretroLTU"],"publishingPrinciples":"https:\/\/allstarretro.com\/","ownershipFundingInfo":"https:\/\/allstarretro.com\/teises-ir-isipareigojimai\/","actionableFeedbackPolicy":"https:\/\/allstarretro.com\/privatumo-politika\/","correctionsPolicy":"https:\/\/allstarretro.com\/pristatymas-ir-taisykles\/","ethicsPolicy":"https:\/\/allstarretro.com\/teises-ir-isipareigojimai\/","diversityPolicy":"https:\/\/allstarretro.com\/privatumo-politika\/","diversityStaffingReport":"https:\/\/allstarretro.com\/privatumo-politika\/","address":{"@id":"https:\/\/allstarretro.com\/parduotuve\/kolekcionavimas\/pqlq-vintaziniai-lipdukai\/#local-main-place-address"},"geo":{"@type":"GeoCoordinates","latitude":"54.8733071","longitude":"23.9494226"},"telephone":["+37068673611"],"openingHoursSpecification":[{"@type":"OpeningHoursSpecification","dayOfWeek":["Monday","Tuesday","Wednesday","Thursday","Friday","Saturday","Sunday"],"opens":"09:00","closes":"17:00"}],"email":"info@allstarretro.com","areaServed":"Lithuania","vatID":"LT100013495416","priceRange":"$$","currenciesAccepted":"Euras","paymentAccepted":"Visa, mastercard"},{"@type":"PostalAddress","@id":"https:\/\/allstarretro.com\/parduotuve\/kolekcionavimas\/pqlq-vintaziniai-lipdukai\/#local-main-place-address","streetAddress":"L.Ivinskio 18a","addressLocality":"Kaunas","postalCode":"45151","addressRegion":"Kaunas","addressCountry":"LT"},{"@type":"ImageObject","inLanguage":"en-US","@id":"https:\/\/allstarretro.com\/parduotuve\/kolekcionavimas\/pqlq-vintaziniai-lipdukai\/#local-main-organization-logo","url":"https:\/\/allstarretro.com\/wp-content\/uploads\/2025\/01\/allstarretro-mini-logo.webp","contentUrl":"https:\/\/allstarretro.com\/wp-content\/uploads\/2025\/01\/allstarretro-mini-logo.webp","width":130,"height":130,"caption":"AllStarRetro"}]},"geo.placename":"Kaunas","geo.position":{"lat":"54.8733071","long":"23.9494226"},"geo.region":"Lithuania"},"_links":{"self":[{"href":"https:\/\/allstarretro.com\/en\/wp-json\/wp\/v2\/product\/33117"}],"collection":[{"href":"https:\/\/allstarretro.com\/en\/wp-json\/wp\/v2\/product"}],"about":[{"href":"https:\/\/allstarretro.com\/en\/wp-json\/wp\/v2\/types\/product"}],"replies":[{"embeddable":true,"href":"https:\/\/allstarretro.com\/en\/wp-json\/wp\/v2\/comments?post=33117"}],"wp:featuredmedia":[{"embeddable":true,"href":"https:\/\/allstarretro.com\/en\/wp-json\/wp\/v2\/media\/33118"}],"wp:attachment":[{"href":"https:\/\/allstarretro.com\/en\/wp-json\/wp\/v2\/media?parent=33117"}],"wp:term":[{"taxonomy":"product_cat","embeddable":true,"href":"https:\/\/allstarretro.com\/en\/wp-json\/wp\/v2\/product_cat?post=33117"},{"taxonomy":"product_tag","embeddable":true,"href":"https:\/\/allstarretro.com\/en\/wp-json\/wp\/v2\/product_tag?post=33117"}],"curies":[{"name":"wp","href":"https:\/\/api.w.org\/{rel}","templated":true}]}}