{"id":33137,"date":"2023-10-31T10:19:53","date_gmt":"2023-10-31T10:19:53","guid":{"rendered":"https:\/\/allstarretro.com\/?post_type=product&#038;p=33137"},"modified":"2025-01-31T10:27:13","modified_gmt":"2025-01-31T10:27:13","slug":"v-axis-gasoline-lighter","status":"publish","type":"product","link":"https:\/\/allstarretro.com\/en\/parduotuve\/kolekcionavimas\/vvay-vintazinis-benzininis-ziebtuvelis\/","title":{"rendered":"Vintage Petrol Lighter"},"content":{"rendered":"","protected":false},"excerpt":{"rendered":"<h2>ABOUT THE LIGHTER<\/h2>\n<p>Vintage Petrol Lighter. This kerosene retro, genuine leather lighter is a great gift for collecting or for a friend's birthday, Christmas, or other holiday.<\/p>\n<h2>WAY PRIVIUMAI<\/h2>\n<ul>\n<li>Luxurious design.<\/li>\n<li>Easy to ignite<\/li>\n<li>High-quality ignition wheel ensures a high probability of ignition, and the windproof design can easily handle various outdoor conditions.<\/li>\n<li>This antique lighter can hold fuel for many days. Refilled with lighter fluid, a full charge can last for about 300 ignitions.<\/li>\n<li>Sold without fluid: for safe transport and storage, the lighter is sold without fluid. Add appropriate lighter fluid before first use.<\/li>\n<\/ul>","protected":false},"featured_media":33138,"comment_status":"open","ping_status":"closed","template":"","meta":{"inline_featured_image":false},"product_cat":[342],"product_tag":[],"class_list":["post-33137","product","type-product","status-publish","has-post-thumbnail","hentry","product_brand-vvay","product_cat-kolekcionavimas"],"acf":[],"yoast_head":"<!-- This site is optimized with the Yoast SEO Premium plugin v21.8 (Yoast SEO v21.8) - https:\/\/yoast.com\/wordpress\/plugins\/seo\/ -->\n<title>Vvay Vinta\u017einis Benzininis \u017diebtuv\u0117lis<\/title>\n<meta name=\"robots\" content=\"index, follow, max-snippet:-1, max-image-preview:large, max-video-preview:-1\" \/>\n<link rel=\"canonical\" href=\"https:\/\/allstarretro.com\/en\/parduotuve\/collecting\/v-axis-gasoline-lighter\/\" \/>\n<meta property=\"og:locale\" content=\"en_US\" \/>\n<meta property=\"og:type\" content=\"article\" \/>\n<meta property=\"og:title\" content=\"Vvay Vinta\u017einis Benzininis \u017diebtuv\u0117lis\" \/>\n<meta property=\"og:description\" content=\"APIE \u017dIEBTUV\u0116L\u012e Vvay Vinta\u017einis Benzininis \u017diebtuv\u0117lis. \u017dibalinis retro, nat\u016bralios odos \u017eiebtuv\u0117lis yra puiki dovana kolekcionavimui arba draugo gimtadienio, kal\u0117d\u0173 ar kit\u0173 \u0161ven\u010di\u0173 proga. VVAY PRIVALUMAI   Prabangus dizainas.  Lengva u\u017esidegti  Auk\u0161tos kokyb\u0117s ugnies ratas u\u017etikrina didel\u0119 u\u017esidegimo tikimyb\u0119, o v\u0117jui atspari konstrukcija gali lengvai susidoroti su \u012fvairiomis lauko s\u0105lygomis.  \u0160is senovinis \u017eiebtuv\u0117lis gali i\u0161laikyti degalus daugel\u012f dien\u0173, papildyti \u017eiebtuv\u0117li\u0173 skys\u010diu, pilnai pripildyto gali u\u017etekti apie 300 kart\u0173.  Parduodamas be skys\u010dio: saugiam transportavimui ir laikymui \u017eiebtuv\u0117lis parduodamas be skys\u010dio, prie\u0161 pirm\u0105 naudojim\u0105 \u012fpilkite atitinkamo \u017eiebtuv\u0117lio skys\u010dio.\" \/>\n<meta property=\"og:url\" content=\"https:\/\/allstarretro.com\/en\/parduotuve\/collecting\/v-axis-gasoline-lighter\/\" \/>\n<meta property=\"og:site_name\" content=\"AllStarRetro\" \/>\n<meta property=\"article:publisher\" content=\"https:\/\/www.facebook.com\/allstarretroLTU\" \/>\n<meta property=\"article:modified_time\" content=\"2025-01-31T10:27:13+00:00\" \/>\n<meta property=\"og:image\" content=\"https:\/\/allstarretro.com\/wp-content\/uploads\/2025\/01\/vvay-vintazinis-benzininis-ziebtuvelis-allstarretro.com-.webp\" \/>\n\t<meta property=\"og:image:width\" content=\"1080\" \/>\n\t<meta property=\"og:image:height\" content=\"1080\" \/>\n\t<meta property=\"og:image:type\" content=\"image\/webp\" \/>\n<meta name=\"twitter:card\" content=\"summary_large_image\" \/>\n<meta name=\"twitter:site\" content=\"@allstarretroLTU\" \/>\n<meta name=\"twitter:label1\" content=\"Price\" \/>\n\t<meta name=\"twitter:data1\" content=\"40.99&euro;\" \/>\n\t<meta name=\"twitter:label2\" content=\"Availability\" \/>\n\t<meta name=\"twitter:data2\" content=\"In stock\" \/>\n<script type=\"application\/ld+json\" class=\"yoast-schema-graph\">{\"@context\":\"https:\/\/schema.org\",\"@graph\":[{\"@type\":[\"WebPage\",\"ItemPage\"],\"@id\":\"https:\/\/allstarretro.com\/parduotuve\/kolekcionavimas\/vvay-vintazinis-benzininis-ziebtuvelis\/\",\"url\":\"https:\/\/allstarretro.com\/parduotuve\/kolekcionavimas\/vvay-vintazinis-benzininis-ziebtuvelis\/\",\"name\":\"Vvay Vinta\u017einis Benzininis \u017diebtuv\u0117lis\",\"isPartOf\":{\"@id\":\"https:\/\/allstarretro.com\/#website\"},\"datePublished\":\"2023-10-31T10:19:53+00:00\",\"dateModified\":\"2025-01-31T10:27:13+00:00\",\"breadcrumb\":{\"@id\":\"https:\/\/allstarretro.com\/parduotuve\/kolekcionavimas\/vvay-vintazinis-benzininis-ziebtuvelis\/#breadcrumb\"},\"inLanguage\":\"en-US\",\"potentialAction\":[{\"@type\":\"ReadAction\",\"target\":[\"https:\/\/allstarretro.com\/parduotuve\/kolekcionavimas\/vvay-vintazinis-benzininis-ziebtuvelis\/\"]}]},{\"@type\":\"BreadcrumbList\",\"@id\":\"https:\/\/allstarretro.com\/parduotuve\/kolekcionavimas\/vvay-vintazinis-benzininis-ziebtuvelis\/#breadcrumb\",\"itemListElement\":[{\"@type\":\"ListItem\",\"position\":1,\"name\":\"Home\",\"item\":\"https:\/\/allstarretro.com\/\"},{\"@type\":\"ListItem\",\"position\":2,\"name\":\"Retro Stiliaus Nostalgijos Ir Vinta\u017eo Parduotuv\u0117\",\"item\":\"https:\/\/allstarretro.com\/parduotuve\/\"},{\"@type\":\"ListItem\",\"position\":3,\"name\":\"Vvay Vinta\u017einis Benzininis \u017diebtuv\u0117lis\"}]},{\"@type\":\"WebSite\",\"@id\":\"https:\/\/allstarretro.com\/#website\",\"url\":\"https:\/\/allstarretro.com\/\",\"name\":\"AllStarRetro\",\"description\":\"Retro Laikotarpio Stiliaus Produktai | AllStarRetro\",\"publisher\":{\"@id\":\"https:\/\/allstarretro.com\/#organization\"},\"alternateName\":\"AllStarRetro\",\"potentialAction\":[{\"@type\":\"SearchAction\",\"target\":{\"@type\":\"EntryPoint\",\"urlTemplate\":\"https:\/\/allstarretro.com\/?s={search_term_string}\"},\"query-input\":\"required name=search_term_string\"}],\"inLanguage\":\"en-US\"},{\"@type\":[\"Organization\",\"Place\",\"Store\"],\"@id\":\"https:\/\/allstarretro.com\/#organization\",\"name\":\"AllStarRetro\",\"alternateName\":\"AllStarRetro\",\"url\":\"https:\/\/allstarretro.com\/\",\"logo\":{\"@id\":\"https:\/\/allstarretro.com\/parduotuve\/kolekcionavimas\/vvay-vintazinis-benzininis-ziebtuvelis\/#local-main-organization-logo\"},\"image\":{\"@id\":\"https:\/\/allstarretro.com\/parduotuve\/kolekcionavimas\/vvay-vintazinis-benzininis-ziebtuvelis\/#local-main-organization-logo\"},\"sameAs\":[\"https:\/\/www.facebook.com\/allstarretroLTU\",\"https:\/\/twitter.com\/allstarretroLTU\"],\"publishingPrinciples\":\"https:\/\/allstarretro.com\/\",\"ownershipFundingInfo\":\"https:\/\/allstarretro.com\/teises-ir-isipareigojimai\/\",\"actionableFeedbackPolicy\":\"https:\/\/allstarretro.com\/privatumo-politika\/\",\"correctionsPolicy\":\"https:\/\/allstarretro.com\/pristatymas-ir-taisykles\/\",\"ethicsPolicy\":\"https:\/\/allstarretro.com\/teises-ir-isipareigojimai\/\",\"diversityPolicy\":\"https:\/\/allstarretro.com\/privatumo-politika\/\",\"diversityStaffingReport\":\"https:\/\/allstarretro.com\/privatumo-politika\/\",\"address\":{\"@id\":\"https:\/\/allstarretro.com\/parduotuve\/kolekcionavimas\/vvay-vintazinis-benzininis-ziebtuvelis\/#local-main-place-address\"},\"geo\":{\"@type\":\"GeoCoordinates\",\"latitude\":\"54.8733071\",\"longitude\":\"23.9494226\"},\"telephone\":[\"+37068673611\"],\"openingHoursSpecification\":[{\"@type\":\"OpeningHoursSpecification\",\"dayOfWeek\":[\"Monday\",\"Tuesday\",\"Wednesday\",\"Thursday\",\"Friday\",\"Saturday\",\"Sunday\"],\"opens\":\"09:00\",\"closes\":\"17:00\"}],\"email\":\"info@allstarretro.com\",\"areaServed\":\"Lithuania\",\"vatID\":\"LT100013495416\",\"priceRange\":\"$$\",\"currenciesAccepted\":\"Euras\",\"paymentAccepted\":\"Visa, mastercard\"},{\"@type\":\"PostalAddress\",\"@id\":\"https:\/\/allstarretro.com\/parduotuve\/kolekcionavimas\/vvay-vintazinis-benzininis-ziebtuvelis\/#local-main-place-address\",\"streetAddress\":\"L.Ivinskio 18a\",\"addressLocality\":\"Kaunas\",\"postalCode\":\"45151\",\"addressRegion\":\"Kaunas\",\"addressCountry\":\"LT\"},{\"@type\":\"ImageObject\",\"inLanguage\":\"en-US\",\"@id\":\"https:\/\/allstarretro.com\/parduotuve\/kolekcionavimas\/vvay-vintazinis-benzininis-ziebtuvelis\/#local-main-organization-logo\",\"url\":\"https:\/\/allstarretro.com\/wp-content\/uploads\/2025\/01\/allstarretro-mini-logo.webp\",\"contentUrl\":\"https:\/\/allstarretro.com\/wp-content\/uploads\/2025\/01\/allstarretro-mini-logo.webp\",\"width\":130,\"height\":130,\"caption\":\"AllStarRetro\"}]}<\/script>\n<meta name=\"geo.placename\" content=\"Kaunas\" \/>\n<meta name=\"geo.position\" content=\"54.8733071;23.9494226\" \/>\n<meta name=\"geo.region\" content=\"Lithuania\" \/>\n<!-- \/ Yoast SEO Premium plugin. -->","yoast_head_json":{"title":"Vintage Petrol Lighter","robots":{"index":"index","follow":"follow","max-snippet":"max-snippet:-1","max-image-preview":"max-image-preview:large","max-video-preview":"max-video-preview:-1"},"canonical":"https:\/\/allstarretro.com\/en\/parduotuve\/collecting\/v-axis-gasoline-lighter\/","og_locale":"en_US","og_type":"article","og_title":"Vvay Vinta\u017einis Benzininis \u017diebtuv\u0117lis","og_description":"APIE \u017dIEBTUV\u0116L\u012e Vvay Vinta\u017einis Benzininis \u017diebtuv\u0117lis. \u017dibalinis retro, nat\u016bralios odos \u017eiebtuv\u0117lis yra puiki dovana kolekcionavimui arba draugo gimtadienio, kal\u0117d\u0173 ar kit\u0173 \u0161ven\u010di\u0173 proga. VVAY PRIVALUMAI   Prabangus dizainas.  Lengva u\u017esidegti  Auk\u0161tos kokyb\u0117s ugnies ratas u\u017etikrina didel\u0119 u\u017esidegimo tikimyb\u0119, o v\u0117jui atspari konstrukcija gali lengvai susidoroti su \u012fvairiomis lauko s\u0105lygomis.  \u0160is senovinis \u017eiebtuv\u0117lis gali i\u0161laikyti degalus daugel\u012f dien\u0173, papildyti \u017eiebtuv\u0117li\u0173 skys\u010diu, pilnai pripildyto gali u\u017etekti apie 300 kart\u0173.  Parduodamas be skys\u010dio: saugiam transportavimui ir laikymui \u017eiebtuv\u0117lis parduodamas be skys\u010dio, prie\u0161 pirm\u0105 naudojim\u0105 \u012fpilkite atitinkamo \u017eiebtuv\u0117lio skys\u010dio.","og_url":"https:\/\/allstarretro.com\/en\/parduotuve\/collecting\/v-axis-gasoline-lighter\/","og_site_name":"AllStarRetro","article_publisher":"https:\/\/www.facebook.com\/allstarretroLTU","article_modified_time":"2025-01-31T10:27:13+00:00","og_image":[{"width":1080,"height":1080,"url":"https:\/\/allstarretro.com\/wp-content\/uploads\/2025\/01\/vvay-vintazinis-benzininis-ziebtuvelis-allstarretro.com-.webp","type":"image\/webp"}],"twitter_card":"summary_large_image","twitter_site":"@allstarretroLTU","twitter_misc":{"Price":"40.99&euro;","Availability":"In stock"},"schema":{"@context":"https:\/\/schema.org","@graph":[{"@type":["WebPage","ItemPage"],"@id":"https:\/\/allstarretro.com\/parduotuve\/kolekcionavimas\/vvay-vintazinis-benzininis-ziebtuvelis\/","url":"https:\/\/allstarretro.com\/parduotuve\/kolekcionavimas\/vvay-vintazinis-benzininis-ziebtuvelis\/","name":"Vintage Petrol Lighter","isPartOf":{"@id":"https:\/\/allstarretro.com\/#website"},"datePublished":"2023-10-31T10:19:53+00:00","dateModified":"2025-01-31T10:27:13+00:00","breadcrumb":{"@id":"https:\/\/allstarretro.com\/parduotuve\/kolekcionavimas\/vvay-vintazinis-benzininis-ziebtuvelis\/#breadcrumb"},"inLanguage":"en-US","potentialAction":[{"@type":"ReadAction","target":["https:\/\/allstarretro.com\/parduotuve\/kolekcionavimas\/vvay-vintazinis-benzininis-ziebtuvelis\/"]}]},{"@type":"BreadcrumbList","@id":"https:\/\/allstarretro.com\/parduotuve\/kolekcionavimas\/vvay-vintazinis-benzininis-ziebtuvelis\/#breadcrumb","itemListElement":[{"@type":"ListItem","position":1,"name":"Home","item":"https:\/\/allstarretro.com\/"},{"@type":"ListItem","position":2,"name":"Retro Stiliaus Nostalgijos Ir Vinta\u017eo Parduotuv\u0117","item":"https:\/\/allstarretro.com\/parduotuve\/"},{"@type":"ListItem","position":3,"name":"Vvay Vinta\u017einis Benzininis \u017diebtuv\u0117lis"}]},{"@type":"WebSite","@id":"https:\/\/allstarretro.com\/#website","url":"https:\/\/allstarretro.com\/","name":"AllStarRetro","description":"Retro Era Style Products | AllStarRetro","publisher":{"@id":"https:\/\/allstarretro.com\/#organization"},"alternateName":"AllStarRetro","potentialAction":[{"@type":"SearchAction","target":{"@type":"EntryPoint","urlTemplate":"https:\/\/allstarretro.com\/?s={search_term_string}"},"query-input":"required name=search_term_string"}],"inLanguage":"en-US"},{"@type":["Organization","Place","Store"],"@id":"https:\/\/allstarretro.com\/#organization","name":"AllStarRetro","alternateName":"AllStarRetro","url":"https:\/\/allstarretro.com\/","logo":{"@id":"https:\/\/allstarretro.com\/parduotuve\/kolekcionavimas\/vvay-vintazinis-benzininis-ziebtuvelis\/#local-main-organization-logo"},"image":{"@id":"https:\/\/allstarretro.com\/parduotuve\/kolekcionavimas\/vvay-vintazinis-benzininis-ziebtuvelis\/#local-main-organization-logo"},"sameAs":["https:\/\/www.facebook.com\/allstarretroLTU","https:\/\/twitter.com\/allstarretroLTU"],"publishingPrinciples":"https:\/\/allstarretro.com\/","ownershipFundingInfo":"https:\/\/allstarretro.com\/teises-ir-isipareigojimai\/","actionableFeedbackPolicy":"https:\/\/allstarretro.com\/privatumo-politika\/","correctionsPolicy":"https:\/\/allstarretro.com\/pristatymas-ir-taisykles\/","ethicsPolicy":"https:\/\/allstarretro.com\/teises-ir-isipareigojimai\/","diversityPolicy":"https:\/\/allstarretro.com\/privatumo-politika\/","diversityStaffingReport":"https:\/\/allstarretro.com\/privatumo-politika\/","address":{"@id":"https:\/\/allstarretro.com\/parduotuve\/kolekcionavimas\/vvay-vintazinis-benzininis-ziebtuvelis\/#local-main-place-address"},"geo":{"@type":"GeoCoordinates","latitude":"54.8733071","longitude":"23.9494226"},"telephone":["+37068673611"],"openingHoursSpecification":[{"@type":"OpeningHoursSpecification","dayOfWeek":["Monday","Tuesday","Wednesday","Thursday","Friday","Saturday","Sunday"],"opens":"09:00","closes":"17:00"}],"email":"info@allstarretro.com","areaServed":"Lithuania","vatID":"LT100013495416","priceRange":"$$","currenciesAccepted":"Euras","paymentAccepted":"Visa, mastercard"},{"@type":"PostalAddress","@id":"https:\/\/allstarretro.com\/parduotuve\/kolekcionavimas\/vvay-vintazinis-benzininis-ziebtuvelis\/#local-main-place-address","streetAddress":"L.Ivinskio 18a","addressLocality":"Kaunas","postalCode":"45151","addressRegion":"Kaunas","addressCountry":"LT"},{"@type":"ImageObject","inLanguage":"en-US","@id":"https:\/\/allstarretro.com\/parduotuve\/kolekcionavimas\/vvay-vintazinis-benzininis-ziebtuvelis\/#local-main-organization-logo","url":"https:\/\/allstarretro.com\/wp-content\/uploads\/2025\/01\/allstarretro-mini-logo.webp","contentUrl":"https:\/\/allstarretro.com\/wp-content\/uploads\/2025\/01\/allstarretro-mini-logo.webp","width":130,"height":130,"caption":"AllStarRetro"}]},"geo.placename":"Kaunas","geo.position":{"lat":"54.8733071","long":"23.9494226"},"geo.region":"Lithuania"},"_links":{"self":[{"href":"https:\/\/allstarretro.com\/en\/wp-json\/wp\/v2\/product\/33137"}],"collection":[{"href":"https:\/\/allstarretro.com\/en\/wp-json\/wp\/v2\/product"}],"about":[{"href":"https:\/\/allstarretro.com\/en\/wp-json\/wp\/v2\/types\/product"}],"replies":[{"embeddable":true,"href":"https:\/\/allstarretro.com\/en\/wp-json\/wp\/v2\/comments?post=33137"}],"wp:featuredmedia":[{"embeddable":true,"href":"https:\/\/allstarretro.com\/en\/wp-json\/wp\/v2\/media\/33138"}],"wp:attachment":[{"href":"https:\/\/allstarretro.com\/en\/wp-json\/wp\/v2\/media?parent=33137"}],"wp:term":[{"taxonomy":"product_cat","embeddable":true,"href":"https:\/\/allstarretro.com\/en\/wp-json\/wp\/v2\/product_cat?post=33137"},{"taxonomy":"product_tag","embeddable":true,"href":"https:\/\/allstarretro.com\/en\/wp-json\/wp\/v2\/product_tag?post=33137"}],"curies":[{"name":"wp","href":"https:\/\/api.w.org\/{rel}","templated":true}]}}