{"id":33141,"date":"2023-11-03T11:30:29","date_gmt":"2023-11-03T11:30:29","guid":{"rendered":"https:\/\/allstarretro.com\/?post_type=product&#038;p=33141"},"modified":"2025-01-31T10:35:24","modified_gmt":"2025-01-31T10:35:24","slug":"toys4boys-plazmine-lempa","status":"publish","type":"product","link":"https:\/\/allstarretro.com\/en\/parduotuve\/namu-interjeras\/toys4boys-plazmine-lempa\/","title":{"rendered":"Toys4Boys Plasma Lamp"},"content":{"rendered":"","protected":false},"excerpt":{"rendered":"<h2>APIE LEMP\u0104<\/h2>\n<p>Toys4boys Plazmin\u0117 Lempa. Plazmin\u0117 lempa yra i\u0161skirtinio dizaino, kuri pagyvins J\u016bs\u0173 na\u0173 interjer\u0105. Kamuoliukai supakuoti \u012f put\u0173 polistiren\u0105, tod\u0117l galite b\u016bti tikri, kad transportuojant jie nebus pa\u017eeisti.<\/p>\n<h2>PLAZMIN\u0116S LEMPOS PRIVALUMAI<\/h2>\n<ul>\n<li>Lietimui jautri lempa.<\/li>\n<li>\u0160viesos srautai lydi pir\u0161t\u0105, kai palie\u010diate kamuol\u012f, sukurdami nuostab\u0173 \u0161viesos \u0161ou.<\/li>\n<li>Jungiklis, suaktyvinantis Garso parinkt\u012f \u2013 rutulys mirksi pagal muzikos ritm\u0105 (\u0160i parinktis veikia tik esant LABAI garsiai muzikai, pvz., Vakar\u0117lio metu).<\/li>\n<li>Kamuoliuko skersmuo: 19 cm, apimtis 60 cm.<\/li>\n<li>\u0160viestuvo i\u0161matavimai: auk\u0161tis 28 cm, plotis 20 cm.<\/li>\n<li>Puikus nam\u0173 \u012ftaisas.<\/li>\n<li>Netradicinis interjero elementas.<\/li>\n<li>Saugus sveikatai.<\/li>\n<li>Tai ne \u017eaislas. Vaikai gali naudoti \u012frengin\u012f pri\u017ei\u016brimi savo t\u0117v\u0173.<\/li>\n<li>Pridedamas laidas su maitinimo \u0161altiniu \u012f lizd\u0105.<\/li>\n<\/ul>","protected":false},"featured_media":33142,"comment_status":"open","ping_status":"closed","template":"","meta":{"inline_featured_image":false},"product_cat":[340],"product_tag":[],"class_list":["post-33141","product","type-product","status-publish","has-post-thumbnail","hentry","product_brand-toys4boys","product_cat-namu-interjeras"],"acf":[],"yoast_head":"<!-- This site is optimized with the Yoast SEO Premium plugin v21.8 (Yoast SEO v21.8) - https:\/\/yoast.com\/wordpress\/plugins\/seo\/ -->\n<title>Toys4Boys Plazmin\u0117 Lempa<\/title>\n<meta name=\"robots\" content=\"index, follow, max-snippet:-1, max-image-preview:large, max-video-preview:-1\" \/>\n<link rel=\"canonical\" href=\"https:\/\/allstarretro.com\/en\/parduotuve\/tree-interior\/toys4boys-plazmine-lempa\/\" \/>\n<meta property=\"og:locale\" content=\"en_US\" \/>\n<meta property=\"og:type\" content=\"article\" \/>\n<meta property=\"og:title\" content=\"Toys4Boys Plazmin\u0117 Lempa\" \/>\n<meta property=\"og:description\" content=\"APIE LEMP\u0104 Toys4boys Plazmin\u0117 Lempa. Plazmin\u0117 lempa yra i\u0161skirtinio dizaino, kuri pagyvins J\u016bs\u0173 na\u0173 interjer\u0105. Kamuoliukai supakuoti \u012f put\u0173 polistiren\u0105, tod\u0117l galite b\u016bti tikri, kad transportuojant jie nebus pa\u017eeisti. PLAZMIN\u0116S LEMPOS PRIVALUMAI   Lietimui jautri lempa.  \u0160viesos srautai lydi pir\u0161t\u0105, kai palie\u010diate kamuol\u012f, sukurdami nuostab\u0173 \u0161viesos \u0161ou.  Jungiklis, suaktyvinantis Garso parinkt\u012f \u2013 rutulys mirksi pagal muzikos ritm\u0105 (\u0160i parinktis veikia tik esant LABAI garsiai muzikai, pvz., Vakar\u0117lio metu).  Kamuoliuko skersmuo: 19 cm, apimtis 60 cm.  \u0160viestuvo i\u0161matavimai: auk\u0161tis 28 cm, plotis 20 cm.  Puikus nam\u0173 \u012ftaisas.  Netradicinis interjero elementas.  Saugus sveikatai.  Tai ne \u017eaislas. Vaikai gali naudoti \u012frengin\u012f pri\u017ei\u016brimi savo t\u0117v\u0173.  Pridedamas laidas su maitinimo \u0161altiniu \u012f lizd\u0105.\" \/>\n<meta property=\"og:url\" content=\"https:\/\/allstarretro.com\/en\/parduotuve\/tree-interior\/toys4boys-plazmine-lempa\/\" \/>\n<meta property=\"og:site_name\" content=\"AllStarRetro\" \/>\n<meta property=\"article:publisher\" content=\"https:\/\/www.facebook.com\/allstarretroLTU\" \/>\n<meta property=\"article:modified_time\" content=\"2025-01-31T10:35:24+00:00\" \/>\n<meta property=\"og:image\" content=\"https:\/\/allstarretro.com\/wp-content\/uploads\/2025\/01\/Toys4boys-plazmine-lempa-allstarretro.com_.webp\" \/>\n\t<meta property=\"og:image:width\" content=\"1080\" \/>\n\t<meta property=\"og:image:height\" content=\"1080\" \/>\n\t<meta property=\"og:image:type\" content=\"image\/webp\" \/>\n<meta name=\"twitter:card\" content=\"summary_large_image\" \/>\n<meta name=\"twitter:site\" content=\"@allstarretroLTU\" \/>\n<meta name=\"twitter:label1\" content=\"Price\" \/>\n\t<meta name=\"twitter:data1\" content=\"75.99&euro;\" \/>\n\t<meta name=\"twitter:label2\" content=\"Availability\" \/>\n\t<meta name=\"twitter:data2\" content=\"In stock\" \/>\n<script type=\"application\/ld+json\" class=\"yoast-schema-graph\">{\"@context\":\"https:\/\/schema.org\",\"@graph\":[{\"@type\":[\"WebPage\",\"ItemPage\"],\"@id\":\"https:\/\/allstarretro.com\/parduotuve\/namu-interjeras\/toys4boys-plazmine-lempa\/\",\"url\":\"https:\/\/allstarretro.com\/parduotuve\/namu-interjeras\/toys4boys-plazmine-lempa\/\",\"name\":\"Toys4Boys Plazmin\u0117 Lempa\",\"isPartOf\":{\"@id\":\"https:\/\/allstarretro.com\/#website\"},\"datePublished\":\"2023-11-03T11:30:29+00:00\",\"dateModified\":\"2025-01-31T10:35:24+00:00\",\"breadcrumb\":{\"@id\":\"https:\/\/allstarretro.com\/parduotuve\/namu-interjeras\/toys4boys-plazmine-lempa\/#breadcrumb\"},\"inLanguage\":\"en-US\",\"potentialAction\":[{\"@type\":\"ReadAction\",\"target\":[\"https:\/\/allstarretro.com\/parduotuve\/namu-interjeras\/toys4boys-plazmine-lempa\/\"]}]},{\"@type\":\"BreadcrumbList\",\"@id\":\"https:\/\/allstarretro.com\/parduotuve\/namu-interjeras\/toys4boys-plazmine-lempa\/#breadcrumb\",\"itemListElement\":[{\"@type\":\"ListItem\",\"position\":1,\"name\":\"Home\",\"item\":\"https:\/\/allstarretro.com\/\"},{\"@type\":\"ListItem\",\"position\":2,\"name\":\"Retro Stiliaus Nostalgijos Ir Vinta\u017eo Parduotuv\u0117\",\"item\":\"https:\/\/allstarretro.com\/parduotuve\/\"},{\"@type\":\"ListItem\",\"position\":3,\"name\":\"Toys4Boys Plazmin\u0117 Lempa\"}]},{\"@type\":\"WebSite\",\"@id\":\"https:\/\/allstarretro.com\/#website\",\"url\":\"https:\/\/allstarretro.com\/\",\"name\":\"AllStarRetro\",\"description\":\"Retro Laikotarpio Stiliaus Produktai | AllStarRetro\",\"publisher\":{\"@id\":\"https:\/\/allstarretro.com\/#organization\"},\"alternateName\":\"AllStarRetro\",\"potentialAction\":[{\"@type\":\"SearchAction\",\"target\":{\"@type\":\"EntryPoint\",\"urlTemplate\":\"https:\/\/allstarretro.com\/?s={search_term_string}\"},\"query-input\":\"required name=search_term_string\"}],\"inLanguage\":\"en-US\"},{\"@type\":[\"Organization\",\"Place\",\"Store\"],\"@id\":\"https:\/\/allstarretro.com\/#organization\",\"name\":\"AllStarRetro\",\"alternateName\":\"AllStarRetro\",\"url\":\"https:\/\/allstarretro.com\/\",\"logo\":{\"@id\":\"https:\/\/allstarretro.com\/parduotuve\/namu-interjeras\/toys4boys-plazmine-lempa\/#local-main-organization-logo\"},\"image\":{\"@id\":\"https:\/\/allstarretro.com\/parduotuve\/namu-interjeras\/toys4boys-plazmine-lempa\/#local-main-organization-logo\"},\"sameAs\":[\"https:\/\/www.facebook.com\/allstarretroLTU\",\"https:\/\/twitter.com\/allstarretroLTU\"],\"publishingPrinciples\":\"https:\/\/allstarretro.com\/\",\"ownershipFundingInfo\":\"https:\/\/allstarretro.com\/teises-ir-isipareigojimai\/\",\"actionableFeedbackPolicy\":\"https:\/\/allstarretro.com\/privatumo-politika\/\",\"correctionsPolicy\":\"https:\/\/allstarretro.com\/pristatymas-ir-taisykles\/\",\"ethicsPolicy\":\"https:\/\/allstarretro.com\/teises-ir-isipareigojimai\/\",\"diversityPolicy\":\"https:\/\/allstarretro.com\/privatumo-politika\/\",\"diversityStaffingReport\":\"https:\/\/allstarretro.com\/privatumo-politika\/\",\"address\":{\"@id\":\"https:\/\/allstarretro.com\/parduotuve\/namu-interjeras\/toys4boys-plazmine-lempa\/#local-main-place-address\"},\"geo\":{\"@type\":\"GeoCoordinates\",\"latitude\":\"54.8733071\",\"longitude\":\"23.9494226\"},\"telephone\":[\"+37068673611\"],\"openingHoursSpecification\":[{\"@type\":\"OpeningHoursSpecification\",\"dayOfWeek\":[\"Monday\",\"Tuesday\",\"Wednesday\",\"Thursday\",\"Friday\",\"Saturday\",\"Sunday\"],\"opens\":\"09:00\",\"closes\":\"17:00\"}],\"email\":\"info@allstarretro.com\",\"areaServed\":\"Lithuania\",\"vatID\":\"LT100013495416\",\"priceRange\":\"$$\",\"currenciesAccepted\":\"Euras\",\"paymentAccepted\":\"Visa, mastercard\"},{\"@type\":\"PostalAddress\",\"@id\":\"https:\/\/allstarretro.com\/parduotuve\/namu-interjeras\/toys4boys-plazmine-lempa\/#local-main-place-address\",\"streetAddress\":\"L.Ivinskio 18a\",\"addressLocality\":\"Kaunas\",\"postalCode\":\"45151\",\"addressRegion\":\"Kaunas\",\"addressCountry\":\"LT\"},{\"@type\":\"ImageObject\",\"inLanguage\":\"en-US\",\"@id\":\"https:\/\/allstarretro.com\/parduotuve\/namu-interjeras\/toys4boys-plazmine-lempa\/#local-main-organization-logo\",\"url\":\"https:\/\/allstarretro.com\/wp-content\/uploads\/2025\/01\/allstarretro-mini-logo.webp\",\"contentUrl\":\"https:\/\/allstarretro.com\/wp-content\/uploads\/2025\/01\/allstarretro-mini-logo.webp\",\"width\":130,\"height\":130,\"caption\":\"AllStarRetro\"}]}<\/script>\n<meta name=\"geo.placename\" content=\"Kaunas\" \/>\n<meta name=\"geo.position\" content=\"54.8733071;23.9494226\" \/>\n<meta name=\"geo.region\" content=\"Lithuania\" \/>\n<!-- \/ Yoast SEO Premium plugin. -->","yoast_head_json":{"title":"Toys4Boys Plasma Lamp","robots":{"index":"index","follow":"follow","max-snippet":"max-snippet:-1","max-image-preview":"max-image-preview:large","max-video-preview":"max-video-preview:-1"},"canonical":"https:\/\/allstarretro.com\/en\/parduotuve\/tree-interior\/toys4boys-plazmine-lempa\/","og_locale":"en_US","og_type":"article","og_title":"Toys4Boys Plazmin\u0117 Lempa","og_description":"APIE LEMP\u0104 Toys4boys Plazmin\u0117 Lempa. Plazmin\u0117 lempa yra i\u0161skirtinio dizaino, kuri pagyvins J\u016bs\u0173 na\u0173 interjer\u0105. Kamuoliukai supakuoti \u012f put\u0173 polistiren\u0105, tod\u0117l galite b\u016bti tikri, kad transportuojant jie nebus pa\u017eeisti. PLAZMIN\u0116S LEMPOS PRIVALUMAI   Lietimui jautri lempa.  \u0160viesos srautai lydi pir\u0161t\u0105, kai palie\u010diate kamuol\u012f, sukurdami nuostab\u0173 \u0161viesos \u0161ou.  Jungiklis, suaktyvinantis Garso parinkt\u012f \u2013 rutulys mirksi pagal muzikos ritm\u0105 (\u0160i parinktis veikia tik esant LABAI garsiai muzikai, pvz., Vakar\u0117lio metu).  Kamuoliuko skersmuo: 19 cm, apimtis 60 cm.  \u0160viestuvo i\u0161matavimai: auk\u0161tis 28 cm, plotis 20 cm.  Puikus nam\u0173 \u012ftaisas.  Netradicinis interjero elementas.  Saugus sveikatai.  Tai ne \u017eaislas. Vaikai gali naudoti \u012frengin\u012f pri\u017ei\u016brimi savo t\u0117v\u0173.  Pridedamas laidas su maitinimo \u0161altiniu \u012f lizd\u0105.","og_url":"https:\/\/allstarretro.com\/en\/parduotuve\/tree-interior\/toys4boys-plazmine-lempa\/","og_site_name":"AllStarRetro","article_publisher":"https:\/\/www.facebook.com\/allstarretroLTU","article_modified_time":"2025-01-31T10:35:24+00:00","og_image":[{"width":1080,"height":1080,"url":"https:\/\/allstarretro.com\/wp-content\/uploads\/2025\/01\/Toys4boys-plazmine-lempa-allstarretro.com_.webp","type":"image\/webp"}],"twitter_card":"summary_large_image","twitter_site":"@allstarretroLTU","twitter_misc":{"Price":"75.99&euro;","Availability":"In stock"},"schema":{"@context":"https:\/\/schema.org","@graph":[{"@type":["WebPage","ItemPage"],"@id":"https:\/\/allstarretro.com\/parduotuve\/namu-interjeras\/toys4boys-plazmine-lempa\/","url":"https:\/\/allstarretro.com\/parduotuve\/namu-interjeras\/toys4boys-plazmine-lempa\/","name":"Toys4Boys Plasma Lamp","isPartOf":{"@id":"https:\/\/allstarretro.com\/#website"},"datePublished":"2023-11-03T11:30:29+00:00","dateModified":"2025-01-31T10:35:24+00:00","breadcrumb":{"@id":"https:\/\/allstarretro.com\/parduotuve\/namu-interjeras\/toys4boys-plazmine-lempa\/#breadcrumb"},"inLanguage":"en-US","potentialAction":[{"@type":"ReadAction","target":["https:\/\/allstarretro.com\/parduotuve\/namu-interjeras\/toys4boys-plazmine-lempa\/"]}]},{"@type":"BreadcrumbList","@id":"https:\/\/allstarretro.com\/parduotuve\/namu-interjeras\/toys4boys-plazmine-lempa\/#breadcrumb","itemListElement":[{"@type":"ListItem","position":1,"name":"Home","item":"https:\/\/allstarretro.com\/"},{"@type":"ListItem","position":2,"name":"Retro Stiliaus Nostalgijos Ir Vinta\u017eo Parduotuv\u0117","item":"https:\/\/allstarretro.com\/parduotuve\/"},{"@type":"ListItem","position":3,"name":"Toys4Boys Plazmin\u0117 Lempa"}]},{"@type":"WebSite","@id":"https:\/\/allstarretro.com\/#website","url":"https:\/\/allstarretro.com\/","name":"AllStarRetro","description":"Retro Era Style Products | AllStarRetro","publisher":{"@id":"https:\/\/allstarretro.com\/#organization"},"alternateName":"AllStarRetro","potentialAction":[{"@type":"SearchAction","target":{"@type":"EntryPoint","urlTemplate":"https:\/\/allstarretro.com\/?s={search_term_string}"},"query-input":"required name=search_term_string"}],"inLanguage":"en-US"},{"@type":["Organization","Place","Store"],"@id":"https:\/\/allstarretro.com\/#organization","name":"AllStarRetro","alternateName":"AllStarRetro","url":"https:\/\/allstarretro.com\/","logo":{"@id":"https:\/\/allstarretro.com\/parduotuve\/namu-interjeras\/toys4boys-plazmine-lempa\/#local-main-organization-logo"},"image":{"@id":"https:\/\/allstarretro.com\/parduotuve\/namu-interjeras\/toys4boys-plazmine-lempa\/#local-main-organization-logo"},"sameAs":["https:\/\/www.facebook.com\/allstarretroLTU","https:\/\/twitter.com\/allstarretroLTU"],"publishingPrinciples":"https:\/\/allstarretro.com\/","ownershipFundingInfo":"https:\/\/allstarretro.com\/teises-ir-isipareigojimai\/","actionableFeedbackPolicy":"https:\/\/allstarretro.com\/privatumo-politika\/","correctionsPolicy":"https:\/\/allstarretro.com\/pristatymas-ir-taisykles\/","ethicsPolicy":"https:\/\/allstarretro.com\/teises-ir-isipareigojimai\/","diversityPolicy":"https:\/\/allstarretro.com\/privatumo-politika\/","diversityStaffingReport":"https:\/\/allstarretro.com\/privatumo-politika\/","address":{"@id":"https:\/\/allstarretro.com\/parduotuve\/namu-interjeras\/toys4boys-plazmine-lempa\/#local-main-place-address"},"geo":{"@type":"GeoCoordinates","latitude":"54.8733071","longitude":"23.9494226"},"telephone":["+37068673611"],"openingHoursSpecification":[{"@type":"OpeningHoursSpecification","dayOfWeek":["Monday","Tuesday","Wednesday","Thursday","Friday","Saturday","Sunday"],"opens":"09:00","closes":"17:00"}],"email":"info@allstarretro.com","areaServed":"Lithuania","vatID":"LT100013495416","priceRange":"$$","currenciesAccepted":"Euras","paymentAccepted":"Visa, mastercard"},{"@type":"PostalAddress","@id":"https:\/\/allstarretro.com\/parduotuve\/namu-interjeras\/toys4boys-plazmine-lempa\/#local-main-place-address","streetAddress":"L.Ivinskio 18a","addressLocality":"Kaunas","postalCode":"45151","addressRegion":"Kaunas","addressCountry":"LT"},{"@type":"ImageObject","inLanguage":"en-US","@id":"https:\/\/allstarretro.com\/parduotuve\/namu-interjeras\/toys4boys-plazmine-lempa\/#local-main-organization-logo","url":"https:\/\/allstarretro.com\/wp-content\/uploads\/2025\/01\/allstarretro-mini-logo.webp","contentUrl":"https:\/\/allstarretro.com\/wp-content\/uploads\/2025\/01\/allstarretro-mini-logo.webp","width":130,"height":130,"caption":"AllStarRetro"}]},"geo.placename":"Kaunas","geo.position":{"lat":"54.8733071","long":"23.9494226"},"geo.region":"Lithuania"},"_links":{"self":[{"href":"https:\/\/allstarretro.com\/en\/wp-json\/wp\/v2\/product\/33141"}],"collection":[{"href":"https:\/\/allstarretro.com\/en\/wp-json\/wp\/v2\/product"}],"about":[{"href":"https:\/\/allstarretro.com\/en\/wp-json\/wp\/v2\/types\/product"}],"replies":[{"embeddable":true,"href":"https:\/\/allstarretro.com\/en\/wp-json\/wp\/v2\/comments?post=33141"}],"wp:featuredmedia":[{"embeddable":true,"href":"https:\/\/allstarretro.com\/en\/wp-json\/wp\/v2\/media\/33142"}],"wp:attachment":[{"href":"https:\/\/allstarretro.com\/en\/wp-json\/wp\/v2\/media?parent=33141"}],"wp:term":[{"taxonomy":"product_cat","embeddable":true,"href":"https:\/\/allstarretro.com\/en\/wp-json\/wp\/v2\/product_cat?post=33141"},{"taxonomy":"product_tag","embeddable":true,"href":"https:\/\/allstarretro.com\/en\/wp-json\/wp\/v2\/product_tag?post=33141"}],"curies":[{"name":"wp","href":"https:\/\/api.w.org\/{rel}","templated":true}]}}