{"id":33144,"date":"2023-11-04T08:13:53","date_gmt":"2023-11-04T08:13:53","guid":{"rendered":"https:\/\/allstarretro.com\/?post_type=product&#038;p=33144"},"modified":"2025-01-31T10:31:27","modified_gmt":"2025-01-31T10:31:27","slug":"toys4boys-cukraus-vatos-gaminimo-masina","status":"publish","type":"product","link":"https:\/\/allstarretro.com\/en\/parduotuve\/technika\/virtuve\/toys4boys-cukraus-vatos-gaminimo-masina\/","title":{"rendered":"Toys4Boys Cotton Candy Maker"},"content":{"rendered":"","protected":false},"excerpt":{"rendered":"<h2>APIE GAMINIMO MA\u0160IN\u0104<\/h2>\n<p>Toys4Boys Cukraus Vatos Gaminimo Ma\u0161ina. Turb\u016bt n\u0117ra \u017emogaus, kuris nem\u0117gt\u0173 cukraus vatos, nepaisant am\u017eiaus, nors vaikai yra pagrindiniai \u0161io skan\u0117sto gerb\u0117jai. Taip gali b\u016bti tod\u0117l, kad i\u0161 tikr\u0173j\u0173 turime labai ma\u017eai galimybi\u0173 valgyti tikr\u0105, skan\u0173 cukraus vat\u0105. Veltui jo ie\u0161kote m\u0117gstamoje konditerijos parduotuv\u0117se ar prekybos centruose. Cukraus vata yra prieinama tik tada, kai \u012f miest\u0105 atvyksta cirkas ar pramog\u0173 mug\u0117. O kas, jei gal\u0117tum\u0117te patys pasigaminti cukraus vatos, kai tik panor\u0117site? Pagalvojome apie tuos, kurie m\u0117gsta cukraus vat\u0105 ir dabar gal\u0117s pagaminti bet kok\u012f kiek\u012f su Cutton Candy Maker aparatu!<\/p>\n<h2>CUKRAUS VATOS PRIVALUMAI<\/h2>\n<ul>\n<li>Skan\u016bs saldainiai, pagaminti namuose.<\/li>\n<li>Dizainas tiesiai i\u0161 atrakcion\u0173 parko.<\/li>\n<li>450-500W, 220V, 50Hz.<\/li>\n<li>Naudojimui namuose.<\/li>\n<li>Lengva valyti.<\/li>\n<li>Komplekte cukraus matavimo taurel\u0117 ir 10 vnt. lazdeli\u0173.<\/li>\n<\/ul>\n<p>Cukraus vatos aparatas yra unikalus prietaisas, kuris leis jums patiems pasigaminti cukraus vatos! Tereikia \u012f j\u012f \u012fberti reikiam\u0105 kiek\u012f cukraus, kad po keli\u0173 minu\u010di\u0173 d\u017eiaugtum\u0117t\u0117s \u0161vie\u017eia cukraus vata. Cukraus vatos aparatas puikiai tiks j\u016bs\u0173 vaik\u0173 gimtadieniams, bet ir j\u016bs\u0173 vakar\u0117liams \u2013 nes jausmingi sve\u010diai prisimins ner\u016bpestingus vaikyst\u0117s metus su cukraus vata fone. Pats prietaisas yra paprastas naudoti ir labai lengvai valomas.<\/p>","protected":false},"featured_media":33145,"comment_status":"open","ping_status":"closed","template":"","meta":{"inline_featured_image":false},"product_cat":[336,338],"product_tag":[],"class_list":["post-33144","product","type-product","status-publish","has-post-thumbnail","hentry","product_brand-toys4boys","product_cat-technika","product_cat-virtuve"],"acf":[],"yoast_head":"<!-- This site is optimized with the Yoast SEO Premium plugin v21.8 (Yoast SEO v21.8) - https:\/\/yoast.com\/wordpress\/plugins\/seo\/ -->\n<title>Toys4Boys Cukraus Vatos Gaminimo Ma\u0161ina<\/title>\n<meta name=\"robots\" content=\"index, follow, max-snippet:-1, max-image-preview:large, max-video-preview:-1\" \/>\n<link rel=\"canonical\" href=\"https:\/\/allstarretro.com\/en\/parduotuve\/technique\/kitchen\/toys4boys-cukraus-vatos-gaminimo-masina\/\" \/>\n<meta property=\"og:locale\" content=\"en_US\" \/>\n<meta property=\"og:type\" content=\"article\" \/>\n<meta property=\"og:title\" content=\"Toys4Boys Cukraus Vatos Gaminimo Ma\u0161ina\" \/>\n<meta property=\"og:description\" content=\"APIE GAMINIMO MA\u0160IN\u0104 Toys4Boys Cukraus Vatos Gaminimo Ma\u0161ina. Turb\u016bt n\u0117ra \u017emogaus, kuris nem\u0117gt\u0173 cukraus vatos, nepaisant am\u017eiaus, nors vaikai yra pagrindiniai \u0161io skan\u0117sto gerb\u0117jai. Taip gali b\u016bti tod\u0117l, kad i\u0161 tikr\u0173j\u0173 turime labai ma\u017eai galimybi\u0173 valgyti tikr\u0105, skan\u0173 cukraus vat\u0105. Veltui jo ie\u0161kote m\u0117gstamoje konditerijos parduotuv\u0117se ar prekybos centruose. Cukraus vata yra prieinama tik tada, kai \u012f miest\u0105 atvyksta cirkas ar pramog\u0173 mug\u0117. O kas, jei gal\u0117tum\u0117te patys pasigaminti cukraus vatos, kai tik panor\u0117site? Pagalvojome apie tuos, kurie m\u0117gsta cukraus vat\u0105 ir dabar gal\u0117s pagaminti bet kok\u012f kiek\u012f su Cutton Candy Maker aparatu! CUKRAUS VATOS PRIVALUMAI   Skan\u016bs saldainiai, pagaminti namuose.  Dizainas tiesiai i\u0161 atrakcion\u0173 parko.  450-500W, 220V, 50Hz.  Naudojimui namuose.  Lengva valyti.  Komplekte cukraus matavimo taurel\u0117 ir 10 vnt. lazdeli\u0173.  Cukraus vatos aparatas yra unikalus prietaisas, kuris leis jums patiems pasigaminti cukraus vatos! Tereikia \u012f j\u012f \u012fberti reikiam\u0105 kiek\u012f cukraus, kad po keli\u0173 minu\u010di\u0173 d\u017eiaugtum\u0117t\u0117s \u0161vie\u017eia cukraus vata. Cukraus vatos aparatas puikiai tiks j\u016bs\u0173 vaik\u0173 gimtadieniams, bet ir j\u016bs\u0173 vakar\u0117liams \u2013 nes jausmingi sve\u010diai prisimins ner\u016bpestingus vaikyst\u0117s metus su cukraus vata fone. Pats prietaisas yra paprastas naudoti ir labai lengvai valomas.\" \/>\n<meta property=\"og:url\" content=\"https:\/\/allstarretro.com\/en\/parduotuve\/technique\/kitchen\/toys4boys-cukraus-vatos-gaminimo-masina\/\" \/>\n<meta property=\"og:site_name\" content=\"AllStarRetro\" \/>\n<meta property=\"article:publisher\" content=\"https:\/\/www.facebook.com\/allstarretroLTU\" \/>\n<meta property=\"article:modified_time\" content=\"2025-01-31T10:31:27+00:00\" \/>\n<meta property=\"og:image\" content=\"https:\/\/allstarretro.com\/wp-content\/uploads\/2025\/01\/Toys4Boys-Cukraus-Vatos-Gaminimo-Masina-allstarretro.com-2.webp\" \/>\n\t<meta property=\"og:image:width\" content=\"1080\" \/>\n\t<meta property=\"og:image:height\" content=\"1080\" \/>\n\t<meta property=\"og:image:type\" content=\"image\/webp\" \/>\n<meta name=\"twitter:card\" content=\"summary_large_image\" \/>\n<meta name=\"twitter:site\" content=\"@allstarretroLTU\" \/>\n<meta name=\"twitter:label1\" content=\"Price\" \/>\n\t<meta name=\"twitter:data1\" content=\"64.99&euro;\" \/>\n\t<meta name=\"twitter:label2\" content=\"Availability\" \/>\n\t<meta name=\"twitter:data2\" content=\"In stock\" \/>\n<script type=\"application\/ld+json\" class=\"yoast-schema-graph\">{\"@context\":\"https:\/\/schema.org\",\"@graph\":[{\"@type\":[\"WebPage\",\"ItemPage\"],\"@id\":\"https:\/\/allstarretro.com\/parduotuve\/technika\/virtuve\/toys4boys-cukraus-vatos-gaminimo-masina\/\",\"url\":\"https:\/\/allstarretro.com\/parduotuve\/technika\/virtuve\/toys4boys-cukraus-vatos-gaminimo-masina\/\",\"name\":\"Toys4Boys Cukraus Vatos Gaminimo Ma\u0161ina\",\"isPartOf\":{\"@id\":\"https:\/\/allstarretro.com\/#website\"},\"datePublished\":\"2023-11-04T08:13:53+00:00\",\"dateModified\":\"2025-01-31T10:31:27+00:00\",\"breadcrumb\":{\"@id\":\"https:\/\/allstarretro.com\/parduotuve\/technika\/virtuve\/toys4boys-cukraus-vatos-gaminimo-masina\/#breadcrumb\"},\"inLanguage\":\"en-US\",\"potentialAction\":[{\"@type\":\"ReadAction\",\"target\":[\"https:\/\/allstarretro.com\/parduotuve\/technika\/virtuve\/toys4boys-cukraus-vatos-gaminimo-masina\/\"]}]},{\"@type\":\"BreadcrumbList\",\"@id\":\"https:\/\/allstarretro.com\/parduotuve\/technika\/virtuve\/toys4boys-cukraus-vatos-gaminimo-masina\/#breadcrumb\",\"itemListElement\":[{\"@type\":\"ListItem\",\"position\":1,\"name\":\"Home\",\"item\":\"https:\/\/allstarretro.com\/\"},{\"@type\":\"ListItem\",\"position\":2,\"name\":\"Retro Stiliaus Nostalgijos Ir Vinta\u017eo Parduotuv\u0117\",\"item\":\"https:\/\/allstarretro.com\/parduotuve\/\"},{\"@type\":\"ListItem\",\"position\":3,\"name\":\"Toys4Boys Cukraus Vatos Gaminimo Ma\u0161ina\"}]},{\"@type\":\"WebSite\",\"@id\":\"https:\/\/allstarretro.com\/#website\",\"url\":\"https:\/\/allstarretro.com\/\",\"name\":\"AllStarRetro\",\"description\":\"Retro Laikotarpio Stiliaus Produktai | AllStarRetro\",\"publisher\":{\"@id\":\"https:\/\/allstarretro.com\/#organization\"},\"alternateName\":\"AllStarRetro\",\"potentialAction\":[{\"@type\":\"SearchAction\",\"target\":{\"@type\":\"EntryPoint\",\"urlTemplate\":\"https:\/\/allstarretro.com\/?s={search_term_string}\"},\"query-input\":\"required name=search_term_string\"}],\"inLanguage\":\"en-US\"},{\"@type\":[\"Organization\",\"Place\",\"Store\"],\"@id\":\"https:\/\/allstarretro.com\/#organization\",\"name\":\"AllStarRetro\",\"alternateName\":\"AllStarRetro\",\"url\":\"https:\/\/allstarretro.com\/\",\"logo\":{\"@id\":\"https:\/\/allstarretro.com\/parduotuve\/technika\/virtuve\/toys4boys-cukraus-vatos-gaminimo-masina\/#local-main-organization-logo\"},\"image\":{\"@id\":\"https:\/\/allstarretro.com\/parduotuve\/technika\/virtuve\/toys4boys-cukraus-vatos-gaminimo-masina\/#local-main-organization-logo\"},\"sameAs\":[\"https:\/\/www.facebook.com\/allstarretroLTU\",\"https:\/\/twitter.com\/allstarretroLTU\"],\"publishingPrinciples\":\"https:\/\/allstarretro.com\/\",\"ownershipFundingInfo\":\"https:\/\/allstarretro.com\/teises-ir-isipareigojimai\/\",\"actionableFeedbackPolicy\":\"https:\/\/allstarretro.com\/privatumo-politika\/\",\"correctionsPolicy\":\"https:\/\/allstarretro.com\/pristatymas-ir-taisykles\/\",\"ethicsPolicy\":\"https:\/\/allstarretro.com\/teises-ir-isipareigojimai\/\",\"diversityPolicy\":\"https:\/\/allstarretro.com\/privatumo-politika\/\",\"diversityStaffingReport\":\"https:\/\/allstarretro.com\/privatumo-politika\/\",\"address\":{\"@id\":\"https:\/\/allstarretro.com\/parduotuve\/technika\/virtuve\/toys4boys-cukraus-vatos-gaminimo-masina\/#local-main-place-address\"},\"geo\":{\"@type\":\"GeoCoordinates\",\"latitude\":\"54.8733071\",\"longitude\":\"23.9494226\"},\"telephone\":[\"+37068673611\"],\"openingHoursSpecification\":[{\"@type\":\"OpeningHoursSpecification\",\"dayOfWeek\":[\"Monday\",\"Tuesday\",\"Wednesday\",\"Thursday\",\"Friday\",\"Saturday\",\"Sunday\"],\"opens\":\"09:00\",\"closes\":\"17:00\"}],\"email\":\"info@allstarretro.com\",\"areaServed\":\"Lithuania\",\"vatID\":\"LT100013495416\",\"priceRange\":\"$$\",\"currenciesAccepted\":\"Euras\",\"paymentAccepted\":\"Visa, mastercard\"},{\"@type\":\"PostalAddress\",\"@id\":\"https:\/\/allstarretro.com\/parduotuve\/technika\/virtuve\/toys4boys-cukraus-vatos-gaminimo-masina\/#local-main-place-address\",\"streetAddress\":\"L.Ivinskio 18a\",\"addressLocality\":\"Kaunas\",\"postalCode\":\"45151\",\"addressRegion\":\"Kaunas\",\"addressCountry\":\"LT\"},{\"@type\":\"ImageObject\",\"inLanguage\":\"en-US\",\"@id\":\"https:\/\/allstarretro.com\/parduotuve\/technika\/virtuve\/toys4boys-cukraus-vatos-gaminimo-masina\/#local-main-organization-logo\",\"url\":\"https:\/\/allstarretro.com\/wp-content\/uploads\/2025\/01\/allstarretro-mini-logo.webp\",\"contentUrl\":\"https:\/\/allstarretro.com\/wp-content\/uploads\/2025\/01\/allstarretro-mini-logo.webp\",\"width\":130,\"height\":130,\"caption\":\"AllStarRetro\"}]}<\/script>\n<meta name=\"geo.placename\" content=\"Kaunas\" \/>\n<meta name=\"geo.position\" content=\"54.8733071;23.9494226\" \/>\n<meta name=\"geo.region\" content=\"Lithuania\" \/>\n<!-- \/ Yoast SEO Premium plugin. -->","yoast_head_json":{"title":"Toys4Boys Cotton Candy Maker","robots":{"index":"index","follow":"follow","max-snippet":"max-snippet:-1","max-image-preview":"max-image-preview:large","max-video-preview":"max-video-preview:-1"},"canonical":"https:\/\/allstarretro.com\/en\/parduotuve\/technique\/kitchen\/toys4boys-cukraus-vatos-gaminimo-masina\/","og_locale":"en_US","og_type":"article","og_title":"Toys4Boys Cukraus Vatos Gaminimo Ma\u0161ina","og_description":"APIE GAMINIMO MA\u0160IN\u0104 Toys4Boys Cukraus Vatos Gaminimo Ma\u0161ina. Turb\u016bt n\u0117ra \u017emogaus, kuris nem\u0117gt\u0173 cukraus vatos, nepaisant am\u017eiaus, nors vaikai yra pagrindiniai \u0161io skan\u0117sto gerb\u0117jai. Taip gali b\u016bti tod\u0117l, kad i\u0161 tikr\u0173j\u0173 turime labai ma\u017eai galimybi\u0173 valgyti tikr\u0105, skan\u0173 cukraus vat\u0105. Veltui jo ie\u0161kote m\u0117gstamoje konditerijos parduotuv\u0117se ar prekybos centruose. Cukraus vata yra prieinama tik tada, kai \u012f miest\u0105 atvyksta cirkas ar pramog\u0173 mug\u0117. O kas, jei gal\u0117tum\u0117te patys pasigaminti cukraus vatos, kai tik panor\u0117site? Pagalvojome apie tuos, kurie m\u0117gsta cukraus vat\u0105 ir dabar gal\u0117s pagaminti bet kok\u012f kiek\u012f su Cutton Candy Maker aparatu! CUKRAUS VATOS PRIVALUMAI   Skan\u016bs saldainiai, pagaminti namuose.  Dizainas tiesiai i\u0161 atrakcion\u0173 parko.  450-500W, 220V, 50Hz.  Naudojimui namuose.  Lengva valyti.  Komplekte cukraus matavimo taurel\u0117 ir 10 vnt. lazdeli\u0173.  Cukraus vatos aparatas yra unikalus prietaisas, kuris leis jums patiems pasigaminti cukraus vatos! Tereikia \u012f j\u012f \u012fberti reikiam\u0105 kiek\u012f cukraus, kad po keli\u0173 minu\u010di\u0173 d\u017eiaugtum\u0117t\u0117s \u0161vie\u017eia cukraus vata. Cukraus vatos aparatas puikiai tiks j\u016bs\u0173 vaik\u0173 gimtadieniams, bet ir j\u016bs\u0173 vakar\u0117liams \u2013 nes jausmingi sve\u010diai prisimins ner\u016bpestingus vaikyst\u0117s metus su cukraus vata fone. Pats prietaisas yra paprastas naudoti ir labai lengvai valomas.","og_url":"https:\/\/allstarretro.com\/en\/parduotuve\/technique\/kitchen\/toys4boys-cukraus-vatos-gaminimo-masina\/","og_site_name":"AllStarRetro","article_publisher":"https:\/\/www.facebook.com\/allstarretroLTU","article_modified_time":"2025-01-31T10:31:27+00:00","og_image":[{"width":1080,"height":1080,"url":"https:\/\/allstarretro.com\/wp-content\/uploads\/2025\/01\/Toys4Boys-Cukraus-Vatos-Gaminimo-Masina-allstarretro.com-2.webp","type":"image\/webp"}],"twitter_card":"summary_large_image","twitter_site":"@allstarretroLTU","twitter_misc":{"Price":"64.99&euro;","Availability":"In stock"},"schema":{"@context":"https:\/\/schema.org","@graph":[{"@type":["WebPage","ItemPage"],"@id":"https:\/\/allstarretro.com\/parduotuve\/technika\/virtuve\/toys4boys-cukraus-vatos-gaminimo-masina\/","url":"https:\/\/allstarretro.com\/parduotuve\/technika\/virtuve\/toys4boys-cukraus-vatos-gaminimo-masina\/","name":"Toys4Boys Cotton Candy Maker","isPartOf":{"@id":"https:\/\/allstarretro.com\/#website"},"datePublished":"2023-11-04T08:13:53+00:00","dateModified":"2025-01-31T10:31:27+00:00","breadcrumb":{"@id":"https:\/\/allstarretro.com\/parduotuve\/technika\/virtuve\/toys4boys-cukraus-vatos-gaminimo-masina\/#breadcrumb"},"inLanguage":"en-US","potentialAction":[{"@type":"ReadAction","target":["https:\/\/allstarretro.com\/parduotuve\/technika\/virtuve\/toys4boys-cukraus-vatos-gaminimo-masina\/"]}]},{"@type":"BreadcrumbList","@id":"https:\/\/allstarretro.com\/parduotuve\/technika\/virtuve\/toys4boys-cukraus-vatos-gaminimo-masina\/#breadcrumb","itemListElement":[{"@type":"ListItem","position":1,"name":"Home","item":"https:\/\/allstarretro.com\/"},{"@type":"ListItem","position":2,"name":"Retro Stiliaus Nostalgijos Ir Vinta\u017eo Parduotuv\u0117","item":"https:\/\/allstarretro.com\/parduotuve\/"},{"@type":"ListItem","position":3,"name":"Toys4Boys Cukraus Vatos Gaminimo Ma\u0161ina"}]},{"@type":"WebSite","@id":"https:\/\/allstarretro.com\/#website","url":"https:\/\/allstarretro.com\/","name":"AllStarRetro","description":"Retro Era Style Products | AllStarRetro","publisher":{"@id":"https:\/\/allstarretro.com\/#organization"},"alternateName":"AllStarRetro","potentialAction":[{"@type":"SearchAction","target":{"@type":"EntryPoint","urlTemplate":"https:\/\/allstarretro.com\/?s={search_term_string}"},"query-input":"required name=search_term_string"}],"inLanguage":"en-US"},{"@type":["Organization","Place","Store"],"@id":"https:\/\/allstarretro.com\/#organization","name":"AllStarRetro","alternateName":"AllStarRetro","url":"https:\/\/allstarretro.com\/","logo":{"@id":"https:\/\/allstarretro.com\/parduotuve\/technika\/virtuve\/toys4boys-cukraus-vatos-gaminimo-masina\/#local-main-organization-logo"},"image":{"@id":"https:\/\/allstarretro.com\/parduotuve\/technika\/virtuve\/toys4boys-cukraus-vatos-gaminimo-masina\/#local-main-organization-logo"},"sameAs":["https:\/\/www.facebook.com\/allstarretroLTU","https:\/\/twitter.com\/allstarretroLTU"],"publishingPrinciples":"https:\/\/allstarretro.com\/","ownershipFundingInfo":"https:\/\/allstarretro.com\/teises-ir-isipareigojimai\/","actionableFeedbackPolicy":"https:\/\/allstarretro.com\/privatumo-politika\/","correctionsPolicy":"https:\/\/allstarretro.com\/pristatymas-ir-taisykles\/","ethicsPolicy":"https:\/\/allstarretro.com\/teises-ir-isipareigojimai\/","diversityPolicy":"https:\/\/allstarretro.com\/privatumo-politika\/","diversityStaffingReport":"https:\/\/allstarretro.com\/privatumo-politika\/","address":{"@id":"https:\/\/allstarretro.com\/parduotuve\/technika\/virtuve\/toys4boys-cukraus-vatos-gaminimo-masina\/#local-main-place-address"},"geo":{"@type":"GeoCoordinates","latitude":"54.8733071","longitude":"23.9494226"},"telephone":["+37068673611"],"openingHoursSpecification":[{"@type":"OpeningHoursSpecification","dayOfWeek":["Monday","Tuesday","Wednesday","Thursday","Friday","Saturday","Sunday"],"opens":"09:00","closes":"17:00"}],"email":"info@allstarretro.com","areaServed":"Lithuania","vatID":"LT100013495416","priceRange":"$$","currenciesAccepted":"Euras","paymentAccepted":"Visa, mastercard"},{"@type":"PostalAddress","@id":"https:\/\/allstarretro.com\/parduotuve\/technika\/virtuve\/toys4boys-cukraus-vatos-gaminimo-masina\/#local-main-place-address","streetAddress":"L.Ivinskio 18a","addressLocality":"Kaunas","postalCode":"45151","addressRegion":"Kaunas","addressCountry":"LT"},{"@type":"ImageObject","inLanguage":"en-US","@id":"https:\/\/allstarretro.com\/parduotuve\/technika\/virtuve\/toys4boys-cukraus-vatos-gaminimo-masina\/#local-main-organization-logo","url":"https:\/\/allstarretro.com\/wp-content\/uploads\/2025\/01\/allstarretro-mini-logo.webp","contentUrl":"https:\/\/allstarretro.com\/wp-content\/uploads\/2025\/01\/allstarretro-mini-logo.webp","width":130,"height":130,"caption":"AllStarRetro"}]},"geo.placename":"Kaunas","geo.position":{"lat":"54.8733071","long":"23.9494226"},"geo.region":"Lithuania"},"_links":{"self":[{"href":"https:\/\/allstarretro.com\/en\/wp-json\/wp\/v2\/product\/33144"}],"collection":[{"href":"https:\/\/allstarretro.com\/en\/wp-json\/wp\/v2\/product"}],"about":[{"href":"https:\/\/allstarretro.com\/en\/wp-json\/wp\/v2\/types\/product"}],"replies":[{"embeddable":true,"href":"https:\/\/allstarretro.com\/en\/wp-json\/wp\/v2\/comments?post=33144"}],"wp:featuredmedia":[{"embeddable":true,"href":"https:\/\/allstarretro.com\/en\/wp-json\/wp\/v2\/media\/33145"}],"wp:attachment":[{"href":"https:\/\/allstarretro.com\/en\/wp-json\/wp\/v2\/media?parent=33144"}],"wp:term":[{"taxonomy":"product_cat","embeddable":true,"href":"https:\/\/allstarretro.com\/en\/wp-json\/wp\/v2\/product_cat?post=33144"},{"taxonomy":"product_tag","embeddable":true,"href":"https:\/\/allstarretro.com\/en\/wp-json\/wp\/v2\/product_tag?post=33144"}],"curies":[{"name":"wp","href":"https:\/\/api.w.org\/{rel}","templated":true}]}}