{"id":33151,"date":"2023-11-05T07:58:49","date_gmt":"2023-11-05T07:58:49","guid":{"rendered":"https:\/\/allstarretro.com\/?post_type=product&#038;p=33151"},"modified":"2025-01-31T10:31:27","modified_gmt":"2025-01-31T10:31:27","slug":"vintage-screw-opener","status":"publish","type":"product","link":"https:\/\/allstarretro.com\/en\/parduotuve\/technika\/virtuve\/ariete-vintage-skrudintuve\/","title":{"rendered":"Ariete Vintage Whisk"},"content":{"rendered":"","protected":false},"excerpt":{"rendered":"<h2>ABOUT THE TOASTER<\/h2>\n<p>Ariete Vintage Toaster. 6 Toasting LEVELS: you can choose the toasting level that suits you best simply by setting the knob. In just a few seconds, your bread slices will toast to a crispy brown. With its simple design, subtle colors, and elegant finish, the Ariete Vintage Toaster can add a retro touch to your kitchen.<\/p>\n<h2>Aries strengths<\/h2>\n<ul>\n<li>4 slices at a time: The vintage electric toaster has 4 bread slots with individual controls so slices can be toasted separately on 6 browning levels.<\/li>\n<li>Crumb tray: a removable crumb tray ensures easy cleaning, and a built-in cord storage allows you to save space with the toaster.<\/li>\n<li>Automatic Ejection: As soon as the set toasting level is reached, the slice of bread is automatically ejected from the toaster and is ready for preparing your favorite toast.<\/li>\n<\/ul>","protected":false},"featured_media":33152,"comment_status":"open","ping_status":"closed","template":"","meta":{"inline_featured_image":false},"product_cat":[336,338],"product_tag":[],"class_list":["post-33151","product","type-product","status-publish","has-post-thumbnail","hentry","product_brand-ariete","product_cat-technika","product_cat-virtuve"],"acf":[],"yoast_head":"<!-- This site is optimized with the Yoast SEO Premium plugin v21.8 (Yoast SEO v21.8) - https:\/\/yoast.com\/wordpress\/plugins\/seo\/ -->\n<title>Ariete Vintage Skrudintuv\u0117<\/title>\n<meta name=\"robots\" content=\"index, follow, max-snippet:-1, max-image-preview:large, max-video-preview:-1\" \/>\n<link rel=\"canonical\" href=\"https:\/\/allstarretro.com\/en\/parduotuve\/technique\/kitchen\/vintage-screw-opener\/\" \/>\n<meta property=\"og:locale\" content=\"en_US\" \/>\n<meta property=\"og:type\" content=\"article\" \/>\n<meta property=\"og:title\" content=\"Ariete Vintage Skrudintuv\u0117\" \/>\n<meta property=\"og:description\" content=\"APIE SKRUDINTUV\u0118 Ariete Vintage Skrudintuv\u0117. 6 Skrudinimo LYGMENYS: galite pasirinkti sau tinkant\u012f skrudinimo lyg\u012f tiesiog nustatydami ranken\u0117l\u0119. Vos per kelias sekundes j\u016bs\u0173 duonos riekel\u0117s tra\u0161kiai apskrus ir apskrus. Naudodami Ariete Vintage Toaster, kurio paprastas dizainas, subtilios spalvos ir eleganti\u0161ka apdaila, galite \u012fne\u0161ti \u012f savo virtuv\u0119 retro stiliaus. ARIETE PRIVALUMAI   4 riekel\u0117s vienu metu: Vintage elektrinis skrudintuvas turi 4 duonos angas su atskirais valdikliais, kad duonos riekeles b\u016bt\u0173 galima skrudinti atskirai 6 skrudinimo lygiais.  Trupini\u0173 skyrius: nuimamas trupini\u0173 pad\u0117klas u\u017etikrina lengv\u0105 valym\u0105, o \u012fleid\u017eiamas kabeli\u0173 skyrius leid\u017eia taupyti viet\u0105 skrudintuvui.  Automatinis i\u0161st\u016bmimas: kai tik pasiekiamas nustatytas skrudinimo lygis, duonos riekel\u0117 automati\u0161kai i\u0161stumiama i\u0161 skrudintuvo ir yra paruo\u0161ta j\u016bs\u0173 m\u0117gstamam skrebu\u010diui ruo\u0161ti.\" \/>\n<meta property=\"og:url\" content=\"https:\/\/allstarretro.com\/en\/parduotuve\/technique\/kitchen\/vintage-screw-opener\/\" \/>\n<meta property=\"og:site_name\" content=\"AllStarRetro\" \/>\n<meta property=\"article:publisher\" content=\"https:\/\/www.facebook.com\/allstarretroLTU\" \/>\n<meta property=\"article:modified_time\" content=\"2025-01-31T10:31:27+00:00\" \/>\n<meta property=\"og:image\" content=\"https:\/\/allstarretro.com\/wp-content\/uploads\/2025\/01\/Ariete-Vintage-skrudintuve-allstarretro.com_.webp\" \/>\n\t<meta property=\"og:image:width\" content=\"1080\" \/>\n\t<meta property=\"og:image:height\" content=\"1080\" \/>\n\t<meta property=\"og:image:type\" content=\"image\/webp\" \/>\n<meta name=\"twitter:card\" content=\"summary_large_image\" \/>\n<meta name=\"twitter:site\" content=\"@allstarretroLTU\" \/>\n<meta name=\"twitter:label1\" content=\"Price\" \/>\n\t<meta name=\"twitter:data1\" content=\"99.99&euro;\" \/>\n\t<meta name=\"twitter:label2\" content=\"Availability\" \/>\n\t<meta name=\"twitter:data2\" content=\"In stock\" \/>\n<script type=\"application\/ld+json\" class=\"yoast-schema-graph\">{\"@context\":\"https:\/\/schema.org\",\"@graph\":[{\"@type\":[\"WebPage\",\"ItemPage\"],\"@id\":\"https:\/\/allstarretro.com\/parduotuve\/technika\/virtuve\/ariete-vintage-skrudintuve\/\",\"url\":\"https:\/\/allstarretro.com\/parduotuve\/technika\/virtuve\/ariete-vintage-skrudintuve\/\",\"name\":\"Ariete Vintage Skrudintuv\u0117\",\"isPartOf\":{\"@id\":\"https:\/\/allstarretro.com\/#website\"},\"datePublished\":\"2023-11-05T07:58:49+00:00\",\"dateModified\":\"2025-01-31T10:31:27+00:00\",\"breadcrumb\":{\"@id\":\"https:\/\/allstarretro.com\/parduotuve\/technika\/virtuve\/ariete-vintage-skrudintuve\/#breadcrumb\"},\"inLanguage\":\"en-US\",\"potentialAction\":[{\"@type\":\"ReadAction\",\"target\":[\"https:\/\/allstarretro.com\/parduotuve\/technika\/virtuve\/ariete-vintage-skrudintuve\/\"]}]},{\"@type\":\"BreadcrumbList\",\"@id\":\"https:\/\/allstarretro.com\/parduotuve\/technika\/virtuve\/ariete-vintage-skrudintuve\/#breadcrumb\",\"itemListElement\":[{\"@type\":\"ListItem\",\"position\":1,\"name\":\"Home\",\"item\":\"https:\/\/allstarretro.com\/\"},{\"@type\":\"ListItem\",\"position\":2,\"name\":\"Retro Stiliaus Nostalgijos Ir Vinta\u017eo Parduotuv\u0117\",\"item\":\"https:\/\/allstarretro.com\/parduotuve\/\"},{\"@type\":\"ListItem\",\"position\":3,\"name\":\"Ariete Vintage Skrudintuv\u0117\"}]},{\"@type\":\"WebSite\",\"@id\":\"https:\/\/allstarretro.com\/#website\",\"url\":\"https:\/\/allstarretro.com\/\",\"name\":\"AllStarRetro\",\"description\":\"Retro Laikotarpio Stiliaus Produktai | AllStarRetro\",\"publisher\":{\"@id\":\"https:\/\/allstarretro.com\/#organization\"},\"alternateName\":\"AllStarRetro\",\"potentialAction\":[{\"@type\":\"SearchAction\",\"target\":{\"@type\":\"EntryPoint\",\"urlTemplate\":\"https:\/\/allstarretro.com\/?s={search_term_string}\"},\"query-input\":\"required name=search_term_string\"}],\"inLanguage\":\"en-US\"},{\"@type\":[\"Organization\",\"Place\",\"Store\"],\"@id\":\"https:\/\/allstarretro.com\/#organization\",\"name\":\"AllStarRetro\",\"alternateName\":\"AllStarRetro\",\"url\":\"https:\/\/allstarretro.com\/\",\"logo\":{\"@id\":\"https:\/\/allstarretro.com\/parduotuve\/technika\/virtuve\/ariete-vintage-skrudintuve\/#local-main-organization-logo\"},\"image\":{\"@id\":\"https:\/\/allstarretro.com\/parduotuve\/technika\/virtuve\/ariete-vintage-skrudintuve\/#local-main-organization-logo\"},\"sameAs\":[\"https:\/\/www.facebook.com\/allstarretroLTU\",\"https:\/\/twitter.com\/allstarretroLTU\"],\"publishingPrinciples\":\"https:\/\/allstarretro.com\/\",\"ownershipFundingInfo\":\"https:\/\/allstarretro.com\/teises-ir-isipareigojimai\/\",\"actionableFeedbackPolicy\":\"https:\/\/allstarretro.com\/privatumo-politika\/\",\"correctionsPolicy\":\"https:\/\/allstarretro.com\/pristatymas-ir-taisykles\/\",\"ethicsPolicy\":\"https:\/\/allstarretro.com\/teises-ir-isipareigojimai\/\",\"diversityPolicy\":\"https:\/\/allstarretro.com\/privatumo-politika\/\",\"diversityStaffingReport\":\"https:\/\/allstarretro.com\/privatumo-politika\/\",\"address\":{\"@id\":\"https:\/\/allstarretro.com\/parduotuve\/technika\/virtuve\/ariete-vintage-skrudintuve\/#local-main-place-address\"},\"geo\":{\"@type\":\"GeoCoordinates\",\"latitude\":\"54.8733071\",\"longitude\":\"23.9494226\"},\"telephone\":[\"+37068673611\"],\"openingHoursSpecification\":[{\"@type\":\"OpeningHoursSpecification\",\"dayOfWeek\":[\"Monday\",\"Tuesday\",\"Wednesday\",\"Thursday\",\"Friday\",\"Saturday\",\"Sunday\"],\"opens\":\"09:00\",\"closes\":\"17:00\"}],\"email\":\"info@allstarretro.com\",\"areaServed\":\"Lithuania\",\"vatID\":\"LT100013495416\",\"priceRange\":\"$$\",\"currenciesAccepted\":\"Euras\",\"paymentAccepted\":\"Visa, mastercard\"},{\"@type\":\"PostalAddress\",\"@id\":\"https:\/\/allstarretro.com\/parduotuve\/technika\/virtuve\/ariete-vintage-skrudintuve\/#local-main-place-address\",\"streetAddress\":\"L.Ivinskio 18a\",\"addressLocality\":\"Kaunas\",\"postalCode\":\"45151\",\"addressRegion\":\"Kaunas\",\"addressCountry\":\"LT\"},{\"@type\":\"ImageObject\",\"inLanguage\":\"en-US\",\"@id\":\"https:\/\/allstarretro.com\/parduotuve\/technika\/virtuve\/ariete-vintage-skrudintuve\/#local-main-organization-logo\",\"url\":\"https:\/\/allstarretro.com\/wp-content\/uploads\/2025\/01\/allstarretro-mini-logo.webp\",\"contentUrl\":\"https:\/\/allstarretro.com\/wp-content\/uploads\/2025\/01\/allstarretro-mini-logo.webp\",\"width\":130,\"height\":130,\"caption\":\"AllStarRetro\"}]}<\/script>\n<meta name=\"geo.placename\" content=\"Kaunas\" \/>\n<meta name=\"geo.position\" content=\"54.8733071;23.9494226\" \/>\n<meta name=\"geo.region\" content=\"Lithuania\" \/>\n<!-- \/ Yoast SEO Premium plugin. -->","yoast_head_json":{"title":"Ariete Vintage Whisk","robots":{"index":"index","follow":"follow","max-snippet":"max-snippet:-1","max-image-preview":"max-image-preview:large","max-video-preview":"max-video-preview:-1"},"canonical":"https:\/\/allstarretro.com\/en\/parduotuve\/technique\/kitchen\/vintage-screw-opener\/","og_locale":"en_US","og_type":"article","og_title":"Ariete Vintage Skrudintuv\u0117","og_description":"APIE SKRUDINTUV\u0118 Ariete Vintage Skrudintuv\u0117. 6 Skrudinimo LYGMENYS: galite pasirinkti sau tinkant\u012f skrudinimo lyg\u012f tiesiog nustatydami ranken\u0117l\u0119. Vos per kelias sekundes j\u016bs\u0173 duonos riekel\u0117s tra\u0161kiai apskrus ir apskrus. Naudodami Ariete Vintage Toaster, kurio paprastas dizainas, subtilios spalvos ir eleganti\u0161ka apdaila, galite \u012fne\u0161ti \u012f savo virtuv\u0119 retro stiliaus. ARIETE PRIVALUMAI   4 riekel\u0117s vienu metu: Vintage elektrinis skrudintuvas turi 4 duonos angas su atskirais valdikliais, kad duonos riekeles b\u016bt\u0173 galima skrudinti atskirai 6 skrudinimo lygiais.  Trupini\u0173 skyrius: nuimamas trupini\u0173 pad\u0117klas u\u017etikrina lengv\u0105 valym\u0105, o \u012fleid\u017eiamas kabeli\u0173 skyrius leid\u017eia taupyti viet\u0105 skrudintuvui.  Automatinis i\u0161st\u016bmimas: kai tik pasiekiamas nustatytas skrudinimo lygis, duonos riekel\u0117 automati\u0161kai i\u0161stumiama i\u0161 skrudintuvo ir yra paruo\u0161ta j\u016bs\u0173 m\u0117gstamam skrebu\u010diui ruo\u0161ti.","og_url":"https:\/\/allstarretro.com\/en\/parduotuve\/technique\/kitchen\/vintage-screw-opener\/","og_site_name":"AllStarRetro","article_publisher":"https:\/\/www.facebook.com\/allstarretroLTU","article_modified_time":"2025-01-31T10:31:27+00:00","og_image":[{"width":1080,"height":1080,"url":"https:\/\/allstarretro.com\/wp-content\/uploads\/2025\/01\/Ariete-Vintage-skrudintuve-allstarretro.com_.webp","type":"image\/webp"}],"twitter_card":"summary_large_image","twitter_site":"@allstarretroLTU","twitter_misc":{"Price":"99.99&euro;","Availability":"In stock"},"schema":{"@context":"https:\/\/schema.org","@graph":[{"@type":["WebPage","ItemPage"],"@id":"https:\/\/allstarretro.com\/parduotuve\/technika\/virtuve\/ariete-vintage-skrudintuve\/","url":"https:\/\/allstarretro.com\/parduotuve\/technika\/virtuve\/ariete-vintage-skrudintuve\/","name":"Ariete Vintage Whisk","isPartOf":{"@id":"https:\/\/allstarretro.com\/#website"},"datePublished":"2023-11-05T07:58:49+00:00","dateModified":"2025-01-31T10:31:27+00:00","breadcrumb":{"@id":"https:\/\/allstarretro.com\/parduotuve\/technika\/virtuve\/ariete-vintage-skrudintuve\/#breadcrumb"},"inLanguage":"en-US","potentialAction":[{"@type":"ReadAction","target":["https:\/\/allstarretro.com\/parduotuve\/technika\/virtuve\/ariete-vintage-skrudintuve\/"]}]},{"@type":"BreadcrumbList","@id":"https:\/\/allstarretro.com\/parduotuve\/technika\/virtuve\/ariete-vintage-skrudintuve\/#breadcrumb","itemListElement":[{"@type":"ListItem","position":1,"name":"Home","item":"https:\/\/allstarretro.com\/"},{"@type":"ListItem","position":2,"name":"Retro Stiliaus Nostalgijos Ir Vinta\u017eo Parduotuv\u0117","item":"https:\/\/allstarretro.com\/parduotuve\/"},{"@type":"ListItem","position":3,"name":"Ariete Vintage Skrudintuv\u0117"}]},{"@type":"WebSite","@id":"https:\/\/allstarretro.com\/#website","url":"https:\/\/allstarretro.com\/","name":"AllStarRetro","description":"Retro Era Style Products | AllStarRetro","publisher":{"@id":"https:\/\/allstarretro.com\/#organization"},"alternateName":"AllStarRetro","potentialAction":[{"@type":"SearchAction","target":{"@type":"EntryPoint","urlTemplate":"https:\/\/allstarretro.com\/?s={search_term_string}"},"query-input":"required name=search_term_string"}],"inLanguage":"en-US"},{"@type":["Organization","Place","Store"],"@id":"https:\/\/allstarretro.com\/#organization","name":"AllStarRetro","alternateName":"AllStarRetro","url":"https:\/\/allstarretro.com\/","logo":{"@id":"https:\/\/allstarretro.com\/parduotuve\/technika\/virtuve\/ariete-vintage-skrudintuve\/#local-main-organization-logo"},"image":{"@id":"https:\/\/allstarretro.com\/parduotuve\/technika\/virtuve\/ariete-vintage-skrudintuve\/#local-main-organization-logo"},"sameAs":["https:\/\/www.facebook.com\/allstarretroLTU","https:\/\/twitter.com\/allstarretroLTU"],"publishingPrinciples":"https:\/\/allstarretro.com\/","ownershipFundingInfo":"https:\/\/allstarretro.com\/teises-ir-isipareigojimai\/","actionableFeedbackPolicy":"https:\/\/allstarretro.com\/privatumo-politika\/","correctionsPolicy":"https:\/\/allstarretro.com\/pristatymas-ir-taisykles\/","ethicsPolicy":"https:\/\/allstarretro.com\/teises-ir-isipareigojimai\/","diversityPolicy":"https:\/\/allstarretro.com\/privatumo-politika\/","diversityStaffingReport":"https:\/\/allstarretro.com\/privatumo-politika\/","address":{"@id":"https:\/\/allstarretro.com\/parduotuve\/technika\/virtuve\/ariete-vintage-skrudintuve\/#local-main-place-address"},"geo":{"@type":"GeoCoordinates","latitude":"54.8733071","longitude":"23.9494226"},"telephone":["+37068673611"],"openingHoursSpecification":[{"@type":"OpeningHoursSpecification","dayOfWeek":["Monday","Tuesday","Wednesday","Thursday","Friday","Saturday","Sunday"],"opens":"09:00","closes":"17:00"}],"email":"info@allstarretro.com","areaServed":"Lithuania","vatID":"LT100013495416","priceRange":"$$","currenciesAccepted":"Euras","paymentAccepted":"Visa, mastercard"},{"@type":"PostalAddress","@id":"https:\/\/allstarretro.com\/parduotuve\/technika\/virtuve\/ariete-vintage-skrudintuve\/#local-main-place-address","streetAddress":"L.Ivinskio 18a","addressLocality":"Kaunas","postalCode":"45151","addressRegion":"Kaunas","addressCountry":"LT"},{"@type":"ImageObject","inLanguage":"en-US","@id":"https:\/\/allstarretro.com\/parduotuve\/technika\/virtuve\/ariete-vintage-skrudintuve\/#local-main-organization-logo","url":"https:\/\/allstarretro.com\/wp-content\/uploads\/2025\/01\/allstarretro-mini-logo.webp","contentUrl":"https:\/\/allstarretro.com\/wp-content\/uploads\/2025\/01\/allstarretro-mini-logo.webp","width":130,"height":130,"caption":"AllStarRetro"}]},"geo.placename":"Kaunas","geo.position":{"lat":"54.8733071","long":"23.9494226"},"geo.region":"Lithuania"},"_links":{"self":[{"href":"https:\/\/allstarretro.com\/en\/wp-json\/wp\/v2\/product\/33151"}],"collection":[{"href":"https:\/\/allstarretro.com\/en\/wp-json\/wp\/v2\/product"}],"about":[{"href":"https:\/\/allstarretro.com\/en\/wp-json\/wp\/v2\/types\/product"}],"replies":[{"embeddable":true,"href":"https:\/\/allstarretro.com\/en\/wp-json\/wp\/v2\/comments?post=33151"}],"wp:featuredmedia":[{"embeddable":true,"href":"https:\/\/allstarretro.com\/en\/wp-json\/wp\/v2\/media\/33152"}],"wp:attachment":[{"href":"https:\/\/allstarretro.com\/en\/wp-json\/wp\/v2\/media?parent=33151"}],"wp:term":[{"taxonomy":"product_cat","embeddable":true,"href":"https:\/\/allstarretro.com\/en\/wp-json\/wp\/v2\/product_cat?post=33151"},{"taxonomy":"product_tag","embeddable":true,"href":"https:\/\/allstarretro.com\/en\/wp-json\/wp\/v2\/product_tag?post=33151"}],"curies":[{"name":"wp","href":"https:\/\/api.w.org\/{rel}","templated":true}]}}